{"id":5364,"date":"2025-07-31T10:00:56","date_gmt":"2025-07-31T10:00:56","guid":{"rendered":"https:\/\/www.usborkeychain.com\/?post_type=product&#038;p=5364"},"modified":"2025-07-31T12:05:05","modified_gmt":"2025-07-31T12:05:05","slug":"6-in-1-laser-touch-pen-usb-drive","status":"publish","type":"product","link":"https:\/\/www.usborkeychain.com\/it\/prodotto\/6-in-1-laser-touch-pen-usb-drive\/","title":{"rendered":"Unit\u00e0 USB con penna laser touch 6 in 1"},"content":{"rendered":"<div class=\"wp-block-columns is-layout-flex wp-container-core-columns-is-layout-28f84493 wp-block-columns-is-layout-flex\">\n<div class=\"wp-block-column is-vertically-aligned-center is-layout-flow wp-block-column-is-layout-flow\">\n<h2 class=\"wp-block-heading\">Che cos'\u00e8 l'unit\u00e0 USB con penna laser touch 6 in 1?<\/h2>\n\n\n\n<p>L'unit\u00e0 USB con penna laser touch 6 in 1 \u00e8 uno strumento d'ufficio all'avanguardia che integra&nbsp;<strong>Memorizzazione USB, compatibilit\u00e0 con il touch screen, puntatore laser, penna a sfera, rilevamento delle contraffazioni UV e presentatore PPT<\/strong>&nbsp;in un unico design ergonomico. Consolidando le funzioni di archiviazione dati, funzionamento interattivo, registrazione e presentazione, questa penna ridefinisce la portabilit\u00e0 e la produttivit\u00e0 per le riunioni di lavoro, l'istruzione, il lavoro quotidiano e i regali di qualit\u00e0.<\/p>\n<\/div>\n\n\n\n<div class=\"wp-block-column is-layout-flow wp-block-column-is-layout-flow\">\n<figure class=\"wp-block-image size-full\"><img alt=\"\" fetchpriority=\"high\" decoding=\"async\" width=\"800\" height=\"800\" src=\"https:\/\/www.usborkeychain.com\/wp-content\/uploads\/6-in-1-Multifunctional-Metal-Stylus-Laser-Capacitor-Pen.jpg\" class=\"wp-image-5381\" srcset=\"https:\/\/www.usborkeychain.com\/wp-content\/uploads\/6-in-1-Multifunctional-Metal-Stylus-Laser-Capacitor-Pen.jpg 800w, https:\/\/www.usborkeychain.com\/wp-content\/uploads\/6-in-1-Multifunctional-Metal-Stylus-Laser-Capacitor-Pen-300x300.jpg 300w, https:\/\/www.usborkeychain.com\/wp-content\/uploads\/6-in-1-Multifunctional-Metal-Stylus-Laser-Capacitor-Pen-150x150.jpg 150w, https:\/\/www.usborkeychain.com\/wp-content\/uploads\/6-in-1-Multifunctional-Metal-Stylus-Laser-Capacitor-Pen-768x768.jpg 768w, https:\/\/www.usborkeychain.com\/wp-content\/uploads\/6-in-1-Multifunctional-Metal-Stylus-Laser-Capacitor-Pen-12x12.jpg 12w, https:\/\/www.usborkeychain.com\/wp-content\/uploads\/6-in-1-Multifunctional-Metal-Stylus-Laser-Capacitor-Pen-600x600.jpg 600w, https:\/\/www.usborkeychain.com\/wp-content\/uploads\/6-in-1-Multifunctional-Metal-Stylus-Laser-Capacitor-Pen-100x100.jpg 100w\" sizes=\"(max-width: 800px) 100vw, 800px\" \/><\/figure>\n<\/div>\n<\/div>\n\n\n\n<h2 class=\"wp-block-heading\">Ripartizione del prodotto<\/h2>\n\n\n\n<div class=\"wp-block-columns is-layout-flex wp-container-core-columns-is-layout-28f84493 wp-block-columns-is-layout-flex\">\n<div class=\"wp-block-column is-layout-flow wp-block-column-is-layout-flow\">\n<figure class=\"wp-block-image size-full\"><img alt=\"\" decoding=\"async\" width=\"800\" height=\"800\" src=\"https:\/\/www.usborkeychain.com\/wp-content\/uploads\/6-in-1-otg-pendrive-with-stylus-pen.jpg\" class=\"wp-image-5382\" srcset=\"https:\/\/www.usborkeychain.com\/wp-content\/uploads\/6-in-1-otg-pendrive-with-stylus-pen.jpg 800w, https:\/\/www.usborkeychain.com\/wp-content\/uploads\/6-in-1-otg-pendrive-with-stylus-pen-300x300.jpg 300w, https:\/\/www.usborkeychain.com\/wp-content\/uploads\/6-in-1-otg-pendrive-with-stylus-pen-150x150.jpg 150w, https:\/\/www.usborkeychain.com\/wp-content\/uploads\/6-in-1-otg-pendrive-with-stylus-pen-768x768.jpg 768w, https:\/\/www.usborkeychain.com\/wp-content\/uploads\/6-in-1-otg-pendrive-with-stylus-pen-12x12.jpg 12w, https:\/\/www.usborkeychain.com\/wp-content\/uploads\/6-in-1-otg-pendrive-with-stylus-pen-600x600.jpg 600w, https:\/\/www.usborkeychain.com\/wp-content\/uploads\/6-in-1-otg-pendrive-with-stylus-pen-100x100.jpg 100w\" sizes=\"(max-width: 800px) 100vw, 800px\" \/><\/figure>\n\n\n\n<figure class=\"wp-block-image size-full\"><img alt=\"\" decoding=\"async\" width=\"800\" height=\"800\" src=\"https:\/\/www.usborkeychain.com\/wp-content\/uploads\/6-in-1-laser-touch-pen-USB-drive.jpg\" class=\"wp-image-5383\" srcset=\"https:\/\/www.usborkeychain.com\/wp-content\/uploads\/6-in-1-laser-touch-pen-USB-drive.jpg 800w, https:\/\/www.usborkeychain.com\/wp-content\/uploads\/6-in-1-laser-touch-pen-USB-drive-300x300.jpg 300w, https:\/\/www.usborkeychain.com\/wp-content\/uploads\/6-in-1-laser-touch-pen-USB-drive-150x150.jpg 150w, https:\/\/www.usborkeychain.com\/wp-content\/uploads\/6-in-1-laser-touch-pen-USB-drive-768x768.jpg 768w, https:\/\/www.usborkeychain.com\/wp-content\/uploads\/6-in-1-laser-touch-pen-USB-drive-12x12.jpg 12w, https:\/\/www.usborkeychain.com\/wp-content\/uploads\/6-in-1-laser-touch-pen-USB-drive-600x600.jpg 600w, https:\/\/www.usborkeychain.com\/wp-content\/uploads\/6-in-1-laser-touch-pen-USB-drive-100x100.jpg 100w\" sizes=\"(max-width: 800px) 100vw, 800px\" \/><\/figure>\n<\/div>\n\n\n\n<div class=\"wp-block-column is-layout-flow wp-block-column-is-layout-flow\">\n<h3 class=\"wp-block-heading\">1. Memorizzazione USB<\/h3>\n\n\n\n<ul class=\"wp-block-list\">\n<li><strong>Chip flash ad alta velocit\u00e0<\/strong>Capacit\u00e0 da 8 GB a 128 GB (USB 3.0, compatibile con la versione 2.0) per un trasferimento rapido dei file (documenti, immagini, video).<\/li>\n\n\n\n<li><strong>Design integrato<\/strong>: Elimina i rischi di smarrimento dell'unit\u00e0 grazie alla struttura del corpo della penna senza soluzione di continuit\u00e0: i dati viaggiano ovunque.<\/li>\n<\/ul>\n\n\n\n<h3 class=\"wp-block-heading\">2. Compatibilit\u00e0 con il touch screen (penna capacitiva)<\/h3>\n\n\n\n<ul class=\"wp-block-list\">\n<li><strong>Meccanismo di apertura a rotazione (destra)<\/strong>: Rivela una punta capacitiva di precisione compatibile con smartphone, tablet e lavagne interattive (iOS\/Android\/Windows).<\/li>\n\n\n\n<li><strong>Risposta accurata<\/strong>: Permette di scrivere, disegnare e toccare senza problemi, superando i limiti delle dita.<\/li>\n<\/ul>\n\n\n\n<h3 class=\"wp-block-heading\">3. Puntatore laser (punto rosso da 650 nm)<\/h3>\n\n\n\n<ul class=\"wp-block-list\">\n<li><strong>Pulsante ergonomico<\/strong>: Proietta istantaneamente un laser rosso di sicurezza di Classe II a 650 nm per evidenziare con precisione PPT\/schermo\/lavagna durante le presentazioni.<\/li>\n\n\n\n<li><strong>Controllo della messa a fuoco<\/strong>: Elimina l'ambiguit\u00e0 del \"puntamento a mano\", assicurando che l'attenzione del pubblico rimanga sui contenuti chiave.<\/li>\n<\/ul>\n\n\n\n<h3 class=\"wp-block-heading\">4. Penna a sfera<\/h3>\n\n\n\n<ul class=\"wp-block-list\">\n<li><strong>Meccanismo di apertura a rotazione (sinistra)<\/strong>: Dispone di un refill standard sostituibile (opzioni 0,5\/0,7 mm) per una scrittura scorrevole e senza sbavature.<\/li>\n\n\n\n<li><strong>Sinergia penna-portatile<\/strong>: Ideale per appunti di riunioni in tempo reale o schizzi creativi, senza dover pi\u00f9 passare da un dispositivo all'altro.<\/li>\n<\/ul>\n\n\n\n<h3 class=\"wp-block-heading\">5. Rilevamento della contraffazione UV<\/h3>\n\n\n\n<ul class=\"wp-block-list\">\n<li><strong>Torcia incorporata<\/strong>: Il LED UV attivato dalla pressione verifica rapidamente i contrassegni di valuta\/sicurezza, essenziale per i viaggi, la finanza e la vendita al dettaglio.<\/li>\n<\/ul>\n\n\n\n<h3 class=\"wp-block-heading\">6. Presentatore PPT<\/h3>\n\n\n\n<ul class=\"wp-block-list\">\n<li><strong>Controllo senza fili<\/strong>: La tecnologia RF (2,4 GHz) supporta un raggio d'azione di oltre 10 metri per il capovolgimento continuo delle diapositive (avanti\/indietro), lo schermo nero e la commutazione a schermo intero (ricevitore USB plug-and-play).<\/li>\n\n\n\n<li><strong>Efficienza a mani libere<\/strong>: Compatibile con PowerPoint\/Keynote.<\/li>\n<\/ul>\n<\/div>\n<\/div>\n\n\n\n<h2 class=\"wp-block-heading\">Specifiche del nucleo dell'unit\u00e0 USB <\/h2>\n\n\n\n<figure class=\"wp-block-table\"><table class=\"has-fixed-layout\"><thead><tr><th>Parametro<\/th><th>Specifiche<\/th><\/tr><\/thead><tbody><tr><td>Capacit\u00e0<\/td><td>8GB\/16GB\/32GB\/64GB\/128GB <\/td><\/tr><tr><td>Dimensioni<\/td><td>\u03a611mm \u00d7 155mm <\/td><\/tr><tr><td>Peso<\/td><td>33,5 g \u00b1 0,5 g <\/td><\/tr><tr><td>Interfaccia<\/td><td>USB 3.0 \/USB2.0<\/td><\/tr><tr><td>Compatibilit\u00e0<\/td><td>Windows\/macOS\/Android\/iOS<\/td><\/tr><tr><td>Classe Laser<\/td><td>Classe II (sicuro per oltre 100 ore di utilizzo continuo)<\/td><\/tr><tr><td>Tipo di ricarica<\/td><td>Standard internazionale (compatibile Parker\/G2)<\/td><\/tr><tr><td>Personalizzazione<\/td><td>Colore della penna, LOGO, design dell'imballaggio<\/td><\/tr><\/tbody><\/table><\/figure>\n\n\n\n<h2 class=\"wp-block-heading\">Scenari di applicazione<\/h2>\n\n\n\n<div class=\"wp-block-columns is-layout-flex wp-container-core-columns-is-layout-28f84493 wp-block-columns-is-layout-flex\">\n<div class=\"wp-block-column is-layout-flow wp-block-column-is-layout-flow\">\n<h3 class=\"wp-block-heading\">1. Conferenze aziendali<\/h3>\n\n\n\n<ul class=\"wp-block-list\">\n<li><strong>Trio di presentazione<\/strong>: Puntatore laser + controllo PPT + penna a sfioramento per le annotazioni sulla tavoletta - flusso di lavoro senza soluzione di continuit\u00e0 per la consegna di keynote professionali.<\/li>\n\n\n\n<li><strong>Sicurezza dei dati<\/strong>: Archiviazione\/trasferimento sicuro di file sensibili tramite USB crittografato (funzione opzionale).<\/li>\n<\/ul>\n\n\n\n<h3 class=\"wp-block-heading\">2. Istruzione e formazione<\/h3>\n\n\n\n<ul class=\"wp-block-list\">\n<li><strong>Insegnamento interattivo<\/strong>: Guida laser su lavagne bianche + penna touch per i piani di lezione digitali; funzione UV per le dimostrazioni dei programmi di finanza.<\/li>\n\n\n\n<li><strong>Impegno degli studenti<\/strong>: Combina strumenti per prendere appunti, interazione con il dispositivo e presentazione per un apprendimento ibrido.<\/li>\n<\/ul>\n\n\n\n<h3 class=\"wp-block-heading\">3. Regali premium<\/h3>\n\n\n\n<ul class=\"wp-block-list\">\n<li><strong>Regali aziendali<\/strong>: Personalizzati con logo + confezione di lusso - ideali per relazioni con i clienti, anniversari o pietre miliari.<\/li>\n\n\n\n<li><strong>Apprezzamento degli insegnanti<\/strong><\/li>\n<\/ul>\n<\/div>\n\n\n\n<div class=\"wp-block-column is-vertically-aligned-center is-layout-flow wp-block-column-is-layout-flow\">\n<figure class=\"wp-block-image size-full\"><img alt=\"\" loading=\"lazy\" decoding=\"async\" width=\"800\" height=\"800\" src=\"https:\/\/www.usborkeychain.com\/wp-content\/uploads\/Metal-6-In-1-Laser-Pointer-Pen.jpg\" class=\"wp-image-5384\" srcset=\"https:\/\/www.usborkeychain.com\/wp-content\/uploads\/Metal-6-In-1-Laser-Pointer-Pen.jpg 800w, https:\/\/www.usborkeychain.com\/wp-content\/uploads\/Metal-6-In-1-Laser-Pointer-Pen-300x300.jpg 300w, https:\/\/www.usborkeychain.com\/wp-content\/uploads\/Metal-6-In-1-Laser-Pointer-Pen-150x150.jpg 150w, https:\/\/www.usborkeychain.com\/wp-content\/uploads\/Metal-6-In-1-Laser-Pointer-Pen-768x768.jpg 768w, https:\/\/www.usborkeychain.com\/wp-content\/uploads\/Metal-6-In-1-Laser-Pointer-Pen-12x12.jpg 12w, https:\/\/www.usborkeychain.com\/wp-content\/uploads\/Metal-6-In-1-Laser-Pointer-Pen-600x600.jpg 600w, https:\/\/www.usborkeychain.com\/wp-content\/uploads\/Metal-6-In-1-Laser-Pointer-Pen-100x100.jpg 100w\" sizes=\"(max-width: 800px) 100vw, 800px\" \/><\/figure>\n<\/div>\n<\/div>\n\n\n\n<h2 class=\"wp-block-heading\">Innovazione tecnica<\/h2>\n\n\n\n<div class=\"wp-block-columns is-layout-flex wp-container-core-columns-is-layout-28f84493 wp-block-columns-is-layout-flex\">\n<div class=\"wp-block-column is-layout-flow wp-block-column-is-layout-flow\">\n<figure class=\"wp-block-image size-full\"><img alt=\"\" loading=\"lazy\" decoding=\"async\" width=\"800\" height=\"800\" src=\"https:\/\/www.usborkeychain.com\/wp-content\/uploads\/PPT-page-turning-pen-USB-drive.jpg\" class=\"wp-image-5385\" srcset=\"https:\/\/www.usborkeychain.com\/wp-content\/uploads\/PPT-page-turning-pen-USB-drive.jpg 800w, https:\/\/www.usborkeychain.com\/wp-content\/uploads\/PPT-page-turning-pen-USB-drive-300x300.jpg 300w, https:\/\/www.usborkeychain.com\/wp-content\/uploads\/PPT-page-turning-pen-USB-drive-150x150.jpg 150w, https:\/\/www.usborkeychain.com\/wp-content\/uploads\/PPT-page-turning-pen-USB-drive-768x768.jpg 768w, https:\/\/www.usborkeychain.com\/wp-content\/uploads\/PPT-page-turning-pen-USB-drive-12x12.jpg 12w, https:\/\/www.usborkeychain.com\/wp-content\/uploads\/PPT-page-turning-pen-USB-drive-600x600.jpg 600w, https:\/\/www.usborkeychain.com\/wp-content\/uploads\/PPT-page-turning-pen-USB-drive-100x100.jpg 100w\" sizes=\"(max-width: 800px) 100vw, 800px\" \/><\/figure>\n<\/div>\n\n\n\n<div class=\"wp-block-column is-vertically-aligned-center is-layout-flow wp-block-column-is-layout-flow\">\n<ul class=\"wp-block-list\">\n<li><strong>Meccanismo brevettato<\/strong>: Pulsante laser ergonomico a 30\u00b0 + design a doppia rotazione (sinistra: a sfera; destra: capacitivo) .<\/li>\n\n\n\n<li><strong>Ottimizzazione dello spazio<\/strong>: Il cilindro da 11 mm integra il chip USB, il modulo laser e la meccanica di scrittura senza compromettere la durata (testato con oltre 10.000 cicli di rotazione).<\/li>\n\n\n\n<li><strong>Stabilit\u00e0 RF<\/strong>La tecnologia wireless a 2,4 GHz con crittografia a 128 bit garantisce presentazioni prive di interferenze in ambienti affollati.<\/li>\n<\/ul>\n<\/div>\n<\/div>\n\n\n\n<div class=\"wp-block-columns is-layout-flex wp-container-core-columns-is-layout-28f84493 wp-block-columns-is-layout-flex\">\n<div class=\"wp-block-column is-vertically-aligned-center is-layout-flow wp-block-column-is-layout-flow\">\n<p>Progettato per i professionisti che richiedono\u00a0<strong>versatilit\u00e0 senza compromessi<\/strong>Questa penna colma il divario tra l'intuizione analogica e l'efficienza digitale. Sia che si tratti di garantire la fiducia dei clienti con regali di marca o di semplificare la tecnologia in classe, offre prestazioni di livello aziendale in un formato tascabile. Grazie alla garanzia di 18 mesi e alla produzione certificata ISO 9001, non \u00e8 solo una penna, ma un ecosistema di produttivit\u00e0.<\/p>\n<\/div>\n\n\n\n<div class=\"wp-block-column is-vertically-aligned-center is-layout-flow wp-block-column-is-layout-flow\">\n<figure class=\"wp-block-image size-full\"><img alt=\"\" loading=\"lazy\" decoding=\"async\" width=\"800\" height=\"800\" src=\"https:\/\/www.usborkeychain.com\/wp-content\/uploads\/6-in-1-Multifunctional-Capacitive-Pen-with-Floodlight-And-Laser-Light-Blue.jpg\" class=\"wp-image-5380\" srcset=\"https:\/\/www.usborkeychain.com\/wp-content\/uploads\/6-in-1-Multifunctional-Capacitive-Pen-with-Floodlight-And-Laser-Light-Blue.jpg 800w, https:\/\/www.usborkeychain.com\/wp-content\/uploads\/6-in-1-Multifunctional-Capacitive-Pen-with-Floodlight-And-Laser-Light-Blue-300x300.jpg 300w, https:\/\/www.usborkeychain.com\/wp-content\/uploads\/6-in-1-Multifunctional-Capacitive-Pen-with-Floodlight-And-Laser-Light-Blue-150x150.jpg 150w, https:\/\/www.usborkeychain.com\/wp-content\/uploads\/6-in-1-Multifunctional-Capacitive-Pen-with-Floodlight-And-Laser-Light-Blue-768x768.jpg 768w, https:\/\/www.usborkeychain.com\/wp-content\/uploads\/6-in-1-Multifunctional-Capacitive-Pen-with-Floodlight-And-Laser-Light-Blue-12x12.jpg 12w, https:\/\/www.usborkeychain.com\/wp-content\/uploads\/6-in-1-Multifunctional-Capacitive-Pen-with-Floodlight-And-Laser-Light-Blue-600x600.jpg 600w, https:\/\/www.usborkeychain.com\/wp-content\/uploads\/6-in-1-Multifunctional-Capacitive-Pen-with-Floodlight-And-Laser-Light-Blue-100x100.jpg 100w\" sizes=\"(max-width: 800px) 100vw, 800px\" \/><\/figure>\n<\/div>\n<\/div>","protected":false},"excerpt":{"rendered":"<ul>\n<li>Penna laser in metallo 6 in 1<\/li>\n<li>6 in 1 Penna multifunzionale in metallo con stilo a condensatore laser<\/li>\n<li>Archiviazione USB<\/li>\n<li>Penna capacitiva<\/li>\n<li>Presentatore PPT<\/li>\n<li>Rilevamento della contraffazione UV<\/li>\n<\/ul>","protected":false},"featured_media":5383,"comment_status":"open","ping_status":"closed","template":"","meta":{"_seopress_robots_primary_cat":"","_seopress_titles_title":"","_seopress_titles_desc":"","_seopress_robots_index":"","site-sidebar-layout":"default","site-content-layout":"","ast-site-content-layout":"","site-content-style":"default","site-sidebar-style":"default","ast-global-header-display":"","ast-banner-title-visibility":"","ast-main-header-display":"","ast-hfb-above-header-display":"","ast-hfb-below-header-display":"","ast-hfb-mobile-header-display":"","site-post-title":"","ast-breadcrumbs-content":"","ast-featured-img":"","footer-sml-layout":"","theme-transparent-header-meta":"","adv-header-id-meta":"","stick-header-meta":"","header-above-stick-meta":"","header-main-stick-meta":"","header-below-stick-meta":"","astra-migrate-meta-layouts":"default","ast-page-background-enabled":"default","ast-page-background-meta":{"desktop":{"background-color":"var(--ast-global-color-5)","background-image":"","background-repeat":"repeat","background-position":"center center","background-size":"auto","background-attachment":"scroll","background-type":"","background-media":"","overlay-type":"","overlay-color":"","overlay-opacity":"","overlay-gradient":""},"tablet":{"background-color":"","background-image":"","background-repeat":"repeat","background-position":"center center","background-size":"auto","background-attachment":"scroll","background-type":"","background-media":"","overlay-type":"","overlay-color":"","overlay-opacity":"","overlay-gradient":""},"mobile":{"background-color":"","background-image":"","background-repeat":"repeat","background-position":"center center","background-size":"auto","background-attachment":"scroll","background-type":"","background-media":"","overlay-type":"","overlay-color":"","overlay-opacity":"","overlay-gradient":""}},"ast-content-background-meta":{"desktop":{"background-color":"var(--ast-global-color-4)","background-image":"","background-repeat":"repeat","background-position":"center center","background-size":"auto","background-attachment":"scroll","background-type":"","background-media":"","overlay-type":"","overlay-color":"","overlay-opacity":"","overlay-gradient":""},"tablet":{"background-color":"var(--ast-global-color-4)","background-image":"","background-repeat":"repeat","background-position":"center center","background-size":"auto","background-attachment":"scroll","background-type":"","background-media":"","overlay-type":"","overlay-color":"","overlay-opacity":"","overlay-gradient":""},"mobile":{"background-color":"var(--ast-global-color-4)","background-image":"","background-repeat":"repeat","background-position":"center center","background-size":"auto","background-attachment":"scroll","background-type":"","background-media":"","overlay-type":"","overlay-color":"","overlay-opacity":"","overlay-gradient":""}}},"product_brand":[],"product_cat":[100],"product_tag":[326,332],"class_list":{"0":"post-5364","1":"product","2":"type-product","3":"status-publish","4":"has-post-thumbnail","6":"product_cat-usb-drive-with-pen","7":"product_tag-stylus-usb-flash-drive-pen","8":"product_tag-usb-pen-drive-with-laser","9":"desktop-align-left","10":"tablet-align-left","11":"mobile-align-left","13":"first","14":"instock","15":"shipping-taxable","16":"product-type-simple"},"_links":{"self":[{"href":"https:\/\/www.usborkeychain.com\/it\/wp-json\/wp\/v2\/product\/5364","targetHints":{"allow":["GET"]}}],"collection":[{"href":"https:\/\/www.usborkeychain.com\/it\/wp-json\/wp\/v2\/product"}],"about":[{"href":"https:\/\/www.usborkeychain.com\/it\/wp-json\/wp\/v2\/types\/product"}],"replies":[{"embeddable":true,"href":"https:\/\/www.usborkeychain.com\/it\/wp-json\/wp\/v2\/comments?post=5364"}],"wp:featuredmedia":[{"embeddable":true,"href":"https:\/\/www.usborkeychain.com\/it\/wp-json\/wp\/v2\/media\/5383"}],"wp:attachment":[{"href":"https:\/\/www.usborkeychain.com\/it\/wp-json\/wp\/v2\/media?parent=5364"}],"wp:term":[{"taxonomy":"product_brand","embeddable":true,"href":"https:\/\/www.usborkeychain.com\/it\/wp-json\/wp\/v2\/product_brand?post=5364"},{"taxonomy":"product_cat","embeddable":true,"href":"https:\/\/www.usborkeychain.com\/it\/wp-json\/wp\/v2\/product_cat?post=5364"},{"taxonomy":"product_tag","embeddable":true,"href":"https:\/\/www.usborkeychain.com\/it\/wp-json\/wp\/v2\/product_tag?post=5364"}],"curies":[{"name":"wp","href":"https:\/\/api.w.org\/{rel}","templated":true}]}}