{"id":5403,"date":"2025-07-31T12:20:13","date_gmt":"2025-07-31T12:20:13","guid":{"rendered":"https:\/\/www.usborkeychain.com\/?post_type=product&#038;p=5403"},"modified":"2025-07-31T12:25:58","modified_gmt":"2025-07-31T12:25:58","slug":"2-in-1-ballpoint-pen-usb-drive","status":"publish","type":"product","link":"https:\/\/www.usborkeychain.com\/it\/prodotto\/2-in-1-ballpoint-pen-usb-drive\/","title":{"rendered":"Unit\u00e0 USB con penna a sfera 2 in 1"},"content":{"rendered":"<div class=\"wp-block-columns is-layout-flex wp-container-core-columns-is-layout-28f84493 wp-block-columns-is-layout-flex\">\n<div class=\"wp-block-column is-vertically-aligned-center is-layout-flow wp-block-column-is-layout-flow\">\n<h2 class=\"wp-block-heading\">Che cos'\u00e8 un'unit\u00e0 USB con penna a sfera 2 in 1?<\/h2>\n\n\n\n<p>Il<strong> Penna a sfera 2 in 1 Unit\u00e0 USB<\/strong> \u00e8 una penna multifunzionale che integra l'archiviazione dei dati su drive USB con la funzionalit\u00e0 di scrittura su penna a sfera. \u00c8 caratterizzata da un design corto e nero a forma di penna USB, abbinato a un corpo della penna con texture metallica, che consente la sinergia a doppia funzione di \"trasmissione dati + scrittura istantanea\". Grazie al suo aspetto minimalista e sofisticato, unito a caratteristiche pratiche, rappresenta una scelta ottimale per l'uso in ufficio e per i regali.<\/p>\n<\/div>\n\n\n\n<div class=\"wp-block-column is-vertically-aligned-center is-layout-flow wp-block-column-is-layout-flow\">\n<figure class=\"wp-block-image size-full\"><img alt=\"\" fetchpriority=\"high\" decoding=\"async\" width=\"800\" height=\"800\" src=\"https:\/\/www.usborkeychain.com\/wp-content\/uploads\/Business-Ballpoint-Pen-USB-Flash-Drive-1.jpg\" class=\"wp-image-5447\" srcset=\"https:\/\/www.usborkeychain.com\/wp-content\/uploads\/Business-Ballpoint-Pen-USB-Flash-Drive-1.jpg 800w, https:\/\/www.usborkeychain.com\/wp-content\/uploads\/Business-Ballpoint-Pen-USB-Flash-Drive-1-300x300.jpg 300w, https:\/\/www.usborkeychain.com\/wp-content\/uploads\/Business-Ballpoint-Pen-USB-Flash-Drive-1-150x150.jpg 150w, https:\/\/www.usborkeychain.com\/wp-content\/uploads\/Business-Ballpoint-Pen-USB-Flash-Drive-1-768x768.jpg 768w, https:\/\/www.usborkeychain.com\/wp-content\/uploads\/Business-Ballpoint-Pen-USB-Flash-Drive-1-12x12.jpg 12w, https:\/\/www.usborkeychain.com\/wp-content\/uploads\/Business-Ballpoint-Pen-USB-Flash-Drive-1-600x600.jpg 600w, https:\/\/www.usborkeychain.com\/wp-content\/uploads\/Business-Ballpoint-Pen-USB-Flash-Drive-1-100x100.jpg 100w\" sizes=\"(max-width: 800px) 100vw, 800px\" \/><\/figure>\n<\/div>\n<\/div>\n\n\n\n<h2 class=\"wp-block-heading\">Dettagli della penna a sfera 2 in 1<\/h2>\n\n\n\n<div class=\"wp-block-columns is-layout-flex wp-container-core-columns-is-layout-28f84493 wp-block-columns-is-layout-flex\">\n<div class=\"wp-block-column is-vertically-aligned-center is-layout-flow wp-block-column-is-layout-flow\">\n<figure class=\"wp-block-image size-full\"><img alt=\"\" decoding=\"async\" width=\"800\" height=\"800\" src=\"https:\/\/www.usborkeychain.com\/wp-content\/uploads\/Metal-USB-ballpoint-pen-combo.jpg\" class=\"wp-image-5448\" srcset=\"https:\/\/www.usborkeychain.com\/wp-content\/uploads\/Metal-USB-ballpoint-pen-combo.jpg 800w, https:\/\/www.usborkeychain.com\/wp-content\/uploads\/Metal-USB-ballpoint-pen-combo-300x300.jpg 300w, https:\/\/www.usborkeychain.com\/wp-content\/uploads\/Metal-USB-ballpoint-pen-combo-150x150.jpg 150w, https:\/\/www.usborkeychain.com\/wp-content\/uploads\/Metal-USB-ballpoint-pen-combo-768x768.jpg 768w, https:\/\/www.usborkeychain.com\/wp-content\/uploads\/Metal-USB-ballpoint-pen-combo-12x12.jpg 12w, https:\/\/www.usborkeychain.com\/wp-content\/uploads\/Metal-USB-ballpoint-pen-combo-600x600.jpg 600w, https:\/\/www.usborkeychain.com\/wp-content\/uploads\/Metal-USB-ballpoint-pen-combo-100x100.jpg 100w\" sizes=\"(max-width: 800px) 100vw, 800px\" \/><\/figure>\n<\/div>\n\n\n\n<div class=\"wp-block-column is-vertically-aligned-center is-layout-flow wp-block-column-is-layout-flow\">\n<h3 class=\"wp-block-heading\">Unit\u00e0 USB corta a forma di penna in gomma nera<\/h3>\n\n\n\n<ul class=\"wp-block-list\">\n<li><strong>Aspetto e protezione<\/strong>: Il modulo dell'unit\u00e0 USB \u00e8 racchiuso in un corto involucro di gomma nera a forma di penna, che non solo mantiene la forma classica di una penna a sfera, ma impedisce anche i graffi sull'interfaccia USB, ottenendo una \"memorizzazione invisibile\". La sua struttura compatta fa s\u00ec che l'unit\u00e0 USB e il corpo della penna si integrino perfettamente, eliminando la necessit\u00e0 di una memoria aggiuntiva.<\/li>\n\n\n\n<li><strong>Trasmissione conveniente<\/strong>: Supporta il plug-and-play, soddisfacendo prontamente le esigenze di trasferimento di file (come la condivisione di materiale per riunioni e corsi), realizzando davvero \"dati in movimento, scrittura a portata di mano\".<\/li>\n<\/ul>\n<\/div>\n<\/div>\n\n\n\n<div class=\"wp-block-columns is-layout-flex wp-container-core-columns-is-layout-28f84493 wp-block-columns-is-layout-flex\">\n<div class=\"wp-block-column is-vertically-aligned-center is-layout-flow wp-block-column-is-layout-flow\">\n<h3 class=\"wp-block-heading\">Penna a sfera rotante con apertura\/chiusura<\/h3>\n\n\n\n<ul class=\"wp-block-list\">\n<li><strong>Struttura meccanica<\/strong>: Adotta un meccanismo di rotazione per l'estensione del pennino, con funzionamento fluido e smorzamento moderato, che impedisce efficacemente l'estensione accidentale del pennino. <\/li>\n\n\n\n<li><strong>Materiale e durata<\/strong>: Il corpo della penna in metallo, abbinato a componenti in gomma nera, \u00e8 resistente agli urti e all'usura e resiste alla deformazione anche in caso di utilizzo prolungato. La clip in metallo argentato della penna si infila facilmente nelle tasche o nei quaderni, rendendola facile da trasportare. <\/li>\n<\/ul>\n<\/div>\n\n\n\n<div class=\"wp-block-column is-vertically-aligned-center is-layout-flow wp-block-column-is-layout-flow\">\n<figure class=\"wp-block-image size-full\"><img alt=\"\" decoding=\"async\" width=\"800\" height=\"800\" src=\"https:\/\/www.usborkeychain.com\/wp-content\/uploads\/USB-memory-ballpoint-pen-metal-1.jpg\" class=\"wp-image-5449\" srcset=\"https:\/\/www.usborkeychain.com\/wp-content\/uploads\/USB-memory-ballpoint-pen-metal-1.jpg 800w, https:\/\/www.usborkeychain.com\/wp-content\/uploads\/USB-memory-ballpoint-pen-metal-1-300x300.jpg 300w, https:\/\/www.usborkeychain.com\/wp-content\/uploads\/USB-memory-ballpoint-pen-metal-1-150x150.jpg 150w, https:\/\/www.usborkeychain.com\/wp-content\/uploads\/USB-memory-ballpoint-pen-metal-1-768x768.jpg 768w, https:\/\/www.usborkeychain.com\/wp-content\/uploads\/USB-memory-ballpoint-pen-metal-1-12x12.jpg 12w, https:\/\/www.usborkeychain.com\/wp-content\/uploads\/USB-memory-ballpoint-pen-metal-1-600x600.jpg 600w, https:\/\/www.usborkeychain.com\/wp-content\/uploads\/USB-memory-ballpoint-pen-metal-1-100x100.jpg 100w\" sizes=\"(max-width: 800px) 100vw, 800px\" \/><\/figure>\n<\/div>\n<\/div>\n\n\n\n<h2 class=\"wp-block-heading\">Servizi personalizzabili<\/h2>\n\n\n\n<div class=\"wp-block-columns is-layout-flex wp-container-core-columns-is-layout-28f84493 wp-block-columns-is-layout-flex\">\n<div class=\"wp-block-column is-vertically-aligned-center is-layout-flow wp-block-column-is-layout-flow\">\n<figure class=\"wp-block-image size-full\"><img alt=\"\" loading=\"lazy\" decoding=\"async\" width=\"800\" height=\"800\" src=\"https:\/\/www.usborkeychain.com\/wp-content\/uploads\/Ballpoint-Pen-USB-Memory.jpg\" class=\"wp-image-5444\" srcset=\"https:\/\/www.usborkeychain.com\/wp-content\/uploads\/Ballpoint-Pen-USB-Memory.jpg 800w, https:\/\/www.usborkeychain.com\/wp-content\/uploads\/Ballpoint-Pen-USB-Memory-300x300.jpg 300w, https:\/\/www.usborkeychain.com\/wp-content\/uploads\/Ballpoint-Pen-USB-Memory-150x150.jpg 150w, https:\/\/www.usborkeychain.com\/wp-content\/uploads\/Ballpoint-Pen-USB-Memory-768x768.jpg 768w, https:\/\/www.usborkeychain.com\/wp-content\/uploads\/Ballpoint-Pen-USB-Memory-12x12.jpg 12w, https:\/\/www.usborkeychain.com\/wp-content\/uploads\/Ballpoint-Pen-USB-Memory-600x600.jpg 600w, https:\/\/www.usborkeychain.com\/wp-content\/uploads\/Ballpoint-Pen-USB-Memory-100x100.jpg 100w\" sizes=\"(max-width: 800px) 100vw, 800px\" \/><\/figure>\n<\/div>\n\n\n\n<div class=\"wp-block-column is-vertically-aligned-center is-layout-flow wp-block-column-is-layout-flow\">\n<h3 class=\"wp-block-heading\">Personalizzazione dell'incisione<\/h3>\n\n\n\n<ul class=\"wp-block-list\">\n<li><strong>Personalizzazione<\/strong>: Supporta l'incisione laser di nomi o soprannomi sul corpo della penna, aumentando il senso di esclusivit\u00e0 ed evitando confusioni di oggetti.<\/li>\n\n\n\n<li><strong>Personalizzazione aziendale<\/strong>: Offre l'incisione in massa di loghi e slogan di marca. Utilizzato come regalo d'affari, consente di ottenere una \"promozione mobile del marchio\", aumentando il riconoscimento del marchio e il potere comunicativo.<\/li>\n<\/ul>\n\n\n\n<h3 class=\"wp-block-heading\">Personalizzazione del colore e dello scenario<\/h3>\n\n\n\n<ul class=\"wp-block-list\">\n<li><strong>Colori del fusto della penna<\/strong>: Disponibile in pi\u00f9 colori, come nero, bianco e blu, per soddisfare le preferenze personali o le esigenze di personalizzazione della VI (Visual Identity) aziendale.<\/li>\n\n\n\n<li><strong>Personalizzazione orientata ai regali<\/strong>: Viene fornito con una confezione regalo aziendale coordinata, adatta per essere utilizzata come souvenir aziendale, omaggi per eventi, ecc.<\/li>\n<\/ul>\n<\/div>\n<\/div>\n\n\n\n<h2 class=\"wp-block-heading\">Parametri fondamentali dell'unit\u00e0 USB<\/h2>\n\n\n\n<figure class=\"wp-block-table\"><table class=\"has-fixed-layout\"><thead><tr><th>Parametro Voce<\/th><th>Specifiche tecniche<\/th><\/tr><\/thead><tbody><tr><td>Capacit\u00e0 di stoccaggio<\/td><td>8GB\/16GB\/32GB\/64GB\/128GB<\/td><\/tr><tr><td>Dimensioni<\/td><td>\u03a617mm \u00d7 132mm<\/td><\/tr><tr><td>Peso del prodotto<\/td><td>28g\u00b11g <\/td><\/tr><tr><td>Tipo di interfaccia<\/td><td>USB 2.0 (compatibile con USB 3.0, plug-and-play)<\/td><\/tr><tr><td>Materiale del corpo della penna<\/td><td>Metallo (fusto della penna) + gomma nera (involucro protettivo dell'unit\u00e0 USB)<\/td><\/tr><tr><td>Sistema di scrittura<\/td><td>Ricarica per penna a sfera (estensione del pennino a rotazione, compatibile con le ricariche standard)<\/td><\/tr><tr><td>Gamma di personalizzazione<\/td><td>LOGO\/incisione, colore del fusto della penna, soluzioni di packaging<\/td><\/tr><\/tbody><\/table><\/figure>\n\n\n\n<h2 class=\"wp-block-heading\">Occasioni applicabili<\/h2>\n\n\n\n<div class=\"wp-block-columns is-layout-flex wp-container-core-columns-is-layout-28f84493 wp-block-columns-is-layout-flex\">\n<div class=\"wp-block-column is-vertically-aligned-center is-layout-flow wp-block-column-is-layout-flow\">\n<h3 class=\"wp-block-heading\">Riunioni di lavoro<\/h3>\n\n\n\n<ul class=\"wp-block-list\">\n<li>Conserva i documenti delle riunioni e le diapositive delle presentazioni, pronti per essere condivisi in qualsiasi momento tramite l'unit\u00e0 USB; ruota per estendere la punta per annotare i punti chiave, mentre la clip metallica della penna la fissa alla cartella della riunione, mantenendo un'immagine professionale.<\/li>\n<\/ul>\n\n\n\n<h3 class=\"wp-block-heading\">Lavoro d'ufficio quotidiano<\/h3>\n\n\n\n<ul class=\"wp-block-list\">\n<li>Permette di integrare perfettamente il trasferimento di file e le note scritte a mano, riducendo l'ingombro sul desktop.<\/li>\n<\/ul>\n\n\n\n<h3 class=\"wp-block-heading\">Regali aziendali<\/h3>\n\n\n\n<ul class=\"wp-block-list\">\n<li>I loghi personalizzati, abbinati a confezioni esclusive, sono utili come regali di apprezzamento per i clienti o come benefit per i dipendenti, in quanto sono pratici e allo stesso tempo dimostrano la forza del marchio. <\/li>\n<\/ul>\n<\/div>\n\n\n\n<div class=\"wp-block-column is-vertically-aligned-center is-layout-flow wp-block-column-is-layout-flow\">\n<figure class=\"wp-block-image size-full\"><img alt=\"\" loading=\"lazy\" decoding=\"async\" width=\"800\" height=\"800\" src=\"https:\/\/www.usborkeychain.com\/wp-content\/uploads\/Ballpoint-pens-with-usb-3.jpg\" class=\"wp-image-5458\" srcset=\"https:\/\/www.usborkeychain.com\/wp-content\/uploads\/Ballpoint-pens-with-usb-3.jpg 800w, https:\/\/www.usborkeychain.com\/wp-content\/uploads\/Ballpoint-pens-with-usb-3-300x300.jpg 300w, https:\/\/www.usborkeychain.com\/wp-content\/uploads\/Ballpoint-pens-with-usb-3-150x150.jpg 150w, https:\/\/www.usborkeychain.com\/wp-content\/uploads\/Ballpoint-pens-with-usb-3-768x768.jpg 768w, https:\/\/www.usborkeychain.com\/wp-content\/uploads\/Ballpoint-pens-with-usb-3-12x12.jpg 12w, https:\/\/www.usborkeychain.com\/wp-content\/uploads\/Ballpoint-pens-with-usb-3-600x600.jpg 600w, https:\/\/www.usborkeychain.com\/wp-content\/uploads\/Ballpoint-pens-with-usb-3-100x100.jpg 100w\" sizes=\"(max-width: 800px) 100vw, 800px\" \/><\/figure>\n<\/div>\n<\/div>\n\n\n\n<p>Il <strong>Penna a sfera 2 in 1 Unit\u00e0 USB<\/strong> Il design della penna \u00e8 incentrato su \"aspetto business-style + integrazione di due funzioni\" e combina il design a forma di penna corta in gomma nera con l'artigianato in metallo. Non solo soddisfa le esigenze digitali di archiviazione dei dati, ma mantiene anche la funzione di scrittura intrinseca di una penna a sfera. Pi\u00f9 che uno strumento, \u00e8 un \"biglietto da visita professionale\" che migliora l'efficienza e mette in mostra lo stile.<\/p>","protected":false},"excerpt":{"rendered":"<ul>\n<li>Penna a sfera Unit\u00e0 flash USB 2 in 1<\/li>\n<li>Personalizzazione LOGO&amp;colore&amp;pacchetto<\/li>\n<li>Artigianato del metallo<\/li>\n<li>Penna multifunzione<\/li>\n<li>MOQ: 100pcs<\/li>\n<\/ul>","protected":false},"featured_media":5447,"comment_status":"open","ping_status":"closed","template":"","meta":{"_seopress_robots_primary_cat":"","_seopress_titles_title":"","_seopress_titles_desc":"","_seopress_robots_index":"","site-sidebar-layout":"default","site-content-layout":"","ast-site-content-layout":"","site-content-style":"default","site-sidebar-style":"default","ast-global-header-display":"","ast-banner-title-visibility":"","ast-main-header-display":"","ast-hfb-above-header-display":"","ast-hfb-below-header-display":"","ast-hfb-mobile-header-display":"","site-post-title":"","ast-breadcrumbs-content":"","ast-featured-img":"","footer-sml-layout":"","theme-transparent-header-meta":"","adv-header-id-meta":"","stick-header-meta":"","header-above-stick-meta":"","header-main-stick-meta":"","header-below-stick-meta":"","astra-migrate-meta-layouts":"default","ast-page-background-enabled":"default","ast-page-background-meta":{"desktop":{"background-color":"var(--ast-global-color-5)","background-image":"","background-repeat":"repeat","background-position":"center center","background-size":"auto","background-attachment":"scroll","background-type":"","background-media":"","overlay-type":"","overlay-color":"","overlay-opacity":"","overlay-gradient":""},"tablet":{"background-color":"","background-image":"","background-repeat":"repeat","background-position":"center center","background-size":"auto","background-attachment":"scroll","background-type":"","background-media":"","overlay-type":"","overlay-color":"","overlay-opacity":"","overlay-gradient":""},"mobile":{"background-color":"","background-image":"","background-repeat":"repeat","background-position":"center center","background-size":"auto","background-attachment":"scroll","background-type":"","background-media":"","overlay-type":"","overlay-color":"","overlay-opacity":"","overlay-gradient":""}},"ast-content-background-meta":{"desktop":{"background-color":"var(--ast-global-color-4)","background-image":"","background-repeat":"repeat","background-position":"center center","background-size":"auto","background-attachment":"scroll","background-type":"","background-media":"","overlay-type":"","overlay-color":"","overlay-opacity":"","overlay-gradient":""},"tablet":{"background-color":"var(--ast-global-color-4)","background-image":"","background-repeat":"repeat","background-position":"center center","background-size":"auto","background-attachment":"scroll","background-type":"","background-media":"","overlay-type":"","overlay-color":"","overlay-opacity":"","overlay-gradient":""},"mobile":{"background-color":"var(--ast-global-color-4)","background-image":"","background-repeat":"repeat","background-position":"center center","background-size":"auto","background-attachment":"scroll","background-type":"","background-media":"","overlay-type":"","overlay-color":"","overlay-opacity":"","overlay-gradient":""}}},"product_brand":[],"product_cat":[100],"product_tag":[334,324],"class_list":{"0":"post-5403","1":"product","2":"type-product","3":"status-publish","4":"has-post-thumbnail","6":"product_cat-usb-drive-with-pen","7":"product_tag-2-in-1-ballpoint-pen-usb-drive-2","8":"product_tag-ballpoint-usb-flash-drive-pen","9":"desktop-align-left","10":"tablet-align-left","11":"mobile-align-left","13":"first","14":"instock","15":"shipping-taxable","16":"product-type-simple"},"_links":{"self":[{"href":"https:\/\/www.usborkeychain.com\/it\/wp-json\/wp\/v2\/product\/5403","targetHints":{"allow":["GET"]}}],"collection":[{"href":"https:\/\/www.usborkeychain.com\/it\/wp-json\/wp\/v2\/product"}],"about":[{"href":"https:\/\/www.usborkeychain.com\/it\/wp-json\/wp\/v2\/types\/product"}],"replies":[{"embeddable":true,"href":"https:\/\/www.usborkeychain.com\/it\/wp-json\/wp\/v2\/comments?post=5403"}],"wp:featuredmedia":[{"embeddable":true,"href":"https:\/\/www.usborkeychain.com\/it\/wp-json\/wp\/v2\/media\/5447"}],"wp:attachment":[{"href":"https:\/\/www.usborkeychain.com\/it\/wp-json\/wp\/v2\/media?parent=5403"}],"wp:term":[{"taxonomy":"product_brand","embeddable":true,"href":"https:\/\/www.usborkeychain.com\/it\/wp-json\/wp\/v2\/product_brand?post=5403"},{"taxonomy":"product_cat","embeddable":true,"href":"https:\/\/www.usborkeychain.com\/it\/wp-json\/wp\/v2\/product_cat?post=5403"},{"taxonomy":"product_tag","embeddable":true,"href":"https:\/\/www.usborkeychain.com\/it\/wp-json\/wp\/v2\/product_tag?post=5403"}],"curies":[{"name":"wp","href":"https:\/\/api.w.org\/{rel}","templated":true}]}}