{"id":5479,"date":"2025-08-01T02:07:23","date_gmt":"2025-08-01T02:07:23","guid":{"rendered":"https:\/\/www.usborkeychain.com\/?post_type=product&#038;p=5479"},"modified":"2025-08-01T02:53:01","modified_gmt":"2025-08-01T02:53:01","slug":"six-hole-pen-usb-flash-drive","status":"publish","type":"product","link":"https:\/\/www.usborkeychain.com\/it\/prodotto\/six-hole-pen-usb-flash-drive\/","title":{"rendered":"Unit\u00e0 flash USB con penna a sei fori"},"content":{"rendered":"<div class=\"wp-block-columns is-layout-flex wp-container-core-columns-is-layout-28f84493 wp-block-columns-is-layout-flex\">\n<div class=\"wp-block-column is-vertically-aligned-center is-layout-flow wp-block-column-is-layout-flow\">\n<h2 class=\"wp-block-heading\">Che cos'\u00e8 un'unit\u00e0 flash USB con penna a sei fori?<\/h2>\n\n\n\n<p>Il <strong>Unit\u00e0 flash USB con penna a sei fori<\/strong> \u00e8 un'azienda innovativa <strong>Penna USB 2 in 1<\/strong> che combina perfettamente la scrittura con penna a sfera con la funzionalit\u00e0 di archiviazione dati USB. Il corpo della penna \u00e8 caratterizzato da un design unico a sei fori, con un'elevata riconoscibilit\u00e0 visiva e una forte texture metallica. <\/p>\n\n\n\n<p>Non solo soddisfa le esigenze quotidiane di scrittura, ma consente anche l'archiviazione e la lettura istantanea dei file, consentendo di ottenere \"una penna in mano, un lavoro d'ufficio senza preoccupazioni\".<\/p>\n<\/div>\n\n\n\n<div class=\"wp-block-column is-vertically-aligned-center is-layout-flow wp-block-column-is-layout-flow\">\n<figure class=\"wp-block-image size-full\"><img alt=\"\" fetchpriority=\"high\" decoding=\"async\" width=\"800\" height=\"800\" src=\"https:\/\/www.usborkeychain.com\/wp-content\/uploads\/Custom-Zinc-Alloy-Metal-Pen-USB-Flash-Drive.jpg\" class=\"wp-image-5482\" srcset=\"https:\/\/www.usborkeychain.com\/wp-content\/uploads\/Custom-Zinc-Alloy-Metal-Pen-USB-Flash-Drive.jpg 800w, https:\/\/www.usborkeychain.com\/wp-content\/uploads\/Custom-Zinc-Alloy-Metal-Pen-USB-Flash-Drive-300x300.jpg 300w, https:\/\/www.usborkeychain.com\/wp-content\/uploads\/Custom-Zinc-Alloy-Metal-Pen-USB-Flash-Drive-150x150.jpg 150w, https:\/\/www.usborkeychain.com\/wp-content\/uploads\/Custom-Zinc-Alloy-Metal-Pen-USB-Flash-Drive-768x768.jpg 768w, https:\/\/www.usborkeychain.com\/wp-content\/uploads\/Custom-Zinc-Alloy-Metal-Pen-USB-Flash-Drive-12x12.jpg 12w, https:\/\/www.usborkeychain.com\/wp-content\/uploads\/Custom-Zinc-Alloy-Metal-Pen-USB-Flash-Drive-600x600.jpg 600w, https:\/\/www.usborkeychain.com\/wp-content\/uploads\/Custom-Zinc-Alloy-Metal-Pen-USB-Flash-Drive-100x100.jpg 100w\" sizes=\"(max-width: 800px) 100vw, 800px\" \/><\/figure>\n<\/div>\n<\/div>\n\n\n\n<h2 class=\"wp-block-heading\">Caratteristiche della penna con unit\u00e0 flash USB a sei fori<\/h2>\n\n\n\n<div class=\"wp-block-columns is-layout-flex wp-container-core-columns-is-layout-28f84493 wp-block-columns-is-layout-flex\">\n<div class=\"wp-block-column is-vertically-aligned-center is-layout-flow wp-block-column-is-layout-flow\">\n<figure class=\"wp-block-image size-full\"><img alt=\"\" decoding=\"async\" width=\"750\" height=\"750\" src=\"https:\/\/www.usborkeychain.com\/wp-content\/uploads\/Stylus-Pen-USB-Drive.jpg\" class=\"wp-image-5477\" srcset=\"https:\/\/www.usborkeychain.com\/wp-content\/uploads\/Stylus-Pen-USB-Drive.jpg 750w, https:\/\/www.usborkeychain.com\/wp-content\/uploads\/Stylus-Pen-USB-Drive-300x300.jpg 300w, https:\/\/www.usborkeychain.com\/wp-content\/uploads\/Stylus-Pen-USB-Drive-150x150.jpg 150w, https:\/\/www.usborkeychain.com\/wp-content\/uploads\/Stylus-Pen-USB-Drive-12x12.jpg 12w, https:\/\/www.usborkeychain.com\/wp-content\/uploads\/Stylus-Pen-USB-Drive-600x600.jpg 600w, https:\/\/www.usborkeychain.com\/wp-content\/uploads\/Stylus-Pen-USB-Drive-100x100.jpg 100w\" sizes=\"(max-width: 750px) 100vw, 750px\" \/><\/figure>\n<\/div>\n\n\n\n<div class=\"wp-block-column is-vertically-aligned-center is-layout-flow wp-block-column-is-layout-flow\">\n<p><strong>Eccellente esperienza di scrittura:<\/strong><\/p>\n\n\n\n<ol class=\"wp-block-list\"><\/ol>\n\n\n\n<ul class=\"wp-block-list\">\n<li>Fusto in metallo meticolosamente lavorato, che offre un'impugnatura stabile e una consistenza duratura.<\/li>\n\n\n\n<li>Punta a sfera in carburo di tungsteno importato, con elevata durezza e maggiore resistenza all'usura, che garantisce che rimanga come nuova per un lungo periodo.<\/li>\n\n\n\n<li>L'esclusiva formula dell'inchiostro facilita una scrittura scorrevole, con segni uniformi e ad asciugatura rapida, evitando rotture e sbavature.<\/li>\n\n\n\n<li>Il design rotante della punta della penna consente di controllare facilmente l'estensione e la ritrazione con un solo dito, in modo comodo e agevole.<\/li>\n<\/ul>\n<\/div>\n<\/div>\n\n\n\n<div class=\"wp-block-columns is-layout-flex wp-container-core-columns-is-layout-28f84493 wp-block-columns-is-layout-flex\">\n<div class=\"wp-block-column is-vertically-aligned-center is-layout-flow wp-block-column-is-layout-flow\">\n<figure class=\"wp-block-image size-full\"><img alt=\"\" decoding=\"async\" width=\"800\" height=\"800\" src=\"https:\/\/www.usborkeychain.com\/wp-content\/uploads\/Pen-Custom-Flash-Drives.jpg\" class=\"wp-image-5484\" srcset=\"https:\/\/www.usborkeychain.com\/wp-content\/uploads\/Pen-Custom-Flash-Drives.jpg 800w, https:\/\/www.usborkeychain.com\/wp-content\/uploads\/Pen-Custom-Flash-Drives-300x300.jpg 300w, https:\/\/www.usborkeychain.com\/wp-content\/uploads\/Pen-Custom-Flash-Drives-150x150.jpg 150w, https:\/\/www.usborkeychain.com\/wp-content\/uploads\/Pen-Custom-Flash-Drives-768x768.jpg 768w, https:\/\/www.usborkeychain.com\/wp-content\/uploads\/Pen-Custom-Flash-Drives-12x12.jpg 12w, https:\/\/www.usborkeychain.com\/wp-content\/uploads\/Pen-Custom-Flash-Drives-600x600.jpg 600w, https:\/\/www.usborkeychain.com\/wp-content\/uploads\/Pen-Custom-Flash-Drives-100x100.jpg 100w\" sizes=\"(max-width: 800px) 100vw, 800px\" \/><\/figure>\n<\/div>\n\n\n\n<div class=\"wp-block-column is-vertically-aligned-center is-layout-flow wp-block-column-is-layout-flow\">\n<ol start=\"2\" class=\"wp-block-list\">\n<li>Conservazione efficiente e conveniente:<\/li>\n<\/ol>\n\n\n\n<ul class=\"wp-block-list\">\n<li>I componenti centrali dell'unit\u00e0 flash USB integrata sono abilmente nascosti all'interno del corpo della penna, senza comprometterne l'integrit\u00e0 estetica.<\/li>\n\n\n\n<li>Eliminate il fastidio di dover portare con voi una chiavetta USB separata; i file importanti, i documenti di presentazione e i materiali contrattuali sono facilmente accessibili, ottenendo cos\u00ec \"documenti e materiali da portare con s\u00e9\".<\/li>\n\n\n\n<li>Il design raffinato della clip per penna consente di agganciarla saldamente a tasche, quaderni o cartelle per una facile portabilit\u00e0.<\/li>\n\n\n\n<li>La forma complessiva \u00e8 elegante e slanciata, e mette in risalto un temperamento aziendale elegante e sofisticato.<\/li>\n<\/ul>\n<\/div>\n<\/div>\n\n\n\n<h2 class=\"wp-block-heading\">Supporta la personalizzazione del LOGO?<\/h2>\n\n\n\n<div class=\"wp-block-columns is-layout-flex wp-container-core-columns-is-layout-28f84493 wp-block-columns-is-layout-flex\">\n<div class=\"wp-block-column is-vertically-aligned-center is-layout-flow wp-block-column-is-layout-flow\">\n<p>Il<strong> Unit\u00e0 flash USB con penna a sei fori<\/strong> supporta il LOGO personalizzato. Grazie alla tecnologia di incisione laser, i loghi aziendali e i nomi dei marchi vengono visualizzati con precisione sul corpo della penna. <\/p>\n\n\n\n<p>Come regalo d'affari, souvenir di eventi aziendali o attrezzatura quotidiana per l'ufficio per i dipendenti, ogni utilizzo per scrivere o come drive USB rafforza l'esposizione del marchio, ottenendo l'effetto di marketing di \"una personalizzazione, promozione a lungo termine\".<\/p>\n\n\n\n<p> Per le imprese \u00e8 uno strumento efficace per migliorare la riconoscibilit\u00e0 del marchio.<\/p>\n<\/div>\n\n\n\n<div class=\"wp-block-column is-vertically-aligned-center is-layout-flow wp-block-column-is-layout-flow\">\n<figure class=\"wp-block-image size-full\"><img alt=\"\" loading=\"lazy\" decoding=\"async\" width=\"800\" height=\"800\" src=\"https:\/\/www.usborkeychain.com\/wp-content\/uploads\/Pen-USB-Flash-Drive.jpg\" class=\"wp-image-5485\" srcset=\"https:\/\/www.usborkeychain.com\/wp-content\/uploads\/Pen-USB-Flash-Drive.jpg 800w, https:\/\/www.usborkeychain.com\/wp-content\/uploads\/Pen-USB-Flash-Drive-300x300.jpg 300w, https:\/\/www.usborkeychain.com\/wp-content\/uploads\/Pen-USB-Flash-Drive-150x150.jpg 150w, https:\/\/www.usborkeychain.com\/wp-content\/uploads\/Pen-USB-Flash-Drive-768x768.jpg 768w, https:\/\/www.usborkeychain.com\/wp-content\/uploads\/Pen-USB-Flash-Drive-12x12.jpg 12w, https:\/\/www.usborkeychain.com\/wp-content\/uploads\/Pen-USB-Flash-Drive-600x600.jpg 600w, https:\/\/www.usborkeychain.com\/wp-content\/uploads\/Pen-USB-Flash-Drive-100x100.jpg 100w\" sizes=\"(max-width: 800px) 100vw, 800px\" \/><\/figure>\n<\/div>\n<\/div>\n\n\n\n<h2 class=\"wp-block-heading\">Parametri fondamentali della penna usb a sei fori<\/h2>\n\n\n\n<figure class=\"wp-block-table\"><table class=\"has-fixed-layout\"><thead><tr><th>Parametro Voce<\/th><th>Dettagli<\/th><\/tr><\/thead><tbody><tr><td>Capacit\u00e0 di stoccaggio<\/td><td>16G, 32G, 64G, 128G<\/td><\/tr><tr><td>Dimensioni (lunghezza * diametro)<\/td><td>144 mm * \u03a615 mm<\/td><\/tr><tr><td>Peso del prodotto<\/td><td>35g<\/td><\/tr><tr><td>Materiale del corpo della penna<\/td><td>Metallo (corpo principale) + carburo di tungsteno (punta della sfera)<\/td><\/tr><tr><td>Colori personalizzati<\/td><td>Molteplici opzioni, tra cui rosso, nero, argento, ecc.<\/td><\/tr><tr><td>Interfaccia USB standard<\/td><td>USB2.0\/USB3.0<\/td><\/tr><tr><td>Caratteristiche dell'inchiostro per scrittura<\/td><td>Ad asciugatura rapida, resistente all'usura, larghezza linea 0,5 mm<\/td><\/tr><\/tbody><\/table><\/figure>\n\n\n\n<h2 class=\"wp-block-heading\">Utenti target<\/h2>\n\n\n\n<div class=\"wp-block-columns is-layout-flex wp-container-core-columns-is-layout-28f84493 wp-block-columns-is-layout-flex\">\n<div class=\"wp-block-column is-vertically-aligned-center is-layout-flow wp-block-column-is-layout-flow\">\n<figure class=\"wp-block-image size-full\"><img alt=\"\" loading=\"lazy\" decoding=\"async\" width=\"800\" height=\"800\" src=\"https:\/\/www.usborkeychain.com\/wp-content\/uploads\/Portable-Metallic-Pen-USB-Flash-Drive.jpg\" class=\"wp-image-5486\" srcset=\"https:\/\/www.usborkeychain.com\/wp-content\/uploads\/Portable-Metallic-Pen-USB-Flash-Drive.jpg 800w, https:\/\/www.usborkeychain.com\/wp-content\/uploads\/Portable-Metallic-Pen-USB-Flash-Drive-300x300.jpg 300w, https:\/\/www.usborkeychain.com\/wp-content\/uploads\/Portable-Metallic-Pen-USB-Flash-Drive-150x150.jpg 150w, https:\/\/www.usborkeychain.com\/wp-content\/uploads\/Portable-Metallic-Pen-USB-Flash-Drive-768x768.jpg 768w, https:\/\/www.usborkeychain.com\/wp-content\/uploads\/Portable-Metallic-Pen-USB-Flash-Drive-12x12.jpg 12w, https:\/\/www.usborkeychain.com\/wp-content\/uploads\/Portable-Metallic-Pen-USB-Flash-Drive-600x600.jpg 600w, https:\/\/www.usborkeychain.com\/wp-content\/uploads\/Portable-Metallic-Pen-USB-Flash-Drive-100x100.jpg 100w\" sizes=\"(max-width: 800px) 100vw, 800px\" \/><\/figure>\n<\/div>\n\n\n\n<div class=\"wp-block-column is-vertically-aligned-center is-layout-flow wp-block-column-is-layout-flow\">\n<ul class=\"wp-block-list\">\n<li>\u00c9lite aziendali e professionisti: Dirigenti, consulenti di vendita, avvocati, docenti, ecc.<\/li>\n\n\n\n<li>Regali aziendali e costruzione dell'immagine del marchio:\n<ul class=\"wp-block-list\">\n<li>Regali aziendali personalizzati di alto livello: Per incentivi ai dipendenti, apprezzamento dei clienti o regali ai partner. Sono disponibili confezioni regalo personalizzate di alta qualit\u00e0.<\/li>\n\n\n\n<li>Efficiente promozione mobile del marchio: Regalare prodotti incisi con il LOGO aziendale ai clienti o ai partner assicura una continua esposizione del marchio.<\/li>\n<\/ul>\n<\/li>\n\n\n\n<li>Conferenze ed eventi di alto profilo: Souvenir o regali per gli ospiti ideali per forum professionali, cerimonie di firma, conferenze stampa e altre occasioni.<\/li>\n<\/ul>\n<\/div>\n<\/div>\n\n\n\n<div class=\"wp-block-columns is-layout-flex wp-container-core-columns-is-layout-28f84493 wp-block-columns-is-layout-flex\">\n<div class=\"wp-block-column is-vertically-aligned-center is-layout-flow wp-block-column-is-layout-flow\">\n<p>Il <strong>A sei fori <strong>Penna<\/strong> Unit\u00e0 flash USB<\/strong> rompe i confini funzionali degli strumenti per l'ufficio con il suo \"<strong>2 in 1<\/strong>\". Dalla fluidit\u00e0 di scrittura all'efficienza di archiviazione dei dati, dal marketing personalizzato alla portabilit\u00e0, risponde in modo completo alle esigenze degli scenari aziendali. <\/p>\n\n\n\n<p>Che si tratti di persone orientate all'efficienza o di aziende attente al marchio, questa unit\u00e0 USB in stile penna pu\u00f2 diventare un \"campione di efficienza\" e un \"biglietto da visita del marchio\" sulla scrivania.<\/p>\n<\/div>\n\n\n\n<div class=\"wp-block-column is-vertically-aligned-center is-layout-flow wp-block-column-is-layout-flow\">\n<figure class=\"wp-block-image size-full\"><img alt=\"\" loading=\"lazy\" decoding=\"async\" width=\"800\" height=\"800\" src=\"https:\/\/www.usborkeychain.com\/wp-content\/uploads\/Metal-lic-Pen-USB.jpg\" class=\"wp-image-5483\" srcset=\"https:\/\/www.usborkeychain.com\/wp-content\/uploads\/Metal-lic-Pen-USB.jpg 800w, https:\/\/www.usborkeychain.com\/wp-content\/uploads\/Metal-lic-Pen-USB-300x300.jpg 300w, https:\/\/www.usborkeychain.com\/wp-content\/uploads\/Metal-lic-Pen-USB-150x150.jpg 150w, https:\/\/www.usborkeychain.com\/wp-content\/uploads\/Metal-lic-Pen-USB-768x768.jpg 768w, https:\/\/www.usborkeychain.com\/wp-content\/uploads\/Metal-lic-Pen-USB-12x12.jpg 12w, https:\/\/www.usborkeychain.com\/wp-content\/uploads\/Metal-lic-Pen-USB-600x600.jpg 600w, https:\/\/www.usborkeychain.com\/wp-content\/uploads\/Metal-lic-Pen-USB-100x100.jpg 100w\" sizes=\"(max-width: 800px) 100vw, 800px\" \/><\/figure>\n<\/div>\n<\/div>","protected":false},"excerpt":{"rendered":"<ul>\n<li>Chiavetta USB con penna<\/li>\n<li>Unit\u00e0 USB con penna a sei fori<\/li>\n<li>Confezioni regalo personalizzate<\/li>\n<li>LOGO personalizzato<\/li>\n<li>MOQ: 100pcs<\/li>\n<\/ul>","protected":false},"featured_media":5482,"comment_status":"open","ping_status":"closed","template":"","meta":{"_seopress_robots_primary_cat":"","_seopress_titles_title":"","_seopress_titles_desc":"","_seopress_robots_index":"","site-sidebar-layout":"default","site-content-layout":"","ast-site-content-layout":"","site-content-style":"default","site-sidebar-style":"default","ast-global-header-display":"","ast-banner-title-visibility":"","ast-main-header-display":"","ast-hfb-above-header-display":"","ast-hfb-below-header-display":"","ast-hfb-mobile-header-display":"","site-post-title":"","ast-breadcrumbs-content":"","ast-featured-img":"","footer-sml-layout":"","theme-transparent-header-meta":"","adv-header-id-meta":"","stick-header-meta":"","header-above-stick-meta":"","header-main-stick-meta":"","header-below-stick-meta":"","astra-migrate-meta-layouts":"default","ast-page-background-enabled":"default","ast-page-background-meta":{"desktop":{"background-color":"var(--ast-global-color-5)","background-image":"","background-repeat":"repeat","background-position":"center center","background-size":"auto","background-attachment":"scroll","background-type":"","background-media":"","overlay-type":"","overlay-color":"","overlay-opacity":"","overlay-gradient":""},"tablet":{"background-color":"","background-image":"","background-repeat":"repeat","background-position":"center center","background-size":"auto","background-attachment":"scroll","background-type":"","background-media":"","overlay-type":"","overlay-color":"","overlay-opacity":"","overlay-gradient":""},"mobile":{"background-color":"","background-image":"","background-repeat":"repeat","background-position":"center center","background-size":"auto","background-attachment":"scroll","background-type":"","background-media":"","overlay-type":"","overlay-color":"","overlay-opacity":"","overlay-gradient":""}},"ast-content-background-meta":{"desktop":{"background-color":"var(--ast-global-color-4)","background-image":"","background-repeat":"repeat","background-position":"center center","background-size":"auto","background-attachment":"scroll","background-type":"","background-media":"","overlay-type":"","overlay-color":"","overlay-opacity":"","overlay-gradient":""},"tablet":{"background-color":"var(--ast-global-color-4)","background-image":"","background-repeat":"repeat","background-position":"center center","background-size":"auto","background-attachment":"scroll","background-type":"","background-media":"","overlay-type":"","overlay-color":"","overlay-opacity":"","overlay-gradient":""},"mobile":{"background-color":"var(--ast-global-color-4)","background-image":"","background-repeat":"repeat","background-position":"center center","background-size":"auto","background-attachment":"scroll","background-type":"","background-media":"","overlay-type":"","overlay-color":"","overlay-opacity":"","overlay-gradient":""}}},"product_brand":[],"product_cat":[100],"product_tag":[324,338],"class_list":{"0":"post-5479","1":"product","2":"type-product","3":"status-publish","4":"has-post-thumbnail","6":"product_cat-usb-drive-with-pen","7":"product_tag-ballpoint-usb-flash-drive-pen","8":"product_tag-six-hole-pen-usb-flash-drive","9":"desktop-align-left","10":"tablet-align-left","11":"mobile-align-left","13":"first","14":"instock","15":"shipping-taxable","16":"product-type-simple"},"_links":{"self":[{"href":"https:\/\/www.usborkeychain.com\/it\/wp-json\/wp\/v2\/product\/5479","targetHints":{"allow":["GET"]}}],"collection":[{"href":"https:\/\/www.usborkeychain.com\/it\/wp-json\/wp\/v2\/product"}],"about":[{"href":"https:\/\/www.usborkeychain.com\/it\/wp-json\/wp\/v2\/types\/product"}],"replies":[{"embeddable":true,"href":"https:\/\/www.usborkeychain.com\/it\/wp-json\/wp\/v2\/comments?post=5479"}],"wp:featuredmedia":[{"embeddable":true,"href":"https:\/\/www.usborkeychain.com\/it\/wp-json\/wp\/v2\/media\/5482"}],"wp:attachment":[{"href":"https:\/\/www.usborkeychain.com\/it\/wp-json\/wp\/v2\/media?parent=5479"}],"wp:term":[{"taxonomy":"product_brand","embeddable":true,"href":"https:\/\/www.usborkeychain.com\/it\/wp-json\/wp\/v2\/product_brand?post=5479"},{"taxonomy":"product_cat","embeddable":true,"href":"https:\/\/www.usborkeychain.com\/it\/wp-json\/wp\/v2\/product_cat?post=5479"},{"taxonomy":"product_tag","embeddable":true,"href":"https:\/\/www.usborkeychain.com\/it\/wp-json\/wp\/v2\/product_tag?post=5479"}],"curies":[{"name":"wp","href":"https:\/\/api.w.org\/{rel}","templated":true}]}}