{"id":5497,"date":"2025-08-01T10:40:59","date_gmt":"2025-08-01T10:40:59","guid":{"rendered":"https:\/\/www.usborkeychain.com\/?post_type=product&#038;p=5497"},"modified":"2025-08-16T03:07:19","modified_gmt":"2025-08-16T03:07:19","slug":"matte-2-in-1-usb-flash-drive-pen","status":"publish","type":"product","link":"https:\/\/www.usborkeychain.com\/it\/prodotto\/matte-2-in-1-usb-flash-drive-pen\/","title":{"rendered":"Penna opaca 2 in 1 con unit\u00e0 flash USB"},"content":{"rendered":"<div class=\"wp-block-columns is-layout-flex wp-container-core-columns-is-layout-28f84493 wp-block-columns-is-layout-flex\">\n<div class=\"wp-block-column is-vertically-aligned-center is-layout-flow wp-block-column-is-layout-flow\">\n<p>Con il suo triplice attributo di \"scrittura + archiviazione + comunicazione del marchio\", la <strong>Penna opaca 2 in 1 con unit\u00e0 flash USB <\/strong>\u00e8 diventato un prodotto innovativo che unisce praticit\u00e0 e valore di marketing. <\/p>\n\n\n\n<p>Questo prodotto utilizza l'acciaio inossidabile come materiale di base, con un design colloidale nero impermeabile sulla testa e incorpora la tecnologia opaca. Non solo garantisce la durata, ma conferisce anche una consistenza delicata, rendendolo una scelta eccellente per i regali aziendali personalizzati.<\/p>\n<\/div>\n\n\n\n<div class=\"wp-block-column is-vertically-aligned-center is-layout-flow wp-block-column-is-layout-flow\">\n<figure class=\"wp-block-image size-full\"><img alt=\"\" fetchpriority=\"high\" decoding=\"async\" width=\"800\" height=\"800\" src=\"https:\/\/www.usborkeychain.com\/wp-content\/uploads\/b84e31a018ab495bbfa15f8e22090410.jpg\" class=\"wp-image-5501\" srcset=\"https:\/\/www.usborkeychain.com\/wp-content\/uploads\/b84e31a018ab495bbfa15f8e22090410.jpg 800w, https:\/\/www.usborkeychain.com\/wp-content\/uploads\/b84e31a018ab495bbfa15f8e22090410-300x300.jpg 300w, https:\/\/www.usborkeychain.com\/wp-content\/uploads\/b84e31a018ab495bbfa15f8e22090410-150x150.jpg 150w, https:\/\/www.usborkeychain.com\/wp-content\/uploads\/b84e31a018ab495bbfa15f8e22090410-768x768.jpg 768w, https:\/\/www.usborkeychain.com\/wp-content\/uploads\/b84e31a018ab495bbfa15f8e22090410-12x12.jpg 12w, https:\/\/www.usborkeychain.com\/wp-content\/uploads\/b84e31a018ab495bbfa15f8e22090410-600x600.jpg 600w, https:\/\/www.usborkeychain.com\/wp-content\/uploads\/b84e31a018ab495bbfa15f8e22090410-100x100.jpg 100w\" sizes=\"(max-width: 800px) 100vw, 800px\" \/><\/figure>\n<\/div>\n<\/div>\n\n\n\n<h2 class=\"wp-block-heading\">Funzioni principali del prodotto<\/h2>\n\n\n\n<p>Il <strong>penna USB opaca<\/strong> \u00e8 un <strong>tipica penna USB 2 in 1<\/strong>integrando le funzioni di \"scrittura con penna a sfera\" e \"archiviazione dati USB\" in un'unica soluzione:<\/p>\n\n\n\n<div class=\"wp-block-columns is-layout-flex wp-container-core-columns-is-layout-28f84493 wp-block-columns-is-layout-flex\">\n<div class=\"wp-block-column is-vertically-aligned-center is-layout-flow wp-block-column-is-layout-flow\">\n<figure class=\"wp-block-image size-full\"><img alt=\"\" decoding=\"async\" width=\"800\" height=\"800\" src=\"https:\/\/www.usborkeychain.com\/wp-content\/uploads\/Pen-USB-Flash-Drives-1.jpg\" class=\"wp-image-5503\" srcset=\"https:\/\/www.usborkeychain.com\/wp-content\/uploads\/Pen-USB-Flash-Drives-1.jpg 800w, https:\/\/www.usborkeychain.com\/wp-content\/uploads\/Pen-USB-Flash-Drives-1-300x300.jpg 300w, https:\/\/www.usborkeychain.com\/wp-content\/uploads\/Pen-USB-Flash-Drives-1-150x150.jpg 150w, https:\/\/www.usborkeychain.com\/wp-content\/uploads\/Pen-USB-Flash-Drives-1-768x768.jpg 768w, https:\/\/www.usborkeychain.com\/wp-content\/uploads\/Pen-USB-Flash-Drives-1-12x12.jpg 12w, https:\/\/www.usborkeychain.com\/wp-content\/uploads\/Pen-USB-Flash-Drives-1-600x600.jpg 600w, https:\/\/www.usborkeychain.com\/wp-content\/uploads\/Pen-USB-Flash-Drives-1-100x100.jpg 100w\" sizes=\"(max-width: 800px) 100vw, 800px\" \/><\/figure>\n<\/div>\n\n\n\n<div class=\"wp-block-column is-vertically-aligned-center is-layout-flow wp-block-column-is-layout-flow\">\n<h3 class=\"wp-block-heading\">1. Funzione di scrittura: Comoda e scorrevole<\/h3>\n\n\n\n<p>La rotazione della punta metallica sulla testa del corpo della penna consente di estendere e ritrarre il refill, soddisfacendo le esigenze di verbalizzazione delle riunioni quotidiane e di scrittura delle trattative d'affari. La ricarica utilizza un inchiostro di alta qualit\u00e0, che scrive in modo fluido, si asciuga rapidamente e resiste alle sbavature, per soddisfare le esigenze di un uso frequente.<\/p>\n\n\n\n<h3 class=\"wp-block-heading\">2. Funzione di stoccaggio: Sicuro e stabile<\/h3>\n\n\n\n<p>Il corpo della penna \u00e8 dotato di un modulo USB integrato. Il colloide nero sulla testa \u00e8 impermeabile, antigoccia e antipolvere e supporta la lettura e la scrittura di dati ad alta velocit\u00e0 (compatibile con i protocolli USB 2.0\/3.0). Materiali come documenti, materiale didattico e video promozionali possono essere facilmente archiviati e consultati in qualsiasi momento.<\/p>\n\n\n\n<h3 class=\"wp-block-heading\">3. Vantaggi della tecnologia Matte<\/h3>\n\n\n\n<p>Il trattamento opaco della superficie non solo migliora il comfort di presa, ma ha anche propriet\u00e0 di resistenza all'usura, anti-impronta e antigraffio. Pu\u00f2 mantenere un aspetto raffinato anche dopo un uso prolungato, in linea con la ricerca del \"senso della qualit\u00e0\" negli scenari aziendali.<\/p>\n<\/div>\n<\/div>\n\n\n\n<h2 class=\"wp-block-heading\">La penna USB pu\u00f2 essere personalizzata con un logo?<\/h2>\n\n\n\n<figure class=\"wp-block-table\"><table class=\"has-fixed-layout\"><thead><tr><th>Processo di personalizzazione<\/th><th>Caratteristiche<\/th><\/tr><\/thead><tbody><tr><td>Serigrafia<\/td><td>Preferito per loghi monocolore, con colori brillanti e a basso costo<\/td><\/tr><tr><td>Tampografia<\/td><td>Supporta gradienti multicolore con un'elevata riproduzione dei dettagli<\/td><\/tr><tr><td>Incisione laser<\/td><td>Texture opaca, resistente all'usura e di alta gamma<\/td><\/tr><tr><td>Stampa a colori<\/td><td>Modelli complessi \/ disegni a colori di forte impatto visivo<\/td><\/tr><\/tbody><\/table><\/figure>\n\n\n\n<h2 class=\"wp-block-heading\">Parametri della penna USB<\/h2>\n\n\n\n<figure class=\"wp-block-table\"><table class=\"has-fixed-layout\"><thead><tr><th>Parametro Voce<\/th><th>Dettagli<\/th><\/tr><\/thead><tbody><tr><td>Capacit\u00e0<\/td><td>8GB, 16GB, 32GB, 64GB<\/td><\/tr><tr><td>Dimensioni<\/td><td>146 mm di lunghezza \u00d7 13 mm di diametro<\/td><\/tr><tr><td>Peso<\/td><td>Circa 30 g (compresi ricarica e modulo USB)<\/td><\/tr><tr><td>Colore<\/td><td>Colori normali: nero, bianco (con texture opaca); colori personalizzati disponibili in qualsiasi colore Pantone<\/td><\/tr><tr><td>Materiale<\/td><td>Fusto della penna: acciaio inossidabile; testa USB: colloide nero (grado di impermeabilit\u00e0)<\/td><\/tr><tr><td>Protocollo di interfaccia<\/td><td>USB 2.0<\/td><\/tr><tr><td>Configurazione di scrittura<\/td><td>Refill per penna a sfera da 0,5 mm (nero\/blu opzionale, colori refill personalizzati disponibili)<\/td><\/tr><\/tbody><\/table><\/figure>\n\n\n\n<h2 class=\"wp-block-heading\">Per quali settori \u00e8 adatto?<\/h2>\n\n\n\n<ul class=\"wp-block-list\"><\/ul>\n\n\n\n<div class=\"wp-block-columns are-vertically-aligned-center is-layout-flex wp-container-core-columns-is-layout-28f84493 wp-block-columns-is-layout-flex\">\n<div class=\"wp-block-column is-vertically-aligned-center is-layout-flow wp-block-column-is-layout-flow\">\n<ul class=\"wp-block-list\">\n<li><strong>Istituzioni di servizi finanziari (banche, titoli, assicurazioni):<\/strong>\n<ul class=\"wp-block-list\">\n<li>Regali aziendali da parte di account manager a clienti di alto livello per trasmettere un senso di fiducia.<\/li>\n<\/ul>\n<\/li>\n\n\n\n<li><strong>Imprese tecnologiche e internet:<\/strong>\n<ul class=\"wp-block-list\">\n<li>Un potente strumento per la promozione delle mostre<\/li>\n\n\n\n<li>Regali commemorativi per i dipendenti\/regali di benvenuto per i nuovi dipendenti<\/li>\n\n\n\n<li>Regali per scambi tecnici<\/li>\n<\/ul>\n<\/li>\n\n\n\n<li><strong>Istituti di consulenza e servizi professionali (consulenza gestionale, legale, contabile):<\/strong>\n<ul class=\"wp-block-list\">\n<li>Regali di ringraziamento per clienti importanti<\/li>\n\n\n\n<li>Regali cerimoniali in occasione delle cerimonie di firma.<\/li>\n<\/ul>\n<\/li>\n\n\n\n<li><strong>Grandi imprese manifatturiere e multinazionali:<\/strong>\n<ul class=\"wp-block-list\">\n<li>Squisiti souvenir per conferenze e forum industriali di alto livello.<\/li>\n<\/ul>\n<\/li>\n<\/ul>\n<\/div>\n\n\n\n<div class=\"wp-block-column is-vertically-aligned-center is-layout-flow wp-block-column-is-layout-flow\">\n<figure class=\"wp-block-image size-full\"><img alt=\"\" decoding=\"async\" width=\"800\" height=\"800\" src=\"https:\/\/www.usborkeychain.com\/wp-content\/uploads\/Ballpoint-pen-USB-drive.jpg\" class=\"wp-image-5502\" srcset=\"https:\/\/www.usborkeychain.com\/wp-content\/uploads\/Ballpoint-pen-USB-drive.jpg 800w, https:\/\/www.usborkeychain.com\/wp-content\/uploads\/Ballpoint-pen-USB-drive-300x300.jpg 300w, https:\/\/www.usborkeychain.com\/wp-content\/uploads\/Ballpoint-pen-USB-drive-150x150.jpg 150w, https:\/\/www.usborkeychain.com\/wp-content\/uploads\/Ballpoint-pen-USB-drive-768x768.jpg 768w, https:\/\/www.usborkeychain.com\/wp-content\/uploads\/Ballpoint-pen-USB-drive-12x12.jpg 12w, https:\/\/www.usborkeychain.com\/wp-content\/uploads\/Ballpoint-pen-USB-drive-600x600.jpg 600w, https:\/\/www.usborkeychain.com\/wp-content\/uploads\/Ballpoint-pen-USB-drive-100x100.jpg 100w\" sizes=\"(max-width: 800px) 100vw, 800px\" \/><\/figure>\n<\/div>\n<\/div>\n\n\n\n<div class=\"wp-block-columns is-layout-flex wp-container-core-columns-is-layout-28f84493 wp-block-columns-is-layout-flex\">\n<div class=\"wp-block-column is-layout-flow wp-block-column-is-layout-flow\">\n<figure class=\"wp-block-image size-full\"><img alt=\"\" loading=\"lazy\" decoding=\"async\" width=\"800\" height=\"735\" src=\"https:\/\/www.usborkeychain.com\/wp-content\/uploads\/2-in-1-ballpoint-pen-USB-stick.jpg\" class=\"wp-image-5500\" srcset=\"https:\/\/www.usborkeychain.com\/wp-content\/uploads\/2-in-1-ballpoint-pen-USB-stick.jpg 800w, https:\/\/www.usborkeychain.com\/wp-content\/uploads\/2-in-1-ballpoint-pen-USB-stick-300x276.jpg 300w, https:\/\/www.usborkeychain.com\/wp-content\/uploads\/2-in-1-ballpoint-pen-USB-stick-768x706.jpg 768w, https:\/\/www.usborkeychain.com\/wp-content\/uploads\/2-in-1-ballpoint-pen-USB-stick-13x12.jpg 13w, https:\/\/www.usborkeychain.com\/wp-content\/uploads\/2-in-1-ballpoint-pen-USB-stick-600x551.jpg 600w\" sizes=\"(max-width: 800px) 100vw, 800px\" \/><\/figure>\n<\/div>\n\n\n\n<div class=\"wp-block-column is-vertically-aligned-center is-layout-flow wp-block-column-is-layout-flow\">\n<p>Il <strong>penna flash USB 2 in 1 opaca,<\/strong> con il suo design \"integrazione funzionale + personalizzazione del marchio\", rompe l'attributo singolo dei regali tradizionali e diventa un doppio vettore di \"strumento pratico + mezzo di comunicazione del marchio\" negli scenari aziendali. Che si tratti di promozione aziendale, fidelizzazione dei clienti o uso interno in ufficio, la sua delicata tecnologia opaca, le sue prestazioni stabili e le sue soluzioni di personalizzazione flessibili possono conferire al marchio un potere comunicativo pi\u00f9 duraturo.<\/p>\n<\/div>\n<\/div>","protected":false},"excerpt":{"rendered":"<ul>\n<li>Tipico USB 2 in 1<\/li>\n<li>Acciaio inox<\/li>\n<li>Colloide nero impermeabile<\/li>\n<li>Personalizzazione del marchio<\/li>\n<li>MOQ: 100pcs<\/li>\n<\/ul>","protected":false},"featured_media":5501,"comment_status":"open","ping_status":"closed","template":"","meta":{"_seopress_robots_primary_cat":"","_seopress_titles_title":"","_seopress_titles_desc":"","_seopress_robots_index":"","site-sidebar-layout":"default","site-content-layout":"","ast-site-content-layout":"","site-content-style":"default","site-sidebar-style":"default","ast-global-header-display":"","ast-banner-title-visibility":"","ast-main-header-display":"","ast-hfb-above-header-display":"","ast-hfb-below-header-display":"","ast-hfb-mobile-header-display":"","site-post-title":"","ast-breadcrumbs-content":"","ast-featured-img":"","footer-sml-layout":"","theme-transparent-header-meta":"","adv-header-id-meta":"","stick-header-meta":"","header-above-stick-meta":"","header-main-stick-meta":"","header-below-stick-meta":"","astra-migrate-meta-layouts":"default","ast-page-background-enabled":"default","ast-page-background-meta":{"desktop":{"background-color":"var(--ast-global-color-5)","background-image":"","background-repeat":"repeat","background-position":"center center","background-size":"auto","background-attachment":"scroll","background-type":"","background-media":"","overlay-type":"","overlay-color":"","overlay-opacity":"","overlay-gradient":""},"tablet":{"background-color":"","background-image":"","background-repeat":"repeat","background-position":"center center","background-size":"auto","background-attachment":"scroll","background-type":"","background-media":"","overlay-type":"","overlay-color":"","overlay-opacity":"","overlay-gradient":""},"mobile":{"background-color":"","background-image":"","background-repeat":"repeat","background-position":"center center","background-size":"auto","background-attachment":"scroll","background-type":"","background-media":"","overlay-type":"","overlay-color":"","overlay-opacity":"","overlay-gradient":""}},"ast-content-background-meta":{"desktop":{"background-color":"var(--ast-global-color-4)","background-image":"","background-repeat":"repeat","background-position":"center center","background-size":"auto","background-attachment":"scroll","background-type":"","background-media":"","overlay-type":"","overlay-color":"","overlay-opacity":"","overlay-gradient":""},"tablet":{"background-color":"var(--ast-global-color-4)","background-image":"","background-repeat":"repeat","background-position":"center center","background-size":"auto","background-attachment":"scroll","background-type":"","background-media":"","overlay-type":"","overlay-color":"","overlay-opacity":"","overlay-gradient":""},"mobile":{"background-color":"var(--ast-global-color-4)","background-image":"","background-repeat":"repeat","background-position":"center center","background-size":"auto","background-attachment":"scroll","background-type":"","background-media":"","overlay-type":"","overlay-color":"","overlay-opacity":"","overlay-gradient":""}}},"product_brand":[],"product_cat":[100,103],"product_tag":[334,340,331],"class_list":{"0":"post-5497","1":"product","2":"type-product","3":"status-publish","4":"has-post-thumbnail","6":"product_cat-usb-drive-with-pen","7":"product_cat-usb2-0-usb-pendrive","8":"product_tag-2-in-1-ballpoint-pen-usb-drive-2","9":"product_tag-matte-2-in-1-usb-flash-drive-pen","10":"product_tag-usb-flash-drive-with-stylus-pen","11":"desktop-align-left","12":"tablet-align-left","13":"mobile-align-left","15":"first","16":"instock","17":"shipping-taxable","18":"product-type-simple"},"_links":{"self":[{"href":"https:\/\/www.usborkeychain.com\/it\/wp-json\/wp\/v2\/product\/5497","targetHints":{"allow":["GET"]}}],"collection":[{"href":"https:\/\/www.usborkeychain.com\/it\/wp-json\/wp\/v2\/product"}],"about":[{"href":"https:\/\/www.usborkeychain.com\/it\/wp-json\/wp\/v2\/types\/product"}],"replies":[{"embeddable":true,"href":"https:\/\/www.usborkeychain.com\/it\/wp-json\/wp\/v2\/comments?post=5497"}],"wp:featuredmedia":[{"embeddable":true,"href":"https:\/\/www.usborkeychain.com\/it\/wp-json\/wp\/v2\/media\/5501"}],"wp:attachment":[{"href":"https:\/\/www.usborkeychain.com\/it\/wp-json\/wp\/v2\/media?parent=5497"}],"wp:term":[{"taxonomy":"product_brand","embeddable":true,"href":"https:\/\/www.usborkeychain.com\/it\/wp-json\/wp\/v2\/product_brand?post=5497"},{"taxonomy":"product_cat","embeddable":true,"href":"https:\/\/www.usborkeychain.com\/it\/wp-json\/wp\/v2\/product_cat?post=5497"},{"taxonomy":"product_tag","embeddable":true,"href":"https:\/\/www.usborkeychain.com\/it\/wp-json\/wp\/v2\/product_tag?post=5497"}],"curies":[{"name":"wp","href":"https:\/\/api.w.org\/{rel}","templated":true}]}}