{"id":5504,"date":"2025-08-01T10:44:15","date_gmt":"2025-08-01T10:44:15","guid":{"rendered":"https:\/\/www.usborkeychain.com\/?post_type=product&#038;p=5504"},"modified":"2025-08-01T10:44:19","modified_gmt":"2025-08-01T10:44:19","slug":"simpars-custom-puppy-shaped-pvc-usb-drive","status":"publish","type":"product","link":"https:\/\/www.usborkeychain.com\/it\/prodotto\/simpars-custom-puppy-shaped-pvc-usb-drive\/","title":{"rendered":"Chiavetta USB SIMPAR a forma di cucciolo in PVC"},"content":{"rendered":"<h3 class=\"wp-block-heading\">1. Regalo con il marchio di SIMPAR<\/h3>\n\n\n\n<p>Questo&nbsp;<strong>Unit\u00e0 USB a forma di cucciolo in PVC e gomma morbida<\/strong>&nbsp;\u00e8 un regalo promozionale personalizzato progettato esclusivamente per e da&nbsp;<strong>SIMPAR<\/strong>. I nomi dei marchi \"SIMPAR\" e \"renewabletab\" sono ben visibili sull'unit\u00e0, trasformando un accessorio digitale in un messaggero unico del marchio.<\/p>\n\n\n\n<div class=\"wp-block-columns is-layout-flex wp-container-core-columns-is-layout-28f84493 wp-block-columns-is-layout-flex\">\n<div class=\"wp-block-column is-layout-flow wp-block-column-is-layout-flow\">\n<figure class=\"wp-block-image size-full\"><img alt=\"\" fetchpriority=\"high\" decoding=\"async\" width=\"800\" height=\"800\" src=\"https:\/\/www.usborkeychain.com\/wp-content\/uploads\/custom-dog-shaped-flash-disk.png\" class=\"wp-image-5519\" srcset=\"https:\/\/www.usborkeychain.com\/wp-content\/uploads\/custom-dog-shaped-flash-disk.png 800w, https:\/\/www.usborkeychain.com\/wp-content\/uploads\/custom-dog-shaped-flash-disk-300x300.png 300w, https:\/\/www.usborkeychain.com\/wp-content\/uploads\/custom-dog-shaped-flash-disk-150x150.png 150w, https:\/\/www.usborkeychain.com\/wp-content\/uploads\/custom-dog-shaped-flash-disk-768x768.png 768w, https:\/\/www.usborkeychain.com\/wp-content\/uploads\/custom-dog-shaped-flash-disk-12x12.png 12w, https:\/\/www.usborkeychain.com\/wp-content\/uploads\/custom-dog-shaped-flash-disk-600x600.png 600w, https:\/\/www.usborkeychain.com\/wp-content\/uploads\/custom-dog-shaped-flash-disk-100x100.png 100w\" sizes=\"(max-width: 800px) 100vw, 800px\" \/><\/figure>\n<\/div>\n\n\n\n<div class=\"wp-block-column is-layout-flow wp-block-column-is-layout-flow\">\n<figure class=\"wp-block-image size-full\"><img alt=\"\" decoding=\"async\" width=\"800\" height=\"800\" src=\"https:\/\/www.usborkeychain.com\/wp-content\/uploads\/white-dog-usb-drive.png\" class=\"wp-image-5518\" srcset=\"https:\/\/www.usborkeychain.com\/wp-content\/uploads\/white-dog-usb-drive.png 800w, https:\/\/www.usborkeychain.com\/wp-content\/uploads\/white-dog-usb-drive-300x300.png 300w, https:\/\/www.usborkeychain.com\/wp-content\/uploads\/white-dog-usb-drive-150x150.png 150w, https:\/\/www.usborkeychain.com\/wp-content\/uploads\/white-dog-usb-drive-768x768.png 768w, https:\/\/www.usborkeychain.com\/wp-content\/uploads\/white-dog-usb-drive-12x12.png 12w, https:\/\/www.usborkeychain.com\/wp-content\/uploads\/white-dog-usb-drive-600x600.png 600w, https:\/\/www.usborkeychain.com\/wp-content\/uploads\/white-dog-usb-drive-100x100.png 100w\" sizes=\"(max-width: 800px) 100vw, 800px\" \/><\/figure>\n<\/div>\n<\/div>\n\n\n\n<h3 class=\"wp-block-heading\">2. Dettagli sul design e sui materiali<\/h3>\n\n\n\n<p>Realizzato in&nbsp;<strong>Gomma morbida in PVC<\/strong>, l'unit\u00e0 USB vanta una&nbsp;<strong>sagoma piatta di un cucciolo in 2D<\/strong>:<\/p>\n\n\n\n<ul class=\"wp-block-list\">\n<li>La base bianca \u00e8 flessibile, resistente alle cadute e durevole, mantenendo la sua forma anche dopo un uso prolungato.<\/li>\n\n\n\n<li>Attraverso un'avanzata\u00a0<strong>tecnologia di stampaggio e pressatura<\/strong>,\u00a0<strong>3D - testo \"SIMPAR\" colorato<\/strong>La scritta grigia \"renewabletab\" e i motivi marroni della coda e delle zampe del cucciolo sono perfettamente integrati. In questo modo gli elementi del marchio si fondono perfettamente con il simpatico design, creando un forte impatto visivo.<\/li>\n<\/ul>\n\n\n\n<h3 class=\"wp-block-heading\">3. Cosa fa SIMPAR?<\/h3>\n\n\n\n<p>Il termine \"renewabletab\" (una combinazione di \"renewable\" e \"tab\", che suggerisce un'area mirata) suggerisce che&nbsp;<strong>SIMPAR opera nel campo della sostenibilit\u00e0<\/strong>. Pu\u00f2 essere profondamente coinvolta nella ricerca e nello sviluppo delle energie rinnovabili, nella difesa dell'ambiente o nelle soluzioni di economia circolare, sforzandosi di promuovere lo sviluppo verde attraverso approcci innovativi.<\/p>\n\n\n\n<div class=\"wp-block-columns is-layout-flex wp-container-core-columns-is-layout-28f84493 wp-block-columns-is-layout-flex\">\n<div class=\"wp-block-column is-layout-flow wp-block-column-is-layout-flow\">\n<figure class=\"wp-block-image size-full\"><img alt=\"\" decoding=\"async\" width=\"800\" height=\"800\" src=\"https:\/\/www.usborkeychain.com\/wp-content\/uploads\/simpar-usb-flash-drive-dog-shaped.png\" class=\"wp-image-5522\" srcset=\"https:\/\/www.usborkeychain.com\/wp-content\/uploads\/simpar-usb-flash-drive-dog-shaped.png 800w, https:\/\/www.usborkeychain.com\/wp-content\/uploads\/simpar-usb-flash-drive-dog-shaped-300x300.png 300w, https:\/\/www.usborkeychain.com\/wp-content\/uploads\/simpar-usb-flash-drive-dog-shaped-150x150.png 150w, https:\/\/www.usborkeychain.com\/wp-content\/uploads\/simpar-usb-flash-drive-dog-shaped-768x768.png 768w, https:\/\/www.usborkeychain.com\/wp-content\/uploads\/simpar-usb-flash-drive-dog-shaped-12x12.png 12w, https:\/\/www.usborkeychain.com\/wp-content\/uploads\/simpar-usb-flash-drive-dog-shaped-600x600.png 600w, https:\/\/www.usborkeychain.com\/wp-content\/uploads\/simpar-usb-flash-drive-dog-shaped-100x100.png 100w\" sizes=\"(max-width: 800px) 100vw, 800px\" \/><\/figure>\n<\/div>\n\n\n\n<div class=\"wp-block-column is-layout-flow wp-block-column-is-layout-flow\">\n<figure class=\"wp-block-image size-full\"><img alt=\"\" loading=\"lazy\" decoding=\"async\" width=\"800\" height=\"800\" src=\"https:\/\/www.usborkeychain.com\/wp-content\/uploads\/dog-shaped-usb-flash-drive.png\" class=\"wp-image-5520\" srcset=\"https:\/\/www.usborkeychain.com\/wp-content\/uploads\/dog-shaped-usb-flash-drive.png 800w, https:\/\/www.usborkeychain.com\/wp-content\/uploads\/dog-shaped-usb-flash-drive-300x300.png 300w, https:\/\/www.usborkeychain.com\/wp-content\/uploads\/dog-shaped-usb-flash-drive-150x150.png 150w, https:\/\/www.usborkeychain.com\/wp-content\/uploads\/dog-shaped-usb-flash-drive-768x768.png 768w, https:\/\/www.usborkeychain.com\/wp-content\/uploads\/dog-shaped-usb-flash-drive-12x12.png 12w, https:\/\/www.usborkeychain.com\/wp-content\/uploads\/dog-shaped-usb-flash-drive-600x600.png 600w, https:\/\/www.usborkeychain.com\/wp-content\/uploads\/dog-shaped-usb-flash-drive-100x100.png 100w\" sizes=\"(max-width: 800px) 100vw, 800px\" \/><\/figure>\n<\/div>\n<\/div>\n\n\n\n<h3 class=\"wp-block-heading\">4. Scopi di questa unit\u00e0 USB personalizzata<\/h3>\n\n\n\n<ul class=\"wp-block-list\">\n<li><strong>Aumentare la visibilit\u00e0 del marchio<\/strong>: L'adorabile design del cucciolo rompe l'immagine monotona dei prodotti digitali. Durante le fiere e gli incontri d'affari, cattura facilmente lo sguardo delle persone e rafforza il ricordo del marchio \"SIMPAR\".<\/li>\n\n\n\n<li><strong>Trasmettere i valori del marchio<\/strong>: Legata al concetto di tutela ambientale tramite \"renewabletab\", la chiavetta USB comunica in modo sottile a clienti e partner l'impegno dell'azienda per la sostenibilit\u00e0, approfondendo il riconoscimento del marchio.<\/li>\n\n\n\n<li><strong>Unirsi all'uso quotidiano<\/strong>: Come omaggio per eventi o per i clienti, soddisfa le esigenze di archiviazione dei dati e di trasferimento dei file. In questo modo, il marchio rimane con gli utenti sia nel lavoro che nella vita quotidiana, costruendo continuamente una buona reputazione.<\/li>\n<\/ul>\n\n\n\n<h3 class=\"wp-block-heading\">5. Conclusione: Piccola unit\u00e0, grande impatto<\/h3>\n\n\n\n<p>Questa unit\u00e0 USB personalizzata, incentrata su&nbsp;<strong>\"Design carino + personalizzazione del marchio + funzione pratica\".<\/strong>non \u00e8 solo una vetrina del calore e della filosofia del marchio SIMPAR, ma anche un esempio di \"soft rubber marketing\" innovativo. \u00c8 la dimostrazione che un piccolo gadget digitale pu\u00f2 veicolare efficacemente il valore del marchio e connettersi con gli utenti, rendendo la comunicazione del marchio pi\u00f9 vivida e duratura.<\/p>","protected":false},"excerpt":{"rendered":"<ul>\n<li>Materiale PVC<\/li>\n<li>Usb a forma di cane<\/li>\n<li>Progettazione 2D<\/li>\n<li>MOQ: 100pcs<\/li>\n<li>Offerta di SIMPAR<\/li>\n<\/ul>","protected":false},"featured_media":5519,"comment_status":"open","ping_status":"closed","template":"","meta":{"_seopress_robots_primary_cat":"","_seopress_titles_title":"","_seopress_titles_desc":"","_seopress_robots_index":"","site-sidebar-layout":"default","site-content-layout":"","ast-site-content-layout":"","site-content-style":"default","site-sidebar-style":"default","ast-global-header-display":"","ast-banner-title-visibility":"","ast-main-header-display":"","ast-hfb-above-header-display":"","ast-hfb-below-header-display":"","ast-hfb-mobile-header-display":"","site-post-title":"","ast-breadcrumbs-content":"","ast-featured-img":"","footer-sml-layout":"","theme-transparent-header-meta":"","adv-header-id-meta":"","stick-header-meta":"","header-above-stick-meta":"","header-main-stick-meta":"","header-below-stick-meta":"","astra-migrate-meta-layouts":"default","ast-page-background-enabled":"default","ast-page-background-meta":{"desktop":{"background-color":"var(--ast-global-color-5)","background-image":"","background-repeat":"repeat","background-position":"center center","background-size":"auto","background-attachment":"scroll","background-type":"","background-media":"","overlay-type":"","overlay-color":"","overlay-opacity":"","overlay-gradient":""},"tablet":{"background-color":"","background-image":"","background-repeat":"repeat","background-position":"center center","background-size":"auto","background-attachment":"scroll","background-type":"","background-media":"","overlay-type":"","overlay-color":"","overlay-opacity":"","overlay-gradient":""},"mobile":{"background-color":"","background-image":"","background-repeat":"repeat","background-position":"center center","background-size":"auto","background-attachment":"scroll","background-type":"","background-media":"","overlay-type":"","overlay-color":"","overlay-opacity":"","overlay-gradient":""}},"ast-content-background-meta":{"desktop":{"background-color":"var(--ast-global-color-4)","background-image":"","background-repeat":"repeat","background-position":"center center","background-size":"auto","background-attachment":"scroll","background-type":"","background-media":"","overlay-type":"","overlay-color":"","overlay-opacity":"","overlay-gradient":""},"tablet":{"background-color":"var(--ast-global-color-4)","background-image":"","background-repeat":"repeat","background-position":"center center","background-size":"auto","background-attachment":"scroll","background-type":"","background-media":"","overlay-type":"","overlay-color":"","overlay-opacity":"","overlay-gradient":""},"mobile":{"background-color":"var(--ast-global-color-4)","background-image":"","background-repeat":"repeat","background-position":"center center","background-size":"auto","background-attachment":"scroll","background-type":"","background-media":"","overlay-type":"","overlay-color":"","overlay-opacity":"","overlay-gradient":""}}},"product_brand":[],"product_cat":[95],"product_tag":[],"class_list":{"0":"post-5504","1":"product","2":"type-product","3":"status-publish","4":"has-post-thumbnail","6":"product_cat-promotional-usb-drive","7":"desktop-align-left","8":"tablet-align-left","9":"mobile-align-left","11":"first","12":"instock","13":"shipping-taxable","14":"product-type-simple"},"_links":{"self":[{"href":"https:\/\/www.usborkeychain.com\/it\/wp-json\/wp\/v2\/product\/5504","targetHints":{"allow":["GET"]}}],"collection":[{"href":"https:\/\/www.usborkeychain.com\/it\/wp-json\/wp\/v2\/product"}],"about":[{"href":"https:\/\/www.usborkeychain.com\/it\/wp-json\/wp\/v2\/types\/product"}],"replies":[{"embeddable":true,"href":"https:\/\/www.usborkeychain.com\/it\/wp-json\/wp\/v2\/comments?post=5504"}],"wp:featuredmedia":[{"embeddable":true,"href":"https:\/\/www.usborkeychain.com\/it\/wp-json\/wp\/v2\/media\/5519"}],"wp:attachment":[{"href":"https:\/\/www.usborkeychain.com\/it\/wp-json\/wp\/v2\/media?parent=5504"}],"wp:term":[{"taxonomy":"product_brand","embeddable":true,"href":"https:\/\/www.usborkeychain.com\/it\/wp-json\/wp\/v2\/product_brand?post=5504"},{"taxonomy":"product_cat","embeddable":true,"href":"https:\/\/www.usborkeychain.com\/it\/wp-json\/wp\/v2\/product_cat?post=5504"},{"taxonomy":"product_tag","embeddable":true,"href":"https:\/\/www.usborkeychain.com\/it\/wp-json\/wp\/v2\/product_tag?post=5504"}],"curies":[{"name":"wp","href":"https:\/\/api.w.org\/{rel}","templated":true}]}}