{"id":5562,"date":"2025-08-02T14:33:20","date_gmt":"2025-08-02T14:33:20","guid":{"rendered":"https:\/\/www.usborkeychain.com\/?post_type=product&#038;p=5562"},"modified":"2025-08-02T16:17:54","modified_gmt":"2025-08-02T16:17:54","slug":"magnetic-flap-leather-usb-flash-drive","status":"publish","type":"product","link":"https:\/\/www.usborkeychain.com\/it\/prodotto\/magnetic-flap-leather-usb-flash-drive\/","title":{"rendered":"Chiavetta USB in pelle con patta magnetica"},"content":{"rendered":"<div class=\"wp-block-columns is-layout-flex wp-container-core-columns-is-layout-28f84493 wp-block-columns-is-layout-flex\">\n<div class=\"wp-block-column is-vertically-aligned-center is-layout-flow wp-block-column-is-layout-flow\">\n<p>Il <strong>Chiavetta USB in pelle con patta magnetica<\/strong> \u00e8 caratterizzato da una \"struttura magnetica flip cover\" come nucleo centrale. Adotta un processo di stampaggio in un unico pezzo in lega di alluminio-magnesio e viene sottoposto a trattamenti di sabbiatura e galvanica, ottenendo una superficie resistente all'usura e ai graffi. L'interfaccia USB \u00e8 dotata di un rivestimento antiossidazione incorporato (con una durata di inserimento\/disinserimento di \u2265 10.000 volte), che garantisce una trasmissione stabile dei dati a lungo termine.<\/p>\n\n\n\n<h2 class=\"wp-block-heading\">Custodia in pelle:<\/h2>\n\n\n\n<p>Dettagli artigianali: I bordi adottano una tecnica di cucitura a doppio punto (distanza dei punti \u2264 2 mm) per migliorare la stabilit\u00e0 strutturale, eliminare il rischio di allentamento del filo e migliorare la delicatezza visiva.<\/p>\n\n\n\n<p>Modello base: Pelle PU selezionata ad alta densit\u00e0 (flessibile, resistente agli schizzi, controllabile a livello di costi, adatta all'acquisto in blocco);<\/p>\n\n\n\n<p>Modello Premium: Pelle di vacchetta top-grain personalizzata (consistenza naturale, sensazione di pelle, adatta a scenari di lavoro di alto livello);<\/p>\n<\/div>\n\n\n\n<div class=\"wp-block-column is-vertically-aligned-center is-layout-flow wp-block-column-is-layout-flow\">\n<figure class=\"wp-block-image size-full\"><img alt=\"\" fetchpriority=\"high\" decoding=\"async\" width=\"800\" height=\"800\" src=\"https:\/\/www.usborkeychain.com\/wp-content\/uploads\/Premium-Leather-USB-Flash-Drive.png\" class=\"wp-image-5572\" srcset=\"https:\/\/www.usborkeychain.com\/wp-content\/uploads\/Premium-Leather-USB-Flash-Drive.png 800w, https:\/\/www.usborkeychain.com\/wp-content\/uploads\/Premium-Leather-USB-Flash-Drive-300x300.png 300w, https:\/\/www.usborkeychain.com\/wp-content\/uploads\/Premium-Leather-USB-Flash-Drive-150x150.png 150w, https:\/\/www.usborkeychain.com\/wp-content\/uploads\/Premium-Leather-USB-Flash-Drive-768x768.png 768w, https:\/\/www.usborkeychain.com\/wp-content\/uploads\/Premium-Leather-USB-Flash-Drive-12x12.png 12w, https:\/\/www.usborkeychain.com\/wp-content\/uploads\/Premium-Leather-USB-Flash-Drive-600x600.png 600w, https:\/\/www.usborkeychain.com\/wp-content\/uploads\/Premium-Leather-USB-Flash-Drive-100x100.png 100w\" sizes=\"(max-width: 800px) 100vw, 800px\" \/><\/figure>\n<\/div>\n<\/div>\n\n\n\n<div class=\"wp-block-columns are-vertically-aligned-center is-layout-flex wp-container-core-columns-is-layout-28f84493 wp-block-columns-is-layout-flex\">\n<div class=\"wp-block-column is-vertically-aligned-center is-layout-flow wp-block-column-is-layout-flow\">\n<figure class=\"wp-block-image size-full\"><img alt=\"\" decoding=\"async\" width=\"800\" height=\"800\" src=\"https:\/\/www.usborkeychain.com\/wp-content\/uploads\/Magnetic-Flap-Leather-USB-Flash-Drive.png\" class=\"wp-image-5570\" srcset=\"https:\/\/www.usborkeychain.com\/wp-content\/uploads\/Magnetic-Flap-Leather-USB-Flash-Drive.png 800w, https:\/\/www.usborkeychain.com\/wp-content\/uploads\/Magnetic-Flap-Leather-USB-Flash-Drive-300x300.png 300w, https:\/\/www.usborkeychain.com\/wp-content\/uploads\/Magnetic-Flap-Leather-USB-Flash-Drive-150x150.png 150w, https:\/\/www.usborkeychain.com\/wp-content\/uploads\/Magnetic-Flap-Leather-USB-Flash-Drive-768x768.png 768w, https:\/\/www.usborkeychain.com\/wp-content\/uploads\/Magnetic-Flap-Leather-USB-Flash-Drive-12x12.png 12w, https:\/\/www.usborkeychain.com\/wp-content\/uploads\/Magnetic-Flap-Leather-USB-Flash-Drive-600x600.png 600w, https:\/\/www.usborkeychain.com\/wp-content\/uploads\/Magnetic-Flap-Leather-USB-Flash-Drive-100x100.png 100w\" sizes=\"(max-width: 800px) 100vw, 800px\" \/><\/figure>\n<\/div>\n\n\n\n<div class=\"wp-block-column is-vertically-aligned-center is-layout-flow wp-block-column-is-layout-flow\">\n<h3 class=\"wp-block-heading\">Vantaggi principali<\/h3>\n\n\n\n<ul class=\"wp-block-list\">\n<li>Sistema di chiusura magnetica: La flip cover in pelle \u00e8 dotata di un forte magnete al neodimio-ferro-boro (forza di adsorbimento \u2265 1,5N), che si adatta con precisione al corpo metallico, garantendo una chiusura sicura e un'apertura\/chiusura fluida senza allentamenti o guasti del magnete.<\/li>\n\n\n\n<li>Esperienza senza coperchio: L'interfaccia USB \u00e8 nascosta all'interno del coperchio in pelle. Quando \u00e8 in uso, \u00e8 sufficiente capovolgere la copertura in pelle per collegarla direttamente al dispositivo, eliminando completamente il problema di \"perdere il coperchio\"; quando \u00e8 chiusa, racchiude completamente l'interfaccia, evitando efficacemente polvere e graffi.<\/li>\n\n\n\n<li>Adattabilit\u00e0 alla scena: Il design che combina una custodia in pelle cucita con una texture metallica \u00e8 il modello classico pi\u00f9 accettato dal mercato nella categoria delle unit\u00e0 USB con custodia in pelle.<\/li>\n<\/ul>\n<\/div>\n<\/div>\n\n\n\n<h2 class=\"wp-block-heading\">Quali sono le personalizzazioni supportate per la chiavetta USB in pelle con chiusura magnetica?<\/h2>\n\n\n\n<h3 class=\"wp-block-heading\">1. Personalizzazione del logo sulla superficie in pelle<\/h3>\n\n\n\n<figure class=\"wp-block-table\"><table class=\"has-fixed-layout\"><thead><tr><th>Tipo di artigianato<\/th><th>Scenari applicabili<\/th><th>Caratteristiche dell'effetto<\/th><\/tr><\/thead><tbody><tr><td>Incisione laser<\/td><td>Testo fine, LOGO semplice<\/td><td>Finitura opaca \u78e8\u7802, linee chiare<\/td><\/tr><tr><td>Stampaggio a caldo<\/td><td>LOGO tridimensionale, logo del marchio<\/td><td>Struttura in rilievo, tocco deciso<\/td><\/tr><tr><td>Serigrafia<\/td><td>Modelli colorati, disegni sfumati<\/td><td>Colori vivaci, alta \u8fd8\u539f\u5ea6<\/td><\/tr><tr><td>Stampaggio in lamina d'oro\/argento<\/td><td>Business di alto livello, stili lussuosi<\/td><td>Lucentezza metallica, qualit\u00e0 migliorata<\/td><\/tr><\/tbody><\/table><\/figure>\n\n\n\n<div class=\"wp-block-columns is-layout-flex wp-container-core-columns-is-layout-28f84493 wp-block-columns-is-layout-flex\">\n<div class=\"wp-block-column is-layout-flow wp-block-column-is-layout-flow\">\n<h3 class=\"wp-block-heading\">2. Materiali in pelle<\/h3>\n\n\n\n<ul class=\"wp-block-list\">\n<li>Pelle: Oltre alla pelle bovina di prima scelta e al PU, sono supportate anche le texture speciali personalizzate (come il motivo a coccodrillo, la pelle di cavallo) e la pelle ecologica (materiali biodegradabili).<\/li>\n<\/ul>\n\n\n\n<figure class=\"wp-block-image size-full\"><img alt=\"\" decoding=\"async\" width=\"800\" height=\"800\" src=\"https:\/\/www.usborkeychain.com\/wp-content\/uploads\/usb-flash-drive-leather-case.png\" class=\"wp-image-5573\" srcset=\"https:\/\/www.usborkeychain.com\/wp-content\/uploads\/usb-flash-drive-leather-case.png 800w, https:\/\/www.usborkeychain.com\/wp-content\/uploads\/usb-flash-drive-leather-case-300x300.png 300w, https:\/\/www.usborkeychain.com\/wp-content\/uploads\/usb-flash-drive-leather-case-150x150.png 150w, https:\/\/www.usborkeychain.com\/wp-content\/uploads\/usb-flash-drive-leather-case-768x768.png 768w, https:\/\/www.usborkeychain.com\/wp-content\/uploads\/usb-flash-drive-leather-case-12x12.png 12w, https:\/\/www.usborkeychain.com\/wp-content\/uploads\/usb-flash-drive-leather-case-600x600.png 600w, https:\/\/www.usborkeychain.com\/wp-content\/uploads\/usb-flash-drive-leather-case-100x100.png 100w\" sizes=\"(max-width: 800px) 100vw, 800px\" \/><\/figure>\n<\/div>\n\n\n\n<div class=\"wp-block-column is-layout-flow wp-block-column-is-layout-flow\">\n<h3 class=\"wp-block-heading\">3. Personalizzazione del colore<\/h3>\n\n\n\n<ul class=\"wp-block-list\">\n<li>Copre l'intera gamma di colori Pantone, supportando l'abbinamento dei colori aziendali VI esclusivi (come i colori standard del marchio, i colori a tema per gli eventi) per soddisfare le esigenze visive personalizzate.<\/li>\n<\/ul>\n\n\n\n<figure class=\"wp-block-image size-full\"><img alt=\"\" loading=\"lazy\" decoding=\"async\" width=\"800\" height=\"800\" src=\"https:\/\/www.usborkeychain.com\/wp-content\/uploads\/Leather-USB-Flash-Drives.png\" class=\"wp-image-5569\" srcset=\"https:\/\/www.usborkeychain.com\/wp-content\/uploads\/Leather-USB-Flash-Drives.png 800w, https:\/\/www.usborkeychain.com\/wp-content\/uploads\/Leather-USB-Flash-Drives-300x300.png 300w, https:\/\/www.usborkeychain.com\/wp-content\/uploads\/Leather-USB-Flash-Drives-150x150.png 150w, https:\/\/www.usborkeychain.com\/wp-content\/uploads\/Leather-USB-Flash-Drives-768x768.png 768w, https:\/\/www.usborkeychain.com\/wp-content\/uploads\/Leather-USB-Flash-Drives-12x12.png 12w, https:\/\/www.usborkeychain.com\/wp-content\/uploads\/Leather-USB-Flash-Drives-600x600.png 600w, https:\/\/www.usborkeychain.com\/wp-content\/uploads\/Leather-USB-Flash-Drives-100x100.png 100w\" sizes=\"(max-width: 800px) 100vw, 800px\" \/><\/figure>\n<\/div>\n<\/div>\n\n\n\n<h2 class=\"wp-block-heading\">Parametri dell'unit\u00e0 USB<\/h2>\n\n\n\n<figure class=\"wp-block-table\"><table class=\"has-fixed-layout\"><thead><tr><th>Categoria<\/th><th>Parametri tecnici<\/th><\/tr><\/thead><tbody><tr><td>Capacit\u00e0<\/td><td>8GB \/ 16GB \/ 32GB \/ 64GB \/ 128GB<\/td><\/tr><tr><td>Dimensioni (L \u00d7 W \u00d7 H)<\/td><td>60 mm \u00d7 25 mm \u00d7 18 mm<\/td><\/tr><tr><td>Protocollo di interfaccia<\/td><td>USB 2.0 (compatibile con USB 3.0)<\/td><\/tr><tr><td>Peso<\/td><td>Circa 22 g (compresa la custodia in pelle)<\/td><\/tr><tr><td>Resistenza all'acqua<\/td><td>Resistente agli spruzzi sulla superficie in pelle (grado di protezione IP42)<\/td><\/tr><\/tbody><\/table><\/figure>\n\n\n\n<div class=\"wp-block-columns is-layout-flex wp-container-core-columns-is-layout-28f84493 wp-block-columns-is-layout-flex\">\n<div class=\"wp-block-column is-layout-flow wp-block-column-is-layout-flow\"><\/div>\n<\/div>\n\n\n\n<h2 class=\"wp-block-heading\">Scenari applicabili<\/h2>\n\n\n\n<div class=\"wp-block-columns is-layout-flex wp-container-core-columns-is-layout-28f84493 wp-block-columns-is-layout-flex\">\n<div class=\"wp-block-column is-layout-flow wp-block-column-is-layout-flow\">\n<figure class=\"wp-block-image size-full\"><img alt=\"\" loading=\"lazy\" decoding=\"async\" width=\"800\" height=\"800\" src=\"https:\/\/www.usborkeychain.com\/wp-content\/uploads\/metal-leather-usb-flash-drive.png\" class=\"wp-image-5571\" srcset=\"https:\/\/www.usborkeychain.com\/wp-content\/uploads\/metal-leather-usb-flash-drive.png 800w, https:\/\/www.usborkeychain.com\/wp-content\/uploads\/metal-leather-usb-flash-drive-300x300.png 300w, https:\/\/www.usborkeychain.com\/wp-content\/uploads\/metal-leather-usb-flash-drive-150x150.png 150w, https:\/\/www.usborkeychain.com\/wp-content\/uploads\/metal-leather-usb-flash-drive-768x768.png 768w, https:\/\/www.usborkeychain.com\/wp-content\/uploads\/metal-leather-usb-flash-drive-12x12.png 12w, https:\/\/www.usborkeychain.com\/wp-content\/uploads\/metal-leather-usb-flash-drive-600x600.png 600w, https:\/\/www.usborkeychain.com\/wp-content\/uploads\/metal-leather-usb-flash-drive-100x100.png 100w\" sizes=\"(max-width: 800px) 100vw, 800px\" \/><\/figure>\n\n\n\n<ul class=\"wp-block-list\">\n<li>Souvenir del meeting\/vertice annuale (con LOGO aziendale personalizzato + video promozionali precaricati in memoria);<\/li>\n\n\n\n<li>Regali di apprezzamento per i clienti (modello in pelle bovina di prima scelta, accompagnato da scatole regalo personalizzate per sottolineare l'eleganza);<\/li>\n\n\n\n<li>Benefici per i dipendenti (con nomi incisi\/identit\u00e0 dei dipendenti per aumentare il senso di appartenenza);<\/li>\n<\/ul>\n<\/div>\n\n\n\n<div class=\"wp-block-column is-layout-flow wp-block-column-is-layout-flow\">\n<figure class=\"wp-block-image size-full\"><img alt=\"\" loading=\"lazy\" decoding=\"async\" width=\"800\" height=\"800\" src=\"https:\/\/www.usborkeychain.com\/wp-content\/uploads\/Leather-Metallic-Magnetic-Flap-USB-Pen-Drive.png\" class=\"wp-image-5567\" srcset=\"https:\/\/www.usborkeychain.com\/wp-content\/uploads\/Leather-Metallic-Magnetic-Flap-USB-Pen-Drive.png 800w, https:\/\/www.usborkeychain.com\/wp-content\/uploads\/Leather-Metallic-Magnetic-Flap-USB-Pen-Drive-300x300.png 300w, https:\/\/www.usborkeychain.com\/wp-content\/uploads\/Leather-Metallic-Magnetic-Flap-USB-Pen-Drive-150x150.png 150w, https:\/\/www.usborkeychain.com\/wp-content\/uploads\/Leather-Metallic-Magnetic-Flap-USB-Pen-Drive-768x768.png 768w, https:\/\/www.usborkeychain.com\/wp-content\/uploads\/Leather-Metallic-Magnetic-Flap-USB-Pen-Drive-12x12.png 12w, https:\/\/www.usborkeychain.com\/wp-content\/uploads\/Leather-Metallic-Magnetic-Flap-USB-Pen-Drive-600x600.png 600w, https:\/\/www.usborkeychain.com\/wp-content\/uploads\/Leather-Metallic-Magnetic-Flap-USB-Pen-Drive-100x100.png 100w\" sizes=\"(max-width: 800px) 100vw, 800px\" \/><\/figure>\n\n\n\n<ul class=\"wp-block-list\">\n<li>Omaggi per il lancio di nuovi prodotti (precaricati con manuali di prodotto e materiali promozionali per una migliore diffusione);<\/li>\n\n\n\n<li>Vantaggi esclusivi per i membri (con numeri di serie personalizzati e design esclusivi per rafforzare la fedelt\u00e0 degli utenti);<\/li>\n\n\n\n<li>Matrimoni\/anniversari: Inciso con i nomi e le date degli sposi, utilizzato per conservare le foto e i video del matrimonio, diventa un souvenir unico;<\/li>\n<\/ul>\n<\/div>\n\n\n\n<div class=\"wp-block-column is-layout-flow wp-block-column-is-layout-flow\">\n<figure class=\"wp-block-image size-full\"><img alt=\"\" loading=\"lazy\" decoding=\"async\" width=\"800\" height=\"800\" src=\"https:\/\/www.usborkeychain.com\/wp-content\/uploads\/buy-metal-leather-usb-flash-drive.png\" class=\"wp-image-5565\" srcset=\"https:\/\/www.usborkeychain.com\/wp-content\/uploads\/buy-metal-leather-usb-flash-drive.png 800w, https:\/\/www.usborkeychain.com\/wp-content\/uploads\/buy-metal-leather-usb-flash-drive-300x300.png 300w, https:\/\/www.usborkeychain.com\/wp-content\/uploads\/buy-metal-leather-usb-flash-drive-150x150.png 150w, https:\/\/www.usborkeychain.com\/wp-content\/uploads\/buy-metal-leather-usb-flash-drive-768x768.png 768w, https:\/\/www.usborkeychain.com\/wp-content\/uploads\/buy-metal-leather-usb-flash-drive-12x12.png 12w, https:\/\/www.usborkeychain.com\/wp-content\/uploads\/buy-metal-leather-usb-flash-drive-600x600.png 600w, https:\/\/www.usborkeychain.com\/wp-content\/uploads\/buy-metal-leather-usb-flash-drive-100x100.png 100w\" sizes=\"(max-width: 800px) 100vw, 800px\" \/><\/figure>\n\n\n\n<ul class=\"wp-block-list\">\n<li>Stagione dei diplomi: Dotati di LOGO di classe + messaggi, utilizzati per archiviare le immagini dei giovani e conservare i ricordi del campus;<\/li>\n\n\n\n<li>Collezioni personali: Personalizzate con pelle dalla texture speciale + motivi esclusivi per creare articoli personalizzati.<\/li>\n<\/ul>\n<\/div>\n<\/div>\n\n\n\n<div class=\"wp-block-columns is-layout-flex wp-container-core-columns-is-layout-28f84493 wp-block-columns-is-layout-flex\">\n<div class=\"wp-block-column is-vertically-aligned-center is-layout-flow wp-block-column-is-layout-flow\">\n<p>Il <strong>Chiavetta USB in pelle con patta magnetica<\/strong> \u00e8 caratterizzato da una personalizzazione flessibile, che copre esigenze di fascia alta, media e bassa, dall'artigianato ai materiali, e si adatta a diversi budget e al posizionamento del marchio. <\/p>\n\n\n\n<p>\u00c8 il modello con il maggior numero di richieste di personalizzazione e di feedback entusiastici da parte del mercato. <strong>custodia in pelle USB <\/strong>categoria di unit\u00e0. <\/p>\n\n\n\n<p>Che si tratti di regali aziendali, di supporti per il marketing del marchio o di oggetti personali personalizzati, \u00e8 diventato il \"punto di riferimento aziendale\" tra gli strumenti di archiviazione con il suo \"lusso sobrio\" e continua a guidare il mercato della personalizzazione delle unit\u00e0 USB con custodia in pelle.<\/p>\n<\/div>\n\n\n\n<div class=\"wp-block-column is-vertically-aligned-center is-layout-flow wp-block-column-is-layout-flow\">\n<figure class=\"wp-block-image size-full\"><img alt=\"\" loading=\"lazy\" decoding=\"async\" width=\"800\" height=\"800\" src=\"https:\/\/www.usborkeychain.com\/wp-content\/uploads\/custom-leather-usb-drives.png\" class=\"wp-image-5566\" srcset=\"https:\/\/www.usborkeychain.com\/wp-content\/uploads\/custom-leather-usb-drives.png 800w, https:\/\/www.usborkeychain.com\/wp-content\/uploads\/custom-leather-usb-drives-300x300.png 300w, https:\/\/www.usborkeychain.com\/wp-content\/uploads\/custom-leather-usb-drives-150x150.png 150w, https:\/\/www.usborkeychain.com\/wp-content\/uploads\/custom-leather-usb-drives-768x768.png 768w, https:\/\/www.usborkeychain.com\/wp-content\/uploads\/custom-leather-usb-drives-12x12.png 12w, https:\/\/www.usborkeychain.com\/wp-content\/uploads\/custom-leather-usb-drives-600x600.png 600w, https:\/\/www.usborkeychain.com\/wp-content\/uploads\/custom-leather-usb-drives-100x100.png 100w\" sizes=\"(max-width: 800px) 100vw, 800px\" \/><\/figure>\n<\/div>\n<\/div>","protected":false},"excerpt":{"rendered":"<ul>\n<li>Aletta magnetica<\/li>\n<li>Pelle+metallo<\/li>\n<li>Personalizzazione del colore\/del logo<\/li>\n<li>Esperienza senza coperchio<\/li>\n<li>MOQ: 100pcs<\/li>\n<\/ul>","protected":false},"featured_media":5572,"comment_status":"open","ping_status":"closed","template":"","meta":{"_seopress_robots_primary_cat":"none","_seopress_titles_title":"","_seopress_titles_desc":"","_seopress_robots_index":"","site-sidebar-layout":"default","site-content-layout":"","ast-site-content-layout":"","site-content-style":"default","site-sidebar-style":"default","ast-global-header-display":"","ast-banner-title-visibility":"","ast-main-header-display":"","ast-hfb-above-header-display":"","ast-hfb-below-header-display":"","ast-hfb-mobile-header-display":"","site-post-title":"","ast-breadcrumbs-content":"","ast-featured-img":"","footer-sml-layout":"","theme-transparent-header-meta":"","adv-header-id-meta":"","stick-header-meta":"","header-above-stick-meta":"","header-main-stick-meta":"","header-below-stick-meta":"","astra-migrate-meta-layouts":"default","ast-page-background-enabled":"default","ast-page-background-meta":{"desktop":{"background-color":"var(--ast-global-color-5)","background-image":"","background-repeat":"repeat","background-position":"center center","background-size":"auto","background-attachment":"scroll","background-type":"","background-media":"","overlay-type":"","overlay-color":"","overlay-opacity":"","overlay-gradient":""},"tablet":{"background-color":"","background-image":"","background-repeat":"repeat","background-position":"center center","background-size":"auto","background-attachment":"scroll","background-type":"","background-media":"","overlay-type":"","overlay-color":"","overlay-opacity":"","overlay-gradient":""},"mobile":{"background-color":"","background-image":"","background-repeat":"repeat","background-position":"center center","background-size":"auto","background-attachment":"scroll","background-type":"","background-media":"","overlay-type":"","overlay-color":"","overlay-opacity":"","overlay-gradient":""}},"ast-content-background-meta":{"desktop":{"background-color":"var(--ast-global-color-4)","background-image":"","background-repeat":"repeat","background-position":"center center","background-size":"auto","background-attachment":"scroll","background-type":"","background-media":"","overlay-type":"","overlay-color":"","overlay-opacity":"","overlay-gradient":""},"tablet":{"background-color":"var(--ast-global-color-4)","background-image":"","background-repeat":"repeat","background-position":"center center","background-size":"auto","background-attachment":"scroll","background-type":"","background-media":"","overlay-type":"","overlay-color":"","overlay-opacity":"","overlay-gradient":""},"mobile":{"background-color":"var(--ast-global-color-4)","background-image":"","background-repeat":"repeat","background-position":"center center","background-size":"auto","background-attachment":"scroll","background-type":"","background-media":"","overlay-type":"","overlay-color":"","overlay-opacity":"","overlay-gradient":""}}},"product_brand":[],"product_cat":[90],"product_tag":[],"class_list":{"0":"post-5562","1":"product","2":"type-product","3":"status-publish","4":"has-post-thumbnail","6":"product_cat-leather-usb-pendrive","7":"desktop-align-left","8":"tablet-align-left","9":"mobile-align-left","11":"first","12":"instock","13":"shipping-taxable","14":"product-type-simple"},"_links":{"self":[{"href":"https:\/\/www.usborkeychain.com\/it\/wp-json\/wp\/v2\/product\/5562","targetHints":{"allow":["GET"]}}],"collection":[{"href":"https:\/\/www.usborkeychain.com\/it\/wp-json\/wp\/v2\/product"}],"about":[{"href":"https:\/\/www.usborkeychain.com\/it\/wp-json\/wp\/v2\/types\/product"}],"replies":[{"embeddable":true,"href":"https:\/\/www.usborkeychain.com\/it\/wp-json\/wp\/v2\/comments?post=5562"}],"wp:featuredmedia":[{"embeddable":true,"href":"https:\/\/www.usborkeychain.com\/it\/wp-json\/wp\/v2\/media\/5572"}],"wp:attachment":[{"href":"https:\/\/www.usborkeychain.com\/it\/wp-json\/wp\/v2\/media?parent=5562"}],"wp:term":[{"taxonomy":"product_brand","embeddable":true,"href":"https:\/\/www.usborkeychain.com\/it\/wp-json\/wp\/v2\/product_brand?post=5562"},{"taxonomy":"product_cat","embeddable":true,"href":"https:\/\/www.usborkeychain.com\/it\/wp-json\/wp\/v2\/product_cat?post=5562"},{"taxonomy":"product_tag","embeddable":true,"href":"https:\/\/www.usborkeychain.com\/it\/wp-json\/wp\/v2\/product_tag?post=5562"}],"curies":[{"name":"wp","href":"https:\/\/api.w.org\/{rel}","templated":true}]}}