{"id":5585,"date":"2025-08-02T15:42:14","date_gmt":"2025-08-02T15:42:14","guid":{"rendered":"https:\/\/www.usborkeychain.com\/?post_type=product&#038;p=5585"},"modified":"2025-08-02T15:48:30","modified_gmt":"2025-08-02T15:48:30","slug":"metal-key-usb-flash-drive-with-leather-case","status":"publish","type":"product","link":"https:\/\/www.usborkeychain.com\/it\/prodotto\/metal-key-usb-flash-drive-with-leather-case\/","title":{"rendered":"Chiave in metallo Unit\u00e0 flash USB con custodia in pelle"},"content":{"rendered":"<div class=\"wp-block-columns is-layout-flex wp-container-core-columns-is-layout-28f84493 wp-block-columns-is-layout-flex\">\n<div class=\"wp-block-column is-vertically-aligned-center is-layout-flow wp-block-column-is-layout-flow\">\n<p>Il <strong>chiavetta USB con chiave in metallo e custodia in pelle<\/strong> presenta un design integrato di \"chiave a forma di metallo pieno + custodia in pelle cucita + portachiavi\". Il corpo centrale in metallo \u00e8 realizzato in <strong>lega di zinco<\/strong> Il corpo \u00e8 realizzato mediante pressofusione in un unico pezzo (acciaio inox opzionale), con finitura CNC e lucidatura a specchio, per ottenere una superficie liscia come uno specchio. L'interfaccia USB \u00e8 integrata nel corpo principale (spessore di soli 2 mm, per un design ultrasottile) per garantire la resistenza strutturale. I bordi vengono molati in modo arrotondato (angolo R \u2265 1 mm), per offrire un tocco delicato e privo di spigolosit\u00e0.<\/p>\n<\/div>\n\n\n\n<div class=\"wp-block-column is-layout-flow wp-block-column-is-layout-flow\">\n<figure class=\"wp-block-image size-full\"><img alt=\"\" fetchpriority=\"high\" decoding=\"async\" width=\"800\" height=\"800\" src=\"https:\/\/www.usborkeychain.com\/wp-content\/uploads\/Key-Flash-Drive-With-Pouch.png\" class=\"wp-image-5589\" srcset=\"https:\/\/www.usborkeychain.com\/wp-content\/uploads\/Key-Flash-Drive-With-Pouch.png 800w, https:\/\/www.usborkeychain.com\/wp-content\/uploads\/Key-Flash-Drive-With-Pouch-300x300.png 300w, https:\/\/www.usborkeychain.com\/wp-content\/uploads\/Key-Flash-Drive-With-Pouch-150x150.png 150w, https:\/\/www.usborkeychain.com\/wp-content\/uploads\/Key-Flash-Drive-With-Pouch-768x768.png 768w, https:\/\/www.usborkeychain.com\/wp-content\/uploads\/Key-Flash-Drive-With-Pouch-12x12.png 12w, https:\/\/www.usborkeychain.com\/wp-content\/uploads\/Key-Flash-Drive-With-Pouch-600x600.png 600w, https:\/\/www.usborkeychain.com\/wp-content\/uploads\/Key-Flash-Drive-With-Pouch-100x100.png 100w\" sizes=\"(max-width: 800px) 100vw, 800px\" \/><\/figure>\n<\/div>\n<\/div>\n\n\n\n<div class=\"wp-block-columns is-layout-flex wp-container-core-columns-is-layout-28f84493 wp-block-columns-is-layout-flex\">\n<div class=\"wp-block-column is-vertically-aligned-center is-layout-flow wp-block-column-is-layout-flow\">\n<p><strong>Componenti della custodia in pelle<\/strong>: La pelle \u00e8 realizzata in PU ad alta densit\u00e0 (versione resistente all'usura) \/ pelle di vacchetta top-grain (versione premium). I bordi sono bloccati con un processo di cucitura a doppio punto (distanza dei punti \u2264 2 mm) per eliminare il rischio di allentamento del filo. La fibbia della custodia in pelle \u00e8 fissata sia con rivetti metallici che con cuciture, collegandosi al portachiavi in acciaio inossidabile per garantire una perfetta integrazione tra la custodia in pelle e il portachiavi, aumentando la solidit\u00e0 complessiva di 50%.<\/p>\n<\/div>\n\n\n\n<div class=\"wp-block-column is-layout-flow wp-block-column-is-layout-flow\">\n<figure class=\"wp-block-image size-full\"><img alt=\"\" decoding=\"async\" width=\"800\" height=\"800\" src=\"https:\/\/www.usborkeychain.com\/wp-content\/uploads\/Key-Shaped-USB-with-Leather-Case.png\" class=\"wp-image-5591\" srcset=\"https:\/\/www.usborkeychain.com\/wp-content\/uploads\/Key-Shaped-USB-with-Leather-Case.png 800w, https:\/\/www.usborkeychain.com\/wp-content\/uploads\/Key-Shaped-USB-with-Leather-Case-300x300.png 300w, https:\/\/www.usborkeychain.com\/wp-content\/uploads\/Key-Shaped-USB-with-Leather-Case-150x150.png 150w, https:\/\/www.usborkeychain.com\/wp-content\/uploads\/Key-Shaped-USB-with-Leather-Case-768x768.png 768w, https:\/\/www.usborkeychain.com\/wp-content\/uploads\/Key-Shaped-USB-with-Leather-Case-12x12.png 12w, https:\/\/www.usborkeychain.com\/wp-content\/uploads\/Key-Shaped-USB-with-Leather-Case-600x600.png 600w, https:\/\/www.usborkeychain.com\/wp-content\/uploads\/Key-Shaped-USB-with-Leather-Case-100x100.png 100w\" sizes=\"(max-width: 800px) 100vw, 800px\" \/><\/figure>\n<\/div>\n<\/div>\n\n\n\n<h3 class=\"wp-block-heading\">Vantaggi del design<\/h3>\n\n\n\n<div class=\"wp-block-columns are-vertically-aligned-center is-layout-flex wp-container-core-columns-is-layout-28f84493 wp-block-columns-is-layout-flex\">\n<div class=\"wp-block-column is-vertically-aligned-center is-layout-flow wp-block-column-is-layout-flow\">\n<figure class=\"wp-block-image size-full\"><img alt=\"\" decoding=\"async\" width=\"800\" height=\"800\" src=\"https:\/\/www.usborkeychain.com\/wp-content\/uploads\/Key-Shaped-USB-Flash-with-Leather-Case.png\" class=\"wp-image-5590\" srcset=\"https:\/\/www.usborkeychain.com\/wp-content\/uploads\/Key-Shaped-USB-Flash-with-Leather-Case.png 800w, https:\/\/www.usborkeychain.com\/wp-content\/uploads\/Key-Shaped-USB-Flash-with-Leather-Case-300x300.png 300w, https:\/\/www.usborkeychain.com\/wp-content\/uploads\/Key-Shaped-USB-Flash-with-Leather-Case-150x150.png 150w, https:\/\/www.usborkeychain.com\/wp-content\/uploads\/Key-Shaped-USB-Flash-with-Leather-Case-768x768.png 768w, https:\/\/www.usborkeychain.com\/wp-content\/uploads\/Key-Shaped-USB-Flash-with-Leather-Case-12x12.png 12w, https:\/\/www.usborkeychain.com\/wp-content\/uploads\/Key-Shaped-USB-Flash-with-Leather-Case-600x600.png 600w, https:\/\/www.usborkeychain.com\/wp-content\/uploads\/Key-Shaped-USB-Flash-with-Leather-Case-100x100.png 100w\" sizes=\"(max-width: 800px) 100vw, 800px\" \/><\/figure>\n<\/div>\n\n\n\n<div class=\"wp-block-column is-vertically-aligned-center is-layout-flow wp-block-column-is-layout-flow\">\n<ul class=\"wp-block-list\">\n<li>Portatile e anti-smarrimento: La custodia in pelle \u00e8 collegata al portachiavi. Quando si usa, solo la chiavetta USB in metallo deve essere estratta dalla custodia in pelle, mentre la custodia rimane attaccata al portachiavi, eliminando completamente il problema di \"perdere la custodia in pelle\".<\/li>\n\n\n\n<li>Forte protezione dell'interfaccia: La custodia in pelle avvolge strettamente il corpo della chiavetta USB. Quando \u00e8 chiusa, l'interfaccia USB \u00e8 completamente nascosta e raggiunge il livello IP42 di resistenza alla polvere e ai graffi (resistendo alla polvere quotidiana e all'attrito dei tasti).<\/li>\n\n\n\n<li>Stile coordinato: Il colore della custodia in pelle si abbina a quello della fibbia della custodia nello stesso sistema di colori. La texture metallica opaca riprende la grana della pelle, creando un articolo per il trasporto quotidiano (EDC) di \"lusso sobrio\", adatto per il business, il casual, il retr\u00f2 e altri stili diversi.<\/li>\n<\/ul>\n<\/div>\n<\/div>\n\n\n\n<h2 class=\"wp-block-heading\">Opzioni di personalizzazione<\/h2>\n\n\n\n<h3 class=\"wp-block-heading\">1.LOGO Personalizzazione<\/h3>\n\n\n\n<figure class=\"wp-block-table\"><table class=\"has-fixed-layout\"><thead><tr><th>Vettore di personalizzazione<\/th><th>Tipo di artigianato<\/th><th>Caratteristiche dell'effetto<\/th><\/tr><\/thead><tbody><tr><td>Superficie della custodia in pelle<\/td><td>Stampaggio a caldo<\/td><td>LOGO tridimensionale, che si integra naturalmente con la texture della pelle<\/td><\/tr><tr><td><\/td><td>Serigrafia<\/td><td>Colori vivaci, adatti a disegni complessi<\/td><\/tr><tr><td>Unit\u00e0 flash USB in metallo<\/td><td>Incisione laser<\/td><td>Finitura opaca smerigliata, con linee chiare e nitide<\/td><\/tr><tr><td><\/td><td>Lettere placcate<\/td><td>Lucentezza metallica, che mette in risalto la texture di alto livello<\/td><\/tr><\/tbody><\/table><\/figure>\n\n\n\n<h3 class=\"wp-block-heading\">2. Personalizzazione del colore e del materiale<\/h3>\n\n\n\n<div class=\"wp-block-columns is-layout-flex wp-container-core-columns-is-layout-28f84493 wp-block-columns-is-layout-flex\">\n<div class=\"wp-block-column is-vertically-aligned-center is-layout-flow wp-block-column-is-layout-flow\">\n<ul class=\"wp-block-list\">\n<li>Colori della pelle: I colori standard includono nero, marrone e rosso (colori base Pantone). \u00c8 possibile abbinare colori personalizzati (ad esempio, colori aziendali VI, colori per matrimoni, con una quantit\u00e0 minima d'ordine \u2265 300 pezzi). La pelle bovina a grana superiore (pelle di cavallo) \u00e8 opzionale per migliorare il tatto e la qualit\u00e0.<\/li>\n\n\n\n<li>Abbinamento dei colori del metallo: la chiavetta USB in metallo pu\u00f2 essere sottoposta a trattamento galvanico (oro rosa, canna di fucile, titanio, ecc.), formando un contrasto di colore o un abbinamento dello stesso colore con la pelle per rafforzare i punti di memoria visiva.<\/li>\n<\/ul>\n<\/div>\n\n\n\n<div class=\"wp-block-column is-layout-flow wp-block-column-is-layout-flow\">\n<figure class=\"wp-block-image size-full\"><img alt=\"\" loading=\"lazy\" decoding=\"async\" width=\"800\" height=\"800\" src=\"https:\/\/www.usborkeychain.com\/wp-content\/uploads\/Metal-key-USB-drive-with-a-leather-case.jpg\" class=\"wp-image-5594\" srcset=\"https:\/\/www.usborkeychain.com\/wp-content\/uploads\/Metal-key-USB-drive-with-a-leather-case.jpg 800w, https:\/\/www.usborkeychain.com\/wp-content\/uploads\/Metal-key-USB-drive-with-a-leather-case-300x300.jpg 300w, https:\/\/www.usborkeychain.com\/wp-content\/uploads\/Metal-key-USB-drive-with-a-leather-case-150x150.jpg 150w, https:\/\/www.usborkeychain.com\/wp-content\/uploads\/Metal-key-USB-drive-with-a-leather-case-768x768.jpg 768w, https:\/\/www.usborkeychain.com\/wp-content\/uploads\/Metal-key-USB-drive-with-a-leather-case-12x12.jpg 12w, https:\/\/www.usborkeychain.com\/wp-content\/uploads\/Metal-key-USB-drive-with-a-leather-case-600x600.jpg 600w, https:\/\/www.usborkeychain.com\/wp-content\/uploads\/Metal-key-USB-drive-with-a-leather-case-100x100.jpg 100w\" sizes=\"(max-width: 800px) 100vw, 800px\" \/><\/figure>\n<\/div>\n<\/div>\n\n\n\n<h2 class=\"wp-block-heading\">Parametri dell'unit\u00e0 flash USB<\/h2>\n\n\n\n<figure class=\"wp-block-table\"><table class=\"has-fixed-layout\"><thead><tr><th>Categoria<\/th><th>Parametri tecnici<\/th><\/tr><\/thead><tbody><tr><td>Capacit\u00e0<\/td><td>4GB \/ 8GB \/ 16GB \/ 32GB \/ 64GB \/ 128GB<\/td><\/tr><tr><td>Dimensioni (L \u00d7 W \u00d7 H)<\/td><td>110 mm \u00d7 32 mm \u00d7 7 mm<\/td><\/tr><tr><td>Peso<\/td><td>Circa 15 g (compresa la custodia in pelle e il portachiavi)<\/td><\/tr><tr><td>Protocollo di interfaccia<\/td><td>USB 2.0 (compatibile con dispositivi USB 3.0)<\/td><\/tr><tr><td>Standard di certificazione<\/td><td>CE, FCC, RoHS<\/td><\/tr><\/tbody><\/table><\/figure>\n\n\n\n<div class=\"wp-block-columns is-layout-flex wp-container-core-columns-is-layout-28f84493 wp-block-columns-is-layout-flex\">\n<div class=\"wp-block-column is-layout-flow wp-block-column-is-layout-flow\">\n<figure class=\"wp-block-image size-full\"><img alt=\"\" loading=\"lazy\" decoding=\"async\" width=\"800\" height=\"717\" src=\"https:\/\/www.usborkeychain.com\/wp-content\/uploads\/Leather-USB-flash-drive-1.jpg\" class=\"wp-image-5592\" srcset=\"https:\/\/www.usborkeychain.com\/wp-content\/uploads\/Leather-USB-flash-drive-1.jpg 800w, https:\/\/www.usborkeychain.com\/wp-content\/uploads\/Leather-USB-flash-drive-1-300x269.jpg 300w, https:\/\/www.usborkeychain.com\/wp-content\/uploads\/Leather-USB-flash-drive-1-768x688.jpg 768w, https:\/\/www.usborkeychain.com\/wp-content\/uploads\/Leather-USB-flash-drive-1-13x12.jpg 13w, https:\/\/www.usborkeychain.com\/wp-content\/uploads\/Leather-USB-flash-drive-1-600x538.jpg 600w\" sizes=\"(max-width: 800px) 100vw, 800px\" \/><\/figure>\n<\/div>\n\n\n\n<div class=\"wp-block-column is-layout-flow wp-block-column-is-layout-flow\">\n<figure class=\"wp-block-image size-full\"><img alt=\"\" loading=\"lazy\" decoding=\"async\" width=\"800\" height=\"717\" src=\"https:\/\/www.usborkeychain.com\/wp-content\/uploads\/metal-key-USB-flash-drive.jpg\" class=\"wp-image-5595\" srcset=\"https:\/\/www.usborkeychain.com\/wp-content\/uploads\/metal-key-USB-flash-drive.jpg 800w, https:\/\/www.usborkeychain.com\/wp-content\/uploads\/metal-key-USB-flash-drive-300x269.jpg 300w, https:\/\/www.usborkeychain.com\/wp-content\/uploads\/metal-key-USB-flash-drive-768x688.jpg 768w, https:\/\/www.usborkeychain.com\/wp-content\/uploads\/metal-key-USB-flash-drive-13x12.jpg 13w, https:\/\/www.usborkeychain.com\/wp-content\/uploads\/metal-key-USB-flash-drive-600x538.jpg 600w\" sizes=\"(max-width: 800px) 100vw, 800px\" \/><\/figure>\n<\/div>\n\n\n\n<div class=\"wp-block-column is-layout-flow wp-block-column-is-layout-flow\">\n<figure class=\"wp-block-image size-full\"><img alt=\"\" loading=\"lazy\" decoding=\"async\" width=\"800\" height=\"717\" src=\"https:\/\/www.usborkeychain.com\/wp-content\/uploads\/wholesale-leather-usb-drive.jpg\" class=\"wp-image-5597\" srcset=\"https:\/\/www.usborkeychain.com\/wp-content\/uploads\/wholesale-leather-usb-drive.jpg 800w, https:\/\/www.usborkeychain.com\/wp-content\/uploads\/wholesale-leather-usb-drive-300x269.jpg 300w, https:\/\/www.usborkeychain.com\/wp-content\/uploads\/wholesale-leather-usb-drive-768x688.jpg 768w, https:\/\/www.usborkeychain.com\/wp-content\/uploads\/wholesale-leather-usb-drive-13x12.jpg 13w, https:\/\/www.usborkeychain.com\/wp-content\/uploads\/wholesale-leather-usb-drive-600x538.jpg 600w\" sizes=\"(max-width: 800px) 100vw, 800px\" \/><\/figure>\n<\/div>\n<\/div>\n\n\n\n<h2 class=\"wp-block-heading\">Industrie applicabili<\/h2>\n\n\n\n<div class=\"wp-block-columns is-layout-flex wp-container-core-columns-is-layout-28f84493 wp-block-columns-is-layout-flex\">\n<div class=\"wp-block-column is-layout-flow wp-block-column-is-layout-flow\">\n<figure class=\"wp-block-image size-full\"><img alt=\"\" loading=\"lazy\" decoding=\"async\" width=\"800\" height=\"800\" src=\"https:\/\/www.usborkeychain.com\/wp-content\/uploads\/china-keychain-leather-usb-flash-drive.jpg\" class=\"wp-image-5588\" srcset=\"https:\/\/www.usborkeychain.com\/wp-content\/uploads\/china-keychain-leather-usb-flash-drive.jpg 800w, https:\/\/www.usborkeychain.com\/wp-content\/uploads\/china-keychain-leather-usb-flash-drive-300x300.jpg 300w, https:\/\/www.usborkeychain.com\/wp-content\/uploads\/china-keychain-leather-usb-flash-drive-150x150.jpg 150w, https:\/\/www.usborkeychain.com\/wp-content\/uploads\/china-keychain-leather-usb-flash-drive-768x768.jpg 768w, https:\/\/www.usborkeychain.com\/wp-content\/uploads\/china-keychain-leather-usb-flash-drive-12x12.jpg 12w, https:\/\/www.usborkeychain.com\/wp-content\/uploads\/china-keychain-leather-usb-flash-drive-600x600.jpg 600w, https:\/\/www.usborkeychain.com\/wp-content\/uploads\/china-keychain-leather-usb-flash-drive-100x100.jpg 100w\" sizes=\"(max-width: 800px) 100vw, 800px\" \/><\/figure>\n\n\n\n<ul class=\"wp-block-list\">\n<li>Regali di ringraziamento per i clienti VIP delle banche: LOGO del marchio personalizzato e capacit\u00e0 esclusiva.<\/li>\n\n\n\n<li>Eventi di marca di lusso: Custodia in pelle con motivo coccodrillo + chiavetta USB in titanio, con emblemi del marchio incisi al laser.<\/li>\n<\/ul>\n<\/div>\n\n\n\n<div class=\"wp-block-column is-layout-flow wp-block-column-is-layout-flow\">\n<figure class=\"wp-block-image size-full\"><img alt=\"\" loading=\"lazy\" decoding=\"async\" width=\"800\" height=\"800\" src=\"https:\/\/www.usborkeychain.com\/wp-content\/uploads\/usb-drive-leather-metal-key.jpg\" class=\"wp-image-5596\" srcset=\"https:\/\/www.usborkeychain.com\/wp-content\/uploads\/usb-drive-leather-metal-key.jpg 800w, https:\/\/www.usborkeychain.com\/wp-content\/uploads\/usb-drive-leather-metal-key-300x300.jpg 300w, https:\/\/www.usborkeychain.com\/wp-content\/uploads\/usb-drive-leather-metal-key-150x150.jpg 150w, https:\/\/www.usborkeychain.com\/wp-content\/uploads\/usb-drive-leather-metal-key-768x768.jpg 768w, https:\/\/www.usborkeychain.com\/wp-content\/uploads\/usb-drive-leather-metal-key-12x12.jpg 12w, https:\/\/www.usborkeychain.com\/wp-content\/uploads\/usb-drive-leather-metal-key-600x600.jpg 600w, https:\/\/www.usborkeychain.com\/wp-content\/uploads\/usb-drive-leather-metal-key-100x100.jpg 100w\" sizes=\"(max-width: 800px) 100vw, 800px\" \/><\/figure>\n\n\n\n<ul class=\"wp-block-list\">\n<li>Ricordo del matrimonio: Custodia in pelle di colore rosso\/oro, con chiavetta USB in metallo con incisi i nomi e le date degli sposi.<\/li>\n\n\n\n<li>Regali per i proprietari di marchi automobilistici: Chiavetta USB in metallo incisa con i loghi delle auto, con custodia in pelle del colore del marchio.<\/li>\n<\/ul>\n<\/div>\n\n\n\n<div class=\"wp-block-column is-layout-flow wp-block-column-is-layout-flow\">\n<figure class=\"wp-block-image size-full\"><img alt=\"\" loading=\"lazy\" decoding=\"async\" width=\"800\" height=\"800\" src=\"https:\/\/www.usborkeychain.com\/wp-content\/uploads\/Metal-Key-Pen-Drive-With-Cover.jpg\" class=\"wp-image-5593\" srcset=\"https:\/\/www.usborkeychain.com\/wp-content\/uploads\/Metal-Key-Pen-Drive-With-Cover.jpg 800w, https:\/\/www.usborkeychain.com\/wp-content\/uploads\/Metal-Key-Pen-Drive-With-Cover-300x300.jpg 300w, https:\/\/www.usborkeychain.com\/wp-content\/uploads\/Metal-Key-Pen-Drive-With-Cover-150x150.jpg 150w, https:\/\/www.usborkeychain.com\/wp-content\/uploads\/Metal-Key-Pen-Drive-With-Cover-768x768.jpg 768w, https:\/\/www.usborkeychain.com\/wp-content\/uploads\/Metal-Key-Pen-Drive-With-Cover-12x12.jpg 12w, https:\/\/www.usborkeychain.com\/wp-content\/uploads\/Metal-Key-Pen-Drive-With-Cover-600x600.jpg 600w, https:\/\/www.usborkeychain.com\/wp-content\/uploads\/Metal-Key-Pen-Drive-With-Cover-100x100.jpg 100w\" sizes=\"(max-width: 800px) 100vw, 800px\" \/><\/figure>\n\n\n\n<p>Prodotti di propriet\u00e0 intellettuale culturale e creativa in co-branding: Come nel caso di musei e mostre d'arte, in cui il design della chiavetta USB incorpora elementi di PI (ad esempio, forme di reliquie culturali, motivi artistici) e la custodia in pelle \u00e8 impressa con loghi di PI, diventando cos\u00ec \"derivati culturali\".<\/p>\n<\/div>\n<\/div>\n\n\n\n<p>Il <strong>chiavetta USB con chiave in metallo e custodia in pelle<\/strong>Grazie al suo triplice design \"forma classica della chiave + protezione in pelle + portabilit\u00e0 del portachiavi\", risolve i problemi del settore: facilit\u00e0 di perdita, facilit\u00e0 di danneggiamento e difficolt\u00e0 di trasporto. L'innovativo metodo di collegamento fibbia della custodia in pelle + anello portachiavi eleva la praticit\u00e0 e la sicurezza a un nuovo livello. Sia che si tratti di un compagno quotidiano per uso personale, sia che si tratti di un regalo USB in pelle di alto livello ampiamente applicato nei settori immobiliare, automobilistico, alberghiero, finanziario e altri, riesce a elevare le funzioni pratiche a vettore per trasmettere il valore del marchio.<\/p>","protected":false},"excerpt":{"rendered":"<ul>\n<li>Lega di zinco<\/li>\n<li>Colori della pelle<\/li>\n<li>Standard di certificazione: CE, FCC, RoHS<\/li>\n<li>Chiave a forma di metallo + custodia in pelle cucita + portachiavi<\/li>\n<li>MOQ: 100pcs<\/li>\n<\/ul>","protected":false},"featured_media":5589,"comment_status":"open","ping_status":"closed","template":"","meta":{"_seopress_robots_primary_cat":"","_seopress_titles_title":"","_seopress_titles_desc":"","_seopress_robots_index":"","site-sidebar-layout":"default","site-content-layout":"","ast-site-content-layout":"","site-content-style":"default","site-sidebar-style":"default","ast-global-header-display":"","ast-banner-title-visibility":"","ast-main-header-display":"","ast-hfb-above-header-display":"","ast-hfb-below-header-display":"","ast-hfb-mobile-header-display":"","site-post-title":"","ast-breadcrumbs-content":"","ast-featured-img":"","footer-sml-layout":"","theme-transparent-header-meta":"","adv-header-id-meta":"","stick-header-meta":"","header-above-stick-meta":"","header-main-stick-meta":"","header-below-stick-meta":"","astra-migrate-meta-layouts":"default","ast-page-background-enabled":"default","ast-page-background-meta":{"desktop":{"background-color":"var(--ast-global-color-5)","background-image":"","background-repeat":"repeat","background-position":"center center","background-size":"auto","background-attachment":"scroll","background-type":"","background-media":"","overlay-type":"","overlay-color":"","overlay-opacity":"","overlay-gradient":""},"tablet":{"background-color":"","background-image":"","background-repeat":"repeat","background-position":"center center","background-size":"auto","background-attachment":"scroll","background-type":"","background-media":"","overlay-type":"","overlay-color":"","overlay-opacity":"","overlay-gradient":""},"mobile":{"background-color":"","background-image":"","background-repeat":"repeat","background-position":"center center","background-size":"auto","background-attachment":"scroll","background-type":"","background-media":"","overlay-type":"","overlay-color":"","overlay-opacity":"","overlay-gradient":""}},"ast-content-background-meta":{"desktop":{"background-color":"var(--ast-global-color-4)","background-image":"","background-repeat":"repeat","background-position":"center center","background-size":"auto","background-attachment":"scroll","background-type":"","background-media":"","overlay-type":"","overlay-color":"","overlay-opacity":"","overlay-gradient":""},"tablet":{"background-color":"var(--ast-global-color-4)","background-image":"","background-repeat":"repeat","background-position":"center center","background-size":"auto","background-attachment":"scroll","background-type":"","background-media":"","overlay-type":"","overlay-color":"","overlay-opacity":"","overlay-gradient":""},"mobile":{"background-color":"var(--ast-global-color-4)","background-image":"","background-repeat":"repeat","background-position":"center center","background-size":"auto","background-attachment":"scroll","background-type":"","background-media":"","overlay-type":"","overlay-color":"","overlay-opacity":"","overlay-gradient":""}}},"product_brand":[],"product_cat":[90],"product_tag":[345],"class_list":{"0":"post-5585","1":"product","2":"type-product","3":"status-publish","4":"has-post-thumbnail","6":"product_cat-leather-usb-pendrive","7":"product_tag-metal-key-usb-flash-drive-with-leather-case","8":"desktop-align-left","9":"tablet-align-left","10":"mobile-align-left","12":"first","13":"instock","14":"shipping-taxable","15":"product-type-simple"},"_links":{"self":[{"href":"https:\/\/www.usborkeychain.com\/it\/wp-json\/wp\/v2\/product\/5585","targetHints":{"allow":["GET"]}}],"collection":[{"href":"https:\/\/www.usborkeychain.com\/it\/wp-json\/wp\/v2\/product"}],"about":[{"href":"https:\/\/www.usborkeychain.com\/it\/wp-json\/wp\/v2\/types\/product"}],"replies":[{"embeddable":true,"href":"https:\/\/www.usborkeychain.com\/it\/wp-json\/wp\/v2\/comments?post=5585"}],"wp:featuredmedia":[{"embeddable":true,"href":"https:\/\/www.usborkeychain.com\/it\/wp-json\/wp\/v2\/media\/5589"}],"wp:attachment":[{"href":"https:\/\/www.usborkeychain.com\/it\/wp-json\/wp\/v2\/media?parent=5585"}],"wp:term":[{"taxonomy":"product_brand","embeddable":true,"href":"https:\/\/www.usborkeychain.com\/it\/wp-json\/wp\/v2\/product_brand?post=5585"},{"taxonomy":"product_cat","embeddable":true,"href":"https:\/\/www.usborkeychain.com\/it\/wp-json\/wp\/v2\/product_cat?post=5585"},{"taxonomy":"product_tag","embeddable":true,"href":"https:\/\/www.usborkeychain.com\/it\/wp-json\/wp\/v2\/product_tag?post=5585"}],"curies":[{"name":"wp","href":"https:\/\/api.w.org\/{rel}","templated":true}]}}