{"id":5695,"date":"2025-08-04T09:45:55","date_gmt":"2025-08-04T09:45:55","guid":{"rendered":"https:\/\/www.usborkeychain.com\/?post_type=product&#038;p=5695"},"modified":"2025-08-04T09:47:38","modified_gmt":"2025-08-04T09:47:38","slug":"leather-wristband-keychain-usb-drive","status":"publish","type":"product","link":"https:\/\/www.usborkeychain.com\/it\/prodotto\/leather-wristband-keychain-usb-drive\/","title":{"rendered":"Portachiavi da polso in pelle Unit\u00e0 USB"},"content":{"rendered":"<div class=\"wp-block-columns is-layout-flex wp-container-core-columns-is-layout-28f84493 wp-block-columns-is-layout-flex\">\n<div class=\"wp-block-column is-vertically-aligned-center is-layout-flow wp-block-column-is-layout-flow\">\n<p>Il <strong>Portachiavi da polso in pelle Unit\u00e0 USB<\/strong> \u00e8 un innovativo derivato delle unit\u00e0 USB da polso, caratterizzato da un design tre-in-uno di <strong>\"Polsino in pelle PU<\/strong> + <strong>chiusura rettangolare in metallo<\/strong> + <strong>portachiavi in metallo<\/strong>\". Realizza la funzione 2-in-1 di \"<strong>portachiavi + unit\u00e0 USB<\/strong>\", che unisce praticit\u00e0 e portabilit\u00e0.<\/p>\n\n\n\n<p>- <strong>Polsino in pelle PU<\/strong>: Realizzato in pelle PU resistente all'usura e impermeabile con un'eccellente flessibilit\u00e0, \u00e8 resistente alle crepe dopo una lunga piegatura. \u00c8 disponibile in una variet\u00e0 di colori, tra cui i classici bianco e nero, e supporta colori personalizzati (come i colori del marchio aziendale) per soddisfare le esigenze personali.<\/p>\n\n\n\n<p>- <strong>Chiusura in metallo e portachiavi<\/strong>: Realizzati in lega, sono anticorrosivi, resistenti alla ruggine e strutturalmente robusti. La superficie piatta della chiusura metallica offre un supporto di alta qualit\u00e0 per i loghi incisi al laser.<\/p>\n<\/div>\n\n\n\n<div class=\"wp-block-column is-layout-flow wp-block-column-is-layout-flow\">\n<figure class=\"wp-block-image size-full\"><img alt=\"\" fetchpriority=\"high\" decoding=\"async\" width=\"800\" height=\"800\" src=\"https:\/\/www.usborkeychain.com\/wp-content\/uploads\/Leather-Strap-USB-Flash-Drive.png\" class=\"wp-image-5699\" srcset=\"https:\/\/www.usborkeychain.com\/wp-content\/uploads\/Leather-Strap-USB-Flash-Drive.png 800w, https:\/\/www.usborkeychain.com\/wp-content\/uploads\/Leather-Strap-USB-Flash-Drive-300x300.png 300w, https:\/\/www.usborkeychain.com\/wp-content\/uploads\/Leather-Strap-USB-Flash-Drive-150x150.png 150w, https:\/\/www.usborkeychain.com\/wp-content\/uploads\/Leather-Strap-USB-Flash-Drive-768x768.png 768w, https:\/\/www.usborkeychain.com\/wp-content\/uploads\/Leather-Strap-USB-Flash-Drive-12x12.png 12w, https:\/\/www.usborkeychain.com\/wp-content\/uploads\/Leather-Strap-USB-Flash-Drive-600x600.png 600w, https:\/\/www.usborkeychain.com\/wp-content\/uploads\/Leather-Strap-USB-Flash-Drive-100x100.png 100w\" sizes=\"(max-width: 800px) 100vw, 800px\" \/><\/figure>\n<\/div>\n<\/div>\n\n\n\n<h2 class=\"wp-block-heading\">Servizi di personalizzazione<\/h2>\n\n\n\n<div class=\"wp-block-columns is-layout-flex wp-container-core-columns-is-layout-28f84493 wp-block-columns-is-layout-flex\">\n<div class=\"wp-block-column is-vertically-aligned-center is-layout-flow wp-block-column-is-layout-flow\">\n<figure class=\"wp-block-image size-full\"><img alt=\"\" decoding=\"async\" width=\"800\" height=\"800\" src=\"https:\/\/www.usborkeychain.com\/wp-content\/uploads\/Leather-USB-flash-dive.png\" class=\"wp-image-5701\" srcset=\"https:\/\/www.usborkeychain.com\/wp-content\/uploads\/Leather-USB-flash-dive.png 800w, https:\/\/www.usborkeychain.com\/wp-content\/uploads\/Leather-USB-flash-dive-300x300.png 300w, https:\/\/www.usborkeychain.com\/wp-content\/uploads\/Leather-USB-flash-dive-150x150.png 150w, https:\/\/www.usborkeychain.com\/wp-content\/uploads\/Leather-USB-flash-dive-768x768.png 768w, https:\/\/www.usborkeychain.com\/wp-content\/uploads\/Leather-USB-flash-dive-12x12.png 12w, https:\/\/www.usborkeychain.com\/wp-content\/uploads\/Leather-USB-flash-dive-600x600.png 600w, https:\/\/www.usborkeychain.com\/wp-content\/uploads\/Leather-USB-flash-dive-100x100.png 100w\" sizes=\"(max-width: 800px) 100vw, 800px\" \/><\/figure>\n<\/div>\n\n\n\n<div class=\"wp-block-column is-vertically-aligned-center is-layout-flow wp-block-column-is-layout-flow\">\n<p>La chiusura metallica del braccialetto in pelle portachiavi USB supporta l'incisione laser personalizzata, che pu\u00f2 presentare con precisione loghi, slogan o motivi esclusivi (i disegni monocromatici esaltano la texture).<\/p>\n<\/div>\n<\/div>\n\n\n\n<h2 class=\"wp-block-heading\">Tabella dei parametri dell'unit\u00e0 USB<\/h2>\n\n\n\n<figure class=\"wp-block-table\"><table class=\"has-fixed-layout\"><thead><tr><th>Parametro Voce<\/th><th>Specifiche dettagliate<\/th><\/tr><\/thead><tbody><tr><td>Capacit\u00e0 di stoccaggio<\/td><td>8GB \/ 16GB \/ 32GB \/ 64GB \/ 128GB<\/td><\/tr><tr><td>Dimensioni (lunghezza \u00d7 larghezza \u00d7 altezza)<\/td><td>65 mm \u00d7 10 mm \u00d7 4 mm<\/td><\/tr><tr><td>Peso<\/td><td>Circa 20 g<\/td><\/tr><tr><td>Tipo di interfaccia<\/td><td>UDP 2.0 \/ UDP 3.0<\/td><\/tr><tr><td>Velocit\u00e0 di lettura\/scrittura<\/td><td>UDP 2.0: Lettura 15-25MB\/s, scrittura 8-15MB\/s; UDP 3.0: Lettura 80-120MB\/s, scrittura 20-40MB\/s (valori tipici)<\/td><\/tr><tr><td>Sistemi compatibili<\/td><td>Windows (XP e oltre), Mac OS (10.6+), Linux (2.6+)<\/td><\/tr><tr><td>Materiale della custodia in pelle<\/td><td>Pelle PU (resistente all'usura, impermeabile, con eccellente flessibilit\u00e0)<\/td><\/tr><tr><td>Componenti in metallo<\/td><td>Lega (anticorrosiva, ad alta resistenza)<\/td><\/tr><tr><td>Metodo di personalizzazione<\/td><td>Incisione laser su chiusura in metallo (testo \/ motivi monocromatici)<\/td><\/tr><\/tbody><\/table><\/figure>\n\n\n\n<h2 class=\"wp-block-heading\">Chi sceglie questa unit\u00e0 USB?<\/h2>\n\n\n\n<div class=\"wp-block-columns is-layout-flex wp-container-core-columns-is-layout-28f84493 wp-block-columns-is-layout-flex\">\n<div class=\"wp-block-column is-vertically-aligned-center is-layout-flow wp-block-column-is-layout-flow\">\n<ul class=\"wp-block-list\">\n<li>Industrie di alto livello come la finanza, la consulenza e il settore immobiliare, per i regali di ringraziamento ai clienti e i souvenir delle riunioni annuali;<\/li>\n\n\n\n<li>Regali personalizzati per marchi automobilistici, societ\u00e0 di noleggio auto e imprese di ricarica;<\/li>\n\n\n\n<li>Souvenir per summit di settore e lanci di nuovi prodotti;<\/li>\n\n\n\n<li>Anniversari universitari e attivit\u00e0 di club, con emblemi scolastici e loghi di club personalizzati, che fungono da portatori della cultura del campus;<\/li>\n\n\n\n<li>Istituti di formazione per gli studenti;<\/li>\n\n\n\n<li>Edizioni commemorative personalizzate per le scuole.<\/li>\n<\/ul>\n<\/div>\n\n\n\n<div class=\"wp-block-column is-layout-flow wp-block-column-is-layout-flow\">\n<figure class=\"wp-block-image size-full\"><img alt=\"\" decoding=\"async\" width=\"800\" height=\"800\" src=\"https:\/\/www.usborkeychain.com\/wp-content\/uploads\/pu-leather-usb-flash-drive.png\" class=\"wp-image-5702\" srcset=\"https:\/\/www.usborkeychain.com\/wp-content\/uploads\/pu-leather-usb-flash-drive.png 800w, https:\/\/www.usborkeychain.com\/wp-content\/uploads\/pu-leather-usb-flash-drive-300x300.png 300w, https:\/\/www.usborkeychain.com\/wp-content\/uploads\/pu-leather-usb-flash-drive-150x150.png 150w, https:\/\/www.usborkeychain.com\/wp-content\/uploads\/pu-leather-usb-flash-drive-768x768.png 768w, https:\/\/www.usborkeychain.com\/wp-content\/uploads\/pu-leather-usb-flash-drive-12x12.png 12w, https:\/\/www.usborkeychain.com\/wp-content\/uploads\/pu-leather-usb-flash-drive-600x600.png 600w, https:\/\/www.usborkeychain.com\/wp-content\/uploads\/pu-leather-usb-flash-drive-100x100.png 100w\" sizes=\"(max-width: 800px) 100vw, 800px\" \/><\/figure>\n<\/div>\n<\/div>\n\n\n\n<h3 class=\"wp-block-heading\">Raccomandazioni per la manutenzione<\/h3>\n\n\n\n<div class=\"wp-block-columns is-layout-flex wp-container-core-columns-is-layout-28f84493 wp-block-columns-is-layout-flex\">\n<div class=\"wp-block-column is-vertically-aligned-center is-layout-flow wp-block-column-is-layout-flow\">\n<figure class=\"wp-block-image size-full\"><img alt=\"\" loading=\"lazy\" decoding=\"async\" width=\"800\" height=\"800\" src=\"https:\/\/www.usborkeychain.com\/wp-content\/uploads\/Leather-Buckle-USB.png\" class=\"wp-image-5698\" srcset=\"https:\/\/www.usborkeychain.com\/wp-content\/uploads\/Leather-Buckle-USB.png 800w, https:\/\/www.usborkeychain.com\/wp-content\/uploads\/Leather-Buckle-USB-300x300.png 300w, https:\/\/www.usborkeychain.com\/wp-content\/uploads\/Leather-Buckle-USB-150x150.png 150w, https:\/\/www.usborkeychain.com\/wp-content\/uploads\/Leather-Buckle-USB-768x768.png 768w, https:\/\/www.usborkeychain.com\/wp-content\/uploads\/Leather-Buckle-USB-12x12.png 12w, https:\/\/www.usborkeychain.com\/wp-content\/uploads\/Leather-Buckle-USB-600x600.png 600w, https:\/\/www.usborkeychain.com\/wp-content\/uploads\/Leather-Buckle-USB-100x100.png 100w\" sizes=\"(max-width: 800px) 100vw, 800px\" \/><\/figure>\n<\/div>\n\n\n\n<div class=\"wp-block-column is-vertically-aligned-center is-layout-flow wp-block-column-is-layout-flow\">\n<ul class=\"wp-block-list\">\n<li>Evitare l'esposizione prolungata della custodia in pelle alla luce del sole (per evitare sbiadimenti e screpolature); pulirla con un panno morbido.<\/li>\n\n\n\n<li>Pulire regolarmente i componenti metallici con un panno asciutto (per evitare la corrosione dovuta a macchie di sudore e acqua).<\/li>\n\n\n\n<li>Premere delicatamente l'interfaccia quando si inserisce o si disinserisce l'unit\u00e0 USB; evitare operazioni violente per evitare di danneggiare il chip UDP.<\/li>\n<\/ul>\n<\/div>\n<\/div>\n\n\n\n<div class=\"wp-block-columns is-layout-flex wp-container-core-columns-is-layout-28f84493 wp-block-columns-is-layout-flex\">\n<div class=\"wp-block-column is-vertically-aligned-center is-layout-flow wp-block-column-is-layout-flow\">\n<p>Il <strong>Portachiavi da polso in pelle Unit\u00e0 USB<\/strong> supera l'attributo di \"memoria unica\" delle unit\u00e0 USB tradizionali. Grazie al design di \"<strong>custodia in pelle<\/strong> + <strong>portachiavi<\/strong> + <strong>Unit\u00e0 USB<\/strong>\", integra profondamente \"praticit\u00e0\" e \"marchio\". La personalizzazione flessibile dei parametri (capacit\u00e0, interfaccia) e la presentazione strutturata dei materiali ne fanno una scelta popolare tra le unit\u00e0 USB da polso in pelle. Per ulteriori esigenze di personalizzazione, si prega di contattare i fornitori professionali per trovare soluzioni.<\/p>\n<\/div>\n\n\n\n<div class=\"wp-block-column is-vertically-aligned-center is-layout-flow wp-block-column-is-layout-flow\">\n<figure class=\"wp-block-image size-full\"><img alt=\"\" loading=\"lazy\" decoding=\"async\" width=\"800\" height=\"800\" src=\"https:\/\/www.usborkeychain.com\/wp-content\/uploads\/Leather-USB-drive-3.png\" class=\"wp-image-5700\" srcset=\"https:\/\/www.usborkeychain.com\/wp-content\/uploads\/Leather-USB-drive-3.png 800w, https:\/\/www.usborkeychain.com\/wp-content\/uploads\/Leather-USB-drive-3-300x300.png 300w, https:\/\/www.usborkeychain.com\/wp-content\/uploads\/Leather-USB-drive-3-150x150.png 150w, https:\/\/www.usborkeychain.com\/wp-content\/uploads\/Leather-USB-drive-3-768x768.png 768w, https:\/\/www.usborkeychain.com\/wp-content\/uploads\/Leather-USB-drive-3-12x12.png 12w, https:\/\/www.usborkeychain.com\/wp-content\/uploads\/Leather-USB-drive-3-600x600.png 600w, https:\/\/www.usborkeychain.com\/wp-content\/uploads\/Leather-USB-drive-3-100x100.png 100w\" sizes=\"(max-width: 800px) 100vw, 800px\" \/><\/figure>\n<\/div>\n<\/div>","protected":false},"excerpt":{"rendered":"<ul>\n<li>Polsino in pelle PU<\/li>\n<li>Chiusura rettangolare in metallo<\/li>\n<li>Portachiavi in metallo<\/li>\n<li>Portachiavi + unit\u00e0 USB<\/li>\n<li>MOQ: 100pcs<\/li>\n<\/ul>","protected":false},"featured_media":5699,"comment_status":"open","ping_status":"closed","template":"","meta":{"_seopress_robots_primary_cat":"","_seopress_titles_title":"","_seopress_titles_desc":"","_seopress_robots_index":"","site-sidebar-layout":"default","site-content-layout":"","ast-site-content-layout":"","site-content-style":"default","site-sidebar-style":"default","ast-global-header-display":"","ast-banner-title-visibility":"","ast-main-header-display":"","ast-hfb-above-header-display":"","ast-hfb-below-header-display":"","ast-hfb-mobile-header-display":"","site-post-title":"","ast-breadcrumbs-content":"","ast-featured-img":"","footer-sml-layout":"","theme-transparent-header-meta":"","adv-header-id-meta":"","stick-header-meta":"","header-above-stick-meta":"","header-main-stick-meta":"","header-below-stick-meta":"","astra-migrate-meta-layouts":"default","ast-page-background-enabled":"default","ast-page-background-meta":{"desktop":{"background-color":"var(--ast-global-color-5)","background-image":"","background-repeat":"repeat","background-position":"center center","background-size":"auto","background-attachment":"scroll","background-type":"","background-media":"","overlay-type":"","overlay-color":"","overlay-opacity":"","overlay-gradient":""},"tablet":{"background-color":"","background-image":"","background-repeat":"repeat","background-position":"center center","background-size":"auto","background-attachment":"scroll","background-type":"","background-media":"","overlay-type":"","overlay-color":"","overlay-opacity":"","overlay-gradient":""},"mobile":{"background-color":"","background-image":"","background-repeat":"repeat","background-position":"center center","background-size":"auto","background-attachment":"scroll","background-type":"","background-media":"","overlay-type":"","overlay-color":"","overlay-opacity":"","overlay-gradient":""}},"ast-content-background-meta":{"desktop":{"background-color":"var(--ast-global-color-4)","background-image":"","background-repeat":"repeat","background-position":"center center","background-size":"auto","background-attachment":"scroll","background-type":"","background-media":"","overlay-type":"","overlay-color":"","overlay-opacity":"","overlay-gradient":""},"tablet":{"background-color":"var(--ast-global-color-4)","background-image":"","background-repeat":"repeat","background-position":"center center","background-size":"auto","background-attachment":"scroll","background-type":"","background-media":"","overlay-type":"","overlay-color":"","overlay-opacity":"","overlay-gradient":""},"mobile":{"background-color":"var(--ast-global-color-4)","background-image":"","background-repeat":"repeat","background-position":"center center","background-size":"auto","background-attachment":"scroll","background-type":"","background-media":"","overlay-type":"","overlay-color":"","overlay-opacity":"","overlay-gradient":""}}},"product_brand":[],"product_cat":[90],"product_tag":[362],"class_list":{"0":"post-5695","1":"product","2":"type-product","3":"status-publish","4":"has-post-thumbnail","6":"product_cat-leather-usb-pendrive","7":"product_tag-leather-wristband-keychain-usb-drive","8":"desktop-align-left","9":"tablet-align-left","10":"mobile-align-left","12":"first","13":"instock","14":"shipping-taxable","15":"product-type-simple"},"_links":{"self":[{"href":"https:\/\/www.usborkeychain.com\/it\/wp-json\/wp\/v2\/product\/5695","targetHints":{"allow":["GET"]}}],"collection":[{"href":"https:\/\/www.usborkeychain.com\/it\/wp-json\/wp\/v2\/product"}],"about":[{"href":"https:\/\/www.usborkeychain.com\/it\/wp-json\/wp\/v2\/types\/product"}],"replies":[{"embeddable":true,"href":"https:\/\/www.usborkeychain.com\/it\/wp-json\/wp\/v2\/comments?post=5695"}],"wp:featuredmedia":[{"embeddable":true,"href":"https:\/\/www.usborkeychain.com\/it\/wp-json\/wp\/v2\/media\/5699"}],"wp:attachment":[{"href":"https:\/\/www.usborkeychain.com\/it\/wp-json\/wp\/v2\/media?parent=5695"}],"wp:term":[{"taxonomy":"product_brand","embeddable":true,"href":"https:\/\/www.usborkeychain.com\/it\/wp-json\/wp\/v2\/product_brand?post=5695"},{"taxonomy":"product_cat","embeddable":true,"href":"https:\/\/www.usborkeychain.com\/it\/wp-json\/wp\/v2\/product_cat?post=5695"},{"taxonomy":"product_tag","embeddable":true,"href":"https:\/\/www.usborkeychain.com\/it\/wp-json\/wp\/v2\/product_tag?post=5695"}],"curies":[{"name":"wp","href":"https:\/\/api.w.org\/{rel}","templated":true}]}}