{"id":6267,"date":"2025-08-08T05:45:53","date_gmt":"2025-08-08T05:45:53","guid":{"rendered":"https:\/\/www.usborkeychain.com\/?post_type=product&#038;p=6267"},"modified":"2025-08-19T03:31:17","modified_gmt":"2025-08-19T03:31:17","slug":"rotating-black-colloid-light-up-usb-flash-drive","status":"publish","type":"product","link":"https:\/\/www.usborkeychain.com\/it\/prodotto\/rotating-black-colloid-light-up-usb-flash-drive\/","title":{"rendered":"Unit\u00e0 flash USB nera colloidale rotante e luminosa"},"content":{"rendered":"<h3 class=\"wp-block-heading\">Qual \u00e8 il principio della chiavetta USB luminosa?<\/h3>\n\n\n\n<p>L'anima luminosa della chiavetta USB rotante a colloide nero deriva dalla combinazione di perle LED integrate e della tecnologia di confezionamento a colloide nero:<\/p>\n\n\n\n<ul class=\"wp-block-list\">\n<li>Quando l'unit\u00e0 USB viene collegata a un dispositivo (come un computer o un'interfaccia per auto) per l'alimentazione, il circuito LED si attiva automaticamente. La luce passa attraverso lo strato colloidale nero traslucido, facendo s\u00ec che il LOGO o il motivo della superficie mostri un effetto luminoso abbagliante.<\/li>\n\n\n\n<li>Il colloide nero adotta un processo di confezionamento integrato che non solo protegge il chip interno della memoria flash dall'erosione della polvere e dell'umidit\u00e0, ma diffonde anche la luce in modo uniforme, rendendo l'effetto luminoso pi\u00f9 morbido e pieno. Inoltre, migliora le prestazioni dell'unit\u00e0 USB in termini di resistenza all'acqua e agli urti.<\/li>\n<\/ul>\n\n\n\n<figure class=\"wp-block-image size-full\"><img alt=\"\" fetchpriority=\"high\" decoding=\"async\" width=\"800\" height=\"800\" src=\"https:\/\/www.usborkeychain.com\/wp-content\/uploads\/IMG_5396.png\" class=\"wp-image-6270\" srcset=\"https:\/\/www.usborkeychain.com\/wp-content\/uploads\/IMG_5396.png 800w, https:\/\/www.usborkeychain.com\/wp-content\/uploads\/IMG_5396-300x300.png 300w, https:\/\/www.usborkeychain.com\/wp-content\/uploads\/IMG_5396-150x150.png 150w, https:\/\/www.usborkeychain.com\/wp-content\/uploads\/IMG_5396-768x768.png 768w, https:\/\/www.usborkeychain.com\/wp-content\/uploads\/IMG_5396-12x12.png 12w, https:\/\/www.usborkeychain.com\/wp-content\/uploads\/IMG_5396-600x600.png 600w, https:\/\/www.usborkeychain.com\/wp-content\/uploads\/IMG_5396-100x100.png 100w\" sizes=\"(max-width: 800px) 100vw, 800px\" \/><\/figure>\n\n\n\n<h3 class=\"wp-block-heading\">Caratteristiche del design dell'unit\u00e0 USB<\/h3>\n\n\n\n<h4 class=\"wp-block-heading\">1. Materiale e struttura<\/h4>\n\n\n\n<ul class=\"wp-block-list\">\n<li>Guscio: Realizzato in lega di alluminio, trattato con un processo di trafilatura, presenta una delicata finitura lucida metallica. \u00c8 resistente all'usura, ai graffi e non lascia impronte digitali, con una consistenza paragonabile a quella dei prodotti digitali di fascia alta.<\/li>\n\n\n\n<li>Struttura interna e colloide: La staffa interna \u00e8 completata da materiale plastico ingegneristico ABS, in grado di bilanciare robustezza e leggerezza. La parte colloidale nera, disponibile in rosso, blu o nero, crea un contrasto visivo con il guscio metallico per un senso di moda completo.<\/li>\n<\/ul>\n\n\n\n<h4 class=\"wp-block-heading\">2. Progettazione strutturale<\/h4>\n\n\n\n<ul class=\"wp-block-list\">\n<li>Funzione di rotazione: Innovativa struttura rotante a 360\u00b0, non richiede tappi aggiuntivi: ruotando si espone la porta USB (plug-and-play), mentre nascondendo la porta quando viene riposta si proteggono efficacemente le dita dorate e si prolunga la durata di vita. Lo smorzamento della rotazione \u00e8 moderato, con una sensazione di mano liscia, che combina praticit\u00e0 e divertimento.<\/li>\n\n\n\n<li>Funzione di illuminazione: La luce del LOGO pu\u00f2 essere personalizzata in tre colori:\n<ul class=\"wp-block-list\">\n<li>Luce rossa: Calda e accattivante, ideale per valorizzare i loghi dei marchi;<\/li>\n\n\n\n<li>Luce blu: Piena di un'atmosfera tecnologica, perfetta per gli scenari digitali e gli e-sport;<\/li>\n\n\n\n<li>Luce bianca: Semplice ed elegante, mette in risalto una texture di alto livello.<\/li>\n<\/ul>\n<\/li>\n<\/ul>\n\n\n\n<p>Abbinando il colore della luce al colore del colloide nero (ad esempio, colloide rosso + luce rossa, colloide nero + luce blu) si possono creare stili diversi (fresco, calmo, alla moda).<\/p>\n\n\n\n<h4 class=\"wp-block-heading\">3. Prestazioni di protezione<\/h4>\n\n\n\n<p>Il guscio in lega di alluminio conferisce all'unit\u00e0 USB propriet\u00e0 antigoccia e antiurto, mentre l'imballaggio in colloide nero ne migliora ulteriormente la resistenza alla pressione e all'acqua. Non teme urti o cadute nell'uso quotidiano, \u00e8 adatta per l'ufficio, l'auto, l'esterno e altri scenari.<\/p>\n\n\n\n<h4 class=\"wp-block-heading\">4. Esperienza di stoccaggio<\/h4>\n\n\n\n<p>Supporta opzioni di grande capacit\u00e0 da 8 GB a 128 GB (per soddisfare le esigenze di archiviazione di documenti, musica e video), adotta un'interfaccia USB 2.0 ed \u00e8 compatibile con Windows, Mac OS, Linux e altri sistemi. \u00c8 dotato di funzionalit\u00e0 plug-and-play senza necessit\u00e0 di driver, garantendo una trasmissione stabile ed efficiente.<\/p>\n\n\n\n<div class=\"wp-block-columns is-layout-flex wp-container-core-columns-is-layout-28f84493 wp-block-columns-is-layout-flex\">\n<div class=\"wp-block-column is-layout-flow wp-block-column-is-layout-flow\">\n<figure class=\"wp-block-image size-full\"><img alt=\"\" decoding=\"async\" width=\"800\" height=\"800\" src=\"https:\/\/www.usborkeychain.com\/wp-content\/uploads\/IMG_5397.png\" class=\"wp-image-6271\" srcset=\"https:\/\/www.usborkeychain.com\/wp-content\/uploads\/IMG_5397.png 800w, https:\/\/www.usborkeychain.com\/wp-content\/uploads\/IMG_5397-300x300.png 300w, https:\/\/www.usborkeychain.com\/wp-content\/uploads\/IMG_5397-150x150.png 150w, https:\/\/www.usborkeychain.com\/wp-content\/uploads\/IMG_5397-768x768.png 768w, https:\/\/www.usborkeychain.com\/wp-content\/uploads\/IMG_5397-12x12.png 12w, https:\/\/www.usborkeychain.com\/wp-content\/uploads\/IMG_5397-600x600.png 600w, https:\/\/www.usborkeychain.com\/wp-content\/uploads\/IMG_5397-100x100.png 100w\" sizes=\"(max-width: 800px) 100vw, 800px\" \/><\/figure>\n<\/div>\n\n\n\n<div class=\"wp-block-column is-layout-flow wp-block-column-is-layout-flow\">\n<figure class=\"wp-block-image size-full\"><img alt=\"\" decoding=\"async\" width=\"800\" height=\"800\" src=\"https:\/\/www.usborkeychain.com\/wp-content\/uploads\/IMG_5398.jpg\" class=\"wp-image-6272\" srcset=\"https:\/\/www.usborkeychain.com\/wp-content\/uploads\/IMG_5398.jpg 800w, https:\/\/www.usborkeychain.com\/wp-content\/uploads\/IMG_5398-300x300.jpg 300w, https:\/\/www.usborkeychain.com\/wp-content\/uploads\/IMG_5398-150x150.jpg 150w, https:\/\/www.usborkeychain.com\/wp-content\/uploads\/IMG_5398-768x768.jpg 768w, https:\/\/www.usborkeychain.com\/wp-content\/uploads\/IMG_5398-12x12.jpg 12w, https:\/\/www.usborkeychain.com\/wp-content\/uploads\/IMG_5398-600x600.jpg 600w, https:\/\/www.usborkeychain.com\/wp-content\/uploads\/IMG_5398-100x100.jpg 100w\" sizes=\"(max-width: 800px) 100vw, 800px\" \/><\/figure>\n<\/div>\n<\/div>\n\n\n\n<h3 class=\"wp-block-heading\">Personalizzazione personalizzata<\/h3>\n\n\n\n<p>La chiavetta USB illuminata con colloide nero rotante supporta una personalizzazione approfondita del LOGO:<\/p>\n\n\n\n<ul class=\"wp-block-list\">\n<li>Che si tratti di un logo aziendale, di uno slogan o di un motivo creativo, pu\u00f2 essere presentato con precisione grazie alla tecnologia dell'incisione laser o della serigrafia.<\/li>\n\n\n\n<li>Grazie agli effetti luminosi rossi, bianchi e blu, ogni chiavetta USB diventa un supporto unico per il marchio.<\/li>\n<\/ul>\n\n\n\n<h3 class=\"wp-block-heading\">Parametri fondamentali dell'unit\u00e0 USB<\/h3>\n\n\n\n<figure class=\"wp-block-table\"><table class=\"has-fixed-layout\"><thead><tr><th>Parametro Voce<\/th><th>Dettagli<\/th><\/tr><\/thead><tbody><tr><td>Tipo di interfaccia<\/td><td>USB 2.0 (compatibile con USB 1.1)<\/td><\/tr><tr><td>Opzioni di capacit\u00e0<\/td><td>8GB \/ 16GB \/ 32GB \/ 64GB \/ 128GB<\/td><\/tr><tr><td>Dimensioni del prodotto<\/td><td>44.5*<em>30<\/em>*7,5 mm<\/td><\/tr><tr><td>Peso<\/td><td>12g<\/td><\/tr><tr><td>Colore luminoso (LOGO)<\/td><td>Rosso, bianco, blu (opzionale)<\/td><\/tr><tr><td>Colore dei colloidi<\/td><td>Rosso, blu, nero (opzionale)<\/td><\/tr><tr><td>Caratteristiche di protezione<\/td><td>Antigoccia, antiurto, resistente alla pressione, leggermente impermeabile<\/td><\/tr><tr><td>Velocit\u00e0 di trasmissione<\/td><td>Velocit\u00e0 di lettura \u2264 15MB\/s, velocit\u00e0 di scrittura \u2264 8MB\/s (standard USB 2.0)<\/td><\/tr><\/tbody><\/table><\/figure>\n\n\n\n<h3 class=\"wp-block-heading\">Chi sceglie questa unit\u00e0 USB?<\/h3>\n\n\n\n<ol class=\"wp-block-list\">\n<li>Professionisti d'affari: La texture metallica e il LOGO personalizzato sono adatti per incontri d'affari e regali di marca, evidenziando un'immagine professionale.<\/li>\n\n\n\n<li>Appassionati di digitale: Il design rotante e luminoso \u00e8 pieno di divertimento tecnologico e lo rende un dispositivo \"trendy\" per la conservazione e la raccolta quotidiana.<\/li>\n\n\n\n<li>Settore della personalizzazione dei regali: Supporta il design personalizzato, adatto ai regali di Natale, agli eventi aziendali e alla promozione del marchio, trasmettendo intenzioni uniche.<\/li>\n\n\n\n<li>Utenti dell'auto: La comoda rotazione + le caratteristiche antiurto e di durata, abbinate all'audio dell'auto per la riproduzione di musica, l'effetto luminoso aggiunge atmosfera.<\/li>\n<\/ol>\n\n\n\n<div class=\"wp-block-columns is-layout-flex wp-container-core-columns-is-layout-28f84493 wp-block-columns-is-layout-flex\">\n<div class=\"wp-block-column is-layout-flow wp-block-column-is-layout-flow\">\n<figure class=\"wp-block-image size-full\"><img alt=\"\" loading=\"lazy\" decoding=\"async\" width=\"800\" height=\"800\" src=\"https:\/\/www.usborkeychain.com\/wp-content\/uploads\/IMG_5399.jpg\" class=\"wp-image-6273\" srcset=\"https:\/\/www.usborkeychain.com\/wp-content\/uploads\/IMG_5399.jpg 800w, https:\/\/www.usborkeychain.com\/wp-content\/uploads\/IMG_5399-300x300.jpg 300w, https:\/\/www.usborkeychain.com\/wp-content\/uploads\/IMG_5399-150x150.jpg 150w, https:\/\/www.usborkeychain.com\/wp-content\/uploads\/IMG_5399-768x768.jpg 768w, https:\/\/www.usborkeychain.com\/wp-content\/uploads\/IMG_5399-12x12.jpg 12w, https:\/\/www.usborkeychain.com\/wp-content\/uploads\/IMG_5399-600x600.jpg 600w, https:\/\/www.usborkeychain.com\/wp-content\/uploads\/IMG_5399-100x100.jpg 100w\" sizes=\"(max-width: 800px) 100vw, 800px\" \/><\/figure>\n<\/div>\n\n\n\n<div class=\"wp-block-column is-layout-flow wp-block-column-is-layout-flow\">\n<figure class=\"wp-block-image size-full\"><img alt=\"\" loading=\"lazy\" decoding=\"async\" width=\"800\" height=\"800\" src=\"https:\/\/www.usborkeychain.com\/wp-content\/uploads\/IMG_5491.jpg\" class=\"wp-image-6274\" srcset=\"https:\/\/www.usborkeychain.com\/wp-content\/uploads\/IMG_5491.jpg 800w, https:\/\/www.usborkeychain.com\/wp-content\/uploads\/IMG_5491-300x300.jpg 300w, https:\/\/www.usborkeychain.com\/wp-content\/uploads\/IMG_5491-150x150.jpg 150w, https:\/\/www.usborkeychain.com\/wp-content\/uploads\/IMG_5491-768x768.jpg 768w, https:\/\/www.usborkeychain.com\/wp-content\/uploads\/IMG_5491-12x12.jpg 12w, https:\/\/www.usborkeychain.com\/wp-content\/uploads\/IMG_5491-600x600.jpg 600w, https:\/\/www.usborkeychain.com\/wp-content\/uploads\/IMG_5491-100x100.jpg 100w\" sizes=\"(max-width: 800px) 100vw, 800px\" \/><\/figure>\n<\/div>\n<\/div>\n\n\n\n<p>Il<strong> chiavetta USB illuminata nera colloidale rotante<\/strong> crea una texture di alto livello grazie alla tecnologia di trafilatura in lega di alluminio, supera la forma monotona delle unit\u00e0 USB tradizionali con una struttura rotante e un abbagliante effetto di illuminazione, oltre ad avere caratteristiche pratiche come l'antigoccia e l'antiurto, la grande capacit\u00e0 di archiviazione e il plug-and-play. Inoltre, grazie ai servizi flessibili di personalizzazione del LOGO, bilancia perfettamente \"aspetto\" e \"forza\". Che siate professionisti, appassionati di tecnologia o aziende che puntano sulla comunicazione del marchio, questa unit\u00e0 USB pu\u00f2 diventare un punto di riferimento negli scenari di archiviazione.<\/p>","protected":false},"excerpt":{"rendered":"<ul>\n<li>Materiale in lega di alluminio<\/li>\n<li>Struttura rotante<\/li>\n<li>Effetto luminoso abbagliante<\/li>\n<li>Servizi di personalizzazione del LOGO<\/li>\n<li>MOQ: 100pcs<\/li>\n<\/ul>","protected":false},"featured_media":6270,"comment_status":"open","ping_status":"closed","template":"","meta":{"_seopress_robots_primary_cat":"","_seopress_titles_title":"","_seopress_titles_desc":"","_seopress_robots_index":"","site-sidebar-layout":"default","site-content-layout":"","ast-site-content-layout":"","site-content-style":"default","site-sidebar-style":"default","ast-global-header-display":"","ast-banner-title-visibility":"","ast-main-header-display":"","ast-hfb-above-header-display":"","ast-hfb-below-header-display":"","ast-hfb-mobile-header-display":"","site-post-title":"","ast-breadcrumbs-content":"","ast-featured-img":"","footer-sml-layout":"","theme-transparent-header-meta":"","adv-header-id-meta":"","stick-header-meta":"","header-above-stick-meta":"","header-main-stick-meta":"","header-below-stick-meta":"","astra-migrate-meta-layouts":"default","ast-page-background-enabled":"default","ast-page-background-meta":{"desktop":{"background-color":"var(--ast-global-color-5)","background-image":"","background-repeat":"repeat","background-position":"center center","background-size":"auto","background-attachment":"scroll","background-type":"","background-media":"","overlay-type":"","overlay-color":"","overlay-opacity":"","overlay-gradient":""},"tablet":{"background-color":"","background-image":"","background-repeat":"repeat","background-position":"center center","background-size":"auto","background-attachment":"scroll","background-type":"","background-media":"","overlay-type":"","overlay-color":"","overlay-opacity":"","overlay-gradient":""},"mobile":{"background-color":"","background-image":"","background-repeat":"repeat","background-position":"center center","background-size":"auto","background-attachment":"scroll","background-type":"","background-media":"","overlay-type":"","overlay-color":"","overlay-opacity":"","overlay-gradient":""}},"ast-content-background-meta":{"desktop":{"background-color":"var(--ast-global-color-4)","background-image":"","background-repeat":"repeat","background-position":"center center","background-size":"auto","background-attachment":"scroll","background-type":"","background-media":"","overlay-type":"","overlay-color":"","overlay-opacity":"","overlay-gradient":""},"tablet":{"background-color":"var(--ast-global-color-4)","background-image":"","background-repeat":"repeat","background-position":"center center","background-size":"auto","background-attachment":"scroll","background-type":"","background-media":"","overlay-type":"","overlay-color":"","overlay-opacity":"","overlay-gradient":""},"mobile":{"background-color":"var(--ast-global-color-4)","background-image":"","background-repeat":"repeat","background-position":"center center","background-size":"auto","background-attachment":"scroll","background-type":"","background-media":"","overlay-type":"","overlay-color":"","overlay-opacity":"","overlay-gradient":""}}},"product_brand":[],"product_cat":[107,106],"product_tag":[398,406,387,397],"class_list":{"0":"post-6267","1":"product","2":"type-product","3":"status-publish","4":"has-post-thumbnail","6":"product_cat-led-usb-pendrive","7":"product_cat-rotating-usb-pendrive","8":"product_tag-aluminum-usb-drive","9":"product_tag-metal-swivel-usb-drive","10":"product_tag-rotating-black-colloid-light-up-usb-flash-drive","11":"product_tag-zinc-alloy-usb-pen-drive","12":"desktop-align-left","13":"tablet-align-left","14":"mobile-align-left","16":"first","17":"instock","18":"shipping-taxable","19":"product-type-simple"},"_links":{"self":[{"href":"https:\/\/www.usborkeychain.com\/it\/wp-json\/wp\/v2\/product\/6267","targetHints":{"allow":["GET"]}}],"collection":[{"href":"https:\/\/www.usborkeychain.com\/it\/wp-json\/wp\/v2\/product"}],"about":[{"href":"https:\/\/www.usborkeychain.com\/it\/wp-json\/wp\/v2\/types\/product"}],"replies":[{"embeddable":true,"href":"https:\/\/www.usborkeychain.com\/it\/wp-json\/wp\/v2\/comments?post=6267"}],"wp:featuredmedia":[{"embeddable":true,"href":"https:\/\/www.usborkeychain.com\/it\/wp-json\/wp\/v2\/media\/6270"}],"wp:attachment":[{"href":"https:\/\/www.usborkeychain.com\/it\/wp-json\/wp\/v2\/media?parent=6267"}],"wp:term":[{"taxonomy":"product_brand","embeddable":true,"href":"https:\/\/www.usborkeychain.com\/it\/wp-json\/wp\/v2\/product_brand?post=6267"},{"taxonomy":"product_cat","embeddable":true,"href":"https:\/\/www.usborkeychain.com\/it\/wp-json\/wp\/v2\/product_cat?post=6267"},{"taxonomy":"product_tag","embeddable":true,"href":"https:\/\/www.usborkeychain.com\/it\/wp-json\/wp\/v2\/product_tag?post=6267"}],"curies":[{"name":"wp","href":"https:\/\/api.w.org\/{rel}","templated":true}]}}