{"id":6275,"date":"2025-08-08T08:44:09","date_gmt":"2025-08-08T08:44:09","guid":{"rendered":"https:\/\/www.usborkeychain.com\/?post_type=product&#038;p=6275"},"modified":"2025-08-08T08:44:12","modified_gmt":"2025-08-08T08:44:12","slug":"metal-light-up-school-emblem-usb-drive","status":"publish","type":"product","link":"https:\/\/www.usborkeychain.com\/it\/prodotto\/metal-light-up-school-emblem-usb-drive\/","title":{"rendered":"Unit\u00e0 USB con emblema scolastico luminoso in metallo"},"content":{"rendered":"<h2 class=\"wp-block-heading\">Qual \u00e8 il principio dell'unit\u00e0 USB luminosa?<\/h2>\n\n\n\n<p>Il principio di accensione dell'unit\u00e0 USB con emblema scolastico in metallo si basa sulla \"sorgente luminosa a LED attivata dall'alimentazione\": Quando l'unit\u00e0 USB viene inserita in un dispositivo (come un computer o un telefono cellulare) per l'alimentazione, il circuito incorporato attiva le sfere LED, facendo illuminare l'area dell'emblema scolastico\/LOGO sulla superficie. La luce penetra attraverso il motivo personalizzato per ottenere una \"visualizzazione ad alta luminosit\u00e0 del logo del marchio\", combinando le funzioni di archiviazione pratica e di decorazione visiva.<\/p>\n\n\n\n<div class=\"wp-block-columns is-layout-flex wp-container-core-columns-is-layout-28f84493 wp-block-columns-is-layout-flex\">\n<div class=\"wp-block-column is-layout-flow wp-block-column-is-layout-flow\">\n<figure class=\"wp-block-image size-full\"><img alt=\"\" fetchpriority=\"high\" decoding=\"async\" width=\"800\" height=\"800\" src=\"https:\/\/www.usborkeychain.com\/wp-content\/uploads\/Luminous-USB-Flash-Drive.jpg\" class=\"wp-image-6284\" srcset=\"https:\/\/www.usborkeychain.com\/wp-content\/uploads\/Luminous-USB-Flash-Drive.jpg 800w, https:\/\/www.usborkeychain.com\/wp-content\/uploads\/Luminous-USB-Flash-Drive-300x300.jpg 300w, https:\/\/www.usborkeychain.com\/wp-content\/uploads\/Luminous-USB-Flash-Drive-150x150.jpg 150w, https:\/\/www.usborkeychain.com\/wp-content\/uploads\/Luminous-USB-Flash-Drive-768x768.jpg 768w, https:\/\/www.usborkeychain.com\/wp-content\/uploads\/Luminous-USB-Flash-Drive-12x12.jpg 12w, https:\/\/www.usborkeychain.com\/wp-content\/uploads\/Luminous-USB-Flash-Drive-600x600.jpg 600w, https:\/\/www.usborkeychain.com\/wp-content\/uploads\/Luminous-USB-Flash-Drive-100x100.jpg 100w\" sizes=\"(max-width: 800px) 100vw, 800px\" \/><\/figure>\n<\/div>\n\n\n\n<div class=\"wp-block-column is-layout-flow wp-block-column-is-layout-flow\">\n<figure class=\"wp-block-image size-full\"><img alt=\"\" decoding=\"async\" width=\"800\" height=\"800\" src=\"https:\/\/www.usborkeychain.com\/wp-content\/uploads\/LED-USB-flash-drives-1.jpg\" class=\"wp-image-6282\" srcset=\"https:\/\/www.usborkeychain.com\/wp-content\/uploads\/LED-USB-flash-drives-1.jpg 800w, https:\/\/www.usborkeychain.com\/wp-content\/uploads\/LED-USB-flash-drives-1-300x300.jpg 300w, https:\/\/www.usborkeychain.com\/wp-content\/uploads\/LED-USB-flash-drives-1-150x150.jpg 150w, https:\/\/www.usborkeychain.com\/wp-content\/uploads\/LED-USB-flash-drives-1-768x768.jpg 768w, https:\/\/www.usborkeychain.com\/wp-content\/uploads\/LED-USB-flash-drives-1-12x12.jpg 12w, https:\/\/www.usborkeychain.com\/wp-content\/uploads\/LED-USB-flash-drives-1-600x600.jpg 600w, https:\/\/www.usborkeychain.com\/wp-content\/uploads\/LED-USB-flash-drives-1-100x100.jpg 100w\" sizes=\"(max-width: 800px) 100vw, 800px\" \/><\/figure>\n<\/div>\n<\/div>\n\n\n\n<h2 class=\"wp-block-heading\">Caratteristiche del design dell'unit\u00e0 USB con emblema scolastico luminoso in metallo<\/h2>\n\n\n\n<h3 class=\"wp-block-heading\">1. Materiale e durata<\/h3>\n\n\n\n<p>Adotta un guscio in metallo, resistente alle cadute, all'usura e ai graffi. Non si deforma facilmente dopo un uso prolungato, conferendo al prodotto una consistenza di alto livello e propriet\u00e0 solide.<\/p>\n\n\n\n<h3 class=\"wp-block-heading\">2. Colore e forma<\/h3>\n\n\n\n<ul class=\"wp-block-list\">\n<li>Colore esterno: disponibile in due tonalit\u00e0 metalliche - canna di fucile e argento - calme ed eleganti, adatte a diversi stili di emblemi scolastici.<\/li>\n\n\n\n<li>Design della forma: Include due forme, circolare e quadrata (per soddisfare diverse esigenze estetiche), tutte dotate di un foro per il portachiavi. Pu\u00f2 essere portato in giro con una cordicella per evitare di perderlo, essendo compatto e conveniente (dimensioni: solo 47\u00d732\u00d77 mm, peso: 20 g).<\/li>\n<\/ul>\n\n\n\n<h3 class=\"wp-block-heading\">3. Effetto luce e confezione<\/h3>\n\n\n\n<ul class=\"wp-block-list\">\n<li>Effetto luminoso: Supporta l'illuminazione multicolore personalizzata (come rosso, verde, blu, bianco, ecc.). L'emblema della scuola ha un'altissima riconoscibilit\u00e0 quando \u00e8 illuminato e crea un'atmosfera pi\u00f9 suggestiva se usato di notte.<\/li>\n\n\n\n<li>Design della confezione: Abbinato a una squisita confezione regalo (come quelle con motivi ricamati o con stili nazionali, come le scatole da imballaggio rosse\/blu\/fantasia mostrate), \u00e8 ideale come regalo per un anniversario di scuola, un regalo di laurea o un regalo d'affari, evidenziando un senso di cerimonia.<\/li>\n<\/ul>\n\n\n\n<h3 class=\"wp-block-heading\">4. Dettagli dell'interfaccia<\/h3>\n\n\n\n<p>\u00c8 dotata di un'interfaccia Type-C, compatibile con i protocolli USB 2.0\/USB 3.0. Con un design circolare piatto, l'interfaccia supporta l'inserimento cieco su entrambi i lati, adattandosi a pi\u00f9 dispositivi come telefoni cellulari, computer e tablet, garantendo una trasmissione dati stabile e conveniente.<\/p>\n\n\n\n<div class=\"wp-block-columns is-layout-flex wp-container-core-columns-is-layout-28f84493 wp-block-columns-is-layout-flex\">\n<div class=\"wp-block-column is-layout-flow wp-block-column-is-layout-flow\">\n<figure class=\"wp-block-image size-full\"><img alt=\"\" decoding=\"async\" width=\"800\" height=\"800\" src=\"https:\/\/www.usborkeychain.com\/wp-content\/uploads\/Light-Up-USB-Flash-Drive-1.jpg\" class=\"wp-image-6283\" srcset=\"https:\/\/www.usborkeychain.com\/wp-content\/uploads\/Light-Up-USB-Flash-Drive-1.jpg 800w, https:\/\/www.usborkeychain.com\/wp-content\/uploads\/Light-Up-USB-Flash-Drive-1-300x300.jpg 300w, https:\/\/www.usborkeychain.com\/wp-content\/uploads\/Light-Up-USB-Flash-Drive-1-150x150.jpg 150w, https:\/\/www.usborkeychain.com\/wp-content\/uploads\/Light-Up-USB-Flash-Drive-1-768x768.jpg 768w, https:\/\/www.usborkeychain.com\/wp-content\/uploads\/Light-Up-USB-Flash-Drive-1-12x12.jpg 12w, https:\/\/www.usborkeychain.com\/wp-content\/uploads\/Light-Up-USB-Flash-Drive-1-600x600.jpg 600w, https:\/\/www.usborkeychain.com\/wp-content\/uploads\/Light-Up-USB-Flash-Drive-1-100x100.jpg 100w\" sizes=\"(max-width: 800px) 100vw, 800px\" \/><\/figure>\n<\/div>\n\n\n\n<div class=\"wp-block-column is-layout-flow wp-block-column-is-layout-flow\">\n<figure class=\"wp-block-image size-full\"><img alt=\"\" loading=\"lazy\" decoding=\"async\" width=\"800\" height=\"800\" src=\"https:\/\/www.usborkeychain.com\/wp-content\/uploads\/LED-Logo-USB-drives.jpg\" class=\"wp-image-6281\" srcset=\"https:\/\/www.usborkeychain.com\/wp-content\/uploads\/LED-Logo-USB-drives.jpg 800w, https:\/\/www.usborkeychain.com\/wp-content\/uploads\/LED-Logo-USB-drives-300x300.jpg 300w, https:\/\/www.usborkeychain.com\/wp-content\/uploads\/LED-Logo-USB-drives-150x150.jpg 150w, https:\/\/www.usborkeychain.com\/wp-content\/uploads\/LED-Logo-USB-drives-768x768.jpg 768w, https:\/\/www.usborkeychain.com\/wp-content\/uploads\/LED-Logo-USB-drives-12x12.jpg 12w, https:\/\/www.usborkeychain.com\/wp-content\/uploads\/LED-Logo-USB-drives-600x600.jpg 600w, https:\/\/www.usborkeychain.com\/wp-content\/uploads\/LED-Logo-USB-drives-100x100.jpg 100w\" sizes=\"(max-width: 800px) 100vw, 800px\" \/><\/figure>\n<\/div>\n<\/div>\n\n\n\n<h2 class=\"wp-block-heading\">Servizio di personalizzazione del LOGO colorato<\/h2>\n\n\n\n<ul class=\"wp-block-list\">\n<li>LOGO artigianale: Serigrafia, incisione laser, stampa a colori e tampografia, per un'accurata riproduzione dei dettagli dell'emblema della scuola (anche i modelli pi\u00f9 complessi possono essere presentati in modo chiaro).<\/li>\n\n\n\n<li>Corrispondenza della luce: il colore della luce pu\u00f2 essere sincronizzato con il colore principale dell'emblema della scuola (ad esempio, se l'emblema della scuola \u00e8 rosso, si utilizza una luce rossa personalizzata; se il colore del marchio \u00e8 blu, si adotta una luce blu personalizzata), ottenendo una \"integrazione visiva\".<\/li>\n<\/ul>\n\n\n\n<div class=\"wp-block-columns is-layout-flex wp-container-core-columns-is-layout-28f84493 wp-block-columns-is-layout-flex\">\n<div class=\"wp-block-column is-layout-flow wp-block-column-is-layout-flow\">\n<figure class=\"wp-block-image size-full\"><img alt=\"\" loading=\"lazy\" decoding=\"async\" width=\"800\" height=\"800\" src=\"https:\/\/www.usborkeychain.com\/wp-content\/uploads\/Round-LED-Logo-USB-Flash-drive.jpg\" class=\"wp-image-6285\" srcset=\"https:\/\/www.usborkeychain.com\/wp-content\/uploads\/Round-LED-Logo-USB-Flash-drive.jpg 800w, https:\/\/www.usborkeychain.com\/wp-content\/uploads\/Round-LED-Logo-USB-Flash-drive-300x300.jpg 300w, https:\/\/www.usborkeychain.com\/wp-content\/uploads\/Round-LED-Logo-USB-Flash-drive-150x150.jpg 150w, https:\/\/www.usborkeychain.com\/wp-content\/uploads\/Round-LED-Logo-USB-Flash-drive-768x768.jpg 768w, https:\/\/www.usborkeychain.com\/wp-content\/uploads\/Round-LED-Logo-USB-Flash-drive-12x12.jpg 12w, https:\/\/www.usborkeychain.com\/wp-content\/uploads\/Round-LED-Logo-USB-Flash-drive-600x600.jpg 600w, https:\/\/www.usborkeychain.com\/wp-content\/uploads\/Round-LED-Logo-USB-Flash-drive-100x100.jpg 100w\" sizes=\"(max-width: 800px) 100vw, 800px\" \/><\/figure>\n<\/div>\n\n\n\n<div class=\"wp-block-column is-layout-flow wp-block-column-is-layout-flow\">\n<figure class=\"wp-block-image size-full\"><img alt=\"\" loading=\"lazy\" decoding=\"async\" width=\"800\" height=\"800\" src=\"https:\/\/www.usborkeychain.com\/wp-content\/uploads\/LED-Light-Metal-USB-Drive-with.jpg\" class=\"wp-image-6279\" srcset=\"https:\/\/www.usborkeychain.com\/wp-content\/uploads\/LED-Light-Metal-USB-Drive-with.jpg 800w, https:\/\/www.usborkeychain.com\/wp-content\/uploads\/LED-Light-Metal-USB-Drive-with-300x300.jpg 300w, https:\/\/www.usborkeychain.com\/wp-content\/uploads\/LED-Light-Metal-USB-Drive-with-150x150.jpg 150w, https:\/\/www.usborkeychain.com\/wp-content\/uploads\/LED-Light-Metal-USB-Drive-with-768x768.jpg 768w, https:\/\/www.usborkeychain.com\/wp-content\/uploads\/LED-Light-Metal-USB-Drive-with-12x12.jpg 12w, https:\/\/www.usborkeychain.com\/wp-content\/uploads\/LED-Light-Metal-USB-Drive-with-600x600.jpg 600w, https:\/\/www.usborkeychain.com\/wp-content\/uploads\/LED-Light-Metal-USB-Drive-with-100x100.jpg 100w\" sizes=\"(max-width: 800px) 100vw, 800px\" \/><\/figure>\n<\/div>\n<\/div>\n\n\n\n<h2 class=\"wp-block-heading\">Parametri fondamentali dell'unit\u00e0 USB<\/h2>\n\n\n\n<figure class=\"wp-block-table\"><table class=\"has-fixed-layout\"><thead><tr><th>Parametro Voce<\/th><th>Dettagli<\/th><\/tr><\/thead><tbody><tr><td>Velocit\u00e0 di trasferimento dati<\/td><td>100 MB\/s<\/td><\/tr><tr><td>Velocit\u00e0 massima di lettura<\/td><td>100 MB\/s<\/td><\/tr><tr><td>Velocit\u00e0 massima di scrittura<\/td><td>50 MB\/s<\/td><\/tr><tr><td>Tipo di interfaccia<\/td><td>USB 2.0, USB 3.0 (interfaccia Type-C)<\/td><\/tr><tr><td>Materiale della scocca<\/td><td>Metallo<\/td><\/tr><tr><td>Funzione speciale<\/td><td>Illuminazione (multicolore opzionale)<\/td><\/tr><tr><td>Dimensioni del prodotto<\/td><td>47\u00d732\u00d77 mm<\/td><\/tr><tr><td>Peso<\/td><td>20 g<\/td><\/tr><tr><td>Colore esterno<\/td><td>Metallo, argento<\/td><\/tr><tr><td>LOGO Stampa Artigianale<\/td><td>Serigrafia, incisione laser, stampa a colori, tampografia<\/td><\/tr><tr><td>Opzioni di capacit\u00e0<\/td><td>8GB\/16GB\/32GB\/64GB\/128GB<\/td><\/tr><\/tbody><\/table><\/figure>\n\n\n\n<h2 class=\"wp-block-heading\">Quali gruppi di persone lo amano?<\/h2>\n\n\n\n<ol class=\"wp-block-list\">\n<li>Gruppo di studenti: Viene utilizzato per conservare i compiti, il materiale didattico e le bozze di progetto, mentre il design dell'emblema scolastico illuminato sottolinea l'identit\u00e0 del campus.<\/li>\n\n\n\n<li>Scuole\/istituti di istruzione: Come regali per l'anniversario della scuola o souvenir per il diploma, i LOGO personalizzati con emblema della scuola aiutano a trasmettere la cultura del campus.<\/li>\n\n\n\n<li>Imprese\/proprietari di marchi: I LOGO personalizzati del marchio utilizzati come regali aziendali o come premi per eventi possono migliorare il riconoscimento del marchio.<\/li>\n\n\n\n<li>Collezionisti: L'unicit\u00e0 della lavorazione del metallo e il design luminoso ne fanno una \"collezione funzionale\", che soddisfa sia le esigenze collezionistiche che espositive.<\/li>\n<\/ol>\n\n\n\n<div class=\"wp-block-columns is-layout-flex wp-container-core-columns-is-layout-28f84493 wp-block-columns-is-layout-flex\">\n<div class=\"wp-block-column is-layout-flow wp-block-column-is-layout-flow\">\n<figure class=\"wp-block-image size-full\"><img alt=\"\" loading=\"lazy\" decoding=\"async\" width=\"800\" height=\"800\" src=\"https:\/\/www.usborkeychain.com\/wp-content\/uploads\/LED-Light-Metal-USB-Drive.jpg\" class=\"wp-image-6280\" srcset=\"https:\/\/www.usborkeychain.com\/wp-content\/uploads\/LED-Light-Metal-USB-Drive.jpg 800w, https:\/\/www.usborkeychain.com\/wp-content\/uploads\/LED-Light-Metal-USB-Drive-300x300.jpg 300w, https:\/\/www.usborkeychain.com\/wp-content\/uploads\/LED-Light-Metal-USB-Drive-150x150.jpg 150w, https:\/\/www.usborkeychain.com\/wp-content\/uploads\/LED-Light-Metal-USB-Drive-768x768.jpg 768w, https:\/\/www.usborkeychain.com\/wp-content\/uploads\/LED-Light-Metal-USB-Drive-12x12.jpg 12w, https:\/\/www.usborkeychain.com\/wp-content\/uploads\/LED-Light-Metal-USB-Drive-600x600.jpg 600w, https:\/\/www.usborkeychain.com\/wp-content\/uploads\/LED-Light-Metal-USB-Drive-100x100.jpg 100w\" sizes=\"(max-width: 800px) 100vw, 800px\" \/><\/figure>\n<\/div>\n\n\n\n<div class=\"wp-block-column is-layout-flow wp-block-column-is-layout-flow\">\n<figure class=\"wp-block-image size-full\"><img alt=\"\" loading=\"lazy\" decoding=\"async\" width=\"800\" height=\"800\" src=\"https:\/\/www.usborkeychain.com\/wp-content\/uploads\/custom-USB-Drives-with-LED-light.jpg\" class=\"wp-image-6278\" srcset=\"https:\/\/www.usborkeychain.com\/wp-content\/uploads\/custom-USB-Drives-with-LED-light.jpg 800w, https:\/\/www.usborkeychain.com\/wp-content\/uploads\/custom-USB-Drives-with-LED-light-300x300.jpg 300w, https:\/\/www.usborkeychain.com\/wp-content\/uploads\/custom-USB-Drives-with-LED-light-150x150.jpg 150w, https:\/\/www.usborkeychain.com\/wp-content\/uploads\/custom-USB-Drives-with-LED-light-768x768.jpg 768w, https:\/\/www.usborkeychain.com\/wp-content\/uploads\/custom-USB-Drives-with-LED-light-12x12.jpg 12w, https:\/\/www.usborkeychain.com\/wp-content\/uploads\/custom-USB-Drives-with-LED-light-600x600.jpg 600w, https:\/\/www.usborkeychain.com\/wp-content\/uploads\/custom-USB-Drives-with-LED-light-100x100.jpg 100w\" sizes=\"(max-width: 800px) 100vw, 800px\" \/><\/figure>\n<\/div>\n<\/div>\n\n\n\n<p>Il <strong>chiavetta USB con emblema scolastico luminoso in metallo <\/strong>raggiunge l'innovazione integrata delle funzioni di identificazione dell'identit\u00e0 e di archiviazione attraverso un corpo interamente in metallo, una tecnologia di retroilluminazione microforata e un'interfaccia Type-C a doppio protocollo. Con un formato ultrasottile di 47 mm, una capacit\u00e0 di 128 GB e una scrittura ad alta velocit\u00e0 di 50 MB\/s, \u00e8 in grado di bilanciare portabilit\u00e0 e prestazioni. I suoi quattro tipi di LOGO artigianali e gli effetti luminosi multicolore soddisfano le esigenze di personalizzazione di college\/universit\u00e0 e aziende. Che si tratti di un souvenir per una cerimonia, di un regalo d'affari o di uno strumento di archiviazione quotidiano, \u00e8 una scelta altamente conveniente.<\/p>","protected":false},"excerpt":{"rendered":"<ul>\n<li>Materiali metallici<\/li>\n<li>Tecnologia di retroilluminazione microforata<\/li>\n<li>Interfaccia doppio protocollo Type-C<\/li>\n<li>Logo&amp;colore&amp;forma personalizzati<\/li>\n<li>MOQ: 100pcs<\/li>\n<\/ul>","protected":false},"featured_media":6284,"comment_status":"open","ping_status":"closed","template":"","meta":{"_seopress_robots_primary_cat":"","_seopress_titles_title":"","_seopress_titles_desc":"","_seopress_robots_index":"","site-sidebar-layout":"default","site-content-layout":"","ast-site-content-layout":"","site-content-style":"default","site-sidebar-style":"default","ast-global-header-display":"","ast-banner-title-visibility":"","ast-main-header-display":"","ast-hfb-above-header-display":"","ast-hfb-below-header-display":"","ast-hfb-mobile-header-display":"","site-post-title":"","ast-breadcrumbs-content":"","ast-featured-img":"","footer-sml-layout":"","theme-transparent-header-meta":"","adv-header-id-meta":"","stick-header-meta":"","header-above-stick-meta":"","header-main-stick-meta":"","header-below-stick-meta":"","astra-migrate-meta-layouts":"default","ast-page-background-enabled":"default","ast-page-background-meta":{"desktop":{"background-color":"var(--ast-global-color-5)","background-image":"","background-repeat":"repeat","background-position":"center center","background-size":"auto","background-attachment":"scroll","background-type":"","background-media":"","overlay-type":"","overlay-color":"","overlay-opacity":"","overlay-gradient":""},"tablet":{"background-color":"","background-image":"","background-repeat":"repeat","background-position":"center center","background-size":"auto","background-attachment":"scroll","background-type":"","background-media":"","overlay-type":"","overlay-color":"","overlay-opacity":"","overlay-gradient":""},"mobile":{"background-color":"","background-image":"","background-repeat":"repeat","background-position":"center center","background-size":"auto","background-attachment":"scroll","background-type":"","background-media":"","overlay-type":"","overlay-color":"","overlay-opacity":"","overlay-gradient":""}},"ast-content-background-meta":{"desktop":{"background-color":"var(--ast-global-color-4)","background-image":"","background-repeat":"repeat","background-position":"center center","background-size":"auto","background-attachment":"scroll","background-type":"","background-media":"","overlay-type":"","overlay-color":"","overlay-opacity":"","overlay-gradient":""},"tablet":{"background-color":"var(--ast-global-color-4)","background-image":"","background-repeat":"repeat","background-position":"center center","background-size":"auto","background-attachment":"scroll","background-type":"","background-media":"","overlay-type":"","overlay-color":"","overlay-opacity":"","overlay-gradient":""},"mobile":{"background-color":"var(--ast-global-color-4)","background-image":"","background-repeat":"repeat","background-position":"center center","background-size":"auto","background-attachment":"scroll","background-type":"","background-media":"","overlay-type":"","overlay-color":"","overlay-opacity":"","overlay-gradient":""}}},"product_brand":[],"product_cat":[107],"product_tag":[388],"class_list":{"0":"post-6275","1":"product","2":"type-product","3":"status-publish","4":"has-post-thumbnail","6":"product_cat-led-usb-pendrive","7":"product_tag-metal-light-up-school-emblem-usb-drive","8":"desktop-align-left","9":"tablet-align-left","10":"mobile-align-left","12":"first","13":"instock","14":"shipping-taxable","15":"product-type-simple"},"_links":{"self":[{"href":"https:\/\/www.usborkeychain.com\/it\/wp-json\/wp\/v2\/product\/6275","targetHints":{"allow":["GET"]}}],"collection":[{"href":"https:\/\/www.usborkeychain.com\/it\/wp-json\/wp\/v2\/product"}],"about":[{"href":"https:\/\/www.usborkeychain.com\/it\/wp-json\/wp\/v2\/types\/product"}],"replies":[{"embeddable":true,"href":"https:\/\/www.usborkeychain.com\/it\/wp-json\/wp\/v2\/comments?post=6275"}],"wp:featuredmedia":[{"embeddable":true,"href":"https:\/\/www.usborkeychain.com\/it\/wp-json\/wp\/v2\/media\/6284"}],"wp:attachment":[{"href":"https:\/\/www.usborkeychain.com\/it\/wp-json\/wp\/v2\/media?parent=6275"}],"wp:term":[{"taxonomy":"product_brand","embeddable":true,"href":"https:\/\/www.usborkeychain.com\/it\/wp-json\/wp\/v2\/product_brand?post=6275"},{"taxonomy":"product_cat","embeddable":true,"href":"https:\/\/www.usborkeychain.com\/it\/wp-json\/wp\/v2\/product_cat?post=6275"},{"taxonomy":"product_tag","embeddable":true,"href":"https:\/\/www.usborkeychain.com\/it\/wp-json\/wp\/v2\/product_tag?post=6275"}],"curies":[{"name":"wp","href":"https:\/\/api.w.org\/{rel}","templated":true}]}}