{"id":6295,"date":"2025-08-09T03:59:57","date_gmt":"2025-08-09T03:59:57","guid":{"rendered":"https:\/\/www.usborkeychain.com\/?post_type=product&#038;p=6295"},"modified":"2025-08-09T04:10:34","modified_gmt":"2025-08-09T04:10:34","slug":"round-crystal-usb-flash-drive","status":"publish","type":"product","link":"https:\/\/www.usborkeychain.com\/it\/prodotto\/round-crystal-usb-flash-drive\/","title":{"rendered":"Chiavetta USB rotonda di cristallo"},"content":{"rendered":"<p>Rompendo la limitazione del singolo materiale plastico utilizzato nelle chiavette USB tradizionali, la chiavetta <strong>chiavetta USB rotonda in cristallo<\/strong> adotta un disegno misto di \"<strong>cristallo + metallo<\/strong>\", ridefinendo l'estetica e la consistenza degli strumenti di archiviazione.<\/p>\n\n\n\n<h4 class=\"wp-block-heading\">Selezione del materiale<\/h4>\n\n\n\n<ul class=\"wp-block-list\">\n<li>Parte in cristallo: Viene utilizzato il cristallo K9 di elevata purezza, trasparente e privo di impurit\u00e0, che mostra una brillante lucentezza alla rifrazione della luce. Alcuni modelli di grande spessore adottano tecniche di taglio multisfaccettato (come sfaccettature ottaedriche e a forma di diamante) per migliorare la stratificazione di luci e ombre, rendendo l'effetto visivo pi\u00f9 splendido.<\/li>\n\n\n\n<li>Parte metallica: Viene selezionata una lega di alluminio\/acciaio inossidabile, sottoposta a trattamento di anodizzazione o galvanica, con propriet\u00e0 antiusura e anticorrosione. La lucentezza metallica forma un forte contrasto con la trasparenza del cristallo, migliorando la qualit\u00e0 del prodotto.<\/li>\n<\/ul>\n\n\n\n<div class=\"wp-block-columns is-layout-flex wp-container-core-columns-is-layout-28f84493 wp-block-columns-is-layout-flex\">\n<div class=\"wp-block-column is-layout-flow wp-block-column-is-layout-flow\">\n<figure class=\"wp-block-image size-full\"><img alt=\"\" fetchpriority=\"high\" decoding=\"async\" width=\"800\" height=\"800\" src=\"https:\/\/www.usborkeychain.com\/wp-content\/uploads\/crystal-usb-flash-drives.png\" class=\"wp-image-6306\" srcset=\"https:\/\/www.usborkeychain.com\/wp-content\/uploads\/crystal-usb-flash-drives.png 800w, https:\/\/www.usborkeychain.com\/wp-content\/uploads\/crystal-usb-flash-drives-300x300.png 300w, https:\/\/www.usborkeychain.com\/wp-content\/uploads\/crystal-usb-flash-drives-150x150.png 150w, https:\/\/www.usborkeychain.com\/wp-content\/uploads\/crystal-usb-flash-drives-768x768.png 768w, https:\/\/www.usborkeychain.com\/wp-content\/uploads\/crystal-usb-flash-drives-12x12.png 12w, https:\/\/www.usborkeychain.com\/wp-content\/uploads\/crystal-usb-flash-drives-600x600.png 600w, https:\/\/www.usborkeychain.com\/wp-content\/uploads\/crystal-usb-flash-drives-100x100.png 100w\" sizes=\"(max-width: 800px) 100vw, 800px\" \/><\/figure>\n<\/div>\n\n\n\n<div class=\"wp-block-column is-layout-flow wp-block-column-is-layout-flow\">\n<figure class=\"wp-block-image size-full\"><img alt=\"\" decoding=\"async\" width=\"800\" height=\"800\" src=\"https:\/\/www.usborkeychain.com\/wp-content\/uploads\/metal-crystal-usb-flash-drive.jpg\" class=\"wp-image-6302\" srcset=\"https:\/\/www.usborkeychain.com\/wp-content\/uploads\/metal-crystal-usb-flash-drive.jpg 800w, https:\/\/www.usborkeychain.com\/wp-content\/uploads\/metal-crystal-usb-flash-drive-300x300.jpg 300w, https:\/\/www.usborkeychain.com\/wp-content\/uploads\/metal-crystal-usb-flash-drive-150x150.jpg 150w, https:\/\/www.usborkeychain.com\/wp-content\/uploads\/metal-crystal-usb-flash-drive-768x768.jpg 768w, https:\/\/www.usborkeychain.com\/wp-content\/uploads\/metal-crystal-usb-flash-drive-12x12.jpg 12w, https:\/\/www.usborkeychain.com\/wp-content\/uploads\/metal-crystal-usb-flash-drive-600x600.jpg 600w, https:\/\/www.usborkeychain.com\/wp-content\/uploads\/metal-crystal-usb-flash-drive-100x100.jpg 100w\" sizes=\"(max-width: 800px) 100vw, 800px\" \/><\/figure>\n<\/div>\n<\/div>\n\n\n\n<h4 class=\"wp-block-heading\">Design della forma<\/h4>\n\n\n\n<ul class=\"wp-block-list\">\n<li>Modello rotondo e sottile: Il cristallo ha una forma rotonda piatta, abbinata a un semplice guscio metallico, che rende il prodotto nel suo complesso sottile, delicato e adatto alla portabilit\u00e0 quotidiana. La copertura metallica \u00e8 per lo pi\u00f9 di forma quadrata, per formare l'estetica del design \"eco tra quadrato e rotondo\" con il cristallo rotondo.<\/li>\n\n\n\n<li>Modello rotondo e spesso: Il cristallo adotta un taglio tridimensionale sfaccettato e le superfici di taglio rifrangono la luce in modo pi\u00f9 brillante, rendendolo adatto come regalo di fascia alta.<\/li>\n<\/ul>\n\n\n\n<h4 class=\"wp-block-heading\">Tecnologia strutturale<\/h4>\n\n\n\n<ul class=\"wp-block-list\">\n<li>Il coperchio metallico e il corpo principale del cristallo sono collegati da una struttura magnetica \/ a scatto, che garantisce un inserimento e un'estrazione fluidi e stabili. La giunzione tra l'interfaccia USB e il cristallo \u00e8 scolpita con precisione da CNC, con bordi lisci e senza sbavature, per garantire una buona esperienza d'uso.<\/li>\n<\/ul>\n\n\n\n<div class=\"wp-block-columns is-layout-flex wp-container-core-columns-is-layout-28f84493 wp-block-columns-is-layout-flex\">\n<div class=\"wp-block-column is-layout-flow wp-block-column-is-layout-flow\">\n<figure class=\"wp-block-image size-full\"><img alt=\"\" decoding=\"async\" width=\"800\" height=\"800\" src=\"https:\/\/www.usborkeychain.com\/wp-content\/uploads\/crystal-usb-flash-drive-bulk.jpg\" class=\"wp-image-6299\" srcset=\"https:\/\/www.usborkeychain.com\/wp-content\/uploads\/crystal-usb-flash-drive-bulk.jpg 800w, https:\/\/www.usborkeychain.com\/wp-content\/uploads\/crystal-usb-flash-drive-bulk-300x300.jpg 300w, https:\/\/www.usborkeychain.com\/wp-content\/uploads\/crystal-usb-flash-drive-bulk-150x150.jpg 150w, https:\/\/www.usborkeychain.com\/wp-content\/uploads\/crystal-usb-flash-drive-bulk-768x768.jpg 768w, https:\/\/www.usborkeychain.com\/wp-content\/uploads\/crystal-usb-flash-drive-bulk-12x12.jpg 12w, https:\/\/www.usborkeychain.com\/wp-content\/uploads\/crystal-usb-flash-drive-bulk-600x600.jpg 600w, https:\/\/www.usborkeychain.com\/wp-content\/uploads\/crystal-usb-flash-drive-bulk-100x100.jpg 100w\" sizes=\"(max-width: 800px) 100vw, 800px\" \/><\/figure>\n<\/div>\n\n\n\n<div class=\"wp-block-column is-layout-flow wp-block-column-is-layout-flow\">\n<figure class=\"wp-block-image size-full\"><img alt=\"\" loading=\"lazy\" decoding=\"async\" width=\"800\" height=\"800\" src=\"https:\/\/www.usborkeychain.com\/wp-content\/uploads\/crystal-usb-flash-drive.jpg\" class=\"wp-image-6300\" srcset=\"https:\/\/www.usborkeychain.com\/wp-content\/uploads\/crystal-usb-flash-drive.jpg 800w, https:\/\/www.usborkeychain.com\/wp-content\/uploads\/crystal-usb-flash-drive-300x300.jpg 300w, https:\/\/www.usborkeychain.com\/wp-content\/uploads\/crystal-usb-flash-drive-150x150.jpg 150w, https:\/\/www.usborkeychain.com\/wp-content\/uploads\/crystal-usb-flash-drive-768x768.jpg 768w, https:\/\/www.usborkeychain.com\/wp-content\/uploads\/crystal-usb-flash-drive-12x12.jpg 12w, https:\/\/www.usborkeychain.com\/wp-content\/uploads\/crystal-usb-flash-drive-600x600.jpg 600w, https:\/\/www.usborkeychain.com\/wp-content\/uploads\/crystal-usb-flash-drive-100x100.jpg 100w\" sizes=\"(max-width: 800px) 100vw, 800px\" \/><\/figure>\n<\/div>\n<\/div>\n\n\n\n<h3 class=\"wp-block-heading\">Tabella dei parametri del nucleo dell'unit\u00e0 flash USB (modello sottile e modello spesso)<\/h3>\n\n\n\n<figure class=\"wp-block-table\"><table class=\"has-fixed-layout\"><thead><tr><th>Parametro Voce<\/th><th>Unit\u00e0 flash USB rotonda sottile in cristallo<\/th><th>Unit\u00e0 flash USB di cristallo rotonda e spessa<\/th><\/tr><\/thead><tbody><tr><td>Capacit\u00e0<\/td><td>8GB, 16GB, 32GB, 64GB, 128GB<\/td><td>8GB, 16GB, 32GB, 64GB, 128GB<\/td><\/tr><tr><td>Tipo di interfaccia<\/td><td>USB 2.0 \/ USB 3.0<\/td><td>USB 2.0 \/ USB 3.0<\/td><\/tr><tr><td>Dimensioni del cristallo<\/td><td>Diametro \u03c620 mm, spessore 5mm<\/td><td>Diametro \u03c625 mm, spessore 10 mm<\/td><\/tr><tr><td>Dimensioni del metallo (lunghezza \u00d7 larghezza \u00d7 altezza)<\/td><td>25mm\u00d712mm\u00d75mm<\/td><td>30mm\u00d715mm\u00d78mm<\/td><\/tr><tr><td>Peso<\/td><td>Circa 15 g<\/td><td>Circa 30 g<\/td><\/tr><\/tbody><\/table><\/figure>\n\n\n\n<h3 class=\"wp-block-heading\">Servizi di personalizzazione<\/h3>\n\n\n\n<div class=\"wp-block-columns are-vertically-aligned-center is-layout-flex wp-container-core-columns-is-layout-28f84493 wp-block-columns-is-layout-flex\">\n<div class=\"wp-block-column is-vertically-aligned-center is-layout-flow wp-block-column-is-layout-flow\">\n<h4 class=\"wp-block-heading\">Personalizzazione del logo<\/h4>\n\n\n\n<ul class=\"wp-block-list\">\n<li>Parte in cristallo: La tecnologia di incisione laser interna viene utilizzata per incidere in modo permanente il LOGO all'interno del cristallo, che \u00e8 trasparente, chiaro e non sbiadisce mai, adatto a disegni complessi come loghi e motivi di marca.<\/li>\n\n\n\n<li>Parte metallica: La marcatura laser (linee sottili, forte struttura), la serigrafia (adatta per LOGO a colori) e la goffratura galvanica (forte senso tridimensionale) sono supportate per soddisfare i diversi requisiti di effetto visivo.<\/li>\n<\/ul>\n\n\n\n<h4 class=\"wp-block-heading\">Personalizzazione del colore<\/h4>\n\n\n\n<ul class=\"wp-block-list\">\n<li>Parte metallica: Pu\u00f2 essere galvanizzata in oro, argento, oro rosa, nero, canna di fucile, ecc. Lo spessore dello strato galvanico \u00e8 di \u22655\u03bcm per garantire la resistenza all'usura e l'assenza di sbiadimento.<\/li>\n\n\n\n<li>Parte in cristallo: Solitamente trasparente (per evidenziare la trasparenza), pu\u00f2 anche essere personalizzata in versioni tinte come l'azzurro, il rosa e il viola (si noti che la tintura influisce sulla trasmittanza della luce, per cui si consiglia di utilizzare colori chiari).<\/li>\n<\/ul>\n<\/div>\n\n\n\n<div class=\"wp-block-column is-vertically-aligned-center is-layout-flow wp-block-column-is-layout-flow\">\n<figure class=\"wp-block-image size-full\"><img alt=\"\" loading=\"lazy\" decoding=\"async\" width=\"800\" height=\"800\" src=\"https:\/\/www.usborkeychain.com\/wp-content\/uploads\/round-crystal-USB-flash-drive.jpg\" class=\"wp-image-6303\" srcset=\"https:\/\/www.usborkeychain.com\/wp-content\/uploads\/round-crystal-USB-flash-drive.jpg 800w, https:\/\/www.usborkeychain.com\/wp-content\/uploads\/round-crystal-USB-flash-drive-300x300.jpg 300w, https:\/\/www.usborkeychain.com\/wp-content\/uploads\/round-crystal-USB-flash-drive-150x150.jpg 150w, https:\/\/www.usborkeychain.com\/wp-content\/uploads\/round-crystal-USB-flash-drive-768x768.jpg 768w, https:\/\/www.usborkeychain.com\/wp-content\/uploads\/round-crystal-USB-flash-drive-12x12.jpg 12w, https:\/\/www.usborkeychain.com\/wp-content\/uploads\/round-crystal-USB-flash-drive-600x600.jpg 600w, https:\/\/www.usborkeychain.com\/wp-content\/uploads\/round-crystal-USB-flash-drive-100x100.jpg 100w\" sizes=\"(max-width: 800px) 100vw, 800px\" \/><\/figure>\n<\/div>\n<\/div>\n\n\n\n<h3 class=\"wp-block-heading\">Chi preferisce le chiavette USB rotonde in cristallo?<\/h3>\n\n\n\n<div class=\"wp-block-columns is-layout-flex wp-container-core-columns-is-layout-28f84493 wp-block-columns-is-layout-flex\">\n<div class=\"wp-block-column is-vertically-aligned-center is-layout-flow wp-block-column-is-layout-flow\">\n<figure class=\"wp-block-image size-full\"><img alt=\"\" loading=\"lazy\" decoding=\"async\" width=\"800\" height=\"800\" src=\"https:\/\/www.usborkeychain.com\/wp-content\/uploads\/circular-crystal-USB-flash-drive.jpg\" class=\"wp-image-6298\" srcset=\"https:\/\/www.usborkeychain.com\/wp-content\/uploads\/circular-crystal-USB-flash-drive.jpg 800w, https:\/\/www.usborkeychain.com\/wp-content\/uploads\/circular-crystal-USB-flash-drive-300x300.jpg 300w, https:\/\/www.usborkeychain.com\/wp-content\/uploads\/circular-crystal-USB-flash-drive-150x150.jpg 150w, https:\/\/www.usborkeychain.com\/wp-content\/uploads\/circular-crystal-USB-flash-drive-768x768.jpg 768w, https:\/\/www.usborkeychain.com\/wp-content\/uploads\/circular-crystal-USB-flash-drive-12x12.jpg 12w, https:\/\/www.usborkeychain.com\/wp-content\/uploads\/circular-crystal-USB-flash-drive-600x600.jpg 600w, https:\/\/www.usborkeychain.com\/wp-content\/uploads\/circular-crystal-USB-flash-drive-100x100.jpg 100w\" sizes=\"(max-width: 800px) 100vw, 800px\" \/><\/figure>\n<\/div>\n\n\n\n<div class=\"wp-block-column is-vertically-aligned-center is-layout-flow wp-block-column-is-layout-flow\">\n<ul class=\"wp-block-list\">\n<li>Appalti aziendali: Come regali aziendali (come riunioni annuali, regali ai clienti), i LOGO personalizzati possono migliorare il riconoscimento del marchio ed evidenziare il temperamento di fascia alta.<\/li>\n\n\n\n<li>Mercato dei regali: Adatto a scenari di festa (come la Festa di Primavera, San Valentino) e di commemorazione (come le celebrazioni di lauree e anniversari), con un valore sia pratico che da collezione.<\/li>\n\n\n\n<li>Utenti individuali: Consumatori che ricercano un senso del design e dell'unicit\u00e0, utilizzandolo per la conservazione quotidiana o come piccolo ornamento per la scrivania.<\/li>\n<\/ul>\n<\/div>\n<\/div>\n\n\n\n<p>Il<strong> chiavetta USB rotonda in cristallo<\/strong>In termini di design, combina la trasparenza del cristallo con la durezza del metallo per creare una struttura unica; in termini di configurazione dei parametri, copre le capacit\u00e0 e le interfacce pi\u00f9 diffuse per soddisfare le esigenze di archiviazione quotidiane; in termini di capacit\u00e0 di personalizzazione, la regolazione flessibile dei LOGHI e dei colori rende il prodotto un portatore di marchi ed emozioni; in termini di posizionamento sul mercato, soddisfa con precisione le esigenze differenziate di aziende, regali e utenti individuali di fascia alta. Non \u00e8 solo un dispositivo di archiviazione, ma anche un'opera d'arte portatile di alta qualit\u00e0.<\/p>","protected":false},"excerpt":{"rendered":"<ul>\n<li>Materiali in cristallo<\/li>\n<li>Lega di alluminio \/ lega di acciaio inossidabile<\/li>\n<li>Personalizzazioni di LOGO e colore<\/li>\n<li>Adottare tecniche di taglio multisfaccettate<\/li>\n<li>MOQ: 100pcs<\/li>\n<\/ul>","protected":false},"featured_media":6302,"comment_status":"open","ping_status":"closed","template":"","meta":{"_seopress_robots_primary_cat":"","_seopress_titles_title":"","_seopress_titles_desc":"","_seopress_robots_index":"","site-sidebar-layout":"default","site-content-layout":"","ast-site-content-layout":"","site-content-style":"default","site-sidebar-style":"default","ast-global-header-display":"","ast-banner-title-visibility":"","ast-main-header-display":"","ast-hfb-above-header-display":"","ast-hfb-below-header-display":"","ast-hfb-mobile-header-display":"","site-post-title":"","ast-breadcrumbs-content":"","ast-featured-img":"","footer-sml-layout":"","theme-transparent-header-meta":"","adv-header-id-meta":"","stick-header-meta":"","header-above-stick-meta":"","header-main-stick-meta":"","header-below-stick-meta":"","astra-migrate-meta-layouts":"default","ast-page-background-enabled":"default","ast-page-background-meta":{"desktop":{"background-color":"var(--ast-global-color-5)","background-image":"","background-repeat":"repeat","background-position":"center center","background-size":"auto","background-attachment":"scroll","background-type":"","background-media":"","overlay-type":"","overlay-color":"","overlay-opacity":"","overlay-gradient":""},"tablet":{"background-color":"","background-image":"","background-repeat":"repeat","background-position":"center center","background-size":"auto","background-attachment":"scroll","background-type":"","background-media":"","overlay-type":"","overlay-color":"","overlay-opacity":"","overlay-gradient":""},"mobile":{"background-color":"","background-image":"","background-repeat":"repeat","background-position":"center center","background-size":"auto","background-attachment":"scroll","background-type":"","background-media":"","overlay-type":"","overlay-color":"","overlay-opacity":"","overlay-gradient":""}},"ast-content-background-meta":{"desktop":{"background-color":"var(--ast-global-color-4)","background-image":"","background-repeat":"repeat","background-position":"center center","background-size":"auto","background-attachment":"scroll","background-type":"","background-media":"","overlay-type":"","overlay-color":"","overlay-opacity":"","overlay-gradient":""},"tablet":{"background-color":"var(--ast-global-color-4)","background-image":"","background-repeat":"repeat","background-position":"center center","background-size":"auto","background-attachment":"scroll","background-type":"","background-media":"","overlay-type":"","overlay-color":"","overlay-opacity":"","overlay-gradient":""},"mobile":{"background-color":"var(--ast-global-color-4)","background-image":"","background-repeat":"repeat","background-position":"center center","background-size":"auto","background-attachment":"scroll","background-type":"","background-media":"","overlay-type":"","overlay-color":"","overlay-opacity":"","overlay-gradient":""}}},"product_brand":[],"product_cat":[174],"product_tag":[389],"class_list":{"0":"post-6295","1":"product","2":"type-product","3":"status-publish","4":"has-post-thumbnail","6":"product_cat-crystal-usb-pendrive","7":"product_tag-round-crystal-usb-flash-drive","8":"desktop-align-left","9":"tablet-align-left","10":"mobile-align-left","12":"first","13":"instock","14":"shipping-taxable","15":"product-type-simple"},"_links":{"self":[{"href":"https:\/\/www.usborkeychain.com\/it\/wp-json\/wp\/v2\/product\/6295","targetHints":{"allow":["GET"]}}],"collection":[{"href":"https:\/\/www.usborkeychain.com\/it\/wp-json\/wp\/v2\/product"}],"about":[{"href":"https:\/\/www.usborkeychain.com\/it\/wp-json\/wp\/v2\/types\/product"}],"replies":[{"embeddable":true,"href":"https:\/\/www.usborkeychain.com\/it\/wp-json\/wp\/v2\/comments?post=6295"}],"wp:featuredmedia":[{"embeddable":true,"href":"https:\/\/www.usborkeychain.com\/it\/wp-json\/wp\/v2\/media\/6302"}],"wp:attachment":[{"href":"https:\/\/www.usborkeychain.com\/it\/wp-json\/wp\/v2\/media?parent=6295"}],"wp:term":[{"taxonomy":"product_brand","embeddable":true,"href":"https:\/\/www.usborkeychain.com\/it\/wp-json\/wp\/v2\/product_brand?post=6295"},{"taxonomy":"product_cat","embeddable":true,"href":"https:\/\/www.usborkeychain.com\/it\/wp-json\/wp\/v2\/product_cat?post=6295"},{"taxonomy":"product_tag","embeddable":true,"href":"https:\/\/www.usborkeychain.com\/it\/wp-json\/wp\/v2\/product_tag?post=6295"}],"curies":[{"name":"wp","href":"https:\/\/api.w.org\/{rel}","templated":true}]}}