{"id":6309,"date":"2025-08-09T04:24:44","date_gmt":"2025-08-09T04:24:44","guid":{"rendered":"https:\/\/www.usborkeychain.com\/?post_type=product&#038;p=6309"},"modified":"2025-08-09T04:25:27","modified_gmt":"2025-08-09T04:25:27","slug":"rotating-acrylic-light-up-usb-drive","status":"publish","type":"product","link":"https:\/\/www.usborkeychain.com\/it\/prodotto\/rotating-acrylic-light-up-usb-drive\/","title":{"rendered":"Unit\u00e0 USB rotante in acrilico illuminata"},"content":{"rendered":"<h4 class=\"wp-block-heading\">Qual \u00e8 il principio dell'unit\u00e0 USB luminosa?<\/h4>\n\n\n\n<p>L'anima luminosa della chiavetta USB rotante in acrilico deriva dall'effetto sinergico delle perle LED integrate e del materiale acrilico ad alta trasparenza:<\/p>\n\n\n\n<ul class=\"wp-block-list\">\n<li>Logica di alimentazione: Quando \u00e8 collegata a un dispositivo, l'interfaccia USB alimenta il LED integrato, attivando l'accensione della sorgente luminosa.<\/li>\n\n\n\n<li>Presentazione di luci e ombre: Con una trasmittanza luminosa superiore a 90%, l'acrilico \u00e8 in grado di diffondere uniformemente la luce dei LED, rendendo il logo\/modello incorporato un effetto luminoso trasparente e tridimensionale.<\/li>\n\n\n\n<li>Design interattivo: La struttura rotante non solo protegge l'interfaccia, ma ottimizza anche la visualizzazione di luci e ombre attraverso la regolazione dell'angolo, aggiungendo un tocco dinamico all'effetto luminoso.<\/li>\n<\/ul>\n\n\n\n<div class=\"wp-block-columns is-layout-flex wp-container-core-columns-is-layout-28f84493 wp-block-columns-is-layout-flex\">\n<div class=\"wp-block-column is-layout-flow wp-block-column-is-layout-flow\">\n<figure class=\"wp-block-image size-full\"><img alt=\"\" fetchpriority=\"high\" decoding=\"async\" width=\"800\" height=\"800\" src=\"https:\/\/www.usborkeychain.com\/wp-content\/uploads\/rotating-acrylic-LED-USB-flash-drive.png\" class=\"wp-image-6315\" srcset=\"https:\/\/www.usborkeychain.com\/wp-content\/uploads\/rotating-acrylic-LED-USB-flash-drive.png 800w, https:\/\/www.usborkeychain.com\/wp-content\/uploads\/rotating-acrylic-LED-USB-flash-drive-300x300.png 300w, https:\/\/www.usborkeychain.com\/wp-content\/uploads\/rotating-acrylic-LED-USB-flash-drive-150x150.png 150w, https:\/\/www.usborkeychain.com\/wp-content\/uploads\/rotating-acrylic-LED-USB-flash-drive-768x768.png 768w, https:\/\/www.usborkeychain.com\/wp-content\/uploads\/rotating-acrylic-LED-USB-flash-drive-12x12.png 12w, https:\/\/www.usborkeychain.com\/wp-content\/uploads\/rotating-acrylic-LED-USB-flash-drive-600x600.png 600w, https:\/\/www.usborkeychain.com\/wp-content\/uploads\/rotating-acrylic-LED-USB-flash-drive-100x100.png 100w\" sizes=\"(max-width: 800px) 100vw, 800px\" \/><\/figure>\n<\/div>\n\n\n\n<div class=\"wp-block-column is-layout-flow wp-block-column-is-layout-flow\">\n<figure class=\"wp-block-image size-full\"><img alt=\"\" decoding=\"async\" width=\"800\" height=\"800\" src=\"https:\/\/www.usborkeychain.com\/wp-content\/uploads\/rotating-acrylic-light-up-USB-flash-drive.png\" class=\"wp-image-6316\" srcset=\"https:\/\/www.usborkeychain.com\/wp-content\/uploads\/rotating-acrylic-light-up-USB-flash-drive.png 800w, https:\/\/www.usborkeychain.com\/wp-content\/uploads\/rotating-acrylic-light-up-USB-flash-drive-300x300.png 300w, https:\/\/www.usborkeychain.com\/wp-content\/uploads\/rotating-acrylic-light-up-USB-flash-drive-150x150.png 150w, https:\/\/www.usborkeychain.com\/wp-content\/uploads\/rotating-acrylic-light-up-USB-flash-drive-768x768.png 768w, https:\/\/www.usborkeychain.com\/wp-content\/uploads\/rotating-acrylic-light-up-USB-flash-drive-12x12.png 12w, https:\/\/www.usborkeychain.com\/wp-content\/uploads\/rotating-acrylic-light-up-USB-flash-drive-600x600.png 600w, https:\/\/www.usborkeychain.com\/wp-content\/uploads\/rotating-acrylic-light-up-USB-flash-drive-100x100.png 100w\" sizes=\"(max-width: 800px) 100vw, 800px\" \/><\/figure>\n<\/div>\n<\/div>\n\n\n\n<div class=\"wp-block-columns is-layout-flex wp-container-core-columns-is-layout-28f84493 wp-block-columns-is-layout-flex\">\n<div class=\"wp-block-column is-layout-flow wp-block-column-is-layout-flow\">\n<figure class=\"wp-block-image size-full\"><img alt=\"\" decoding=\"async\" width=\"800\" height=\"800\" src=\"https:\/\/www.usborkeychain.com\/wp-content\/uploads\/usb-flash-drive-with-led-light-2.png\" class=\"wp-image-6318\" srcset=\"https:\/\/www.usborkeychain.com\/wp-content\/uploads\/usb-flash-drive-with-led-light-2.png 800w, https:\/\/www.usborkeychain.com\/wp-content\/uploads\/usb-flash-drive-with-led-light-2-300x300.png 300w, https:\/\/www.usborkeychain.com\/wp-content\/uploads\/usb-flash-drive-with-led-light-2-150x150.png 150w, https:\/\/www.usborkeychain.com\/wp-content\/uploads\/usb-flash-drive-with-led-light-2-768x768.png 768w, https:\/\/www.usborkeychain.com\/wp-content\/uploads\/usb-flash-drive-with-led-light-2-12x12.png 12w, https:\/\/www.usborkeychain.com\/wp-content\/uploads\/usb-flash-drive-with-led-light-2-600x600.png 600w, https:\/\/www.usborkeychain.com\/wp-content\/uploads\/usb-flash-drive-with-led-light-2-100x100.png 100w\" sizes=\"(max-width: 800px) 100vw, 800px\" \/><\/figure>\n<\/div>\n\n\n\n<div class=\"wp-block-column is-layout-flow wp-block-column-is-layout-flow\">\n<figure class=\"wp-block-image size-full\"><img alt=\"\" loading=\"lazy\" decoding=\"async\" width=\"800\" height=\"800\" src=\"https:\/\/www.usborkeychain.com\/wp-content\/uploads\/metal-crystal-usb-flash-drive.png\" class=\"wp-image-6314\" srcset=\"https:\/\/www.usborkeychain.com\/wp-content\/uploads\/metal-crystal-usb-flash-drive.png 800w, https:\/\/www.usborkeychain.com\/wp-content\/uploads\/metal-crystal-usb-flash-drive-300x300.png 300w, https:\/\/www.usborkeychain.com\/wp-content\/uploads\/metal-crystal-usb-flash-drive-150x150.png 150w, https:\/\/www.usborkeychain.com\/wp-content\/uploads\/metal-crystal-usb-flash-drive-768x768.png 768w, https:\/\/www.usborkeychain.com\/wp-content\/uploads\/metal-crystal-usb-flash-drive-12x12.png 12w, https:\/\/www.usborkeychain.com\/wp-content\/uploads\/metal-crystal-usb-flash-drive-600x600.png 600w, https:\/\/www.usborkeychain.com\/wp-content\/uploads\/metal-crystal-usb-flash-drive-100x100.png 100w\" sizes=\"(max-width: 800px) 100vw, 800px\" \/><\/figure>\n<\/div>\n<\/div>\n\n\n\n<h2 class=\"wp-block-heading\">Caratteristiche del design dell'unit\u00e0 USB luminosa<\/h2>\n\n\n\n<h5 class=\"wp-block-heading\">Materiali di base<\/h5>\n\n\n\n<ul class=\"wp-block-list\">\n<li>Guscio in lega di alluminio: Lavorata tramite intaglio di precisione CNC + lucidatura\/elettroplaccatura, vanta una texture metallica lucida (disponibile in argento, oro, nero, oro rosa, ecc.) e presenta propriet\u00e0 anti-caduta, anti-shock e anti-pressione.<\/li>\n\n\n\n<li>Corpo principale in acrilico: Realizzato in materiale PMMA di elevata purezza, offre i vantaggi della resistenza all'usura, dell'anti-ingiallimento e dell'elevata trasmittanza luminosa. I loghi incisi al laser appaiono pi\u00f9 tridimensionali quando sono illuminati e resistono allo sbiadimento con l'uso prolungato.<\/li>\n<\/ul>\n\n\n\n<h5 class=\"wp-block-heading\">Progettazione strutturale<\/h5>\n\n\n\n<ul class=\"wp-block-list\">\n<li>Protezione rotante: La rotazione di 360\u00b0 consente di passare dallo \"stato di utilizzo (interfaccia esposta)\" allo \"stato di conservazione (interfaccia nascosta)\", proteggendo l'interfaccia e consentendo l'utilizzo con una sola mano.<\/li>\n\n\n\n<li>Aspetto snello: Design ergonomico con bordi arrotondati per una presa confortevole; le dimensioni ridotte e la struttura leggera soddisfano le esigenze di portabilit\u00e0 in movimento.<\/li>\n<\/ul>\n\n\n\n<h5 class=\"wp-block-heading\">Caratteristiche luminose<\/h5>\n\n\n\n<ul class=\"wp-block-list\">\n<li>Personalizzazione della luce: Supporta colori LED come blu, viola, rosso, verde e bianco, che si adattano al marchio o alle preferenze personali per migliorare il riconoscimento.<\/li>\n\n\n\n<li>Immagini dinamiche: Luci e ombre si spostano con gli angoli di rotazione, rompendo la monotonia e rendendolo un accattivante \"oggetto tecnologico di tendenza\".<\/li>\n<\/ul>\n\n\n\n<div class=\"wp-block-columns is-layout-flex wp-container-core-columns-is-layout-28f84493 wp-block-columns-is-layout-flex\">\n<div class=\"wp-block-column is-layout-flow wp-block-column-is-layout-flow\">\n<figure class=\"wp-block-image size-full\"><img alt=\"\" loading=\"lazy\" decoding=\"async\" width=\"800\" height=\"800\" src=\"https:\/\/www.usborkeychain.com\/wp-content\/uploads\/led-crystal-usb-flash-drive.png\" class=\"wp-image-6312\" srcset=\"https:\/\/www.usborkeychain.com\/wp-content\/uploads\/led-crystal-usb-flash-drive.png 800w, https:\/\/www.usborkeychain.com\/wp-content\/uploads\/led-crystal-usb-flash-drive-300x300.png 300w, https:\/\/www.usborkeychain.com\/wp-content\/uploads\/led-crystal-usb-flash-drive-150x150.png 150w, https:\/\/www.usborkeychain.com\/wp-content\/uploads\/led-crystal-usb-flash-drive-768x768.png 768w, https:\/\/www.usborkeychain.com\/wp-content\/uploads\/led-crystal-usb-flash-drive-12x12.png 12w, https:\/\/www.usborkeychain.com\/wp-content\/uploads\/led-crystal-usb-flash-drive-600x600.png 600w, https:\/\/www.usborkeychain.com\/wp-content\/uploads\/led-crystal-usb-flash-drive-100x100.png 100w\" sizes=\"(max-width: 800px) 100vw, 800px\" \/><\/figure>\n<\/div>\n\n\n\n<div class=\"wp-block-column is-layout-flow wp-block-column-is-layout-flow\">\n<figure class=\"wp-block-image size-full\"><img alt=\"\" loading=\"lazy\" decoding=\"async\" width=\"800\" height=\"800\" src=\"https:\/\/www.usborkeychain.com\/wp-content\/uploads\/usb-flash-drive-led-light.png\" class=\"wp-image-6317\" srcset=\"https:\/\/www.usborkeychain.com\/wp-content\/uploads\/usb-flash-drive-led-light.png 800w, https:\/\/www.usborkeychain.com\/wp-content\/uploads\/usb-flash-drive-led-light-300x300.png 300w, https:\/\/www.usborkeychain.com\/wp-content\/uploads\/usb-flash-drive-led-light-150x150.png 150w, https:\/\/www.usborkeychain.com\/wp-content\/uploads\/usb-flash-drive-led-light-768x768.png 768w, https:\/\/www.usborkeychain.com\/wp-content\/uploads\/usb-flash-drive-led-light-12x12.png 12w, https:\/\/www.usborkeychain.com\/wp-content\/uploads\/usb-flash-drive-led-light-600x600.png 600w, https:\/\/www.usborkeychain.com\/wp-content\/uploads\/usb-flash-drive-led-light-100x100.png 100w\" sizes=\"(max-width: 800px) 100vw, 800px\" \/><\/figure>\n<\/div>\n<\/div>\n\n\n\n<h2 class=\"wp-block-heading\">Loghi esclusivi personalizzati<\/h2>\n\n\n\n<ul class=\"wp-block-list\">\n<li>Presentazione del logo: L'incisione interna al laser inserisce i loghi\/modelli del marchio nello strato acrilico, che appare tridimensionale e trasparente quando \u00e8 illuminato, rafforzando la memoria del marchio.<\/li>\n\n\n\n<li>Abbinamento dei colori: sia il guscio metallico che i colori della luce LED possono essere personalizzati (ad esempio, per abbinare i colori aziendali VI), ottenendo \"un design per cliente\".<\/li>\n<\/ul>\n\n\n\n<h2 class=\"wp-block-heading\">Tabella dei parametri fondamentali dell'unit\u00e0 USB<\/h2>\n\n\n\n<figure class=\"wp-block-table\"><table class=\"has-fixed-layout\"><thead><tr><th>Parametro Voce<\/th><th>Dettagli<\/th><\/tr><\/thead><tbody><tr><td>Tipo di interfaccia<\/td><td>USB 2.0<\/td><\/tr><tr><td>Opzioni di capacit\u00e0<\/td><td>8GB \/ 16GB \/ 32GB \/ 64GB \/ 128GB<\/td><\/tr><tr><td>Dimensioni del prodotto (L\u00d7L\u00d7H)<\/td><td>45 mm \u00d7 18 mm \u00d7 8 mm<\/td><\/tr><tr><td>Peso<\/td><td>Circa 15 g<\/td><\/tr><tr><td>Colore chiaro<\/td><td>Blu, viola, rosso, verde, bianco (personalizzabile)<\/td><\/tr><tr><td>Colore della scocca in metallo<\/td><td>Argento, oro, nero, oro rosa (personalizzabile)<\/td><\/tr><\/tbody><\/table><\/figure>\n\n\n\n<h2 class=\"wp-block-heading\">Chi compra questa chiavetta USB?<\/h2>\n\n\n\n<div class=\"wp-block-columns is-layout-flex wp-container-core-columns-is-layout-28f84493 wp-block-columns-is-layout-flex\">\n<div class=\"wp-block-column is-vertically-aligned-center is-layout-flow wp-block-column-is-layout-flow\">\n<ol class=\"wp-block-list\">\n<li>Elite d'affari: Come regali aziendali, con loghi personalizzati e texture metallica, emanano un'atmosfera di alto livello, ideale per regali aziendali o souvenir di riunioni annuali.<\/li>\n\n\n\n<li>Appassionati di tendenze: I giovani alla ricerca dell'individualit\u00e0 apprezzano il suo design colorato, luminoso e rotante, che trasforma la chiavetta USB in un \"accessorio portatile di tendenza\".<\/li>\n\n\n\n<li>Marchi\/organizzatori: In occasione di mostre e conferenze, le chiavette USB personalizzate servono sia come regali pratici che come strumenti mobili di promozione del marchio.<\/li>\n<\/ol>\n\n\n\n<p>Il <strong>unit\u00e0 USB rotante in acrilico illuminata<\/strong> \u00e8 una moderna unit\u00e0 USB che combina perfettamente funzionalit\u00e0 di archiviazione e design innovativo. <strong>Youshan<\/strong> offre la possibilit\u00e0 di personalizzare vari tipi di unit\u00e0 USB; per i dettagli, consultare il servizio clienti.<\/p>\n<\/div>\n\n\n\n<div class=\"wp-block-column is-vertically-aligned-center is-layout-flow wp-block-column-is-layout-flow\">\n<figure class=\"wp-block-image size-full\"><img alt=\"\" loading=\"lazy\" decoding=\"async\" width=\"800\" height=\"800\" src=\"https:\/\/www.usborkeychain.com\/wp-content\/uploads\/led-light-usb-flash-drive.png\" class=\"wp-image-6313\" srcset=\"https:\/\/www.usborkeychain.com\/wp-content\/uploads\/led-light-usb-flash-drive.png 800w, https:\/\/www.usborkeychain.com\/wp-content\/uploads\/led-light-usb-flash-drive-300x300.png 300w, https:\/\/www.usborkeychain.com\/wp-content\/uploads\/led-light-usb-flash-drive-150x150.png 150w, https:\/\/www.usborkeychain.com\/wp-content\/uploads\/led-light-usb-flash-drive-768x768.png 768w, https:\/\/www.usborkeychain.com\/wp-content\/uploads\/led-light-usb-flash-drive-12x12.png 12w, https:\/\/www.usborkeychain.com\/wp-content\/uploads\/led-light-usb-flash-drive-600x600.png 600w, https:\/\/www.usborkeychain.com\/wp-content\/uploads\/led-light-usb-flash-drive-100x100.png 100w\" sizes=\"(max-width: 800px) 100vw, 800px\" \/><\/figure>\n<\/div>\n<\/div>","protected":false},"excerpt":{"rendered":"<ul>\n<li>Materiali in lega di alluminio<\/li>\n<li>Materiale acrilico<\/li>\n<li>Rotazione a 360\u00b0<\/li>\n<li>Personalizzato <span style=\"font-size: 16px;\">Colori della luce LOGO&amp;LED<\/span><\/li>\n<li>\n<p class=\"header-vfC6AV auto-hide-last-sibling-br\"><span style=\"font-size: 16px;\">MOQ: 100pcs<\/span><\/p>\n<\/li>\n<\/ul>","protected":false},"featured_media":6312,"comment_status":"open","ping_status":"closed","template":"","meta":{"_seopress_robots_primary_cat":"","_seopress_titles_title":"","_seopress_titles_desc":"","_seopress_robots_index":"","site-sidebar-layout":"default","site-content-layout":"","ast-site-content-layout":"","site-content-style":"default","site-sidebar-style":"default","ast-global-header-display":"","ast-banner-title-visibility":"","ast-main-header-display":"","ast-hfb-above-header-display":"","ast-hfb-below-header-display":"","ast-hfb-mobile-header-display":"","site-post-title":"","ast-breadcrumbs-content":"","ast-featured-img":"","footer-sml-layout":"","theme-transparent-header-meta":"","adv-header-id-meta":"","stick-header-meta":"","header-above-stick-meta":"","header-main-stick-meta":"","header-below-stick-meta":"","astra-migrate-meta-layouts":"default","ast-page-background-enabled":"default","ast-page-background-meta":{"desktop":{"background-color":"var(--ast-global-color-5)","background-image":"","background-repeat":"repeat","background-position":"center center","background-size":"auto","background-attachment":"scroll","background-type":"","background-media":"","overlay-type":"","overlay-color":"","overlay-opacity":"","overlay-gradient":""},"tablet":{"background-color":"","background-image":"","background-repeat":"repeat","background-position":"center center","background-size":"auto","background-attachment":"scroll","background-type":"","background-media":"","overlay-type":"","overlay-color":"","overlay-opacity":"","overlay-gradient":""},"mobile":{"background-color":"","background-image":"","background-repeat":"repeat","background-position":"center center","background-size":"auto","background-attachment":"scroll","background-type":"","background-media":"","overlay-type":"","overlay-color":"","overlay-opacity":"","overlay-gradient":""}},"ast-content-background-meta":{"desktop":{"background-color":"var(--ast-global-color-4)","background-image":"","background-repeat":"repeat","background-position":"center center","background-size":"auto","background-attachment":"scroll","background-type":"","background-media":"","overlay-type":"","overlay-color":"","overlay-opacity":"","overlay-gradient":""},"tablet":{"background-color":"var(--ast-global-color-4)","background-image":"","background-repeat":"repeat","background-position":"center center","background-size":"auto","background-attachment":"scroll","background-type":"","background-media":"","overlay-type":"","overlay-color":"","overlay-opacity":"","overlay-gradient":""},"mobile":{"background-color":"var(--ast-global-color-4)","background-image":"","background-repeat":"repeat","background-position":"center center","background-size":"auto","background-attachment":"scroll","background-type":"","background-media":"","overlay-type":"","overlay-color":"","overlay-opacity":"","overlay-gradient":""}}},"product_brand":[],"product_cat":[174],"product_tag":[],"class_list":{"0":"post-6309","1":"product","2":"type-product","3":"status-publish","4":"has-post-thumbnail","6":"product_cat-crystal-usb-pendrive","7":"desktop-align-left","8":"tablet-align-left","9":"mobile-align-left","11":"first","12":"instock","13":"shipping-taxable","14":"product-type-simple"},"_links":{"self":[{"href":"https:\/\/www.usborkeychain.com\/it\/wp-json\/wp\/v2\/product\/6309","targetHints":{"allow":["GET"]}}],"collection":[{"href":"https:\/\/www.usborkeychain.com\/it\/wp-json\/wp\/v2\/product"}],"about":[{"href":"https:\/\/www.usborkeychain.com\/it\/wp-json\/wp\/v2\/types\/product"}],"replies":[{"embeddable":true,"href":"https:\/\/www.usborkeychain.com\/it\/wp-json\/wp\/v2\/comments?post=6309"}],"wp:featuredmedia":[{"embeddable":true,"href":"https:\/\/www.usborkeychain.com\/it\/wp-json\/wp\/v2\/media\/6312"}],"wp:attachment":[{"href":"https:\/\/www.usborkeychain.com\/it\/wp-json\/wp\/v2\/media?parent=6309"}],"wp:term":[{"taxonomy":"product_brand","embeddable":true,"href":"https:\/\/www.usborkeychain.com\/it\/wp-json\/wp\/v2\/product_brand?post=6309"},{"taxonomy":"product_cat","embeddable":true,"href":"https:\/\/www.usborkeychain.com\/it\/wp-json\/wp\/v2\/product_cat?post=6309"},{"taxonomy":"product_tag","embeddable":true,"href":"https:\/\/www.usborkeychain.com\/it\/wp-json\/wp\/v2\/product_tag?post=6309"}],"curies":[{"name":"wp","href":"https:\/\/api.w.org\/{rel}","templated":true}]}}