{"id":6329,"date":"2025-08-09T05:11:25","date_gmt":"2025-08-09T05:11:25","guid":{"rendered":"https:\/\/www.usborkeychain.com\/?post_type=product&#038;p=6329"},"modified":"2025-08-09T05:11:28","modified_gmt":"2025-08-09T05:11:28","slug":"crystal-light-up-usb-drive","status":"publish","type":"product","link":"https:\/\/www.usborkeychain.com\/it\/prodotto\/crystal-light-up-usb-drive\/","title":{"rendered":"Unit\u00e0 USB luminosa di cristallo"},"content":{"rendered":"<div class=\"wp-block-columns are-vertically-aligned-center is-layout-flex wp-container-core-columns-is-layout-28f84493 wp-block-columns-is-layout-flex\">\n<div class=\"wp-block-column is-vertically-aligned-center is-layout-flow wp-block-column-is-layout-flow\">\n<figure class=\"wp-block-image size-full\"><img alt=\"\" fetchpriority=\"high\" decoding=\"async\" width=\"800\" height=\"800\" src=\"https:\/\/www.usborkeychain.com\/wp-content\/uploads\/LED-crystal-USB-flash-drive.jpg\" class=\"wp-image-6335\" srcset=\"https:\/\/www.usborkeychain.com\/wp-content\/uploads\/LED-crystal-USB-flash-drive.jpg 800w, https:\/\/www.usborkeychain.com\/wp-content\/uploads\/LED-crystal-USB-flash-drive-300x300.jpg 300w, https:\/\/www.usborkeychain.com\/wp-content\/uploads\/LED-crystal-USB-flash-drive-150x150.jpg 150w, https:\/\/www.usborkeychain.com\/wp-content\/uploads\/LED-crystal-USB-flash-drive-768x768.jpg 768w, https:\/\/www.usborkeychain.com\/wp-content\/uploads\/LED-crystal-USB-flash-drive-12x12.jpg 12w, https:\/\/www.usborkeychain.com\/wp-content\/uploads\/LED-crystal-USB-flash-drive-600x600.jpg 600w, https:\/\/www.usborkeychain.com\/wp-content\/uploads\/LED-crystal-USB-flash-drive-100x100.jpg 100w\" sizes=\"(max-width: 800px) 100vw, 800px\" \/><\/figure>\n<\/div>\n\n\n\n<div class=\"wp-block-column is-vertically-aligned-center is-layout-flow wp-block-column-is-layout-flow\">\n<p>Principio di illuminazione: Una combinazione di \"<strong>Sorgente luminosa a LED + cristallo ottico<\/strong>&#8220;<\/p>\n\n\n\n<ul class=\"wp-block-list\">\n<li><strong>Sistema di alimentazione<\/strong>: Dotato di una batteria a bottone incorporata (o di alimentazione diretta tramite interfaccia USB) per fornire elettricit\u00e0 alla luce LED.<\/li>\n\n\n\n<li><strong>Vettore luminoso<\/strong>: Il cristallo ottico ad alta trasparenza funge da \"copertura della luce\". Sfruttando l'eccellente trasmittanza della luce (\u226590%) e l'indice di rifrazione, diffonde uniformemente la luce dei LED per creare un effetto luminoso morbido ma suggestivo.<\/li>\n\n\n\n<li><strong>Meccanismo di attivazione<\/strong>: Si illumina automaticamente quando viene inserito in un dispositivo (o con un interruttore a sfioramento incorporato), facendo apparire i loghi e i motivi del marchio tridimensionalmente in luce e ombra con un forte impatto visivo.<\/li>\n<\/ul>\n<\/div>\n<\/div>\n\n\n\n<h2 class=\"wp-block-heading\">Caratteristiche del design<\/h2>\n\n\n\n<div class=\"wp-block-columns is-layout-flex wp-container-core-columns-is-layout-28f84493 wp-block-columns-is-layout-flex\">\n<div class=\"wp-block-column is-vertically-aligned-center is-layout-flow wp-block-column-is-layout-flow\">\n<h3 class=\"wp-block-heading\">Materiale<\/h3>\n\n\n\n<ul class=\"wp-block-list\">\n<li><strong>Parte in metallo<\/strong>: Forgiato in lega aerospaziale, con trattamento superficiale spazzolato o galvanico. Resistente all'usura e ai graffi, presenta una lucentezza opaca o a specchio che mette in risalto una texture di alto livello.<\/li>\n\n\n\n<li><strong>Parte in cristallo<\/strong>: Cristallo ottico K9 selezionato (durezza \u22656,5 Mohs), trasparente e privo di impurit\u00e0. Quando \u00e8 illuminato, appare come \"luci e ombre fluttuanti\", rendendo i loghi\/modelli pi\u00f9 tecnologici.<\/li>\n<\/ul>\n<\/div>\n\n\n\n<div class=\"wp-block-column is-layout-flow wp-block-column-is-layout-flow\">\n<figure class=\"wp-block-image size-full\"><img alt=\"\" decoding=\"async\" width=\"800\" height=\"800\" src=\"https:\/\/www.usborkeychain.com\/wp-content\/uploads\/led-light-usb-flash-drive-1.jpg\" class=\"wp-image-6336\" srcset=\"https:\/\/www.usborkeychain.com\/wp-content\/uploads\/led-light-usb-flash-drive-1.jpg 800w, https:\/\/www.usborkeychain.com\/wp-content\/uploads\/led-light-usb-flash-drive-1-300x300.jpg 300w, https:\/\/www.usborkeychain.com\/wp-content\/uploads\/led-light-usb-flash-drive-1-150x150.jpg 150w, https:\/\/www.usborkeychain.com\/wp-content\/uploads\/led-light-usb-flash-drive-1-768x768.jpg 768w, https:\/\/www.usborkeychain.com\/wp-content\/uploads\/led-light-usb-flash-drive-1-12x12.jpg 12w, https:\/\/www.usborkeychain.com\/wp-content\/uploads\/led-light-usb-flash-drive-1-600x600.jpg 600w, https:\/\/www.usborkeychain.com\/wp-content\/uploads\/led-light-usb-flash-drive-1-100x100.jpg 100w\" sizes=\"(max-width: 800px) 100vw, 800px\" \/><\/figure>\n<\/div>\n<\/div>\n\n\n\n<div class=\"wp-block-columns is-layout-flex wp-container-core-columns-is-layout-28f84493 wp-block-columns-is-layout-flex\">\n<div class=\"wp-block-column is-vertically-aligned-center is-layout-flow wp-block-column-is-layout-flow\">\n<h3 class=\"wp-block-heading\">Forma<\/h3>\n\n\n\n<ul class=\"wp-block-list\">\n<li><strong>Design di base<\/strong>: \"Cristallo circolare + metallo rettangolare\". Il cristallo circolare funge da superficie di emissione della luce (diametro 20-25 mm), mentre la parte metallica rettangolare sottostante collega l'interfaccia USB e il portachiavi. Le forme geometriche sovrapposte creano una gerarchia visiva \"2D\u21923D\".<\/li>\n\n\n\n<li><strong>Dettaglio Design<\/strong>: I bordi in metallo sono smussati per una presa pi\u00f9 confortevole; la giunzione tra il cristallo e il metallo \u00e8 senza soluzione di continuit\u00e0, con una precisione artigianale di \u00b10,1 mm.<\/li>\n<\/ul>\n\n\n\n<h3 class=\"wp-block-heading\">Portabilit\u00e0<\/h3>\n\n\n\n<p>Viene fornito di serie con un portachiavi in acciaio inox 304 (diametro 15 mm), che pu\u00f2 essere attaccato direttamente alle chiavi o alle cerniere degli zaini.<\/p>\n<\/div>\n\n\n\n<div class=\"wp-block-column is-vertically-aligned-center is-layout-flow wp-block-column-is-layout-flow\">\n<figure class=\"wp-block-image size-full\"><img alt=\"\" decoding=\"async\" width=\"800\" height=\"800\" src=\"https:\/\/www.usborkeychain.com\/wp-content\/uploads\/crystal-light-up-USB-flash-drive.jpg\" class=\"wp-image-6334\" srcset=\"https:\/\/www.usborkeychain.com\/wp-content\/uploads\/crystal-light-up-USB-flash-drive.jpg 800w, https:\/\/www.usborkeychain.com\/wp-content\/uploads\/crystal-light-up-USB-flash-drive-300x300.jpg 300w, https:\/\/www.usborkeychain.com\/wp-content\/uploads\/crystal-light-up-USB-flash-drive-150x150.jpg 150w, https:\/\/www.usborkeychain.com\/wp-content\/uploads\/crystal-light-up-USB-flash-drive-768x768.jpg 768w, https:\/\/www.usborkeychain.com\/wp-content\/uploads\/crystal-light-up-USB-flash-drive-12x12.jpg 12w, https:\/\/www.usborkeychain.com\/wp-content\/uploads\/crystal-light-up-USB-flash-drive-600x600.jpg 600w, https:\/\/www.usborkeychain.com\/wp-content\/uploads\/crystal-light-up-USB-flash-drive-100x100.jpg 100w\" sizes=\"(max-width: 800px) 100vw, 800px\" \/><\/figure>\n<\/div>\n<\/div>\n\n\n\n<h2 class=\"wp-block-heading\">Parametri fondamentali dell'unit\u00e0 USB<\/h2>\n\n\n\n<figure class=\"wp-block-table\"><table class=\"has-fixed-layout\"><thead><tr><th>Categoria di parametri<\/th><th>Specifiche tecniche<\/th><\/tr><\/thead><tbody><tr><td>Tipo di interfaccia<\/td><td>USB 2.0 (predefinito) \/ USB 3.0 \/ Tipo-C<\/td><\/tr><tr><td>Opzioni di capacit\u00e0<\/td><td>8GB, 16GB, 32GB, 64GB, 128GB<\/td><\/tr><tr><td>Dimensioni<\/td><td>Lunghezza totale 60 mm (compreso il portachiavi), diametro del cristallo 22 mm<\/td><\/tr><tr><td>Peso<\/td><td>Circa 28 g (metallo + cristallo + portachiavi)<\/td><\/tr><tr><td>Colore chiaro<\/td><td>Luce blu (predefinita), luce rossa, luce verde, luce bianca calda<\/td><\/tr><tr><td>Livello di protezione<\/td><td>IP42 (resistente agli spruzzi e alla polvere)<\/td><\/tr><\/tbody><\/table><\/figure>\n\n\n\n<h2 class=\"wp-block-heading\">Servizi di personalizzazione<\/h2>\n\n\n\n<div class=\"wp-block-columns is-layout-flex wp-container-core-columns-is-layout-28f84493 wp-block-columns-is-layout-flex\">\n<div class=\"wp-block-column is-vertically-aligned-center is-layout-flow wp-block-column-is-layout-flow\">\n<h3 class=\"wp-block-heading\">Personalizzazione del logo<\/h3>\n\n\n\n<ul class=\"wp-block-list\">\n<li><strong>Area del cristallo<\/strong>: Grazie alla tecnologia di incisione interna laser 3D, i loghi\/modelli sono incisi all'interno del cristallo (precisione 0,01 mm). Quando sono illuminati, i motivi appaiono sospesi e traslucidi, con una resistenza permanente allo sbiadimento.<\/li>\n\n\n\n<li><strong>Area metallica<\/strong>: Marcatura laser opzionale (linee sottili, adatte a loghi semplici) o colorazione galvanica (colori vivaci, adatti a motivi complessi). L'adesione soddisfa lo standard di durezza della matita 4H.<\/li>\n<\/ul>\n<\/div>\n\n\n\n<div class=\"wp-block-column is-vertically-aligned-center is-layout-flow wp-block-column-is-layout-flow\">\n<figure class=\"wp-block-image size-full\"><img alt=\"\" loading=\"lazy\" decoding=\"async\" width=\"800\" height=\"800\" src=\"https:\/\/www.usborkeychain.com\/wp-content\/uploads\/usb-flash-drive-with-led-light-3.png\" class=\"wp-image-6338\" srcset=\"https:\/\/www.usborkeychain.com\/wp-content\/uploads\/usb-flash-drive-with-led-light-3.png 800w, https:\/\/www.usborkeychain.com\/wp-content\/uploads\/usb-flash-drive-with-led-light-3-300x300.png 300w, https:\/\/www.usborkeychain.com\/wp-content\/uploads\/usb-flash-drive-with-led-light-3-150x150.png 150w, https:\/\/www.usborkeychain.com\/wp-content\/uploads\/usb-flash-drive-with-led-light-3-768x768.png 768w, https:\/\/www.usborkeychain.com\/wp-content\/uploads\/usb-flash-drive-with-led-light-3-12x12.png 12w, https:\/\/www.usborkeychain.com\/wp-content\/uploads\/usb-flash-drive-with-led-light-3-600x600.png 600w, https:\/\/www.usborkeychain.com\/wp-content\/uploads\/usb-flash-drive-with-led-light-3-100x100.png 100w\" sizes=\"(max-width: 800px) 100vw, 800px\" \/><\/figure>\n<\/div>\n<\/div>\n\n\n\n<div class=\"wp-block-columns is-layout-flex wp-container-core-columns-is-layout-28f84493 wp-block-columns-is-layout-flex\">\n<div class=\"wp-block-column is-vertically-aligned-center is-layout-flow wp-block-column-is-layout-flow\">\n<figure class=\"wp-block-image size-full\"><img alt=\"\" loading=\"lazy\" decoding=\"async\" width=\"800\" height=\"800\" src=\"https:\/\/www.usborkeychain.com\/wp-content\/uploads\/usb-flash-drive-led-light-2.jpg\" class=\"wp-image-6337\" srcset=\"https:\/\/www.usborkeychain.com\/wp-content\/uploads\/usb-flash-drive-led-light-2.jpg 800w, https:\/\/www.usborkeychain.com\/wp-content\/uploads\/usb-flash-drive-led-light-2-300x300.jpg 300w, https:\/\/www.usborkeychain.com\/wp-content\/uploads\/usb-flash-drive-led-light-2-150x150.jpg 150w, https:\/\/www.usborkeychain.com\/wp-content\/uploads\/usb-flash-drive-led-light-2-768x768.jpg 768w, https:\/\/www.usborkeychain.com\/wp-content\/uploads\/usb-flash-drive-led-light-2-12x12.jpg 12w, https:\/\/www.usborkeychain.com\/wp-content\/uploads\/usb-flash-drive-led-light-2-600x600.jpg 600w, https:\/\/www.usborkeychain.com\/wp-content\/uploads\/usb-flash-drive-led-light-2-100x100.jpg 100w\" sizes=\"(max-width: 800px) 100vw, 800px\" \/><\/figure>\n<\/div>\n\n\n\n<div class=\"wp-block-column is-vertically-aligned-center is-layout-flow wp-block-column-is-layout-flow\">\n<h3 class=\"wp-block-heading\">Personalizzazione dell'imballaggio<\/h3>\n\n\n\n<ul class=\"wp-block-list\">\n<li><strong>Imballaggio di base<\/strong>: Scatola di carta smerigliata (con marchio stampato in UV), semplice ed ecologica.<\/li>\n\n\n\n<li><strong>Imballaggio premium<\/strong>: Scatola regalo in pelle (Nappa\/pebble grain), abbinata a tecniche di stampaggio e goffratura in oro, adatta per regali aziendali.<\/li>\n\n\n\n<li><strong>Estensioni di personalizzazione<\/strong>: Supporta l'inserimento di biglietti d'auguri e brochure del marchio nella confezione regalo per creare una \"soluzione regalo integrata\".<\/li>\n<\/ul>\n<\/div>\n<\/div>\n\n\n\n<h2 class=\"wp-block-heading\">Chi paga per \"Estetica + Tecnologia\"?<\/h2>\n\n\n\n<div class=\"wp-block-columns is-layout-flex wp-container-core-columns-is-layout-28f84493 wp-block-columns-is-layout-flex\">\n<div class=\"wp-block-column is-vertically-aligned-center is-layout-flow wp-block-column-is-layout-flow\">\n<ul class=\"wp-block-list\">\n<li>Giovani trend setter: Come souvenir per i festival musicali, ecc.<\/li>\n\n\n\n<li>Acquisti aziendali: Come regali aziendali (ad esempio, riunioni annuali, eventi di apprezzamento dei clienti).<\/li>\n\n\n\n<li>Collezionisti digitali: Il design dell'unit\u00e0 USB luminosa di cristallo si rivolge ai loro hobby collezionistici.<\/li>\n\n\n\n<li>Industrie creative: Come le aziende di pubblicit\u00e0 e design.<\/li>\n<\/ul>\n<\/div>\n\n\n\n<div class=\"wp-block-column is-layout-flow wp-block-column-is-layout-flow\">\n<figure class=\"wp-block-image size-full\"><img alt=\"\" loading=\"lazy\" decoding=\"async\" width=\"800\" height=\"800\" src=\"https:\/\/www.usborkeychain.com\/wp-content\/uploads\/crystal-LED-USB-flash-drive.jpg\" class=\"wp-image-6333\" srcset=\"https:\/\/www.usborkeychain.com\/wp-content\/uploads\/crystal-LED-USB-flash-drive.jpg 800w, https:\/\/www.usborkeychain.com\/wp-content\/uploads\/crystal-LED-USB-flash-drive-300x300.jpg 300w, https:\/\/www.usborkeychain.com\/wp-content\/uploads\/crystal-LED-USB-flash-drive-150x150.jpg 150w, https:\/\/www.usborkeychain.com\/wp-content\/uploads\/crystal-LED-USB-flash-drive-768x768.jpg 768w, https:\/\/www.usborkeychain.com\/wp-content\/uploads\/crystal-LED-USB-flash-drive-12x12.jpg 12w, https:\/\/www.usborkeychain.com\/wp-content\/uploads\/crystal-LED-USB-flash-drive-600x600.jpg 600w, https:\/\/www.usborkeychain.com\/wp-content\/uploads\/crystal-LED-USB-flash-drive-100x100.jpg 100w\" sizes=\"(max-width: 800px) 100vw, 800px\" \/><\/figure>\n<\/div>\n<\/div>\n\n\n\n<div class=\"wp-block-columns is-layout-flex wp-container-core-columns-is-layout-28f84493 wp-block-columns-is-layout-flex\">\n<div class=\"wp-block-column is-layout-flow wp-block-column-is-layout-flow\">\n<figure class=\"wp-block-image size-full\"><img alt=\"\" loading=\"lazy\" decoding=\"async\" width=\"800\" height=\"800\" src=\"https:\/\/www.usborkeychain.com\/wp-content\/uploads\/cheap-led-light-usb-flash-drive.png\" class=\"wp-image-6332\" srcset=\"https:\/\/www.usborkeychain.com\/wp-content\/uploads\/cheap-led-light-usb-flash-drive.png 800w, https:\/\/www.usborkeychain.com\/wp-content\/uploads\/cheap-led-light-usb-flash-drive-300x300.png 300w, https:\/\/www.usborkeychain.com\/wp-content\/uploads\/cheap-led-light-usb-flash-drive-150x150.png 150w, https:\/\/www.usborkeychain.com\/wp-content\/uploads\/cheap-led-light-usb-flash-drive-768x768.png 768w, https:\/\/www.usborkeychain.com\/wp-content\/uploads\/cheap-led-light-usb-flash-drive-12x12.png 12w, https:\/\/www.usborkeychain.com\/wp-content\/uploads\/cheap-led-light-usb-flash-drive-600x600.png 600w, https:\/\/www.usborkeychain.com\/wp-content\/uploads\/cheap-led-light-usb-flash-drive-100x100.png 100w\" sizes=\"(max-width: 800px) 100vw, 800px\" \/><\/figure>\n<\/div>\n\n\n\n<div class=\"wp-block-column is-vertically-aligned-center is-layout-flow wp-block-column-is-layout-flow\">\n<p>Che siate consumatori alla ricerca dell'individualit\u00e0 o imprese impegnate nel marketing del marchio, la <strong>unit\u00e0 USB luminosa in cristallo<\/strong> si \u00e8 ritagliata una nicchia unica nel mercato digitale grazie ai suoi vantaggi differenziati di \"estetica + praticit\u00e0 + personalizzazione\".<\/p>\n<\/div>\n<\/div>","protected":false},"excerpt":{"rendered":"<ul>\n<li>Sorgente luminosa a LED<\/li>\n<li>Materiali in metallo e cristallo<\/li>\n<li>A forma di cristallo circolare<\/li>\n<li>Portachiavi in acciaio inox 304<\/li>\n<li>MOQ: 100pcs<\/li>\n<\/ul>","protected":false},"featured_media":6336,"comment_status":"open","ping_status":"closed","template":"","meta":{"_seopress_robots_primary_cat":"","_seopress_titles_title":"","_seopress_titles_desc":"","_seopress_robots_index":"","site-sidebar-layout":"default","site-content-layout":"","ast-site-content-layout":"","site-content-style":"default","site-sidebar-style":"default","ast-global-header-display":"","ast-banner-title-visibility":"","ast-main-header-display":"","ast-hfb-above-header-display":"","ast-hfb-below-header-display":"","ast-hfb-mobile-header-display":"","site-post-title":"","ast-breadcrumbs-content":"","ast-featured-img":"","footer-sml-layout":"","theme-transparent-header-meta":"","adv-header-id-meta":"","stick-header-meta":"","header-above-stick-meta":"","header-main-stick-meta":"","header-below-stick-meta":"","astra-migrate-meta-layouts":"default","ast-page-background-enabled":"default","ast-page-background-meta":{"desktop":{"background-color":"var(--ast-global-color-5)","background-image":"","background-repeat":"repeat","background-position":"center center","background-size":"auto","background-attachment":"scroll","background-type":"","background-media":"","overlay-type":"","overlay-color":"","overlay-opacity":"","overlay-gradient":""},"tablet":{"background-color":"","background-image":"","background-repeat":"repeat","background-position":"center center","background-size":"auto","background-attachment":"scroll","background-type":"","background-media":"","overlay-type":"","overlay-color":"","overlay-opacity":"","overlay-gradient":""},"mobile":{"background-color":"","background-image":"","background-repeat":"repeat","background-position":"center center","background-size":"auto","background-attachment":"scroll","background-type":"","background-media":"","overlay-type":"","overlay-color":"","overlay-opacity":"","overlay-gradient":""}},"ast-content-background-meta":{"desktop":{"background-color":"var(--ast-global-color-4)","background-image":"","background-repeat":"repeat","background-position":"center center","background-size":"auto","background-attachment":"scroll","background-type":"","background-media":"","overlay-type":"","overlay-color":"","overlay-opacity":"","overlay-gradient":""},"tablet":{"background-color":"var(--ast-global-color-4)","background-image":"","background-repeat":"repeat","background-position":"center center","background-size":"auto","background-attachment":"scroll","background-type":"","background-media":"","overlay-type":"","overlay-color":"","overlay-opacity":"","overlay-gradient":""},"mobile":{"background-color":"var(--ast-global-color-4)","background-image":"","background-repeat":"repeat","background-position":"center center","background-size":"auto","background-attachment":"scroll","background-type":"","background-media":"","overlay-type":"","overlay-color":"","overlay-opacity":"","overlay-gradient":""}}},"product_brand":[],"product_cat":[174],"product_tag":[391],"class_list":{"0":"post-6329","1":"product","2":"type-product","3":"status-publish","4":"has-post-thumbnail","6":"product_cat-crystal-usb-pendrive","7":"product_tag-led-crystal-usb-flash-drive","8":"desktop-align-left","9":"tablet-align-left","10":"mobile-align-left","12":"first","13":"instock","14":"shipping-taxable","15":"product-type-simple"},"_links":{"self":[{"href":"https:\/\/www.usborkeychain.com\/it\/wp-json\/wp\/v2\/product\/6329","targetHints":{"allow":["GET"]}}],"collection":[{"href":"https:\/\/www.usborkeychain.com\/it\/wp-json\/wp\/v2\/product"}],"about":[{"href":"https:\/\/www.usborkeychain.com\/it\/wp-json\/wp\/v2\/types\/product"}],"replies":[{"embeddable":true,"href":"https:\/\/www.usborkeychain.com\/it\/wp-json\/wp\/v2\/comments?post=6329"}],"wp:featuredmedia":[{"embeddable":true,"href":"https:\/\/www.usborkeychain.com\/it\/wp-json\/wp\/v2\/media\/6336"}],"wp:attachment":[{"href":"https:\/\/www.usborkeychain.com\/it\/wp-json\/wp\/v2\/media?parent=6329"}],"wp:term":[{"taxonomy":"product_brand","embeddable":true,"href":"https:\/\/www.usborkeychain.com\/it\/wp-json\/wp\/v2\/product_brand?post=6329"},{"taxonomy":"product_cat","embeddable":true,"href":"https:\/\/www.usborkeychain.com\/it\/wp-json\/wp\/v2\/product_cat?post=6329"},{"taxonomy":"product_tag","embeddable":true,"href":"https:\/\/www.usborkeychain.com\/it\/wp-json\/wp\/v2\/product_tag?post=6329"}],"curies":[{"name":"wp","href":"https:\/\/api.w.org\/{rel}","templated":true}]}}