{"id":6342,"date":"2025-08-09T13:02:46","date_gmt":"2025-08-09T13:02:46","guid":{"rendered":"https:\/\/www.usborkeychain.com\/?post_type=product&#038;p=6342"},"modified":"2025-08-09T13:23:34","modified_gmt":"2025-08-09T13:23:34","slug":"wooden-crystal-usb-flash-drive","status":"publish","type":"product","link":"https:\/\/www.usborkeychain.com\/it\/prodotto\/wooden-crystal-usb-flash-drive\/","title":{"rendered":"Chiavetta USB in cristallo di legno"},"content":{"rendered":"<div class=\"wp-block-columns are-vertically-aligned-center is-layout-flex wp-container-core-columns-is-layout-28f84493 wp-block-columns-is-layout-flex\">\n<div class=\"wp-block-column is-vertically-aligned-center is-layout-flow wp-block-column-is-layout-flow\">\n<figure class=\"wp-block-image size-full\"><img alt=\"\" fetchpriority=\"high\" decoding=\"async\" width=\"800\" height=\"800\" src=\"https:\/\/www.usborkeychain.com\/wp-content\/uploads\/crystal-and-wood-usb-flash-drive.jpg\" class=\"wp-image-6350\" srcset=\"https:\/\/www.usborkeychain.com\/wp-content\/uploads\/crystal-and-wood-usb-flash-drive.jpg 800w, https:\/\/www.usborkeychain.com\/wp-content\/uploads\/crystal-and-wood-usb-flash-drive-300x300.jpg 300w, https:\/\/www.usborkeychain.com\/wp-content\/uploads\/crystal-and-wood-usb-flash-drive-150x150.jpg 150w, https:\/\/www.usborkeychain.com\/wp-content\/uploads\/crystal-and-wood-usb-flash-drive-768x768.jpg 768w, https:\/\/www.usborkeychain.com\/wp-content\/uploads\/crystal-and-wood-usb-flash-drive-12x12.jpg 12w, https:\/\/www.usborkeychain.com\/wp-content\/uploads\/crystal-and-wood-usb-flash-drive-600x600.jpg 600w, https:\/\/www.usborkeychain.com\/wp-content\/uploads\/crystal-and-wood-usb-flash-drive-100x100.jpg 100w\" sizes=\"(max-width: 800px) 100vw, 800px\" \/><\/figure>\n<\/div>\n\n\n\n<div class=\"wp-block-column is-vertically-aligned-center is-layout-flow wp-block-column-is-layout-flow\">\n<p>Il <strong>Chiavetta USB in cristallo di legno<\/strong> \u00e8 caratterizzato da una combinazione di \"legno massiccio naturale + cristallo ad alta trasparenza\".<\/p>\n\n\n\n<p>Parte in legno massiccio: <strong>5 tipi di legno naturale<\/strong> sono selezionati con cura, ognuno con venature e colori unici:<\/p>\n\n\n\n<ul class=\"wp-block-list\">\n<li>Noce: Marrone scuro con venatura fine e liscia, emana un temperamento calmo.<\/li>\n\n\n\n<li>Ciliegio: Marrone caldo con venature delicate e satinate, che danno una sensazione di calore.<\/li>\n\n\n\n<li>Acero: beige chiaro con venature leggere e morbide, per un'atmosfera fresca.<\/li>\n\n\n\n<li>Rovere: Colore del legno chiaro con venature naturali e robuste, che emanano un fascino rustico.<\/li>\n\n\n\n<li>Bamb\u00f9: Giallo chiaro con chiari motivi di articolazione del bamb\u00f9, che interpretano la vitalit\u00e0 naturale.<\/li>\n<\/ul>\n<\/div>\n<\/div>\n\n\n\n<div class=\"wp-block-columns is-layout-flex wp-container-core-columns-is-layout-28f84493 wp-block-columns-is-layout-flex\">\n<div class=\"wp-block-column is-vertically-aligned-center is-layout-flow wp-block-column-is-layout-flow\">\n<figure class=\"wp-block-image size-full\"><img alt=\"\" decoding=\"async\" width=\"800\" height=\"800\" src=\"https:\/\/www.usborkeychain.com\/wp-content\/uploads\/china-acrylic-usb-flash-drives.jpg\" class=\"wp-image-6349\" srcset=\"https:\/\/www.usborkeychain.com\/wp-content\/uploads\/china-acrylic-usb-flash-drives.jpg 800w, https:\/\/www.usborkeychain.com\/wp-content\/uploads\/china-acrylic-usb-flash-drives-300x300.jpg 300w, https:\/\/www.usborkeychain.com\/wp-content\/uploads\/china-acrylic-usb-flash-drives-150x150.jpg 150w, https:\/\/www.usborkeychain.com\/wp-content\/uploads\/china-acrylic-usb-flash-drives-768x768.jpg 768w, https:\/\/www.usborkeychain.com\/wp-content\/uploads\/china-acrylic-usb-flash-drives-12x12.jpg 12w, https:\/\/www.usborkeychain.com\/wp-content\/uploads\/china-acrylic-usb-flash-drives-600x600.jpg 600w, https:\/\/www.usborkeychain.com\/wp-content\/uploads\/china-acrylic-usb-flash-drives-100x100.jpg 100w\" sizes=\"(max-width: 800px) 100vw, 800px\" \/><\/figure>\n<\/div>\n\n\n\n<div class=\"wp-block-column is-vertically-aligned-center is-layout-flow wp-block-column-is-layout-flow\">\n<p>Il legno viene sottoposto a un processo in tre fasi di disidratazione, levigatura e lucidatura per mantenere la sua venatura originale e il suo tocco caldo, essendo ecologico e privo di odori.<\/p>\n\n\n\n<p><strong>Parte in cristallo<\/strong>: Realizzato in cristallo ottico di elevata purezza con una trasparenza di 99,9%. Dopo un taglio e una lucidatura precisi, i suoi bordi sono lisci come uno specchio e presentano un effetto visivo cristallino quando rifrangono la luce.<\/p>\n\n\n\n<p>Il \"calore rustico\" del legno massiccio e la \"chiarezza cristallina\" del cristallo formano un sorprendente contrasto visivo. La giuntura \u00e8 trattata con una lavorazione artigianale senza saldature (incollaggio con adesivo ecologico + polimerizzazione a temperatura costante), che la rende durevole e robusta. Non solo svolge la funzione di contenitore, ma funge anche da accessorio estetico per la scrivania.<\/p>\n<\/div>\n<\/div>\n\n\n\n<h2 class=\"wp-block-heading\">Parametri fondamentali dell'unit\u00e0 flash USB<\/h2>\n\n\n\n<figure class=\"wp-block-table\"><table class=\"has-fixed-layout\"><thead><tr><th>Indicatore<\/th><th>Dettagli sui parametri<\/th><\/tr><\/thead><tbody><tr><td>Capacit\u00e0<\/td><td>8GB \/ 16GB \/ 32GB \/ 64GB \/ 128GB<\/td><\/tr><tr><td>Tipo di interfaccia<\/td><td>USB 3.0 (compatibile con USB 2.0), Type-C (doppia interfaccia)<\/td><\/tr><tr><td>Dimensioni (L\u00d7L\u00d7H)<\/td><td>54mm\u00d716mm\u00d76mm<\/td><\/tr><tr><td>Peso<\/td><td>Circa 22-25 g<\/td><\/tr><\/tbody><\/table><\/figure>\n\n\n\n<h2 class=\"wp-block-heading\">Servizi di personalizzazione<\/h2>\n\n\n\n<p>Supporta la personalizzazione di loghi aziendali, firme personali e modelli esclusivi, per soddisfare scenari quali regali aziendali, promozione del marchio e collezioni personali.<\/p>\n\n\n\n<p>Tecniche di personalizzazione:<\/p>\n\n\n\n<ul class=\"wp-block-list\">\n<li>Estremit\u00e0 in legno massiccio: Adotta la tecnologia dell'incisione laser con una profondit\u00e0 di incisione di 0,1-0,2 mm, per garantire che il logo si integri naturalmente con le venature del legno (i loghi di colore chiaro sono consigliati per il legno scuro e quelli di colore scuro per il legno chiaro per migliorare il contrasto).<\/li>\n\n\n\n<li>Estremit\u00e0 in cristallo: Incisione interna laser 3D opzionale (il logo fluttua all'interno del cristallo, con un forte effetto tridimensionale e non cade mai) o serigrafia superficiale (colori vivaci, adatti a motivi semplici).<\/li>\n\n\n\n<li>Tecnica di giunzione: Incollato con un adesivo ecologico, sottoposto a test di polimerizzazione a temperatura costante (resistenza alla trazione \u226550N), che non si stacca facilmente durante l'uso quotidiano.<\/li>\n<\/ul>\n\n\n\n<div class=\"wp-block-columns is-layout-flex wp-container-core-columns-is-layout-28f84493 wp-block-columns-is-layout-flex\">\n<div class=\"wp-block-column is-layout-flow wp-block-column-is-layout-flow\">\n<figure class=\"wp-block-image size-full\"><img alt=\"\" decoding=\"async\" width=\"800\" height=\"800\" src=\"https:\/\/www.usborkeychain.com\/wp-content\/uploads\/buy-crystal-usb-flash-drive-1.png\" class=\"wp-image-6347\" srcset=\"https:\/\/www.usborkeychain.com\/wp-content\/uploads\/buy-crystal-usb-flash-drive-1.png 800w, https:\/\/www.usborkeychain.com\/wp-content\/uploads\/buy-crystal-usb-flash-drive-1-300x300.png 300w, https:\/\/www.usborkeychain.com\/wp-content\/uploads\/buy-crystal-usb-flash-drive-1-150x150.png 150w, https:\/\/www.usborkeychain.com\/wp-content\/uploads\/buy-crystal-usb-flash-drive-1-768x768.png 768w, https:\/\/www.usborkeychain.com\/wp-content\/uploads\/buy-crystal-usb-flash-drive-1-12x12.png 12w, https:\/\/www.usborkeychain.com\/wp-content\/uploads\/buy-crystal-usb-flash-drive-1-600x600.png 600w, https:\/\/www.usborkeychain.com\/wp-content\/uploads\/buy-crystal-usb-flash-drive-1-100x100.png 100w\" sizes=\"(max-width: 800px) 100vw, 800px\" \/><\/figure>\n<\/div>\n\n\n\n<div class=\"wp-block-column is-layout-flow wp-block-column-is-layout-flow\">\n<figure class=\"wp-block-image size-full\"><img alt=\"\" loading=\"lazy\" decoding=\"async\" width=\"800\" height=\"800\" src=\"https:\/\/www.usborkeychain.com\/wp-content\/uploads\/usb-flash-drive-crystal-manufacturers-in-china.png\" class=\"wp-image-6356\" srcset=\"https:\/\/www.usborkeychain.com\/wp-content\/uploads\/usb-flash-drive-crystal-manufacturers-in-china.png 800w, https:\/\/www.usborkeychain.com\/wp-content\/uploads\/usb-flash-drive-crystal-manufacturers-in-china-300x300.png 300w, https:\/\/www.usborkeychain.com\/wp-content\/uploads\/usb-flash-drive-crystal-manufacturers-in-china-150x150.png 150w, https:\/\/www.usborkeychain.com\/wp-content\/uploads\/usb-flash-drive-crystal-manufacturers-in-china-768x768.png 768w, https:\/\/www.usborkeychain.com\/wp-content\/uploads\/usb-flash-drive-crystal-manufacturers-in-china-12x12.png 12w, https:\/\/www.usborkeychain.com\/wp-content\/uploads\/usb-flash-drive-crystal-manufacturers-in-china-600x600.png 600w, https:\/\/www.usborkeychain.com\/wp-content\/uploads\/usb-flash-drive-crystal-manufacturers-in-china-100x100.png 100w\" sizes=\"(max-width: 800px) 100vw, 800px\" \/><\/figure>\n<\/div>\n\n\n\n<div class=\"wp-block-column is-layout-flow wp-block-column-is-layout-flow\">\n<figure class=\"wp-block-image size-full\"><img alt=\"\" loading=\"lazy\" decoding=\"async\" width=\"800\" height=\"800\" src=\"https:\/\/www.usborkeychain.com\/wp-content\/uploads\/acrylic-usb-flash-drives-factory.jpg\" class=\"wp-image-6345\" srcset=\"https:\/\/www.usborkeychain.com\/wp-content\/uploads\/acrylic-usb-flash-drives-factory.jpg 800w, https:\/\/www.usborkeychain.com\/wp-content\/uploads\/acrylic-usb-flash-drives-factory-300x300.jpg 300w, https:\/\/www.usborkeychain.com\/wp-content\/uploads\/acrylic-usb-flash-drives-factory-150x150.jpg 150w, https:\/\/www.usborkeychain.com\/wp-content\/uploads\/acrylic-usb-flash-drives-factory-768x768.jpg 768w, https:\/\/www.usborkeychain.com\/wp-content\/uploads\/acrylic-usb-flash-drives-factory-12x12.jpg 12w, https:\/\/www.usborkeychain.com\/wp-content\/uploads\/acrylic-usb-flash-drives-factory-600x600.jpg 600w, https:\/\/www.usborkeychain.com\/wp-content\/uploads\/acrylic-usb-flash-drives-factory-100x100.jpg 100w\" sizes=\"(max-width: 800px) 100vw, 800px\" \/><\/figure>\n<\/div>\n<\/div>\n\n\n\n<h2 class=\"wp-block-heading\">A quali gruppi piace particolarmente?<\/h2>\n\n\n\n<ul class=\"wp-block-list\">\n<li>Elite d'affari: La texture in legno soddisfa la domanda di regali per riunioni di alto livello.<\/li>\n\n\n\n<li>Designer: La collisione dei materiali ispira idee creative.<\/li>\n\n\n\n<li>Sostenitori dell'ambiente: Legno naturale + imballaggio riciclabile.<\/li>\n\n\n\n<li>Collezionisti digitali: Valore collezionistico delle edizioni limitate in legno colorato.<\/li>\n<\/ul>\n\n\n\n<div class=\"wp-block-columns is-layout-flex wp-container-core-columns-is-layout-28f84493 wp-block-columns-is-layout-flex\">\n<div class=\"wp-block-column is-layout-flow wp-block-column-is-layout-flow\">\n<figure class=\"wp-block-image size-full\"><img alt=\"\" fetchpriority=\"high\" decoding=\"async\" width=\"800\" height=\"800\" src=\"https:\/\/www.usborkeychain.com\/wp-content\/uploads\/crystal-and-wood-usb-flash-drive.jpg\" class=\"wp-image-6350\" srcset=\"https:\/\/www.usborkeychain.com\/wp-content\/uploads\/crystal-and-wood-usb-flash-drive.jpg 800w, https:\/\/www.usborkeychain.com\/wp-content\/uploads\/crystal-and-wood-usb-flash-drive-300x300.jpg 300w, https:\/\/www.usborkeychain.com\/wp-content\/uploads\/crystal-and-wood-usb-flash-drive-150x150.jpg 150w, https:\/\/www.usborkeychain.com\/wp-content\/uploads\/crystal-and-wood-usb-flash-drive-768x768.jpg 768w, https:\/\/www.usborkeychain.com\/wp-content\/uploads\/crystal-and-wood-usb-flash-drive-12x12.jpg 12w, https:\/\/www.usborkeychain.com\/wp-content\/uploads\/crystal-and-wood-usb-flash-drive-600x600.jpg 600w, https:\/\/www.usborkeychain.com\/wp-content\/uploads\/crystal-and-wood-usb-flash-drive-100x100.jpg 100w\" sizes=\"(max-width: 800px) 100vw, 800px\" \/><\/figure>\n<\/div>\n\n\n\n<div class=\"wp-block-column is-layout-flow wp-block-column-is-layout-flow\">\n<figure class=\"wp-block-image size-full\"><img alt=\"\" loading=\"lazy\" decoding=\"async\" width=\"800\" height=\"800\" src=\"https:\/\/www.usborkeychain.com\/wp-content\/uploads\/crystal-usb-flash-drive-factory.jpg\" class=\"wp-image-6352\" srcset=\"https:\/\/www.usborkeychain.com\/wp-content\/uploads\/crystal-usb-flash-drive-factory.jpg 800w, https:\/\/www.usborkeychain.com\/wp-content\/uploads\/crystal-usb-flash-drive-factory-300x300.jpg 300w, https:\/\/www.usborkeychain.com\/wp-content\/uploads\/crystal-usb-flash-drive-factory-150x150.jpg 150w, https:\/\/www.usborkeychain.com\/wp-content\/uploads\/crystal-usb-flash-drive-factory-768x768.jpg 768w, https:\/\/www.usborkeychain.com\/wp-content\/uploads\/crystal-usb-flash-drive-factory-12x12.jpg 12w, https:\/\/www.usborkeychain.com\/wp-content\/uploads\/crystal-usb-flash-drive-factory-600x600.jpg 600w, https:\/\/www.usborkeychain.com\/wp-content\/uploads\/crystal-usb-flash-drive-factory-100x100.jpg 100w\" sizes=\"(max-width: 800px) 100vw, 800px\" \/><\/figure>\n<\/div>\n\n\n\n<div class=\"wp-block-column is-layout-flow wp-block-column-is-layout-flow\">\n<figure class=\"wp-block-image size-full\"><img alt=\"\" loading=\"lazy\" decoding=\"async\" width=\"800\" height=\"800\" src=\"https:\/\/www.usborkeychain.com\/wp-content\/uploads\/acrylic-usb-flash-drives.jpg\" class=\"wp-image-6346\" srcset=\"https:\/\/www.usborkeychain.com\/wp-content\/uploads\/acrylic-usb-flash-drives.jpg 800w, https:\/\/www.usborkeychain.com\/wp-content\/uploads\/acrylic-usb-flash-drives-300x300.jpg 300w, https:\/\/www.usborkeychain.com\/wp-content\/uploads\/acrylic-usb-flash-drives-150x150.jpg 150w, https:\/\/www.usborkeychain.com\/wp-content\/uploads\/acrylic-usb-flash-drives-768x768.jpg 768w, https:\/\/www.usborkeychain.com\/wp-content\/uploads\/acrylic-usb-flash-drives-12x12.jpg 12w, https:\/\/www.usborkeychain.com\/wp-content\/uploads\/acrylic-usb-flash-drives-600x600.jpg 600w, https:\/\/www.usborkeychain.com\/wp-content\/uploads\/acrylic-usb-flash-drives-100x100.jpg 100w\" sizes=\"(max-width: 800px) 100vw, 800px\" \/><\/figure>\n<\/div>\n<\/div>\n\n\n\n<div class=\"wp-block-columns is-layout-flex wp-container-core-columns-is-layout-28f84493 wp-block-columns-is-layout-flex\">\n<div class=\"wp-block-column is-layout-flow wp-block-column-is-layout-flow\">\n<figure class=\"wp-block-image size-full\"><img alt=\"\" loading=\"lazy\" decoding=\"async\" width=\"800\" height=\"800\" src=\"https:\/\/www.usborkeychain.com\/wp-content\/uploads\/crystal-glass-usb-flash-drive.jpg\" class=\"wp-image-6351\" srcset=\"https:\/\/www.usborkeychain.com\/wp-content\/uploads\/crystal-glass-usb-flash-drive.jpg 800w, https:\/\/www.usborkeychain.com\/wp-content\/uploads\/crystal-glass-usb-flash-drive-300x300.jpg 300w, https:\/\/www.usborkeychain.com\/wp-content\/uploads\/crystal-glass-usb-flash-drive-150x150.jpg 150w, https:\/\/www.usborkeychain.com\/wp-content\/uploads\/crystal-glass-usb-flash-drive-768x768.jpg 768w, https:\/\/www.usborkeychain.com\/wp-content\/uploads\/crystal-glass-usb-flash-drive-12x12.jpg 12w, https:\/\/www.usborkeychain.com\/wp-content\/uploads\/crystal-glass-usb-flash-drive-600x600.jpg 600w, https:\/\/www.usborkeychain.com\/wp-content\/uploads\/crystal-glass-usb-flash-drive-100x100.jpg 100w\" sizes=\"(max-width: 800px) 100vw, 800px\" \/><\/figure>\n<\/div>\n\n\n\n<div class=\"wp-block-column is-layout-flow wp-block-column-is-layout-flow\">\n<figure class=\"wp-block-image size-full\"><img alt=\"\" loading=\"lazy\" decoding=\"async\" width=\"800\" height=\"800\" src=\"https:\/\/www.usborkeychain.com\/wp-content\/uploads\/cheap-acrylic-usb-flash-drives.jpg\" class=\"wp-image-6348\" srcset=\"https:\/\/www.usborkeychain.com\/wp-content\/uploads\/cheap-acrylic-usb-flash-drives.jpg 800w, https:\/\/www.usborkeychain.com\/wp-content\/uploads\/cheap-acrylic-usb-flash-drives-300x300.jpg 300w, https:\/\/www.usborkeychain.com\/wp-content\/uploads\/cheap-acrylic-usb-flash-drives-150x150.jpg 150w, https:\/\/www.usborkeychain.com\/wp-content\/uploads\/cheap-acrylic-usb-flash-drives-768x768.jpg 768w, https:\/\/www.usborkeychain.com\/wp-content\/uploads\/cheap-acrylic-usb-flash-drives-12x12.jpg 12w, https:\/\/www.usborkeychain.com\/wp-content\/uploads\/cheap-acrylic-usb-flash-drives-600x600.jpg 600w, https:\/\/www.usborkeychain.com\/wp-content\/uploads\/cheap-acrylic-usb-flash-drives-100x100.jpg 100w\" sizes=\"(max-width: 800px) 100vw, 800px\" \/><\/figure>\n<\/div>\n\n\n\n<div class=\"wp-block-column is-layout-flow wp-block-column-is-layout-flow\">\n<figure class=\"wp-block-image size-full\"><img alt=\"\" loading=\"lazy\" decoding=\"async\" width=\"800\" height=\"800\" src=\"https:\/\/www.usborkeychain.com\/wp-content\/uploads\/usb-flash-drive-crystal-factory.jpg\" class=\"wp-image-6355\" srcset=\"https:\/\/www.usborkeychain.com\/wp-content\/uploads\/usb-flash-drive-crystal-factory.jpg 800w, https:\/\/www.usborkeychain.com\/wp-content\/uploads\/usb-flash-drive-crystal-factory-300x300.jpg 300w, https:\/\/www.usborkeychain.com\/wp-content\/uploads\/usb-flash-drive-crystal-factory-150x150.jpg 150w, https:\/\/www.usborkeychain.com\/wp-content\/uploads\/usb-flash-drive-crystal-factory-768x768.jpg 768w, https:\/\/www.usborkeychain.com\/wp-content\/uploads\/usb-flash-drive-crystal-factory-12x12.jpg 12w, https:\/\/www.usborkeychain.com\/wp-content\/uploads\/usb-flash-drive-crystal-factory-600x600.jpg 600w, https:\/\/www.usborkeychain.com\/wp-content\/uploads\/usb-flash-drive-crystal-factory-100x100.jpg 100w\" sizes=\"(max-width: 800px) 100vw, 800px\" \/><\/figure>\n<\/div>\n<\/div>\n\n\n\n<h2 class=\"wp-block-heading\">Tipi di imballaggio disponibili<\/h2>\n\n\n\n<div class=\"wp-block-columns is-layout-flex wp-container-core-columns-is-layout-28f84493 wp-block-columns-is-layout-flex\">\n<div class=\"wp-block-column is-vertically-aligned-center is-layout-flow wp-block-column-is-layout-flow\">\n<figure class=\"wp-block-image size-full\"><img alt=\"\" loading=\"lazy\" decoding=\"async\" width=\"800\" height=\"800\" src=\"https:\/\/www.usborkeychain.com\/wp-content\/uploads\/crystal-usb-flash-drive-1.jpg\" class=\"wp-image-6353\" srcset=\"https:\/\/www.usborkeychain.com\/wp-content\/uploads\/crystal-usb-flash-drive-1.jpg 800w, https:\/\/www.usborkeychain.com\/wp-content\/uploads\/crystal-usb-flash-drive-1-300x300.jpg 300w, https:\/\/www.usborkeychain.com\/wp-content\/uploads\/crystal-usb-flash-drive-1-150x150.jpg 150w, https:\/\/www.usborkeychain.com\/wp-content\/uploads\/crystal-usb-flash-drive-1-768x768.jpg 768w, https:\/\/www.usborkeychain.com\/wp-content\/uploads\/crystal-usb-flash-drive-1-12x12.jpg 12w, https:\/\/www.usborkeychain.com\/wp-content\/uploads\/crystal-usb-flash-drive-1-600x600.jpg 600w, https:\/\/www.usborkeychain.com\/wp-content\/uploads\/crystal-usb-flash-drive-1-100x100.jpg 100w\" sizes=\"(max-width: 800px) 100vw, 800px\" \/><\/figure>\n<\/div>\n\n\n\n<div class=\"wp-block-column is-vertically-aligned-center is-layout-flow wp-block-column-is-layout-flow\">\n<h3 class=\"wp-block-heading\">Imballaggio di base<\/h3>\n\n\n\n<p>Adotta una confezione regalo nera opaca con una fodera interna in spugna ad alta densit\u00e0 per attutire efficacemente gli urti. La superficie della scatola supporta la stampa\/impressione in oro dei nomi dei marchi, essendo semplice ed elegante.<\/p>\n\n\n\n<h3 class=\"wp-block-heading\">Scatola di legno personalizzata<\/h3>\n\n\n\n<p>Scatola regalo opzionale in legno massiccio dello stesso colore (ad esempio, una chiavetta USB in noce abbinata a una scatola in noce). Il corpo della scatola viene sottoposto a levigatura e oliatura, con venature che riprendono quelle della chiavetta USB per una texture uniforme. All'interno del cofanetto sono disponibili loghi serigrafati personalizzati e fodera in flanella, per creare un'esperienza di alto livello \"serie legno completa\".<\/p>\n<\/div>\n<\/div>\n\n\n\n<div class=\"wp-block-columns is-layout-flex wp-container-core-columns-is-layout-28f84493 wp-block-columns-is-layout-flex\">\n<div class=\"wp-block-column is-vertically-aligned-center is-layout-flow wp-block-column-is-layout-flow\">\n<p>Il <strong>Chiavetta USB in cristallo di legno<\/strong>Con il legno massiccio naturale e il cristallo ad alta trasparenza, rompe la freddezza dei dispositivi elettronici. Ha una capacit\u00e0 di 8GB-128GB, con interfacce compatibili con i dispositivi pi\u00f9 diffusi per soddisfare le esigenze di archiviazione quotidiane. Dal logo alla confezione, offre un processo di personalizzazione completo, adatto a diversi scenari come affari, collezioni e regali. Che si tratti di un uso personale o di un regalo aziendale, il dispositivo <strong>Chiavetta USB in cristallo di legno<\/strong> \u00e8 la vostra scelta unica.<\/p>\n<\/div>\n\n\n\n<div class=\"wp-block-column is-vertically-aligned-center is-layout-flow wp-block-column-is-layout-flow\">\n<figure class=\"wp-block-image size-large\"><img alt=\"\" loading=\"lazy\" decoding=\"async\" width=\"800\" height=\"800\" src=\"https:\/\/www.usborkeychain.com\/wp-content\/uploads\/crystal-usb-flash-drives-1-800x800.jpg\" class=\"wp-image-6354\" srcset=\"https:\/\/www.usborkeychain.com\/wp-content\/uploads\/crystal-usb-flash-drives-1-800x800.jpg 800w, https:\/\/www.usborkeychain.com\/wp-content\/uploads\/crystal-usb-flash-drives-1-300x300.jpg 300w, https:\/\/www.usborkeychain.com\/wp-content\/uploads\/crystal-usb-flash-drives-1-150x150.jpg 150w, https:\/\/www.usborkeychain.com\/wp-content\/uploads\/crystal-usb-flash-drives-1-768x768.jpg 768w, https:\/\/www.usborkeychain.com\/wp-content\/uploads\/crystal-usb-flash-drives-1-12x12.jpg 12w, https:\/\/www.usborkeychain.com\/wp-content\/uploads\/crystal-usb-flash-drives-1-600x600.jpg 600w, https:\/\/www.usborkeychain.com\/wp-content\/uploads\/crystal-usb-flash-drives-1-100x100.jpg 100w, https:\/\/www.usborkeychain.com\/wp-content\/uploads\/crystal-usb-flash-drives-1.jpg 1000w\" sizes=\"(max-width: 800px) 100vw, 800px\" \/><\/figure>\n<\/div>\n<\/div>","protected":false},"excerpt":{"rendered":"<ul>\n<li>Legno massiccio naturale<\/li>\n<li>Cristallo ad alta trasparenza<\/li>\n<li>Capacit\u00e0 da 8 GB a 128 GB<\/li>\n<li>Personalizzazione del logo e del packaging<\/li>\n<li>MOQ: 100 pezzi<\/li>\n<\/ul>","protected":false},"featured_media":6349,"comment_status":"open","ping_status":"closed","template":"","meta":{"_seopress_robots_primary_cat":"","_seopress_titles_title":"","_seopress_titles_desc":"","_seopress_robots_index":"","site-sidebar-layout":"default","site-content-layout":"","ast-site-content-layout":"","site-content-style":"default","site-sidebar-style":"default","ast-global-header-display":"","ast-banner-title-visibility":"","ast-main-header-display":"","ast-hfb-above-header-display":"","ast-hfb-below-header-display":"","ast-hfb-mobile-header-display":"","site-post-title":"","ast-breadcrumbs-content":"","ast-featured-img":"","footer-sml-layout":"","theme-transparent-header-meta":"","adv-header-id-meta":"","stick-header-meta":"","header-above-stick-meta":"","header-main-stick-meta":"","header-below-stick-meta":"","astra-migrate-meta-layouts":"default","ast-page-background-enabled":"default","ast-page-background-meta":{"desktop":{"background-color":"var(--ast-global-color-5)","background-image":"","background-repeat":"repeat","background-position":"center center","background-size":"auto","background-attachment":"scroll","background-type":"","background-media":"","overlay-type":"","overlay-color":"","overlay-opacity":"","overlay-gradient":""},"tablet":{"background-color":"","background-image":"","background-repeat":"repeat","background-position":"center center","background-size":"auto","background-attachment":"scroll","background-type":"","background-media":"","overlay-type":"","overlay-color":"","overlay-opacity":"","overlay-gradient":""},"mobile":{"background-color":"","background-image":"","background-repeat":"repeat","background-position":"center center","background-size":"auto","background-attachment":"scroll","background-type":"","background-media":"","overlay-type":"","overlay-color":"","overlay-opacity":"","overlay-gradient":""}},"ast-content-background-meta":{"desktop":{"background-color":"var(--ast-global-color-4)","background-image":"","background-repeat":"repeat","background-position":"center center","background-size":"auto","background-attachment":"scroll","background-type":"","background-media":"","overlay-type":"","overlay-color":"","overlay-opacity":"","overlay-gradient":""},"tablet":{"background-color":"var(--ast-global-color-4)","background-image":"","background-repeat":"repeat","background-position":"center center","background-size":"auto","background-attachment":"scroll","background-type":"","background-media":"","overlay-type":"","overlay-color":"","overlay-opacity":"","overlay-gradient":""},"mobile":{"background-color":"var(--ast-global-color-4)","background-image":"","background-repeat":"repeat","background-position":"center center","background-size":"auto","background-attachment":"scroll","background-type":"","background-media":"","overlay-type":"","overlay-color":"","overlay-opacity":"","overlay-gradient":""}}},"product_brand":[],"product_cat":[174],"product_tag":[392],"class_list":{"0":"post-6342","1":"product","2":"type-product","3":"status-publish","4":"has-post-thumbnail","6":"product_cat-crystal-usb-pendrive","7":"product_tag-wooden-crystal-usb-flash-drive","8":"desktop-align-left","9":"tablet-align-left","10":"mobile-align-left","12":"first","13":"instock","14":"shipping-taxable","15":"product-type-simple"},"_links":{"self":[{"href":"https:\/\/www.usborkeychain.com\/it\/wp-json\/wp\/v2\/product\/6342","targetHints":{"allow":["GET"]}}],"collection":[{"href":"https:\/\/www.usborkeychain.com\/it\/wp-json\/wp\/v2\/product"}],"about":[{"href":"https:\/\/www.usborkeychain.com\/it\/wp-json\/wp\/v2\/types\/product"}],"replies":[{"embeddable":true,"href":"https:\/\/www.usborkeychain.com\/it\/wp-json\/wp\/v2\/comments?post=6342"}],"wp:featuredmedia":[{"embeddable":true,"href":"https:\/\/www.usborkeychain.com\/it\/wp-json\/wp\/v2\/media\/6349"}],"wp:attachment":[{"href":"https:\/\/www.usborkeychain.com\/it\/wp-json\/wp\/v2\/media?parent=6342"}],"wp:term":[{"taxonomy":"product_brand","embeddable":true,"href":"https:\/\/www.usborkeychain.com\/it\/wp-json\/wp\/v2\/product_brand?post=6342"},{"taxonomy":"product_cat","embeddable":true,"href":"https:\/\/www.usborkeychain.com\/it\/wp-json\/wp\/v2\/product_cat?post=6342"},{"taxonomy":"product_tag","embeddable":true,"href":"https:\/\/www.usborkeychain.com\/it\/wp-json\/wp\/v2\/product_tag?post=6342"}],"curies":[{"name":"wp","href":"https:\/\/api.w.org\/{rel}","templated":true}]}}