{"id":6402,"date":"2025-08-10T02:15:16","date_gmt":"2025-08-10T02:15:16","guid":{"rendered":"https:\/\/www.usborkeychain.com\/?post_type=product&#038;p=6402"},"modified":"2025-08-10T02:15:19","modified_gmt":"2025-08-10T02:15:19","slug":"lipstick-crystal-usb-drive","status":"publish","type":"product","link":"https:\/\/www.usborkeychain.com\/it\/prodotto\/lipstick-crystal-usb-drive\/","title":{"rendered":"Unit\u00e0 USB con rossetto di cristallo"},"content":{"rendered":"<div class=\"wp-block-columns is-layout-flex wp-container-core-columns-is-layout-28f84493 wp-block-columns-is-layout-flex\">\n<div class=\"wp-block-column is-vertically-aligned-center is-layout-flow wp-block-column-is-layout-flow\">\n<figure class=\"wp-block-image size-large\"><img alt=\"\" fetchpriority=\"high\" decoding=\"async\" width=\"740\" height=\"800\" src=\"https:\/\/www.usborkeychain.com\/wp-content\/uploads\/colorful-Lipstick-crystal-usb-flash-drives-740x800.jpg\" class=\"wp-image-6394\" srcset=\"https:\/\/www.usborkeychain.com\/wp-content\/uploads\/colorful-Lipstick-crystal-usb-flash-drives-740x800.jpg 740w, https:\/\/www.usborkeychain.com\/wp-content\/uploads\/colorful-Lipstick-crystal-usb-flash-drives-277x300.jpg 277w, https:\/\/www.usborkeychain.com\/wp-content\/uploads\/colorful-Lipstick-crystal-usb-flash-drives-768x830.jpg 768w, https:\/\/www.usborkeychain.com\/wp-content\/uploads\/colorful-Lipstick-crystal-usb-flash-drives-11x12.jpg 11w, https:\/\/www.usborkeychain.com\/wp-content\/uploads\/colorful-Lipstick-crystal-usb-flash-drives-600x649.jpg 600w, https:\/\/www.usborkeychain.com\/wp-content\/uploads\/colorful-Lipstick-crystal-usb-flash-drives.jpg 800w\" sizes=\"(max-width: 740px) 100vw, 740px\" \/><\/figure>\n<\/div>\n\n\n\n<div class=\"wp-block-column is-vertically-aligned-center is-layout-flow wp-block-column-is-layout-flow\">\n<h2 class=\"wp-block-heading\">Caratteristiche del design<\/h2>\n\n\n\n<p>Il<strong> Unit\u00e0 USB con rossetto di cristallo<\/strong> prende come prototipo la classica forma del rossetto, combinando sapientemente l'archiviazione tecnologica con l'estetica della moda, rendendolo un amato \"tesoro portatile\" per le donne:<\/p>\n\n\n\n<h3 class=\"wp-block-heading\">1. Design del rossetto bionico<\/h3>\n\n\n\n<p>Con la sua forma cilindrica, riproduce i contorni delicati di un rossetto. Completata da un anello metallico e da una catenina di 66 cm, pu\u00f2 essere utilizzata come portachiavi per la borsa o come ciondolo per la collana, trasformando la chiavetta USB da \"strumento\" ad accessorio di moda che mette in mostra la propria personalit\u00e0 ovunque si vada.<\/p>\n<\/div>\n<\/div>\n\n\n\n<div class=\"wp-block-columns is-layout-flex wp-container-core-columns-is-layout-28f84493 wp-block-columns-is-layout-flex\">\n<div class=\"wp-block-column is-vertically-aligned-center is-layout-flow wp-block-column-is-layout-flow\">\n<figure class=\"wp-block-image size-full\"><img alt=\"\" decoding=\"async\" width=\"800\" height=\"800\" src=\"https:\/\/www.usborkeychain.com\/wp-content\/uploads\/crystal-usb-flash-drive-bulk-3.jpg\" class=\"wp-image-6395\" srcset=\"https:\/\/www.usborkeychain.com\/wp-content\/uploads\/crystal-usb-flash-drive-bulk-3.jpg 800w, https:\/\/www.usborkeychain.com\/wp-content\/uploads\/crystal-usb-flash-drive-bulk-3-300x300.jpg 300w, https:\/\/www.usborkeychain.com\/wp-content\/uploads\/crystal-usb-flash-drive-bulk-3-150x150.jpg 150w, https:\/\/www.usborkeychain.com\/wp-content\/uploads\/crystal-usb-flash-drive-bulk-3-768x768.jpg 768w, https:\/\/www.usborkeychain.com\/wp-content\/uploads\/crystal-usb-flash-drive-bulk-3-12x12.jpg 12w, https:\/\/www.usborkeychain.com\/wp-content\/uploads\/crystal-usb-flash-drive-bulk-3-600x600.jpg 600w, https:\/\/www.usborkeychain.com\/wp-content\/uploads\/crystal-usb-flash-drive-bulk-3-100x100.jpg 100w\" sizes=\"(max-width: 800px) 100vw, 800px\" \/><\/figure>\n<\/div>\n\n\n\n<div class=\"wp-block-column is-vertically-aligned-center is-layout-flow wp-block-column-is-layout-flow\">\n<h3 class=\"wp-block-heading\">2. Artigianato dell'intarsio del cristallo<\/h3>\n\n\n\n<p>L'involucro esterno \u00e8 ricoperto di cristalli imitativi ad alta densit\u00e0 (strass), fissati saldamente su una base in lega grazie a una precisa tecnologia di intarsio, per garantire che rimangano al loro posto e conservino il loro splendore nel tempo. Disponibile in diversi colori: rosa elegante, blu fresco, argento elegante, oro lussuoso e verde menta, per soddisfare le diverse preferenze di stile.<\/p>\n\n\n\n<h3 class=\"wp-block-heading\">3. Garanzia di materiale di alta qualit\u00e0<\/h3>\n\n\n\n<p>Il guscio in lega metallica \u00e8 resistente alle cadute, all'usura e alla corrosione e resiste ai graffi anche in caso di uso quotidiano e intenso. Le sfaccettature del cristallo sono finemente lucidate e creano un effetto luminoso 3D sotto la rifrazione della luce, con un fascino visivo paragonabile a quello dei gioielli.<\/p>\n<\/div>\n<\/div>\n\n\n\n<h2 class=\"wp-block-heading\">Parametri fondamentali dell'unit\u00e0 USB<\/h2>\n\n\n\n<figure class=\"wp-block-table\"><table class=\"has-fixed-layout\"><thead><tr><th>Categoria di parametri<\/th><th>Dettagli<\/th><\/tr><\/thead><tbody><tr><td>Opzioni di capacit\u00e0<\/td><td>8GB \/ 16GB \/ 32GB \/ 64GB \/ 128GB<\/td><\/tr><tr><td>Dimensioni (compresa la catena)<\/td><td>Corpo principale: 47 mm di lunghezza \u00d7 18 mm di diametro; lunghezza catena: 66 cm<\/td><\/tr><tr><td>Peso<\/td><td>Circa 15 grammi<\/td><\/tr><tr><td>Tipo di interfaccia<\/td><td>USB 2.0 (compatibile con dispositivi USB 3.0)<\/td><\/tr><tr><td>Velocit\u00e0 di lettura\/scrittura<\/td><td>Lettura: \u226415MB\/s, Scrittura: \u22655MB\/s (la velocit\u00e0 effettiva varia a seconda del dispositivo\/sistema)<\/td><\/tr><tr><td>Materiale<\/td><td>Lega metallica + cristalli di imitazione di alta qualit\u00e0<\/td><\/tr><tr><td>Opzioni di colore<\/td><td>Rosa, blu, argento, oro, verde menta<\/td><\/tr><\/tbody><\/table><\/figure>\n\n\n\n<h2 class=\"wp-block-heading\">Punti salienti<\/h2>\n\n\n\n<div class=\"wp-block-columns is-layout-flex wp-container-core-columns-is-layout-28f84493 wp-block-columns-is-layout-flex\">\n<div class=\"wp-block-column is-vertically-aligned-center is-layout-flow wp-block-column-is-layout-flow\">\n<figure class=\"wp-block-image size-full\"><img alt=\"\" decoding=\"async\" width=\"800\" height=\"800\" src=\"https:\/\/www.usborkeychain.com\/wp-content\/uploads\/Lipstick-Crystal-USB-Flash-Drive.jpg\" class=\"wp-image-6400\" srcset=\"https:\/\/www.usborkeychain.com\/wp-content\/uploads\/Lipstick-Crystal-USB-Flash-Drive.jpg 800w, https:\/\/www.usborkeychain.com\/wp-content\/uploads\/Lipstick-Crystal-USB-Flash-Drive-300x300.jpg 300w, https:\/\/www.usborkeychain.com\/wp-content\/uploads\/Lipstick-Crystal-USB-Flash-Drive-150x150.jpg 150w, https:\/\/www.usborkeychain.com\/wp-content\/uploads\/Lipstick-Crystal-USB-Flash-Drive-768x768.jpg 768w, https:\/\/www.usborkeychain.com\/wp-content\/uploads\/Lipstick-Crystal-USB-Flash-Drive-12x12.jpg 12w, https:\/\/www.usborkeychain.com\/wp-content\/uploads\/Lipstick-Crystal-USB-Flash-Drive-600x600.jpg 600w, https:\/\/www.usborkeychain.com\/wp-content\/uploads\/Lipstick-Crystal-USB-Flash-Drive-100x100.jpg 100w\" sizes=\"(max-width: 800px) 100vw, 800px\" \/><\/figure>\n<\/div>\n\n\n\n<div class=\"wp-block-column is-vertically-aligned-center is-layout-flow wp-block-column-is-layout-flow\">\n<h3 class=\"wp-block-heading\">1. Design di spicco<\/h3>\n\n\n\n<p>\u00c8 uno strumento di archiviazione ad alte prestazioni (supporta l'archiviazione multiformato di documenti, foto, video, musica e cos\u00ec via) e un accessorio di moda. Appeso a una borsa come decorazione accattivante o indossato come una collana unica, si scrolla di dosso lo stereotipo \"goffo\" delle unit\u00e0 USB tradizionali.<\/p>\n\n\n\n<h3 class=\"wp-block-heading\">2. Compatibilit\u00e0 con lo scenario completo<\/h3>\n\n\n\n<p>Compatibile con sistemi Windows, macOS e Linux. Grazie a un adattatore OTG, si collega perfettamente a smartphone e tablet, passando senza problemi dal lavoro ai viaggi e all'intrattenimento per soddisfare le esigenze di trasferimento dati su pi\u00f9 dispositivi.<\/p>\n<\/div>\n<\/div>\n\n\n\n<div class=\"wp-block-columns is-layout-flex wp-container-core-columns-is-layout-28f84493 wp-block-columns-is-layout-flex\">\n<div class=\"wp-block-column is-vertically-aligned-center is-layout-flow wp-block-column-is-layout-flow\">\n<figure class=\"wp-block-image size-full\"><img alt=\"\" loading=\"lazy\" decoding=\"async\" width=\"800\" height=\"800\" src=\"https:\/\/www.usborkeychain.com\/wp-content\/uploads\/crystal-usb-flash-drive-factory-2.jpg\" class=\"wp-image-6396\" srcset=\"https:\/\/www.usborkeychain.com\/wp-content\/uploads\/crystal-usb-flash-drive-factory-2.jpg 800w, https:\/\/www.usborkeychain.com\/wp-content\/uploads\/crystal-usb-flash-drive-factory-2-300x300.jpg 300w, https:\/\/www.usborkeychain.com\/wp-content\/uploads\/crystal-usb-flash-drive-factory-2-150x150.jpg 150w, https:\/\/www.usborkeychain.com\/wp-content\/uploads\/crystal-usb-flash-drive-factory-2-768x768.jpg 768w, https:\/\/www.usborkeychain.com\/wp-content\/uploads\/crystal-usb-flash-drive-factory-2-12x12.jpg 12w, https:\/\/www.usborkeychain.com\/wp-content\/uploads\/crystal-usb-flash-drive-factory-2-600x600.jpg 600w, https:\/\/www.usborkeychain.com\/wp-content\/uploads\/crystal-usb-flash-drive-factory-2-100x100.jpg 100w\" sizes=\"(max-width: 800px) 100vw, 800px\" \/><\/figure>\n<\/div>\n\n\n\n<div class=\"wp-block-column is-vertically-aligned-center is-layout-flow wp-block-column-is-layout-flow\">\n<h3 class=\"wp-block-heading\">3. Esperienza esclusiva personalizzata<\/h3>\n\n\n\n<p>Il guscio metallico supporta l'incisione laser (per loghi aziendali, firme personali, auguri di buone feste e cos\u00ec via), facilitando la creazione di IP esclusive. Che si tratti di collaborazioni di marca, regali aziendali o personalizzazioni, aggiunge un significato unico alla chiavetta USB.<\/p>\n\n\n\n<h3 class=\"wp-block-heading\">4. Confezione pronta per il regalo<\/h3>\n\n\n\n<p>Viene fornito di serie in una confezione regalo di qualit\u00e0 superiore, che non richiede ulteriori confezioni per un regalo immediato. Perfetto per compleanni, San Valentino o per l'apprezzamento di un'azienda: un pensiero consegnato in un'elegante confezione.<\/p>\n<\/div>\n<\/div>\n\n\n\n<h2 class=\"wp-block-heading\">Ideale per Quali aziende regalare?<\/h2>\n\n\n\n<div class=\"wp-block-columns is-layout-flex wp-container-core-columns-is-layout-28f84493 wp-block-columns-is-layout-flex\">\n<div class=\"wp-block-column is-vertically-aligned-top is-layout-flow wp-block-column-is-layout-flow\">\n<figure class=\"wp-block-image size-full\"><img alt=\"\" loading=\"lazy\" decoding=\"async\" width=\"800\" height=\"800\" src=\"https:\/\/www.usborkeychain.com\/wp-content\/uploads\/crystal-usb-flash-drive-4.jpg\" class=\"wp-image-6398\" srcset=\"https:\/\/www.usborkeychain.com\/wp-content\/uploads\/crystal-usb-flash-drive-4.jpg 800w, https:\/\/www.usborkeychain.com\/wp-content\/uploads\/crystal-usb-flash-drive-4-300x300.jpg 300w, https:\/\/www.usborkeychain.com\/wp-content\/uploads\/crystal-usb-flash-drive-4-150x150.jpg 150w, https:\/\/www.usborkeychain.com\/wp-content\/uploads\/crystal-usb-flash-drive-4-768x768.jpg 768w, https:\/\/www.usborkeychain.com\/wp-content\/uploads\/crystal-usb-flash-drive-4-12x12.jpg 12w, https:\/\/www.usborkeychain.com\/wp-content\/uploads\/crystal-usb-flash-drive-4-600x600.jpg 600w, https:\/\/www.usborkeychain.com\/wp-content\/uploads\/crystal-usb-flash-drive-4-100x100.jpg 100w\" sizes=\"(max-width: 800px) 100vw, 800px\" \/><\/figure>\n\n\n\n<h3 class=\"wp-block-heading\">Marchi di bellezza\/moda<\/h3>\n\n\n\n<p>Confezionateli con rossetti, profumi, ecc. o utilizzateli come regali per i soci o per la promozione di nuovi prodotti.<\/p>\n\n\n\n<h3 class=\"wp-block-heading\"> Gioielli\/luci di lusso<\/h3>\n\n\n\n<p>Sfruttare lo scintillio dei cristalli per sviluppare linee di \"gioielli tecnologici\", attirando giovani consumatori attenti allo stile e ampliando i confini del prodotto.<\/p>\n<\/div>\n\n\n\n<div class=\"wp-block-column is-vertically-aligned-top is-layout-flow wp-block-column-is-layout-flow\">\n<figure class=\"wp-block-image size-full\"><img alt=\"\" loading=\"lazy\" decoding=\"async\" width=\"800\" height=\"800\" src=\"https:\/\/www.usborkeychain.com\/wp-content\/uploads\/buy-crystal-usb-flash-drive-2.jpg\" class=\"wp-image-6393\" srcset=\"https:\/\/www.usborkeychain.com\/wp-content\/uploads\/buy-crystal-usb-flash-drive-2.jpg 800w, https:\/\/www.usborkeychain.com\/wp-content\/uploads\/buy-crystal-usb-flash-drive-2-300x300.jpg 300w, https:\/\/www.usborkeychain.com\/wp-content\/uploads\/buy-crystal-usb-flash-drive-2-150x150.jpg 150w, https:\/\/www.usborkeychain.com\/wp-content\/uploads\/buy-crystal-usb-flash-drive-2-768x768.jpg 768w, https:\/\/www.usborkeychain.com\/wp-content\/uploads\/buy-crystal-usb-flash-drive-2-12x12.jpg 12w, https:\/\/www.usborkeychain.com\/wp-content\/uploads\/buy-crystal-usb-flash-drive-2-600x600.jpg 600w, https:\/\/www.usborkeychain.com\/wp-content\/uploads\/buy-crystal-usb-flash-drive-2-100x100.jpg 100w\" sizes=\"(max-width: 800px) 100vw, 800px\" \/><\/figure>\n\n\n\n<h3 class=\"wp-block-heading\">Clienti aziendali<\/h3>\n\n\n\n<p>Personalizzate con i loghi aziendali per riunioni di lavoro, benefit per i dipendenti o apprezzamento dei clienti.<\/p>\n\n\n\n<h3 class=\"wp-block-heading\">Regali personali<\/h3>\n\n\n\n<p>Da regalare alle migliori amiche, alle fidanzate o alle mamme. Questo \"rossetto che conserva i dati\" unisce il romanticismo alla praticit\u00e0, soddisfacendo perfettamente i gusti delle donne.<\/p>\n<\/div>\n<\/div>\n\n\n\n<h2 class=\"wp-block-heading\">La durata incontra l'economicit\u00e0<\/h2>\n\n\n\n<div class=\"wp-block-columns is-layout-flex wp-container-core-columns-is-layout-28f84493 wp-block-columns-is-layout-flex\">\n<div class=\"wp-block-column is-vertically-aligned-center is-layout-flow wp-block-column-is-layout-flow\">\n<figure class=\"wp-block-image size-full\"><img alt=\"\" loading=\"lazy\" decoding=\"async\" width=\"800\" height=\"800\" src=\"https:\/\/www.usborkeychain.com\/wp-content\/uploads\/crystal-usb-flash-drives-4.jpg\" class=\"wp-image-6399\" srcset=\"https:\/\/www.usborkeychain.com\/wp-content\/uploads\/crystal-usb-flash-drives-4.jpg 800w, https:\/\/www.usborkeychain.com\/wp-content\/uploads\/crystal-usb-flash-drives-4-300x300.jpg 300w, https:\/\/www.usborkeychain.com\/wp-content\/uploads\/crystal-usb-flash-drives-4-150x150.jpg 150w, https:\/\/www.usborkeychain.com\/wp-content\/uploads\/crystal-usb-flash-drives-4-768x768.jpg 768w, https:\/\/www.usborkeychain.com\/wp-content\/uploads\/crystal-usb-flash-drives-4-12x12.jpg 12w, https:\/\/www.usborkeychain.com\/wp-content\/uploads\/crystal-usb-flash-drives-4-600x600.jpg 600w, https:\/\/www.usborkeychain.com\/wp-content\/uploads\/crystal-usb-flash-drives-4-100x100.jpg 100w\" sizes=\"(max-width: 800px) 100vw, 800px\" \/><\/figure>\n<\/div>\n\n\n\n<div class=\"wp-block-column is-vertically-aligned-center is-layout-flow wp-block-column-is-layout-flow\">\n<ul class=\"wp-block-list\">\n<li><strong>Resistente e durevole<\/strong>: Il guscio in lega resiste alle cadute e agli urti quotidiani; l'inserto in cristallo stabile lo mantiene brillante a lungo termine, evitando la trappola del \"bello ma inutile\".<\/li>\n\n\n\n<li><strong>Altamente efficiente dal punto di vista dei costi<\/strong>: Pi\u00f9 pratico di un semplice gioiello (memorizza i dati) e pi\u00f9 elegante delle normali unit\u00e0 USB (\u00e8 una dichiarazione di moda), offre un doppio valore per il prezzo.<\/li>\n\n\n\n<li><strong>Versatile<\/strong>: Archivia file di lavoro, foto di viaggio e playlist personali, adattandosi perfettamente a feste, viaggi e appuntamenti come strumento e accessorio.<\/li>\n<\/ul>\n<\/div>\n<\/div>\n\n\n\n<div class=\"wp-block-columns is-layout-flex wp-container-core-columns-is-layout-28f84493 wp-block-columns-is-layout-flex\">\n<div class=\"wp-block-column is-vertically-aligned-center is-layout-flow wp-block-column-is-layout-flow\">\n<p>Il <strong>Unit\u00e0 USB con rossetto di cristallo<\/strong> ridefinisce il design tradizionale delle USB con una forma di rossetto 1:1. Il suo guscio di cristallo multicolore (5 tonalit\u00e0 standard + opzioni personalizzate), la catena funzionale di 66 cm e le dimensioni compatte (4,7\u00d71,8 cm) soddisfano esattamente le esigenze delle donne in termini di estetica, portabilit\u00e0 e rituale. <\/p>\n\n\n\n<p>Con uno spazio di archiviazione fino a 128 GB e una personalizzazione di livello enterprise (incisione laser del LOGO e colori esclusivi), \u00e8 un regalo ad alta conversione per i settori beauty, wedding e fashion. <\/p>\n\n\n\n<p>Che si tratti di un accessorio quotidiano o di un ricordo emotivo per i momenti speciali, questo prodotto dimostra che la tecnologia pu\u00f2 essere un'\"opera d'arte nella borsa\".<\/p>\n\n\n\n<p>Per la personalizzazione di grandi quantit\u00e0 o per maggiori dettagli, contattate il servizio clienti per un piano esclusivo!<\/p>\n<\/div>\n\n\n\n<div class=\"wp-block-column is-vertically-aligned-center is-layout-flow wp-block-column-is-layout-flow\">\n<figure class=\"wp-block-image size-full\"><img alt=\"\" loading=\"lazy\" decoding=\"async\" width=\"800\" height=\"800\" src=\"https:\/\/www.usborkeychain.com\/wp-content\/uploads\/crystal-usb-flash-drive-keychain.jpg\" class=\"wp-image-6397\" srcset=\"https:\/\/www.usborkeychain.com\/wp-content\/uploads\/crystal-usb-flash-drive-keychain.jpg 800w, https:\/\/www.usborkeychain.com\/wp-content\/uploads\/crystal-usb-flash-drive-keychain-300x300.jpg 300w, https:\/\/www.usborkeychain.com\/wp-content\/uploads\/crystal-usb-flash-drive-keychain-150x150.jpg 150w, https:\/\/www.usborkeychain.com\/wp-content\/uploads\/crystal-usb-flash-drive-keychain-768x768.jpg 768w, https:\/\/www.usborkeychain.com\/wp-content\/uploads\/crystal-usb-flash-drive-keychain-12x12.jpg 12w, https:\/\/www.usborkeychain.com\/wp-content\/uploads\/crystal-usb-flash-drive-keychain-600x600.jpg 600w, https:\/\/www.usborkeychain.com\/wp-content\/uploads\/crystal-usb-flash-drive-keychain-100x100.jpg 100w\" sizes=\"(max-width: 800px) 100vw, 800px\" \/><\/figure>\n<\/div>\n<\/div>","protected":false},"excerpt":{"rendered":"<ul>\n<li>Tesoro portatile<\/li>\n<li>La forma classica del rossetto<\/li>\n<li>Cristalli di imitazione ad alta densit\u00e0<\/li>\n<li>Guscio in lega metallica<\/li>\n<li>MOQ: 100pcs<\/li>\n<\/ul>","protected":false},"featured_media":6400,"comment_status":"open","ping_status":"closed","template":"","meta":{"_seopress_robots_primary_cat":"","_seopress_titles_title":"","_seopress_titles_desc":"","_seopress_robots_index":"","site-sidebar-layout":"default","site-content-layout":"","ast-site-content-layout":"","site-content-style":"default","site-sidebar-style":"default","ast-global-header-display":"","ast-banner-title-visibility":"","ast-main-header-display":"","ast-hfb-above-header-display":"","ast-hfb-below-header-display":"","ast-hfb-mobile-header-display":"","site-post-title":"","ast-breadcrumbs-content":"","ast-featured-img":"","footer-sml-layout":"","theme-transparent-header-meta":"","adv-header-id-meta":"","stick-header-meta":"","header-above-stick-meta":"","header-main-stick-meta":"","header-below-stick-meta":"","astra-migrate-meta-layouts":"default","ast-page-background-enabled":"default","ast-page-background-meta":{"desktop":{"background-color":"var(--ast-global-color-5)","background-image":"","background-repeat":"repeat","background-position":"center center","background-size":"auto","background-attachment":"scroll","background-type":"","background-media":"","overlay-type":"","overlay-color":"","overlay-opacity":"","overlay-gradient":""},"tablet":{"background-color":"","background-image":"","background-repeat":"repeat","background-position":"center center","background-size":"auto","background-attachment":"scroll","background-type":"","background-media":"","overlay-type":"","overlay-color":"","overlay-opacity":"","overlay-gradient":""},"mobile":{"background-color":"","background-image":"","background-repeat":"repeat","background-position":"center center","background-size":"auto","background-attachment":"scroll","background-type":"","background-media":"","overlay-type":"","overlay-color":"","overlay-opacity":"","overlay-gradient":""}},"ast-content-background-meta":{"desktop":{"background-color":"var(--ast-global-color-4)","background-image":"","background-repeat":"repeat","background-position":"center center","background-size":"auto","background-attachment":"scroll","background-type":"","background-media":"","overlay-type":"","overlay-color":"","overlay-opacity":"","overlay-gradient":""},"tablet":{"background-color":"var(--ast-global-color-4)","background-image":"","background-repeat":"repeat","background-position":"center center","background-size":"auto","background-attachment":"scroll","background-type":"","background-media":"","overlay-type":"","overlay-color":"","overlay-opacity":"","overlay-gradient":""},"mobile":{"background-color":"var(--ast-global-color-4)","background-image":"","background-repeat":"repeat","background-position":"center center","background-size":"auto","background-attachment":"scroll","background-type":"","background-media":"","overlay-type":"","overlay-color":"","overlay-opacity":"","overlay-gradient":""}}},"product_brand":[],"product_cat":[174],"product_tag":[],"class_list":{"0":"post-6402","1":"product","2":"type-product","3":"status-publish","4":"has-post-thumbnail","6":"product_cat-crystal-usb-pendrive","7":"desktop-align-left","8":"tablet-align-left","9":"mobile-align-left","11":"first","12":"instock","13":"shipping-taxable","14":"product-type-simple"},"_links":{"self":[{"href":"https:\/\/www.usborkeychain.com\/it\/wp-json\/wp\/v2\/product\/6402","targetHints":{"allow":["GET"]}}],"collection":[{"href":"https:\/\/www.usborkeychain.com\/it\/wp-json\/wp\/v2\/product"}],"about":[{"href":"https:\/\/www.usborkeychain.com\/it\/wp-json\/wp\/v2\/types\/product"}],"replies":[{"embeddable":true,"href":"https:\/\/www.usborkeychain.com\/it\/wp-json\/wp\/v2\/comments?post=6402"}],"wp:featuredmedia":[{"embeddable":true,"href":"https:\/\/www.usborkeychain.com\/it\/wp-json\/wp\/v2\/media\/6400"}],"wp:attachment":[{"href":"https:\/\/www.usborkeychain.com\/it\/wp-json\/wp\/v2\/media?parent=6402"}],"wp:term":[{"taxonomy":"product_brand","embeddable":true,"href":"https:\/\/www.usborkeychain.com\/it\/wp-json\/wp\/v2\/product_brand?post=6402"},{"taxonomy":"product_cat","embeddable":true,"href":"https:\/\/www.usborkeychain.com\/it\/wp-json\/wp\/v2\/product_cat?post=6402"},{"taxonomy":"product_tag","embeddable":true,"href":"https:\/\/www.usborkeychain.com\/it\/wp-json\/wp\/v2\/product_tag?post=6402"}],"curies":[{"name":"wp","href":"https:\/\/api.w.org\/{rel}","templated":true}]}}