{"id":6405,"date":"2025-08-10T02:34:18","date_gmt":"2025-08-10T02:34:18","guid":{"rendered":"https:\/\/www.usborkeychain.com\/?post_type=product&#038;p=6405"},"modified":"2025-08-10T02:37:14","modified_gmt":"2025-08-10T02:37:14","slug":"cylindrical-crystal-usb-flash-drive","status":"publish","type":"product","link":"https:\/\/www.usborkeychain.com\/it\/prodotto\/cylindrical-crystal-usb-flash-drive\/","title":{"rendered":"Unit\u00e0 flash USB di cristallo cilindrica"},"content":{"rendered":"<p>Il <strong>unit\u00e0 flash USB cilindrica in cristallo<\/strong> \u00e8 caratterizzato da una struttura cilindrica integrata, con tappi terminali in metallo intarsiati a entrambe le estremit\u00e0. La camera centrale trasparente contiene perle di cristallo scintillanti. Quando la luce passa attraverso di essa, i cristalli rifrangono una vibrante lucentezza, rompendo la \"sensazione utilitaristica\" delle unit\u00e0 USB tradizionali. Dotata di un portachiavi in acciaio inossidabile sulla coda, pu\u00f2 essere attaccata direttamente alle chiavi o agli zaini, fungendo sia da strumento di archiviazione che da piccolo ornamento portatile, bilanciando portabilit\u00e0 ed estetica.<\/p>\n\n\n\n<div class=\"wp-block-columns is-layout-flex wp-container-core-columns-is-layout-28f84493 wp-block-columns-is-layout-flex\">\n<div class=\"wp-block-column is-vertically-aligned-center is-layout-flow wp-block-column-is-layout-flow\">\n<h3 class=\"wp-block-heading\">Tappi terminali in metallo<\/h3>\n\n\n\n<p>Realizzati in lega di alluminio per uso aerospaziale, trattati con tecnologia di anodizzazione, sono resistenti all'usura e alla ruggine, con una texture liscia e resistente alle impronte digitali.<\/p>\n\n\n\n<h3 class=\"wp-block-heading\">Camera trasparente<\/h3>\n\n\n\n<p>Realizzato in materiale acrilico ad alta trasparenza, \u00e8 pi\u00f9 resistente ai frantumi rispetto al vetro, mostra chiaramente i cristalli interni e resiste all'ingiallimento con l'uso prolungato.<\/p>\n\n\n\n<h3 class=\"wp-block-heading\">Perline di cristallo<\/h3>\n\n\n\n<p>Utilizzando cristalli altamente simulati (i cristalli veri sono opzionali per i modelli premium), sono squisitamente tagliati con eccellenti effetti di rifrazione.<\/p>\n\n\n\n<h3 class=\"wp-block-heading\">Portachiavi<\/h3>\n\n\n\n<p>La catena in acciaio inox 304 ha una forte capacit\u00e0 di carico e non si rompe facilmente, garantendo un trasporto quotidiano stabile.<\/p>\n<\/div>\n\n\n\n<div class=\"wp-block-column is-vertically-aligned-center is-layout-flow wp-block-column-is-layout-flow\">\n<figure class=\"wp-block-image size-full\"><img alt=\"\" fetchpriority=\"high\" decoding=\"async\" width=\"800\" height=\"800\" src=\"https:\/\/www.usborkeychain.com\/wp-content\/uploads\/crystal-usb-flash-drive-5.jpg\" class=\"wp-image-6408\" srcset=\"https:\/\/www.usborkeychain.com\/wp-content\/uploads\/crystal-usb-flash-drive-5.jpg 800w, https:\/\/www.usborkeychain.com\/wp-content\/uploads\/crystal-usb-flash-drive-5-300x300.jpg 300w, https:\/\/www.usborkeychain.com\/wp-content\/uploads\/crystal-usb-flash-drive-5-150x150.jpg 150w, https:\/\/www.usborkeychain.com\/wp-content\/uploads\/crystal-usb-flash-drive-5-768x768.jpg 768w, https:\/\/www.usborkeychain.com\/wp-content\/uploads\/crystal-usb-flash-drive-5-12x12.jpg 12w, https:\/\/www.usborkeychain.com\/wp-content\/uploads\/crystal-usb-flash-drive-5-600x600.jpg 600w, https:\/\/www.usborkeychain.com\/wp-content\/uploads\/crystal-usb-flash-drive-5-100x100.jpg 100w\" sizes=\"(max-width: 800px) 100vw, 800px\" \/><\/figure>\n<\/div>\n<\/div>\n\n\n\n<h2 class=\"wp-block-heading\">Parametri fondamentali dell'unit\u00e0 USB<\/h2>\n\n\n\n<div class=\"wp-block-columns are-vertically-aligned-top is-layout-flex wp-container-core-columns-is-layout-28f84493 wp-block-columns-is-layout-flex\">\n<div class=\"wp-block-column is-vertically-aligned-top is-layout-flow wp-block-column-is-layout-flow\">\n<figure class=\"wp-block-image size-full\"><img alt=\"\" decoding=\"async\" width=\"800\" height=\"800\" src=\"https:\/\/www.usborkeychain.com\/wp-content\/uploads\/crystal-usb-flash-drives-5.jpg\" class=\"wp-image-6409\" srcset=\"https:\/\/www.usborkeychain.com\/wp-content\/uploads\/crystal-usb-flash-drives-5.jpg 800w, https:\/\/www.usborkeychain.com\/wp-content\/uploads\/crystal-usb-flash-drives-5-300x300.jpg 300w, https:\/\/www.usborkeychain.com\/wp-content\/uploads\/crystal-usb-flash-drives-5-150x150.jpg 150w, https:\/\/www.usborkeychain.com\/wp-content\/uploads\/crystal-usb-flash-drives-5-768x768.jpg 768w, https:\/\/www.usborkeychain.com\/wp-content\/uploads\/crystal-usb-flash-drives-5-12x12.jpg 12w, https:\/\/www.usborkeychain.com\/wp-content\/uploads\/crystal-usb-flash-drives-5-600x600.jpg 600w, https:\/\/www.usborkeychain.com\/wp-content\/uploads\/crystal-usb-flash-drives-5-100x100.jpg 100w\" sizes=\"(max-width: 800px) 100vw, 800px\" \/><\/figure>\n<\/div>\n\n\n\n<div class=\"wp-block-column is-vertically-aligned-top is-layout-flow wp-block-column-is-layout-flow\">\n<ol class=\"wp-block-list\">\n<li><strong>Opzioni di capacit\u00e0 flessibili<\/strong>: Copre l'intera gamma da 8GB a 128GB. 8GB\/16GB soddisfano le esigenze di archiviazione dei documenti, mentre 32GB-128GB sono adatti a grandi volumi di dati come video ad alta definizione e file di progettazione.<\/li>\n\n\n\n<li><strong>Interfaccia e velocit\u00e0<\/strong>: Le opzioni principali sono USB 2.0 (economica, con una velocit\u00e0 di lettura di 15-25 MB\/s e una velocit\u00e0 di scrittura di 5-10 MB\/s) e USB 3.0 (ad alta velocit\u00e0, con una velocit\u00e0 di lettura di 30-60 MB\/s e una velocit\u00e0 di scrittura di 10-30 MB\/s). \u00c8 compatibile con i sistemi Windows, Mac e Linux e supporta il plug-and-play.<\/li>\n\n\n\n<li><strong>Protezione avanzata<\/strong>: Alcuni modelli adottano un design sigillato in metallo, che supporta la resistenza all'acqua e alla polvere, migliorando la sicurezza per l'uso all'aperto.<\/li>\n<\/ol>\n<\/div>\n<\/div>\n\n\n\n<h2 class=\"wp-block-heading\">Chi lo sceglie?<\/h2>\n\n\n\n<div class=\"wp-block-columns is-layout-flex wp-container-core-columns-is-layout-28f84493 wp-block-columns-is-layout-flex\">\n<div class=\"wp-block-column is-vertically-aligned-center is-layout-flow wp-block-column-is-layout-flow\">\n<ul class=\"wp-block-list\">\n<li><strong>Clienti aziendali<\/strong>: Una scelta frequente come regalo d'affari (per riunioni annuali, apprezzamento dei clienti e regali di cooperazione). Inciso al laser con il logo del marchio, trasmette una texture di alto livello e rafforza l'impressione del marchio.<\/li>\n\n\n\n<li><strong>Organizzatori dell'evento<\/strong>: Le chiavette USB personalizzate come souvenir in occasione di mostre, conferenze e altre occasioni, sono pratiche e memorabili e valorizzano lo stile dell'evento.<\/li>\n\n\n\n<li><strong>Utenti individuali<\/strong>: Utilizzato per regali personalizzati (souvenir di coppia, regali di laurea, sorprese di compleanno) con nomi e messaggi di benedizione incisi, rendendo lo strumento di archiviazione portatore di emozioni.<\/li>\n<\/ul>\n\n\n\n<p>Con i tre vantaggi di \"estetica + praticit\u00e0 + personalizzazione\", il modello <strong>unit\u00e0 flash USB cilindrica in cristallo<\/strong> \u00e8 diventato \"l'icona di stile\" tra i dispositivi di archiviazione. Al momento dell'acquisto, \u00e8 possibile scegliere il modello esclusivo in base alle proprie esigenze di capacit\u00e0, velocit\u00e0 dell'interfaccia e personalizzazione!<\/p>\n<\/div>\n\n\n\n<div class=\"wp-block-column is-vertically-aligned-center is-layout-flow wp-block-column-is-layout-flow\">\n<figure class=\"wp-block-image size-full\"><img alt=\"\" decoding=\"async\" width=\"800\" height=\"800\" src=\"https:\/\/www.usborkeychain.com\/wp-content\/uploads\/LY1GSJ22-1.jpg\" class=\"wp-image-6410\" srcset=\"https:\/\/www.usborkeychain.com\/wp-content\/uploads\/LY1GSJ22-1.jpg 800w, https:\/\/www.usborkeychain.com\/wp-content\/uploads\/LY1GSJ22-1-300x300.jpg 300w, https:\/\/www.usborkeychain.com\/wp-content\/uploads\/LY1GSJ22-1-150x150.jpg 150w, https:\/\/www.usborkeychain.com\/wp-content\/uploads\/LY1GSJ22-1-768x768.jpg 768w, https:\/\/www.usborkeychain.com\/wp-content\/uploads\/LY1GSJ22-1-12x12.jpg 12w, https:\/\/www.usborkeychain.com\/wp-content\/uploads\/LY1GSJ22-1-600x600.jpg 600w, https:\/\/www.usborkeychain.com\/wp-content\/uploads\/LY1GSJ22-1-100x100.jpg 100w\" sizes=\"(max-width: 800px) 100vw, 800px\" \/><\/figure>\n<\/div>\n<\/div>","protected":false},"excerpt":{"rendered":"<ul>\n<li>Lega di alluminio per uso aerospaziale<\/li>\n<li>Materiale acrilico<\/li>\n<li>Cristalli simulati<\/li>\n<li>Portachiavi<\/li>\n<li>MOQ: 100pcs<\/li>\n<\/ul>","protected":false},"featured_media":6408,"comment_status":"open","ping_status":"closed","template":"","meta":{"_seopress_robots_primary_cat":"","_seopress_titles_title":"","_seopress_titles_desc":"","_seopress_robots_index":"","site-sidebar-layout":"default","site-content-layout":"","ast-site-content-layout":"","site-content-style":"default","site-sidebar-style":"default","ast-global-header-display":"","ast-banner-title-visibility":"","ast-main-header-display":"","ast-hfb-above-header-display":"","ast-hfb-below-header-display":"","ast-hfb-mobile-header-display":"","site-post-title":"","ast-breadcrumbs-content":"","ast-featured-img":"","footer-sml-layout":"","theme-transparent-header-meta":"","adv-header-id-meta":"","stick-header-meta":"","header-above-stick-meta":"","header-main-stick-meta":"","header-below-stick-meta":"","astra-migrate-meta-layouts":"default","ast-page-background-enabled":"default","ast-page-background-meta":{"desktop":{"background-color":"var(--ast-global-color-5)","background-image":"","background-repeat":"repeat","background-position":"center center","background-size":"auto","background-attachment":"scroll","background-type":"","background-media":"","overlay-type":"","overlay-color":"","overlay-opacity":"","overlay-gradient":""},"tablet":{"background-color":"","background-image":"","background-repeat":"repeat","background-position":"center center","background-size":"auto","background-attachment":"scroll","background-type":"","background-media":"","overlay-type":"","overlay-color":"","overlay-opacity":"","overlay-gradient":""},"mobile":{"background-color":"","background-image":"","background-repeat":"repeat","background-position":"center center","background-size":"auto","background-attachment":"scroll","background-type":"","background-media":"","overlay-type":"","overlay-color":"","overlay-opacity":"","overlay-gradient":""}},"ast-content-background-meta":{"desktop":{"background-color":"var(--ast-global-color-4)","background-image":"","background-repeat":"repeat","background-position":"center center","background-size":"auto","background-attachment":"scroll","background-type":"","background-media":"","overlay-type":"","overlay-color":"","overlay-opacity":"","overlay-gradient":""},"tablet":{"background-color":"var(--ast-global-color-4)","background-image":"","background-repeat":"repeat","background-position":"center center","background-size":"auto","background-attachment":"scroll","background-type":"","background-media":"","overlay-type":"","overlay-color":"","overlay-opacity":"","overlay-gradient":""},"mobile":{"background-color":"var(--ast-global-color-4)","background-image":"","background-repeat":"repeat","background-position":"center center","background-size":"auto","background-attachment":"scroll","background-type":"","background-media":"","overlay-type":"","overlay-color":"","overlay-opacity":"","overlay-gradient":""}}},"product_brand":[],"product_cat":[174],"product_tag":[],"class_list":{"0":"post-6405","1":"product","2":"type-product","3":"status-publish","4":"has-post-thumbnail","6":"product_cat-crystal-usb-pendrive","7":"desktop-align-left","8":"tablet-align-left","9":"mobile-align-left","11":"first","12":"instock","13":"shipping-taxable","14":"product-type-simple"},"_links":{"self":[{"href":"https:\/\/www.usborkeychain.com\/it\/wp-json\/wp\/v2\/product\/6405","targetHints":{"allow":["GET"]}}],"collection":[{"href":"https:\/\/www.usborkeychain.com\/it\/wp-json\/wp\/v2\/product"}],"about":[{"href":"https:\/\/www.usborkeychain.com\/it\/wp-json\/wp\/v2\/types\/product"}],"replies":[{"embeddable":true,"href":"https:\/\/www.usborkeychain.com\/it\/wp-json\/wp\/v2\/comments?post=6405"}],"wp:featuredmedia":[{"embeddable":true,"href":"https:\/\/www.usborkeychain.com\/it\/wp-json\/wp\/v2\/media\/6408"}],"wp:attachment":[{"href":"https:\/\/www.usborkeychain.com\/it\/wp-json\/wp\/v2\/media?parent=6405"}],"wp:term":[{"taxonomy":"product_brand","embeddable":true,"href":"https:\/\/www.usborkeychain.com\/it\/wp-json\/wp\/v2\/product_brand?post=6405"},{"taxonomy":"product_cat","embeddable":true,"href":"https:\/\/www.usborkeychain.com\/it\/wp-json\/wp\/v2\/product_cat?post=6405"},{"taxonomy":"product_tag","embeddable":true,"href":"https:\/\/www.usborkeychain.com\/it\/wp-json\/wp\/v2\/product_tag?post=6405"}],"curies":[{"name":"wp","href":"https:\/\/api.w.org\/{rel}","templated":true}]}}