{"id":6636,"date":"2025-08-12T12:51:36","date_gmt":"2025-08-12T12:51:36","guid":{"rendered":"https:\/\/www.usborkeychain.com\/?post_type=product&#038;p=6636"},"modified":"2025-08-14T12:08:28","modified_gmt":"2025-08-14T12:08:28","slug":"triangle-metal-carabiner-usb-drive","status":"publish","type":"product","link":"https:\/\/www.usborkeychain.com\/it\/prodotto\/triangle-metal-carabiner-usb-drive\/","title":{"rendered":"Unit\u00e0 USB con moschettone in metallo a triangolo"},"content":{"rendered":"<p><\/p>\n\n\n\n<div class=\"wp-block-columns is-layout-flex wp-container-core-columns-is-layout-28f84493 wp-block-columns-is-layout-flex\">\n<div class=\"wp-block-column is-layout-flow wp-block-column-is-layout-flow\">\n<figure class=\"wp-block-image size-full\"><img fetchpriority=\"high\" decoding=\"async\" width=\"800\" height=\"800\" src=\"https:\/\/www.usborkeychain.com\/wp-content\/uploads\/USB-Stick-Carabiner.png\" alt=\"USB-Stick Carabiner\" class=\"wp-image-6643\" srcset=\"https:\/\/www.usborkeychain.com\/wp-content\/uploads\/USB-Stick-Carabiner.png 800w, https:\/\/www.usborkeychain.com\/wp-content\/uploads\/USB-Stick-Carabiner-300x300.png 300w, https:\/\/www.usborkeychain.com\/wp-content\/uploads\/USB-Stick-Carabiner-150x150.png 150w, https:\/\/www.usborkeychain.com\/wp-content\/uploads\/USB-Stick-Carabiner-768x768.png 768w, https:\/\/www.usborkeychain.com\/wp-content\/uploads\/USB-Stick-Carabiner-12x12.png 12w, https:\/\/www.usborkeychain.com\/wp-content\/uploads\/USB-Stick-Carabiner-600x600.png 600w, https:\/\/www.usborkeychain.com\/wp-content\/uploads\/USB-Stick-Carabiner-100x100.png 100w\" sizes=\"(max-width: 800px) 100vw, 800px\" \/><\/figure>\n<\/div>\n\n\n\n<div class=\"wp-block-column is-vertically-aligned-center is-layout-flow wp-block-column-is-layout-flow\">\n<p>L'iconico design a moschettone triangolare dell'unit\u00e0 USB Triangle Metal Carabiner \u00e8 altamente riconoscibile e rompe la forma monotona delle unit\u00e0 USB tradizionali. <\/p>\n\n\n\n<p>Non \u00e8 solo un dispositivo di archiviazione ad alte prestazioni, ma anche un moschettone robusto e durevole, dalla grande praticit\u00e0. Sia che lo si appenda quotidianamente a un portachiavi per facilitarne l'accesso, sia che lo si usi come decorazione personale su una borsa quando si esce, emana un gusto unico.<\/p>\n<\/div>\n<\/div>\n\n\n\n<p>L'unit\u00e0 USB con moschettone in metallo Triangle \u00e8 realizzata con una combinazione di metallo e plastica, caratterizzata dalla consistenza solida del metallo e dalla leggerezza della plastica. Tra queste, la parte in plastica \u00e8 personalizzabile in vari colori. \u00c8 possibile scegliere il rosso brillante, il nero tranquillo, il blu fresco e cos\u00ec via, in base alle proprie esigenze, per soddisfare i requisiti di abbinamento di diversi scenari. Il prodotto adotta un design plug-and-play, facile da usare. La struttura triangolare della fibbia \u00e8 progettata in modo ragionevole, si apre e si chiude senza problemi e pu\u00f2 essere fissata saldamente su vari oggetti, migliorando notevolmente la comodit\u00e0 di trasporto e consentendo di accedere all'unit\u00e0 USB in qualsiasi momento e ovunque.<\/p>\n\n\n\n<div class=\"wp-block-columns is-layout-flex wp-container-core-columns-is-layout-28f84493 wp-block-columns-is-layout-flex\">\n<div class=\"wp-block-column is-layout-flow wp-block-column-is-layout-flow\">\n<figure class=\"wp-block-image size-full\"><img alt=\"\" decoding=\"async\" width=\"800\" height=\"800\" src=\"https:\/\/www.usborkeychain.com\/wp-content\/uploads\/Carabiner-Snap-Hook-Shaped-USB-Drives.png\" class=\"wp-image-6639\" srcset=\"https:\/\/www.usborkeychain.com\/wp-content\/uploads\/Carabiner-Snap-Hook-Shaped-USB-Drives.png 800w, https:\/\/www.usborkeychain.com\/wp-content\/uploads\/Carabiner-Snap-Hook-Shaped-USB-Drives-300x300.png 300w, https:\/\/www.usborkeychain.com\/wp-content\/uploads\/Carabiner-Snap-Hook-Shaped-USB-Drives-150x150.png 150w, https:\/\/www.usborkeychain.com\/wp-content\/uploads\/Carabiner-Snap-Hook-Shaped-USB-Drives-768x768.png 768w, https:\/\/www.usborkeychain.com\/wp-content\/uploads\/Carabiner-Snap-Hook-Shaped-USB-Drives-12x12.png 12w, https:\/\/www.usborkeychain.com\/wp-content\/uploads\/Carabiner-Snap-Hook-Shaped-USB-Drives-600x600.png 600w, https:\/\/www.usborkeychain.com\/wp-content\/uploads\/Carabiner-Snap-Hook-Shaped-USB-Drives-100x100.png 100w\" sizes=\"(max-width: 800px) 100vw, 800px\" \/><\/figure>\n<\/div>\n\n\n\n<div class=\"wp-block-column is-layout-flow wp-block-column-is-layout-flow\">\n<figure class=\"wp-block-image size-full\"><img alt=\"\" decoding=\"async\" width=\"800\" height=\"800\" src=\"https:\/\/www.usborkeychain.com\/wp-content\/uploads\/Custom-Metal-Snap-Hook-Carabiner-Shaped-USB-Flash-Drives.png\" class=\"wp-image-6640\" srcset=\"https:\/\/www.usborkeychain.com\/wp-content\/uploads\/Custom-Metal-Snap-Hook-Carabiner-Shaped-USB-Flash-Drives.png 800w, https:\/\/www.usborkeychain.com\/wp-content\/uploads\/Custom-Metal-Snap-Hook-Carabiner-Shaped-USB-Flash-Drives-300x300.png 300w, https:\/\/www.usborkeychain.com\/wp-content\/uploads\/Custom-Metal-Snap-Hook-Carabiner-Shaped-USB-Flash-Drives-150x150.png 150w, https:\/\/www.usborkeychain.com\/wp-content\/uploads\/Custom-Metal-Snap-Hook-Carabiner-Shaped-USB-Flash-Drives-768x768.png 768w, https:\/\/www.usborkeychain.com\/wp-content\/uploads\/Custom-Metal-Snap-Hook-Carabiner-Shaped-USB-Flash-Drives-12x12.png 12w, https:\/\/www.usborkeychain.com\/wp-content\/uploads\/Custom-Metal-Snap-Hook-Carabiner-Shaped-USB-Flash-Drives-600x600.png 600w, https:\/\/www.usborkeychain.com\/wp-content\/uploads\/Custom-Metal-Snap-Hook-Carabiner-Shaped-USB-Flash-Drives-100x100.png 100w\" sizes=\"(max-width: 800px) 100vw, 800px\" \/><\/figure>\n<\/div>\n<\/div>\n\n\n\n<figure class=\"wp-block-table\"><table class=\"has-fixed-layout\"><thead><tr><th>Nome del parametro<\/th><th>Dettagli<\/th><\/tr><\/thead><tbody><tr><td>Capacit\u00e0 di stoccaggio<\/td><td>8GB, 16GB, 32GB, 64GB, 128GB, 256GB<\/td><\/tr><tr><td>Tipo di interfaccia<\/td><td>USB 2.0, USB 3.0, USB 3.1 (opzionale)<\/td><\/tr><tr><td>Velocit\u00e0 di lettura<\/td><td>USB 2.0: fino a 15-20MB\/s; USB 3.0 e superiori: fino a 80-100MB\/s<\/td><\/tr><tr><td>Velocit\u00e0 di scrittura<\/td><td>USB 2.0: fino a 8-10MB\/s; USB 3.0 e superiori: fino a 30-40MB\/s<\/td><\/tr><tr><td>Temperatura di esercizio<\/td><td>-20\u2103 a 60\u2103<\/td><\/tr><tr><td>Temperatura di stoccaggio<\/td><td>Da -40\u2103 a 85\u2103<\/td><\/tr><tr><td>Materiale metallico<\/td><td>Lega di alluminio<\/td><\/tr><tr><td>Lunghezza del lato del triangolo<\/td><td>2,5 cm<\/td><\/tr><tr><td>Peso<\/td><td>15g<\/td><\/tr><tr><td>Valutazione di impermeabilit\u00e0<\/td><td>IP54<\/td><\/tr><\/tbody><\/table><\/figure>\n\n\n\n<p>Questa unit\u00e0 USB con moschettone in metallo a triangolo \u00e8 molto adatta come regalo per diversi settori:<\/p>\n\n\n\n<p>Per l'industria dei prodotti outdoor, si adatta perfettamente agli scenari delle attivit\u00e0 all'aperto come l'alpinismo e il campeggio. La pratica funzione di stoccaggio e il design che pu\u00f2 essere utilizzato come moschettone possono soddisfare le esigenze degli appassionati di outdoor e, come regalo, possono aumentare il valore aggiunto dei prodotti.<\/p>\n\n\n\n<p>Nel settore dello sport e del fitness, gli appassionati di sport possono aver bisogno di memorizzare dati sportivi, piani di fitness, ecc. prima e dopo l'esercizio. Questa unit\u00e0 USB \u00e8 facile da trasportare e pu\u00f2 essere appesa alla borsa sportiva. Come regalo per i soci, pu\u00f2 migliorare la fidelizzazione degli utenti.<\/p>\n\n\n\n<div class=\"wp-block-columns is-layout-flex wp-container-core-columns-is-layout-28f84493 wp-block-columns-is-layout-flex\">\n<div class=\"wp-block-column is-layout-flow wp-block-column-is-layout-flow\">\n<figure class=\"wp-block-image size-full\"><img alt=\"\" loading=\"lazy\" decoding=\"async\" width=\"800\" height=\"800\" src=\"https:\/\/www.usborkeychain.com\/wp-content\/uploads\/USB-Stick-aus-Metall-mit-praktischer-Doppelfunktion.png\" class=\"wp-image-6642\" srcset=\"https:\/\/www.usborkeychain.com\/wp-content\/uploads\/USB-Stick-aus-Metall-mit-praktischer-Doppelfunktion.png 800w, https:\/\/www.usborkeychain.com\/wp-content\/uploads\/USB-Stick-aus-Metall-mit-praktischer-Doppelfunktion-300x300.png 300w, https:\/\/www.usborkeychain.com\/wp-content\/uploads\/USB-Stick-aus-Metall-mit-praktischer-Doppelfunktion-150x150.png 150w, https:\/\/www.usborkeychain.com\/wp-content\/uploads\/USB-Stick-aus-Metall-mit-praktischer-Doppelfunktion-768x768.png 768w, https:\/\/www.usborkeychain.com\/wp-content\/uploads\/USB-Stick-aus-Metall-mit-praktischer-Doppelfunktion-12x12.png 12w, https:\/\/www.usborkeychain.com\/wp-content\/uploads\/USB-Stick-aus-Metall-mit-praktischer-Doppelfunktion-600x600.png 600w, https:\/\/www.usborkeychain.com\/wp-content\/uploads\/USB-Stick-aus-Metall-mit-praktischer-Doppelfunktion-100x100.png 100w\" sizes=\"(max-width: 800px) 100vw, 800px\" \/><\/figure>\n<\/div>\n\n\n\n<div class=\"wp-block-column is-layout-flow wp-block-column-is-layout-flow\">\n<figure class=\"wp-block-image size-full\"><img alt=\"Metal Carabiner Shape USB Flash Drive\" loading=\"lazy\" decoding=\"async\" width=\"800\" height=\"800\" src=\"https:\/\/www.usborkeychain.com\/wp-content\/uploads\/Metal-Carabiner-Shape-USB-Flash-Drive.png\" class=\"wp-image-6641\" srcset=\"https:\/\/www.usborkeychain.com\/wp-content\/uploads\/Metal-Carabiner-Shape-USB-Flash-Drive.png 800w, https:\/\/www.usborkeychain.com\/wp-content\/uploads\/Metal-Carabiner-Shape-USB-Flash-Drive-300x300.png 300w, https:\/\/www.usborkeychain.com\/wp-content\/uploads\/Metal-Carabiner-Shape-USB-Flash-Drive-150x150.png 150w, https:\/\/www.usborkeychain.com\/wp-content\/uploads\/Metal-Carabiner-Shape-USB-Flash-Drive-768x768.png 768w, https:\/\/www.usborkeychain.com\/wp-content\/uploads\/Metal-Carabiner-Shape-USB-Flash-Drive-12x12.png 12w, https:\/\/www.usborkeychain.com\/wp-content\/uploads\/Metal-Carabiner-Shape-USB-Flash-Drive-600x600.png 600w, https:\/\/www.usborkeychain.com\/wp-content\/uploads\/Metal-Carabiner-Shape-USB-Flash-Drive-100x100.png 100w\" sizes=\"(max-width: 800px) 100vw, 800px\" \/><\/figure>\n<\/div>\n<\/div>\n\n\n\n<p>Anche nelle attivit\u00e0 di team building aziendale \u00e8 una buona scelta. Il design triangolare simboleggia la stabilit\u00e0 e la cooperazione del team. Dopo aver personalizzato il LOGO aziendale, non solo pu\u00f2 servire come souvenir dell'attivit\u00e0, ma pu\u00f2 anche far sentire ai dipendenti la cura dell'azienda nell'uso quotidiano.<\/p>\n\n\n\n<p>Per gli istituti di ricerca giovanile, durante il processo di ricerca \u00e8 necessario conservare materiali didattici, foto, video, ecc. Questa unit\u00e0 USB \u00e8 alla moda e pratica e pu\u00f2 essere amata dagli adolescenti, rendendola adatta come souvenir della ricerca.<\/p>\n\n\n\n<p>Questa unit\u00e0 USB con moschettone in metallo a triangolo integra design creativo, funzioni pratiche e materiali di alta qualit\u00e0. Le varie capacit\u00e0 di memorizzazione e le opzioni di interfaccia possono soddisfare le esigenze di memorizzazione di diversi utenti. La ricchezza degli scenari applicabili la rende estremamente preziosa, sia per uso personale che come regalo, ed \u00e8 un prodotto economicamente vantaggioso.<\/p>","protected":false},"excerpt":{"rendered":"<ul>\n<li>Forma a triangolo<\/li>\n<li>Metallo + plastica<\/li>\n<li>Unit\u00e0 USB con moschettone<\/li>\n<li>MOQ: 100pcs<\/li>\n<li>Molti colori possono essere scelti<\/li>\n<\/ul>","protected":false},"featured_media":6641,"comment_status":"open","ping_status":"closed","template":"","meta":{"_seopress_robots_primary_cat":"","_seopress_titles_title":"","_seopress_titles_desc":"","_seopress_robots_index":"","site-sidebar-layout":"default","site-content-layout":"","ast-site-content-layout":"","site-content-style":"default","site-sidebar-style":"default","ast-global-header-display":"","ast-banner-title-visibility":"","ast-main-header-display":"","ast-hfb-above-header-display":"","ast-hfb-below-header-display":"","ast-hfb-mobile-header-display":"","site-post-title":"","ast-breadcrumbs-content":"","ast-featured-img":"","footer-sml-layout":"","theme-transparent-header-meta":"","adv-header-id-meta":"","stick-header-meta":"","header-above-stick-meta":"","header-main-stick-meta":"","header-below-stick-meta":"","astra-migrate-meta-layouts":"default","ast-page-background-enabled":"default","ast-page-background-meta":{"desktop":{"background-color":"var(--ast-global-color-5)","background-image":"","background-repeat":"repeat","background-position":"center center","background-size":"auto","background-attachment":"scroll","background-type":"","background-media":"","overlay-type":"","overlay-color":"","overlay-opacity":"","overlay-gradient":""},"tablet":{"background-color":"","background-image":"","background-repeat":"repeat","background-position":"center center","background-size":"auto","background-attachment":"scroll","background-type":"","background-media":"","overlay-type":"","overlay-color":"","overlay-opacity":"","overlay-gradient":""},"mobile":{"background-color":"","background-image":"","background-repeat":"repeat","background-position":"center center","background-size":"auto","background-attachment":"scroll","background-type":"","background-media":"","overlay-type":"","overlay-color":"","overlay-opacity":"","overlay-gradient":""}},"ast-content-background-meta":{"desktop":{"background-color":"var(--ast-global-color-4)","background-image":"","background-repeat":"repeat","background-position":"center center","background-size":"auto","background-attachment":"scroll","background-type":"","background-media":"","overlay-type":"","overlay-color":"","overlay-opacity":"","overlay-gradient":""},"tablet":{"background-color":"var(--ast-global-color-4)","background-image":"","background-repeat":"repeat","background-position":"center center","background-size":"auto","background-attachment":"scroll","background-type":"","background-media":"","overlay-type":"","overlay-color":"","overlay-opacity":"","overlay-gradient":""},"mobile":{"background-color":"var(--ast-global-color-4)","background-image":"","background-repeat":"repeat","background-position":"center center","background-size":"auto","background-attachment":"scroll","background-type":"","background-media":"","overlay-type":"","overlay-color":"","overlay-opacity":"","overlay-gradient":""}}},"product_brand":[],"product_cat":[89],"product_tag":[397],"class_list":{"0":"post-6636","1":"product","2":"type-product","3":"status-publish","4":"has-post-thumbnail","6":"product_cat-metal-usb-pendrive","7":"product_tag-zinc-alloy-usb-pen-drive","8":"desktop-align-left","9":"tablet-align-left","10":"mobile-align-left","12":"first","13":"instock","14":"shipping-taxable","15":"product-type-simple"},"_links":{"self":[{"href":"https:\/\/www.usborkeychain.com\/it\/wp-json\/wp\/v2\/product\/6636","targetHints":{"allow":["GET"]}}],"collection":[{"href":"https:\/\/www.usborkeychain.com\/it\/wp-json\/wp\/v2\/product"}],"about":[{"href":"https:\/\/www.usborkeychain.com\/it\/wp-json\/wp\/v2\/types\/product"}],"replies":[{"embeddable":true,"href":"https:\/\/www.usborkeychain.com\/it\/wp-json\/wp\/v2\/comments?post=6636"}],"wp:featuredmedia":[{"embeddable":true,"href":"https:\/\/www.usborkeychain.com\/it\/wp-json\/wp\/v2\/media\/6641"}],"wp:attachment":[{"href":"https:\/\/www.usborkeychain.com\/it\/wp-json\/wp\/v2\/media?parent=6636"}],"wp:term":[{"taxonomy":"product_brand","embeddable":true,"href":"https:\/\/www.usborkeychain.com\/it\/wp-json\/wp\/v2\/product_brand?post=6636"},{"taxonomy":"product_cat","embeddable":true,"href":"https:\/\/www.usborkeychain.com\/it\/wp-json\/wp\/v2\/product_cat?post=6636"},{"taxonomy":"product_tag","embeddable":true,"href":"https:\/\/www.usborkeychain.com\/it\/wp-json\/wp\/v2\/product_tag?post=6636"}],"curies":[{"name":"wp","href":"https:\/\/api.w.org\/{rel}","templated":true}]}}