{"id":6808,"date":"2025-08-14T02:03:54","date_gmt":"2025-08-14T02:03:54","guid":{"rendered":"https:\/\/www.usborkeychain.com\/?post_type=product&#038;p=6808"},"modified":"2025-08-14T02:05:25","modified_gmt":"2025-08-14T02:05:25","slug":"eco-friendly-bar-shaped-usb-drive","status":"publish","type":"product","link":"https:\/\/www.usborkeychain.com\/it\/prodotto\/eco-friendly-bar-shaped-usb-drive\/","title":{"rendered":"Unit\u00e0 USB ecologica a forma di barretta"},"content":{"rendered":"<div class=\"wp-block-columns is-layout-flex wp-container-core-columns-is-layout-28f84493 wp-block-columns-is-layout-flex\">\n<div class=\"wp-block-column is-vertically-aligned-center is-layout-flow wp-block-column-is-layout-flow\">\n<p>Il <strong>Unit\u00e0 USB ecologica a forma di barretta<\/strong> \u00e8 realizzato con materiali biodegradabili a base biologica (tra cui materiali compositi di fibra di bamb\u00f9\/amido di mais), riducendo alla fonte l'uso di plastiche a base di petrolio. Dopo essere stato gettato, il prodotto pu\u00f2 biodegradarsi naturalmente, riducendo al minimo l'inquinamento ambientale a lungo termine, in linea con il concetto verde dell'era \"dual-carbon\".<\/p>\n\n\n\n<p>In termini di aspetto, aderisce al principio \"less is more\", con un profilo sottile a forma di barra di 12,5\u00d738\u00d75,5 mm e uno spessore equivalente a quello di 3 carte di credito. \u00c8 dotato di un coperchio scorrevole nascosto a prova di polvere sul lato, che protegge efficacemente la porta USB combinando estetica e praticit\u00e0.<\/p>\n<\/div>\n\n\n\n<div class=\"wp-block-column is-vertically-aligned-center is-layout-flow wp-block-column-is-layout-flow\">\n<figure class=\"wp-block-image size-full\"><img fetchpriority=\"high\" decoding=\"async\" width=\"800\" height=\"800\" src=\"https:\/\/www.usborkeychain.com\/wp-content\/uploads\/eco-friendly-usb-flash-drives-2.jpg\" alt=\"Eco Friendly USB Drive\" class=\"wp-image-6816\" srcset=\"https:\/\/www.usborkeychain.com\/wp-content\/uploads\/eco-friendly-usb-flash-drives-2.jpg 800w, https:\/\/www.usborkeychain.com\/wp-content\/uploads\/eco-friendly-usb-flash-drives-2-300x300.jpg 300w, https:\/\/www.usborkeychain.com\/wp-content\/uploads\/eco-friendly-usb-flash-drives-2-150x150.jpg 150w, https:\/\/www.usborkeychain.com\/wp-content\/uploads\/eco-friendly-usb-flash-drives-2-768x768.jpg 768w, https:\/\/www.usborkeychain.com\/wp-content\/uploads\/eco-friendly-usb-flash-drives-2-12x12.jpg 12w, https:\/\/www.usborkeychain.com\/wp-content\/uploads\/eco-friendly-usb-flash-drives-2-600x600.jpg 600w, https:\/\/www.usborkeychain.com\/wp-content\/uploads\/eco-friendly-usb-flash-drives-2-100x100.jpg 100w\" sizes=\"(max-width: 800px) 100vw, 800px\" \/><\/figure>\n<\/div>\n<\/div>\n\n\n\n<div class=\"wp-block-columns is-layout-flex wp-container-core-columns-is-layout-28f84493 wp-block-columns-is-layout-flex\">\n<div class=\"wp-block-column is-vertically-aligned-center is-layout-flow wp-block-column-is-layout-flow\">\n<p>\u00c8 disponibile in cinque colori tematici (rosa chiaro, azzurro, giallo caldo, verde menta e bianco nebbia). I toni dei colori sono tenui, con sottili texture di materiali naturali.<\/p>\n\n\n\n<p>Il <strong>LOGO<\/strong> pu\u00f2 essere stampato sia sul fronte che sul retro con la tecnologia della serigrafia. Supporta inchiostri ecologici monocolore (oro\/argento\/nero) senza l'aggiunta di ulteriori rivestimenti inquinanti.<\/p>\n<\/div>\n\n\n\n<div class=\"wp-block-column is-vertically-aligned-center is-layout-flow wp-block-column-is-layout-flow\">\n<figure class=\"wp-block-image size-full\"><img alt=\"\" decoding=\"async\" width=\"800\" height=\"800\" src=\"https:\/\/www.usborkeychain.com\/wp-content\/uploads\/eco-friendly-usb-drives-4.jpg\" class=\"wp-image-6812\" srcset=\"https:\/\/www.usborkeychain.com\/wp-content\/uploads\/eco-friendly-usb-drives-4.jpg 800w, https:\/\/www.usborkeychain.com\/wp-content\/uploads\/eco-friendly-usb-drives-4-300x300.jpg 300w, https:\/\/www.usborkeychain.com\/wp-content\/uploads\/eco-friendly-usb-drives-4-150x150.jpg 150w, https:\/\/www.usborkeychain.com\/wp-content\/uploads\/eco-friendly-usb-drives-4-768x768.jpg 768w, https:\/\/www.usborkeychain.com\/wp-content\/uploads\/eco-friendly-usb-drives-4-12x12.jpg 12w, https:\/\/www.usborkeychain.com\/wp-content\/uploads\/eco-friendly-usb-drives-4-600x600.jpg 600w, https:\/\/www.usborkeychain.com\/wp-content\/uploads\/eco-friendly-usb-drives-4-100x100.jpg 100w\" sizes=\"(max-width: 800px) 100vw, 800px\" \/><\/figure>\n<\/div>\n<\/div>\n\n\n\n<h3 class=\"wp-block-heading\">Parametri fondamentali dell'unit\u00e0 USB a forma di barra<\/h3>\n\n\n\n<figure class=\"wp-block-table\"><table class=\"has-fixed-layout\"><thead><tr><th>Categoria di parametri<\/th><th>Dettagli<\/th><\/tr><\/thead><tbody><tr><td>Capacit\u00e0 di stoccaggio<\/td><td>8GB \/ 16GB \/ 32GB \/ 64GB \/ 128GB<\/td><\/tr><tr><td>Dimensioni fisiche (lunghezza \u00d7 larghezza \u00d7 spessore)<\/td><td>38 mm \u00d7 12,5 mm \u00d7 5,5 mm<\/td><\/tr><tr><td>Peso<\/td><td>Circa 2 g<\/td><\/tr><tr><td>Tipo di interfaccia<\/td><td>USB 2.0, USB 3.0<\/td><\/tr><tr><td>Certificazioni ambientali<\/td><td>Conforme agli standard di biodegradazione RoHS dell'UE e ASTM D6400 degli Stati Uniti.<\/td><\/tr><\/tbody><\/table><\/figure>\n\n\n\n<h3 class=\"wp-block-heading\">Servizi di personalizzazione<\/h3>\n\n\n\n<div class=\"wp-block-columns is-layout-flex wp-container-core-columns-is-layout-28f84493 wp-block-columns-is-layout-flex\">\n<div class=\"wp-block-column is-vertically-aligned-center is-layout-flow wp-block-column-is-layout-flow\">\n<figure class=\"wp-block-image size-full\"><img alt=\"\" decoding=\"async\" width=\"800\" height=\"800\" src=\"https:\/\/www.usborkeychain.com\/wp-content\/uploads\/eco-friendly-usb-5.jpg\" class=\"wp-image-6815\" srcset=\"https:\/\/www.usborkeychain.com\/wp-content\/uploads\/eco-friendly-usb-5.jpg 800w, https:\/\/www.usborkeychain.com\/wp-content\/uploads\/eco-friendly-usb-5-300x300.jpg 300w, https:\/\/www.usborkeychain.com\/wp-content\/uploads\/eco-friendly-usb-5-150x150.jpg 150w, https:\/\/www.usborkeychain.com\/wp-content\/uploads\/eco-friendly-usb-5-768x768.jpg 768w, https:\/\/www.usborkeychain.com\/wp-content\/uploads\/eco-friendly-usb-5-12x12.jpg 12w, https:\/\/www.usborkeychain.com\/wp-content\/uploads\/eco-friendly-usb-5-600x600.jpg 600w, https:\/\/www.usborkeychain.com\/wp-content\/uploads\/eco-friendly-usb-5-100x100.jpg 100w\" sizes=\"(max-width: 800px) 100vw, 800px\" \/><\/figure>\n<\/div>\n\n\n\n<div class=\"wp-block-column is-vertically-aligned-center is-layout-flow wp-block-column-is-layout-flow\">\n<p><strong>Personalizzazione del logo<\/strong>: Supporta la stampa full-area su entrambi i lati (logo del marchio sul fronte + slogan\/modello sul retro), soddisfacendo la duplice esigenza delle imprese di \"esposizione del marchio + espressione creativa\".<\/p>\n\n\n\n<p><strong>Personalizzazione del colore<\/strong>: Oltre ai 5 colori standard del guscio, sono disponibili colori personalizzati per ordini in blocco (quantit\u00e0 minima d'ordine \u2265 100 unit\u00e0).<\/p>\n\n\n\n<p><strong>Tecnologia di stampa<\/strong>: Adotta la tecnologia di stampa serigrafica UV, che garantisce una forte adesione dell'inchiostro e resistenza all'usura. Anche con un uso prolungato, il LOGO rimane chiaro come nuovo, evitando il problema dello sbiadimento della stampa tradizionale.<\/p>\n<\/div>\n<\/div>\n\n\n\n<h3 class=\"wp-block-heading\">Perch\u00e9 scegliere questa unit\u00e0 USB ecologica?<\/h3>\n\n\n\n<div class=\"wp-block-columns is-layout-flex wp-container-core-columns-is-layout-28f84493 wp-block-columns-is-layout-flex\">\n<div class=\"wp-block-column is-vertically-aligned-center is-layout-flow wp-block-column-is-layout-flow\">\n<ul class=\"wp-block-list\">\n<li>Operatori eco-consapevoli: Privilegiare i prodotti biodegradabili per ridurre l'impronta di carbonio;<\/li>\n\n\n\n<li>Acquirenti aziendali: Utilizzatelo come regalo di marca (ad esempio per riunioni annuali, souvenir di mostre) per trasmettere il concetto di \"ufficio verde\";<\/li>\n\n\n\n<li>Appassionati di design: Apprezzano il design minimalista e la texture naturale, che soddisfa un'estetica personalizzata;<\/li>\n\n\n\n<li>Studenti\/professionisti: Il design leggero lo rende facile da trasportare, adatto a scenari di lavoro mobili.<\/li>\n<\/ul>\n<\/div>\n\n\n\n<div class=\"wp-block-column is-vertically-aligned-center is-layout-flow wp-block-column-is-layout-flow\">\n<figure class=\"wp-block-image size-full\"><img alt=\"\" loading=\"lazy\" decoding=\"async\" width=\"800\" height=\"800\" src=\"https:\/\/www.usborkeychain.com\/wp-content\/uploads\/eco-friendly-usb-drive-3.jpg\" class=\"wp-image-6811\" srcset=\"https:\/\/www.usborkeychain.com\/wp-content\/uploads\/eco-friendly-usb-drive-3.jpg 800w, https:\/\/www.usborkeychain.com\/wp-content\/uploads\/eco-friendly-usb-drive-3-300x300.jpg 300w, https:\/\/www.usborkeychain.com\/wp-content\/uploads\/eco-friendly-usb-drive-3-150x150.jpg 150w, https:\/\/www.usborkeychain.com\/wp-content\/uploads\/eco-friendly-usb-drive-3-768x768.jpg 768w, https:\/\/www.usborkeychain.com\/wp-content\/uploads\/eco-friendly-usb-drive-3-12x12.jpg 12w, https:\/\/www.usborkeychain.com\/wp-content\/uploads\/eco-friendly-usb-drive-3-600x600.jpg 600w, https:\/\/www.usborkeychain.com\/wp-content\/uploads\/eco-friendly-usb-drive-3-100x100.jpg 100w\" sizes=\"(max-width: 800px) 100vw, 800px\" \/><\/figure>\n<\/div>\n<\/div>\n\n\n\n<h3 class=\"wp-block-heading\">Quali vantaggi offre rispetto alle unit\u00e0 USB tradizionali?<\/h3>\n\n\n\n<figure class=\"wp-block-table\"><table class=\"has-fixed-layout\"><thead><tr><th>Dimensione<\/th><th>Unit\u00e0 USB ecologica a forma di barretta<\/th><th>Unit\u00e0 USB tradizionale in plastica<\/th><\/tr><\/thead><tbody><tr><td>Prestazioni ambientali<\/td><td>Biodegradabile, riduce l'inquinamento da plastica<\/td><td>Materiali a base di petrolio, non biodegradabili per secoli<\/td><\/tr><tr><td>Esperienza di design<\/td><td>Forma minimalista della barra + consistenza naturale, aspetto migliore<\/td><td>Forma singola, struttura in plastica economica<\/td><\/tr><tr><td>Flessibilit\u00e0 di personalizzazione<\/td><td>Personalizzazione su entrambi i lati e a colori, per un'esposizione pi\u00f9 completa del marchio.<\/td><td>Stampa prevalentemente su un solo lato, poche opzioni di colore<\/td><\/tr><tr><td>Portabilit\u00e0<\/td><td>2 g di peso leggero, quasi una \"sensazione di assenza di peso\".<\/td><td>Peso \u2265 3 g, leggermente ingombrante da trasportare<\/td><\/tr><\/tbody><\/table><\/figure>\n\n\n\n<div class=\"wp-block-columns is-layout-flex wp-container-core-columns-is-layout-28f84493 wp-block-columns-is-layout-flex\">\n<div class=\"wp-block-column is-layout-flow wp-block-column-is-layout-flow\">\n<figure class=\"wp-block-image size-full\"><img alt=\"\" loading=\"lazy\" decoding=\"async\" width=\"800\" height=\"800\" src=\"https:\/\/www.usborkeychain.com\/wp-content\/uploads\/eco-friendly-usb-flash-drive-4.jpg\" class=\"wp-image-6813\" srcset=\"https:\/\/www.usborkeychain.com\/wp-content\/uploads\/eco-friendly-usb-flash-drive-4.jpg 800w, https:\/\/www.usborkeychain.com\/wp-content\/uploads\/eco-friendly-usb-flash-drive-4-300x300.jpg 300w, https:\/\/www.usborkeychain.com\/wp-content\/uploads\/eco-friendly-usb-flash-drive-4-150x150.jpg 150w, https:\/\/www.usborkeychain.com\/wp-content\/uploads\/eco-friendly-usb-flash-drive-4-768x768.jpg 768w, https:\/\/www.usborkeychain.com\/wp-content\/uploads\/eco-friendly-usb-flash-drive-4-12x12.jpg 12w, https:\/\/www.usborkeychain.com\/wp-content\/uploads\/eco-friendly-usb-flash-drive-4-600x600.jpg 600w, https:\/\/www.usborkeychain.com\/wp-content\/uploads\/eco-friendly-usb-flash-drive-4-100x100.jpg 100w\" sizes=\"(max-width: 800px) 100vw, 800px\" \/><\/figure>\n<\/div>\n\n\n\n<div class=\"wp-block-column is-vertically-aligned-center is-layout-flow wp-block-column-is-layout-flow\">\n<p>L'unit\u00e0 USB ecologica a forma di barra rompe il confine tra accessori elettronici e natura grazie alla tecnologia dei materiali rinnovabili. La sua microstruttura di 38\u00d712,5\u00d75,5 mm contiene 32-128 GB di memoria ad alta efficienza e il design ultraleggero di 2 g ridefinisce la portabilit\u00e0. Personalizzato con inchiostri ecologici su entrambi i lati, non \u00e8 solo un simbolo fisico delle strategie aziendali di neutralit\u00e0 di carbonio, ma anche una dichiarazione tecnologica di vita personale a basse emissioni di carbonio. Per i piani di personalizzazione o i dettagli sull'acquisto, non esitate a contattarci e iniziate il vostro viaggio di archiviazione ecologica!<\/p>\n<\/div>\n<\/div>","protected":false},"excerpt":{"rendered":"<ul>\n<li>Materiale del guscio: paglia di grano<\/li>\n<li>Logo e colori personalizzati<\/li>\n<li>Sistema operativo: Windows XP, Windows 7 o superiore, Linux<\/li>\n<li>RoHS<\/li>\n<li>MOQ: 100pcs<\/li>\n<\/ul>","protected":false},"featured_media":6816,"comment_status":"open","ping_status":"closed","template":"","meta":{"_seopress_robots_primary_cat":"","_seopress_titles_title":"","_seopress_titles_desc":"","_seopress_robots_index":"","site-sidebar-layout":"default","site-content-layout":"","ast-site-content-layout":"","site-content-style":"default","site-sidebar-style":"default","ast-global-header-display":"","ast-banner-title-visibility":"","ast-main-header-display":"","ast-hfb-above-header-display":"","ast-hfb-below-header-display":"","ast-hfb-mobile-header-display":"","site-post-title":"","ast-breadcrumbs-content":"","ast-featured-img":"","footer-sml-layout":"","theme-transparent-header-meta":"","adv-header-id-meta":"","stick-header-meta":"","header-above-stick-meta":"","header-main-stick-meta":"","header-below-stick-meta":"","astra-migrate-meta-layouts":"default","ast-page-background-enabled":"default","ast-page-background-meta":{"desktop":{"background-color":"var(--ast-global-color-5)","background-image":"","background-repeat":"repeat","background-position":"center center","background-size":"auto","background-attachment":"scroll","background-type":"","background-media":"","overlay-type":"","overlay-color":"","overlay-opacity":"","overlay-gradient":""},"tablet":{"background-color":"","background-image":"","background-repeat":"repeat","background-position":"center center","background-size":"auto","background-attachment":"scroll","background-type":"","background-media":"","overlay-type":"","overlay-color":"","overlay-opacity":"","overlay-gradient":""},"mobile":{"background-color":"","background-image":"","background-repeat":"repeat","background-position":"center center","background-size":"auto","background-attachment":"scroll","background-type":"","background-media":"","overlay-type":"","overlay-color":"","overlay-opacity":"","overlay-gradient":""}},"ast-content-background-meta":{"desktop":{"background-color":"var(--ast-global-color-4)","background-image":"","background-repeat":"repeat","background-position":"center center","background-size":"auto","background-attachment":"scroll","background-type":"","background-media":"","overlay-type":"","overlay-color":"","overlay-opacity":"","overlay-gradient":""},"tablet":{"background-color":"var(--ast-global-color-4)","background-image":"","background-repeat":"repeat","background-position":"center center","background-size":"auto","background-attachment":"scroll","background-type":"","background-media":"","overlay-type":"","overlay-color":"","overlay-opacity":"","overlay-gradient":""},"mobile":{"background-color":"var(--ast-global-color-4)","background-image":"","background-repeat":"repeat","background-position":"center center","background-size":"auto","background-attachment":"scroll","background-type":"","background-media":"","overlay-type":"","overlay-color":"","overlay-opacity":"","overlay-gradient":""}}},"product_brand":[],"product_cat":[170],"product_tag":[],"class_list":{"0":"post-6808","1":"product","2":"type-product","3":"status-publish","4":"has-post-thumbnail","6":"product_cat-biodegradable-usb-pendrive-2","7":"desktop-align-left","8":"tablet-align-left","9":"mobile-align-left","11":"first","12":"instock","13":"shipping-taxable","14":"product-type-simple"},"_links":{"self":[{"href":"https:\/\/www.usborkeychain.com\/it\/wp-json\/wp\/v2\/product\/6808","targetHints":{"allow":["GET"]}}],"collection":[{"href":"https:\/\/www.usborkeychain.com\/it\/wp-json\/wp\/v2\/product"}],"about":[{"href":"https:\/\/www.usborkeychain.com\/it\/wp-json\/wp\/v2\/types\/product"}],"replies":[{"embeddable":true,"href":"https:\/\/www.usborkeychain.com\/it\/wp-json\/wp\/v2\/comments?post=6808"}],"wp:featuredmedia":[{"embeddable":true,"href":"https:\/\/www.usborkeychain.com\/it\/wp-json\/wp\/v2\/media\/6816"}],"wp:attachment":[{"href":"https:\/\/www.usborkeychain.com\/it\/wp-json\/wp\/v2\/media?parent=6808"}],"wp:term":[{"taxonomy":"product_brand","embeddable":true,"href":"https:\/\/www.usborkeychain.com\/it\/wp-json\/wp\/v2\/product_brand?post=6808"},{"taxonomy":"product_cat","embeddable":true,"href":"https:\/\/www.usborkeychain.com\/it\/wp-json\/wp\/v2\/product_cat?post=6808"},{"taxonomy":"product_tag","embeddable":true,"href":"https:\/\/www.usborkeychain.com\/it\/wp-json\/wp\/v2\/product_tag?post=6808"}],"curies":[{"name":"wp","href":"https:\/\/api.w.org\/{rel}","templated":true}]}}