{"id":6861,"date":"2025-08-14T09:07:39","date_gmt":"2025-08-14T09:07:39","guid":{"rendered":"https:\/\/www.usborkeychain.com\/?post_type=product&#038;p=6861"},"modified":"2025-08-14T12:14:51","modified_gmt":"2025-08-14T12:14:51","slug":"aluminum-alloy-whistle-usb-flash-drive","status":"publish","type":"product","link":"https:\/\/www.usborkeychain.com\/it\/prodotto\/aluminum-alloy-whistle-usb-flash-drive\/","title":{"rendered":"Unit\u00e0 flash USB con fischietto in lega di alluminio"},"content":{"rendered":"<div class=\"wp-block-columns is-layout-flex wp-container-core-columns-is-layout-28f84493 wp-block-columns-is-layout-flex\">\n<div class=\"wp-block-column is-vertically-aligned-center is-layout-flow wp-block-column-is-layout-flow\">\n<p>L'unit\u00e0 USB con fischietto in lega di alluminio \u00e8 forgiata in lega di alluminio di alta qualit\u00e0, caratterizzata da resistenza agli urti e all'usura per sopportare gli urti quotidiani. Ha una forte resistenza all'ossidazione, che garantisce l'assenza di ruggine o deformazioni anche dopo un uso prolungato. Grazie alla bassa densit\u00e0, bilancia robustezza e leggerezza, rendendola facile da trasportare senza alcun peso. La lucentezza del metallo \u00e8 delicata e, dopo il trattamento di anodizzazione, il colore \u00e8 ricco e duraturo.<\/p>\n\n\n\n<p>La struttura \"a fischietto\" a forma di anello sulla coda supporta il collegamento di cordini e portachiavi, risolvendo il problema comune delle unit\u00e0 USB tradizionali che si perdono facilmente e consentendo la \"memorizzazione portatile\".<\/p>\n<\/div>\n\n\n\n<div class=\"wp-block-column is-vertically-aligned-center is-layout-flow wp-block-column-is-layout-flow\">\n<figure class=\"wp-block-image size-full\"><img alt=\"\" fetchpriority=\"high\" decoding=\"async\" width=\"800\" height=\"800\" src=\"https:\/\/www.usborkeychain.com\/wp-content\/uploads\/metal-USB-flash-drive.png\" class=\"wp-image-6867\" srcset=\"https:\/\/www.usborkeychain.com\/wp-content\/uploads\/metal-USB-flash-drive.png 800w, https:\/\/www.usborkeychain.com\/wp-content\/uploads\/metal-USB-flash-drive-300x300.png 300w, https:\/\/www.usborkeychain.com\/wp-content\/uploads\/metal-USB-flash-drive-150x150.png 150w, https:\/\/www.usborkeychain.com\/wp-content\/uploads\/metal-USB-flash-drive-768x768.png 768w, https:\/\/www.usborkeychain.com\/wp-content\/uploads\/metal-USB-flash-drive-12x12.png 12w, https:\/\/www.usborkeychain.com\/wp-content\/uploads\/metal-USB-flash-drive-600x600.png 600w, https:\/\/www.usborkeychain.com\/wp-content\/uploads\/metal-USB-flash-drive-100x100.png 100w\" sizes=\"(max-width: 800px) 100vw, 800px\" \/><\/figure>\n<\/div>\n<\/div>\n\n\n\n<div class=\"wp-block-columns is-layout-flex wp-container-core-columns-is-layout-28f84493 wp-block-columns-is-layout-flex\">\n<div class=\"wp-block-column is-vertically-aligned-center is-layout-flow wp-block-column-is-layout-flow\">\n<figure class=\"wp-block-image size-full\"><img alt=\"\" decoding=\"async\" width=\"800\" height=\"800\" src=\"https:\/\/www.usborkeychain.com\/wp-content\/uploads\/all-metal-usb-flash-drive.png\" class=\"wp-image-6865\" srcset=\"https:\/\/www.usborkeychain.com\/wp-content\/uploads\/all-metal-usb-flash-drive.png 800w, https:\/\/www.usborkeychain.com\/wp-content\/uploads\/all-metal-usb-flash-drive-300x300.png 300w, https:\/\/www.usborkeychain.com\/wp-content\/uploads\/all-metal-usb-flash-drive-150x150.png 150w, https:\/\/www.usborkeychain.com\/wp-content\/uploads\/all-metal-usb-flash-drive-768x768.png 768w, https:\/\/www.usborkeychain.com\/wp-content\/uploads\/all-metal-usb-flash-drive-12x12.png 12w, https:\/\/www.usborkeychain.com\/wp-content\/uploads\/all-metal-usb-flash-drive-600x600.png 600w, https:\/\/www.usborkeychain.com\/wp-content\/uploads\/all-metal-usb-flash-drive-100x100.png 100w\" sizes=\"(max-width: 800px) 100vw, 800px\" \/><\/figure>\n<\/div>\n\n\n\n<div class=\"wp-block-column is-vertically-aligned-center is-layout-flow wp-block-column-is-layout-flow\">\n<p>Adottando la tecnologia di piegatura integrata, presenta linee morbide, rompendo la forma rigida delle unit\u00e0 USB tradizionali e combinando il senso della tecnologia con quello della moda.<\/p>\n\n\n\n<p>Sulla superficie \u00e8 presente un'area riservata alla personalizzazione del LOGO. Grazie ai processi di incisione laser o di anodizzazione, \u00e8 possibile presentare con precisione loghi, slogan o motivi personalizzati, aiutando le aziende a creare un'immagine differenziata (ad esempio negli scenari dei regali aziendali e della promozione di eventi).<\/p>\n<\/div>\n<\/div>\n\n\n\n<h2 class=\"wp-block-heading\">Tabella dei parametri fondamentali dell'unit\u00e0 flash USB<\/h2>\n\n\n\n<figure class=\"wp-block-table\"><table class=\"has-fixed-layout\"><thead><tr><th>Categoria<\/th><th>Dettagli sui parametri<\/th><\/tr><\/thead><tbody><tr><td>Capacit\u00e0<\/td><td>8GB, 16GB, 32GB, 64GB, 128GB<\/td><\/tr><tr><td>Tipo di interfaccia<\/td><td>USB 2.0 \/ USB 3.0<\/td><\/tr><tr><td>Dimensioni dell'unit\u00e0 USB (lunghezza \u00d7 larghezza \u00d7 spessore)<\/td><td>35 mm \u00d7 15 mm \u00d7 8 mm<\/td><\/tr><tr><td>Peso dell'unit\u00e0 USB<\/td><td>Circa 12 g<\/td><\/tr><tr><td>Compatibilit\u00e0 del sistema<\/td><td>Windows, Mac OS, Linux, Android (la funzione OTG richiede il supporto del dispositivo)<\/td><\/tr><\/tbody><\/table><\/figure>\n\n\n\n<div class=\"wp-block-columns is-layout-flex wp-container-core-columns-is-layout-28f84493 wp-block-columns-is-layout-flex\">\n<div class=\"wp-block-column is-layout-flow wp-block-column-is-layout-flow\">\n<figure class=\"wp-block-image size-full\"><img alt=\"\" decoding=\"async\" width=\"800\" height=\"800\" src=\"https:\/\/www.usborkeychain.com\/wp-content\/uploads\/Zinc-alloy-metal-gift-USB-Flash-Drive.jpg\" class=\"wp-image-6871\" srcset=\"https:\/\/www.usborkeychain.com\/wp-content\/uploads\/Zinc-alloy-metal-gift-USB-Flash-Drive.jpg 800w, https:\/\/www.usborkeychain.com\/wp-content\/uploads\/Zinc-alloy-metal-gift-USB-Flash-Drive-300x300.jpg 300w, https:\/\/www.usborkeychain.com\/wp-content\/uploads\/Zinc-alloy-metal-gift-USB-Flash-Drive-150x150.jpg 150w, https:\/\/www.usborkeychain.com\/wp-content\/uploads\/Zinc-alloy-metal-gift-USB-Flash-Drive-768x768.jpg 768w, https:\/\/www.usborkeychain.com\/wp-content\/uploads\/Zinc-alloy-metal-gift-USB-Flash-Drive-12x12.jpg 12w, https:\/\/www.usborkeychain.com\/wp-content\/uploads\/Zinc-alloy-metal-gift-USB-Flash-Drive-600x600.jpg 600w, https:\/\/www.usborkeychain.com\/wp-content\/uploads\/Zinc-alloy-metal-gift-USB-Flash-Drive-100x100.jpg 100w\" sizes=\"(max-width: 800px) 100vw, 800px\" \/><\/figure>\n<\/div>\n\n\n\n<div class=\"wp-block-column is-layout-flow wp-block-column-is-layout-flow\">\n<figure class=\"wp-block-image size-full\"><img alt=\"\" loading=\"lazy\" decoding=\"async\" width=\"800\" height=\"800\" src=\"https:\/\/www.usborkeychain.com\/wp-content\/uploads\/Metal-Whistle-Shape-USB-Flash-Drives.jpg\" class=\"wp-image-6869\" srcset=\"https:\/\/www.usborkeychain.com\/wp-content\/uploads\/Metal-Whistle-Shape-USB-Flash-Drives.jpg 800w, https:\/\/www.usborkeychain.com\/wp-content\/uploads\/Metal-Whistle-Shape-USB-Flash-Drives-300x300.jpg 300w, https:\/\/www.usborkeychain.com\/wp-content\/uploads\/Metal-Whistle-Shape-USB-Flash-Drives-150x150.jpg 150w, https:\/\/www.usborkeychain.com\/wp-content\/uploads\/Metal-Whistle-Shape-USB-Flash-Drives-768x768.jpg 768w, https:\/\/www.usborkeychain.com\/wp-content\/uploads\/Metal-Whistle-Shape-USB-Flash-Drives-12x12.jpg 12w, https:\/\/www.usborkeychain.com\/wp-content\/uploads\/Metal-Whistle-Shape-USB-Flash-Drives-600x600.jpg 600w, https:\/\/www.usborkeychain.com\/wp-content\/uploads\/Metal-Whistle-Shape-USB-Flash-Drives-100x100.jpg 100w\" sizes=\"(max-width: 800px) 100vw, 800px\" \/><\/figure>\n<\/div>\n\n\n\n<div class=\"wp-block-column is-layout-flow wp-block-column-is-layout-flow\">\n<figure class=\"wp-block-image size-full\"><img alt=\"\" loading=\"lazy\" decoding=\"async\" width=\"800\" height=\"800\" src=\"https:\/\/www.usborkeychain.com\/wp-content\/uploads\/Metal-Whistle-Shape-Usb-Flash-Drive.jpg\" class=\"wp-image-6868\" srcset=\"https:\/\/www.usborkeychain.com\/wp-content\/uploads\/Metal-Whistle-Shape-Usb-Flash-Drive.jpg 800w, https:\/\/www.usborkeychain.com\/wp-content\/uploads\/Metal-Whistle-Shape-Usb-Flash-Drive-300x300.jpg 300w, https:\/\/www.usborkeychain.com\/wp-content\/uploads\/Metal-Whistle-Shape-Usb-Flash-Drive-150x150.jpg 150w, https:\/\/www.usborkeychain.com\/wp-content\/uploads\/Metal-Whistle-Shape-Usb-Flash-Drive-768x768.jpg 768w, https:\/\/www.usborkeychain.com\/wp-content\/uploads\/Metal-Whistle-Shape-Usb-Flash-Drive-12x12.jpg 12w, https:\/\/www.usborkeychain.com\/wp-content\/uploads\/Metal-Whistle-Shape-Usb-Flash-Drive-600x600.jpg 600w, https:\/\/www.usborkeychain.com\/wp-content\/uploads\/Metal-Whistle-Shape-Usb-Flash-Drive-100x100.jpg 100w\" sizes=\"(max-width: 800px) 100vw, 800px\" \/><\/figure>\n<\/div>\n<\/div>\n\n\n\n<h2 class=\"wp-block-heading\">Cosa si pu\u00f2 personalizzare?<\/h2>\n\n\n\n<div class=\"wp-block-columns are-vertically-aligned-center is-layout-flex wp-container-core-columns-is-layout-28f84493 wp-block-columns-is-layout-flex\">\n<div class=\"wp-block-column is-vertically-aligned-center is-layout-flow wp-block-column-is-layout-flow\">\n<h3 class=\"wp-block-heading\">Personalizzazione del logo<\/h3>\n\n\n\n<ul class=\"wp-block-list\">\n<li>Incisione laser: Alta precisione e forte consistenza, con bordi nitidi del LOGO, adatti a testi\/modelli semplici.<\/li>\n\n\n\n<li>Anodizzazione + Stampa su seta: Elevata fusione dei colori, adatta per motivi complessi o effetti sfumati (richiede la personalizzazione del colore).<\/li>\n<\/ul>\n\n\n\n<h3 class=\"wp-block-heading\">Personalizzazione del colore<\/h3>\n\n\n\n<p>Grazie alla tecnologia di colorazione dell'anodizzazione, \u00e8 possibile ottenere una personalizzazione multicolore (fare riferimento alle immagini del prodotto; i colori principali sono inclusi):<\/p>\n\n\n\n<ul class=\"wp-block-list\">\n<li>Colori di base: Oro, blu, rosso, verde, grigio;<\/li>\n\n\n\n<li>Colori personalizzati: Ciano, viola (supporta la corrispondenza precisa dei codici colore Pantone per soddisfare il sistema VI del marchio).<\/li>\n<\/ul>\n<\/div>\n\n\n\n<div class=\"wp-block-column is-vertically-aligned-center is-layout-flow wp-block-column-is-layout-flow\">\n<figure class=\"wp-block-image size-full\"><img alt=\"\" loading=\"lazy\" decoding=\"async\" width=\"800\" height=\"800\" src=\"https:\/\/www.usborkeychain.com\/wp-content\/uploads\/best-metal-usb-flash-drive.jpg\" class=\"wp-image-6866\" srcset=\"https:\/\/www.usborkeychain.com\/wp-content\/uploads\/best-metal-usb-flash-drive.jpg 800w, https:\/\/www.usborkeychain.com\/wp-content\/uploads\/best-metal-usb-flash-drive-300x300.jpg 300w, https:\/\/www.usborkeychain.com\/wp-content\/uploads\/best-metal-usb-flash-drive-150x150.jpg 150w, https:\/\/www.usborkeychain.com\/wp-content\/uploads\/best-metal-usb-flash-drive-768x768.jpg 768w, https:\/\/www.usborkeychain.com\/wp-content\/uploads\/best-metal-usb-flash-drive-12x12.jpg 12w, https:\/\/www.usborkeychain.com\/wp-content\/uploads\/best-metal-usb-flash-drive-600x600.jpg 600w, https:\/\/www.usborkeychain.com\/wp-content\/uploads\/best-metal-usb-flash-drive-100x100.jpg 100w\" sizes=\"(max-width: 800px) 100vw, 800px\" \/><\/figure>\n<\/div>\n<\/div>\n\n\n\n<h2 class=\"wp-block-heading\">Scenari adatti<\/h2>\n\n\n\n<div class=\"wp-block-columns is-layout-flex wp-container-core-columns-is-layout-28f84493 wp-block-columns-is-layout-flex\">\n<div class=\"wp-block-column is-vertically-aligned-center is-layout-flow wp-block-column-is-layout-flow\">\n<figure class=\"wp-block-image size-full\"><img alt=\"\" loading=\"lazy\" decoding=\"async\" width=\"800\" height=\"800\" src=\"https:\/\/www.usborkeychain.com\/wp-content\/uploads\/Zinc-alloy-USB-Drive.png\" class=\"wp-image-6873\" srcset=\"https:\/\/www.usborkeychain.com\/wp-content\/uploads\/Zinc-alloy-USB-Drive.png 800w, https:\/\/www.usborkeychain.com\/wp-content\/uploads\/Zinc-alloy-USB-Drive-300x300.png 300w, https:\/\/www.usborkeychain.com\/wp-content\/uploads\/Zinc-alloy-USB-Drive-150x150.png 150w, https:\/\/www.usborkeychain.com\/wp-content\/uploads\/Zinc-alloy-USB-Drive-768x768.png 768w, https:\/\/www.usborkeychain.com\/wp-content\/uploads\/Zinc-alloy-USB-Drive-12x12.png 12w, https:\/\/www.usborkeychain.com\/wp-content\/uploads\/Zinc-alloy-USB-Drive-600x600.png 600w, https:\/\/www.usborkeychain.com\/wp-content\/uploads\/Zinc-alloy-USB-Drive-100x100.png 100w\" sizes=\"(max-width: 800px) 100vw, 800px\" \/><\/figure>\n<\/div>\n\n\n\n<div class=\"wp-block-column is-vertically-aligned-center is-layout-flow wp-block-column-is-layout-flow\">\n<ul class=\"wp-block-list\">\n<li>Regali aziendali: Come regali per i clienti o benefit per i dipendenti.<\/li>\n\n\n\n<li>Marketing per eventi: Distribuzione in occasione di mostre e seminari.<\/li>\n\n\n\n<li>Ufficio personale: Da appendere ai portachiavi per conservare i file in qualsiasi momento.<\/li>\n\n\n\n<li>Regali creativi: Come regalo di compleanno o di festa.<\/li>\n\n\n\n<li>Istruzione\/formazione: Unit\u00e0 USB personalizzate con materiale didattico per gli studenti.<\/li>\n\n\n\n<li>Fotografia\/design: Archiviazione dei piani di lavoro.<\/li>\n<\/ul>\n<\/div>\n<\/div>\n\n\n\n<h2 class=\"wp-block-heading\">Scatole di imballaggio disponibili<\/h2>\n\n\n\n<figure class=\"wp-block-table\"><table class=\"has-fixed-layout\"><thead><tr><th>Materiale<\/th><th>Caratteristiche<\/th><th>Scenari adatti<\/th><\/tr><\/thead><tbody><tr><td>Scatola di carta<\/td><td>Economici e leggeri, disponibili in carta kraft (vintage) o in cartone bianco (semplice)<\/td><td>Acquisto in blocco, regali aziendali regolari<\/td><\/tr><tr><td>Scatola di ferro<\/td><td>Struttura metallica con finestra trasparente (come mostrato nella terza immagine), forte protezione<\/td><td>Personalizzazione di alto livello, confezione regalo<\/td><\/tr><\/tbody><\/table><\/figure>\n\n\n\n<div class=\"wp-block-columns is-layout-flex wp-container-core-columns-is-layout-28f84493 wp-block-columns-is-layout-flex\">\n<div class=\"wp-block-column is-vertically-aligned-center is-layout-flow wp-block-column-is-layout-flow\">\n<h3 class=\"wp-block-heading\">2. Servizi di personalizzazione dell'imballaggio<\/h3>\n\n\n\n<ul class=\"wp-block-list\">\n<li>Tecniche di stampa: Stampa in oro, stampa UV, stampa a colori, che consentono la presentazione ad alta definizione di LOGO, slogan e motivi.<\/li>\n\n\n\n<li>Design della fodera: Fodera in spugna o floccata per una protezione ammortizzante e per migliorare la cerimonia di unboxing.<\/li>\n<\/ul>\n\n\n\n<p><strong>Youshan<\/strong> L'azienda \u00e8 un produttore professionale di drive USB con oltre dieci anni di esperienza. Offre una personalizzazione all'ingrosso con prezzi competitivi.<\/p>\n<\/div>\n\n\n\n<div class=\"wp-block-column is-vertically-aligned-center is-layout-flow wp-block-column-is-layout-flow\">\n<figure class=\"wp-block-image size-full\"><img alt=\"\" loading=\"lazy\" decoding=\"async\" width=\"800\" height=\"800\" src=\"https:\/\/www.usborkeychain.com\/wp-content\/uploads\/small-metal-usb-flash-drive.png\" class=\"wp-image-6870\" srcset=\"https:\/\/www.usborkeychain.com\/wp-content\/uploads\/small-metal-usb-flash-drive.png 800w, https:\/\/www.usborkeychain.com\/wp-content\/uploads\/small-metal-usb-flash-drive-300x300.png 300w, https:\/\/www.usborkeychain.com\/wp-content\/uploads\/small-metal-usb-flash-drive-150x150.png 150w, https:\/\/www.usborkeychain.com\/wp-content\/uploads\/small-metal-usb-flash-drive-768x768.png 768w, https:\/\/www.usborkeychain.com\/wp-content\/uploads\/small-metal-usb-flash-drive-12x12.png 12w, https:\/\/www.usborkeychain.com\/wp-content\/uploads\/small-metal-usb-flash-drive-600x600.png 600w, https:\/\/www.usborkeychain.com\/wp-content\/uploads\/small-metal-usb-flash-drive-100x100.png 100w\" sizes=\"(max-width: 800px) 100vw, 800px\" \/><\/figure>\n<\/div>\n<\/div>","protected":false},"excerpt":{"rendered":"<ul>\n<li>Materiale della scocca: lega di alluminio<\/li>\n<li>Colore: bianco, rosso, blu, verde, giallo<\/li>\n<li>Logo: Logo personalizzato<\/li>\n<li>Sistema operativo: Windows XP, Windows 7 o superiore, Linux<\/li>\n<li>MOQ: 100pcs<\/li>\n<\/ul>","protected":false},"featured_media":6874,"comment_status":"open","ping_status":"closed","template":"","meta":{"_seopress_robots_primary_cat":"","_seopress_titles_title":"","_seopress_titles_desc":"","_seopress_robots_index":"","site-sidebar-layout":"default","site-content-layout":"","ast-site-content-layout":"","site-content-style":"default","site-sidebar-style":"default","ast-global-header-display":"","ast-banner-title-visibility":"","ast-main-header-display":"","ast-hfb-above-header-display":"","ast-hfb-below-header-display":"","ast-hfb-mobile-header-display":"","site-post-title":"","ast-breadcrumbs-content":"","ast-featured-img":"","footer-sml-layout":"","theme-transparent-header-meta":"","adv-header-id-meta":"","stick-header-meta":"","header-above-stick-meta":"","header-main-stick-meta":"","header-below-stick-meta":"","astra-migrate-meta-layouts":"default","ast-page-background-enabled":"default","ast-page-background-meta":{"desktop":{"background-color":"var(--ast-global-color-5)","background-image":"","background-repeat":"repeat","background-position":"center center","background-size":"auto","background-attachment":"scroll","background-type":"","background-media":"","overlay-type":"","overlay-color":"","overlay-opacity":"","overlay-gradient":""},"tablet":{"background-color":"","background-image":"","background-repeat":"repeat","background-position":"center center","background-size":"auto","background-attachment":"scroll","background-type":"","background-media":"","overlay-type":"","overlay-color":"","overlay-opacity":"","overlay-gradient":""},"mobile":{"background-color":"","background-image":"","background-repeat":"repeat","background-position":"center center","background-size":"auto","background-attachment":"scroll","background-type":"","background-media":"","overlay-type":"","overlay-color":"","overlay-opacity":"","overlay-gradient":""}},"ast-content-background-meta":{"desktop":{"background-color":"var(--ast-global-color-4)","background-image":"","background-repeat":"repeat","background-position":"center center","background-size":"auto","background-attachment":"scroll","background-type":"","background-media":"","overlay-type":"","overlay-color":"","overlay-opacity":"","overlay-gradient":""},"tablet":{"background-color":"var(--ast-global-color-4)","background-image":"","background-repeat":"repeat","background-position":"center center","background-size":"auto","background-attachment":"scroll","background-type":"","background-media":"","overlay-type":"","overlay-color":"","overlay-opacity":"","overlay-gradient":""},"mobile":{"background-color":"var(--ast-global-color-4)","background-image":"","background-repeat":"repeat","background-position":"center center","background-size":"auto","background-attachment":"scroll","background-type":"","background-media":"","overlay-type":"","overlay-color":"","overlay-opacity":"","overlay-gradient":""}}},"product_brand":[],"product_cat":[89],"product_tag":[398],"class_list":{"0":"post-6861","1":"product","2":"type-product","3":"status-publish","4":"has-post-thumbnail","6":"product_cat-metal-usb-pendrive","7":"product_tag-aluminum-usb-drive","8":"desktop-align-left","9":"tablet-align-left","10":"mobile-align-left","12":"first","13":"instock","14":"shipping-taxable","15":"product-type-simple"},"_links":{"self":[{"href":"https:\/\/www.usborkeychain.com\/it\/wp-json\/wp\/v2\/product\/6861","targetHints":{"allow":["GET"]}}],"collection":[{"href":"https:\/\/www.usborkeychain.com\/it\/wp-json\/wp\/v2\/product"}],"about":[{"href":"https:\/\/www.usborkeychain.com\/it\/wp-json\/wp\/v2\/types\/product"}],"replies":[{"embeddable":true,"href":"https:\/\/www.usborkeychain.com\/it\/wp-json\/wp\/v2\/comments?post=6861"}],"wp:featuredmedia":[{"embeddable":true,"href":"https:\/\/www.usborkeychain.com\/it\/wp-json\/wp\/v2\/media\/6874"}],"wp:attachment":[{"href":"https:\/\/www.usborkeychain.com\/it\/wp-json\/wp\/v2\/media?parent=6861"}],"wp:term":[{"taxonomy":"product_brand","embeddable":true,"href":"https:\/\/www.usborkeychain.com\/it\/wp-json\/wp\/v2\/product_brand?post=6861"},{"taxonomy":"product_cat","embeddable":true,"href":"https:\/\/www.usborkeychain.com\/it\/wp-json\/wp\/v2\/product_cat?post=6861"},{"taxonomy":"product_tag","embeddable":true,"href":"https:\/\/www.usborkeychain.com\/it\/wp-json\/wp\/v2\/product_tag?post=6861"}],"curies":[{"name":"wp","href":"https:\/\/api.w.org\/{rel}","templated":true}]}}