{"id":6903,"date":"2025-08-14T12:04:34","date_gmt":"2025-08-14T12:04:34","guid":{"rendered":"https:\/\/www.usborkeychain.com\/?post_type=product&#038;p=6903"},"modified":"2025-08-16T03:05:38","modified_gmt":"2025-08-16T03:05:38","slug":"clip-usb-flash-drive","status":"publish","type":"product","link":"https:\/\/www.usborkeychain.com\/it\/prodotto\/clip-usb-flash-drive\/","title":{"rendered":"Unit\u00e0 flash USB a clip"},"content":{"rendered":"<div class=\"wp-block-columns is-layout-flex wp-container-core-columns-is-layout-28f84493 wp-block-columns-is-layout-flex\">\n<div class=\"wp-block-column is-vertically-aligned-center is-layout-flow wp-block-column-is-layout-flow\">\n<p>L'unit\u00e0 flash USB Clip \u00e8 dotata di un involucro realizzato in lega di alluminio o in lega di acciaio inossidabile, che unisce leggerezza e robustezza. Il suo design a clip permette di agganciarla facilmente a cartelle, bordi di notebook, badge identificativi o persino tasche, rendendola facilmente accessibile ogni volta che serve e risolvendo completamente il problema comune delle unit\u00e0 USB tradizionali che tendono a perdersi.<\/p>\n\n\n\n<p>Quando la clip \u00e8 chiusa, la porta USB \u00e8 completamente chiusa, evitando danni da polvere e graffi e prolungando la durata dell'unit\u00e0.<\/p>\n\n\n\n<p>Con le sue linee eleganti in metallo e le sue finiture opache o lucide (come l'argento opaco, il rosso lucido e la colorazione elettroforetica blu), \u00e8 adatto a diversi scenari, tra cui l'uso aziendale, l'ufficio e i regali.<\/p>\n\n\n\n<p>Le superfici piane sul fronte e sui lati della clip supportano la stampa personalizzata di loghi, slogan e motivi.<\/p>\n<\/div>\n\n\n\n<div class=\"wp-block-column is-vertically-aligned-center is-layout-flow wp-block-column-is-layout-flow\">\n<figure class=\"wp-block-image size-full\"><img alt=\"\" fetchpriority=\"high\" decoding=\"async\" width=\"800\" height=\"800\" src=\"https:\/\/www.usborkeychain.com\/wp-content\/uploads\/Clip-USB-Flash-Drive-Book-Clip-U-Disk.png\" class=\"wp-image-6907\" srcset=\"https:\/\/www.usborkeychain.com\/wp-content\/uploads\/Clip-USB-Flash-Drive-Book-Clip-U-Disk.png 800w, https:\/\/www.usborkeychain.com\/wp-content\/uploads\/Clip-USB-Flash-Drive-Book-Clip-U-Disk-300x300.png 300w, https:\/\/www.usborkeychain.com\/wp-content\/uploads\/Clip-USB-Flash-Drive-Book-Clip-U-Disk-150x150.png 150w, https:\/\/www.usborkeychain.com\/wp-content\/uploads\/Clip-USB-Flash-Drive-Book-Clip-U-Disk-768x768.png 768w, https:\/\/www.usborkeychain.com\/wp-content\/uploads\/Clip-USB-Flash-Drive-Book-Clip-U-Disk-12x12.png 12w, https:\/\/www.usborkeychain.com\/wp-content\/uploads\/Clip-USB-Flash-Drive-Book-Clip-U-Disk-600x600.png 600w, https:\/\/www.usborkeychain.com\/wp-content\/uploads\/Clip-USB-Flash-Drive-Book-Clip-U-Disk-100x100.png 100w\" sizes=\"(max-width: 800px) 100vw, 800px\" \/><\/figure>\n<\/div>\n<\/div>\n\n\n\n<h2 class=\"wp-block-heading\">Parametri fondamentali dell'unit\u00e0 USB<\/h2>\n\n\n\n<figure class=\"wp-block-table\"><table class=\"has-fixed-layout\"><thead><tr><th>Parametro Voce<\/th><th>Specifiche dettagliate<\/th><\/tr><\/thead><tbody><tr><td>Opzioni di capacit\u00e0<\/td><td>8GB, 16GB, 32GB, 64GB, 128GB<\/td><\/tr><tr><td>Dimensioni fisiche<\/td><td>45 mm (lunghezza) \u00d7 12 mm (larghezza) \u00d7 4 mm (spessore)<\/td><\/tr><tr><td>Peso<\/td><td>Circa 8 g<\/td><\/tr><tr><td>Tipo di interfaccia<\/td><td>USB 2.0 \/ USB 3.0<\/td><\/tr><tr><td>Valutazione di impermeabilit\u00e0<\/td><td>IPX4 (resistente agli spruzzi, non immergibile)<\/td><\/tr><tr><td>Compatibilit\u00e0 del sistema<\/td><td>Windows, Mac OS, Linux, Android (richiede la funzione OTG)<\/td><\/tr><\/tbody><\/table><\/figure>\n\n\n\n<h2 class=\"wp-block-heading\">Processi di personalizzazione del LOGO<\/h2>\n\n\n\n<div class=\"wp-block-columns is-layout-flex wp-container-core-columns-is-layout-28f84493 wp-block-columns-is-layout-flex\">\n<div class=\"wp-block-column is-layout-flow wp-block-column-is-layout-flow\">\n<figure class=\"wp-block-image size-full\"><img alt=\"\" decoding=\"async\" width=\"800\" height=\"800\" src=\"https:\/\/www.usborkeychain.com\/wp-content\/uploads\/metal-clip-usb-flash-drive.jpg\" class=\"wp-image-6909\" srcset=\"https:\/\/www.usborkeychain.com\/wp-content\/uploads\/metal-clip-usb-flash-drive.jpg 800w, https:\/\/www.usborkeychain.com\/wp-content\/uploads\/metal-clip-usb-flash-drive-300x300.jpg 300w, https:\/\/www.usborkeychain.com\/wp-content\/uploads\/metal-clip-usb-flash-drive-150x150.jpg 150w, https:\/\/www.usborkeychain.com\/wp-content\/uploads\/metal-clip-usb-flash-drive-768x768.jpg 768w, https:\/\/www.usborkeychain.com\/wp-content\/uploads\/metal-clip-usb-flash-drive-12x12.jpg 12w, https:\/\/www.usborkeychain.com\/wp-content\/uploads\/metal-clip-usb-flash-drive-600x600.jpg 600w, https:\/\/www.usborkeychain.com\/wp-content\/uploads\/metal-clip-usb-flash-drive-100x100.jpg 100w\" sizes=\"(max-width: 800px) 100vw, 800px\" \/><\/figure>\n\n\n\n<h4 class=\"wp-block-heading\">Incisione laser<\/h4>\n\n\n\n<ul class=\"wp-block-list\">\n<li>Utilizza un laser ad alta energia per incidere la superficie metallica, creando un segno permanente.<\/li>\n\n\n\n<li>Estremamente resistente all'usura, ideale per semplici loghi o testi, evidenzia una texture di alto livello.<\/li>\n\n\n\n<li>Limitazione: Supporta solo disegni monocolore (colore originale metallico o effetto incisione scuro).<\/li>\n<\/ul>\n<\/div>\n\n\n\n<div class=\"wp-block-column is-layout-flow wp-block-column-is-layout-flow\">\n<figure class=\"wp-block-image size-full\"><img alt=\"\" decoding=\"async\" width=\"800\" height=\"800\" src=\"https:\/\/www.usborkeychain.com\/wp-content\/uploads\/metal-usb-drives.jpg\" class=\"wp-image-6910\" srcset=\"https:\/\/www.usborkeychain.com\/wp-content\/uploads\/metal-usb-drives.jpg 800w, https:\/\/www.usborkeychain.com\/wp-content\/uploads\/metal-usb-drives-300x300.jpg 300w, https:\/\/www.usborkeychain.com\/wp-content\/uploads\/metal-usb-drives-150x150.jpg 150w, https:\/\/www.usborkeychain.com\/wp-content\/uploads\/metal-usb-drives-768x768.jpg 768w, https:\/\/www.usborkeychain.com\/wp-content\/uploads\/metal-usb-drives-12x12.jpg 12w, https:\/\/www.usborkeychain.com\/wp-content\/uploads\/metal-usb-drives-600x600.jpg 600w, https:\/\/www.usborkeychain.com\/wp-content\/uploads\/metal-usb-drives-100x100.jpg 100w\" sizes=\"(max-width: 800px) 100vw, 800px\" \/><\/figure>\n\n\n\n<h4 class=\"wp-block-heading\">Stampa serigrafica<\/h4>\n\n\n\n<ul class=\"wp-block-list\">\n<li>Trasferisce l'inchiostro sulla superficie metallica attraverso un retino e lo indurisce in forma.<\/li>\n\n\n\n<li>Supporta disegni colorati (fino a gradienti di 4 colori) con bassi costi di produzione in serie, adatti a modelli complessi o a vivaci loghi di marca.<\/li>\n\n\n\n<li>Leggermente meno precisa dell'incisione laser; l'inchiostro pu\u00f2 consumarsi con un attrito prolungato.<\/li>\n<\/ul>\n<\/div>\n\n\n\n<div class=\"wp-block-column is-layout-flow wp-block-column-is-layout-flow\">\n<figure class=\"wp-block-image size-full\"><img alt=\"\" loading=\"lazy\" decoding=\"async\" width=\"800\" height=\"800\" src=\"https:\/\/www.usborkeychain.com\/wp-content\/uploads\/metal-usb-flash-drive-1.jpg\" class=\"wp-image-6911\" srcset=\"https:\/\/www.usborkeychain.com\/wp-content\/uploads\/metal-usb-flash-drive-1.jpg 800w, https:\/\/www.usborkeychain.com\/wp-content\/uploads\/metal-usb-flash-drive-1-300x300.jpg 300w, https:\/\/www.usborkeychain.com\/wp-content\/uploads\/metal-usb-flash-drive-1-150x150.jpg 150w, https:\/\/www.usborkeychain.com\/wp-content\/uploads\/metal-usb-flash-drive-1-768x768.jpg 768w, https:\/\/www.usborkeychain.com\/wp-content\/uploads\/metal-usb-flash-drive-1-12x12.jpg 12w, https:\/\/www.usborkeychain.com\/wp-content\/uploads\/metal-usb-flash-drive-1-600x600.jpg 600w, https:\/\/www.usborkeychain.com\/wp-content\/uploads\/metal-usb-flash-drive-1-100x100.jpg 100w\" sizes=\"(max-width: 800px) 100vw, 800px\" \/><\/figure>\n\n\n\n<h4 class=\"wp-block-heading\">Stampa UV<\/h4>\n\n\n\n<ul class=\"wp-block-list\">\n<li>Spruzza direttamente l'inchiostro UV e lo polimerizza con la luce ultravioletta, ottenendo disegni a colori ad alta definizione.<\/li>\n\n\n\n<li>Supporta dettagli a livello fotografico e colori sfumati, perfetti per i disegni artistici.<\/li>\n\n\n\n<li>Resistenza all'usura inferiore rispetto all'incisione laser o alla serigrafia; consigliata per aree con attrito a bassa frequenza.<\/li>\n<\/ul>\n<\/div>\n<\/div>\n\n\n\n<h2 class=\"wp-block-heading\">I principali vantaggi dell'unit\u00e0 flash USB Clip<\/h2>\n\n\n\n<div class=\"wp-block-columns is-layout-flex wp-container-core-columns-is-layout-28f84493 wp-block-columns-is-layout-flex\">\n<div class=\"wp-block-column is-layout-flow wp-block-column-is-layout-flow\">\n<h3 class=\"wp-block-heading\">Sicurezza<\/h3>\n\n\n\n<ul class=\"wp-block-list\">\n<li>Protezione dell'hardware: L'involucro metallico attutisce gli urti, riducendo i danni al chip causati da cadute e \u6324\u538b (schiacciamento).<\/li>\n\n\n\n<li>Sicurezza dei dati: Supporta il software di crittografia, combinato con la protezione hot-swap dell'interfaccia USB, riducendo al minimo il rischio di perdita dei dati.<\/li>\n<\/ul>\n\n\n\n<h3 class=\"wp-block-heading\">Resistenza all'acqua<\/h3>\n\n\n\n<ul class=\"wp-block-list\">\n<li>Design impermeabile IPX4 (quando la porta \u00e8 chiusa), resistente al contatto accidentale con schizzi, pioggia e simili.<\/li>\n\n\n\n<li>Nota: non esporre la porta a liquidi quando \u00e8 scoperta per evitare cortocircuiti.<\/li>\n<\/ul>\n<\/div>\n\n\n\n<div class=\"wp-block-column is-vertically-aligned-center is-layout-flow wp-block-column-is-layout-flow\">\n<figure class=\"wp-block-image size-full\"><img alt=\"\" loading=\"lazy\" decoding=\"async\" width=\"800\" height=\"800\" src=\"https:\/\/www.usborkeychain.com\/wp-content\/uploads\/Clip-USB-Drive.jpg\" class=\"wp-image-6906\" srcset=\"https:\/\/www.usborkeychain.com\/wp-content\/uploads\/Clip-USB-Drive.jpg 800w, https:\/\/www.usborkeychain.com\/wp-content\/uploads\/Clip-USB-Drive-300x300.jpg 300w, https:\/\/www.usborkeychain.com\/wp-content\/uploads\/Clip-USB-Drive-150x150.jpg 150w, https:\/\/www.usborkeychain.com\/wp-content\/uploads\/Clip-USB-Drive-768x768.jpg 768w, https:\/\/www.usborkeychain.com\/wp-content\/uploads\/Clip-USB-Drive-12x12.jpg 12w, https:\/\/www.usborkeychain.com\/wp-content\/uploads\/Clip-USB-Drive-600x600.jpg 600w, https:\/\/www.usborkeychain.com\/wp-content\/uploads\/Clip-USB-Drive-100x100.jpg 100w\" sizes=\"(max-width: 800px) 100vw, 800px\" \/><\/figure>\n<\/div>\n<\/div>\n\n\n\n<div class=\"wp-block-columns is-layout-flex wp-container-core-columns-is-layout-28f84493 wp-block-columns-is-layout-flex\">\n<div class=\"wp-block-column is-vertically-aligned-center is-layout-flow wp-block-column-is-layout-flow\">\n<figure class=\"wp-block-image size-full\"><img alt=\"\" loading=\"lazy\" decoding=\"async\" width=\"800\" height=\"800\" src=\"https:\/\/www.usborkeychain.com\/wp-content\/uploads\/clip-usb-flash-drives.png\" class=\"wp-image-6908\" srcset=\"https:\/\/www.usborkeychain.com\/wp-content\/uploads\/clip-usb-flash-drives.png 800w, https:\/\/www.usborkeychain.com\/wp-content\/uploads\/clip-usb-flash-drives-300x300.png 300w, https:\/\/www.usborkeychain.com\/wp-content\/uploads\/clip-usb-flash-drives-150x150.png 150w, https:\/\/www.usborkeychain.com\/wp-content\/uploads\/clip-usb-flash-drives-768x768.png 768w, https:\/\/www.usborkeychain.com\/wp-content\/uploads\/clip-usb-flash-drives-12x12.png 12w, https:\/\/www.usborkeychain.com\/wp-content\/uploads\/clip-usb-flash-drives-600x600.png 600w, https:\/\/www.usborkeychain.com\/wp-content\/uploads\/clip-usb-flash-drives-100x100.png 100w\" sizes=\"(max-width: 800px) 100vw, 800px\" \/><\/figure>\n<\/div>\n\n\n\n<div class=\"wp-block-column is-vertically-aligned-center is-layout-flow wp-block-column-is-layout-flow\">\n<h3 class=\"wp-block-heading\">Durata<\/h3>\n\n\n\n<ul class=\"wp-block-list\">\n<li>Durata del materiale: Il metallo offre una forte resistenza alla corrosione e all'ossidazione; in ambienti esterni, la sua durata \u00e8 da 3 a 5 volte superiore a quella delle unit\u00e0 USB in plastica.<\/li>\n\n\n\n<li>Durata strutturale: La molla a clip \u00e8 realizzata in lega rinforzata, testata per resistere a oltre 10.000 aperture e chiusure senza deformazioni durante l'uso prolungato.<\/li>\n<\/ul>\n\n\n\n<h3 class=\"wp-block-heading\">Vantaggi dello scenario<\/h3>\n\n\n\n<ul class=\"wp-block-list\">\n<li>Regali aziendali: La texture metallica abbinata a un logo personalizzato migliora l'immagine del marchio.<\/li>\n\n\n\n<li>Efficienza in ufficio: Il design a clip si integra con la gestione dei file, eliminando il fastidio di smarrire le unit\u00e0 USB.<\/li>\n\n\n\n<li>Utilizzo all'aperto: La sua durata e resistenza all'acqua soddisfano le rigorose esigenze dei viaggi d'affari e del lavoro all'aperto.<\/li>\n<\/ul>\n<\/div>\n<\/div>\n\n\n\n<p>Il<strong> Unit\u00e0 flash USB a clip<\/strong> rompe i limiti di portabilit\u00e0 delle unit\u00e0 USB tradizionali con il suo \"design a clip metallica\". Il design \u00e8 in grado di soddisfare le esigenze di personalizzazione del marchio attraverso processi di personalizzazione altamente compatibili e di garantire la sicurezza dei dati e la longevit\u00e0 del prodotto sfruttando la sicurezza e la durata dei materiali metallici. Con una gamma che va dal modello base da 8 GB a quello di grande capacit\u00e0 da 128 GB, adatto sia per i regali aziendali che per l'uso personale in ufficio, il suo duplice attributo di \"praticit\u00e0 + potenziamento del marchio\" lo rende un prodotto di riferimento nell'attuale mercato dei dispositivi di archiviazione, combinando funzionalit\u00e0 e valore di marketing. Che si tratti di un'azienda che acquista prodotti personalizzati, di regali per eventi o di un utente individuale alla ricerca di strumenti di archiviazione di alta qualit\u00e0, l'unit\u00e0 flash USB Clip offre un'esperienza che supera le aspettative grazie alle sue prestazioni professionali e al suo design raffinato.<\/p>","protected":false},"excerpt":{"rendered":"<ul>\n<li>Design unico della clip: si attacca a libri, cartelle e documenti.<\/li>\n<li>Durevole corpo in metallo pieno con finitura lucida<\/li>\n<li>Compatibile con tutti i principali sistemi operativi<\/li>\n<li>Logo personalizzato<\/li>\n<li>MOQ: 100pcs<\/li>\n<\/ul>","protected":false},"featured_media":6908,"comment_status":"open","ping_status":"closed","template":"","meta":{"_seopress_robots_primary_cat":"","_seopress_titles_title":"","_seopress_titles_desc":"","_seopress_robots_index":"","site-sidebar-layout":"default","site-content-layout":"","ast-site-content-layout":"","site-content-style":"default","site-sidebar-style":"default","ast-global-header-display":"","ast-banner-title-visibility":"","ast-main-header-display":"","ast-hfb-above-header-display":"","ast-hfb-below-header-display":"","ast-hfb-mobile-header-display":"","site-post-title":"","ast-breadcrumbs-content":"","ast-featured-img":"","footer-sml-layout":"","theme-transparent-header-meta":"","adv-header-id-meta":"","stick-header-meta":"","header-above-stick-meta":"","header-main-stick-meta":"","header-below-stick-meta":"","astra-migrate-meta-layouts":"default","ast-page-background-enabled":"default","ast-page-background-meta":{"desktop":{"background-color":"var(--ast-global-color-5)","background-image":"","background-repeat":"repeat","background-position":"center center","background-size":"auto","background-attachment":"scroll","background-type":"","background-media":"","overlay-type":"","overlay-color":"","overlay-opacity":"","overlay-gradient":""},"tablet":{"background-color":"","background-image":"","background-repeat":"repeat","background-position":"center center","background-size":"auto","background-attachment":"scroll","background-type":"","background-media":"","overlay-type":"","overlay-color":"","overlay-opacity":"","overlay-gradient":""},"mobile":{"background-color":"","background-image":"","background-repeat":"repeat","background-position":"center center","background-size":"auto","background-attachment":"scroll","background-type":"","background-media":"","overlay-type":"","overlay-color":"","overlay-opacity":"","overlay-gradient":""}},"ast-content-background-meta":{"desktop":{"background-color":"var(--ast-global-color-4)","background-image":"","background-repeat":"repeat","background-position":"center center","background-size":"auto","background-attachment":"scroll","background-type":"","background-media":"","overlay-type":"","overlay-color":"","overlay-opacity":"","overlay-gradient":""},"tablet":{"background-color":"var(--ast-global-color-4)","background-image":"","background-repeat":"repeat","background-position":"center center","background-size":"auto","background-attachment":"scroll","background-type":"","background-media":"","overlay-type":"","overlay-color":"","overlay-opacity":"","overlay-gradient":""},"mobile":{"background-color":"var(--ast-global-color-4)","background-image":"","background-repeat":"repeat","background-position":"center center","background-size":"auto","background-attachment":"scroll","background-type":"","background-media":"","overlay-type":"","overlay-color":"","overlay-opacity":"","overlay-gradient":""}}},"product_brand":[],"product_cat":[89,103],"product_tag":[398],"class_list":{"0":"post-6903","1":"product","2":"type-product","3":"status-publish","4":"has-post-thumbnail","6":"product_cat-metal-usb-pendrive","7":"product_cat-usb2-0-usb-pendrive","8":"product_tag-aluminum-usb-drive","9":"desktop-align-left","10":"tablet-align-left","11":"mobile-align-left","13":"first","14":"instock","15":"shipping-taxable","16":"product-type-simple"},"_links":{"self":[{"href":"https:\/\/www.usborkeychain.com\/it\/wp-json\/wp\/v2\/product\/6903","targetHints":{"allow":["GET"]}}],"collection":[{"href":"https:\/\/www.usborkeychain.com\/it\/wp-json\/wp\/v2\/product"}],"about":[{"href":"https:\/\/www.usborkeychain.com\/it\/wp-json\/wp\/v2\/types\/product"}],"replies":[{"embeddable":true,"href":"https:\/\/www.usborkeychain.com\/it\/wp-json\/wp\/v2\/comments?post=6903"}],"wp:featuredmedia":[{"embeddable":true,"href":"https:\/\/www.usborkeychain.com\/it\/wp-json\/wp\/v2\/media\/6908"}],"wp:attachment":[{"href":"https:\/\/www.usborkeychain.com\/it\/wp-json\/wp\/v2\/media?parent=6903"}],"wp:term":[{"taxonomy":"product_brand","embeddable":true,"href":"https:\/\/www.usborkeychain.com\/it\/wp-json\/wp\/v2\/product_brand?post=6903"},{"taxonomy":"product_cat","embeddable":true,"href":"https:\/\/www.usborkeychain.com\/it\/wp-json\/wp\/v2\/product_cat?post=6903"},{"taxonomy":"product_tag","embeddable":true,"href":"https:\/\/www.usborkeychain.com\/it\/wp-json\/wp\/v2\/product_tag?post=6903"}],"curies":[{"name":"wp","href":"https:\/\/api.w.org\/{rel}","templated":true}]}}