{"id":7401,"date":"2025-08-19T10:46:07","date_gmt":"2025-08-19T10:46:07","guid":{"rendered":"https:\/\/www.usborkeychain.com\/?post_type=product&#038;p=7401"},"modified":"2025-08-19T10:50:19","modified_gmt":"2025-08-19T10:50:19","slug":"swivel-usb-flash-drive","status":"publish","type":"product","link":"https:\/\/www.usborkeychain.com\/it\/prodotto\/swivel-usb-flash-drive\/","title":{"rendered":"Unit\u00e0 flash USB girevole"},"content":{"rendered":"<div class=\"wp-block-columns are-vertically-aligned-center is-layout-flex wp-container-core-columns-is-layout-28f84493 wp-block-columns-is-layout-flex\">\n<div class=\"wp-block-column is-vertically-aligned-center is-layout-flow wp-block-column-is-layout-flow\">\n<p>Il <strong>Unit\u00e0 flash USB girevole<\/strong> \u00e8 costituito da un <strong>Corpo in plastica ABS<\/strong> e un <strong>guscio in lega di alluminio spazzolato<\/strong>. <\/p>\n\n\n\n<p>Il corpo in plastica ABS adotta un materiale ABS con un'eccellente resistenza agli urti, leggero e resistente. Non si danneggia facilmente in caso di cadute o schiacciamenti quotidiani, riducendo il peso complessivo e migliorando la portabilit\u00e0. <\/p>\n\n\n\n<p>Guscio spazzolato in lega di alluminio: Il guscio \u00e8 realizzato in lega di alluminio attraverso un processo di spazzolatura, in grado di ridurre i residui di impronte digitali e di mantenere l'aspetto pulito anche dopo un uso prolungato.<\/p>\n<\/div>\n\n\n\n<div class=\"wp-block-column is-vertically-aligned-center is-layout-flow wp-block-column-is-layout-flow\">\n<figure class=\"wp-block-image size-full\"><img alt=\"\" fetchpriority=\"high\" decoding=\"async\" width=\"800\" height=\"800\" src=\"https:\/\/www.usborkeychain.com\/wp-content\/uploads\/bulk-metal-swivel-usb-flash-drive-1.jpg\" class=\"wp-image-7404\" srcset=\"https:\/\/www.usborkeychain.com\/wp-content\/uploads\/bulk-metal-swivel-usb-flash-drive-1.jpg 800w, https:\/\/www.usborkeychain.com\/wp-content\/uploads\/bulk-metal-swivel-usb-flash-drive-1-300x300.jpg 300w, https:\/\/www.usborkeychain.com\/wp-content\/uploads\/bulk-metal-swivel-usb-flash-drive-1-150x150.jpg 150w, https:\/\/www.usborkeychain.com\/wp-content\/uploads\/bulk-metal-swivel-usb-flash-drive-1-768x768.jpg 768w, https:\/\/www.usborkeychain.com\/wp-content\/uploads\/bulk-metal-swivel-usb-flash-drive-1-12x12.jpg 12w, https:\/\/www.usborkeychain.com\/wp-content\/uploads\/bulk-metal-swivel-usb-flash-drive-1-600x600.jpg 600w, https:\/\/www.usborkeychain.com\/wp-content\/uploads\/bulk-metal-swivel-usb-flash-drive-1-100x100.jpg 100w\" sizes=\"(max-width: 800px) 100vw, 800px\" \/><\/figure>\n<\/div>\n<\/div>\n\n\n\n<div class=\"wp-block-columns is-layout-flex wp-container-core-columns-is-layout-28f84493 wp-block-columns-is-layout-flex\">\n<div class=\"wp-block-column is-vertically-aligned-center is-layout-flow wp-block-column-is-layout-flow\">\n<p>L'esclusivo design con rotazione a 360\u00b0 consente di ruotare l'interfaccia USB per inserirla direttamente nei dispositivi per il trasferimento dei dati quando \u00e8 in uso; quando non \u00e8 in uso, pu\u00f2 essere ruotata all'interno del guscio per isolare polvere e graffi, proteggendo l'interfaccia da eventuali danni e migliorando notevolmente la stabilit\u00e0 del trasferimento dei dati.<\/p>\n\n\n\n<p>Il prodotto \u00e8 dotato di un foro per chiavi integrato sul lato, che supporta portachiavi e cordini. Pu\u00f2 essere attaccato direttamente ai portachiavi, alle cerniere degli zaini e cos\u00ec via, risolvendo completamente il problema della facilit\u00e0 di smarrimento delle unit\u00e0 USB tradizionali.<\/p>\n\n\n\n<p>Sono disponibili diversi colori (nero, viola, blu, rosso, ecc.) per soddisfare le preferenze estetiche di utenti individuali e aziendali.<\/p>\n<\/div>\n\n\n\n<div class=\"wp-block-column is-layout-flow wp-block-column-is-layout-flow\">\n<figure class=\"wp-block-image size-full\"><img alt=\"\" decoding=\"async\" width=\"800\" height=\"800\" src=\"https:\/\/www.usborkeychain.com\/wp-content\/uploads\/bulk-swivel-plastic-usb-flash-drive.jpg\" class=\"wp-image-7405\" srcset=\"https:\/\/www.usborkeychain.com\/wp-content\/uploads\/bulk-swivel-plastic-usb-flash-drive.jpg 800w, https:\/\/www.usborkeychain.com\/wp-content\/uploads\/bulk-swivel-plastic-usb-flash-drive-300x300.jpg 300w, https:\/\/www.usborkeychain.com\/wp-content\/uploads\/bulk-swivel-plastic-usb-flash-drive-150x150.jpg 150w, https:\/\/www.usborkeychain.com\/wp-content\/uploads\/bulk-swivel-plastic-usb-flash-drive-768x768.jpg 768w, https:\/\/www.usborkeychain.com\/wp-content\/uploads\/bulk-swivel-plastic-usb-flash-drive-12x12.jpg 12w, https:\/\/www.usborkeychain.com\/wp-content\/uploads\/bulk-swivel-plastic-usb-flash-drive-600x600.jpg 600w, https:\/\/www.usborkeychain.com\/wp-content\/uploads\/bulk-swivel-plastic-usb-flash-drive-100x100.jpg 100w\" sizes=\"(max-width: 800px) 100vw, 800px\" \/><\/figure>\n<\/div>\n<\/div>\n\n\n\n<h2 class=\"wp-block-heading\">Parametri fondamentali dell'unit\u00e0 flash USB girevole<\/h2>\n\n\n\n<figure class=\"wp-block-table\"><table class=\"has-fixed-layout\"><thead><tr><th>Categoria di parametri<\/th><th>Specifiche dettagliate<\/th><\/tr><\/thead><tbody><tr><td>Capacit\u00e0<\/td><td>8GB, 16GB, 32GB, 64GB, 128GB<\/td><\/tr><tr><td>Dimensioni (lunghezza \u00d7 altezza \u00d7 spessore)<\/td><td>57 mm \u00d7 19 mm \u00d7 10 mm<\/td><\/tr><tr><td>Peso<\/td><td>Circa 15g (con un errore di \u00b12g)<\/td><\/tr><tr><td>Tipo di interfaccia<\/td><td>USB 2.0 \/ USB 3.0<\/td><\/tr><tr><td>Compatibilit\u00e0<\/td><td>Supporta sistemi Windows, Mac OS e Linux; \u00e8 compatibile con dispositivi per auto, smart TV, stampanti e altre apparecchiature.<\/td><\/tr><\/tbody><\/table><\/figure>\n\n\n\n<h2 class=\"wp-block-heading\">Processi di personalizzazione del LOGO<\/h2>\n\n\n\n<div class=\"wp-block-columns is-layout-flex wp-container-core-columns-is-layout-28f84493 wp-block-columns-is-layout-flex\">\n<div class=\"wp-block-column is-vertically-aligned-center is-layout-flow wp-block-column-is-layout-flow\">\n<figure class=\"wp-block-image size-full\"><img alt=\"\" decoding=\"async\" width=\"800\" height=\"800\" src=\"https:\/\/www.usborkeychain.com\/wp-content\/uploads\/custom-swivel-usb-drives-1.jpg\" class=\"wp-image-7406\" srcset=\"https:\/\/www.usborkeychain.com\/wp-content\/uploads\/custom-swivel-usb-drives-1.jpg 800w, https:\/\/www.usborkeychain.com\/wp-content\/uploads\/custom-swivel-usb-drives-1-300x300.jpg 300w, https:\/\/www.usborkeychain.com\/wp-content\/uploads\/custom-swivel-usb-drives-1-150x150.jpg 150w, https:\/\/www.usborkeychain.com\/wp-content\/uploads\/custom-swivel-usb-drives-1-768x768.jpg 768w, https:\/\/www.usborkeychain.com\/wp-content\/uploads\/custom-swivel-usb-drives-1-12x12.jpg 12w, https:\/\/www.usborkeychain.com\/wp-content\/uploads\/custom-swivel-usb-drives-1-600x600.jpg 600w, https:\/\/www.usborkeychain.com\/wp-content\/uploads\/custom-swivel-usb-drives-1-100x100.jpg 100w\" sizes=\"(max-width: 800px) 100vw, 800px\" \/><\/figure>\n<\/div>\n\n\n\n<div class=\"wp-block-column is-vertically-aligned-center is-layout-flow wp-block-column-is-layout-flow\">\n<div class=\"wp-block-columns is-layout-flex wp-container-core-columns-is-layout-28f84493 wp-block-columns-is-layout-flex\">\n<div class=\"wp-block-column is-vertically-aligned-center is-layout-flow wp-block-column-is-layout-flow\"><\/div>\n\n\n\n<div class=\"wp-block-column is-vertically-aligned-center is-layout-flow wp-block-column-is-layout-flow\">\n<p><\/p>\n<\/div>\n<\/div>\n\n\n\n<ul class=\"wp-block-list\">\n<li>Incisione laser: Per loghi monocromatici sul guscio in lega di alluminio. \u00c8 resistente all'usura, durevole e non facile da staccare, con una texture di alto livello, particolarmente adatta alle imprese che devono riflettere professionalit\u00e0 e loghi permanenti.<\/li>\n\n\n\n<li>Stampa digitale: Supporta la stampa a colori (ad esempio colori sfumati, loghi di marca completi, motivi a tema).<\/li>\n<\/ul>\n\n\n\n<p>Entrambi i processi sono in grado di ottenere un posizionamento preciso, adattandosi a scenari diversi come regali aziendali, promozioni di eventi e periferiche culturali e creative.<\/p>\n<\/div>\n<\/div>\n\n\n\n<h2 class=\"wp-block-heading\">I motivi principali della popolarit\u00e0 dell'unit\u00e0 flash USB girevole<\/h2>\n\n\n\n<div class=\"wp-block-columns is-layout-flex wp-container-core-columns-is-layout-28f84493 wp-block-columns-is-layout-flex\">\n<div class=\"wp-block-column is-layout-flow wp-block-column-is-layout-flow\">\n<figure class=\"wp-block-image size-full\"><img alt=\"\" loading=\"lazy\" decoding=\"async\" width=\"800\" height=\"800\" src=\"https:\/\/www.usborkeychain.com\/wp-content\/uploads\/custom-swivel-usb-flash-drive.jpg\" class=\"wp-image-7407\" srcset=\"https:\/\/www.usborkeychain.com\/wp-content\/uploads\/custom-swivel-usb-flash-drive.jpg 800w, https:\/\/www.usborkeychain.com\/wp-content\/uploads\/custom-swivel-usb-flash-drive-300x300.jpg 300w, https:\/\/www.usborkeychain.com\/wp-content\/uploads\/custom-swivel-usb-flash-drive-150x150.jpg 150w, https:\/\/www.usborkeychain.com\/wp-content\/uploads\/custom-swivel-usb-flash-drive-768x768.jpg 768w, https:\/\/www.usborkeychain.com\/wp-content\/uploads\/custom-swivel-usb-flash-drive-12x12.jpg 12w, https:\/\/www.usborkeychain.com\/wp-content\/uploads\/custom-swivel-usb-flash-drive-600x600.jpg 600w, https:\/\/www.usborkeychain.com\/wp-content\/uploads\/custom-swivel-usb-flash-drive-100x100.jpg 100w\" sizes=\"(max-width: 800px) 100vw, 800px\" \/><\/figure>\n\n\n\n<p>Portatile e facile da usare: le sue dimensioni compatte, il design leggero e il buco della serratura lo rendono la scelta ideale per portare in giro i dati. Il design rotante protegge l'interfaccia ed \u00e8 facile da usare.<\/p>\n<\/div>\n\n\n\n<div class=\"wp-block-column is-layout-flow wp-block-column-is-layout-flow\">\n<figure class=\"wp-block-image size-full\"><img alt=\"\" loading=\"lazy\" decoding=\"async\" width=\"800\" height=\"800\" src=\"https:\/\/www.usborkeychain.com\/wp-content\/uploads\/rotating-usb-flash-drive-1.jpg\" class=\"wp-image-7408\" srcset=\"https:\/\/www.usborkeychain.com\/wp-content\/uploads\/rotating-usb-flash-drive-1.jpg 800w, https:\/\/www.usborkeychain.com\/wp-content\/uploads\/rotating-usb-flash-drive-1-300x300.jpg 300w, https:\/\/www.usborkeychain.com\/wp-content\/uploads\/rotating-usb-flash-drive-1-150x150.jpg 150w, https:\/\/www.usborkeychain.com\/wp-content\/uploads\/rotating-usb-flash-drive-1-768x768.jpg 768w, https:\/\/www.usborkeychain.com\/wp-content\/uploads\/rotating-usb-flash-drive-1-12x12.jpg 12w, https:\/\/www.usborkeychain.com\/wp-content\/uploads\/rotating-usb-flash-drive-1-600x600.jpg 600w, https:\/\/www.usborkeychain.com\/wp-content\/uploads\/rotating-usb-flash-drive-1-100x100.jpg 100w\" sizes=\"(max-width: 800px) 100vw, 800px\" \/><\/figure>\n\n\n\n<p>Attraente e durevole: Il guscio in alluminio con processo di spazzolatura gli conferisce un aspetto elegante e sofisticato, non soggetto a segni di impronte digitali, e il materiale metallico fornisce anche una buona protezione fisica.<\/p>\n<\/div>\n<\/div>\n\n\n\n<div class=\"wp-block-columns is-layout-flex wp-container-core-columns-is-layout-28f84493 wp-block-columns-is-layout-flex\">\n<div class=\"wp-block-column is-layout-flow wp-block-column-is-layout-flow\">\n<figure class=\"wp-block-image size-full\"><img alt=\"\" loading=\"lazy\" decoding=\"async\" width=\"800\" height=\"800\" src=\"https:\/\/www.usborkeychain.com\/wp-content\/uploads\/swivel-usb-drive-1.jpg\" class=\"wp-image-7409\" srcset=\"https:\/\/www.usborkeychain.com\/wp-content\/uploads\/swivel-usb-drive-1.jpg 800w, https:\/\/www.usborkeychain.com\/wp-content\/uploads\/swivel-usb-drive-1-300x300.jpg 300w, https:\/\/www.usborkeychain.com\/wp-content\/uploads\/swivel-usb-drive-1-150x150.jpg 150w, https:\/\/www.usborkeychain.com\/wp-content\/uploads\/swivel-usb-drive-1-768x768.jpg 768w, https:\/\/www.usborkeychain.com\/wp-content\/uploads\/swivel-usb-drive-1-12x12.jpg 12w, https:\/\/www.usborkeychain.com\/wp-content\/uploads\/swivel-usb-drive-1-600x600.jpg 600w, https:\/\/www.usborkeychain.com\/wp-content\/uploads\/swivel-usb-drive-1-100x100.jpg 100w\" sizes=\"(max-width: 800px) 100vw, 800px\" \/><\/figure>\n\n\n\n<p>Design anti-perdita: Il buco della serratura \u00e8 una soluzione pratica per evitare la perdita di piccoli oggetti, migliorando notevolmente l'esperienza dell'utente.<\/p>\n<\/div>\n\n\n\n<div class=\"wp-block-column is-layout-flow wp-block-column-is-layout-flow\">\n<figure class=\"wp-block-image size-full\"><img alt=\"\" loading=\"lazy\" decoding=\"async\" width=\"800\" height=\"800\" src=\"https:\/\/www.usborkeychain.com\/wp-content\/uploads\/swivel-usb-drives-cheapest-1.jpg\" class=\"wp-image-7410\" srcset=\"https:\/\/www.usborkeychain.com\/wp-content\/uploads\/swivel-usb-drives-cheapest-1.jpg 800w, https:\/\/www.usborkeychain.com\/wp-content\/uploads\/swivel-usb-drives-cheapest-1-300x300.jpg 300w, https:\/\/www.usborkeychain.com\/wp-content\/uploads\/swivel-usb-drives-cheapest-1-150x150.jpg 150w, https:\/\/www.usborkeychain.com\/wp-content\/uploads\/swivel-usb-drives-cheapest-1-768x768.jpg 768w, https:\/\/www.usborkeychain.com\/wp-content\/uploads\/swivel-usb-drives-cheapest-1-12x12.jpg 12w, https:\/\/www.usborkeychain.com\/wp-content\/uploads\/swivel-usb-drives-cheapest-1-600x600.jpg 600w, https:\/\/www.usborkeychain.com\/wp-content\/uploads\/swivel-usb-drives-cheapest-1-100x100.jpg 100w\" sizes=\"(max-width: 800px) 100vw, 800px\" \/><\/figure>\n\n\n\n<p>Altamente personalizzabile: Supporta due processi di personalizzazione principali, l'incisione a laser e la stampa digitale, soddisfacendo le diverse esigenze di regali aziendali, articoli promozionali o souvenir di squadra.<\/p>\n<\/div>\n<\/div>\n\n\n\n<div class=\"wp-block-columns is-layout-flex wp-container-core-columns-is-layout-28f84493 wp-block-columns-is-layout-flex\">\n<div class=\"wp-block-column is-layout-flow wp-block-column-is-layout-flow\">\n<figure class=\"wp-block-image size-full\"><img alt=\"\" loading=\"lazy\" decoding=\"async\" width=\"800\" height=\"800\" src=\"https:\/\/www.usborkeychain.com\/wp-content\/uploads\/swivel-usb-drives.jpg\" class=\"wp-image-7411\" srcset=\"https:\/\/www.usborkeychain.com\/wp-content\/uploads\/swivel-usb-drives.jpg 800w, https:\/\/www.usborkeychain.com\/wp-content\/uploads\/swivel-usb-drives-300x300.jpg 300w, https:\/\/www.usborkeychain.com\/wp-content\/uploads\/swivel-usb-drives-150x150.jpg 150w, https:\/\/www.usborkeychain.com\/wp-content\/uploads\/swivel-usb-drives-768x768.jpg 768w, https:\/\/www.usborkeychain.com\/wp-content\/uploads\/swivel-usb-drives-12x12.jpg 12w, https:\/\/www.usborkeychain.com\/wp-content\/uploads\/swivel-usb-drives-600x600.jpg 600w, https:\/\/www.usborkeychain.com\/wp-content\/uploads\/swivel-usb-drives-100x100.jpg 100w\" sizes=\"(max-width: 800px) 100vw, 800px\" \/><\/figure>\n\n\n\n<p>Qualit\u00e0 affidabile: La combinazione di materiali ABS e alluminio, insieme a tecniche di produzione mature, garantisce la stabilit\u00e0 e la durata del prodotto.<\/p>\n<\/div>\n\n\n\n<div class=\"wp-block-column is-layout-flow wp-block-column-is-layout-flow\">\n<figure class=\"wp-block-image size-full\"><img alt=\"\" loading=\"lazy\" decoding=\"async\" width=\"800\" height=\"800\" src=\"https:\/\/www.usborkeychain.com\/wp-content\/uploads\/swivel-usb-flash-drives.jpg\" class=\"wp-image-7413\" srcset=\"https:\/\/www.usborkeychain.com\/wp-content\/uploads\/swivel-usb-flash-drives.jpg 800w, https:\/\/www.usborkeychain.com\/wp-content\/uploads\/swivel-usb-flash-drives-300x300.jpg 300w, https:\/\/www.usborkeychain.com\/wp-content\/uploads\/swivel-usb-flash-drives-150x150.jpg 150w, https:\/\/www.usborkeychain.com\/wp-content\/uploads\/swivel-usb-flash-drives-768x768.jpg 768w, https:\/\/www.usborkeychain.com\/wp-content\/uploads\/swivel-usb-flash-drives-12x12.jpg 12w, https:\/\/www.usborkeychain.com\/wp-content\/uploads\/swivel-usb-flash-drives-600x600.jpg 600w, https:\/\/www.usborkeychain.com\/wp-content\/uploads\/swivel-usb-flash-drives-100x100.jpg 100w\" sizes=\"(max-width: 800px) 100vw, 800px\" \/><\/figure>\n\n\n\n<p>Rispetto ai dischi rigidi mobili a stato solido, le unit\u00e0 USB sono pi\u00f9 convenienti, con un'ampia gamma di capacit\u00e0 opzionali (8GB~128GB) per soddisfare le esigenze quotidiane di archiviazione e trasferimento di file (documenti, foto, video).<\/p>\n<\/div>\n<\/div>\n\n\n\n<p>Il <strong>Unit\u00e0 flash USB girevole<\/strong> integra con successo un design raffinato (guscio in ABS + alluminio, processo di spazzolatura, colori multipli), funzioni pratiche (interfaccia rotante, buco della serratura anti-smarrimento), parametri professionali (dimensioni compatte, leggerezza) e personalizzazione flessibile (incisione laser\/stampa digitale). Non \u00e8 solo uno strumento affidabile per l'archiviazione dei dati, ma anche un'estensione del marchio aziendale e del gusto personale. Grazie alle sue eccellenti prestazioni complessive, l'unit\u00e0 flash USB Swivel \u00e8 una scelta affidabile per gli utenti.<\/p>","protected":false},"excerpt":{"rendered":"<ul>\n<li>Inciso al laser<\/li>\n<li>Stampa digitale<\/li>\n<li>Materiali: corpo in ABS, scocca in alluminio<\/li>\n<li>Colori:<br \/>\nNero\/bianco, nero\/argento, nero\/arancio, nero\/rosso, nero\/viola, nero\/verde, nero\/blu chiaro, nero\/blu scuro, nero\/nero<\/li>\n<li>MOQ: 100pcs<\/li>\n<\/ul>","protected":false},"featured_media":7412,"comment_status":"open","ping_status":"closed","template":"","meta":{"_seopress_robots_primary_cat":"","_seopress_titles_title":"","_seopress_titles_desc":"","_seopress_robots_index":"","site-sidebar-layout":"default","site-content-layout":"","ast-site-content-layout":"","site-content-style":"default","site-sidebar-style":"default","ast-global-header-display":"","ast-banner-title-visibility":"","ast-main-header-display":"","ast-hfb-above-header-display":"","ast-hfb-below-header-display":"","ast-hfb-mobile-header-display":"","site-post-title":"","ast-breadcrumbs-content":"","ast-featured-img":"","footer-sml-layout":"","theme-transparent-header-meta":"","adv-header-id-meta":"","stick-header-meta":"","header-above-stick-meta":"","header-main-stick-meta":"","header-below-stick-meta":"","astra-migrate-meta-layouts":"default","ast-page-background-enabled":"default","ast-page-background-meta":{"desktop":{"background-color":"var(--ast-global-color-5)","background-image":"","background-repeat":"repeat","background-position":"center center","background-size":"auto","background-attachment":"scroll","background-type":"","background-media":"","overlay-type":"","overlay-color":"","overlay-opacity":"","overlay-gradient":""},"tablet":{"background-color":"","background-image":"","background-repeat":"repeat","background-position":"center center","background-size":"auto","background-attachment":"scroll","background-type":"","background-media":"","overlay-type":"","overlay-color":"","overlay-opacity":"","overlay-gradient":""},"mobile":{"background-color":"","background-image":"","background-repeat":"repeat","background-position":"center center","background-size":"auto","background-attachment":"scroll","background-type":"","background-media":"","overlay-type":"","overlay-color":"","overlay-opacity":"","overlay-gradient":""}},"ast-content-background-meta":{"desktop":{"background-color":"var(--ast-global-color-4)","background-image":"","background-repeat":"repeat","background-position":"center center","background-size":"auto","background-attachment":"scroll","background-type":"","background-media":"","overlay-type":"","overlay-color":"","overlay-opacity":"","overlay-gradient":""},"tablet":{"background-color":"var(--ast-global-color-4)","background-image":"","background-repeat":"repeat","background-position":"center center","background-size":"auto","background-attachment":"scroll","background-type":"","background-media":"","overlay-type":"","overlay-color":"","overlay-opacity":"","overlay-gradient":""},"mobile":{"background-color":"var(--ast-global-color-4)","background-image":"","background-repeat":"repeat","background-position":"center center","background-size":"auto","background-attachment":"scroll","background-type":"","background-media":"","overlay-type":"","overlay-color":"","overlay-opacity":"","overlay-gradient":""}}},"product_brand":[],"product_cat":[89,106],"product_tag":[405],"class_list":{"0":"post-7401","1":"product","2":"type-product","3":"status-publish","4":"has-post-thumbnail","6":"product_cat-metal-usb-pendrive","7":"product_cat-rotating-usb-pendrive","8":"product_tag-plastic-rotating-usb-drive","9":"desktop-align-left","10":"tablet-align-left","11":"mobile-align-left","13":"first","14":"instock","15":"shipping-taxable","16":"product-type-simple"},"_links":{"self":[{"href":"https:\/\/www.usborkeychain.com\/it\/wp-json\/wp\/v2\/product\/7401","targetHints":{"allow":["GET"]}}],"collection":[{"href":"https:\/\/www.usborkeychain.com\/it\/wp-json\/wp\/v2\/product"}],"about":[{"href":"https:\/\/www.usborkeychain.com\/it\/wp-json\/wp\/v2\/types\/product"}],"replies":[{"embeddable":true,"href":"https:\/\/www.usborkeychain.com\/it\/wp-json\/wp\/v2\/comments?post=7401"}],"wp:featuredmedia":[{"embeddable":true,"href":"https:\/\/www.usborkeychain.com\/it\/wp-json\/wp\/v2\/media\/7412"}],"wp:attachment":[{"href":"https:\/\/www.usborkeychain.com\/it\/wp-json\/wp\/v2\/media?parent=7401"}],"wp:term":[{"taxonomy":"product_brand","embeddable":true,"href":"https:\/\/www.usborkeychain.com\/it\/wp-json\/wp\/v2\/product_brand?post=7401"},{"taxonomy":"product_cat","embeddable":true,"href":"https:\/\/www.usborkeychain.com\/it\/wp-json\/wp\/v2\/product_cat?post=7401"},{"taxonomy":"product_tag","embeddable":true,"href":"https:\/\/www.usborkeychain.com\/it\/wp-json\/wp\/v2\/product_tag?post=7401"}],"curies":[{"name":"wp","href":"https:\/\/api.w.org\/{rel}","templated":true}]}}