{"id":7423,"date":"2025-08-19T15:25:54","date_gmt":"2025-08-19T15:25:54","guid":{"rendered":"https:\/\/www.usborkeychain.com\/?post_type=product&#038;p=7423"},"modified":"2025-09-15T04:35:42","modified_gmt":"2025-09-15T04:35:42","slug":"type-c-swivel-usb-flash-drive","status":"publish","type":"product","link":"https:\/\/www.usborkeychain.com\/it\/prodotto\/type-c-swivel-usb-flash-drive\/","title":{"rendered":"Unit\u00e0 flash USB girevole Type-C"},"content":{"rendered":"<div class=\"wp-block-columns are-vertically-aligned-center is-layout-flex wp-container-core-columns-is-layout-28f84493 wp-block-columns-is-layout-flex\">\n<div class=\"wp-block-column is-vertically-aligned-center is-layout-flow wp-block-column-is-layout-flow\">\n<p>Il <strong>Unit\u00e0 flash USB girevole Type-C<\/strong> adotta una struttura composita in metallo e plastica. Il corpo principale \u00e8 caratterizzato da un guscio in lega di alluminio, trattato con un processo di anodizzazione per presentare una fine texture opaca, migliorando la resistenza all'usura e le prestazioni di dissipazione del calore. Il componente rotante \u00e8 realizzato in plastica ingegneristica ABS, che garantisce l'assenza di perdite dopo 10.000 rotazioni, bilanciando leggerezza e durata.<\/p>\n\n\n\n<p>Struttura rotante a 360 gradi per una commutazione senza soluzione di continuit\u00e0 tra le interfacce. <strong>USB-A<\/strong> (interfaccia informatica tradizionale) e<strong> Tipo-C<\/strong> (interfacce per telefoni cellulari\/tablet\/nuovi laptop), compatibile con oltre 95% di dispositivi mainstream.<\/p>\n\n\n\n<p>Quando vengono ruotate, le interfacce vengono riposte in modo naturale, evitando il problema di \"perdere il tappo\" delle unit\u00e0 USB tradizionali. Alcuni modelli sono dotati di tappi in silicone antipolvere per bloccare ulteriormente la polvere e prolungare la durata delle interfacce.<\/p>\n<\/div>\n\n\n\n<div class=\"wp-block-column is-vertically-aligned-center is-layout-flow wp-block-column-is-layout-flow\">\n<figure class=\"wp-block-image size-full\"><img alt=\"\" fetchpriority=\"high\" decoding=\"async\" width=\"800\" height=\"800\" src=\"https:\/\/www.usborkeychain.com\/wp-content\/uploads\/metal-rotating-usb-flash-drive.png\" class=\"wp-image-7428\" srcset=\"https:\/\/www.usborkeychain.com\/wp-content\/uploads\/metal-rotating-usb-flash-drive.png 800w, https:\/\/www.usborkeychain.com\/wp-content\/uploads\/metal-rotating-usb-flash-drive-300x300.png 300w, https:\/\/www.usborkeychain.com\/wp-content\/uploads\/metal-rotating-usb-flash-drive-150x150.png 150w, https:\/\/www.usborkeychain.com\/wp-content\/uploads\/metal-rotating-usb-flash-drive-768x768.png 768w, https:\/\/www.usborkeychain.com\/wp-content\/uploads\/metal-rotating-usb-flash-drive-12x12.png 12w, https:\/\/www.usborkeychain.com\/wp-content\/uploads\/metal-rotating-usb-flash-drive-600x600.png 600w, https:\/\/www.usborkeychain.com\/wp-content\/uploads\/metal-rotating-usb-flash-drive-100x100.png 100w\" sizes=\"(max-width: 800px) 100vw, 800px\" \/><\/figure>\n<\/div>\n<\/div>\n\n\n\n<div class=\"wp-block-columns is-layout-flex wp-container-core-columns-is-layout-28f84493 wp-block-columns-is-layout-flex\">\n<div class=\"wp-block-column is-layout-flow wp-block-column-is-layout-flow\">\n<figure class=\"wp-block-image size-full\"><img alt=\"\" decoding=\"async\" width=\"800\" height=\"800\" src=\"https:\/\/www.usborkeychain.com\/wp-content\/uploads\/swivel-usb-flash-drive.png\" class=\"wp-image-7430\" srcset=\"https:\/\/www.usborkeychain.com\/wp-content\/uploads\/swivel-usb-flash-drive.png 800w, https:\/\/www.usborkeychain.com\/wp-content\/uploads\/swivel-usb-flash-drive-300x300.png 300w, https:\/\/www.usborkeychain.com\/wp-content\/uploads\/swivel-usb-flash-drive-150x150.png 150w, https:\/\/www.usborkeychain.com\/wp-content\/uploads\/swivel-usb-flash-drive-768x768.png 768w, https:\/\/www.usborkeychain.com\/wp-content\/uploads\/swivel-usb-flash-drive-12x12.png 12w, https:\/\/www.usborkeychain.com\/wp-content\/uploads\/swivel-usb-flash-drive-600x600.png 600w, https:\/\/www.usborkeychain.com\/wp-content\/uploads\/swivel-usb-flash-drive-100x100.png 100w\" sizes=\"(max-width: 800px) 100vw, 800px\" \/><\/figure>\n\n\n\n<p>Serie a tinta unita: Sono disponibili 11 colori di base (giallo, rosso, rosa, nero, viola, verde, blu, azzurro, arancione, bianco, rosa), che soddisfano la precisa corrispondenza dei colori del marchio VI.<\/p>\n<\/div>\n\n\n\n<div class=\"wp-block-column is-layout-flow wp-block-column-is-layout-flow\">\n<figure class=\"wp-block-image size-full\"><img alt=\"\" decoding=\"async\" width=\"800\" height=\"800\" src=\"https:\/\/www.usborkeychain.com\/wp-content\/uploads\/Type-c-rotating-usb-dirve.jpg\" class=\"wp-image-7431\" srcset=\"https:\/\/www.usborkeychain.com\/wp-content\/uploads\/Type-c-rotating-usb-dirve.jpg 800w, https:\/\/www.usborkeychain.com\/wp-content\/uploads\/Type-c-rotating-usb-dirve-300x300.jpg 300w, https:\/\/www.usborkeychain.com\/wp-content\/uploads\/Type-c-rotating-usb-dirve-150x150.jpg 150w, https:\/\/www.usborkeychain.com\/wp-content\/uploads\/Type-c-rotating-usb-dirve-768x768.jpg 768w, https:\/\/www.usborkeychain.com\/wp-content\/uploads\/Type-c-rotating-usb-dirve-12x12.jpg 12w, https:\/\/www.usborkeychain.com\/wp-content\/uploads\/Type-c-rotating-usb-dirve-600x600.jpg 600w, https:\/\/www.usborkeychain.com\/wp-content\/uploads\/Type-c-rotating-usb-dirve-100x100.jpg 100w\" sizes=\"(max-width: 800px) 100vw, 800px\" \/><\/figure>\n\n\n\n<p>Blocchi di colore bicolore: Come ad esempio blu + argento, rosso + argento. La lucentezza del metallo e la luminosit\u00e0 della plastica formano un contrasto visivo che migliora il riconoscimento del prodotto, adatto a scenari di regalo di alto livello.<\/p>\n<\/div>\n<\/div>\n\n\n\n<h2 class=\"wp-block-heading\">Parametri fondamentali<\/h2>\n\n\n\n<figure class=\"wp-block-table\"><table class=\"has-fixed-layout\"><thead><tr><th>Categoria di parametri<\/th><th>Dettagli<\/th><\/tr><\/thead><tbody><tr><td>Capacit\u00e0 di stoccaggio<\/td><td>8GB \/ 16GB \/ 32GB \/ 64GB \/ 128GB<\/td><\/tr><tr><td>Protocollo di interfaccia<\/td><td>Interfaccia USB 2.0 (retrocompatibile) + Type-C, compatibile con Windows, MacOS, Android e altri sistemi.<\/td><\/tr><tr><td>Dimensioni fisiche (lunghezza \u00d7 larghezza \u00d7 spessore)<\/td><td>58 mm \u00d7 19 mm \u00d7 10 mm<\/td><\/tr><tr><td>Peso<\/td><td>Circa 10 grammi<\/td><\/tr><tr><td>Processi di personalizzazione del LOGO<\/td><td>Stampa UV: Colori saturi, adatti a motivi complessi (come sfumature, LOGO multicolore)<br>Incisione laser: Incisione fine su superfici metalliche, con una texture di alto livello<br>Serigrafia: Basso costo, adatto per la personalizzazione di massa di testi\/modelli di grandi dimensioni<\/td><\/tr><\/tbody><\/table><\/figure>\n\n\n\n<h2 class=\"wp-block-heading\">Quali aziende preferiscono questa chiavetta USB?<\/h2>\n\n\n\n<div class=\"wp-block-columns is-layout-flex wp-container-core-columns-is-layout-28f84493 wp-block-columns-is-layout-flex\">\n<div class=\"wp-block-column is-layout-flow wp-block-column-is-layout-flow\">\n<figure class=\"wp-block-image size-full\"><img alt=\"\" loading=\"lazy\" decoding=\"async\" width=\"800\" height=\"800\" src=\"https:\/\/www.usborkeychain.com\/wp-content\/uploads\/custom-swivel-usb-flash-drive-1.png\" class=\"wp-image-7426\" srcset=\"https:\/\/www.usborkeychain.com\/wp-content\/uploads\/custom-swivel-usb-flash-drive-1.png 800w, https:\/\/www.usborkeychain.com\/wp-content\/uploads\/custom-swivel-usb-flash-drive-1-300x300.png 300w, https:\/\/www.usborkeychain.com\/wp-content\/uploads\/custom-swivel-usb-flash-drive-1-150x150.png 150w, https:\/\/www.usborkeychain.com\/wp-content\/uploads\/custom-swivel-usb-flash-drive-1-768x768.png 768w, https:\/\/www.usborkeychain.com\/wp-content\/uploads\/custom-swivel-usb-flash-drive-1-12x12.png 12w, https:\/\/www.usborkeychain.com\/wp-content\/uploads\/custom-swivel-usb-flash-drive-1-600x600.png 600w, https:\/\/www.usborkeychain.com\/wp-content\/uploads\/custom-swivel-usb-flash-drive-1-100x100.png 100w\" sizes=\"(max-width: 800px) 100vw, 800px\" \/><\/figure>\n\n\n\n<p>Aziende tecnologiche: Le aziende produttrici di software lo usano per memorizzare i programmi beta e i produttori di hardware per preinstallare i manuali dei prodotti. Le sue doppie interfacce sono compatibili con diversi dispositivi di ricerca e sviluppo e d'ufficio.<\/p>\n\n\n\n<p>Aziende che si occupano di pianificazione di eventi: Nelle riunioni e nelle mostre, memorizza le agende e le informazioni sugli ospiti (con una capacit\u00e0 leggera di 8 GB), il che \u00e8 pratico e memorabile.<\/p>\n<\/div>\n\n\n\n<div class=\"wp-block-column is-layout-flow wp-block-column-is-layout-flow\">\n<figure class=\"wp-block-image size-full\"><img alt=\"\" loading=\"lazy\" decoding=\"async\" width=\"800\" height=\"800\" src=\"https:\/\/www.usborkeychain.com\/wp-content\/uploads\/Customed-Plasic-USB-Flash-Drive.png\" class=\"wp-image-7427\" srcset=\"https:\/\/www.usborkeychain.com\/wp-content\/uploads\/Customed-Plasic-USB-Flash-Drive.png 800w, https:\/\/www.usborkeychain.com\/wp-content\/uploads\/Customed-Plasic-USB-Flash-Drive-300x300.png 300w, https:\/\/www.usborkeychain.com\/wp-content\/uploads\/Customed-Plasic-USB-Flash-Drive-150x150.png 150w, https:\/\/www.usborkeychain.com\/wp-content\/uploads\/Customed-Plasic-USB-Flash-Drive-768x768.png 768w, https:\/\/www.usborkeychain.com\/wp-content\/uploads\/Customed-Plasic-USB-Flash-Drive-12x12.png 12w, https:\/\/www.usborkeychain.com\/wp-content\/uploads\/Customed-Plasic-USB-Flash-Drive-600x600.png 600w, https:\/\/www.usborkeychain.com\/wp-content\/uploads\/Customed-Plasic-USB-Flash-Drive-100x100.png 100w\" sizes=\"(max-width: 800px) 100vw, 800px\" \/><\/figure>\n\n\n\n<p>Istituti scolastici: Gli insegnanti memorizzano il materiale didattico e i modelli di compiti a casa; gli studenti possono collegarsi direttamente ai tablet tramite l'interfaccia Type-C, mentre l'interfaccia USB \u00e8 compatibile con i computer della classe.<\/p>\n\n\n\n<p>Dipartimenti amministrativi aziendali: Al momento dell'assunzione di nuovi dipendenti, il sistema archivia i manuali dei dipendenti e i video di formazione (con una capacit\u00e0 di base di 16 GB), semplificando i processi cartacei.<\/p>\n<\/div>\n<\/div>\n\n\n\n<div class=\"wp-block-columns is-layout-flex wp-container-core-columns-is-layout-28f84493 wp-block-columns-is-layout-flex\">\n<div class=\"wp-block-column is-layout-flow wp-block-column-is-layout-flow\">\n<figure class=\"wp-block-image size-full\"><img alt=\"\" loading=\"lazy\" decoding=\"async\" width=\"800\" height=\"800\" src=\"https:\/\/www.usborkeychain.com\/wp-content\/uploads\/Plastic-rotating-USB-drives.png\" class=\"wp-image-7429\" srcset=\"https:\/\/www.usborkeychain.com\/wp-content\/uploads\/Plastic-rotating-USB-drives.png 800w, https:\/\/www.usborkeychain.com\/wp-content\/uploads\/Plastic-rotating-USB-drives-300x300.png 300w, https:\/\/www.usborkeychain.com\/wp-content\/uploads\/Plastic-rotating-USB-drives-150x150.png 150w, https:\/\/www.usborkeychain.com\/wp-content\/uploads\/Plastic-rotating-USB-drives-768x768.png 768w, https:\/\/www.usborkeychain.com\/wp-content\/uploads\/Plastic-rotating-USB-drives-12x12.png 12w, https:\/\/www.usborkeychain.com\/wp-content\/uploads\/Plastic-rotating-USB-drives-600x600.png 600w, https:\/\/www.usborkeychain.com\/wp-content\/uploads\/Plastic-rotating-USB-drives-100x100.png 100w\" sizes=\"(max-width: 800px) 100vw, 800px\" \/><\/figure>\n<\/div>\n\n\n\n<div class=\"wp-block-column is-vertically-aligned-center is-layout-flow wp-block-column-is-layout-flow\">\n<p>Questa unit\u00e0 flash USB ad alta velocit\u00e0 offre capacit\u00e0 di archiviazione versatili da 8 GB a 128 GB, con un design in metallo resistente e un'interfaccia USB 2.0 per un trasferimento affidabile dei dati. <\/p>\n\n\n\n<p>Supporta la stampa UV personalizzata per il branding e viene fornito con una garanzia di 1 anno che assicura la qualit\u00e0 e il servizio post-vendita, comprese le opzioni di restituzione, sostituzione e riparazione.<\/p>\n<\/div>\n<\/div>","protected":false},"excerpt":{"rendered":"<ul>\n<li>Colore girevole personalizzato<\/li>\n<li>Girevole in plastica\/metallo<\/li>\n<li>Stampa UV<\/li>\n<li>Colore(i): giallo, rosso, nero rosa, viola, verde, blu, azzurro, arancione, rosa, bianco<\/li>\n<li>MOQ: 100pcs<\/li>\n<\/ul>","protected":false},"featured_media":7428,"comment_status":"open","ping_status":"closed","template":"","meta":{"_seopress_robots_primary_cat":"","_seopress_titles_title":"","_seopress_titles_desc":"","_seopress_robots_index":"","site-sidebar-layout":"default","site-content-layout":"","ast-site-content-layout":"","site-content-style":"default","site-sidebar-style":"default","ast-global-header-display":"","ast-banner-title-visibility":"","ast-main-header-display":"","ast-hfb-above-header-display":"","ast-hfb-below-header-display":"","ast-hfb-mobile-header-display":"","site-post-title":"","ast-breadcrumbs-content":"","ast-featured-img":"","footer-sml-layout":"","theme-transparent-header-meta":"","adv-header-id-meta":"","stick-header-meta":"","header-above-stick-meta":"","header-main-stick-meta":"","header-below-stick-meta":"","astra-migrate-meta-layouts":"default","ast-page-background-enabled":"default","ast-page-background-meta":{"desktop":{"background-color":"var(--ast-global-color-5)","background-image":"","background-repeat":"repeat","background-position":"center center","background-size":"auto","background-attachment":"scroll","background-type":"","background-media":"","overlay-type":"","overlay-color":"","overlay-opacity":"","overlay-gradient":""},"tablet":{"background-color":"","background-image":"","background-repeat":"repeat","background-position":"center center","background-size":"auto","background-attachment":"scroll","background-type":"","background-media":"","overlay-type":"","overlay-color":"","overlay-opacity":"","overlay-gradient":""},"mobile":{"background-color":"","background-image":"","background-repeat":"repeat","background-position":"center center","background-size":"auto","background-attachment":"scroll","background-type":"","background-media":"","overlay-type":"","overlay-color":"","overlay-opacity":"","overlay-gradient":""}},"ast-content-background-meta":{"desktop":{"background-color":"var(--ast-global-color-4)","background-image":"","background-repeat":"repeat","background-position":"center center","background-size":"auto","background-attachment":"scroll","background-type":"","background-media":"","overlay-type":"","overlay-color":"","overlay-opacity":"","overlay-gradient":""},"tablet":{"background-color":"var(--ast-global-color-4)","background-image":"","background-repeat":"repeat","background-position":"center center","background-size":"auto","background-attachment":"scroll","background-type":"","background-media":"","overlay-type":"","overlay-color":"","overlay-opacity":"","overlay-gradient":""},"mobile":{"background-color":"var(--ast-global-color-4)","background-image":"","background-repeat":"repeat","background-position":"center center","background-size":"auto","background-attachment":"scroll","background-type":"","background-media":"","overlay-type":"","overlay-color":"","overlay-opacity":"","overlay-gradient":""}}},"product_brand":[],"product_cat":[89,106],"product_tag":[405],"class_list":{"0":"post-7423","1":"product","2":"type-product","3":"status-publish","4":"has-post-thumbnail","6":"product_cat-metal-usb-pendrive","7":"product_cat-rotating-usb-pendrive","8":"product_tag-plastic-rotating-usb-drive","9":"desktop-align-left","10":"tablet-align-left","11":"mobile-align-left","13":"first","14":"instock","15":"shipping-taxable","16":"product-type-simple"},"_links":{"self":[{"href":"https:\/\/www.usborkeychain.com\/it\/wp-json\/wp\/v2\/product\/7423","targetHints":{"allow":["GET"]}}],"collection":[{"href":"https:\/\/www.usborkeychain.com\/it\/wp-json\/wp\/v2\/product"}],"about":[{"href":"https:\/\/www.usborkeychain.com\/it\/wp-json\/wp\/v2\/types\/product"}],"replies":[{"embeddable":true,"href":"https:\/\/www.usborkeychain.com\/it\/wp-json\/wp\/v2\/comments?post=7423"}],"wp:featuredmedia":[{"embeddable":true,"href":"https:\/\/www.usborkeychain.com\/it\/wp-json\/wp\/v2\/media\/7428"}],"wp:attachment":[{"href":"https:\/\/www.usborkeychain.com\/it\/wp-json\/wp\/v2\/media?parent=7423"}],"wp:term":[{"taxonomy":"product_brand","embeddable":true,"href":"https:\/\/www.usborkeychain.com\/it\/wp-json\/wp\/v2\/product_brand?post=7423"},{"taxonomy":"product_cat","embeddable":true,"href":"https:\/\/www.usborkeychain.com\/it\/wp-json\/wp\/v2\/product_cat?post=7423"},{"taxonomy":"product_tag","embeddable":true,"href":"https:\/\/www.usborkeychain.com\/it\/wp-json\/wp\/v2\/product_tag?post=7423"}],"curies":[{"name":"wp","href":"https:\/\/api.w.org\/{rel}","templated":true}]}}