{"id":7677,"date":"2025-09-14T11:33:07","date_gmt":"2025-09-14T11:33:07","guid":{"rendered":"https:\/\/www.usborkeychain.com\/?post_type=product&#038;p=7677"},"modified":"2025-09-15T04:37:01","modified_gmt":"2025-09-15T04:37:01","slug":"porsche-usb-stick","status":"publish","type":"product","link":"https:\/\/www.usborkeychain.com\/it\/prodotto\/porsche-usb-stick\/","title":{"rendered":"Chiavetta USB Porsche"},"content":{"rendered":"<div class=\"wp-block-columns is-layout-flex wp-container-core-columns-is-layout-28f84493 wp-block-columns-is-layout-flex\">\n<div class=\"wp-block-column is-vertically-aligned-center is-layout-flow wp-block-column-is-layout-flow\">\n<p><strong>Chiavetta USB Porsche<\/strong> \u00e8 stata progettata sulla base della classica chiave dell'auto Porsche, replicando con precisione l'iconico stemma del marchio, la disposizione dei pulsanti e la texture nero-argento. Integra il lussuoso appeal visivo di una chiave d'auto con la pratica funzionalit\u00e0 di una chiavetta USB ed \u00e8 molto amata dagli appassionati di auto e dagli amanti del digitale.<\/p>\n<\/div>\n\n\n\n<div class=\"wp-block-column is-layout-flow wp-block-column-is-layout-flow\">\n<figure class=\"wp-block-image size-full\"><img alt=\"\" fetchpriority=\"high\" decoding=\"async\" width=\"800\" height=\"800\" src=\"https:\/\/www.usborkeychain.com\/wp-content\/uploads\/porsche-key-usb-memory-stick.jpg\" class=\"wp-image-7681\" srcset=\"https:\/\/www.usborkeychain.com\/wp-content\/uploads\/porsche-key-usb-memory-stick.jpg 800w, https:\/\/www.usborkeychain.com\/wp-content\/uploads\/porsche-key-usb-memory-stick-300x300.jpg 300w, https:\/\/www.usborkeychain.com\/wp-content\/uploads\/porsche-key-usb-memory-stick-150x150.jpg 150w, https:\/\/www.usborkeychain.com\/wp-content\/uploads\/porsche-key-usb-memory-stick-768x768.jpg 768w, https:\/\/www.usborkeychain.com\/wp-content\/uploads\/porsche-key-usb-memory-stick-12x12.jpg 12w, https:\/\/www.usborkeychain.com\/wp-content\/uploads\/porsche-key-usb-memory-stick-600x600.jpg 600w, https:\/\/www.usborkeychain.com\/wp-content\/uploads\/porsche-key-usb-memory-stick-100x100.jpg 100w\" sizes=\"(max-width: 800px) 100vw, 800px\" \/><\/figure>\n<\/div>\n<\/div>\n\n\n\n<h2 class=\"wp-block-heading\">Tabella dei parametri dell'unit\u00e0 USB<\/h2>\n\n\n\n<figure class=\"wp-block-table\"><table class=\"has-fixed-layout\"><tbody><tr><td>Categoria di parametri<\/td><td>Informazioni specifiche<\/td><\/tr><tr><td>Capacit\u00e0 di stoccaggio<\/td><td>8GB, 16GB, 32GB, 64GB, 128GB<\/td><\/tr><tr><td>Peso del prodotto<\/td><td>0,1 kg<\/td><\/tr><tr><td>Dimensioni<\/td><td>Circa 80 mm \u00d7 30 mm \u00d7 15 mm<\/td><\/tr><tr><td>Tipo di interfaccia<\/td><td>USB 2.0, USB 3.0<\/td><\/tr><tr><td>Materiale principale<\/td><td>Metallo + plastica<\/td><\/tr><\/tbody><\/table><\/figure>\n\n\n\n<h2 class=\"wp-block-heading\">Descrizione<\/h2>\n\n\n\n<div class=\"wp-block-columns is-layout-flex wp-container-core-columns-is-layout-28f84493 wp-block-columns-is-layout-flex\">\n<div class=\"wp-block-column is-layout-flow wp-block-column-is-layout-flow\">\n<figure class=\"wp-block-image size-full\"><img alt=\"\" decoding=\"async\" width=\"800\" height=\"800\" src=\"https:\/\/www.usborkeychain.com\/wp-content\/uploads\/porsche-key-usb-stick.png\" class=\"wp-image-7682\" srcset=\"https:\/\/www.usborkeychain.com\/wp-content\/uploads\/porsche-key-usb-stick.png 800w, https:\/\/www.usborkeychain.com\/wp-content\/uploads\/porsche-key-usb-stick-300x300.png 300w, https:\/\/www.usborkeychain.com\/wp-content\/uploads\/porsche-key-usb-stick-150x150.png 150w, https:\/\/www.usborkeychain.com\/wp-content\/uploads\/porsche-key-usb-stick-768x768.png 768w, https:\/\/www.usborkeychain.com\/wp-content\/uploads\/porsche-key-usb-stick-12x12.png 12w, https:\/\/www.usborkeychain.com\/wp-content\/uploads\/porsche-key-usb-stick-600x600.png 600w, https:\/\/www.usborkeychain.com\/wp-content\/uploads\/porsche-key-usb-stick-100x100.png 100w\" sizes=\"(max-width: 800px) 100vw, 800px\" \/><\/figure>\n<\/div>\n\n\n\n<div class=\"wp-block-column is-vertically-aligned-center is-layout-flow wp-block-column-is-layout-flow\">\n<p>Questo <strong>Chiavetta USB Porsche Design<\/strong>  Il lato anteriore presenta l'emblema della chiave dell'auto Porsche e un indicatore luminoso a LED rosso si illumina quando la chiavetta USB \u00e8 collegata a un dispositivo, consentendo di visualizzare chiaramente lo stato di connessione a colpo d'occhio. Il meccanismo di scorrimento sul fondo protegge l'interfaccia USB quando non viene utilizzata.<\/p>\n<\/div>\n<\/div>\n\n\n\n<div class=\"wp-block-columns is-layout-flex wp-container-core-columns-is-layout-28f84493 wp-block-columns-is-layout-flex\">\n<div class=\"wp-block-column is-vertically-aligned-center is-layout-flow wp-block-column-is-layout-flow\">\n<p>Il design a scorrimento del <strong>Chiavetta USB Porsche<\/strong> La chiavetta USB Porsche \u00e8 molto apprezzata dagli appassionati di Porsche, dai professionisti del settore e dalle societ\u00e0 di vendita di automobili. <\/p>\n\n\n\n<p>In scenari come le riunioni di lavoro e le comunicazioni con i clienti, pu\u00f2 essere utilizzato come oggetto da collezione e per archiviare foto e documenti, mettendo in mostra il gusto personale e l'individualit\u00e0. Come regalo digitale di alta gamma, \u00e8 pi\u00f9 adatto a parenti e amici che amano la Porsche e perseguono una vita di qualit\u00e0.<\/p>\n<\/div>\n\n\n\n<div class=\"wp-block-column is-layout-flow wp-block-column-is-layout-flow\">\n<figure class=\"wp-block-image size-full\"><img alt=\"\" decoding=\"async\" width=\"800\" height=\"800\" src=\"https:\/\/www.usborkeychain.com\/wp-content\/uploads\/porsche-usb-memory-stick.jpg\" class=\"wp-image-7683\" srcset=\"https:\/\/www.usborkeychain.com\/wp-content\/uploads\/porsche-usb-memory-stick.jpg 800w, https:\/\/www.usborkeychain.com\/wp-content\/uploads\/porsche-usb-memory-stick-300x300.jpg 300w, https:\/\/www.usborkeychain.com\/wp-content\/uploads\/porsche-usb-memory-stick-150x150.jpg 150w, https:\/\/www.usborkeychain.com\/wp-content\/uploads\/porsche-usb-memory-stick-768x768.jpg 768w, https:\/\/www.usborkeychain.com\/wp-content\/uploads\/porsche-usb-memory-stick-12x12.jpg 12w, https:\/\/www.usborkeychain.com\/wp-content\/uploads\/porsche-usb-memory-stick-600x600.jpg 600w, https:\/\/www.usborkeychain.com\/wp-content\/uploads\/porsche-usb-memory-stick-100x100.jpg 100w\" sizes=\"(max-width: 800px) 100vw, 800px\" \/><\/figure>\n<\/div>\n<\/div>\n\n\n\n<div class=\"wp-block-columns is-layout-flex wp-container-core-columns-is-layout-28f84493 wp-block-columns-is-layout-flex\">\n<div class=\"wp-block-column is-layout-flow wp-block-column-is-layout-flow\">\n<figure class=\"wp-block-image size-full\"><img alt=\"\" loading=\"lazy\" decoding=\"async\" width=\"800\" height=\"800\" src=\"https:\/\/www.usborkeychain.com\/wp-content\/uploads\/porsche-design-usb-stick.png\" class=\"wp-image-7680\" srcset=\"https:\/\/www.usborkeychain.com\/wp-content\/uploads\/porsche-design-usb-stick.png 800w, https:\/\/www.usborkeychain.com\/wp-content\/uploads\/porsche-design-usb-stick-300x300.png 300w, https:\/\/www.usborkeychain.com\/wp-content\/uploads\/porsche-design-usb-stick-150x150.png 150w, https:\/\/www.usborkeychain.com\/wp-content\/uploads\/porsche-design-usb-stick-768x768.png 768w, https:\/\/www.usborkeychain.com\/wp-content\/uploads\/porsche-design-usb-stick-12x12.png 12w, https:\/\/www.usborkeychain.com\/wp-content\/uploads\/porsche-design-usb-stick-600x600.png 600w, https:\/\/www.usborkeychain.com\/wp-content\/uploads\/porsche-design-usb-stick-100x100.png 100w\" sizes=\"(max-width: 800px) 100vw, 800px\" \/><\/figure>\n<\/div>\n\n\n\n<div class=\"wp-block-column is-vertically-aligned-center is-layout-flow wp-block-column-is-layout-flow\">\n<p>Il <strong>Chiave USB Porsche<\/strong>con il suo design a \"chiave d'auto Porsche\", gli eccellenti parametri di memorizzazione e l'adattabilit\u00e0 ai sentimenti dei fan e agli scenari lavorativi\/regalistici, \u00e8 diventata un'unit\u00e0 USB distintiva sul mercato che combina \"bell'aspetto\" e \"praticit\u00e0\".<\/p>\n\n\n\n<p><strong>Youshan<\/strong> L'azienda, in qualit\u00e0 di produttore professionale di drive USB, offre design e campioni gratuiti, fornendo un servizio one-stop che copre la progettazione di drive USB, lo stampaggio, il campionamento, la produzione e l'imballaggio.<\/p>\n<\/div>\n<\/div>","protected":false},"excerpt":{"rendered":"<ul>\n<li>Chiave USB Porsche<\/li>\n<li>Materiale: PVC<\/li>\n<li>Meccanismo di scorrimento per l'estensione del bastone<\/li>\n<li>Colore nero \/ cromo<\/li>\n<li>Porsche WAP0507150M001<\/li>\n<\/ul>","protected":false},"featured_media":7684,"comment_status":"open","ping_status":"closed","template":"","meta":{"_seopress_robots_primary_cat":"","_seopress_titles_title":"","_seopress_titles_desc":"","_seopress_robots_index":"","site-sidebar-layout":"default","site-content-layout":"","ast-site-content-layout":"","site-content-style":"default","site-sidebar-style":"default","ast-global-header-display":"","ast-banner-title-visibility":"","ast-main-header-display":"","ast-hfb-above-header-display":"","ast-hfb-below-header-display":"","ast-hfb-mobile-header-display":"","site-post-title":"","ast-breadcrumbs-content":"","ast-featured-img":"disabled","footer-sml-layout":"","theme-transparent-header-meta":"","adv-header-id-meta":"","stick-header-meta":"","header-above-stick-meta":"","header-main-stick-meta":"","header-below-stick-meta":"","astra-migrate-meta-layouts":"default","ast-page-background-enabled":"default","ast-page-background-meta":{"desktop":{"background-color":"var(--ast-global-color-5)","background-image":"","background-repeat":"repeat","background-position":"center center","background-size":"auto","background-attachment":"scroll","background-type":"","background-media":"","overlay-type":"","overlay-color":"","overlay-opacity":"","overlay-gradient":""},"tablet":{"background-color":"","background-image":"","background-repeat":"repeat","background-position":"center center","background-size":"auto","background-attachment":"scroll","background-type":"","background-media":"","overlay-type":"","overlay-color":"","overlay-opacity":"","overlay-gradient":""},"mobile":{"background-color":"","background-image":"","background-repeat":"repeat","background-position":"center center","background-size":"auto","background-attachment":"scroll","background-type":"","background-media":"","overlay-type":"","overlay-color":"","overlay-opacity":"","overlay-gradient":""}},"ast-content-background-meta":{"desktop":{"background-color":"var(--ast-global-color-4)","background-image":"","background-repeat":"repeat","background-position":"center center","background-size":"auto","background-attachment":"scroll","background-type":"","background-media":"","overlay-type":"","overlay-color":"","overlay-opacity":"","overlay-gradient":""},"tablet":{"background-color":"var(--ast-global-color-4)","background-image":"","background-repeat":"repeat","background-position":"center center","background-size":"auto","background-attachment":"scroll","background-type":"","background-media":"","overlay-type":"","overlay-color":"","overlay-opacity":"","overlay-gradient":""},"mobile":{"background-color":"var(--ast-global-color-4)","background-image":"","background-repeat":"repeat","background-position":"center center","background-size":"auto","background-attachment":"scroll","background-type":"","background-media":"","overlay-type":"","overlay-color":"","overlay-opacity":"","overlay-gradient":""}}},"product_brand":[],"product_cat":[108,92],"product_tag":[],"class_list":{"0":"post-7677","1":"product","2":"type-product","3":"status-publish","4":"has-post-thumbnail","6":"product_cat-key-shaped-usb-pendrive","7":"product_cat-plastic-usb-pendrive","8":"desktop-align-left","9":"tablet-align-left","10":"mobile-align-left","12":"first","13":"instock","14":"shipping-taxable","15":"product-type-simple"},"_links":{"self":[{"href":"https:\/\/www.usborkeychain.com\/it\/wp-json\/wp\/v2\/product\/7677","targetHints":{"allow":["GET"]}}],"collection":[{"href":"https:\/\/www.usborkeychain.com\/it\/wp-json\/wp\/v2\/product"}],"about":[{"href":"https:\/\/www.usborkeychain.com\/it\/wp-json\/wp\/v2\/types\/product"}],"replies":[{"embeddable":true,"href":"https:\/\/www.usborkeychain.com\/it\/wp-json\/wp\/v2\/comments?post=7677"}],"wp:featuredmedia":[{"embeddable":true,"href":"https:\/\/www.usborkeychain.com\/it\/wp-json\/wp\/v2\/media\/7684"}],"wp:attachment":[{"href":"https:\/\/www.usborkeychain.com\/it\/wp-json\/wp\/v2\/media?parent=7677"}],"wp:term":[{"taxonomy":"product_brand","embeddable":true,"href":"https:\/\/www.usborkeychain.com\/it\/wp-json\/wp\/v2\/product_brand?post=7677"},{"taxonomy":"product_cat","embeddable":true,"href":"https:\/\/www.usborkeychain.com\/it\/wp-json\/wp\/v2\/product_cat?post=7677"},{"taxonomy":"product_tag","embeddable":true,"href":"https:\/\/www.usborkeychain.com\/it\/wp-json\/wp\/v2\/product_tag?post=7677"}],"curies":[{"name":"wp","href":"https:\/\/api.w.org\/{rel}","templated":true}]}}