{"id":2089,"date":"2025-06-18T06:14:12","date_gmt":"2025-06-18T06:14:12","guid":{"rendered":"https:\/\/www.usborkeychain.com\/?post_type=product&#038;p=2089"},"modified":"2025-08-02T16:18:31","modified_gmt":"2025-08-02T16:18:31","slug":"usb2-0-keychain-leather-usb-flash-drive","status":"publish","type":"product","link":"https:\/\/www.usborkeychain.com\/pt\/produto\/usb2-0-keychain-leather-usb-flash-drive\/","title":{"rendered":"Unidade flash USB de couro para chaveiro USB2.0"},"content":{"rendered":"<div class=\"wp-block-columns are-vertically-aligned-center is-layout-flex wp-container-core-columns-is-layout-28f84493 wp-block-columns-is-layout-flex\">\n<div class=\"wp-block-column is-vertically-aligned-center is-layout-flow wp-block-column-is-layout-flow\">\n<figure class=\"wp-block-image size-full\"><img fetchpriority=\"high\" decoding=\"async\" width=\"800\" height=\"800\" src=\"https:\/\/www.usborkeychain.com\/wp-content\/uploads\/USB2.0-Keychain-Leather-USB-Flash-Drive-1-1.jpg\" alt=\"USB2.0 Keychain Leather USB Flash Drive-1\" class=\"wp-image-2121\" srcset=\"https:\/\/www.usborkeychain.com\/wp-content\/uploads\/USB2.0-Keychain-Leather-USB-Flash-Drive-1-1.jpg 800w, https:\/\/www.usborkeychain.com\/wp-content\/uploads\/USB2.0-Keychain-Leather-USB-Flash-Drive-1-1-300x300.jpg 300w, https:\/\/www.usborkeychain.com\/wp-content\/uploads\/USB2.0-Keychain-Leather-USB-Flash-Drive-1-1-150x150.jpg 150w, https:\/\/www.usborkeychain.com\/wp-content\/uploads\/USB2.0-Keychain-Leather-USB-Flash-Drive-1-1-768x768.jpg 768w, https:\/\/www.usborkeychain.com\/wp-content\/uploads\/USB2.0-Keychain-Leather-USB-Flash-Drive-1-1-12x12.jpg 12w, https:\/\/www.usborkeychain.com\/wp-content\/uploads\/USB2.0-Keychain-Leather-USB-Flash-Drive-1-1-600x600.jpg 600w, https:\/\/www.usborkeychain.com\/wp-content\/uploads\/USB2.0-Keychain-Leather-USB-Flash-Drive-1-1-100x100.jpg 100w\" sizes=\"(max-width: 800px) 100vw, 800px\" \/><\/figure>\n<\/div>\n\n\n\n<div class=\"wp-block-column is-vertically-aligned-center is-layout-flow wp-block-column-is-layout-flow\">\n<p>Essa unidade flash USB de couro para chaveiro USB2.0 rompe o design mon\u00f3tono das unidades USB tradicionais ao integrar engenhosamente elementos de chaveiro. <\/p>\n\n\n\n<p>Al\u00e9m de ser f\u00e1cil de carregar, \u00e9 tamb\u00e9m um acess\u00f3rio moderno. O pen drive apresenta um estojo de couro de alta qualidade, que oferece um toque suave e excelente resist\u00eancia ao desgaste, o que destaca sua qualidade. <\/p>\n\n\n\n<p>O rebite de metal na parte superior do estojo de couro n\u00e3o serve apenas como refor\u00e7o, mas tamb\u00e9m acrescenta um toque de estilo industrial retr\u00f4 ao design geral. O estojo de couro \u00e9 conectado \u00e0 unidade USB por uma corrente de metal, garantindo uma fixa\u00e7\u00e3o segura e eliminando a preocupa\u00e7\u00e3o de perda acidental. <\/p>\n\n\n\n<p>Seja para uso pessoal ou como presente, este pen drive de couro para chaveiro com o melhor design - sense \u00e9 uma excelente op\u00e7\u00e3o, tornando o armazenamento de dados mais elegante!<\/p>\n<\/div>\n<\/div>\n\n\n\n<div style=\"height:50px\" aria-hidden=\"true\" class=\"wp-block-spacer\"><\/div>\n\n\n\n<h2 class=\"wp-block-heading\">Interfaces e par\u00e2metros da unidade flash USB2.0 de couro para chaveiro<\/h2>\n\n\n\n<p>Como um dispositivo de armazenamento baseado no protocolo USB2.0, essa unidade USB de chaveiro foi submetida a testes rigorosos em termos de velocidade de transmiss\u00e3o, compatibilidade, durabilidade etc. A seguir, a tabela de par\u00e2metros principais (tomando a vers\u00e3o de 16 GB como exemplo):<\/p>\n\n\n\n<figure class=\"wp-block-table\"><table class=\"has-fixed-layout\"><thead><tr><th>Tipo de par\u00e2metro<\/th><th>Par\u00e2metros espec\u00edficos<\/th><\/tr><\/thead><tbody><tr><td>Tipo de interface<\/td><td>USB2.0 (compat\u00edvel com USB1.1\/3.0, compat\u00edvel com dispositivos convencionais)<\/td><\/tr><tr><td>Capacidade de armazenamento<\/td><td>8GB, 16GB, 32GB, 64GB<\/td><\/tr><tr><td>Velocidade de leitura\/grava\u00e7\u00e3o<\/td><td>Velocidade de leitura: 15 MB\/s; velocidade de grava\u00e7\u00e3o: 5 MB\/s<\/td><\/tr><tr><td>Tens\u00e3o de trabalho<\/td><td>5V\u00b10,25V<\/td><\/tr><tr><td>Temperatura de trabalho<\/td><td>0\u2103 - 60\u2103<\/td><\/tr><tr><td>Material<\/td><td>Camada externa: couro bovino de gr\u00e3o superior; camada interna: silicone macio (para proteger a interface USB contra arranh\u00f5es)<\/td><\/tr><tr><td>Tamanho<\/td><td>35*<em>15<\/em>*8mm<\/td><\/tr><tr><td>Peso<\/td><td>15g<\/td><\/tr><\/tbody><\/table><\/figure>\n\n\n\n<div style=\"height:50px\" aria-hidden=\"true\" class=\"wp-block-spacer\"><\/div>\n\n\n\n<h2 class=\"wp-block-heading\">O logotipo da unidade flash USB de couro com chaveiro USB2.0 pode ser personalizado?<\/h2>\n\n\n\n<div class=\"wp-block-columns is-layout-flex wp-container-core-columns-is-layout-28f84493 wp-block-columns-is-layout-flex\">\n<div class=\"wp-block-column is-vertically-aligned-center is-layout-flow wp-block-column-is-layout-flow\">\n<p>Claro que sim! Esse drive USB permite a personaliza\u00e7\u00e3o do logotipo na frente e no verso, e h\u00e1 tr\u00eas m\u00e9todos dispon\u00edveis: grava\u00e7\u00e3o a laser, serigrafia e grava\u00e7\u00e3o em relevo. <\/p>\n\n\n\n<p>O logotipo gravado a laser \u00e9 n\u00edtido e delicado, e tem a caracter\u00edstica de ser resistente a cores por muito tempo. A serigrafia pode apresentar cores ricas, tornando o logotipo mais v\u00edvido. <\/p>\n\n\n\n<p>A grava\u00e7\u00e3o em relevo formar\u00e1 uma textura c\u00f4ncava e convexa exclusiva na superf\u00edcie do estojo de couro, mostrando uma qualidade de ponta. Al\u00e9m disso, tamb\u00e9m oferecemos suporte \u00e0 personaliza\u00e7\u00e3o de logotipos para embalagens. <\/p>\n\n\n\n<p>Quer seja usado como brinde promocional de uma empresa ou como lembran\u00e7a pessoal exclusiva, a personalidade \u00fanica e o charme da marca podem ser mostrados por meio da personaliza\u00e7\u00e3o do logotipo.<\/p>\n<\/div>\n\n\n\n<div class=\"wp-block-column is-layout-flow wp-block-column-is-layout-flow\">\n<figure class=\"wp-block-image size-full\"><img decoding=\"async\" width=\"800\" height=\"800\" src=\"https:\/\/www.usborkeychain.com\/wp-content\/uploads\/Vintage-inspired-leather-USB-drive.jpg\" alt=\"Vintage-inspired-leather-USB-drive\" class=\"wp-image-2123\" srcset=\"https:\/\/www.usborkeychain.com\/wp-content\/uploads\/Vintage-inspired-leather-USB-drive.jpg 800w, https:\/\/www.usborkeychain.com\/wp-content\/uploads\/Vintage-inspired-leather-USB-drive-300x300.jpg 300w, https:\/\/www.usborkeychain.com\/wp-content\/uploads\/Vintage-inspired-leather-USB-drive-150x150.jpg 150w, https:\/\/www.usborkeychain.com\/wp-content\/uploads\/Vintage-inspired-leather-USB-drive-768x768.jpg 768w, https:\/\/www.usborkeychain.com\/wp-content\/uploads\/Vintage-inspired-leather-USB-drive-12x12.jpg 12w, https:\/\/www.usborkeychain.com\/wp-content\/uploads\/Vintage-inspired-leather-USB-drive-600x600.jpg 600w, https:\/\/www.usborkeychain.com\/wp-content\/uploads\/Vintage-inspired-leather-USB-drive-100x100.jpg 100w\" sizes=\"(max-width: 800px) 100vw, 800px\" \/><\/figure>\n<\/div>\n<\/div>\n\n\n\n<h2 class=\"wp-block-heading\">Qual \u00e9 a embalagem da unidade flash USB de couro para chaveiro USB2.0?<\/h2>\n\n\n\n<div class=\"wp-block-columns is-layout-flex wp-container-core-columns-is-layout-28f84493 wp-block-columns-is-layout-flex\">\n<div class=\"wp-block-column is-layout-flow wp-block-column-is-layout-flow\">\n<figure class=\"wp-block-image size-full\"><img decoding=\"async\" width=\"800\" height=\"975\" src=\"https:\/\/www.usborkeychain.com\/wp-content\/uploads\/Packaging-Options.jpg\" alt=\"Packaging Options\" class=\"wp-image-2125\" srcset=\"https:\/\/www.usborkeychain.com\/wp-content\/uploads\/Packaging-Options.jpg 800w, https:\/\/www.usborkeychain.com\/wp-content\/uploads\/Packaging-Options-246x300.jpg 246w, https:\/\/www.usborkeychain.com\/wp-content\/uploads\/Packaging-Options-768x936.jpg 768w, https:\/\/www.usborkeychain.com\/wp-content\/uploads\/Packaging-Options-10x12.jpg 10w, https:\/\/www.usborkeychain.com\/wp-content\/uploads\/Packaging-Options-600x731.jpg 600w\" sizes=\"(max-width: 800px) 100vw, 800px\" \/><\/figure>\n<\/div>\n\n\n\n<div class=\"wp-block-column is-vertically-aligned-center is-layout-flow wp-block-column-is-layout-flow\">\n<p>Oferecemos uma variedade de op\u00e7\u00f5es de embalagem para essa unidade USB. A embalagem padr\u00e3o de f\u00e1brica \u00e9 uma bolsa de PP, que \u00e9 leve e pode proteger o pen drive com efici\u00eancia, adequada para uso di\u00e1rio e cen\u00e1rios simples de presentear. <\/p>\n\n\n\n<p>Ao mesmo tempo, tamb\u00e9m fornecemos suporte para embalagens de caixas de ferro e embalagens de caixas pl\u00e1sticas. <\/p>\n\n\n\n<p>A embalagem da caixa de ferro \u00e9 forte e dur\u00e1vel, com um certo valor de cole\u00e7\u00e3o. A embalagem da caixa de pl\u00e1stico \u00e9 transparente e bonita, o que permite exibir intuitivamente a apar\u00eancia requintada da unidade USB. <\/p>\n\n\n\n<p>Seja para armazenamento pessoal ou para presentear, ele pode dar mais brilho ao produto.<\/p>\n<\/div>\n<\/div>\n\n\n\n<h2 class=\"wp-block-heading\">Conclus\u00e3o<\/h2>\n\n\n\n<p>Essa unidade flash USB de couro para chaveiro USB2.0, com seu design exclusivo de chaveiro, material de couro de alta qualidade, par\u00e2metros de desempenho est\u00e1veis e op\u00e7\u00f5es avan\u00e7adas de personaliza\u00e7\u00e3o e embalagem, tornou-se um dispositivo de armazenamento que combina praticidade e est\u00e9tica. Seja para o armazenamento de dados pessoais ou para a aquisi\u00e7\u00e3o de brindes empresariais, ele pode se adaptar perfeitamente a v\u00e1rios cen\u00e1rios. Escolher essa unidade USB significa escolher qualidade e estilo. Fa\u00e7a seu pedido agora e comece uma nova experi\u00eancia de armazenamento na moda!<\/p>","protected":false},"excerpt":{"rendered":"<ul>\n<li>Unidade flash USB de couro para chaveiro USB2.0<\/li>\n<li>A frente e o verso do estojo de couro podem ser personalizados com logotipos.<\/li>\n<li>Interface: USB2.0\/USB3.0<\/li>\n<li>Capacidades dispon\u00edveis: 8GB, 16GB, 32GB, 64GB, 128GB.<\/li>\n<\/ul>","protected":false},"featured_media":2117,"comment_status":"open","ping_status":"closed","template":"","meta":{"_seopress_robots_primary_cat":"","_seopress_titles_title":"","_seopress_titles_desc":"","_seopress_robots_index":"","site-sidebar-layout":"default","site-content-layout":"","ast-site-content-layout":"","site-content-style":"default","site-sidebar-style":"default","ast-global-header-display":"","ast-banner-title-visibility":"","ast-main-header-display":"","ast-hfb-above-header-display":"","ast-hfb-below-header-display":"","ast-hfb-mobile-header-display":"","site-post-title":"","ast-breadcrumbs-content":"","ast-featured-img":"","footer-sml-layout":"","theme-transparent-header-meta":"","adv-header-id-meta":"","stick-header-meta":"","header-above-stick-meta":"","header-main-stick-meta":"","header-below-stick-meta":"","astra-migrate-meta-layouts":"default","ast-page-background-enabled":"default","ast-page-background-meta":{"desktop":{"background-color":"var(--ast-global-color-5)","background-image":"","background-repeat":"repeat","background-position":"center center","background-size":"auto","background-attachment":"scroll","background-type":"","background-media":"","overlay-type":"","overlay-color":"","overlay-opacity":"","overlay-gradient":""},"tablet":{"background-color":"","background-image":"","background-repeat":"repeat","background-position":"center center","background-size":"auto","background-attachment":"scroll","background-type":"","background-media":"","overlay-type":"","overlay-color":"","overlay-opacity":"","overlay-gradient":""},"mobile":{"background-color":"","background-image":"","background-repeat":"repeat","background-position":"center center","background-size":"auto","background-attachment":"scroll","background-type":"","background-media":"","overlay-type":"","overlay-color":"","overlay-opacity":"","overlay-gradient":""}},"ast-content-background-meta":{"desktop":{"background-color":"var(--ast-global-color-4)","background-image":"","background-repeat":"repeat","background-position":"center center","background-size":"auto","background-attachment":"scroll","background-type":"","background-media":"","overlay-type":"","overlay-color":"","overlay-opacity":"","overlay-gradient":""},"tablet":{"background-color":"var(--ast-global-color-4)","background-image":"","background-repeat":"repeat","background-position":"center center","background-size":"auto","background-attachment":"scroll","background-type":"","background-media":"","overlay-type":"","overlay-color":"","overlay-opacity":"","overlay-gradient":""},"mobile":{"background-color":"var(--ast-global-color-4)","background-image":"","background-repeat":"repeat","background-position":"center center","background-size":"auto","background-attachment":"scroll","background-type":"","background-media":"","overlay-type":"","overlay-color":"","overlay-opacity":"","overlay-gradient":""}}},"product_brand":[],"product_cat":[90,101],"product_tag":[],"class_list":{"0":"post-2089","1":"product","2":"type-product","3":"status-publish","4":"has-post-thumbnail","6":"product_cat-leather-usb-pendrive","7":"product_cat-usb-pendrive-with-keychain","8":"desktop-align-left","9":"tablet-align-left","10":"mobile-align-left","12":"first","13":"instock","14":"sale","15":"shipping-taxable","16":"purchasable","17":"product-type-variable"},"_links":{"self":[{"href":"https:\/\/www.usborkeychain.com\/pt\/wp-json\/wp\/v2\/product\/2089","targetHints":{"allow":["GET"]}}],"collection":[{"href":"https:\/\/www.usborkeychain.com\/pt\/wp-json\/wp\/v2\/product"}],"about":[{"href":"https:\/\/www.usborkeychain.com\/pt\/wp-json\/wp\/v2\/types\/product"}],"replies":[{"embeddable":true,"href":"https:\/\/www.usborkeychain.com\/pt\/wp-json\/wp\/v2\/comments?post=2089"}],"wp:featuredmedia":[{"embeddable":true,"href":"https:\/\/www.usborkeychain.com\/pt\/wp-json\/wp\/v2\/media\/2117"}],"wp:attachment":[{"href":"https:\/\/www.usborkeychain.com\/pt\/wp-json\/wp\/v2\/media?parent=2089"}],"wp:term":[{"taxonomy":"product_brand","embeddable":true,"href":"https:\/\/www.usborkeychain.com\/pt\/wp-json\/wp\/v2\/product_brand?post=2089"},{"taxonomy":"product_cat","embeddable":true,"href":"https:\/\/www.usborkeychain.com\/pt\/wp-json\/wp\/v2\/product_cat?post=2089"},{"taxonomy":"product_tag","embeddable":true,"href":"https:\/\/www.usborkeychain.com\/pt\/wp-json\/wp\/v2\/product_tag?post=2089"}],"curies":[{"name":"wp","href":"https:\/\/api.w.org\/{rel}","templated":true}]}}