{"id":2100,"date":"2025-06-18T05:06:53","date_gmt":"2025-06-18T05:06:53","guid":{"rendered":"https:\/\/www.usborkeychain.com\/?post_type=product&#038;p=2100"},"modified":"2025-07-10T00:23:05","modified_gmt":"2025-07-10T00:23:05","slug":"the-elliptical-wooden-usb-flash-drive","status":"publish","type":"product","link":"https:\/\/www.usborkeychain.com\/pt\/produto\/the-elliptical-wooden-usb-flash-drive\/","title":{"rendered":"A unidade flash USB el\u00edptica de madeira"},"content":{"rendered":"<h2 class=\"wp-block-heading\">O que \u00e9 a unidade flash USB el\u00edptica de madeira?<\/h2>\n\n\n\n<div class=\"wp-block-columns is-layout-flex wp-container-core-columns-is-layout-28f84493 wp-block-columns-is-layout-flex\">\n<div class=\"wp-block-column is-layout-flow wp-block-column-is-layout-flow\">\n<figure class=\"wp-block-image aligncenter size-full is-resized\"><img fetchpriority=\"high\" decoding=\"async\" width=\"800\" height=\"800\" src=\"https:\/\/www.usborkeychain.com\/wp-content\/uploads\/Oval-Wooden-USB-Pen-Drive-Package-box.jpg\" alt=\"Oval Wooden USB Pen Drive Package box\" class=\"wp-image-2110\" style=\"width:450px\" srcset=\"https:\/\/www.usborkeychain.com\/wp-content\/uploads\/Oval-Wooden-USB-Pen-Drive-Package-box.jpg 800w, https:\/\/www.usborkeychain.com\/wp-content\/uploads\/Oval-Wooden-USB-Pen-Drive-Package-box-300x300.jpg 300w, https:\/\/www.usborkeychain.com\/wp-content\/uploads\/Oval-Wooden-USB-Pen-Drive-Package-box-150x150.jpg 150w, https:\/\/www.usborkeychain.com\/wp-content\/uploads\/Oval-Wooden-USB-Pen-Drive-Package-box-768x768.jpg 768w, https:\/\/www.usborkeychain.com\/wp-content\/uploads\/Oval-Wooden-USB-Pen-Drive-Package-box-12x12.jpg 12w, https:\/\/www.usborkeychain.com\/wp-content\/uploads\/Oval-Wooden-USB-Pen-Drive-Package-box-600x600.jpg 600w, https:\/\/www.usborkeychain.com\/wp-content\/uploads\/Oval-Wooden-USB-Pen-Drive-Package-box-100x100.jpg 100w\" sizes=\"(max-width: 800px) 100vw, 800px\" \/><\/figure>\n<\/div>\n\n\n\n<div class=\"wp-block-column is-vertically-aligned-center is-layout-flow wp-block-column-is-layout-flow\">\n<p>A unidade flash USB el\u00edptica de madeira adota um design de tampa el\u00edptica integrada. A tampa do USB \u00e9 equipada com uma forte fivela magn\u00e9tica que adere firmemente quando fechada, resolvendo completamente o problema de \"perder a tampa\".<\/p>\n\n\n\n<p>O corpo principal \u00e9 feito de madeira natural de alta qualidade, processada por meio de v\u00e1rios processos de lixamento fino, com uma superf\u00edcie suave como a seda e um toque quente e delicado.<\/p>\n\n\n\n<p>Ele se ajusta ao arco da palma da m\u00e3o quando segurado e tem a caracter\u00edstica de ser forte e resistente ao desgaste, n\u00e3o sendo f\u00e1cil de arranhar ou deformar no uso di\u00e1rio, tornando a experi\u00eancia de armazenamento mais texturizada e acolhedora.<\/p>\n<\/div>\n<\/div>\n\n\n\n<h2 class=\"wp-block-heading\"><strong>Quais s\u00e3o a interface e os par\u00e2metros da unidade flash USB de madeira el\u00edptica? <\/strong><\/h2>\n\n\n\n<figure class=\"wp-block-table\"><table class=\"has-fixed-layout\"><tbody><tr><td>Item de par\u00e2metro<\/td><td>Unidade flash USB el\u00edptica de madeira<\/td><td>Unidade flash USB2.0 comum<\/td><\/tr><tr><td>Padr\u00e3o de interface<\/td><td>USB3.0<\/td><td>USB2.0<\/td><\/tr><tr><td>Capacidade<\/td><td>8G\/16G\/32G\/64G\/128G<\/td><td>Mesmas op\u00e7\u00f5es de capacidade<\/td><\/tr><tr><td>Tamanho<\/td><td>60\u00d728\u00d79 mm<\/td><td>Varia de acordo com o estilo<\/td><\/tr><tr><td>Peso<\/td><td>20g<\/td><td>Aproximadamente 8-15g (os modelos de pl\u00e1stico s\u00e3o mais leves)<\/td><\/tr><tr><td>Velocidade de leitura<\/td><td>At\u00e9 80 MB\/s<\/td><td>At\u00e9 cerca de 30 MB\/s<\/td><\/tr><tr><td>Velocidade de escrita<\/td><td>At\u00e9 30 MB\/s<\/td><td>At\u00e9 cerca de 15 MB\/s<\/td><\/tr><\/tbody><\/table><\/figure>\n\n\n\n<h2 class=\"wp-block-heading\"><strong>Quais cores<\/strong><strong>\u00a0s\u00e3o<\/strong><strong>\u00a0a unidade flash USB de madeira do el\u00edptico? <\/strong><\/h2>\n\n\n\n<p>A unidade flash USB el\u00edptica de madeira oferece 5 esquemas de cores de materiais naturais, cada um demonstrando o car\u00e1ter exclusivo da madeira:<\/p>\n\n\n\n<div class=\"wp-block-columns is-layout-flex wp-container-core-columns-is-layout-28f84493 wp-block-columns-is-layout-flex\">\n<div class=\"wp-block-column is-layout-flow wp-block-column-is-layout-flow\">\n<figure class=\"wp-block-image aligncenter size-full is-resized\"><img decoding=\"async\" width=\"1000\" height=\"1000\" src=\"https:\/\/www.usborkeychain.com\/wp-content\/uploads\/Elliptical-Maple-USB-Flash-Drive.jpg\" alt=\"Elliptical Maple USB Flash Drive\" class=\"wp-image-2105\" style=\"width:450px\" srcset=\"https:\/\/www.usborkeychain.com\/wp-content\/uploads\/Elliptical-Maple-USB-Flash-Drive.jpg 1000w, https:\/\/www.usborkeychain.com\/wp-content\/uploads\/Elliptical-Maple-USB-Flash-Drive-300x300.jpg 300w, https:\/\/www.usborkeychain.com\/wp-content\/uploads\/Elliptical-Maple-USB-Flash-Drive-150x150.jpg 150w, https:\/\/www.usborkeychain.com\/wp-content\/uploads\/Elliptical-Maple-USB-Flash-Drive-768x768.jpg 768w, https:\/\/www.usborkeychain.com\/wp-content\/uploads\/Elliptical-Maple-USB-Flash-Drive-12x12.jpg 12w, https:\/\/www.usborkeychain.com\/wp-content\/uploads\/Elliptical-Maple-USB-Flash-Drive-600x600.jpg 600w, https:\/\/www.usborkeychain.com\/wp-content\/uploads\/Elliptical-Maple-USB-Flash-Drive-100x100.jpg 100w\" sizes=\"(max-width: 1000px) 100vw, 1000px\" \/><\/figure>\n<\/div>\n\n\n\n<div class=\"wp-block-column is-vertically-aligned-center is-layout-flow wp-block-column-is-layout-flow\">\n<p>Bordo: <\/p>\n\n\n\n<p>O tom marrom claro \u00e9 como a luz do sol quente na n\u00e9voa da manh\u00e3, com texturas finas e densas como a seda, exalando uma atmosfera natural fresca e suave, adequada para cen\u00e1rios rom\u00e2nticos, como cria\u00e7\u00e3o liter\u00e1ria e lembran\u00e7as de casamento.<\/p>\n<\/div>\n<\/div>\n\n\n\n<p><\/p>\n\n\n\n<div class=\"wp-block-columns is-layout-flex wp-container-core-columns-is-layout-28f84493 wp-block-columns-is-layout-flex\">\n<div class=\"wp-block-column is-vertically-aligned-center is-layout-flow wp-block-column-is-layout-flow\">\n<p>Mogno: <\/p>\n\n\n\n<p>A rica cor, do vermelho profundo ao vermelho amarronzado, \u00e9 entrela\u00e7ada com texturas magn\u00edficas, como um tesouro precipitado pelo tempo, com um temperamento cl\u00e1ssico e solene natural, tornando os presentes comerciais mais sofisticados.<\/p>\n<\/div>\n\n\n\n<div class=\"wp-block-column is-layout-flow wp-block-column-is-layout-flow\">\n<figure class=\"wp-block-image aligncenter size-full is-resized\"><img decoding=\"async\" width=\"1000\" height=\"1000\" src=\"https:\/\/www.usborkeychain.com\/wp-content\/uploads\/Elliptical-Mahogany-USB-Flash-Drive.jpg\" alt=\"Elliptical Mahogany USB Flash Drive\" class=\"wp-image-2104\" style=\"width:450px\" srcset=\"https:\/\/www.usborkeychain.com\/wp-content\/uploads\/Elliptical-Mahogany-USB-Flash-Drive.jpg 1000w, https:\/\/www.usborkeychain.com\/wp-content\/uploads\/Elliptical-Mahogany-USB-Flash-Drive-300x300.jpg 300w, https:\/\/www.usborkeychain.com\/wp-content\/uploads\/Elliptical-Mahogany-USB-Flash-Drive-150x150.jpg 150w, https:\/\/www.usborkeychain.com\/wp-content\/uploads\/Elliptical-Mahogany-USB-Flash-Drive-768x768.jpg 768w, https:\/\/www.usborkeychain.com\/wp-content\/uploads\/Elliptical-Mahogany-USB-Flash-Drive-12x12.jpg 12w, https:\/\/www.usborkeychain.com\/wp-content\/uploads\/Elliptical-Mahogany-USB-Flash-Drive-600x600.jpg 600w, https:\/\/www.usborkeychain.com\/wp-content\/uploads\/Elliptical-Mahogany-USB-Flash-Drive-100x100.jpg 100w\" sizes=\"(max-width: 1000px) 100vw, 1000px\" \/><\/figure>\n<\/div>\n<\/div>\n\n\n\n<p><\/p>\n\n\n\n<div class=\"wp-block-columns is-layout-flex wp-container-core-columns-is-layout-28f84493 wp-block-columns-is-layout-flex\">\n<div class=\"wp-block-column is-layout-flow wp-block-column-is-layout-flow\">\n<figure class=\"wp-block-image aligncenter size-full is-resized\"><img loading=\"lazy\" decoding=\"async\" width=\"1000\" height=\"1000\" src=\"https:\/\/www.usborkeychain.com\/wp-content\/uploads\/Elliptical-Walnut-USB-Flash-Drive.jpg\" alt=\"Elliptical Walnut USB Flash Drive\" class=\"wp-image-2107\" style=\"width:450px\" srcset=\"https:\/\/www.usborkeychain.com\/wp-content\/uploads\/Elliptical-Walnut-USB-Flash-Drive.jpg 1000w, https:\/\/www.usborkeychain.com\/wp-content\/uploads\/Elliptical-Walnut-USB-Flash-Drive-300x300.jpg 300w, https:\/\/www.usborkeychain.com\/wp-content\/uploads\/Elliptical-Walnut-USB-Flash-Drive-150x150.jpg 150w, https:\/\/www.usborkeychain.com\/wp-content\/uploads\/Elliptical-Walnut-USB-Flash-Drive-768x768.jpg 768w, https:\/\/www.usborkeychain.com\/wp-content\/uploads\/Elliptical-Walnut-USB-Flash-Drive-12x12.jpg 12w, https:\/\/www.usborkeychain.com\/wp-content\/uploads\/Elliptical-Walnut-USB-Flash-Drive-600x600.jpg 600w, https:\/\/www.usborkeychain.com\/wp-content\/uploads\/Elliptical-Walnut-USB-Flash-Drive-100x100.jpg 100w\" sizes=\"(max-width: 1000px) 100vw, 1000px\" \/><\/figure>\n<\/div>\n\n\n\n<div class=\"wp-block-column is-vertically-aligned-center is-layout-flow wp-block-column-is-layout-flow\">\n<p>Nozes: <\/p>\n\n\n\n<p>A base marrom-escura \u00e9 tingida com texturas semelhantes a \u00e2mbar, mostrando uma sensa\u00e7\u00e3o discreta e luxuosa quando segurada, adequada para diversos cen\u00e1rios, como neg\u00f3cios e criatividade cultural.<\/p>\n<\/div>\n<\/div>\n\n\n\n<div class=\"wp-block-columns is-layout-flex wp-container-core-columns-is-layout-28f84493 wp-block-columns-is-layout-flex\">\n<div class=\"wp-block-column is-vertically-aligned-center is-layout-flow wp-block-column-is-layout-flow\">\n<p>Bambu carbonizado: <\/p>\n\n\n\n<p>Por meio da tecnologia de carboniza\u00e7\u00e3o em alta temperatura, o corpo de bambu apresenta uma cor marrom-ch\u00e1 profunda, com texturas vigorosas, como vinhas velhas se enrolando, tendo a leveza e a agilidade do bambu e acrescentando a textura espessa de \"frescor duradouro\".<\/p>\n<\/div>\n\n\n\n<div class=\"wp-block-column is-layout-flow wp-block-column-is-layout-flow\">\n<figure class=\"wp-block-image aligncenter size-full is-resized\"><img loading=\"lazy\" decoding=\"async\" width=\"1000\" height=\"1000\" src=\"https:\/\/www.usborkeychain.com\/wp-content\/uploads\/Elliptical-Carbonized-Bamboo-USB-Flash-Drive.jpg\" alt=\"Elliptical Carbonized Bamboo USB Flash Drive\" class=\"wp-image-2103\" style=\"width:450px\" srcset=\"https:\/\/www.usborkeychain.com\/wp-content\/uploads\/Elliptical-Carbonized-Bamboo-USB-Flash-Drive.jpg 1000w, https:\/\/www.usborkeychain.com\/wp-content\/uploads\/Elliptical-Carbonized-Bamboo-USB-Flash-Drive-300x300.jpg 300w, https:\/\/www.usborkeychain.com\/wp-content\/uploads\/Elliptical-Carbonized-Bamboo-USB-Flash-Drive-150x150.jpg 150w, https:\/\/www.usborkeychain.com\/wp-content\/uploads\/Elliptical-Carbonized-Bamboo-USB-Flash-Drive-768x768.jpg 768w, https:\/\/www.usborkeychain.com\/wp-content\/uploads\/Elliptical-Carbonized-Bamboo-USB-Flash-Drive-12x12.jpg 12w, https:\/\/www.usborkeychain.com\/wp-content\/uploads\/Elliptical-Carbonized-Bamboo-USB-Flash-Drive-600x600.jpg 600w, https:\/\/www.usborkeychain.com\/wp-content\/uploads\/Elliptical-Carbonized-Bamboo-USB-Flash-Drive-100x100.jpg 100w\" sizes=\"(max-width: 1000px) 100vw, 1000px\" \/><\/figure>\n<\/div>\n<\/div>\n\n\n\n<p><\/p>\n\n\n\n<div class=\"wp-block-columns is-layout-flex wp-container-core-columns-is-layout-28f84493 wp-block-columns-is-layout-flex\">\n<div class=\"wp-block-column is-layout-flow wp-block-column-is-layout-flow\">\n<figure class=\"wp-block-image aligncenter size-full is-resized\"><img loading=\"lazy\" decoding=\"async\" width=\"1000\" height=\"1000\" src=\"https:\/\/www.usborkeychain.com\/wp-content\/uploads\/Elliptical-Natural-Bamboo-USB-Flash-Drive.jpg\" alt=\"Elliptical Natural Bamboo USB Flash Drive\" class=\"wp-image-2106\" style=\"width:450px\" srcset=\"https:\/\/www.usborkeychain.com\/wp-content\/uploads\/Elliptical-Natural-Bamboo-USB-Flash-Drive.jpg 1000w, https:\/\/www.usborkeychain.com\/wp-content\/uploads\/Elliptical-Natural-Bamboo-USB-Flash-Drive-300x300.jpg 300w, https:\/\/www.usborkeychain.com\/wp-content\/uploads\/Elliptical-Natural-Bamboo-USB-Flash-Drive-150x150.jpg 150w, https:\/\/www.usborkeychain.com\/wp-content\/uploads\/Elliptical-Natural-Bamboo-USB-Flash-Drive-768x768.jpg 768w, https:\/\/www.usborkeychain.com\/wp-content\/uploads\/Elliptical-Natural-Bamboo-USB-Flash-Drive-12x12.jpg 12w, https:\/\/www.usborkeychain.com\/wp-content\/uploads\/Elliptical-Natural-Bamboo-USB-Flash-Drive-600x600.jpg 600w, https:\/\/www.usborkeychain.com\/wp-content\/uploads\/Elliptical-Natural-Bamboo-USB-Flash-Drive-100x100.jpg 100w\" sizes=\"(max-width: 1000px) 100vw, 1000px\" \/><\/figure>\n<\/div>\n\n\n\n<div class=\"wp-block-column is-vertically-aligned-center is-layout-flow wp-block-column-is-layout-flow\">\n<p>Bambu natural: <\/p>\n\n\n\n<p>Mantendo a cor amarela clara original do bambu, com texturas retas e organizadas e uma textura clara e leve, como se estivesse condensando o vento e o orvalho da floresta de bambu na palma da m\u00e3o, mostrando a simplicidade e a autenticidade originais.<\/p>\n<\/div>\n<\/div>\n\n\n\n<h2 class=\"wp-block-heading\"><strong>4\u3001A unidade flash USB de madeira do el\u00edptico e a embalagem podem ser personalizadas com um logotipo? <\/strong><strong><\/strong><\/h2>\n\n\n\n<p>A unidade flash USB el\u00edptica de madeira pode ser personalizada com um logotipo: tanto a frente quanto o verso da unidade flash USB podem ser personalizados com um logotipo, oferecendo tr\u00eas processos: impress\u00e3o em tela de seda, impress\u00e3o colorida e grava\u00e7\u00e3o a laser para atender a diferentes necessidades de design.<\/p>\n\n\n\n<p>A embalagem de madeira tipo flip abre e fecha suavemente, e a superf\u00edcie da embalagem tamb\u00e9m permite a personaliza\u00e7\u00e3o do logotipo, o que permite \"moldar a marca de forma integrada\" desde a unidade flash USB at\u00e9 a embalagem. Seja para presentes corporativos, lembran\u00e7as de casamento ou criatividade cultural pessoal, ele pode criar um s\u00edmbolo de mem\u00f3ria exclusivo.<\/p>\n\n\n\n<p><\/p>","protected":false},"excerpt":{"rendered":"<ul>\n<li>Design el\u00edptico<\/li>\n<li>Material de madeira<\/li>\n<li>Resistente a arranh\u00f5es e desgaste<\/li>\n<li>Velocidade mais r\u00e1pida e alta qualidade<\/li>\n<li>Confi\u00e1vel e seguro<\/li>\n<li>\u00d3timo para todas as finalidades<\/li>\n<\/ul>","protected":false},"featured_media":2109,"comment_status":"open","ping_status":"closed","template":"","meta":{"_seopress_robots_primary_cat":"","_seopress_titles_title":"The elliptical wooden USB flash drive, Elliptical Natural Bamboo USB Flash Drive, Oval-Shaped Wood USB Memory Stick","_seopress_titles_desc":"","_seopress_robots_index":"","site-sidebar-layout":"default","site-content-layout":"","ast-site-content-layout":"","site-content-style":"default","site-sidebar-style":"default","ast-global-header-display":"","ast-banner-title-visibility":"","ast-main-header-display":"","ast-hfb-above-header-display":"","ast-hfb-below-header-display":"","ast-hfb-mobile-header-display":"","site-post-title":"","ast-breadcrumbs-content":"","ast-featured-img":"","footer-sml-layout":"","theme-transparent-header-meta":"","adv-header-id-meta":"","stick-header-meta":"","header-above-stick-meta":"","header-main-stick-meta":"","header-below-stick-meta":"","astra-migrate-meta-layouts":"default","ast-page-background-enabled":"default","ast-page-background-meta":{"desktop":{"background-color":"var(--ast-global-color-5)","background-image":"","background-repeat":"repeat","background-position":"center center","background-size":"auto","background-attachment":"scroll","background-type":"","background-media":"","overlay-type":"","overlay-color":"","overlay-opacity":"","overlay-gradient":""},"tablet":{"background-color":"","background-image":"","background-repeat":"repeat","background-position":"center center","background-size":"auto","background-attachment":"scroll","background-type":"","background-media":"","overlay-type":"","overlay-color":"","overlay-opacity":"","overlay-gradient":""},"mobile":{"background-color":"","background-image":"","background-repeat":"repeat","background-position":"center center","background-size":"auto","background-attachment":"scroll","background-type":"","background-media":"","overlay-type":"","overlay-color":"","overlay-opacity":"","overlay-gradient":""}},"ast-content-background-meta":{"desktop":{"background-color":"var(--ast-global-color-4)","background-image":"","background-repeat":"repeat","background-position":"center center","background-size":"auto","background-attachment":"scroll","background-type":"","background-media":"","overlay-type":"","overlay-color":"","overlay-opacity":"","overlay-gradient":""},"tablet":{"background-color":"var(--ast-global-color-4)","background-image":"","background-repeat":"repeat","background-position":"center center","background-size":"auto","background-attachment":"scroll","background-type":"","background-media":"","overlay-type":"","overlay-color":"","overlay-opacity":"","overlay-gradient":""},"mobile":{"background-color":"var(--ast-global-color-4)","background-image":"","background-repeat":"repeat","background-position":"center center","background-size":"auto","background-attachment":"scroll","background-type":"","background-media":"","overlay-type":"","overlay-color":"","overlay-opacity":"","overlay-gradient":""}}},"product_brand":[],"product_cat":[168],"product_tag":[],"class_list":{"0":"post-2100","1":"product","2":"type-product","3":"status-publish","4":"has-post-thumbnail","6":"product_cat-wood-usb-flash-drive","7":"desktop-align-left","8":"tablet-align-left","9":"mobile-align-left","11":"first","12":"instock","13":"shipping-taxable","14":"product-type-simple"},"_links":{"self":[{"href":"https:\/\/www.usborkeychain.com\/pt\/wp-json\/wp\/v2\/product\/2100","targetHints":{"allow":["GET"]}}],"collection":[{"href":"https:\/\/www.usborkeychain.com\/pt\/wp-json\/wp\/v2\/product"}],"about":[{"href":"https:\/\/www.usborkeychain.com\/pt\/wp-json\/wp\/v2\/types\/product"}],"replies":[{"embeddable":true,"href":"https:\/\/www.usborkeychain.com\/pt\/wp-json\/wp\/v2\/comments?post=2100"}],"wp:featuredmedia":[{"embeddable":true,"href":"https:\/\/www.usborkeychain.com\/pt\/wp-json\/wp\/v2\/media\/2109"}],"wp:attachment":[{"href":"https:\/\/www.usborkeychain.com\/pt\/wp-json\/wp\/v2\/media?parent=2100"}],"wp:term":[{"taxonomy":"product_brand","embeddable":true,"href":"https:\/\/www.usborkeychain.com\/pt\/wp-json\/wp\/v2\/product_brand?post=2100"},{"taxonomy":"product_cat","embeddable":true,"href":"https:\/\/www.usborkeychain.com\/pt\/wp-json\/wp\/v2\/product_cat?post=2100"},{"taxonomy":"product_tag","embeddable":true,"href":"https:\/\/www.usborkeychain.com\/pt\/wp-json\/wp\/v2\/product_tag?post=2100"}],"curies":[{"name":"wp","href":"https:\/\/api.w.org\/{rel}","templated":true}]}}