{"id":2150,"date":"2025-06-18T11:54:54","date_gmt":"2025-06-18T11:54:54","guid":{"rendered":"https:\/\/www.usborkeychain.com\/?post_type=product&#038;p=2150"},"modified":"2025-06-24T00:43:53","modified_gmt":"2025-06-24T00:43:53","slug":"usb2-0-biodegradable-mini-card-usb-drive","status":"publish","type":"product","link":"https:\/\/www.usborkeychain.com\/pt\/produto\/usb2-0-biodegradable-mini-card-usb-drive\/","title":{"rendered":"Unidade USB de cart\u00e3o quadrado mini ecologicamente correta"},"content":{"rendered":"<div class=\"wp-block-columns is-layout-flex wp-container-core-columns-is-layout-28f84493 wp-block-columns-is-layout-flex\">\n<div class=\"wp-block-column is-layout-flow wp-block-column-is-layout-flow\">\n<figure class=\"wp-block-image aligncenter size-large is-resized\"><img fetchpriority=\"high\" decoding=\"async\" width=\"1024\" height=\"1024\" src=\"https:\/\/www.usborkeychain.com\/wp-content\/uploads\/Biodegradable-Paper-Card-USB-Drive-from-Factory-1024x1024.jpg\" alt=\"Biodegradable Paper Card USB Drive from Factory\" class=\"wp-image-2155\" style=\"width:450px\" srcset=\"https:\/\/www.usborkeychain.com\/wp-content\/uploads\/Biodegradable-Paper-Card-USB-Drive-from-Factory-1024x1024.jpg 1024w, https:\/\/www.usborkeychain.com\/wp-content\/uploads\/Biodegradable-Paper-Card-USB-Drive-from-Factory-300x300.jpg 300w, https:\/\/www.usborkeychain.com\/wp-content\/uploads\/Biodegradable-Paper-Card-USB-Drive-from-Factory-150x150.jpg 150w, https:\/\/www.usborkeychain.com\/wp-content\/uploads\/Biodegradable-Paper-Card-USB-Drive-from-Factory-768x768.jpg 768w, https:\/\/www.usborkeychain.com\/wp-content\/uploads\/Biodegradable-Paper-Card-USB-Drive-from-Factory-1536x1536.jpg 1536w, https:\/\/www.usborkeychain.com\/wp-content\/uploads\/Biodegradable-Paper-Card-USB-Drive-from-Factory-12x12.jpg 12w, https:\/\/www.usborkeychain.com\/wp-content\/uploads\/Biodegradable-Paper-Card-USB-Drive-from-Factory-600x600.jpg 600w, https:\/\/www.usborkeychain.com\/wp-content\/uploads\/Biodegradable-Paper-Card-USB-Drive-from-Factory-100x100.jpg 100w, https:\/\/www.usborkeychain.com\/wp-content\/uploads\/Biodegradable-Paper-Card-USB-Drive-from-Factory.jpg 1600w\" sizes=\"(max-width: 1024px) 100vw, 1024px\" \/><\/figure>\n<\/div>\n\n\n\n<div class=\"wp-block-column is-vertically-aligned-center is-layout-flow wp-block-column-is-layout-flow\">\n<p>Revolucionando o design volumoso das unidades USB tradicionais, esta unidade USB de cart\u00e3o mini biodegrad\u00e1vel USB2.0 apresenta um formato de cart\u00e3o ultrafino com metade do tamanho de um cart\u00e3o de cr\u00e9dito.<\/p>\n\n\n\n<p>Fabricado com fibra de palha de trigo renov\u00e1vel e materiais recicl\u00e1veis, ele emprega a tecnologia de chip coloidal preto integrado l\u00edder do setor, encapsulando totalmente o m\u00f3dulo de circuito em um coloidal \u00e0 prova d'\u00e1gua e de choque para garantir a seguran\u00e7a dos dados, mesmo em caso de imers\u00e3o acidental em \u00e1gua ou quedas.<\/p>\n\n\n\n<p>Como a unidade USB de cart\u00e3o mais ecol\u00f3gica do mercado, ela serve n\u00e3o apenas como uma ferramenta de armazenamento de dados, mas tamb\u00e9m como um acess\u00f3rio elegante para uma vida com baixa emiss\u00e3o de carbono.<\/p>\n<\/div>\n<\/div>\n\n\n\n<h2 class=\"wp-block-heading\">Destaques de material e design da unidade USB de mini cart\u00e3o biodegrad\u00e1vel USB2.0 <\/h2>\n\n\n\n<div class=\"wp-block-columns is-layout-flex wp-container-core-columns-is-layout-28f84493 wp-block-columns-is-layout-flex\">\n<div class=\"wp-block-column is-vertically-aligned-center is-layout-flow wp-block-column-is-layout-flow\">\n<p>O corpo principal usa fibra de palha de trigo + resina biodegrad\u00e1vel de grau aliment\u00edcio, que pode se degradar naturalmente ap\u00f3s o descarte, reduzindo a polui\u00e7\u00e3o branca; a camada de encapsulamento do chip \u00e9 um coloide preto ecologicamente correto com desempenho \u00e0 prova d'\u00e1gua IP67 e resist\u00eancia a choques de 1,5 m.<\/p>\n\n\n\n<p>Com apenas 2,3 mm de espessura e cerca de 8 g de peso, a frente do cart\u00e3o tem uma abertura padr\u00e3o para chaveiro para ser pendurado diretamente em chaveiros ou pacotes de cart\u00f5es, eliminando o risco de perda; o corpo ultrafino pode ser facilmente inserido em carteiras ou compartimentos de notebooks, adequado para v\u00e1rios cen\u00e1rios de transporte.<\/p>\n\n\n\n<p>A produ\u00e7\u00e3o se recusa a usar subst\u00e2ncias nocivas, como PVC, e os materiais de embalagem podem ser selecionados como papel recicl\u00e1vel ou madeira, implementando conceitos ecol\u00f3gicos de dentro para fora.<\/p>\n<\/div>\n\n\n\n<div class=\"wp-block-column is-layout-flow wp-block-column-is-layout-flow\">\n<figure class=\"wp-block-image aligncenter size-large is-resized\"><img decoding=\"async\" width=\"1024\" height=\"1024\" src=\"https:\/\/www.usborkeychain.com\/wp-content\/uploads\/Eco-Friendly-Card-USB-Stick-1024x1024.jpg\" alt=\"Eco-Friendly Card USB Stick\" class=\"wp-image-2157\" style=\"width:450px\" srcset=\"https:\/\/www.usborkeychain.com\/wp-content\/uploads\/Eco-Friendly-Card-USB-Stick-1024x1024.jpg 1024w, https:\/\/www.usborkeychain.com\/wp-content\/uploads\/Eco-Friendly-Card-USB-Stick-300x300.jpg 300w, https:\/\/www.usborkeychain.com\/wp-content\/uploads\/Eco-Friendly-Card-USB-Stick-150x150.jpg 150w, https:\/\/www.usborkeychain.com\/wp-content\/uploads\/Eco-Friendly-Card-USB-Stick-768x768.jpg 768w, https:\/\/www.usborkeychain.com\/wp-content\/uploads\/Eco-Friendly-Card-USB-Stick-1536x1536.jpg 1536w, https:\/\/www.usborkeychain.com\/wp-content\/uploads\/Eco-Friendly-Card-USB-Stick-12x12.jpg 12w, https:\/\/www.usborkeychain.com\/wp-content\/uploads\/Eco-Friendly-Card-USB-Stick-600x600.jpg 600w, https:\/\/www.usborkeychain.com\/wp-content\/uploads\/Eco-Friendly-Card-USB-Stick-100x100.jpg 100w, https:\/\/www.usborkeychain.com\/wp-content\/uploads\/Eco-Friendly-Card-USB-Stick.jpg 1920w\" sizes=\"(max-width: 1024px) 100vw, 1024px\" \/><\/figure>\n<\/div>\n<\/div>\n\n\n\n<h2 class=\"wp-block-heading\"><strong>Interface e par\u00e2metros t\u00e9cnicos da unidade USB de mini cart\u00e3o biodegrad\u00e1vel USB2.0 <\/strong><strong><\/strong><\/h2>\n\n\n\n<figure class=\"wp-block-table\"><table class=\"has-fixed-layout\"><tbody><tr><td>Tipo de par\u00e2metro<\/td><td>Par\u00e2metros espec\u00edficos<\/td><\/tr><tr><td>Tipo de chip<\/td><td>USB2.0 (compat\u00edvel com USB3.0)<\/td><\/tr><tr><td>Capacidade de armazenamento<\/td><td>8GB\/16GB\/32GB\/64GB\/128GB<\/td><\/tr><tr><td>Velocidade de leitura\/grava\u00e7\u00e3o<\/td><td>Modo USB3.1: Leitura \u2248100MB\/s, grava\u00e7\u00e3o \u224830MB\/sModo USB2.0: Leitura \u224815MB\/s, grava\u00e7\u00e3o \u22485MB\/s<\/td><\/tr><tr><td>Desempenho \u00e0 prova d'\u00e1gua<\/td><td>Classifica\u00e7\u00e3o IP67 (imers\u00e3o de 1 m debaixo d'\u00e1gua por 30 minutos sem afetar o uso)<\/td><\/tr><tr><td>Resist\u00eancia a choques<\/td><td>Queda livre de 1,5 m em solo de concreto sem perda de dados<\/td><\/tr><tr><td>Temperatura operacional<\/td><td>-10\u00b0C~60\u00b0C<\/td><\/tr><tr><td>Temperatura de armazenamento<\/td><td>-20\u00b0C~85\u00b0C<\/td><\/tr><tr><td>Dimens\u00f5es<\/td><td>54\u00d732\u00d72,3 mm<\/td><\/tr><tr><td>Peso<\/td><td>8g<\/td><\/tr><\/tbody><\/table><\/figure>\n\n\n\n<h2 class=\"wp-block-heading\"><strong>Embalagem<\/strong><strong>e<\/strong><strong>&nbsp;Unidade USB de mini cart\u00e3o biodegrad\u00e1vel USB2.0 <\/strong><strong><\/strong><\/h2>\n\n\n\n<p>Saco de PP ecol\u00f3gico, leve e econ\u00f4mico, adequado para cen\u00e1rios de varejo e presentes b\u00e1sicos.<\/p>\n\n\n\n<p>Caixa de presente de madeira: Feita de madeira ecol\u00f3gica certificada pelo FSC com flanela \u00e0 prova de choque em seu interior, adequada para presentes comerciais de alta qualidade.<\/p>\n\n\n\n<p>Caixa de gaveta de papel: Feita de papel kraft recicl\u00e1vel 100%, com suporte para estampagem dourada\/impress\u00e3o UV para mostrar os conceitos ambientais da marca.<\/p>\n\n\n\n<p>Embalagem em caixa de ferro: Embalagem dur\u00e1vel com textura de metal, adequada para anivers\u00e1rios corporativos, promo\u00e7\u00f5es de exposi\u00e7\u00f5es etc.<\/p>\n\n\n\n<h2 class=\"wp-block-heading\"><strong>Servi\u00e7os de personaliza\u00e7\u00e3o para unidade USB de mini cart\u00e3o biodegrad\u00e1vel USB2.0 <\/strong><strong><\/strong><\/h2>\n\n\n\n<div class=\"wp-block-columns is-layout-flex wp-container-core-columns-is-layout-28f84493 wp-block-columns-is-layout-flex\">\n<div class=\"wp-block-column is-layout-flow wp-block-column-is-layout-flow\">\n<figure class=\"wp-block-image aligncenter size-large is-resized\"><img decoding=\"async\" width=\"1024\" height=\"1024\" src=\"https:\/\/www.usborkeychain.com\/wp-content\/uploads\/Biodegradable-Card-Shaped-USB-Flash-Drive-1024x1024.jpg\" alt=\"Biodegradable Card-Shaped USB Flash Drive\" class=\"wp-image-2154\" style=\"width:450px\" srcset=\"https:\/\/www.usborkeychain.com\/wp-content\/uploads\/Biodegradable-Card-Shaped-USB-Flash-Drive-1024x1024.jpg 1024w, https:\/\/www.usborkeychain.com\/wp-content\/uploads\/Biodegradable-Card-Shaped-USB-Flash-Drive-300x300.jpg 300w, https:\/\/www.usborkeychain.com\/wp-content\/uploads\/Biodegradable-Card-Shaped-USB-Flash-Drive-150x150.jpg 150w, https:\/\/www.usborkeychain.com\/wp-content\/uploads\/Biodegradable-Card-Shaped-USB-Flash-Drive-768x768.jpg 768w, https:\/\/www.usborkeychain.com\/wp-content\/uploads\/Biodegradable-Card-Shaped-USB-Flash-Drive-1536x1536.jpg 1536w, https:\/\/www.usborkeychain.com\/wp-content\/uploads\/Biodegradable-Card-Shaped-USB-Flash-Drive-12x12.jpg 12w, https:\/\/www.usborkeychain.com\/wp-content\/uploads\/Biodegradable-Card-Shaped-USB-Flash-Drive-600x600.jpg 600w, https:\/\/www.usborkeychain.com\/wp-content\/uploads\/Biodegradable-Card-Shaped-USB-Flash-Drive-100x100.jpg 100w, https:\/\/www.usborkeychain.com\/wp-content\/uploads\/Biodegradable-Card-Shaped-USB-Flash-Drive.jpg 1920w\" sizes=\"(max-width: 1024px) 100vw, 1024px\" \/><\/figure>\n<\/div>\n\n\n\n<div class=\"wp-block-column is-vertically-aligned-center is-layout-flow wp-block-column-is-layout-flow\">\n<p> <strong>Personaliza\u00e7\u00e3o do logotipo<\/strong>\u25e6 Suporta dois processos: impress\u00e3o de tela frontal (suporta cores Pantone, cores vibrantes) e impress\u00e3o colorida (restaura\u00e7\u00e3o de padr\u00f5es coloridos, adequada para designs complexos): 100 pe\u00e7as (impress\u00e3o em tela\/impress\u00e3o em cores).<\/p>\n\n\n\n<p><strong>Personaliza\u00e7\u00e3o de embalagens<\/strong>\u25e6 Pode imprimir logotipos de marcas e slogans promocionais em sacos de PP, caixas de madeira, caixas de papel, etc., e as caixas de ferro suportam grava\u00e7\u00e3o a laser ou personaliza\u00e7\u00e3o de serigrafia.\u25e6 Fornece servi\u00e7os exclusivos de personaliza\u00e7\u00e3o, incluindo materiais de embalagem e design estrutural (como modelos personalizados que combinam unidades USB de cart\u00e3o com cart\u00f5es de visita).<\/p>\n<\/div>\n<\/div>\n\n\n\n<h2 class=\"wp-block-heading\"><strong>Conclus\u00e3o: A tecnologia ambiental permite a personaliza\u00e7\u00e3o corporativa e a compra em massa <\/strong><strong><\/strong><\/h2>\n\n\n\n<p>Esse minicart\u00e3o USB biodegrad\u00e1vel USB2.0 usa materiais biodegrad\u00e1veis de palha de trigo como principal ponto de venda, integra transmiss\u00e3o de alta velocidade USB3.1 e tecnologia \u00e0 prova d'\u00e1gua e de choque de coloide preto e combina conceitos ambientais com desempenho pr\u00e1tico.<\/p>\n\n\n\n<p>Seja para brindes ecol\u00f3gicos personalizados para empresas, materiais de promo\u00e7\u00e3o de exposi\u00e7\u00f5es ou compras por atacado em plataformas de com\u00e9rcio eletr\u00f4nico, a empresa pode oferecer servi\u00e7os completos, desde a personaliza\u00e7\u00e3o do logotipo e o design da embalagem at\u00e9 a produ\u00e7\u00e3o em massa.<\/p>","protected":false},"excerpt":{"rendered":"<ul>\n<li>Design em forma de cart\u00e3o<\/li>\n<li>Materiais ecologicamente corretos<\/li>\n<li>Fino e leve<\/li>\n<li>F\u00e1cil de transportar<\/li>\n<li>\u00d3timo para todas as finalidades<\/li>\n<\/ul>","protected":false},"featured_media":2158,"comment_status":"open","ping_status":"closed","template":"","meta":{"_seopress_robots_primary_cat":"none","_seopress_titles_title":"USB2.0 Biodegradable Mini Card USB Drive","_seopress_titles_desc":"","_seopress_robots_index":"","site-sidebar-layout":"default","site-content-layout":"","ast-site-content-layout":"","site-content-style":"default","site-sidebar-style":"default","ast-global-header-display":"","ast-banner-title-visibility":"","ast-main-header-display":"","ast-hfb-above-header-display":"","ast-hfb-below-header-display":"","ast-hfb-mobile-header-display":"","site-post-title":"","ast-breadcrumbs-content":"","ast-featured-img":"","footer-sml-layout":"","theme-transparent-header-meta":"","adv-header-id-meta":"","stick-header-meta":"","header-above-stick-meta":"","header-main-stick-meta":"","header-below-stick-meta":"","astra-migrate-meta-layouts":"default","ast-page-background-enabled":"default","ast-page-background-meta":{"desktop":{"background-color":"var(--ast-global-color-5)","background-image":"","background-repeat":"repeat","background-position":"center center","background-size":"auto","background-attachment":"scroll","background-type":"","background-media":"","overlay-type":"","overlay-color":"","overlay-opacity":"","overlay-gradient":""},"tablet":{"background-color":"","background-image":"","background-repeat":"repeat","background-position":"center center","background-size":"auto","background-attachment":"scroll","background-type":"","background-media":"","overlay-type":"","overlay-color":"","overlay-opacity":"","overlay-gradient":""},"mobile":{"background-color":"","background-image":"","background-repeat":"repeat","background-position":"center center","background-size":"auto","background-attachment":"scroll","background-type":"","background-media":"","overlay-type":"","overlay-color":"","overlay-opacity":"","overlay-gradient":""}},"ast-content-background-meta":{"desktop":{"background-color":"var(--ast-global-color-4)","background-image":"","background-repeat":"repeat","background-position":"center center","background-size":"auto","background-attachment":"scroll","background-type":"","background-media":"","overlay-type":"","overlay-color":"","overlay-opacity":"","overlay-gradient":""},"tablet":{"background-color":"var(--ast-global-color-4)","background-image":"","background-repeat":"repeat","background-position":"center center","background-size":"auto","background-attachment":"scroll","background-type":"","background-media":"","overlay-type":"","overlay-color":"","overlay-opacity":"","overlay-gradient":""},"mobile":{"background-color":"var(--ast-global-color-4)","background-image":"","background-repeat":"repeat","background-position":"center center","background-size":"auto","background-attachment":"scroll","background-type":"","background-media":"","overlay-type":"","overlay-color":"","overlay-opacity":"","overlay-gradient":""}}},"product_brand":[],"product_cat":[96,170],"product_tag":[],"class_list":{"0":"post-2150","1":"product","2":"type-product","3":"status-publish","4":"has-post-thumbnail","6":"product_cat-card-usb-pendrive","7":"product_cat-biodegradable-usb-pendrive-2","8":"desktop-align-left","9":"tablet-align-left","10":"mobile-align-left","12":"first","13":"instock","14":"sale","15":"shipping-taxable","16":"purchasable","17":"product-type-simple"},"_links":{"self":[{"href":"https:\/\/www.usborkeychain.com\/pt\/wp-json\/wp\/v2\/product\/2150","targetHints":{"allow":["GET"]}}],"collection":[{"href":"https:\/\/www.usborkeychain.com\/pt\/wp-json\/wp\/v2\/product"}],"about":[{"href":"https:\/\/www.usborkeychain.com\/pt\/wp-json\/wp\/v2\/types\/product"}],"replies":[{"embeddable":true,"href":"https:\/\/www.usborkeychain.com\/pt\/wp-json\/wp\/v2\/comments?post=2150"}],"wp:featuredmedia":[{"embeddable":true,"href":"https:\/\/www.usborkeychain.com\/pt\/wp-json\/wp\/v2\/media\/2158"}],"wp:attachment":[{"href":"https:\/\/www.usborkeychain.com\/pt\/wp-json\/wp\/v2\/media?parent=2150"}],"wp:term":[{"taxonomy":"product_brand","embeddable":true,"href":"https:\/\/www.usborkeychain.com\/pt\/wp-json\/wp\/v2\/product_brand?post=2150"},{"taxonomy":"product_cat","embeddable":true,"href":"https:\/\/www.usborkeychain.com\/pt\/wp-json\/wp\/v2\/product_cat?post=2150"},{"taxonomy":"product_tag","embeddable":true,"href":"https:\/\/www.usborkeychain.com\/pt\/wp-json\/wp\/v2\/product_tag?post=2150"}],"curies":[{"name":"wp","href":"https:\/\/api.w.org\/{rel}","templated":true}]}}