{"id":2208,"date":"2025-06-19T05:33:57","date_gmt":"2025-06-19T05:33:57","guid":{"rendered":"https:\/\/www.usborkeychain.com\/?post_type=product&#038;p=2208"},"modified":"2025-08-19T03:39:08","modified_gmt":"2025-08-19T03:39:08","slug":"rotating-acrylic-glow-usb-flash-drive","status":"publish","type":"product","link":"https:\/\/www.usborkeychain.com\/pt\/produto\/rotating-acrylic-glow-usb-flash-drive\/","title":{"rendered":"Unidade flash USB girat\u00f3ria com brilho em acr\u00edlico"},"content":{"rendered":"<h2 class=\"wp-block-heading\"><strong>O que \u00e9 uma unidade flash USB girat\u00f3ria com brilho acr\u00edlico? <\/strong><strong><\/strong><\/h2>\n\n\n\n<div class=\"wp-block-columns is-layout-flex wp-container-core-columns-is-layout-28f84493 wp-block-columns-is-layout-flex\">\n<div class=\"wp-block-column is-layout-flow wp-block-column-is-layout-flow\">\n<figure class=\"wp-block-image aligncenter size-large is-resized\"><img fetchpriority=\"high\" decoding=\"async\" width=\"1024\" height=\"1024\" src=\"https:\/\/www.usborkeychain.com\/wp-content\/uploads\/Spinning-Acrylic-Glow-USB-Flash-Drive-with-Logo-1024x1024.jpg\" alt=\"Spinning Acrylic Glow USB Flash Drive with Logo\" class=\"wp-image-2213\" style=\"width:450px\" srcset=\"https:\/\/www.usborkeychain.com\/wp-content\/uploads\/Spinning-Acrylic-Glow-USB-Flash-Drive-with-Logo-1024x1024.jpg 1024w, https:\/\/www.usborkeychain.com\/wp-content\/uploads\/Spinning-Acrylic-Glow-USB-Flash-Drive-with-Logo-300x300.jpg 300w, https:\/\/www.usborkeychain.com\/wp-content\/uploads\/Spinning-Acrylic-Glow-USB-Flash-Drive-with-Logo-150x150.jpg 150w, https:\/\/www.usborkeychain.com\/wp-content\/uploads\/Spinning-Acrylic-Glow-USB-Flash-Drive-with-Logo-768x768.jpg 768w, https:\/\/www.usborkeychain.com\/wp-content\/uploads\/Spinning-Acrylic-Glow-USB-Flash-Drive-with-Logo-1536x1536.jpg 1536w, https:\/\/www.usborkeychain.com\/wp-content\/uploads\/Spinning-Acrylic-Glow-USB-Flash-Drive-with-Logo-12x12.jpg 12w, https:\/\/www.usborkeychain.com\/wp-content\/uploads\/Spinning-Acrylic-Glow-USB-Flash-Drive-with-Logo-600x600.jpg 600w, https:\/\/www.usborkeychain.com\/wp-content\/uploads\/Spinning-Acrylic-Glow-USB-Flash-Drive-with-Logo-100x100.jpg 100w, https:\/\/www.usborkeychain.com\/wp-content\/uploads\/Spinning-Acrylic-Glow-USB-Flash-Drive-with-Logo.jpg 1920w\" sizes=\"(max-width: 1024px) 100vw, 1024px\" \/><\/figure>\n<\/div>\n\n\n\n<div class=\"wp-block-column is-vertically-aligned-center is-layout-flow wp-block-column-is-layout-flow\">\n<p>A unidade flash USB brilhante de acr\u00edlico girat\u00f3rio adota uma estrutura de emenda de uma cabe\u00e7a girat\u00f3ria de metal e um corpo de acr\u00edlico transparente. Ele pode expor ou ocultar rapidamente a interface USB por meio de uma a\u00e7\u00e3o girat\u00f3ria, o que n\u00e3o \u00e9 apenas conveniente para conectar e desconectar diariamente, mas tamb\u00e9m protege a interface de arranh\u00f5es e ac\u00famulo de poeira.<\/p>\n\n\n\n<p>A parte de acr\u00edlico \u00e9 equipada com elementos de ilumina\u00e7\u00e3o LED integrados que se acendem automaticamente quando s\u00e3o ligados ou acionados. Isso n\u00e3o apenas resolve o problema de \"encontrar a unidade USB \u00e0 noite\", mas tamb\u00e9m acrescenta uma atmosfera tecnol\u00f3gica e destaques visuais por meio da textura cristalina do acr\u00edlico, quebrando a imagem mon\u00f3tona das unidades USB tradicionais.<\/p>\n<\/div>\n<\/div>\n\n\n\n<p><\/p>\n\n\n\n<h2 class=\"wp-block-heading\"><strong>Interface e par\u00e2metros da unidade flash USB girat\u00f3ria Acrylic Glow <\/strong><strong><\/strong><\/h2>\n\n\n\n<figure class=\"wp-block-table\"><table class=\"has-fixed-layout\"><tbody><tr><td>Item de par\u00e2metro<\/td><td>Unidade flash USB girat\u00f3ria com brilho acr\u00edlico (USB3.0)<\/td><td>Unidade USB comum (USB2.0)<\/td><\/tr><tr><td>Op\u00e7\u00f5es de capacidade<\/td><td>8GB\/16GB\/32GB\/64GB\/128GB\/256GB<\/td><td>Mesmas op\u00e7\u00f5es de capacidade<\/td><\/tr><tr><td>Tamanho<\/td><td>62\u00d716\u00d79 mm<\/td><td>Varia de acordo com o modelo<\/td><\/tr><tr><td>Peso<\/td><td>30g<\/td><td>Cerca de 20-40g (grande diferen\u00e7a de material)<\/td><\/tr><tr><td>Velocidade de leitura<\/td><td>Cerca de 60-80MB\/s (at\u00e9 100MB\/s)<\/td><td>Cerca de 10 a 20 MB\/s<\/td><\/tr><tr><td>Velocidade de escrita<\/td><td>Cerca de 20 a 30 MB\/s (at\u00e9 40 MB\/s)<\/td><td>Cerca de 5 a 10 MB\/s<\/td><\/tr><\/tbody><\/table><\/figure>\n\n\n\n<h2 class=\"wp-block-heading\"><strong>&nbsp;<\/strong><\/h2>\n\n\n\n<h2 class=\"wp-block-heading\"><strong>Que luzes a unidade flash USB girat\u00f3ria Acrylic Glow emite? <\/strong><strong><\/strong><\/h2>\n\n\n\n<p>A unidade USB suporta tr\u00eas modos de ilumina\u00e7\u00e3o: roxo, azul e vermelho. Combinada com a textura \"cristalina\" do acr\u00edlico, cada luz cria uma atmosfera \u00fanica:<\/p>\n\n\n\n<p><strong>Luz roxa<\/strong>: Misterioso e profundo, quando aceso, \u00e9 como se estivesse selando \"fragmentos estrelados\" dentro do acr\u00edlico. A luz refrata um halo suave atrav\u00e9s do material transparente, dando a sensa\u00e7\u00e3o de estar segurando uma \"gema brilhante\" \u00e0 noite, rom\u00e2ntica e avan\u00e7ada.<\/p>\n\n\n\n<p><strong>Luz azul<\/strong>: Fresco e brilhante, com um senso tecnol\u00f3gico incorporado. Quando aceso, \u00e9 como um \"rio de luz\" fluindo atrav\u00e9s do acr\u00edlico, adequado para a busca dos entusiastas digitais por uma \"sensa\u00e7\u00e3o futurista\", visualmente legal e atraente.<\/p>\n\n\n\n<p><strong>Luz vermelha<\/strong>: Vibrante e ardente, ela causa um forte impacto no momento em que \u00e9 acesa. Mesmo durante o dia, a unidade USB pode ser localizada rapidamente, como se estivesse escondendo uma \"fa\u00edsca\" em um suporte transparente, quente e vis\u00edvel.<\/p>\n\n\n\n<div class=\"wp-block-columns is-layout-flex wp-container-core-columns-is-layout-28f84493 wp-block-columns-is-layout-flex\">\n<div class=\"wp-block-column is-layout-flow wp-block-column-is-layout-flow\">\n<figure class=\"wp-block-image aligncenter size-large is-resized\"><img decoding=\"async\" width=\"1024\" height=\"1024\" src=\"https:\/\/www.usborkeychain.com\/wp-content\/uploads\/Swiveling-Acrylic-Purple-Light-Up-USB-Stick-1024x1024.jpg\" alt=\"Swiveling Acrylic Purple Light-Up USB Stick\" class=\"wp-image-2215\" style=\"width:450px\" srcset=\"https:\/\/www.usborkeychain.com\/wp-content\/uploads\/Swiveling-Acrylic-Purple-Light-Up-USB-Stick-1024x1024.jpg 1024w, https:\/\/www.usborkeychain.com\/wp-content\/uploads\/Swiveling-Acrylic-Purple-Light-Up-USB-Stick-300x300.jpg 300w, https:\/\/www.usborkeychain.com\/wp-content\/uploads\/Swiveling-Acrylic-Purple-Light-Up-USB-Stick-150x150.jpg 150w, https:\/\/www.usborkeychain.com\/wp-content\/uploads\/Swiveling-Acrylic-Purple-Light-Up-USB-Stick-768x768.jpg 768w, https:\/\/www.usborkeychain.com\/wp-content\/uploads\/Swiveling-Acrylic-Purple-Light-Up-USB-Stick-1536x1536.jpg 1536w, https:\/\/www.usborkeychain.com\/wp-content\/uploads\/Swiveling-Acrylic-Purple-Light-Up-USB-Stick-12x12.jpg 12w, https:\/\/www.usborkeychain.com\/wp-content\/uploads\/Swiveling-Acrylic-Purple-Light-Up-USB-Stick-600x600.jpg 600w, https:\/\/www.usborkeychain.com\/wp-content\/uploads\/Swiveling-Acrylic-Purple-Light-Up-USB-Stick-100x100.jpg 100w, https:\/\/www.usborkeychain.com\/wp-content\/uploads\/Swiveling-Acrylic-Purple-Light-Up-USB-Stick.jpg 1920w\" sizes=\"(max-width: 1024px) 100vw, 1024px\" \/><\/figure>\n<\/div>\n\n\n\n<div class=\"wp-block-column is-layout-flow wp-block-column-is-layout-flow\">\n<figure class=\"wp-block-image aligncenter size-large is-resized\"><img decoding=\"async\" width=\"1024\" height=\"1024\" src=\"https:\/\/www.usborkeychain.com\/wp-content\/uploads\/Swiveling-Acrylic-Blue-Light-Up-USB-Stick-1024x1024.jpg\" alt=\"Swiveling Acrylic Blue Light-Up USB Stick\" class=\"wp-image-2214\" style=\"width:450px\" srcset=\"https:\/\/www.usborkeychain.com\/wp-content\/uploads\/Swiveling-Acrylic-Blue-Light-Up-USB-Stick-1024x1024.jpg 1024w, https:\/\/www.usborkeychain.com\/wp-content\/uploads\/Swiveling-Acrylic-Blue-Light-Up-USB-Stick-300x300.jpg 300w, https:\/\/www.usborkeychain.com\/wp-content\/uploads\/Swiveling-Acrylic-Blue-Light-Up-USB-Stick-150x150.jpg 150w, https:\/\/www.usborkeychain.com\/wp-content\/uploads\/Swiveling-Acrylic-Blue-Light-Up-USB-Stick-768x768.jpg 768w, https:\/\/www.usborkeychain.com\/wp-content\/uploads\/Swiveling-Acrylic-Blue-Light-Up-USB-Stick-1536x1536.jpg 1536w, https:\/\/www.usborkeychain.com\/wp-content\/uploads\/Swiveling-Acrylic-Blue-Light-Up-USB-Stick-12x12.jpg 12w, https:\/\/www.usborkeychain.com\/wp-content\/uploads\/Swiveling-Acrylic-Blue-Light-Up-USB-Stick-600x600.jpg 600w, https:\/\/www.usborkeychain.com\/wp-content\/uploads\/Swiveling-Acrylic-Blue-Light-Up-USB-Stick-100x100.jpg 100w, https:\/\/www.usborkeychain.com\/wp-content\/uploads\/Swiveling-Acrylic-Blue-Light-Up-USB-Stick.jpg 1920w\" sizes=\"(max-width: 1024px) 100vw, 1024px\" \/><\/figure>\n<\/div>\n\n\n\n<div class=\"wp-block-column is-layout-flow wp-block-column-is-layout-flow\">\n<figure class=\"wp-block-image aligncenter size-large is-resized\"><img loading=\"lazy\" decoding=\"async\" width=\"1024\" height=\"1024\" src=\"https:\/\/www.usborkeychain.com\/wp-content\/uploads\/Swiveling-Acrylic-Red-Light-Up-USB-Stick-1024x1024.jpg\" alt=\"Swiveling Acrylic Red Light-Up USB Stick\" class=\"wp-image-2216\" style=\"width:450px\" srcset=\"https:\/\/www.usborkeychain.com\/wp-content\/uploads\/Swiveling-Acrylic-Red-Light-Up-USB-Stick-1024x1024.jpg 1024w, https:\/\/www.usborkeychain.com\/wp-content\/uploads\/Swiveling-Acrylic-Red-Light-Up-USB-Stick-300x300.jpg 300w, https:\/\/www.usborkeychain.com\/wp-content\/uploads\/Swiveling-Acrylic-Red-Light-Up-USB-Stick-150x150.jpg 150w, https:\/\/www.usborkeychain.com\/wp-content\/uploads\/Swiveling-Acrylic-Red-Light-Up-USB-Stick-768x768.jpg 768w, https:\/\/www.usborkeychain.com\/wp-content\/uploads\/Swiveling-Acrylic-Red-Light-Up-USB-Stick-1536x1536.jpg 1536w, https:\/\/www.usborkeychain.com\/wp-content\/uploads\/Swiveling-Acrylic-Red-Light-Up-USB-Stick-12x12.jpg 12w, https:\/\/www.usborkeychain.com\/wp-content\/uploads\/Swiveling-Acrylic-Red-Light-Up-USB-Stick-600x600.jpg 600w, https:\/\/www.usborkeychain.com\/wp-content\/uploads\/Swiveling-Acrylic-Red-Light-Up-USB-Stick-100x100.jpg 100w, https:\/\/www.usborkeychain.com\/wp-content\/uploads\/Swiveling-Acrylic-Red-Light-Up-USB-Stick.jpg 1920w\" sizes=\"(max-width: 1024px) 100vw, 1024px\" \/><\/figure>\n<\/div>\n<\/div>\n\n\n\n<h2 class=\"wp-block-heading\"><strong>A unidade flash USB girat\u00f3ria Acrylic Glow pode ser personalizada com um logotipo? <\/strong><strong><\/strong><\/h2>\n\n\n\n<div class=\"wp-block-columns is-layout-flex wp-container-core-columns-is-layout-28f84493 wp-block-columns-is-layout-flex\">\n<div class=\"wp-block-column is-vertically-aligned-center is-layout-flow wp-block-column-is-layout-flow\">\n<p>Sim! Esta unidade USB suporta personaliza\u00e7\u00e3o de LOGOTIPO em \u00e1rea dupla na frente e no verso, usando a tecnologia de grava\u00e7\u00e3o 3D a laser: os padr\u00f5es\/textos s\u00e3o gravados diretamente no interior do acr\u00edlico (n\u00e3o na superf\u00edcie), o que n\u00e3o s\u00f3 evita os problemas de desgaste e desbotamento comuns \u00e0 impress\u00e3o ou aos adesivos, mas tamb\u00e9m usa a transpar\u00eancia do acr\u00edlico para apresentar um \"efeito 3D flutuante\".<\/p>\n\n\n\n<p>Seja para empresas personalizarem brindes de neg\u00f3cios, lembran\u00e7as de eventos ou para indiv\u00edduos criarem itens pessoais exclusivos, isso pode ser feito facilmente, tornando cada unidade USB um porta-mem\u00f3ria exclusivo.<\/p>\n<\/div>\n\n\n\n<div class=\"wp-block-column is-layout-flow wp-block-column-is-layout-flow\">\n<figure class=\"wp-block-image aligncenter size-full is-resized\"><img loading=\"lazy\" decoding=\"async\" width=\"800\" height=\"800\" src=\"https:\/\/www.usborkeychain.com\/wp-content\/uploads\/Revolving-Acrylic-Color-Lit-USB-Memory.jpg\" alt=\"Revolving Acrylic Color-Lit USB Memory\" class=\"wp-image-2211\" style=\"width:450px\" srcset=\"https:\/\/www.usborkeychain.com\/wp-content\/uploads\/Revolving-Acrylic-Color-Lit-USB-Memory.jpg 800w, https:\/\/www.usborkeychain.com\/wp-content\/uploads\/Revolving-Acrylic-Color-Lit-USB-Memory-300x300.jpg 300w, https:\/\/www.usborkeychain.com\/wp-content\/uploads\/Revolving-Acrylic-Color-Lit-USB-Memory-150x150.jpg 150w, https:\/\/www.usborkeychain.com\/wp-content\/uploads\/Revolving-Acrylic-Color-Lit-USB-Memory-768x768.jpg 768w, https:\/\/www.usborkeychain.com\/wp-content\/uploads\/Revolving-Acrylic-Color-Lit-USB-Memory-12x12.jpg 12w, https:\/\/www.usborkeychain.com\/wp-content\/uploads\/Revolving-Acrylic-Color-Lit-USB-Memory-600x600.jpg 600w, https:\/\/www.usborkeychain.com\/wp-content\/uploads\/Revolving-Acrylic-Color-Lit-USB-Memory-100x100.jpg 100w\" sizes=\"(max-width: 800px) 100vw, 800px\" \/><\/figure>\n<\/div>\n<\/div>\n\n\n\n<p><\/p>\n\n\n\n<h2 class=\"wp-block-heading\"><strong>Resumo <\/strong><strong><\/strong><\/h2>\n\n\n\n<p>A unidade flash USB girat\u00f3ria de acr\u00edlico brilhante integra \"conveni\u00eancia\" (abertura e fechamento girat\u00f3rios para proteger a interface), \"apelo est\u00e9tico\" (transmiss\u00e3o de luz e colis\u00e3o de materiais), \"efici\u00eancia\" (transmiss\u00e3o de alta velocidade USB3.0) e \"exclusividade\" (personaliza\u00e7\u00e3o de grava\u00e7\u00e3o em 3D).&nbsp;<\/p>\n\n\n\n<p>Ele n\u00e3o apenas resolve os pontos problem\u00e1ticos das unidades USB tradicionais, como \"f\u00e1cil de sujar, dif\u00edcil de encontrar e transmiss\u00e3o lenta\", mas tamb\u00e9m confere ao produto uma alma exclusiva por meio de ilumina\u00e7\u00e3o e personaliza\u00e7\u00e3o. Seja voc\u00ea um profissional, um comprador de presentes ou um entusiasta da beleza, ele pode se tornar um novo favorito digital \"bonito e f\u00e1cil de usar\", transformando o armazenamento de dados em um ritual.<\/p>\n\n\n\n<p><\/p>","protected":false},"excerpt":{"rendered":"<ul>\n<li>Design rotativo<\/li>\n<li>Ilumina\u00e7\u00e3o multicolorida<\/li>\n<li>Elegante e dur\u00e1vel<\/li>\n<li>Velocidade mais r\u00e1pida e alta qualidade<\/li>\n<li>Confi\u00e1vel e seguro<\/li>\n<li>\u00d3timo para todas as finalidades<\/li>\n<\/ul>","protected":false},"featured_media":2212,"comment_status":"open","ping_status":"closed","template":"","meta":{"_seopress_robots_primary_cat":"none","_seopress_titles_title":"Rotating Acrylic Glow USB Flash Drive","_seopress_titles_desc":"","_seopress_robots_index":"","site-sidebar-layout":"default","site-content-layout":"","ast-site-content-layout":"","site-content-style":"default","site-sidebar-style":"default","ast-global-header-display":"","ast-banner-title-visibility":"","ast-main-header-display":"","ast-hfb-above-header-display":"","ast-hfb-below-header-display":"","ast-hfb-mobile-header-display":"","site-post-title":"","ast-breadcrumbs-content":"","ast-featured-img":"","footer-sml-layout":"","theme-transparent-header-meta":"","adv-header-id-meta":"","stick-header-meta":"","header-above-stick-meta":"","header-main-stick-meta":"","header-below-stick-meta":"","astra-migrate-meta-layouts":"default","ast-page-background-enabled":"default","ast-page-background-meta":{"desktop":{"background-color":"var(--ast-global-color-5)","background-image":"","background-repeat":"repeat","background-position":"center center","background-size":"auto","background-attachment":"scroll","background-type":"","background-media":"","overlay-type":"","overlay-color":"","overlay-opacity":"","overlay-gradient":""},"tablet":{"background-color":"","background-image":"","background-repeat":"repeat","background-position":"center center","background-size":"auto","background-attachment":"scroll","background-type":"","background-media":"","overlay-type":"","overlay-color":"","overlay-opacity":"","overlay-gradient":""},"mobile":{"background-color":"","background-image":"","background-repeat":"repeat","background-position":"center center","background-size":"auto","background-attachment":"scroll","background-type":"","background-media":"","overlay-type":"","overlay-color":"","overlay-opacity":"","overlay-gradient":""}},"ast-content-background-meta":{"desktop":{"background-color":"var(--ast-global-color-4)","background-image":"","background-repeat":"repeat","background-position":"center center","background-size":"auto","background-attachment":"scroll","background-type":"","background-media":"","overlay-type":"","overlay-color":"","overlay-opacity":"","overlay-gradient":""},"tablet":{"background-color":"var(--ast-global-color-4)","background-image":"","background-repeat":"repeat","background-position":"center center","background-size":"auto","background-attachment":"scroll","background-type":"","background-media":"","overlay-type":"","overlay-color":"","overlay-opacity":"","overlay-gradient":""},"mobile":{"background-color":"var(--ast-global-color-4)","background-image":"","background-repeat":"repeat","background-position":"center center","background-size":"auto","background-attachment":"scroll","background-type":"","background-media":"","overlay-type":"","overlay-color":"","overlay-opacity":"","overlay-gradient":""}}},"product_brand":[],"product_cat":[91,107,106],"product_tag":[406],"class_list":{"0":"post-2208","1":"product","2":"type-product","3":"status-publish","4":"has-post-thumbnail","6":"product_cat-acrylic-usb-pendrive","7":"product_cat-led-usb-pendrive","8":"product_cat-rotating-usb-pendrive","9":"product_tag-metal-swivel-usb-drive","10":"desktop-align-left","11":"tablet-align-left","12":"mobile-align-left","14":"first","15":"instock","16":"sale","17":"shipping-taxable","18":"purchasable","19":"product-type-simple"},"_links":{"self":[{"href":"https:\/\/www.usborkeychain.com\/pt\/wp-json\/wp\/v2\/product\/2208","targetHints":{"allow":["GET"]}}],"collection":[{"href":"https:\/\/www.usborkeychain.com\/pt\/wp-json\/wp\/v2\/product"}],"about":[{"href":"https:\/\/www.usborkeychain.com\/pt\/wp-json\/wp\/v2\/types\/product"}],"replies":[{"embeddable":true,"href":"https:\/\/www.usborkeychain.com\/pt\/wp-json\/wp\/v2\/comments?post=2208"}],"wp:featuredmedia":[{"embeddable":true,"href":"https:\/\/www.usborkeychain.com\/pt\/wp-json\/wp\/v2\/media\/2212"}],"wp:attachment":[{"href":"https:\/\/www.usborkeychain.com\/pt\/wp-json\/wp\/v2\/media?parent=2208"}],"wp:term":[{"taxonomy":"product_brand","embeddable":true,"href":"https:\/\/www.usborkeychain.com\/pt\/wp-json\/wp\/v2\/product_brand?post=2208"},{"taxonomy":"product_cat","embeddable":true,"href":"https:\/\/www.usborkeychain.com\/pt\/wp-json\/wp\/v2\/product_cat?post=2208"},{"taxonomy":"product_tag","embeddable":true,"href":"https:\/\/www.usborkeychain.com\/pt\/wp-json\/wp\/v2\/product_tag?post=2208"}],"curies":[{"name":"wp","href":"https:\/\/api.w.org\/{rel}","templated":true}]}}