{"id":2217,"date":"2025-06-19T06:03:50","date_gmt":"2025-06-19T06:03:50","guid":{"rendered":"https:\/\/www.usborkeychain.com\/?post_type=product&#038;p=2217"},"modified":"2025-08-19T03:38:40","modified_gmt":"2025-08-19T03:38:40","slug":"clave-usb-rotativa-de-acrilico-iluminada","status":"publish","type":"product","link":"https:\/\/www.usborkeychain.com\/pt\/produto\/clave-usb-rotativa-de-acrilico-iluminada\/","title":{"rendered":"Clave USB Rotativa de Acr\u00edlico Iluminada"},"content":{"rendered":"<h2 class=\"wp-block-heading\"><strong>O que \u00e9 a Clave USB Rotativa de Acr\u00edlico Iluminada? <\/strong><strong><\/strong><\/h2>\n\n\n\n<div class=\"wp-block-columns is-layout-flex wp-container-core-columns-is-layout-28f84493 wp-block-columns-is-layout-flex\">\n<div class=\"wp-block-column is-layout-flow wp-block-column-is-layout-flow\">\n<figure class=\"wp-block-image aligncenter size-large is-resized\"><img fetchpriority=\"high\" decoding=\"async\" width=\"1024\" height=\"1024\" src=\"https:\/\/www.usborkeychain.com\/wp-content\/uploads\/Clave-USB-Rotativa-de-Acrilico-Iluminada-1024x1024.jpg\" alt=\"Clave USB Rotativa de Acr\u00edlico Iluminada\" class=\"wp-image-2220\" style=\"width:450px\" srcset=\"https:\/\/www.usborkeychain.com\/wp-content\/uploads\/Clave-USB-Rotativa-de-Acrilico-Iluminada-1024x1024.jpg 1024w, https:\/\/www.usborkeychain.com\/wp-content\/uploads\/Clave-USB-Rotativa-de-Acrilico-Iluminada-300x300.jpg 300w, https:\/\/www.usborkeychain.com\/wp-content\/uploads\/Clave-USB-Rotativa-de-Acrilico-Iluminada-150x150.jpg 150w, https:\/\/www.usborkeychain.com\/wp-content\/uploads\/Clave-USB-Rotativa-de-Acrilico-Iluminada-768x768.jpg 768w, https:\/\/www.usborkeychain.com\/wp-content\/uploads\/Clave-USB-Rotativa-de-Acrilico-Iluminada-1536x1536.jpg 1536w, https:\/\/www.usborkeychain.com\/wp-content\/uploads\/Clave-USB-Rotativa-de-Acrilico-Iluminada-12x12.jpg 12w, https:\/\/www.usborkeychain.com\/wp-content\/uploads\/Clave-USB-Rotativa-de-Acrilico-Iluminada-600x600.jpg 600w, https:\/\/www.usborkeychain.com\/wp-content\/uploads\/Clave-USB-Rotativa-de-Acrilico-Iluminada-100x100.jpg 100w, https:\/\/www.usborkeychain.com\/wp-content\/uploads\/Clave-USB-Rotativa-de-Acrilico-Iluminada.jpg 1920w\" sizes=\"(max-width: 1024px) 100vw, 1024px\" \/><\/figure>\n<\/div>\n\n\n\n<div class=\"wp-block-column is-vertically-aligned-center is-layout-flow wp-block-column-is-layout-flow\">\n<p>A clave USB rotativa de acr\u00edlico iluminada conta com uma estrutura combinada de cabe\u00e7ote girat\u00f3rio met\u00e1lico e corpo transparente de acr\u00edlico. Por meio de um movimento girat\u00f3rio, \u00e9 poss\u00edvel expor ou ocultar rapidamente a interface USB, o que n\u00e3o s\u00f3 facilita a inser\u00e7\u00e3o e a extra\u00e7\u00e3o di\u00e1ria, mas tamb\u00e9m protege eficazmente a interface de raios e polvo.<\/p>\n\n\n\n<p>A parte de acr\u00edlico incorpora elementos iluminados por LED, que se acendem automaticamente ao serem conectados ou ativados. Isso n\u00e3o apenas resolve o problema de \"encontrar a chave USB na escurid\u00e3o\", mas tamb\u00e9m adiciona um ambiente tecnol\u00f3gico e pontos visuais por meio da textura cristalina do acr\u00edlico, rompendo com a imagem mon\u00f3tona das chaves USB tradicionais.<\/p>\n<\/div>\n<\/div>\n\n\n\n<p><\/p>\n\n\n\n<h2 class=\"wp-block-heading\"><strong>Interface e par\u00e2metros da garra USB rotativa de acr\u00edlico iluminada <\/strong><\/h2>\n\n\n\n<figure class=\"wp-block-table\"><table class=\"has-fixed-layout\"><tbody><tr><td>Par\u00e1metro<\/td><td>Clave USB Rotativa de Acr\u00edlico Iluminada (USB 3.0)<\/td><td>Clave USB comum (USB 2.0)<\/td><\/tr><tr><td>Capacidade dispon\u00edvel<\/td><td>8GB\/16GB\/32GB\/64GB\/128GB\/256GB<\/td><td>Capacidades similares<\/td><\/tr><tr><td>Dimens\u00f5es<\/td><td>62\u00d716\u00d79 mm<\/td><td>Varia de acordo com o modelo<\/td><\/tr><tr><td>Peso<\/td><td>30g<\/td><td>Aprox. 20-40g (varia de acordo com o material)<\/td><\/tr><tr><td>Velocidade de leitura<\/td><td>Aprox. 60-80MB\/s (hasta 100MB\/s)<\/td><td>Aprox. 10-20 MB\/s<\/td><\/tr><tr><td>Velocidade de escrita<\/td><td>Aprox. 20-30MB\/s (at\u00e9 40MB\/s)<\/td><td>Aprox. 5-10 MB\/s<\/td><\/tr><\/tbody><\/table><\/figure>\n\n\n\n<h2 class=\"wp-block-heading\"><strong>Que tipo de luz emite a Clave USB Rotativa de Acr\u00edlico Iluminada? <\/strong><\/h2>\n\n\n\n<p>A clave USB possui tr\u00eas modos de luz: violeta, azul e vermelho. Combinadas com o material de acr\u00edlico \"transparente como cristal\", cada luz cria um ambiente \u00fanico:<\/p>\n\n\n\n<p>- <strong>Luz Violeta<\/strong>: Misteriosa e profunda, ao ser fechada parece que \"fragmentos de c\u00e9u estrelado\" est\u00e3o sendo vendidos no acr\u00edlico. A luz se refrata atrav\u00e9s do material transparente em um halo suave e, \u00e0 noite, \u00e9 usada como uma \"joia iluminada\", rom\u00e2ntica e de alto n\u00edvel.<\/p>\n\n\n\n<p>- <strong>Luz Azul<\/strong>: Fresco e transparente, com um toque tecnol\u00f3gico. Quando se inicia, parece um \"rio de luz fluida\" que se move pelo acr\u00edlico, adaptado \u00e0 busca de uma \"sensa\u00e7\u00e3o futurista\" dos amantes da tecnologia digital, visualmente fresca e atraente.<\/p>\n\n\n\n<p>- <strong>Luz Roja<\/strong>: V\u00edvida e ardiente, com um impacto imediato ao ser fechada. Inclusive durante o dia, permite localizar rapidamente a chave USB, como se estivesse guardando um \"hogar\" em um portador transparente, ardente e chamativo.<\/p>\n\n\n\n<div class=\"wp-block-columns is-layout-flex wp-container-core-columns-is-layout-28f84493 wp-block-columns-is-layout-flex\">\n<div class=\"wp-block-column is-layout-flow wp-block-column-is-layout-flow\">\n<figure class=\"wp-block-image aligncenter size-large is-resized\"><img decoding=\"async\" width=\"1024\" height=\"1024\" src=\"https:\/\/www.usborkeychain.com\/wp-content\/uploads\/Clave-USB-Rotativa-de-Acrilico-Iluminado-Purpura-1024x1024.jpg\" alt=\"Clave USB Rotativa de Acr\u00edlico Iluminado P\u00farpura\" class=\"wp-image-2222\" style=\"width:450px\" srcset=\"https:\/\/www.usborkeychain.com\/wp-content\/uploads\/Clave-USB-Rotativa-de-Acrilico-Iluminado-Purpura-1024x1024.jpg 1024w, https:\/\/www.usborkeychain.com\/wp-content\/uploads\/Clave-USB-Rotativa-de-Acrilico-Iluminado-Purpura-300x300.jpg 300w, https:\/\/www.usborkeychain.com\/wp-content\/uploads\/Clave-USB-Rotativa-de-Acrilico-Iluminado-Purpura-150x150.jpg 150w, https:\/\/www.usborkeychain.com\/wp-content\/uploads\/Clave-USB-Rotativa-de-Acrilico-Iluminado-Purpura-768x768.jpg 768w, https:\/\/www.usborkeychain.com\/wp-content\/uploads\/Clave-USB-Rotativa-de-Acrilico-Iluminado-Purpura-1536x1536.jpg 1536w, https:\/\/www.usborkeychain.com\/wp-content\/uploads\/Clave-USB-Rotativa-de-Acrilico-Iluminado-Purpura-12x12.jpg 12w, https:\/\/www.usborkeychain.com\/wp-content\/uploads\/Clave-USB-Rotativa-de-Acrilico-Iluminado-Purpura-600x600.jpg 600w, https:\/\/www.usborkeychain.com\/wp-content\/uploads\/Clave-USB-Rotativa-de-Acrilico-Iluminado-Purpura-100x100.jpg 100w, https:\/\/www.usborkeychain.com\/wp-content\/uploads\/Clave-USB-Rotativa-de-Acrilico-Iluminado-Purpura.jpg 1920w\" sizes=\"(max-width: 1024px) 100vw, 1024px\" \/><\/figure>\n<\/div>\n\n\n\n<div class=\"wp-block-column is-layout-flow wp-block-column-is-layout-flow\">\n<figure class=\"wp-block-image aligncenter size-large is-resized\"><img decoding=\"async\" width=\"1024\" height=\"1024\" src=\"https:\/\/www.usborkeychain.com\/wp-content\/uploads\/Clave-USB-Rotativa-de-Acrilico-Iluminado-Azul-1024x1024.jpg\" alt=\"Clave USB Rotativa de Acr\u00edlico Iluminado Azul\" class=\"wp-image-2221\" style=\"width:450px\" srcset=\"https:\/\/www.usborkeychain.com\/wp-content\/uploads\/Clave-USB-Rotativa-de-Acrilico-Iluminado-Azul-1024x1024.jpg 1024w, https:\/\/www.usborkeychain.com\/wp-content\/uploads\/Clave-USB-Rotativa-de-Acrilico-Iluminado-Azul-300x300.jpg 300w, https:\/\/www.usborkeychain.com\/wp-content\/uploads\/Clave-USB-Rotativa-de-Acrilico-Iluminado-Azul-150x150.jpg 150w, https:\/\/www.usborkeychain.com\/wp-content\/uploads\/Clave-USB-Rotativa-de-Acrilico-Iluminado-Azul-768x768.jpg 768w, https:\/\/www.usborkeychain.com\/wp-content\/uploads\/Clave-USB-Rotativa-de-Acrilico-Iluminado-Azul-1536x1536.jpg 1536w, https:\/\/www.usborkeychain.com\/wp-content\/uploads\/Clave-USB-Rotativa-de-Acrilico-Iluminado-Azul-12x12.jpg 12w, https:\/\/www.usborkeychain.com\/wp-content\/uploads\/Clave-USB-Rotativa-de-Acrilico-Iluminado-Azul-600x600.jpg 600w, https:\/\/www.usborkeychain.com\/wp-content\/uploads\/Clave-USB-Rotativa-de-Acrilico-Iluminado-Azul-100x100.jpg 100w, https:\/\/www.usborkeychain.com\/wp-content\/uploads\/Clave-USB-Rotativa-de-Acrilico-Iluminado-Azul.jpg 1920w\" sizes=\"(max-width: 1024px) 100vw, 1024px\" \/><\/figure>\n<\/div>\n\n\n\n<div class=\"wp-block-column is-layout-flow wp-block-column-is-layout-flow\">\n<figure class=\"wp-block-image aligncenter size-large is-resized\"><img loading=\"lazy\" decoding=\"async\" width=\"1024\" height=\"1024\" src=\"https:\/\/www.usborkeychain.com\/wp-content\/uploads\/Swiveling-Acrylic-Red-Light-Up-USB-Stick-1024x1024.jpg\" alt=\"Swiveling Acrylic Red Light-Up USB Stick\" class=\"wp-image-2216\" style=\"width:450px\" srcset=\"https:\/\/www.usborkeychain.com\/wp-content\/uploads\/Swiveling-Acrylic-Red-Light-Up-USB-Stick-1024x1024.jpg 1024w, https:\/\/www.usborkeychain.com\/wp-content\/uploads\/Swiveling-Acrylic-Red-Light-Up-USB-Stick-300x300.jpg 300w, https:\/\/www.usborkeychain.com\/wp-content\/uploads\/Swiveling-Acrylic-Red-Light-Up-USB-Stick-150x150.jpg 150w, https:\/\/www.usborkeychain.com\/wp-content\/uploads\/Swiveling-Acrylic-Red-Light-Up-USB-Stick-768x768.jpg 768w, https:\/\/www.usborkeychain.com\/wp-content\/uploads\/Swiveling-Acrylic-Red-Light-Up-USB-Stick-1536x1536.jpg 1536w, https:\/\/www.usborkeychain.com\/wp-content\/uploads\/Swiveling-Acrylic-Red-Light-Up-USB-Stick-12x12.jpg 12w, https:\/\/www.usborkeychain.com\/wp-content\/uploads\/Swiveling-Acrylic-Red-Light-Up-USB-Stick-600x600.jpg 600w, https:\/\/www.usborkeychain.com\/wp-content\/uploads\/Swiveling-Acrylic-Red-Light-Up-USB-Stick-100x100.jpg 100w, https:\/\/www.usborkeychain.com\/wp-content\/uploads\/Swiveling-Acrylic-Red-Light-Up-USB-Stick.jpg 1920w\" sizes=\"(max-width: 1024px) 100vw, 1024px\" \/><\/figure>\n<\/div>\n<\/div>\n\n\n\n<h2 class=\"wp-block-heading\"><strong>\u00c9 poss\u00edvel personalizar o logotipo na chave USB rotativa de acr\u00edlico iluminado?<\/strong><\/h2>\n\n\n\n<div class=\"wp-block-columns is-layout-flex wp-container-core-columns-is-layout-28f84493 wp-block-columns-is-layout-flex\">\n<div class=\"wp-block-column is-vertically-aligned-center is-layout-flow wp-block-column-is-layout-flow\">\n<p>Sim! Esta placa USB permite a personaliza\u00e7\u00e3o de logotipos em duas \u00e1reas: frontal e traseira, utilizando a tecnologia de escultura 3D l\u00e1ser: O desenho\/texto \u00e9 esculpido diretamente no interior do acr\u00edlico (n\u00e3o na superf\u00edcie), o que n\u00e3o apenas evita o problema de desgaste ou descolora\u00e7\u00e3o da impress\u00e3o\/etiqueta, mas tamb\u00e9m utiliza a transpar\u00eancia do acr\u00edlico para apresentar um efeito \"3D flotante\".<\/p>\n\n\n\n<p>&nbsp;Seja para personalizar brindes comerciais, brindes de eventos ou artigos pessoais \u00fanicos, isso pode ser feito com facilidade, transformando cada clave USB em um \"portador de mem\u00f3ria exclusivo\".<\/p>\n<\/div>\n\n\n\n<div class=\"wp-block-column is-layout-flow wp-block-column-is-layout-flow\">\n<figure class=\"wp-block-image aligncenter size-full is-resized\"><img loading=\"lazy\" decoding=\"async\" width=\"800\" height=\"800\" src=\"https:\/\/www.usborkeychain.com\/wp-content\/uploads\/Unidad-USB-Acrilica-Giratoria-con-Efecto-Iluminado.jpg\" alt=\"Unidad USB Acr\u00edlica Giratoria con Efecto Iluminado\" class=\"wp-image-2224\" style=\"width:450px\" srcset=\"https:\/\/www.usborkeychain.com\/wp-content\/uploads\/Unidad-USB-Acrilica-Giratoria-con-Efecto-Iluminado.jpg 800w, https:\/\/www.usborkeychain.com\/wp-content\/uploads\/Unidad-USB-Acrilica-Giratoria-con-Efecto-Iluminado-300x300.jpg 300w, https:\/\/www.usborkeychain.com\/wp-content\/uploads\/Unidad-USB-Acrilica-Giratoria-con-Efecto-Iluminado-150x150.jpg 150w, https:\/\/www.usborkeychain.com\/wp-content\/uploads\/Unidad-USB-Acrilica-Giratoria-con-Efecto-Iluminado-768x768.jpg 768w, https:\/\/www.usborkeychain.com\/wp-content\/uploads\/Unidad-USB-Acrilica-Giratoria-con-Efecto-Iluminado-12x12.jpg 12w, https:\/\/www.usborkeychain.com\/wp-content\/uploads\/Unidad-USB-Acrilica-Giratoria-con-Efecto-Iluminado-600x600.jpg 600w, https:\/\/www.usborkeychain.com\/wp-content\/uploads\/Unidad-USB-Acrilica-Giratoria-con-Efecto-Iluminado-100x100.jpg 100w\" sizes=\"(max-width: 800px) 100vw, 800px\" \/><\/figure>\n<\/div>\n<\/div>\n\n\n\n<p><strong> <\/strong><\/p>\n\n\n\n<p><\/p>\n\n\n\n<h2 class=\"wp-block-heading\"><strong>Resumo<\/strong><\/h2>\n\n\n\n<p>A clave USB rotativa de acr\u00edlico iluminado combina \"comodidade\" (abertura e cume girat\u00f3rio para proteger a interface), \"est\u00e9tica\" (transpar\u00eancia e luz + contraste de materiais), \"efici\u00eancia\" (transmiss\u00e3o r\u00e1pida USB 3.0) e \"sensa\u00e7\u00e3o exclusiva\" (personaliza\u00e7\u00e3o por escultura interna) em um \u00fanico produto.<\/p>\n\n\n\n<p>Resolve os problemas das placas USB tradicionais (\"f\u00e1cil de armazenar, dif\u00edcil de encontrar, transmiss\u00e3o lenta\") e confere uma alma \u00fanica por meio da luz e da personaliza\u00e7\u00e3o. Se voc\u00ea for um profissional, comprador de regalos ou amante da est\u00e9tica, poder\u00e1 se converter no novo favorito digital \"funcional e atraente\", fazendo com que armazenar dados seja tamb\u00e9m um ato com sentido de cerim\u00f4nia.<\/p>\n\n\n\n<p><\/p>","protected":false},"excerpt":{"rendered":"<ul>\n<li>Desenho Rotativo<\/li>\n<li>Ilumina\u00e7\u00e3o Multicolorida<\/li>\n<li>Estiloso e Duradouro<\/li>\n<li>Velocidade mais r\u00e1pida e alta qualidade<\/li>\n<li>Confi\u00e1vel e Segura<\/li>\n<li>Perfeito para todos os usos<\/li>\n<\/ul>\n<p>&nbsp;<\/p>","protected":false},"featured_media":2220,"comment_status":"open","ping_status":"closed","template":"","meta":{"_seopress_robots_primary_cat":"","_seopress_titles_title":"Clave USB Rotativa de Acr\u00edlico Iluminada","_seopress_titles_desc":"","_seopress_robots_index":"","site-sidebar-layout":"default","site-content-layout":"","ast-site-content-layout":"","site-content-style":"default","site-sidebar-style":"default","ast-global-header-display":"","ast-banner-title-visibility":"","ast-main-header-display":"","ast-hfb-above-header-display":"","ast-hfb-below-header-display":"","ast-hfb-mobile-header-display":"","site-post-title":"","ast-breadcrumbs-content":"","ast-featured-img":"","footer-sml-layout":"","theme-transparent-header-meta":"","adv-header-id-meta":"","stick-header-meta":"","header-above-stick-meta":"","header-main-stick-meta":"","header-below-stick-meta":"","astra-migrate-meta-layouts":"default","ast-page-background-enabled":"default","ast-page-background-meta":{"desktop":{"background-color":"var(--ast-global-color-5)","background-image":"","background-repeat":"repeat","background-position":"center center","background-size":"auto","background-attachment":"scroll","background-type":"","background-media":"","overlay-type":"","overlay-color":"","overlay-opacity":"","overlay-gradient":""},"tablet":{"background-color":"","background-image":"","background-repeat":"repeat","background-position":"center center","background-size":"auto","background-attachment":"scroll","background-type":"","background-media":"","overlay-type":"","overlay-color":"","overlay-opacity":"","overlay-gradient":""},"mobile":{"background-color":"","background-image":"","background-repeat":"repeat","background-position":"center center","background-size":"auto","background-attachment":"scroll","background-type":"","background-media":"","overlay-type":"","overlay-color":"","overlay-opacity":"","overlay-gradient":""}},"ast-content-background-meta":{"desktop":{"background-color":"var(--ast-global-color-4)","background-image":"","background-repeat":"repeat","background-position":"center center","background-size":"auto","background-attachment":"scroll","background-type":"","background-media":"","overlay-type":"","overlay-color":"","overlay-opacity":"","overlay-gradient":""},"tablet":{"background-color":"var(--ast-global-color-4)","background-image":"","background-repeat":"repeat","background-position":"center center","background-size":"auto","background-attachment":"scroll","background-type":"","background-media":"","overlay-type":"","overlay-color":"","overlay-opacity":"","overlay-gradient":""},"mobile":{"background-color":"var(--ast-global-color-4)","background-image":"","background-repeat":"repeat","background-position":"center center","background-size":"auto","background-attachment":"scroll","background-type":"","background-media":"","overlay-type":"","overlay-color":"","overlay-opacity":"","overlay-gradient":""}}},"product_brand":[],"product_cat":[91,107,106],"product_tag":[406],"class_list":{"0":"post-2217","1":"product","2":"type-product","3":"status-publish","4":"has-post-thumbnail","6":"product_cat-acrylic-usb-pendrive","7":"product_cat-led-usb-pendrive","8":"product_cat-rotating-usb-pendrive","9":"product_tag-metal-swivel-usb-drive","10":"desktop-align-left","11":"tablet-align-left","12":"mobile-align-left","14":"first","15":"instock","16":"sale","17":"shipping-taxable","18":"purchasable","19":"product-type-simple"},"_links":{"self":[{"href":"https:\/\/www.usborkeychain.com\/pt\/wp-json\/wp\/v2\/product\/2217","targetHints":{"allow":["GET"]}}],"collection":[{"href":"https:\/\/www.usborkeychain.com\/pt\/wp-json\/wp\/v2\/product"}],"about":[{"href":"https:\/\/www.usborkeychain.com\/pt\/wp-json\/wp\/v2\/types\/product"}],"replies":[{"embeddable":true,"href":"https:\/\/www.usborkeychain.com\/pt\/wp-json\/wp\/v2\/comments?post=2217"}],"wp:featuredmedia":[{"embeddable":true,"href":"https:\/\/www.usborkeychain.com\/pt\/wp-json\/wp\/v2\/media\/2220"}],"wp:attachment":[{"href":"https:\/\/www.usborkeychain.com\/pt\/wp-json\/wp\/v2\/media?parent=2217"}],"wp:term":[{"taxonomy":"product_brand","embeddable":true,"href":"https:\/\/www.usborkeychain.com\/pt\/wp-json\/wp\/v2\/product_brand?post=2217"},{"taxonomy":"product_cat","embeddable":true,"href":"https:\/\/www.usborkeychain.com\/pt\/wp-json\/wp\/v2\/product_cat?post=2217"},{"taxonomy":"product_tag","embeddable":true,"href":"https:\/\/www.usborkeychain.com\/pt\/wp-json\/wp\/v2\/product_tag?post=2217"}],"curies":[{"name":"wp","href":"https:\/\/api.w.org\/{rel}","templated":true}]}}