{"id":2226,"date":"2025-06-19T09:26:42","date_gmt":"2025-06-19T09:26:42","guid":{"rendered":"https:\/\/www.usborkeychain.com\/?post_type=product&#038;p=2226"},"modified":"2025-07-22T14:22:28","modified_gmt":"2025-07-22T14:22:28","slug":"key-shape-wooden-usb-flash-drive","status":"publish","type":"product","link":"https:\/\/www.usborkeychain.com\/pt\/produto\/key-shape-wooden-usb-flash-drive\/","title":{"rendered":"Unidade flash USB de madeira em formato de chave"},"content":{"rendered":"<h2 class=\"wp-block-heading\"><strong>O que \u00e9 um <\/strong><strong>Unidade flash USB de madeira em formato de chave<\/strong><strong>? <\/strong><strong><\/strong><\/h2>\n\n\n\n<div class=\"wp-block-columns is-layout-flex wp-container-core-columns-is-layout-28f84493 wp-block-columns-is-layout-flex\">\n<div class=\"wp-block-column is-layout-flow wp-block-column-is-layout-flow\">\n<figure class=\"wp-block-image aligncenter size-full is-resized\"><img fetchpriority=\"high\" decoding=\"async\" width=\"800\" height=\"800\" src=\"https:\/\/www.usborkeychain.com\/wp-content\/uploads\/bulk-key-shape-wooden-usb-flash-drive.jpg\" alt=\"bulk key shape wooden usb flash drive\" class=\"wp-image-2229\" style=\"width:450px\" srcset=\"https:\/\/www.usborkeychain.com\/wp-content\/uploads\/bulk-key-shape-wooden-usb-flash-drive.jpg 800w, https:\/\/www.usborkeychain.com\/wp-content\/uploads\/bulk-key-shape-wooden-usb-flash-drive-300x300.jpg 300w, https:\/\/www.usborkeychain.com\/wp-content\/uploads\/bulk-key-shape-wooden-usb-flash-drive-150x150.jpg 150w, https:\/\/www.usborkeychain.com\/wp-content\/uploads\/bulk-key-shape-wooden-usb-flash-drive-768x768.jpg 768w, https:\/\/www.usborkeychain.com\/wp-content\/uploads\/bulk-key-shape-wooden-usb-flash-drive-12x12.jpg 12w, https:\/\/www.usborkeychain.com\/wp-content\/uploads\/bulk-key-shape-wooden-usb-flash-drive-600x600.jpg 600w, https:\/\/www.usborkeychain.com\/wp-content\/uploads\/bulk-key-shape-wooden-usb-flash-drive-100x100.jpg 100w\" sizes=\"(max-width: 800px) 100vw, 800px\" \/><\/figure>\n<\/div>\n\n\n\n<div class=\"wp-block-column is-vertically-aligned-center is-layout-flow wp-block-column-is-layout-flow\">\n<p>A unidade flash USB Key Shape Wooden reproduz o contorno cl\u00e1ssico das chaves de metal tradicionais, com todos os detalhes, desde a cabe\u00e7a angular da chave at\u00e9 a haste serrilhada, exalando uma est\u00e9tica retr\u00f4.<\/p>\n\n\n\n<p>Fabricado com madeira natural selecionada, o corpo apresenta um delicado gr\u00e3o de madeira e uma textura quente. Por meio de seis processos de polimento, a superf\u00edcie apresenta um toque suave de pele de beb\u00ea, preservando a respirabilidade natural da madeira e garantindo a durabilidade resistente ao desgaste e a quedas.<\/p>\n\n\n\n<p>O design mais engenhoso \u00e9 o mini orif\u00edcio para pendurar na extremidade, id\u00eantico ao de chaves de verdade, que permite prend\u00ea-lo facilmente a chaveiros, z\u00edperes de mochilas ou cord\u00f5es de identifica\u00e7\u00e3o - dizendo adeus \u00e0 \"s\u00edndrome da falta da unidade USB\" e transformando o dispositivo de armazenamento em um acess\u00f3rio port\u00e1til requintado.<\/p>\n<\/div>\n<\/div>\n\n\n\n<h2 class=\"wp-block-heading\"><strong>Interface USB3.0 de alta velocidade + par\u00e2metros hardcore <\/strong><strong><\/strong><\/h2>\n\n\n\n<figure class=\"wp-block-table\"><table class=\"has-fixed-layout\"><tbody><tr><td>Tipo de par\u00e2metro<\/td><td>Unidade flash USB de madeira em formato de chave (USB3.0)<\/td><td>Unidade USB 2.0 comum<\/td><td>An\u00e1lise de vantagens<\/td><\/tr><tr><td>Capacidade de armazenamento<\/td><td>8GB\/16GB\/32GB\/64GB\/128GB<\/td><td>Capacidade regular<\/td><td>Abrange todas as necessidades de cena, desde o escrit\u00f3rio di\u00e1rio at\u00e9 o design profissional<\/td><\/tr><tr><td>Tamanho do corpo<\/td><td>60\u00d729\u00d710mm<\/td><td>Nenhum padr\u00e3o uniforme<\/td><td>O tamanho miniatura cabe em todos os bolsos\/carteiras, sem peso para carregar<\/td><\/tr><tr><td>Peso<\/td><td>15g<\/td><td>20-30g<\/td><td>Design leve, sem carga quando pendurado em chaveiros<\/td><\/tr><tr><td>Velocidade de leitura<\/td><td>At\u00e9 100 MB\/s (arquivos grandes transferidos em segundos)<\/td><td>15-20MB\/s<\/td><td>Transfere um filme de 1 GB em apenas 10 segundos, 5 vezes mais r\u00e1pido do que as unidades USB comuns<\/td><\/tr><tr><td>Velocidade de escrita<\/td><td>At\u00e9 30 MB\/s (preferencialmente para armazenamento eficiente)<\/td><td>5-10 MB\/s<\/td><td>Economiza o tempo de espera do 70% na importa\u00e7\u00e3o de dados em lote<\/td><\/tr><tr><td>Material<\/td><td>Madeira maci\u00e7a natural + contatos met\u00e1licos<\/td><td>Pl\u00e1stico\/metal<\/td><td>Acolhedor e agrad\u00e1vel \u00e0 pele, cada pe\u00e7a \u00e9 uma obra de arte exclusiva com gr\u00e3os de madeira<\/td><\/tr><\/tbody><\/table><\/figure>\n\n\n\n<h2 class=\"wp-block-heading\"><strong>Tr\u00eas cl\u00e1ssicos <\/strong><strong>Unidade flash USB de madeira em formato de chave<\/strong><strong>s <\/strong><strong><\/strong><\/h2>\n\n\n\n<div class=\"wp-block-columns is-layout-flex wp-container-core-columns-is-layout-28f84493 wp-block-columns-is-layout-flex\">\n<div class=\"wp-block-column is-vertically-aligned-center is-layout-flow wp-block-column-is-layout-flow\">\n<p><strong>Modelo de cabe\u00e7a quadrada <\/strong><\/p>\n\n\n\n<p>A cabe\u00e7a da chave adota um design retangular com bordas distintas, em que as bordas mec\u00e2nicas em \u00e2ngulo reto exalam uma aura afiada, mas s\u00e3o suavemente envolvidas pelo gr\u00e3o de madeira marrom-claro natural, como sombras de \u00e1rvores - esses padr\u00f5es irregulares s\u00e3o como impress\u00f5es suaves do tempo, acrescentando um toque de afinidade \u00e0s linhas r\u00edgidas.<\/p>\n\n\n\n<p>O orif\u00edcio para pendurar no canto superior esquerdo \u00e9 intencionalmente descentralizado, tornando-se um \"easter egg assim\u00e9trico\" oculto do designer, como se dissesse: \"Al\u00e9m das regras, h\u00e1 surpresas\". Quando as pontas dos dedos deslizam sobre as bordas em \u00e2ngulo reto, a sensa\u00e7\u00e3o quente e fosca da madeira colide com os contatos de metal preto-dourado da interface USB, criando um contraste maravilhoso - como injetar a alma de uma chave retr\u00f4 na tecnologia moderna, tornando o armazenamento cheio de rituais.<\/p>\n<\/div>\n\n\n\n<div class=\"wp-block-column is-layout-flow wp-block-column-is-layout-flow\">\n<figure class=\"wp-block-image aligncenter size-full is-resized\"><img decoding=\"async\" width=\"800\" height=\"800\" src=\"https:\/\/www.usborkeychain.com\/wp-content\/uploads\/China-Square-Head-Key-Shape-Wooden-usb-flash-drive.jpg\" alt=\"China Square Head Key Shape Wooden usb flash drive\" class=\"wp-image-2230\" style=\"width:450px\" srcset=\"https:\/\/www.usborkeychain.com\/wp-content\/uploads\/China-Square-Head-Key-Shape-Wooden-usb-flash-drive.jpg 800w, https:\/\/www.usborkeychain.com\/wp-content\/uploads\/China-Square-Head-Key-Shape-Wooden-usb-flash-drive-300x300.jpg 300w, https:\/\/www.usborkeychain.com\/wp-content\/uploads\/China-Square-Head-Key-Shape-Wooden-usb-flash-drive-150x150.jpg 150w, https:\/\/www.usborkeychain.com\/wp-content\/uploads\/China-Square-Head-Key-Shape-Wooden-usb-flash-drive-768x768.jpg 768w, https:\/\/www.usborkeychain.com\/wp-content\/uploads\/China-Square-Head-Key-Shape-Wooden-usb-flash-drive-12x12.jpg 12w, https:\/\/www.usborkeychain.com\/wp-content\/uploads\/China-Square-Head-Key-Shape-Wooden-usb-flash-drive-600x600.jpg 600w, https:\/\/www.usborkeychain.com\/wp-content\/uploads\/China-Square-Head-Key-Shape-Wooden-usb-flash-drive-100x100.jpg 100w\" sizes=\"(max-width: 800px) 100vw, 800px\" \/><\/figure>\n<\/div>\n<\/div>\n\n\n\n<div class=\"wp-block-columns is-layout-flex wp-container-core-columns-is-layout-28f84493 wp-block-columns-is-layout-flex\">\n<div class=\"wp-block-column is-layout-flow wp-block-column-is-layout-flow\">\n<figure class=\"wp-block-image aligncenter size-full is-resized\"><img decoding=\"async\" width=\"800\" height=\"800\" src=\"https:\/\/www.usborkeychain.com\/wp-content\/uploads\/key-shape-wooden-usb-flash-drive-with-triangular-head.jpg\" alt=\"key shape wooden usb flash drive with triangular head\" class=\"wp-image-2231\" style=\"width:450px\" srcset=\"https:\/\/www.usborkeychain.com\/wp-content\/uploads\/key-shape-wooden-usb-flash-drive-with-triangular-head.jpg 800w, https:\/\/www.usborkeychain.com\/wp-content\/uploads\/key-shape-wooden-usb-flash-drive-with-triangular-head-300x300.jpg 300w, https:\/\/www.usborkeychain.com\/wp-content\/uploads\/key-shape-wooden-usb-flash-drive-with-triangular-head-150x150.jpg 150w, https:\/\/www.usborkeychain.com\/wp-content\/uploads\/key-shape-wooden-usb-flash-drive-with-triangular-head-768x768.jpg 768w, https:\/\/www.usborkeychain.com\/wp-content\/uploads\/key-shape-wooden-usb-flash-drive-with-triangular-head-12x12.jpg 12w, https:\/\/www.usborkeychain.com\/wp-content\/uploads\/key-shape-wooden-usb-flash-drive-with-triangular-head-600x600.jpg 600w, https:\/\/www.usborkeychain.com\/wp-content\/uploads\/key-shape-wooden-usb-flash-drive-with-triangular-head-100x100.jpg 100w\" sizes=\"(max-width: 800px) 100vw, 800px\" \/><\/figure>\n<\/div>\n\n\n\n<div class=\"wp-block-column is-vertically-aligned-center is-layout-flow wp-block-column-is-layout-flow\">\n<p><strong>Modelo de cabe\u00e7a triangular <\/strong><\/p>\n\n\n\n<p>O modelo de cabe\u00e7a triangular, cuidadosamente selecionado a partir de material de bambu, apresenta hipotenusas de corte agudo, como linhas afiadas esculpidas pelos ventos da montanha, mas instantaneamente iluminadas pela fina textura vertical do bambu - a superf\u00edcie transparente e dourada do bambu parece bloquear a luz do sol de toda uma floresta de bambu, fazendo com que voc\u00ea sinta como se pudesse ouvir o farfalhar das folhas de bambu ao segur\u00e1-lo.<\/p>\n\n\n\n<p>O orif\u00edcio para pendurar se prende \u00e0 borda da parte superior triangular. Esse design de posi\u00e7\u00e3o \"aventureira\" o deixa pronto para ser pendurado em chaveiros e embarcar na pr\u00f3xima jornada a qualquer momento. Quando seus dedos deslizam sobre as hipotenusas e acariciam suavemente a dire\u00e7\u00e3o da textura do bambu, \u00e9 como perseguir a luz e a sombra nas montanhas, com cada toque sendo um di\u00e1logo com a natureza.<\/p>\n<\/div>\n<\/div>\n\n\n\n<div class=\"wp-block-columns is-layout-flex wp-container-core-columns-is-layout-28f84493 wp-block-columns-is-layout-flex\">\n<div class=\"wp-block-column is-vertically-aligned-center is-layout-flow wp-block-column-is-layout-flow\">\n<p><strong>Modelo de cabe\u00e7a redonda <\/strong><\/p>\n\n\n\n<p>A cabe\u00e7a da chave \u00e9 um c\u00edrculo completo envolvido por um arco suave, com bordas t\u00e3o fluidas quanto seixos lavados por um riacho durante anos. A textura da madeira clara se espalha na superf\u00edcie circular, como a condensa\u00e7\u00e3o dos an\u00e9is anuais da floresta em uma pequena lua na palma da m\u00e3o.<\/p>\n\n\n\n<p>O orif\u00edcio de suspens\u00e3o est\u00e1 oculto um pouco acima do centro do c\u00edrculo, fazendo com que todo o contorno se pare\u00e7a mais com uma chave antiga cujas bordas foram suavizadas pelo tempo, com um filtro retr\u00f4 incorporado.<\/p>\n\n\n\n<p>Quando as pontas dos dedos deslizam pelo arco, \u00e9 poss\u00edvel sentir claramente a transi\u00e7\u00e3o da madeira de dura para macia, e at\u00e9 mesmo a interface USB de metal saliente \u00e9 como uma \"antena moderna\" que se estende desde os tempos antigos, conectando suavemente o passado e o presente.<\/p>\n<\/div>\n\n\n\n<div class=\"wp-block-column is-layout-flow wp-block-column-is-layout-flow\">\n<figure class=\"wp-block-image aligncenter size-full is-resized\"><img loading=\"lazy\" decoding=\"async\" width=\"800\" height=\"800\" src=\"https:\/\/www.usborkeychain.com\/wp-content\/uploads\/low-price-key-shape-wooden-usb-flash-drive-with-round-head.jpg\" alt=\"low price key shape wooden usb flash drive with round head\" class=\"wp-image-2232\" style=\"width:450px\" srcset=\"https:\/\/www.usborkeychain.com\/wp-content\/uploads\/low-price-key-shape-wooden-usb-flash-drive-with-round-head.jpg 800w, https:\/\/www.usborkeychain.com\/wp-content\/uploads\/low-price-key-shape-wooden-usb-flash-drive-with-round-head-300x300.jpg 300w, https:\/\/www.usborkeychain.com\/wp-content\/uploads\/low-price-key-shape-wooden-usb-flash-drive-with-round-head-150x150.jpg 150w, https:\/\/www.usborkeychain.com\/wp-content\/uploads\/low-price-key-shape-wooden-usb-flash-drive-with-round-head-768x768.jpg 768w, https:\/\/www.usborkeychain.com\/wp-content\/uploads\/low-price-key-shape-wooden-usb-flash-drive-with-round-head-12x12.jpg 12w, https:\/\/www.usborkeychain.com\/wp-content\/uploads\/low-price-key-shape-wooden-usb-flash-drive-with-round-head-600x600.jpg 600w, https:\/\/www.usborkeychain.com\/wp-content\/uploads\/low-price-key-shape-wooden-usb-flash-drive-with-round-head-100x100.jpg 100w\" sizes=\"(max-width: 800px) 100vw, 800px\" \/><\/figure>\n<\/div>\n<\/div>\n\n\n\n<h2 class=\"wp-block-heading\"><strong>Personaliza\u00e7\u00e3o exclusiva <\/strong><strong><\/strong><\/h2>\n\n\n\n<p>Permite a personaliza\u00e7\u00e3o de LOGOTIPOs exclusivos na frente e no verso, oferecendo tr\u00eas processos:<\/p>\n\n\n\n<p><strong>Serigrafia<\/strong>: As cores de alta satura\u00e7\u00e3o restauram com precis\u00e3o a marca VI, adequada para LOGOs simples ou padr\u00f5es de uma \u00fanica cor;<\/p>\n\n\n\n<p><strong>Impress\u00e3o em cores<\/strong>: Restaura\u00e7\u00e3o em cores de designs complexos, com apresenta\u00e7\u00e3o clara de gradientes\/ilustra\u00e7\u00f5es e outros detalhes;<\/p>\n\n\n\n<p><strong>Grava\u00e7\u00e3o a laser<\/strong>: Um processo de entalhe que penetra profundamente na textura da madeira, criando uma textura discreta e luxuosa. A combina\u00e7\u00e3o natural do gr\u00e3o da madeira e da grava\u00e7\u00e3o torna cada LOGOTIPO uma obra de arte exclusiva. Seja para brindes corporativos, itens comemorativos de eventos ou logotipos pessoais exclusivos, a personaliza\u00e7\u00e3o desse pen drive pode transform\u00e1-lo em um cart\u00e3o de visita de marca \"falante\".<\/p>\n\n\n\n<p><\/p>","protected":false},"excerpt":{"rendered":"<ul>\n<li>Design diferente da cabe\u00e7a<\/li>\n<li>Material de madeira<\/li>\n<li>Resistente a arranh\u00f5es e desgaste<\/li>\n<li>Velocidade mais r\u00e1pida e alta qualidade<\/li>\n<li>Confi\u00e1vel e seguro<\/li>\n<li>\u00d3timo para todas as finalidades<\/li>\n<\/ul>","protected":false},"featured_media":2229,"comment_status":"open","ping_status":"closed","template":"","meta":{"_seopress_robots_primary_cat":"none","_seopress_titles_title":"Key Shape Wooden USB Flash Drive","_seopress_titles_desc":"","_seopress_robots_index":"","site-sidebar-layout":"default","site-content-layout":"","ast-site-content-layout":"","site-content-style":"default","site-sidebar-style":"default","ast-global-header-display":"","ast-banner-title-visibility":"","ast-main-header-display":"","ast-hfb-above-header-display":"","ast-hfb-below-header-display":"","ast-hfb-mobile-header-display":"","site-post-title":"","ast-breadcrumbs-content":"","ast-featured-img":"","footer-sml-layout":"","theme-transparent-header-meta":"","adv-header-id-meta":"","stick-header-meta":"","header-above-stick-meta":"","header-main-stick-meta":"","header-below-stick-meta":"","astra-migrate-meta-layouts":"default","ast-page-background-enabled":"default","ast-page-background-meta":{"desktop":{"background-color":"var(--ast-global-color-5)","background-image":"","background-repeat":"repeat","background-position":"center center","background-size":"auto","background-attachment":"scroll","background-type":"","background-media":"","overlay-type":"","overlay-color":"","overlay-opacity":"","overlay-gradient":""},"tablet":{"background-color":"","background-image":"","background-repeat":"repeat","background-position":"center center","background-size":"auto","background-attachment":"scroll","background-type":"","background-media":"","overlay-type":"","overlay-color":"","overlay-opacity":"","overlay-gradient":""},"mobile":{"background-color":"","background-image":"","background-repeat":"repeat","background-position":"center center","background-size":"auto","background-attachment":"scroll","background-type":"","background-media":"","overlay-type":"","overlay-color":"","overlay-opacity":"","overlay-gradient":""}},"ast-content-background-meta":{"desktop":{"background-color":"var(--ast-global-color-4)","background-image":"","background-repeat":"repeat","background-position":"center center","background-size":"auto","background-attachment":"scroll","background-type":"","background-media":"","overlay-type":"","overlay-color":"","overlay-opacity":"","overlay-gradient":""},"tablet":{"background-color":"var(--ast-global-color-4)","background-image":"","background-repeat":"repeat","background-position":"center center","background-size":"auto","background-attachment":"scroll","background-type":"","background-media":"","overlay-type":"","overlay-color":"","overlay-opacity":"","overlay-gradient":""},"mobile":{"background-color":"var(--ast-global-color-4)","background-image":"","background-repeat":"repeat","background-position":"center center","background-size":"auto","background-attachment":"scroll","background-type":"","background-media":"","overlay-type":"","overlay-color":"","overlay-opacity":"","overlay-gradient":""}}},"product_brand":[],"product_cat":[168,108,101],"product_tag":[],"class_list":{"0":"post-2226","1":"product","2":"type-product","3":"status-publish","4":"has-post-thumbnail","6":"product_cat-wood-usb-flash-drive","7":"product_cat-key-shaped-usb-pendrive","8":"product_cat-usb-pendrive-with-keychain","9":"desktop-align-left","10":"tablet-align-left","11":"mobile-align-left","13":"first","14":"instock","15":"shipping-taxable","16":"product-type-simple"},"_links":{"self":[{"href":"https:\/\/www.usborkeychain.com\/pt\/wp-json\/wp\/v2\/product\/2226","targetHints":{"allow":["GET"]}}],"collection":[{"href":"https:\/\/www.usborkeychain.com\/pt\/wp-json\/wp\/v2\/product"}],"about":[{"href":"https:\/\/www.usborkeychain.com\/pt\/wp-json\/wp\/v2\/types\/product"}],"replies":[{"embeddable":true,"href":"https:\/\/www.usborkeychain.com\/pt\/wp-json\/wp\/v2\/comments?post=2226"}],"wp:featuredmedia":[{"embeddable":true,"href":"https:\/\/www.usborkeychain.com\/pt\/wp-json\/wp\/v2\/media\/2229"}],"wp:attachment":[{"href":"https:\/\/www.usborkeychain.com\/pt\/wp-json\/wp\/v2\/media?parent=2226"}],"wp:term":[{"taxonomy":"product_brand","embeddable":true,"href":"https:\/\/www.usborkeychain.com\/pt\/wp-json\/wp\/v2\/product_brand?post=2226"},{"taxonomy":"product_cat","embeddable":true,"href":"https:\/\/www.usborkeychain.com\/pt\/wp-json\/wp\/v2\/product_cat?post=2226"},{"taxonomy":"product_tag","embeddable":true,"href":"https:\/\/www.usborkeychain.com\/pt\/wp-json\/wp\/v2\/product_tag?post=2226"}],"curies":[{"name":"wp","href":"https:\/\/api.w.org\/{rel}","templated":true}]}}