{"id":2448,"date":"2025-06-20T07:23:41","date_gmt":"2025-06-20T07:23:41","guid":{"rendered":"https:\/\/www.usborkeychain.com\/?post_type=product&#038;p=2448"},"modified":"2025-07-10T00:22:43","modified_gmt":"2025-07-10T00:22:43","slug":"wooden-card-usb-flash-drive","status":"publish","type":"product","link":"https:\/\/www.usborkeychain.com\/pt\/produto\/wooden-card-usb-flash-drive\/","title":{"rendered":"Unidade flash USB de cart\u00e3o de madeira"},"content":{"rendered":"<div class=\"wp-block-columns is-layout-flex wp-container-core-columns-is-layout-28f84493 wp-block-columns-is-layout-flex\">\n<div class=\"wp-block-column is-layout-flow wp-block-column-is-layout-flow\">\n<figure class=\"wp-block-image aligncenter size-full is-resized\"><img fetchpriority=\"high\" decoding=\"async\" width=\"800\" height=\"800\" src=\"https:\/\/www.usborkeychain.com\/wp-content\/uploads\/china-wood-card-usb-flash-drive-manufacturer.jpg\" alt=\"China wood card usb flash drive manufacturer\" class=\"wp-image-2467\" style=\"width:450px\" srcset=\"https:\/\/www.usborkeychain.com\/wp-content\/uploads\/china-wood-card-usb-flash-drive-manufacturer.jpg 800w, https:\/\/www.usborkeychain.com\/wp-content\/uploads\/china-wood-card-usb-flash-drive-manufacturer-300x300.jpg 300w, https:\/\/www.usborkeychain.com\/wp-content\/uploads\/china-wood-card-usb-flash-drive-manufacturer-150x150.jpg 150w, https:\/\/www.usborkeychain.com\/wp-content\/uploads\/china-wood-card-usb-flash-drive-manufacturer-768x768.jpg 768w, https:\/\/www.usborkeychain.com\/wp-content\/uploads\/china-wood-card-usb-flash-drive-manufacturer-12x12.jpg 12w, https:\/\/www.usborkeychain.com\/wp-content\/uploads\/china-wood-card-usb-flash-drive-manufacturer-600x600.jpg 600w, https:\/\/www.usborkeychain.com\/wp-content\/uploads\/china-wood-card-usb-flash-drive-manufacturer-100x100.jpg 100w\" sizes=\"(max-width: 800px) 100vw, 800px\" \/><\/figure>\n<\/div>\n\n\n\n<div class=\"wp-block-column is-vertically-aligned-center is-layout-flow wp-block-column-is-layout-flow\">\n<p>Sem se preocupar com os designs tradicionais de unidades USB, a unidade flash USB Wooden Card apresenta um perfil fino em forma de cart\u00e3o. Com as dimens\u00f5es padr\u00e3o de um cart\u00e3o banc\u00e1rio, 85,6 mm x 53,98 mm e apenas 2 mm de espessura, ele cabe facilmente em carteiras, bolsos ou porta-cart\u00f5es de visita.<\/p>\n\n\n\n<p>Fabricada em madeira natural, essa inovadora ferramenta de armazenamento combina perfeitamente a textura org\u00e2nica com a funcionalidade tecnol\u00f3gica, oferecendo uma experi\u00eancia t\u00e1til calorosa, padr\u00f5es de gr\u00e3os exclusivos e desempenho de armazenamento est\u00e1vel para uso pr\u00e1tico e apelo est\u00e9tico.<\/p>\n<\/div>\n<\/div>\n\n\n\n<p><\/p>\n\n\n\n<h2 class=\"wp-block-heading\"><strong>Quais materiais e dimens\u00f5es <\/strong><strong>s\u00e3o<\/strong><strong>&nbsp;o <\/strong><strong>Unidade flash USB de cart\u00e3o de madeira<\/strong><strong>? <\/strong><strong><\/strong><\/h2>\n\n\n\n<p>A unidade flash USB Wooden Card est\u00e1 dispon\u00edvel em v\u00e1rios materiais premium:<\/p>\n\n\n\n<p><strong>Bordo<\/strong>: Apresenta gr\u00e3o claro com um tom leve e elegante.<\/p>\n\n\n\n<p><strong>Mogno<\/strong>: Apresenta uma tonalidade rica e profunda e madeira resistente.<\/p>\n\n\n\n<p><strong>Noz<\/strong>: Apresenta padr\u00f5es de gr\u00e3o exclusivos com alta durabilidade.<\/p>\n\n\n\n<p><strong>Bambu carbonizado<\/strong>: Passa por um tratamento de alta temperatura para formar uma camada carbonizada resistente ao desgaste.<\/p>\n\n\n\n<p><strong>Bambu natural<\/strong>: Mant\u00e9m os veios originais do bambu para uma apar\u00eancia fresca e natural.<\/p>\n\n\n\n<div class=\"wp-block-columns is-layout-flex wp-container-core-columns-is-layout-28f84493 wp-block-columns-is-layout-flex\">\n<div class=\"wp-block-column is-layout-flow wp-block-column-is-layout-flow\">\n<figure class=\"wp-block-image aligncenter size-full is-resized\"><img decoding=\"async\" width=\"800\" height=\"800\" src=\"https:\/\/www.usborkeychain.com\/wp-content\/uploads\/bulk-wood-card-usb-flash-drive.jpg\" alt=\"bulk wood card usb flash drive\" class=\"wp-image-2465\" style=\"width:450px\" srcset=\"https:\/\/www.usborkeychain.com\/wp-content\/uploads\/bulk-wood-card-usb-flash-drive.jpg 800w, https:\/\/www.usborkeychain.com\/wp-content\/uploads\/bulk-wood-card-usb-flash-drive-300x300.jpg 300w, https:\/\/www.usborkeychain.com\/wp-content\/uploads\/bulk-wood-card-usb-flash-drive-150x150.jpg 150w, https:\/\/www.usborkeychain.com\/wp-content\/uploads\/bulk-wood-card-usb-flash-drive-768x768.jpg 768w, https:\/\/www.usborkeychain.com\/wp-content\/uploads\/bulk-wood-card-usb-flash-drive-12x12.jpg 12w, https:\/\/www.usborkeychain.com\/wp-content\/uploads\/bulk-wood-card-usb-flash-drive-600x600.jpg 600w, https:\/\/www.usborkeychain.com\/wp-content\/uploads\/bulk-wood-card-usb-flash-drive-100x100.jpg 100w\" sizes=\"(max-width: 800px) 100vw, 800px\" \/><\/figure>\n<\/div>\n\n\n\n<div class=\"wp-block-column is-layout-flow wp-block-column-is-layout-flow\">\n<figure class=\"wp-block-image aligncenter size-full is-resized\"><img decoding=\"async\" width=\"800\" height=\"800\" src=\"https:\/\/www.usborkeychain.com\/wp-content\/uploads\/china-wood-card-usb-flash-drive-customized.jpg\" alt=\"China wood card usb flash drive customized\" class=\"wp-image-2466\" style=\"width:450px\" srcset=\"https:\/\/www.usborkeychain.com\/wp-content\/uploads\/china-wood-card-usb-flash-drive-customized.jpg 800w, https:\/\/www.usborkeychain.com\/wp-content\/uploads\/china-wood-card-usb-flash-drive-customized-300x300.jpg 300w, https:\/\/www.usborkeychain.com\/wp-content\/uploads\/china-wood-card-usb-flash-drive-customized-150x150.jpg 150w, https:\/\/www.usborkeychain.com\/wp-content\/uploads\/china-wood-card-usb-flash-drive-customized-768x768.jpg 768w, https:\/\/www.usborkeychain.com\/wp-content\/uploads\/china-wood-card-usb-flash-drive-customized-12x12.jpg 12w, https:\/\/www.usborkeychain.com\/wp-content\/uploads\/china-wood-card-usb-flash-drive-customized-600x600.jpg 600w, https:\/\/www.usborkeychain.com\/wp-content\/uploads\/china-wood-card-usb-flash-drive-customized-100x100.jpg 100w\" sizes=\"(max-width: 800px) 100vw, 800px\" \/><\/figure>\n<\/div>\n<\/div>\n\n\n\n<p>Mantendo as r\u00edgidas dimens\u00f5es de cart\u00e3o banc\u00e1rio de 85,6 mm \u00d7 53,98 mm \u00d7 2 mm, seu tamanho de bolso garante portabilidade sem esfor\u00e7o.<\/p>\n\n\n\n<h2 class=\"wp-block-heading\"><strong>Quais interfaces e capacidades de armazenamento est\u00e3o dispon\u00edveis? <\/strong><strong><\/strong><\/h2>\n\n\n\n<p><strong>USB 2.0<\/strong>: Oferece uma taxa de transfer\u00eancia te\u00f3rica de 480 Mbps, ideal para transfer\u00eancias di\u00e1rias de documentos<\/p>\n\n\n\n<p><strong>USB 3.0<\/strong>: Atualiza\u00e7\u00f5es para 5 Gbps, reduzindo significativamente os tempos de transfer\u00eancia de arquivos grandes<\/p>\n\n\n\n<p>As capacidades de armazenamento variam de 8 GB, 16 GB, 32 GB, 64 GB a 128 GB, atendendo a diversas necessidades dos usu\u00e1rios.<\/p>\n\n\n\n<h2 class=\"wp-block-heading\"><strong>Qual \u00e9 a efic\u00e1cia da grava\u00e7\u00e3o a laser para a personaliza\u00e7\u00e3o do logotipo como um presente? <\/strong><strong><\/strong><\/h2>\n\n\n\n<div class=\"wp-block-columns is-layout-flex wp-container-core-columns-is-layout-28f84493 wp-block-columns-is-layout-flex\">\n<div class=\"wp-block-column is-vertically-aligned-center is-layout-flow wp-block-column-is-layout-flow\">\n<figure class=\"wp-block-image aligncenter size-full is-resized\"><img loading=\"lazy\" decoding=\"async\" width=\"800\" height=\"800\" src=\"https:\/\/www.usborkeychain.com\/wp-content\/uploads\/odm-wood-card-usb-flash-drive-china-factory.jpg\" alt=\"odm wood card usb flash drive china factory\" class=\"wp-image-2489\" style=\"width:450px\" srcset=\"https:\/\/www.usborkeychain.com\/wp-content\/uploads\/odm-wood-card-usb-flash-drive-china-factory.jpg 800w, https:\/\/www.usborkeychain.com\/wp-content\/uploads\/odm-wood-card-usb-flash-drive-china-factory-300x300.jpg 300w, https:\/\/www.usborkeychain.com\/wp-content\/uploads\/odm-wood-card-usb-flash-drive-china-factory-150x150.jpg 150w, https:\/\/www.usborkeychain.com\/wp-content\/uploads\/odm-wood-card-usb-flash-drive-china-factory-768x768.jpg 768w, https:\/\/www.usborkeychain.com\/wp-content\/uploads\/odm-wood-card-usb-flash-drive-china-factory-12x12.jpg 12w, https:\/\/www.usborkeychain.com\/wp-content\/uploads\/odm-wood-card-usb-flash-drive-china-factory-600x600.jpg 600w, https:\/\/www.usborkeychain.com\/wp-content\/uploads\/odm-wood-card-usb-flash-drive-china-factory-100x100.jpg 100w\" sizes=\"(max-width: 800px) 100vw, 800px\" \/><\/figure>\n<\/div>\n\n\n\n<div class=\"wp-block-column is-vertically-aligned-center is-layout-flow wp-block-column-is-layout-flow\">\n<p>Usando a tecnologia de grava\u00e7\u00e3o a laser, logotipos, textos ou padr\u00f5es s\u00e3o gravados com precis\u00e3o na superf\u00edcie da madeira. Com a profundidade da grava\u00e7\u00e3o controlada entre 0,1 e 0,2 mm, o processo garante detalhes claros e delicados sem comprometer a integridade da madeira.<\/p>\n\n\n\n<p>Como presente, a grava\u00e7\u00e3o personalizada aumenta a lembran\u00e7a da marca ou a express\u00e3o emocional, transformando a unidade USB em uma lembran\u00e7a pr\u00e1tica e memor\u00e1vel.<\/p>\n<\/div>\n<\/div>\n\n\n\n<h2 class=\"wp-block-heading\"><strong>Conclus\u00e3o <\/strong><strong><\/strong><\/h2>\n\n\n\n<p>Fabricada por uma f\u00e1brica de renome com processos avan\u00e7ados em uma moderna instala\u00e7\u00e3o de unidades USB, cada unidade garante qualidade e desempenho consistentes do material.<\/p>\n\n\n\n<p>Oferecemos servi\u00e7os de atacado em massa para empresas e distribuidores, oferecendo suporte \u00e0 personaliza\u00e7\u00e3o profunda, incluindo sele\u00e7\u00e3o de material, tipo de interface, capacidade de armazenamento e conte\u00fado de grava\u00e7\u00e3o a laser.<\/p>\n\n\n\n<p>Seja para aquisi\u00e7\u00e3o de brindes corporativos, memorabilia para eventos ou pedidos em massa para distribuidores, atendemos a todas as necessidades - seja bem-vindo para perguntar sobre detalhes de colabora\u00e7\u00e3o.<\/p>\n\n\n\n<p><\/p>","protected":false},"excerpt":{"rendered":"<ul>\n<li>Design do cart\u00e3o<\/li>\n<li>Material de madeira<\/li>\n<li>Resistente a arranh\u00f5es e desgaste<\/li>\n<li>Velocidade mais r\u00e1pida e alta qualidade<\/li>\n<li>Confi\u00e1vel e seguro<\/li>\n<li>\u00d3timo para todas as finalidades<\/li>\n<\/ul>","protected":false},"featured_media":2468,"comment_status":"open","ping_status":"closed","template":"","meta":{"_seopress_robots_primary_cat":"none","_seopress_titles_title":"Wooden Card USB Flash Drive","_seopress_titles_desc":"","_seopress_robots_index":"","site-sidebar-layout":"default","site-content-layout":"","ast-site-content-layout":"","site-content-style":"default","site-sidebar-style":"default","ast-global-header-display":"","ast-banner-title-visibility":"","ast-main-header-display":"","ast-hfb-above-header-display":"","ast-hfb-below-header-display":"","ast-hfb-mobile-header-display":"","site-post-title":"","ast-breadcrumbs-content":"","ast-featured-img":"","footer-sml-layout":"","theme-transparent-header-meta":"","adv-header-id-meta":"","stick-header-meta":"","header-above-stick-meta":"","header-main-stick-meta":"","header-below-stick-meta":"","astra-migrate-meta-layouts":"default","ast-page-background-enabled":"default","ast-page-background-meta":{"desktop":{"background-color":"var(--ast-global-color-5)","background-image":"","background-repeat":"repeat","background-position":"center center","background-size":"auto","background-attachment":"scroll","background-type":"","background-media":"","overlay-type":"","overlay-color":"","overlay-opacity":"","overlay-gradient":""},"tablet":{"background-color":"","background-image":"","background-repeat":"repeat","background-position":"center center","background-size":"auto","background-attachment":"scroll","background-type":"","background-media":"","overlay-type":"","overlay-color":"","overlay-opacity":"","overlay-gradient":""},"mobile":{"background-color":"","background-image":"","background-repeat":"repeat","background-position":"center center","background-size":"auto","background-attachment":"scroll","background-type":"","background-media":"","overlay-type":"","overlay-color":"","overlay-opacity":"","overlay-gradient":""}},"ast-content-background-meta":{"desktop":{"background-color":"var(--ast-global-color-4)","background-image":"","background-repeat":"repeat","background-position":"center center","background-size":"auto","background-attachment":"scroll","background-type":"","background-media":"","overlay-type":"","overlay-color":"","overlay-opacity":"","overlay-gradient":""},"tablet":{"background-color":"var(--ast-global-color-4)","background-image":"","background-repeat":"repeat","background-position":"center center","background-size":"auto","background-attachment":"scroll","background-type":"","background-media":"","overlay-type":"","overlay-color":"","overlay-opacity":"","overlay-gradient":""},"mobile":{"background-color":"var(--ast-global-color-4)","background-image":"","background-repeat":"repeat","background-position":"center center","background-size":"auto","background-attachment":"scroll","background-type":"","background-media":"","overlay-type":"","overlay-color":"","overlay-opacity":"","overlay-gradient":""}}},"product_brand":[],"product_cat":[168,96],"product_tag":[],"class_list":{"0":"post-2448","1":"product","2":"type-product","3":"status-publish","4":"has-post-thumbnail","6":"product_cat-wood-usb-flash-drive","7":"product_cat-card-usb-pendrive","8":"desktop-align-left","9":"tablet-align-left","10":"mobile-align-left","12":"first","13":"instock","14":"shipping-taxable","15":"product-type-simple"},"_links":{"self":[{"href":"https:\/\/www.usborkeychain.com\/pt\/wp-json\/wp\/v2\/product\/2448","targetHints":{"allow":["GET"]}}],"collection":[{"href":"https:\/\/www.usborkeychain.com\/pt\/wp-json\/wp\/v2\/product"}],"about":[{"href":"https:\/\/www.usborkeychain.com\/pt\/wp-json\/wp\/v2\/types\/product"}],"replies":[{"embeddable":true,"href":"https:\/\/www.usborkeychain.com\/pt\/wp-json\/wp\/v2\/comments?post=2448"}],"wp:featuredmedia":[{"embeddable":true,"href":"https:\/\/www.usborkeychain.com\/pt\/wp-json\/wp\/v2\/media\/2468"}],"wp:attachment":[{"href":"https:\/\/www.usborkeychain.com\/pt\/wp-json\/wp\/v2\/media?parent=2448"}],"wp:term":[{"taxonomy":"product_brand","embeddable":true,"href":"https:\/\/www.usborkeychain.com\/pt\/wp-json\/wp\/v2\/product_brand?post=2448"},{"taxonomy":"product_cat","embeddable":true,"href":"https:\/\/www.usborkeychain.com\/pt\/wp-json\/wp\/v2\/product_cat?post=2448"},{"taxonomy":"product_tag","embeddable":true,"href":"https:\/\/www.usborkeychain.com\/pt\/wp-json\/wp\/v2\/product_tag?post=2448"}],"curies":[{"name":"wp","href":"https:\/\/api.w.org\/{rel}","templated":true}]}}