{"id":2528,"date":"2025-06-20T09:34:26","date_gmt":"2025-06-20T09:34:26","guid":{"rendered":"https:\/\/www.usborkeychain.com\/?post_type=product&#038;p=2528"},"modified":"2025-07-10T00:22:20","modified_gmt":"2025-07-10T00:22:20","slug":"oval-wooden-usb-drive","status":"publish","type":"product","link":"https:\/\/www.usborkeychain.com\/pt\/produto\/oval-wooden-usb-drive\/","title":{"rendered":"Unidade USB oval de madeira"},"content":{"rendered":"<div class=\"wp-block-columns is-layout-flex wp-container-core-columns-is-layout-28f84493 wp-block-columns-is-layout-flex\">\n<div class=\"wp-block-column is-layout-flow wp-block-column-is-layout-flow\">\n<figure class=\"wp-block-image aligncenter size-full is-resized\"><img fetchpriority=\"high\" decoding=\"async\" width=\"800\" height=\"800\" src=\"https:\/\/www.usborkeychain.com\/wp-content\/uploads\/long-olive-shape-wood-usb-flash-drive.jpg\" alt=\"long olive shape wood usb flash drive\" class=\"wp-image-2534\" style=\"width:450px\" srcset=\"https:\/\/www.usborkeychain.com\/wp-content\/uploads\/long-olive-shape-wood-usb-flash-drive.jpg 800w, https:\/\/www.usborkeychain.com\/wp-content\/uploads\/long-olive-shape-wood-usb-flash-drive-300x300.jpg 300w, https:\/\/www.usborkeychain.com\/wp-content\/uploads\/long-olive-shape-wood-usb-flash-drive-150x150.jpg 150w, https:\/\/www.usborkeychain.com\/wp-content\/uploads\/long-olive-shape-wood-usb-flash-drive-768x768.jpg 768w, https:\/\/www.usborkeychain.com\/wp-content\/uploads\/long-olive-shape-wood-usb-flash-drive-12x12.jpg 12w, https:\/\/www.usborkeychain.com\/wp-content\/uploads\/long-olive-shape-wood-usb-flash-drive-600x600.jpg 600w, https:\/\/www.usborkeychain.com\/wp-content\/uploads\/long-olive-shape-wood-usb-flash-drive-100x100.jpg 100w\" sizes=\"(max-width: 800px) 100vw, 800px\" \/><\/figure>\n<\/div>\n\n\n\n<div class=\"wp-block-column is-vertically-aligned-center is-layout-flow wp-block-column-is-layout-flow\">\n<p>O pen drive oval de madeira apresenta um design oval cl\u00e1ssico com madeira natural como material, criando uma ferramenta de armazenamento que equilibra est\u00e9tica e praticidade.<\/p>\n\n\n\n<p>Ele vem em duas especifica\u00e7\u00f5es de tamanho: o modelo oval fino tem aproximadamente 65 mm de comprimento e 25 mm de largura, com linhas suaves; o modelo oval rechonchudo tem cerca de 50 mm de comprimento e 35 mm de largura, com um formato rechonchudo.<\/p>\n\n\n\n<p>A superf\u00edcie \u00e9 processada por meio de 7 t\u00e9cnicas de lixamento fino, oferecendo um toque quente e um gr\u00e3o de madeira claro, o que a torna uma excelente op\u00e7\u00e3o para armazenamento de dados e para presentear.<\/p>\n<\/div>\n<\/div>\n\n\n\n<p><\/p>\n\n\n\n<h2 class=\"wp-block-heading\"><strong>Por que a<\/strong><strong>&nbsp;<\/strong><strong>A unidade USB oval de madeira \u00e9 o modelo mais popular? <\/strong><strong><\/strong><\/h2>\n\n\n\n<p>O pen drive oval de madeira se tornou uma \u00f3tima op\u00e7\u00e3o devido ao seu design simples. O formato oval cl\u00e1ssico com bordas arredondadas est\u00e1 em conformidade com a ergonomia e a est\u00e9tica p\u00fablica, garantindo uma ader\u00eancia confort\u00e1vel e resist\u00eancia a arranh\u00f5es.<\/p>\n\n\n\n<p>Como o modelo mais selecionado para a personaliza\u00e7\u00e3o de unidades USB de madeira, seu estilo minimalista se adapta a v\u00e1rios cen\u00e1rios, atendendo \u00e0s necessidades desde o uso pessoal di\u00e1rio no escrit\u00f3rio at\u00e9 a personaliza\u00e7\u00e3o de presentes corporativos com seu design vers\u00e1til.<\/p>\n\n\n\n<h2 class=\"wp-block-heading\"><strong>Quais materiais e interfaces <\/strong><strong>\u00e9<\/strong><strong>&nbsp;a unidade USB oval de madeira? <\/strong><strong><\/strong><\/h2>\n\n\n\n<p>Os materiais incluem bordo (densidade de 0,6 g\/cm\u00b3, textura fina), nogueira (densidade de 0,85 g\/cm\u00b3, cor est\u00e1vel), bambu (densidade de 0,7 g\/cm\u00b3, resistente e antidesgaste) e madeira bruta, etc.<\/p>\n\n\n\n<p>As interfaces oferecem op\u00e7\u00f5es duplas de USB2.0 (taxa de transfer\u00eancia de 480 Mbps) e USB3.0 (taxa de transfer\u00eancia de 5 Gbps). A interface USB3.0 pode reduzir o tempo de transfer\u00eancia de arquivos grandes em at\u00e9 60%, atendendo a diferentes requisitos de efici\u00eancia de transmiss\u00e3o.<\/p>\n\n\n\n<div class=\"wp-block-columns is-layout-flex wp-container-core-columns-is-layout-28f84493 wp-block-columns-is-layout-flex\">\n<div class=\"wp-block-column is-layout-flow wp-block-column-is-layout-flow\">\n<figure class=\"wp-block-image size-full is-resized\"><img decoding=\"async\" width=\"800\" height=\"800\" src=\"https:\/\/www.usborkeychain.com\/wp-content\/uploads\/bulk-fat-head-olive-shape-wood-usb-flash-drive.jpg\" alt=\"bulk fat head olive shape wood usb flash drive\" class=\"wp-image-2531\" style=\"width:450px\" srcset=\"https:\/\/www.usborkeychain.com\/wp-content\/uploads\/bulk-fat-head-olive-shape-wood-usb-flash-drive.jpg 800w, https:\/\/www.usborkeychain.com\/wp-content\/uploads\/bulk-fat-head-olive-shape-wood-usb-flash-drive-300x300.jpg 300w, https:\/\/www.usborkeychain.com\/wp-content\/uploads\/bulk-fat-head-olive-shape-wood-usb-flash-drive-150x150.jpg 150w, https:\/\/www.usborkeychain.com\/wp-content\/uploads\/bulk-fat-head-olive-shape-wood-usb-flash-drive-768x768.jpg 768w, https:\/\/www.usborkeychain.com\/wp-content\/uploads\/bulk-fat-head-olive-shape-wood-usb-flash-drive-12x12.jpg 12w, https:\/\/www.usborkeychain.com\/wp-content\/uploads\/bulk-fat-head-olive-shape-wood-usb-flash-drive-600x600.jpg 600w, https:\/\/www.usborkeychain.com\/wp-content\/uploads\/bulk-fat-head-olive-shape-wood-usb-flash-drive-100x100.jpg 100w\" sizes=\"(max-width: 800px) 100vw, 800px\" \/><\/figure>\n<\/div>\n\n\n\n<div class=\"wp-block-column is-layout-flow wp-block-column-is-layout-flow\">\n<figure class=\"wp-block-image aligncenter size-full is-resized\"><img decoding=\"async\" width=\"800\" height=\"800\" src=\"https:\/\/www.usborkeychain.com\/wp-content\/uploads\/O1CN01kPbc751GnzRcR10iS_953830668-0-cib.jpg\" alt=\"wholesale long olive shape wood usb flash drive\" class=\"wp-image-2535\" style=\"width:450px\" srcset=\"https:\/\/www.usborkeychain.com\/wp-content\/uploads\/O1CN01kPbc751GnzRcR10iS_953830668-0-cib.jpg 800w, https:\/\/www.usborkeychain.com\/wp-content\/uploads\/O1CN01kPbc751GnzRcR10iS_953830668-0-cib-300x300.jpg 300w, https:\/\/www.usborkeychain.com\/wp-content\/uploads\/O1CN01kPbc751GnzRcR10iS_953830668-0-cib-150x150.jpg 150w, https:\/\/www.usborkeychain.com\/wp-content\/uploads\/O1CN01kPbc751GnzRcR10iS_953830668-0-cib-768x768.jpg 768w, https:\/\/www.usborkeychain.com\/wp-content\/uploads\/O1CN01kPbc751GnzRcR10iS_953830668-0-cib-12x12.jpg 12w, https:\/\/www.usborkeychain.com\/wp-content\/uploads\/O1CN01kPbc751GnzRcR10iS_953830668-0-cib-600x600.jpg 600w, https:\/\/www.usborkeychain.com\/wp-content\/uploads\/O1CN01kPbc751GnzRcR10iS_953830668-0-cib-100x100.jpg 100w\" sizes=\"(max-width: 800px) 100vw, 800px\" \/><\/figure>\n<\/div>\n<\/div>\n\n\n\n<h2 class=\"wp-block-heading\"><strong>Unidade USB de madeira oval e rechonchuda <\/strong><strong><\/strong><\/h2>\n\n\n\n<div class=\"wp-block-columns is-layout-flex wp-container-core-columns-is-layout-28f84493 wp-block-columns-is-layout-flex\">\n<div class=\"wp-block-column is-layout-flow wp-block-column-is-layout-flow\">\n<figure class=\"wp-block-image aligncenter size-full is-resized\"><img loading=\"lazy\" decoding=\"async\" width=\"800\" height=\"800\" src=\"https:\/\/www.usborkeychain.com\/wp-content\/uploads\/fat-head-olive-shape-wood-usb-flash-drive.jpg\" alt=\"fat head olive shape wood usb flash drive\" class=\"wp-image-2532\" style=\"width:450px\" srcset=\"https:\/\/www.usborkeychain.com\/wp-content\/uploads\/fat-head-olive-shape-wood-usb-flash-drive.jpg 800w, https:\/\/www.usborkeychain.com\/wp-content\/uploads\/fat-head-olive-shape-wood-usb-flash-drive-300x300.jpg 300w, https:\/\/www.usborkeychain.com\/wp-content\/uploads\/fat-head-olive-shape-wood-usb-flash-drive-150x150.jpg 150w, https:\/\/www.usborkeychain.com\/wp-content\/uploads\/fat-head-olive-shape-wood-usb-flash-drive-768x768.jpg 768w, https:\/\/www.usborkeychain.com\/wp-content\/uploads\/fat-head-olive-shape-wood-usb-flash-drive-12x12.jpg 12w, https:\/\/www.usborkeychain.com\/wp-content\/uploads\/fat-head-olive-shape-wood-usb-flash-drive-600x600.jpg 600w, https:\/\/www.usborkeychain.com\/wp-content\/uploads\/fat-head-olive-shape-wood-usb-flash-drive-100x100.jpg 100w\" sizes=\"(max-width: 800px) 100vw, 800px\" \/><\/figure>\n<\/div>\n\n\n\n<div class=\"wp-block-column is-vertically-aligned-center is-layout-flow wp-block-column-is-layout-flow\">\n<p>O pen drive de madeira oval e rechonchudo tem um design oval largo e rechonchudo (50 mm x 35 mm), com um formato bonito e charmoso.<\/p>\n\n\n\n<p>O modelo de material de bambu \u00e9 particularmente atraente: ap\u00f3s o tratamento de carboniza\u00e7\u00e3o, a superf\u00edcie forma texturas marrom-escuras, combinadas com os padr\u00f5es naturais das juntas de bambu, apresentando uma textura simples e elegante.<\/p>\n\n\n\n<p>O design de 12 mm de espessura equilibra o conforto da empunhadura e a prote\u00e7\u00e3o dos chips de armazenamento interno, tornando-o uma escolha popular para usu\u00e1rios que buscam uma apar\u00eancia personalizada.<\/p>\n<\/div>\n<\/div>\n\n\n\n<p><\/p>\n\n\n\n<h2 class=\"wp-block-heading\"><strong>Como personalizar logotipos e embalagens para unidades USB ovais de madeira? <\/strong><strong><\/strong><\/h2>\n\n\n\n<div class=\"wp-block-columns is-layout-flex wp-container-core-columns-is-layout-28f84493 wp-block-columns-is-layout-flex\">\n<div class=\"wp-block-column is-vertically-aligned-center is-layout-flow wp-block-column-is-layout-flow\">\n<p>H\u00e1 suporte para dois processos de personaliza\u00e7\u00e3o: grava\u00e7\u00e3o a laser e impress\u00e3o colorida.<\/p>\n\n\n\n<p>A grava\u00e7\u00e3o a laser pode formar padr\u00f5es claros com uma profundidade de 0,1 a 0,2 mm na superf\u00edcie da madeira, com uma precis\u00e3o de linha de 0,05 mm. A impress\u00e3o colorida usa tecnologia de tinta UV, cobrindo 95% da gama de cores sRGB, e pode suportar 500 testes de fric\u00e7\u00e3o sem desbotar.<\/p>\n\n\n\n<p>Caixas de presente de madeira feitas do mesmo material podem ser configuradas, com um design de fechamento magn\u00e9tico e forro de flanela para proteger a unidade USB, melhorando a qualidade do presente.<\/p>\n<\/div>\n\n\n\n<div class=\"wp-block-column is-layout-flow wp-block-column-is-layout-flow\">\n<figure class=\"wp-block-image aligncenter size-full is-resized\"><img loading=\"lazy\" decoding=\"async\" width=\"800\" height=\"800\" src=\"https:\/\/www.usborkeychain.com\/wp-content\/uploads\/long-olive-shape-wood-usb-flash-drive-customized.jpg\" alt=\"long olive shape wood usb flash drive customized\" class=\"wp-image-2533\" style=\"width:450px\" srcset=\"https:\/\/www.usborkeychain.com\/wp-content\/uploads\/long-olive-shape-wood-usb-flash-drive-customized.jpg 800w, https:\/\/www.usborkeychain.com\/wp-content\/uploads\/long-olive-shape-wood-usb-flash-drive-customized-300x300.jpg 300w, https:\/\/www.usborkeychain.com\/wp-content\/uploads\/long-olive-shape-wood-usb-flash-drive-customized-150x150.jpg 150w, https:\/\/www.usborkeychain.com\/wp-content\/uploads\/long-olive-shape-wood-usb-flash-drive-customized-768x768.jpg 768w, https:\/\/www.usborkeychain.com\/wp-content\/uploads\/long-olive-shape-wood-usb-flash-drive-customized-12x12.jpg 12w, https:\/\/www.usborkeychain.com\/wp-content\/uploads\/long-olive-shape-wood-usb-flash-drive-customized-600x600.jpg 600w, https:\/\/www.usborkeychain.com\/wp-content\/uploads\/long-olive-shape-wood-usb-flash-drive-customized-100x100.jpg 100w\" sizes=\"(max-width: 800px) 100vw, 800px\" \/><\/figure>\n<\/div>\n<\/div>\n\n\n\n<h2 class=\"wp-block-heading\"><strong>Conclus\u00e3o<\/strong>\u00a0<\/h2>\n\n\n\n<p>Este produto \u00e9 fabricado por uma f\u00e1brica com 10 anos de experi\u00eancia no setor. Contando com equipamentos de usinagem CNC em f\u00e1bricas padronizadas, ela oferece suporte \u00e0 customiza\u00e7\u00e3o personalizada de materiais, interfaces e tamanhos e pode atender a pedidos de atacado em massa de 100 ou mais unidades.<\/p>\n\n\n\n<p>Seja para personaliza\u00e7\u00e3o de brindes corporativos ou para compras de distribuidores, a empresa oferece servi\u00e7os completos, desde o design at\u00e9 a entrega. Seja bem-vindo a uma consulta para coopera\u00e7\u00e3o.<\/p>","protected":false},"excerpt":{"rendered":"<ul>\n<li>Design em formato de azeitona<\/li>\n<li>Material de madeira<\/li>\n<li>Resistente a arranh\u00f5es e desgaste<\/li>\n<li>Velocidade mais r\u00e1pida e alta qualidade<\/li>\n<li>Confi\u00e1vel e seguro<\/li>\n<li>\u00d3timo para todas as finalidades<\/li>\n<\/ul>","protected":false},"featured_media":2535,"comment_status":"open","ping_status":"closed","template":"","meta":{"_seopress_robots_primary_cat":"none","_seopress_titles_title":"Oval Wooden USB Drive","_seopress_titles_desc":"","_seopress_robots_index":"","site-sidebar-layout":"default","site-content-layout":"","ast-site-content-layout":"","site-content-style":"default","site-sidebar-style":"default","ast-global-header-display":"","ast-banner-title-visibility":"","ast-main-header-display":"","ast-hfb-above-header-display":"","ast-hfb-below-header-display":"","ast-hfb-mobile-header-display":"","site-post-title":"","ast-breadcrumbs-content":"","ast-featured-img":"","footer-sml-layout":"","theme-transparent-header-meta":"","adv-header-id-meta":"","stick-header-meta":"","header-above-stick-meta":"","header-main-stick-meta":"","header-below-stick-meta":"","astra-migrate-meta-layouts":"default","ast-page-background-enabled":"default","ast-page-background-meta":{"desktop":{"background-color":"var(--ast-global-color-5)","background-image":"","background-repeat":"repeat","background-position":"center center","background-size":"auto","background-attachment":"scroll","background-type":"","background-media":"","overlay-type":"","overlay-color":"","overlay-opacity":"","overlay-gradient":""},"tablet":{"background-color":"","background-image":"","background-repeat":"repeat","background-position":"center center","background-size":"auto","background-attachment":"scroll","background-type":"","background-media":"","overlay-type":"","overlay-color":"","overlay-opacity":"","overlay-gradient":""},"mobile":{"background-color":"","background-image":"","background-repeat":"repeat","background-position":"center center","background-size":"auto","background-attachment":"scroll","background-type":"","background-media":"","overlay-type":"","overlay-color":"","overlay-opacity":"","overlay-gradient":""}},"ast-content-background-meta":{"desktop":{"background-color":"var(--ast-global-color-4)","background-image":"","background-repeat":"repeat","background-position":"center center","background-size":"auto","background-attachment":"scroll","background-type":"","background-media":"","overlay-type":"","overlay-color":"","overlay-opacity":"","overlay-gradient":""},"tablet":{"background-color":"var(--ast-global-color-4)","background-image":"","background-repeat":"repeat","background-position":"center center","background-size":"auto","background-attachment":"scroll","background-type":"","background-media":"","overlay-type":"","overlay-color":"","overlay-opacity":"","overlay-gradient":""},"mobile":{"background-color":"var(--ast-global-color-4)","background-image":"","background-repeat":"repeat","background-position":"center center","background-size":"auto","background-attachment":"scroll","background-type":"","background-media":"","overlay-type":"","overlay-color":"","overlay-opacity":"","overlay-gradient":""}}},"product_brand":[],"product_cat":[168],"product_tag":[],"class_list":{"0":"post-2528","1":"product","2":"type-product","3":"status-publish","4":"has-post-thumbnail","6":"product_cat-wood-usb-flash-drive","7":"desktop-align-left","8":"tablet-align-left","9":"mobile-align-left","11":"first","12":"instock","13":"shipping-taxable","14":"product-type-simple"},"_links":{"self":[{"href":"https:\/\/www.usborkeychain.com\/pt\/wp-json\/wp\/v2\/product\/2528","targetHints":{"allow":["GET"]}}],"collection":[{"href":"https:\/\/www.usborkeychain.com\/pt\/wp-json\/wp\/v2\/product"}],"about":[{"href":"https:\/\/www.usborkeychain.com\/pt\/wp-json\/wp\/v2\/types\/product"}],"replies":[{"embeddable":true,"href":"https:\/\/www.usborkeychain.com\/pt\/wp-json\/wp\/v2\/comments?post=2528"}],"wp:featuredmedia":[{"embeddable":true,"href":"https:\/\/www.usborkeychain.com\/pt\/wp-json\/wp\/v2\/media\/2535"}],"wp:attachment":[{"href":"https:\/\/www.usborkeychain.com\/pt\/wp-json\/wp\/v2\/media?parent=2528"}],"wp:term":[{"taxonomy":"product_brand","embeddable":true,"href":"https:\/\/www.usborkeychain.com\/pt\/wp-json\/wp\/v2\/product_brand?post=2528"},{"taxonomy":"product_cat","embeddable":true,"href":"https:\/\/www.usborkeychain.com\/pt\/wp-json\/wp\/v2\/product_cat?post=2528"},{"taxonomy":"product_tag","embeddable":true,"href":"https:\/\/www.usborkeychain.com\/pt\/wp-json\/wp\/v2\/product_tag?post=2528"}],"curies":[{"name":"wp","href":"https:\/\/api.w.org\/{rel}","templated":true}]}}