{"id":2536,"date":"2025-06-20T11:01:23","date_gmt":"2025-06-20T11:01:23","guid":{"rendered":"https:\/\/www.usborkeychain.com\/?post_type=product&#038;p=2536"},"modified":"2025-07-10T00:22:07","modified_gmt":"2025-07-10T00:22:07","slug":"round-wood-usb-flash-drive","status":"publish","type":"product","link":"https:\/\/www.usborkeychain.com\/pt\/produto\/round-wood-usb-flash-drive\/","title":{"rendered":"Unidade flash USB de madeira redonda"},"content":{"rendered":"<div class=\"wp-block-columns is-layout-flex wp-container-core-columns-is-layout-28f84493 wp-block-columns-is-layout-flex\">\n<div class=\"wp-block-column is-layout-flow wp-block-column-is-layout-flow\">\n<figure class=\"wp-block-image aligncenter size-full is-resized\"><img fetchpriority=\"high\" decoding=\"async\" width=\"800\" height=\"800\" src=\"https:\/\/www.usborkeychain.com\/wp-content\/uploads\/Round-Wood-USB-Flash-Drive.jpg\" alt=\"Round Wood USB Flash Drive\" class=\"wp-image-2543\" style=\"width:450px\" srcset=\"https:\/\/www.usborkeychain.com\/wp-content\/uploads\/Round-Wood-USB-Flash-Drive.jpg 800w, https:\/\/www.usborkeychain.com\/wp-content\/uploads\/Round-Wood-USB-Flash-Drive-300x300.jpg 300w, https:\/\/www.usborkeychain.com\/wp-content\/uploads\/Round-Wood-USB-Flash-Drive-150x150.jpg 150w, https:\/\/www.usborkeychain.com\/wp-content\/uploads\/Round-Wood-USB-Flash-Drive-768x768.jpg 768w, https:\/\/www.usborkeychain.com\/wp-content\/uploads\/Round-Wood-USB-Flash-Drive-12x12.jpg 12w, https:\/\/www.usborkeychain.com\/wp-content\/uploads\/Round-Wood-USB-Flash-Drive-600x600.jpg 600w, https:\/\/www.usborkeychain.com\/wp-content\/uploads\/Round-Wood-USB-Flash-Drive-100x100.jpg 100w\" sizes=\"(max-width: 800px) 100vw, 800px\" \/><\/figure>\n<\/div>\n\n\n\n<div class=\"wp-block-column is-vertically-aligned-center is-layout-flow wp-block-column-is-layout-flow\">\n<p>A s\u00e9rie Round Wood USB Flash Drive integra o design cl\u00e1ssico com fun\u00e7\u00f5es pr\u00e1ticas. Feita de madeira natural e centrada em um formato circular arredondado, ela apresenta 4 estilos distintos.<\/p>\n\n\n\n<p>Todos os produtos da s\u00e9rie passam por 7 processos refinados de polimento, ostentando um toque aconchegante e gr\u00e3os de madeira vis\u00edveis. Com um di\u00e2metro que varia de 35 a 45 mm e uma espessura de 8 a 12 mm, eles s\u00e3o excelentes op\u00e7\u00f5es para armazenamento de dados e personaliza\u00e7\u00e3o de presentes.<\/p>\n<\/div>\n<\/div>\n\n\n\n<h2 class=\"wp-block-heading\"><strong>Magn\u00e9tico <\/strong><strong>Unidade flash USB de madeira redonda<\/strong><strong> <\/strong><strong><\/strong><\/h2>\n\n\n\n<div class=\"wp-block-columns is-layout-flex wp-container-core-columns-is-layout-28f84493 wp-block-columns-is-layout-flex\">\n<div class=\"wp-block-column is-vertically-aligned-center is-layout-flow wp-block-column-is-layout-flow\">\n<p>A unidade flash USB Magnetic Round Wood tornou-se o modelo mais vendido da s\u00e9rie devido ao seu design minimalista. Com uma apar\u00eancia perfeitamente circular e um design com cobertura magn\u00e9tica, ele tem um di\u00e2metro de 40 mm e uma espessura de 8 mm, o que permite abrir e fechar facilmente com uma s\u00f3 m\u00e3o.<\/p>\n\n\n\n<p>A tampa e o corpo s\u00e3o absorvidos por um \u00edm\u00e3 de neod\u00edmio ferro boro com uma for\u00e7a de suc\u00e7\u00e3o de 2N, dificultando o desprendimento. Como a escolha preferida para personaliza\u00e7\u00e3o, seu design sim\u00e9trico acomoda v\u00e1rias necessidades de grava\u00e7\u00e3o de logotipo, satisfazendo os requisitos de cena com seu formato cl\u00e1ssico para presentes corporativos e lembran\u00e7as pessoais.<\/p>\n<\/div>\n\n\n\n<div class=\"wp-block-column is-layout-flow wp-block-column-is-layout-flow\">\n<figure class=\"wp-block-image aligncenter size-full is-resized\"><img decoding=\"async\" width=\"800\" height=\"800\" src=\"https:\/\/www.usborkeychain.com\/wp-content\/uploads\/Magnetic-Round-Wood-USB-Flash-Drive.jpg\" alt=\"Magnetic Round Wood USB Flash Drive\" class=\"wp-image-2540\" style=\"width:450px\" srcset=\"https:\/\/www.usborkeychain.com\/wp-content\/uploads\/Magnetic-Round-Wood-USB-Flash-Drive.jpg 800w, https:\/\/www.usborkeychain.com\/wp-content\/uploads\/Magnetic-Round-Wood-USB-Flash-Drive-300x300.jpg 300w, https:\/\/www.usborkeychain.com\/wp-content\/uploads\/Magnetic-Round-Wood-USB-Flash-Drive-150x150.jpg 150w, https:\/\/www.usborkeychain.com\/wp-content\/uploads\/Magnetic-Round-Wood-USB-Flash-Drive-768x768.jpg 768w, https:\/\/www.usborkeychain.com\/wp-content\/uploads\/Magnetic-Round-Wood-USB-Flash-Drive-12x12.jpg 12w, https:\/\/www.usborkeychain.com\/wp-content\/uploads\/Magnetic-Round-Wood-USB-Flash-Drive-600x600.jpg 600w, https:\/\/www.usborkeychain.com\/wp-content\/uploads\/Magnetic-Round-Wood-USB-Flash-Drive-100x100.jpg 100w\" sizes=\"(max-width: 800px) 100vw, 800px\" \/><\/figure>\n<\/div>\n<\/div>\n\n\n\n<h2 class=\"wp-block-heading\"><strong>Unidade USB redonda de madeira com flip <\/strong><strong><\/strong><\/h2>\n\n\n\n<div class=\"wp-block-columns is-layout-flex wp-container-core-columns-is-layout-28f84493 wp-block-columns-is-layout-flex\">\n<div class=\"wp-block-column is-layout-flow wp-block-column-is-layout-flow\">\n<figure class=\"wp-block-image aligncenter size-full is-resized\"><img decoding=\"async\" width=\"800\" height=\"800\" src=\"https:\/\/www.usborkeychain.com\/wp-content\/uploads\/Round-Flip-Wooden-USB-Drive.jpg\" alt=\"Round Flip Wooden USB Drive\" class=\"wp-image-2542\" style=\"width:450px\" srcset=\"https:\/\/www.usborkeychain.com\/wp-content\/uploads\/Round-Flip-Wooden-USB-Drive.jpg 800w, https:\/\/www.usborkeychain.com\/wp-content\/uploads\/Round-Flip-Wooden-USB-Drive-300x300.jpg 300w, https:\/\/www.usborkeychain.com\/wp-content\/uploads\/Round-Flip-Wooden-USB-Drive-150x150.jpg 150w, https:\/\/www.usborkeychain.com\/wp-content\/uploads\/Round-Flip-Wooden-USB-Drive-768x768.jpg 768w, https:\/\/www.usborkeychain.com\/wp-content\/uploads\/Round-Flip-Wooden-USB-Drive-12x12.jpg 12w, https:\/\/www.usborkeychain.com\/wp-content\/uploads\/Round-Flip-Wooden-USB-Drive-600x600.jpg 600w, https:\/\/www.usborkeychain.com\/wp-content\/uploads\/Round-Flip-Wooden-USB-Drive-100x100.jpg 100w\" sizes=\"(max-width: 800px) 100vw, 800px\" \/><\/figure>\n<\/div>\n\n\n\n<div class=\"wp-block-column is-vertically-aligned-center is-layout-flow wp-block-column-is-layout-flow\">\n<p>Dispon\u00edvel em materiais como bordo (densidade 0,6g\/cm\u00b3), nogueira (0,85g\/cm\u00b3), bambu (0,7g\/cm\u00b3) e madeira bruta, etc. Ele oferece duas op\u00e7\u00f5es de interface: USB2.0 (480 Mbps) e USB3.0 (5 Gbps).<\/p>\n\n\n\n<p>A interface USB pode girar 360\u00b0 livremente, com um eixo girat\u00f3rio interno de madeira que foi aprovado em um teste de carga, suportando 10.000 giros sem danos. O design com 12 mm de espessura equilibra a prote\u00e7\u00e3o do chip e o conforto da empunhadura, tornando-o adequado para usu\u00e1rios que buscam versatilidade.<\/p>\n<\/div>\n<\/div>\n\n\n\n<p>Dispon\u00edvel em materiais como bordo (densidade 0,6g\/cm\u00b3), nogueira (0,85g\/cm\u00b3), bambu (0,7g\/cm\u00b3) e madeira bruta, etc. Ele oferece duas op\u00e7\u00f5es de interface: USB2.0 (480 Mbps) e USB3.0 (5 Gbps).<\/p>\n\n\n\n<p>A interface USB pode girar 360\u00b0 livremente, com um eixo girat\u00f3rio interno de madeira que foi aprovado em um teste de carga, suportando 10.000 giros sem danos. O design com 12 mm de espessura equilibra a prote\u00e7\u00e3o do chip e o conforto da empunhadura, tornando-o adequado para usu\u00e1rios que buscam versatilidade.<\/p>\n\n\n\n<h2 class=\"wp-block-heading\"><strong>Pe\u00e7a \u00fanica sem tampa <\/strong><strong>Unidade flash USB de madeira redonda<\/strong><strong> <\/strong><strong><\/strong><\/h2>\n\n\n\n<div class=\"wp-block-columns is-layout-flex wp-container-core-columns-is-layout-28f84493 wp-block-columns-is-layout-flex\">\n<div class=\"wp-block-column is-vertically-aligned-center is-layout-flow wp-block-column-is-layout-flow\">\n<p>Como o estilo mais conciso da s\u00e9rie, o design sem tampa de pe\u00e7a \u00fanica elimina a preocupa\u00e7\u00e3o de perder a tampa, permitindo o plug-and-play direto. Com um di\u00e2metro de 35 mm e uma espessura de 10 mm, ele adota um processo de escava\u00e7\u00e3o de madeira inteira, atingindo uma taxa de utiliza\u00e7\u00e3o de madeira de 85%.<\/p>\n\n\n\n<p>A superf\u00edcie \u00e9 tratada com um revestimento nano \u00e0 prova d'\u00e1gua para resistir a respingos di\u00e1rios e \u00e9 equipada com uma interface USB oculta que revela contatos de metal quando inserida em um computador, atendendo aos usu\u00e1rios que preferem um estilo minimalista.<\/p>\n<\/div>\n\n\n\n<div class=\"wp-block-column is-layout-flow wp-block-column-is-layout-flow\">\n<figure class=\"wp-block-image aligncenter size-full is-resized\"><img loading=\"lazy\" decoding=\"async\" width=\"800\" height=\"800\" src=\"https:\/\/www.usborkeychain.com\/wp-content\/uploads\/One-Piece-Lidless-Round-Wood-USB-Flash-Drive.jpg\" alt=\"One-Piece Lidless Round Wood USB Flash Drive\" class=\"wp-image-2541\" style=\"width:450px\" srcset=\"https:\/\/www.usborkeychain.com\/wp-content\/uploads\/One-Piece-Lidless-Round-Wood-USB-Flash-Drive.jpg 800w, https:\/\/www.usborkeychain.com\/wp-content\/uploads\/One-Piece-Lidless-Round-Wood-USB-Flash-Drive-300x300.jpg 300w, https:\/\/www.usborkeychain.com\/wp-content\/uploads\/One-Piece-Lidless-Round-Wood-USB-Flash-Drive-150x150.jpg 150w, https:\/\/www.usborkeychain.com\/wp-content\/uploads\/One-Piece-Lidless-Round-Wood-USB-Flash-Drive-768x768.jpg 768w, https:\/\/www.usborkeychain.com\/wp-content\/uploads\/One-Piece-Lidless-Round-Wood-USB-Flash-Drive-12x12.jpg 12w, https:\/\/www.usborkeychain.com\/wp-content\/uploads\/One-Piece-Lidless-Round-Wood-USB-Flash-Drive-600x600.jpg 600w, https:\/\/www.usborkeychain.com\/wp-content\/uploads\/One-Piece-Lidless-Round-Wood-USB-Flash-Drive-100x100.jpg 100w\" sizes=\"(max-width: 800px) 100vw, 800px\" \/><\/figure>\n<\/div>\n<\/div>\n\n\n\n<h2 class=\"wp-block-heading\"><strong>Unidade flash USB de madeira redonda iluminada<\/strong><\/h2>\n\n\n\n<p><strong> <\/strong><\/p>\n\n\n\n<div class=\"wp-block-columns is-layout-flex wp-container-core-columns-is-layout-28f84493 wp-block-columns-is-layout-flex\">\n<div class=\"wp-block-column is-layout-flow wp-block-column-is-layout-flow\">\n<figure class=\"wp-block-image aligncenter size-large is-resized\"><img loading=\"lazy\" decoding=\"async\" width=\"1024\" height=\"1024\" src=\"https:\/\/www.usborkeychain.com\/wp-content\/uploads\/Illuminated-Round-Wood-USB-Flash-Drive-1024x1024.jpg\" alt=\"Illuminated Round Wood USB Flash Drive\" class=\"wp-image-2539\" style=\"width:450px\" srcset=\"https:\/\/www.usborkeychain.com\/wp-content\/uploads\/Illuminated-Round-Wood-USB-Flash-Drive-1024x1024.jpg 1024w, https:\/\/www.usborkeychain.com\/wp-content\/uploads\/Illuminated-Round-Wood-USB-Flash-Drive-300x300.jpg 300w, https:\/\/www.usborkeychain.com\/wp-content\/uploads\/Illuminated-Round-Wood-USB-Flash-Drive-150x150.jpg 150w, https:\/\/www.usborkeychain.com\/wp-content\/uploads\/Illuminated-Round-Wood-USB-Flash-Drive-768x768.jpg 768w, https:\/\/www.usborkeychain.com\/wp-content\/uploads\/Illuminated-Round-Wood-USB-Flash-Drive-1536x1536.jpg 1536w, https:\/\/www.usborkeychain.com\/wp-content\/uploads\/Illuminated-Round-Wood-USB-Flash-Drive-12x12.jpg 12w, https:\/\/www.usborkeychain.com\/wp-content\/uploads\/Illuminated-Round-Wood-USB-Flash-Drive-600x600.jpg 600w, https:\/\/www.usborkeychain.com\/wp-content\/uploads\/Illuminated-Round-Wood-USB-Flash-Drive-100x100.jpg 100w, https:\/\/www.usborkeychain.com\/wp-content\/uploads\/Illuminated-Round-Wood-USB-Flash-Drive.jpg 1920w\" sizes=\"(max-width: 1024px) 100vw, 1024px\" \/><\/figure>\n<\/div>\n\n\n\n<div class=\"wp-block-column is-vertically-aligned-center is-layout-flow wp-block-column-is-layout-flow\">\n<p>A parte frontal apresenta um painel iluminado de acr\u00edlico de 3 mm de espessura, enquanto a parte traseira \u00e9 feita de madeira s\u00f3lida, com bordas polidas em um arco de 15\u00b0.<\/p>\n\n\n\n<p>Ele suporta a personaliza\u00e7\u00e3o do logotipo de grava\u00e7\u00e3o interna com uma precis\u00e3o de grava\u00e7\u00e3o de 0,1 mm, capaz de apresentar padr\u00f5es 2D\/3D.<\/p>\n\n\n\n<p>Ele \u00e9 equipado com um m\u00f3dulo de ilumina\u00e7\u00e3o RGB, com suporte a transforma\u00e7\u00f5es tricolores (vermelho 620nm, verde 525nm, azul 470nm), com uma bateria com dura\u00e7\u00e3o de at\u00e9 48 horas (modo constante).<\/p>\n<\/div>\n<\/div>\n\n\n\n<h2 class=\"wp-block-heading\"><strong>Conclus\u00e3o<\/strong><\/h2>\n\n\n\n<p>Essa s\u00e9rie \u00e9 produzida por um fabricante com 14 anos de experi\u00eancia no setor. Contando com equipamentos de grava\u00e7\u00e3o CNC em f\u00e1bricas padronizadas, ela suporta dois processos de personaliza\u00e7\u00e3o: grava\u00e7\u00e3o a laser (precis\u00e3o de 0,05 mm) e impress\u00e3o colorida (gama de cores sRGB 95%).<\/p>\n\n\n\n<p>Ele pode ser configurado com uma caixa de presente de madeira do mesmo material (design de abertura e fechamento magn\u00e9tico). Atualmente, os servi\u00e7os de atacado s\u00e3o fornecidos para empresas e distribuidores com uma quantidade m\u00ednima de pedido de 500 unidades, com suporte \u00e0 personaliza\u00e7\u00e3o de par\u00e2metros completos de materiais, interfaces, cores iluminadas etc.<\/p>\n\n\n\n<p>Bem-vindo \u00e0 consulta para obter solu\u00e7\u00f5es personalizadas e diretas da f\u00e1brica.<\/p>\n\n\n\n<p><\/p>","protected":false},"excerpt":{"rendered":"<ul>\n<li>Design de formato redondo<\/li>\n<li>Material de madeira<\/li>\n<li>Resistente a arranh\u00f5es e desgaste<\/li>\n<li>Velocidade mais r\u00e1pida e alta qualidade<\/li>\n<li>Confi\u00e1vel e seguro<\/li>\n<li>\u00d3timo para todas as finalidades<\/li>\n<\/ul>","protected":false},"featured_media":2543,"comment_status":"open","ping_status":"closed","template":"","meta":{"_seopress_robots_primary_cat":"","_seopress_titles_title":"Round Wood USB Flash Drive","_seopress_titles_desc":"","_seopress_robots_index":"","site-sidebar-layout":"default","site-content-layout":"","ast-site-content-layout":"","site-content-style":"default","site-sidebar-style":"default","ast-global-header-display":"","ast-banner-title-visibility":"","ast-main-header-display":"","ast-hfb-above-header-display":"","ast-hfb-below-header-display":"","ast-hfb-mobile-header-display":"","site-post-title":"","ast-breadcrumbs-content":"","ast-featured-img":"","footer-sml-layout":"","theme-transparent-header-meta":"","adv-header-id-meta":"","stick-header-meta":"","header-above-stick-meta":"","header-main-stick-meta":"","header-below-stick-meta":"","astra-migrate-meta-layouts":"default","ast-page-background-enabled":"default","ast-page-background-meta":{"desktop":{"background-color":"var(--ast-global-color-5)","background-image":"","background-repeat":"repeat","background-position":"center center","background-size":"auto","background-attachment":"scroll","background-type":"","background-media":"","overlay-type":"","overlay-color":"","overlay-opacity":"","overlay-gradient":""},"tablet":{"background-color":"","background-image":"","background-repeat":"repeat","background-position":"center center","background-size":"auto","background-attachment":"scroll","background-type":"","background-media":"","overlay-type":"","overlay-color":"","overlay-opacity":"","overlay-gradient":""},"mobile":{"background-color":"","background-image":"","background-repeat":"repeat","background-position":"center center","background-size":"auto","background-attachment":"scroll","background-type":"","background-media":"","overlay-type":"","overlay-color":"","overlay-opacity":"","overlay-gradient":""}},"ast-content-background-meta":{"desktop":{"background-color":"var(--ast-global-color-4)","background-image":"","background-repeat":"repeat","background-position":"center center","background-size":"auto","background-attachment":"scroll","background-type":"","background-media":"","overlay-type":"","overlay-color":"","overlay-opacity":"","overlay-gradient":""},"tablet":{"background-color":"var(--ast-global-color-4)","background-image":"","background-repeat":"repeat","background-position":"center center","background-size":"auto","background-attachment":"scroll","background-type":"","background-media":"","overlay-type":"","overlay-color":"","overlay-opacity":"","overlay-gradient":""},"mobile":{"background-color":"var(--ast-global-color-4)","background-image":"","background-repeat":"repeat","background-position":"center center","background-size":"auto","background-attachment":"scroll","background-type":"","background-media":"","overlay-type":"","overlay-color":"","overlay-opacity":"","overlay-gradient":""}}},"product_brand":[],"product_cat":[168],"product_tag":[],"class_list":{"0":"post-2536","1":"product","2":"type-product","3":"status-publish","4":"has-post-thumbnail","6":"product_cat-wood-usb-flash-drive","7":"desktop-align-left","8":"tablet-align-left","9":"mobile-align-left","11":"first","12":"instock","13":"shipping-taxable","14":"product-type-simple"},"_links":{"self":[{"href":"https:\/\/www.usborkeychain.com\/pt\/wp-json\/wp\/v2\/product\/2536","targetHints":{"allow":["GET"]}}],"collection":[{"href":"https:\/\/www.usborkeychain.com\/pt\/wp-json\/wp\/v2\/product"}],"about":[{"href":"https:\/\/www.usborkeychain.com\/pt\/wp-json\/wp\/v2\/types\/product"}],"replies":[{"embeddable":true,"href":"https:\/\/www.usborkeychain.com\/pt\/wp-json\/wp\/v2\/comments?post=2536"}],"wp:featuredmedia":[{"embeddable":true,"href":"https:\/\/www.usborkeychain.com\/pt\/wp-json\/wp\/v2\/media\/2543"}],"wp:attachment":[{"href":"https:\/\/www.usborkeychain.com\/pt\/wp-json\/wp\/v2\/media?parent=2536"}],"wp:term":[{"taxonomy":"product_brand","embeddable":true,"href":"https:\/\/www.usborkeychain.com\/pt\/wp-json\/wp\/v2\/product_brand?post=2536"},{"taxonomy":"product_cat","embeddable":true,"href":"https:\/\/www.usborkeychain.com\/pt\/wp-json\/wp\/v2\/product_cat?post=2536"},{"taxonomy":"product_tag","embeddable":true,"href":"https:\/\/www.usborkeychain.com\/pt\/wp-json\/wp\/v2\/product_tag?post=2536"}],"curies":[{"name":"wp","href":"https:\/\/api.w.org\/{rel}","templated":true}]}}