{"id":2544,"date":"2025-06-20T11:40:44","date_gmt":"2025-06-20T11:40:44","guid":{"rendered":"https:\/\/www.usborkeychain.com\/?post_type=product&#038;p=2544"},"modified":"2025-07-10T00:23:50","modified_gmt":"2025-07-10T00:23:50","slug":"rectangular-wood-usb-flash-drive","status":"publish","type":"product","link":"https:\/\/www.usborkeychain.com\/pt\/produto\/rectangular-wood-usb-flash-drive\/","title":{"rendered":"Unidade flash USB retangular de madeira"},"content":{"rendered":"<div class=\"wp-block-columns is-layout-flex wp-container-core-columns-is-layout-28f84493 wp-block-columns-is-layout-flex\">\n<div class=\"wp-block-column is-layout-flow wp-block-column-is-layout-flow\">\n<figure class=\"wp-block-image aligncenter size-full is-resized\"><img fetchpriority=\"high\" decoding=\"async\" width=\"800\" height=\"800\" src=\"https:\/\/www.usborkeychain.com\/wp-content\/uploads\/Rectangular-Wood-USB-Flash-Drive.jpg\" alt=\"Rectangular Wood USB Flash Drive\" class=\"wp-image-2550\" style=\"width:450px\" srcset=\"https:\/\/www.usborkeychain.com\/wp-content\/uploads\/Rectangular-Wood-USB-Flash-Drive.jpg 800w, https:\/\/www.usborkeychain.com\/wp-content\/uploads\/Rectangular-Wood-USB-Flash-Drive-300x300.jpg 300w, https:\/\/www.usborkeychain.com\/wp-content\/uploads\/Rectangular-Wood-USB-Flash-Drive-150x150.jpg 150w, https:\/\/www.usborkeychain.com\/wp-content\/uploads\/Rectangular-Wood-USB-Flash-Drive-768x768.jpg 768w, https:\/\/www.usborkeychain.com\/wp-content\/uploads\/Rectangular-Wood-USB-Flash-Drive-12x12.jpg 12w, https:\/\/www.usborkeychain.com\/wp-content\/uploads\/Rectangular-Wood-USB-Flash-Drive-600x600.jpg 600w, https:\/\/www.usborkeychain.com\/wp-content\/uploads\/Rectangular-Wood-USB-Flash-Drive-100x100.jpg 100w\" sizes=\"(max-width: 800px) 100vw, 800px\" \/><\/figure>\n<\/div>\n\n\n\n<div class=\"wp-block-column is-vertically-aligned-center is-layout-flow wp-block-column-is-layout-flow\">\n<p>O pen drive retangular de madeira \u00e9 o estilo mais popular da nossa s\u00e9rie Wood USB. Trata-se de uma cole\u00e7\u00e3o de tr\u00eas modelos populares, feitos de madeira natural e baseados em um design retangular cl\u00e1ssico, oferecendo tr\u00eas estilos distintos.<\/p>\n\n\n\n<p>Todos os produtos passam por 9 processos refinados de polimento, apresentando uma superf\u00edcie lisa e quente com gr\u00e3os de madeira vis\u00edveis. Com diversas especifica\u00e7\u00f5es de tamanho para atender a diferentes cen\u00e1rios de uso, \u00e9 a escolha ideal para armazenamento de dados e personaliza\u00e7\u00e3o de presentes.<\/p>\n<\/div>\n<\/div>\n\n\n\n<h2 class=\"wp-block-heading\"><strong>Retangular cl\u00e1ssico <\/strong><strong>USB de madeira<\/strong><strong>&nbsp;Dirigir <\/strong><strong><\/strong><\/h2>\n\n\n\n<div class=\"wp-block-columns is-layout-flex wp-container-core-columns-is-layout-28f84493 wp-block-columns-is-layout-flex\">\n<div class=\"wp-block-column is-vertically-aligned-center is-layout-flow wp-block-column-is-layout-flow\">\n<p>Por que esse \u00e9 o estilo de USB de madeira mais popular? A unidade USB Classic Rectangular Wood tornou-se uma das favoritas do mercado por seu design simples e elegante. O formato de ret\u00e2ngulo reto \u00e9 combinado com um design com cobertura magn\u00e9tica, com apenas 8 mm de espessura para facilitar o transporte.<\/p>\n\n\n\n<p>Medindo 55 mm de comprimento e 30 mm de largura, ela oferece uma pegada confort\u00e1vel. A tampa magn\u00e9tica usa um \u00edm\u00e3 de neod\u00edmio ferro boro com uma for\u00e7a de suc\u00e7\u00e3o de 1,8 N, garantindo que n\u00e3o se solte facilmente durante o uso.<\/p>\n\n\n\n<p>Devido ao seu design vers\u00e1til e \u00e0 sua excelente textura, tornou-se a principal escolha para presentes, lembran\u00e7as de casamento e armazenamento de dados de fot\u00f3grafos, representando uma grande propor\u00e7\u00e3o na personaliza\u00e7\u00e3o do Wood USB.<\/p>\n<\/div>\n\n\n\n<div class=\"wp-block-column is-layout-flow wp-block-column-is-layout-flow\">\n<figure class=\"wp-block-image aligncenter size-full is-resized\"><img decoding=\"async\" width=\"800\" height=\"800\" src=\"https:\/\/www.usborkeychain.com\/wp-content\/uploads\/Classic-Rectangular-Wood-USB-Drive.jpg\" alt=\"Classic Rectangular Wood USB Drive\" class=\"wp-image-2547\" style=\"width:450px\" srcset=\"https:\/\/www.usborkeychain.com\/wp-content\/uploads\/Classic-Rectangular-Wood-USB-Drive.jpg 800w, https:\/\/www.usborkeychain.com\/wp-content\/uploads\/Classic-Rectangular-Wood-USB-Drive-300x300.jpg 300w, https:\/\/www.usborkeychain.com\/wp-content\/uploads\/Classic-Rectangular-Wood-USB-Drive-150x150.jpg 150w, https:\/\/www.usborkeychain.com\/wp-content\/uploads\/Classic-Rectangular-Wood-USB-Drive-768x768.jpg 768w, https:\/\/www.usborkeychain.com\/wp-content\/uploads\/Classic-Rectangular-Wood-USB-Drive-12x12.jpg 12w, https:\/\/www.usborkeychain.com\/wp-content\/uploads\/Classic-Rectangular-Wood-USB-Drive-600x600.jpg 600w, https:\/\/www.usborkeychain.com\/wp-content\/uploads\/Classic-Rectangular-Wood-USB-Drive-100x100.jpg 100w\" sizes=\"(max-width: 800px) 100vw, 800px\" \/><\/figure>\n<\/div>\n<\/div>\n\n\n\n<h2 class=\"wp-block-heading\"><strong>Mini Long-Strip <\/strong><strong>USB de madeira<\/strong><strong>&nbsp;Dirigir <\/strong><strong><\/strong><\/h2>\n\n\n\n<div class=\"wp-block-columns is-layout-flex wp-container-core-columns-is-layout-28f84493 wp-block-columns-is-layout-flex\">\n<div class=\"wp-block-column is-layout-flow wp-block-column-is-layout-flow\">\n<figure class=\"wp-block-image aligncenter size-full is-resized\"><img decoding=\"async\" width=\"800\" height=\"800\" src=\"https:\/\/www.usborkeychain.com\/wp-content\/uploads\/Mini-Long-Strip-Wood-USB-Drive.jpg\" alt=\"Mini Long-Strip Wood USB Drive\" class=\"wp-image-2548\" style=\"width:450px\" srcset=\"https:\/\/www.usborkeychain.com\/wp-content\/uploads\/Mini-Long-Strip-Wood-USB-Drive.jpg 800w, https:\/\/www.usborkeychain.com\/wp-content\/uploads\/Mini-Long-Strip-Wood-USB-Drive-300x300.jpg 300w, https:\/\/www.usborkeychain.com\/wp-content\/uploads\/Mini-Long-Strip-Wood-USB-Drive-150x150.jpg 150w, https:\/\/www.usborkeychain.com\/wp-content\/uploads\/Mini-Long-Strip-Wood-USB-Drive-768x768.jpg 768w, https:\/\/www.usborkeychain.com\/wp-content\/uploads\/Mini-Long-Strip-Wood-USB-Drive-12x12.jpg 12w, https:\/\/www.usborkeychain.com\/wp-content\/uploads\/Mini-Long-Strip-Wood-USB-Drive-600x600.jpg 600w, https:\/\/www.usborkeychain.com\/wp-content\/uploads\/Mini-Long-Strip-Wood-USB-Drive-100x100.jpg 100w\" sizes=\"(max-width: 800px) 100vw, 800px\" \/><\/figure>\n<\/div>\n\n\n\n<div class=\"wp-block-column is-vertically-aligned-center is-layout-flow wp-block-column-is-layout-flow\">\n<p>A unidade USB Mini Long-Strip Wood adota um design cl\u00e1ssico de tira longa, dispon\u00edvel em materiais como bordo (densidade 0,6g\/cm\u00b3), nogueira (0,85g\/cm\u00b3), bambu (0,7g\/cm\u00b3) e madeira bruta.<\/p>\n\n\n\n<p>Ele oferece duas op\u00e7\u00f5es de interface: USB2.0 (taxa de transfer\u00eancia de 480 Mbps) e USB3.0 (taxa de transfer\u00eancia de 5 Gbps) para atender a diferentes necessidades de transmiss\u00e3o de dados.<\/p>\n\n\n\n<p>&nbsp;Seu perfil fino - 70 mm de comprimento, 12 mm de largura e 8 mm de espessura - cabe facilmente em carteiras, bolsos, etc., tornando-o adequado para usu\u00e1rios que priorizam a portabilidade, seja para uso di\u00e1rio no escrit\u00f3rio ou em tr\u00e2nsito.<\/p>\n<\/div>\n<\/div>\n\n\n\n<h2 class=\"wp-block-heading\"><strong>Retangular <\/strong><strong>Madeira<\/strong><strong>&nbsp;Unidade USB m\u00f3vel <\/strong><strong><\/strong><\/h2>\n\n\n\n<div class=\"wp-block-columns is-layout-flex wp-container-core-columns-is-layout-28f84493 wp-block-columns-is-layout-flex\">\n<div class=\"wp-block-column is-vertically-aligned-center is-layout-flow wp-block-column-is-layout-flow\">\n<p>Como o modelo mais recente, o Rectangular Wood Mobile USB Drive oferece funcionalidade dupla para armazenamento via USB e telefone celular. Ele apresenta um design de interface dupla: uma extremidade \u00e9 uma porta USB e a outra \u00e9 uma porta Type-C ou Lightning (opcional, conforme necess\u00e1rio), compat\u00edvel com computadores e dispositivos m\u00f3veis. Ele oferece v\u00e1rias capacidades, de 1 GB a 1 TB, para atender \u00e0s necessidades de armazenamento de diferentes usu\u00e1rios.<\/p>\n\n\n\n<p>O tamanho de 60 mm de comprimento, 25 mm de largura e 10 mm de espessura equilibra a estabilidade da conex\u00e3o do telefone celular e a textura do material de madeira. \u00c9 um produto inovador que combina tecnologia e natureza, proporcionando aos usu\u00e1rios uma experi\u00eancia conveniente de transmiss\u00e3o de dados entre dispositivos.<\/p>\n<\/div>\n\n\n\n<div class=\"wp-block-column is-layout-flow wp-block-column-is-layout-flow\">\n<figure class=\"wp-block-image aligncenter size-full is-resized\"><img loading=\"lazy\" decoding=\"async\" width=\"800\" height=\"800\" src=\"https:\/\/www.usborkeychain.com\/wp-content\/uploads\/Rectangular-Wood-Mobile-USB-Drive.jpg\" alt=\"Rectangular Wood Mobile USB Drive\" class=\"wp-image-2549\" style=\"width:450px\" srcset=\"https:\/\/www.usborkeychain.com\/wp-content\/uploads\/Rectangular-Wood-Mobile-USB-Drive.jpg 800w, https:\/\/www.usborkeychain.com\/wp-content\/uploads\/Rectangular-Wood-Mobile-USB-Drive-300x300.jpg 300w, https:\/\/www.usborkeychain.com\/wp-content\/uploads\/Rectangular-Wood-Mobile-USB-Drive-150x150.jpg 150w, https:\/\/www.usborkeychain.com\/wp-content\/uploads\/Rectangular-Wood-Mobile-USB-Drive-768x768.jpg 768w, https:\/\/www.usborkeychain.com\/wp-content\/uploads\/Rectangular-Wood-Mobile-USB-Drive-12x12.jpg 12w, https:\/\/www.usborkeychain.com\/wp-content\/uploads\/Rectangular-Wood-Mobile-USB-Drive-600x600.jpg 600w, https:\/\/www.usborkeychain.com\/wp-content\/uploads\/Rectangular-Wood-Mobile-USB-Drive-100x100.jpg 100w\" sizes=\"(max-width: 800px) 100vw, 800px\" \/><\/figure>\n<\/div>\n<\/div>\n\n\n\n<h2 class=\"wp-block-heading\"><strong>Conclus\u00e3o<\/strong><\/h2>\n\n\n\n<p>Essa s\u00e9rie de unidade flash USB retangular de madeira \u00e9 produzida por fabricantes profissionais com processos de produ\u00e7\u00e3o avan\u00e7ados em f\u00e1bricas modernas. Ela suporta dois processos principais de personaliza\u00e7\u00e3o - grava\u00e7\u00e3o a laser e impress\u00e3o colorida - para apresentar com precis\u00e3o logotipos, textos ou padr\u00f5es na superf\u00edcie do USB.<\/p>\n\n\n\n<p>Caixas de presente de madeira tamb\u00e9m est\u00e3o dispon\u00edveis para aumentar a eleg\u00e2ncia do presente. Seja para personaliza\u00e7\u00e3o de presentes corporativos, aquisi\u00e7\u00e3o de lembrancinhas de casamento ou atacado para distribuidores, podemos atender \u00e0s suas necessidades.<\/p>\n\n\n\n<p>Bem-vindo \u00e0 consulta para personaliza\u00e7\u00e3o direta da f\u00e1brica e servi\u00e7os de atacado, fornecendo a voc\u00ea produtos de alta qualidade e solu\u00e7\u00f5es abrangentes.<\/p>","protected":false},"excerpt":{"rendered":"<ul>\n<li>Design retangular<\/li>\n<li>Material de madeira<\/li>\n<li>Resistente a arranh\u00f5es e desgaste<\/li>\n<li>Velocidade mais r\u00e1pida e alta qualidade<\/li>\n<li>Confi\u00e1vel e seguro<\/li>\n<li>\u00d3timo para todas as finalidades<\/li>\n<\/ul>","protected":false},"featured_media":2550,"comment_status":"open","ping_status":"closed","template":"","meta":{"_seopress_robots_primary_cat":"","_seopress_titles_title":"Rectangular Wood USB Flash Drive","_seopress_titles_desc":"","_seopress_robots_index":"","site-sidebar-layout":"default","site-content-layout":"","ast-site-content-layout":"","site-content-style":"default","site-sidebar-style":"default","ast-global-header-display":"","ast-banner-title-visibility":"","ast-main-header-display":"","ast-hfb-above-header-display":"","ast-hfb-below-header-display":"","ast-hfb-mobile-header-display":"","site-post-title":"","ast-breadcrumbs-content":"","ast-featured-img":"","footer-sml-layout":"","theme-transparent-header-meta":"","adv-header-id-meta":"","stick-header-meta":"","header-above-stick-meta":"","header-main-stick-meta":"","header-below-stick-meta":"","astra-migrate-meta-layouts":"default","ast-page-background-enabled":"default","ast-page-background-meta":{"desktop":{"background-color":"var(--ast-global-color-5)","background-image":"","background-repeat":"repeat","background-position":"center center","background-size":"auto","background-attachment":"scroll","background-type":"","background-media":"","overlay-type":"","overlay-color":"","overlay-opacity":"","overlay-gradient":""},"tablet":{"background-color":"","background-image":"","background-repeat":"repeat","background-position":"center center","background-size":"auto","background-attachment":"scroll","background-type":"","background-media":"","overlay-type":"","overlay-color":"","overlay-opacity":"","overlay-gradient":""},"mobile":{"background-color":"","background-image":"","background-repeat":"repeat","background-position":"center center","background-size":"auto","background-attachment":"scroll","background-type":"","background-media":"","overlay-type":"","overlay-color":"","overlay-opacity":"","overlay-gradient":""}},"ast-content-background-meta":{"desktop":{"background-color":"var(--ast-global-color-4)","background-image":"","background-repeat":"repeat","background-position":"center center","background-size":"auto","background-attachment":"scroll","background-type":"","background-media":"","overlay-type":"","overlay-color":"","overlay-opacity":"","overlay-gradient":""},"tablet":{"background-color":"var(--ast-global-color-4)","background-image":"","background-repeat":"repeat","background-position":"center center","background-size":"auto","background-attachment":"scroll","background-type":"","background-media":"","overlay-type":"","overlay-color":"","overlay-opacity":"","overlay-gradient":""},"mobile":{"background-color":"var(--ast-global-color-4)","background-image":"","background-repeat":"repeat","background-position":"center center","background-size":"auto","background-attachment":"scroll","background-type":"","background-media":"","overlay-type":"","overlay-color":"","overlay-opacity":"","overlay-gradient":""}}},"product_brand":[],"product_cat":[168],"product_tag":[],"class_list":{"0":"post-2544","1":"product","2":"type-product","3":"status-publish","4":"has-post-thumbnail","6":"product_cat-wood-usb-flash-drive","7":"desktop-align-left","8":"tablet-align-left","9":"mobile-align-left","11":"first","12":"instock","13":"shipping-taxable","14":"product-type-simple"},"_links":{"self":[{"href":"https:\/\/www.usborkeychain.com\/pt\/wp-json\/wp\/v2\/product\/2544","targetHints":{"allow":["GET"]}}],"collection":[{"href":"https:\/\/www.usborkeychain.com\/pt\/wp-json\/wp\/v2\/product"}],"about":[{"href":"https:\/\/www.usborkeychain.com\/pt\/wp-json\/wp\/v2\/types\/product"}],"replies":[{"embeddable":true,"href":"https:\/\/www.usborkeychain.com\/pt\/wp-json\/wp\/v2\/comments?post=2544"}],"wp:featuredmedia":[{"embeddable":true,"href":"https:\/\/www.usborkeychain.com\/pt\/wp-json\/wp\/v2\/media\/2550"}],"wp:attachment":[{"href":"https:\/\/www.usborkeychain.com\/pt\/wp-json\/wp\/v2\/media?parent=2544"}],"wp:term":[{"taxonomy":"product_brand","embeddable":true,"href":"https:\/\/www.usborkeychain.com\/pt\/wp-json\/wp\/v2\/product_brand?post=2544"},{"taxonomy":"product_cat","embeddable":true,"href":"https:\/\/www.usborkeychain.com\/pt\/wp-json\/wp\/v2\/product_cat?post=2544"},{"taxonomy":"product_tag","embeddable":true,"href":"https:\/\/www.usborkeychain.com\/pt\/wp-json\/wp\/v2\/product_tag?post=2544"}],"curies":[{"name":"wp","href":"https:\/\/api.w.org\/{rel}","templated":true}]}}