{"id":2551,"date":"2025-06-20T12:18:17","date_gmt":"2025-06-20T12:18:17","guid":{"rendered":"https:\/\/www.usborkeychain.com\/?post_type=product&#038;p=2551"},"modified":"2025-07-10T00:21:46","modified_gmt":"2025-07-10T00:21:46","slug":"oval-wood-mobile-usb-drives","status":"publish","type":"product","link":"https:\/\/www.usborkeychain.com\/pt\/produto\/oval-wood-mobile-usb-drives\/","title":{"rendered":"Unidades flash USB C de madeira oval"},"content":{"rendered":"<div class=\"wp-block-columns is-layout-flex wp-container-core-columns-is-layout-28f84493 wp-block-columns-is-layout-flex\">\n<div class=\"wp-block-column is-layout-flow wp-block-column-is-layout-flow\">\n<figure class=\"wp-block-image aligncenter size-full is-resized\"><img fetchpriority=\"high\" decoding=\"async\" width=\"1000\" height=\"1000\" src=\"https:\/\/www.usborkeychain.com\/wp-content\/uploads\/Oval-Wood-Mobile-USB-Drives.jpg\" alt=\"Oval Wood Mobile USB Drives\" class=\"wp-image-2559\" style=\"width:450px\" srcset=\"https:\/\/www.usborkeychain.com\/wp-content\/uploads\/Oval-Wood-Mobile-USB-Drives.jpg 1000w, https:\/\/www.usborkeychain.com\/wp-content\/uploads\/Oval-Wood-Mobile-USB-Drives-300x300.jpg 300w, https:\/\/www.usborkeychain.com\/wp-content\/uploads\/Oval-Wood-Mobile-USB-Drives-150x150.jpg 150w, https:\/\/www.usborkeychain.com\/wp-content\/uploads\/Oval-Wood-Mobile-USB-Drives-768x768.jpg 768w, https:\/\/www.usborkeychain.com\/wp-content\/uploads\/Oval-Wood-Mobile-USB-Drives-12x12.jpg 12w, https:\/\/www.usborkeychain.com\/wp-content\/uploads\/Oval-Wood-Mobile-USB-Drives-600x600.jpg 600w, https:\/\/www.usborkeychain.com\/wp-content\/uploads\/Oval-Wood-Mobile-USB-Drives-100x100.jpg 100w\" sizes=\"(max-width: 1000px) 100vw, 1000px\" \/><\/figure>\n<\/div>\n\n\n\n<div class=\"wp-block-column is-vertically-aligned-center is-layout-flow wp-block-column-is-layout-flow\">\n<p>O Oval Wood Mobile USB Drive \u00e9 uma s\u00e9rie que integra design cl\u00e1ssico com tecnologia inovadora.<\/p>\n\n\n\n<p>Usando madeira natural como material de base, ele acrescenta a funcionalidade OTG (On-The-Go) ao tradicional formato oval do USB, permitindo a transmiss\u00e3o direta de dados entre telefones celulares e a unidade USB.<\/p>\n\n\n\n<p>A s\u00e9rie passa por 8 processos de polimento manual, com uma rugosidade de superf\u00edcie de Ra0,8\u03bcm, mostrando a textura original da madeira. Com um di\u00e2metro de 40-50 mm e uma espessura de 8-10 mm, oferece uma solu\u00e7\u00e3o de armazenamento m\u00f3vel port\u00e1til e funcional.<\/p>\n<\/div>\n<\/div>\n\n\n\n<h2 class=\"wp-block-heading\"><strong>Quais s\u00e3o os recursos de design do Oval? <\/strong><strong>Madeira<\/strong><strong>&nbsp;Unidade USB m\u00f3vel? <\/strong><strong><\/strong><\/h2>\n\n\n\n<p>Como um dos modelos mais recentes da marca, ele adota um design oval minimalista com uma estrutura com cobertura magn\u00e9tica. A forma oval regular tem um di\u00e2metro de 45 mm e uma espessura de 8 mm.<\/p>\n\n\n\n<p>A tampa magn\u00e9tica usa um \u00edm\u00e3 de neod\u00edmio ferro boro N35 com uma for\u00e7a de suc\u00e7\u00e3o de 2,2 N, passando por um teste de vida \u00fatil de abertura\/fechamento de mais de 10.000 ciclos.<\/p>\n\n\n\n<p>As bordas s\u00e3o polidas em um arco de 15\u00b0, proporcionando uma ader\u00eancia quente adequada para a opera\u00e7\u00e3o com uma m\u00e3o, tornando-o um trabalho inovador na categoria Wood USB que combina um senso de tecnologia e textura natural.<\/p>\n\n\n\n<h2 class=\"wp-block-heading\"><strong>Quais materiais e interfaces <\/strong><strong>\u00e9<\/strong><strong>&nbsp;O Oval <\/strong><strong>Madeira<\/strong><strong>&nbsp;Unidade USB m\u00f3vel? <\/strong><strong><\/strong><\/h2>\n\n\n\n<p>V\u00e1rios materiais est\u00e3o dispon\u00edveis, incluindo principalmente madeira bruta, mogno, bordo e bambu:<\/p>\n\n\n\n<p>O Maple apresenta uma cor marfim clara com texturas delicadas e suaves como a \u00e1gua, sendo leve e flex\u00edvel.<\/p>\n\n\n\n<p>A nogueira apresenta padr\u00f5es naturais marrons profundos, com um brilho est\u00e1vel e elegante, madeira dura e resistente ao desgaste e um toque quente como o jade.<\/p>\n\n\n\n<p>O bambu, ap\u00f3s o tratamento de carboniza\u00e7\u00e3o, torna-se bronze, formando uma camada densa de dureza HRC25 na superf\u00edcie, com texturas claras de juntas de bambu, combinando beleza r\u00fastica e caracter\u00edsticas de resist\u00eancia.<\/p>\n\n\n\n<p>A madeira bruta mant\u00e9m a cor natural da madeira, com texturas \u00fanicas e mut\u00e1veis, mostrando o charme natural original.<\/p>\n\n\n\n<div class=\"wp-block-columns is-layout-flex wp-container-core-columns-is-layout-28f84493 wp-block-columns-is-layout-flex\">\n<div class=\"wp-block-column is-layout-flow wp-block-column-is-layout-flow\">\n<figure class=\"wp-block-image aligncenter size-full is-resized\"><img decoding=\"async\" width=\"1000\" height=\"1000\" src=\"https:\/\/www.usborkeychain.com\/wp-content\/uploads\/Oval-Wood-Mobile-USB-Drives-supplier.jpg\" alt=\"Oval Wood Mobile USB Drives supplier\" class=\"wp-image-2558\" style=\"width:450px\" srcset=\"https:\/\/www.usborkeychain.com\/wp-content\/uploads\/Oval-Wood-Mobile-USB-Drives-supplier.jpg 1000w, https:\/\/www.usborkeychain.com\/wp-content\/uploads\/Oval-Wood-Mobile-USB-Drives-supplier-300x300.jpg 300w, https:\/\/www.usborkeychain.com\/wp-content\/uploads\/Oval-Wood-Mobile-USB-Drives-supplier-150x150.jpg 150w, https:\/\/www.usborkeychain.com\/wp-content\/uploads\/Oval-Wood-Mobile-USB-Drives-supplier-768x768.jpg 768w, https:\/\/www.usborkeychain.com\/wp-content\/uploads\/Oval-Wood-Mobile-USB-Drives-supplier-12x12.jpg 12w, https:\/\/www.usborkeychain.com\/wp-content\/uploads\/Oval-Wood-Mobile-USB-Drives-supplier-600x600.jpg 600w, https:\/\/www.usborkeychain.com\/wp-content\/uploads\/Oval-Wood-Mobile-USB-Drives-supplier-100x100.jpg 100w\" sizes=\"(max-width: 1000px) 100vw, 1000px\" \/><\/figure>\n<\/div>\n\n\n\n<div class=\"wp-block-column is-layout-flow wp-block-column-is-layout-flow\">\n<figure class=\"wp-block-image aligncenter size-full is-resized\"><img decoding=\"async\" width=\"1000\" height=\"1000\" src=\"https:\/\/www.usborkeychain.com\/wp-content\/uploads\/Oval-Wood-Mobile-USB-Drives-factory.jpg\" alt=\"Oval Wood Mobile USB Drives factory\" class=\"wp-image-2557\" style=\"width:450px\" srcset=\"https:\/\/www.usborkeychain.com\/wp-content\/uploads\/Oval-Wood-Mobile-USB-Drives-factory.jpg 1000w, https:\/\/www.usborkeychain.com\/wp-content\/uploads\/Oval-Wood-Mobile-USB-Drives-factory-300x300.jpg 300w, https:\/\/www.usborkeychain.com\/wp-content\/uploads\/Oval-Wood-Mobile-USB-Drives-factory-150x150.jpg 150w, https:\/\/www.usborkeychain.com\/wp-content\/uploads\/Oval-Wood-Mobile-USB-Drives-factory-768x768.jpg 768w, https:\/\/www.usborkeychain.com\/wp-content\/uploads\/Oval-Wood-Mobile-USB-Drives-factory-12x12.jpg 12w, https:\/\/www.usborkeychain.com\/wp-content\/uploads\/Oval-Wood-Mobile-USB-Drives-factory-600x600.jpg 600w, https:\/\/www.usborkeychain.com\/wp-content\/uploads\/Oval-Wood-Mobile-USB-Drives-factory-100x100.jpg 100w\" sizes=\"(max-width: 1000px) 100vw, 1000px\" \/><\/figure>\n<\/div>\n\n\n\n<div class=\"wp-block-column is-layout-flow wp-block-column-is-layout-flow\">\n<figure class=\"wp-block-image aligncenter size-full is-resized\"><img loading=\"lazy\" decoding=\"async\" width=\"1000\" height=\"1000\" src=\"https:\/\/www.usborkeychain.com\/wp-content\/uploads\/China-Oval-Wood-Mobile-USB-Drives.jpg\" alt=\"China Oval Wood Mobile USB Drives\" class=\"wp-image-2555\" style=\"width:450px\" srcset=\"https:\/\/www.usborkeychain.com\/wp-content\/uploads\/China-Oval-Wood-Mobile-USB-Drives.jpg 1000w, https:\/\/www.usborkeychain.com\/wp-content\/uploads\/China-Oval-Wood-Mobile-USB-Drives-300x300.jpg 300w, https:\/\/www.usborkeychain.com\/wp-content\/uploads\/China-Oval-Wood-Mobile-USB-Drives-150x150.jpg 150w, https:\/\/www.usborkeychain.com\/wp-content\/uploads\/China-Oval-Wood-Mobile-USB-Drives-768x768.jpg 768w, https:\/\/www.usborkeychain.com\/wp-content\/uploads\/China-Oval-Wood-Mobile-USB-Drives-12x12.jpg 12w, https:\/\/www.usborkeychain.com\/wp-content\/uploads\/China-Oval-Wood-Mobile-USB-Drives-600x600.jpg 600w, https:\/\/www.usborkeychain.com\/wp-content\/uploads\/China-Oval-Wood-Mobile-USB-Drives-100x100.jpg 100w\" sizes=\"(max-width: 1000px) 100vw, 1000px\" \/><\/figure>\n<\/div>\n<\/div>\n\n\n\n<p>A configura\u00e7\u00e3o da interface inclui modos duplos de USB2.0 (25 Mbps) e USB3.0 (450 Mbps), al\u00e9m de integrar um m\u00f3dulo de fun\u00e7\u00e3o OTG para oferecer suporte a plug-and-play em telefones celulares. Ele abrange 12 especifica\u00e7\u00f5es de 8 GB a 1 TB, atendendo a diferentes necessidades de armazenamento de arquivos.<\/p>\n\n\n\n<h2 class=\"wp-block-heading\"><strong>Como o Oval <\/strong><strong>Madeira<\/strong><strong>&nbsp;A unidade USB m\u00f3vel consegue conex\u00e3o direta com o telefone celular? <\/strong><strong><\/strong><\/h2>\n\n\n\n<div class=\"wp-block-columns is-layout-flex wp-container-core-columns-is-layout-28f84493 wp-block-columns-is-layout-flex\">\n<div class=\"wp-block-column is-layout-flow wp-block-column-is-layout-flow\">\n<figure class=\"wp-block-image aligncenter size-full is-resized\"><img loading=\"lazy\" decoding=\"async\" width=\"1000\" height=\"1000\" src=\"https:\/\/www.usborkeychain.com\/wp-content\/uploads\/Bulk-Oval-Wood-Mobile-USB-Drives.jpg\" alt=\"Bulk Oval Wood Mobile USB Drives\" class=\"wp-image-2554\" style=\"width:450px\" srcset=\"https:\/\/www.usborkeychain.com\/wp-content\/uploads\/Bulk-Oval-Wood-Mobile-USB-Drives.jpg 1000w, https:\/\/www.usborkeychain.com\/wp-content\/uploads\/Bulk-Oval-Wood-Mobile-USB-Drives-300x300.jpg 300w, https:\/\/www.usborkeychain.com\/wp-content\/uploads\/Bulk-Oval-Wood-Mobile-USB-Drives-150x150.jpg 150w, https:\/\/www.usborkeychain.com\/wp-content\/uploads\/Bulk-Oval-Wood-Mobile-USB-Drives-768x768.jpg 768w, https:\/\/www.usborkeychain.com\/wp-content\/uploads\/Bulk-Oval-Wood-Mobile-USB-Drives-12x12.jpg 12w, https:\/\/www.usborkeychain.com\/wp-content\/uploads\/Bulk-Oval-Wood-Mobile-USB-Drives-600x600.jpg 600w, https:\/\/www.usborkeychain.com\/wp-content\/uploads\/Bulk-Oval-Wood-Mobile-USB-Drives-100x100.jpg 100w\" sizes=\"(max-width: 1000px) 100vw, 1000px\" \/><\/figure>\n<\/div>\n\n\n\n<div class=\"wp-block-column is-vertically-aligned-center is-layout-flow wp-block-column-is-layout-flow\">\n<p>Ao us\u00e1-lo, primeiro selecione a interface compat\u00edvel: tr\u00eas especifica\u00e7\u00f5es est\u00e3o dispon\u00edveis, incluindo Apple Lightning, Android Micro-USB e Type-C.<\/p>\n\n\n\n<p>A interface do telefone celular \u00e9 inserida diretamente na porta de dados do dispositivo sem a necessidade de instalar aplicativos de terceiros, oferecendo suporte ao gerenciamento de arquivos nativos para os sistemas iOS 13+ e Android 6.0+.<\/p>\n\n\n\n<p>Por meio do protocolo OTG, a transmiss\u00e3o de arquivos bidirecional entre o telefone celular e a unidade USB \u00e9 realizada. A medi\u00e7\u00e3o real mostra que a transfer\u00eancia de um arquivo de v\u00eddeo de 1 GB para um telefone celular leva apenas 22 segundos (combina\u00e7\u00e3o de interface USB3.0+Tipo C).<\/p>\n<\/div>\n<\/div>\n\n\n\n<h2 class=\"wp-block-heading\"><strong>Conclus\u00e3o<\/strong><\/h2>\n\n\n\n<p>Essa s\u00e9rie foi criada por uma f\u00e1brica USB com 15 anos de experi\u00eancia e engenhosidade, usando equipamentos automatizados de grava\u00e7\u00e3o CNC para obter atualiza\u00e7\u00f5es triplas em material, processo e fun\u00e7\u00e3o. A grava\u00e7\u00e3o a laser delineia os detalhes com uma precis\u00e3o de 0,05 mm, e a impress\u00e3o colorida atinge a precis\u00e3o de cores Pantone 98%.<\/p>\n\n\n\n<p>Da textura leve do bordo ao brilho marrom profundo da nogueira, da textura resistente do bambu carbonizado \u00e0 textura natural da madeira bruta, cada material passa por 8 etapas de processamento para apresentar uma experi\u00eancia visual e t\u00e1til exclusiva.<\/p>\n\n\n\n<p>Ele suporta um modelo de atacado com um pedido m\u00ednimo de 100 unidades, fornecendo produtos diferenciados para plataformas de com\u00e9rcio eletr\u00f4nico, injetando est\u00e9tica natural na personaliza\u00e7\u00e3o de presentes corporativos e oferecendo aos distribuidores uma solu\u00e7\u00e3o de link completo que abrange a sele\u00e7\u00e3o de materiais, adapta\u00e7\u00e3o de interface (Apple\/Android\/Type-C) e configura\u00e7\u00e3o de capacidade (8GB-1TB).<\/p>\n\n\n\n<p>O modelo de fornecimento direto da f\u00e1brica garante vantagens de custo e tempo de entrega. Sinceramente, convidamos parceiros de todos os canais para explorarmos juntos o mercado de brindes digitais da Wood.<\/p>\n\n\n\n<p><\/p>","protected":false},"excerpt":{"rendered":"<ul>\n<li>Design oval<\/li>\n<li>Material de madeira<\/li>\n<li>Resistente a arranh\u00f5es e desgaste<\/li>\n<li>Velocidade mais r\u00e1pida e alta qualidade<\/li>\n<li>Confi\u00e1vel e seguro<\/li>\n<li>\u00d3timo para todas as finalidades<\/li>\n<\/ul>","protected":false},"featured_media":2559,"comment_status":"open","ping_status":"closed","template":"","meta":{"_seopress_robots_primary_cat":"","_seopress_titles_title":"Oval Wood\u00a0Mobile USB Drives","_seopress_titles_desc":"","_seopress_robots_index":"","site-sidebar-layout":"default","site-content-layout":"","ast-site-content-layout":"","site-content-style":"default","site-sidebar-style":"default","ast-global-header-display":"","ast-banner-title-visibility":"","ast-main-header-display":"","ast-hfb-above-header-display":"","ast-hfb-below-header-display":"","ast-hfb-mobile-header-display":"","site-post-title":"","ast-breadcrumbs-content":"","ast-featured-img":"","footer-sml-layout":"","theme-transparent-header-meta":"","adv-header-id-meta":"","stick-header-meta":"","header-above-stick-meta":"","header-main-stick-meta":"","header-below-stick-meta":"","astra-migrate-meta-layouts":"default","ast-page-background-enabled":"default","ast-page-background-meta":{"desktop":{"background-color":"var(--ast-global-color-5)","background-image":"","background-repeat":"repeat","background-position":"center center","background-size":"auto","background-attachment":"scroll","background-type":"","background-media":"","overlay-type":"","overlay-color":"","overlay-opacity":"","overlay-gradient":""},"tablet":{"background-color":"","background-image":"","background-repeat":"repeat","background-position":"center center","background-size":"auto","background-attachment":"scroll","background-type":"","background-media":"","overlay-type":"","overlay-color":"","overlay-opacity":"","overlay-gradient":""},"mobile":{"background-color":"","background-image":"","background-repeat":"repeat","background-position":"center center","background-size":"auto","background-attachment":"scroll","background-type":"","background-media":"","overlay-type":"","overlay-color":"","overlay-opacity":"","overlay-gradient":""}},"ast-content-background-meta":{"desktop":{"background-color":"var(--ast-global-color-4)","background-image":"","background-repeat":"repeat","background-position":"center center","background-size":"auto","background-attachment":"scroll","background-type":"","background-media":"","overlay-type":"","overlay-color":"","overlay-opacity":"","overlay-gradient":""},"tablet":{"background-color":"var(--ast-global-color-4)","background-image":"","background-repeat":"repeat","background-position":"center center","background-size":"auto","background-attachment":"scroll","background-type":"","background-media":"","overlay-type":"","overlay-color":"","overlay-opacity":"","overlay-gradient":""},"mobile":{"background-color":"var(--ast-global-color-4)","background-image":"","background-repeat":"repeat","background-position":"center center","background-size":"auto","background-attachment":"scroll","background-type":"","background-media":"","overlay-type":"","overlay-color":"","overlay-opacity":"","overlay-gradient":""}}},"product_brand":[],"product_cat":[168,105],"product_tag":[],"class_list":{"0":"post-2551","1":"product","2":"type-product","3":"status-publish","4":"has-post-thumbnail","6":"product_cat-wood-usb-flash-drive","7":"product_cat-usb-c-pendrive","8":"desktop-align-left","9":"tablet-align-left","10":"mobile-align-left","12":"first","13":"instock","14":"shipping-taxable","15":"product-type-simple"},"_links":{"self":[{"href":"https:\/\/www.usborkeychain.com\/pt\/wp-json\/wp\/v2\/product\/2551","targetHints":{"allow":["GET"]}}],"collection":[{"href":"https:\/\/www.usborkeychain.com\/pt\/wp-json\/wp\/v2\/product"}],"about":[{"href":"https:\/\/www.usborkeychain.com\/pt\/wp-json\/wp\/v2\/types\/product"}],"replies":[{"embeddable":true,"href":"https:\/\/www.usborkeychain.com\/pt\/wp-json\/wp\/v2\/comments?post=2551"}],"wp:featuredmedia":[{"embeddable":true,"href":"https:\/\/www.usborkeychain.com\/pt\/wp-json\/wp\/v2\/media\/2559"}],"wp:attachment":[{"href":"https:\/\/www.usborkeychain.com\/pt\/wp-json\/wp\/v2\/media?parent=2551"}],"wp:term":[{"taxonomy":"product_brand","embeddable":true,"href":"https:\/\/www.usborkeychain.com\/pt\/wp-json\/wp\/v2\/product_brand?post=2551"},{"taxonomy":"product_cat","embeddable":true,"href":"https:\/\/www.usborkeychain.com\/pt\/wp-json\/wp\/v2\/product_cat?post=2551"},{"taxonomy":"product_tag","embeddable":true,"href":"https:\/\/www.usborkeychain.com\/pt\/wp-json\/wp\/v2\/product_tag?post=2551"}],"curies":[{"name":"wp","href":"https:\/\/api.w.org\/{rel}","templated":true}]}}