{"id":2560,"date":"2025-06-21T23:38:41","date_gmt":"2025-06-21T23:38:41","guid":{"rendered":"https:\/\/www.usborkeychain.com\/?post_type=product&#038;p=2560"},"modified":"2025-08-17T13:19:53","modified_gmt":"2025-08-17T13:19:53","slug":"eco-friendly-degradable-rotating-usb-flash-drive","status":"publish","type":"product","link":"https:\/\/www.usborkeychain.com\/pt\/produto\/eco-friendly-degradable-rotating-usb-flash-drive\/","title":{"rendered":"Unidade flash USB rotativa degrad\u00e1vel e ecologicamente correta"},"content":{"rendered":"<div class=\"wp-block-columns is-layout-flex wp-container-core-columns-is-layout-28f84493 wp-block-columns-is-layout-flex\">\n<div class=\"wp-block-column is-layout-flow wp-block-column-is-layout-flow\">\n<figure class=\"wp-block-image size-full\"><img alt=\"\" fetchpriority=\"high\" decoding=\"async\" width=\"800\" height=\"800\" src=\"https:\/\/www.usborkeychain.com\/wp-content\/uploads\/Eco-Biodegradable-Rotating-USB-Drive.jpg\" class=\"wp-image-2567\" srcset=\"https:\/\/www.usborkeychain.com\/wp-content\/uploads\/\u200bEco-Biodegradable-Rotating-USB-Drive\u200b.jpg 800w, https:\/\/www.usborkeychain.com\/wp-content\/uploads\/\u200bEco-Biodegradable-Rotating-USB-Drive\u200b-300x300.jpg 300w, https:\/\/www.usborkeychain.com\/wp-content\/uploads\/\u200bEco-Biodegradable-Rotating-USB-Drive\u200b-150x150.jpg 150w, https:\/\/www.usborkeychain.com\/wp-content\/uploads\/\u200bEco-Biodegradable-Rotating-USB-Drive\u200b-768x768.jpg 768w, https:\/\/www.usborkeychain.com\/wp-content\/uploads\/\u200bEco-Biodegradable-Rotating-USB-Drive\u200b-12x12.jpg 12w, https:\/\/www.usborkeychain.com\/wp-content\/uploads\/\u200bEco-Biodegradable-Rotating-USB-Drive\u200b-600x600.jpg 600w, https:\/\/www.usborkeychain.com\/wp-content\/uploads\/\u200bEco-Biodegradable-Rotating-USB-Drive\u200b-100x100.jpg 100w\" sizes=\"(max-width: 800px) 100vw, 800px\" \/><\/figure>\n<\/div>\n\n\n\n<div class=\"wp-block-column is-vertically-aligned-center is-layout-flow wp-block-column-is-layout-flow\">\n<p>A unidade flash USB rotativa degrad\u00e1vel surgiu como um novo estilo popular nos \u00faltimos anos, apresentando um design cl\u00e1ssico de clipe rotativo e material de palha de trigo ecologicamente correto.<\/p>\n\n\n\n<p> Seu design com clipe de metal girat\u00f3rio de 360\u00b0 garante a portabilidade, enquanto a caixa \u00e9 feita de material composto de palha de trigo degrad\u00e1vel 100%, produzido em massa por fabricantes profissionais. Ele se tornou um produto ecol\u00f3gico mais vendido no mercado digital, ideal para vendas no atacado.<\/p>\n<\/div>\n<\/div>\n\n\n\n<h3 class=\"wp-block-heading\">Qual \u00e9 o material da unidade flash USB rotativa degrad\u00e1vel?<\/h3>\n\n\n\n<p>O material \u00e9 composto de fibras naturais de palha de trigo e resina de grau aliment\u00edcio, produzido por fabricantes de origem por meio de processos de prensagem f\u00edsica. Com uma densidade de 1,2-1,4g\/cm\u00b3, ele pode suportar uma queda livre de 1,5 metro em testes de queda. Ele se degrada em di\u00f3xido de carbono e \u00e1gua dentro de um a dois anos em ambientes naturais, tr\u00eas vezes mais r\u00e1pido do que o pl\u00e1stico ABS tradicional, o que o torna altamente adequado para o atacado em massa de presentes ecol\u00f3gicos.<\/p>\n\n\n\n<h3 class=\"wp-block-heading\">Quais s\u00e3o as cores dispon\u00edveis para a unidade flash USB rotativa degrad\u00e1vel?<\/h3>\n\n\n\n<p>Atualmente dispon\u00edvel em cinco cores: Rosa (Pantone 18-3940TPX), Azul (Pantone 2945TPX), Preto (Pantone 429TPX), Branco (Pantone 11-0601TPX) e Palha de Trigo Natural. A satura\u00e7\u00e3o da cor \u00e9 controlada entre 30%-40%, apresentando uma paleta de cores Morandi com pouca luz. A cor palha de trigo natural, que mant\u00e9m as texturas das fibras vegetais, \u00e9 respons\u00e1vel por 62% dos pedidos no atacado. Os fabricantes aceitam pedidos de cores personalizadas a partir de 100 pe\u00e7as.<\/p>\n\n\n\n<div class=\"wp-block-columns is-layout-flex wp-container-core-columns-is-layout-28f84493 wp-block-columns-is-layout-flex\">\n<div class=\"wp-block-column is-layout-flow wp-block-column-is-layout-flow\">\n<figure class=\"wp-block-image size-full\"><img alt=\"\" decoding=\"async\" width=\"800\" height=\"800\" src=\"https:\/\/www.usborkeychain.com\/wp-content\/uploads\/\u200bCertified-Biodegradable-Rotatable-USB\u200b.jpg\" class=\"wp-image-2565\" srcset=\"https:\/\/www.usborkeychain.com\/wp-content\/uploads\/\u200bCertified-Biodegradable-Rotatable-USB\u200b.jpg 800w, https:\/\/www.usborkeychain.com\/wp-content\/uploads\/\u200bCertified-Biodegradable-Rotatable-USB\u200b-300x300.jpg 300w, https:\/\/www.usborkeychain.com\/wp-content\/uploads\/\u200bCertified-Biodegradable-Rotatable-USB\u200b-150x150.jpg 150w, https:\/\/www.usborkeychain.com\/wp-content\/uploads\/\u200bCertified-Biodegradable-Rotatable-USB\u200b-768x768.jpg 768w, https:\/\/www.usborkeychain.com\/wp-content\/uploads\/\u200bCertified-Biodegradable-Rotatable-USB\u200b-12x12.jpg 12w, https:\/\/www.usborkeychain.com\/wp-content\/uploads\/\u200bCertified-Biodegradable-Rotatable-USB\u200b-600x600.jpg 600w, https:\/\/www.usborkeychain.com\/wp-content\/uploads\/\u200bCertified-Biodegradable-Rotatable-USB\u200b-100x100.jpg 100w\" sizes=\"(max-width: 800px) 100vw, 800px\" \/><\/figure>\n<\/div>\n\n\n\n<div class=\"wp-block-column is-layout-flow wp-block-column-is-layout-flow\">\n<figure class=\"wp-block-image size-full\"><img alt=\"\" decoding=\"async\" width=\"800\" height=\"800\" src=\"https:\/\/www.usborkeychain.com\/wp-content\/uploads\/\u200bRotating-Eco-Flash-Drive-Biodegradable-Design\u200b-.jpg\" class=\"wp-image-2571\" srcset=\"https:\/\/www.usborkeychain.com\/wp-content\/uploads\/\u200bRotating-Eco-Flash-Drive-Biodegradable-Design\u200b-.jpg 800w, https:\/\/www.usborkeychain.com\/wp-content\/uploads\/\u200bRotating-Eco-Flash-Drive-Biodegradable-Design\u200b--300x300.jpg 300w, https:\/\/www.usborkeychain.com\/wp-content\/uploads\/\u200bRotating-Eco-Flash-Drive-Biodegradable-Design\u200b--150x150.jpg 150w, https:\/\/www.usborkeychain.com\/wp-content\/uploads\/\u200bRotating-Eco-Flash-Drive-Biodegradable-Design\u200b--768x768.jpg 768w, https:\/\/www.usborkeychain.com\/wp-content\/uploads\/\u200bRotating-Eco-Flash-Drive-Biodegradable-Design\u200b--12x12.jpg 12w, https:\/\/www.usborkeychain.com\/wp-content\/uploads\/\u200bRotating-Eco-Flash-Drive-Biodegradable-Design\u200b--600x600.jpg 600w, https:\/\/www.usborkeychain.com\/wp-content\/uploads\/\u200bRotating-Eco-Flash-Drive-Biodegradable-Design\u200b--100x100.jpg 100w\" sizes=\"(max-width: 800px) 100vw, 800px\" \/><\/figure>\n<\/div>\n\n\n\n<div class=\"wp-block-column is-layout-flow wp-block-column-is-layout-flow\">\n<figure class=\"wp-block-image size-full\"><img alt=\"\" loading=\"lazy\" decoding=\"async\" width=\"800\" height=\"800\" src=\"https:\/\/www.usborkeychain.com\/wp-content\/uploads\/\u200bGreenSpinBiodegradable-USB-Drive\u200b-.jpg\" class=\"wp-image-2569\" srcset=\"https:\/\/www.usborkeychain.com\/wp-content\/uploads\/\u200bGreenSpinBiodegradable-USB-Drive\u200b-.jpg 800w, https:\/\/www.usborkeychain.com\/wp-content\/uploads\/\u200bGreenSpinBiodegradable-USB-Drive\u200b--300x300.jpg 300w, https:\/\/www.usborkeychain.com\/wp-content\/uploads\/\u200bGreenSpinBiodegradable-USB-Drive\u200b--150x150.jpg 150w, https:\/\/www.usborkeychain.com\/wp-content\/uploads\/\u200bGreenSpinBiodegradable-USB-Drive\u200b--768x768.jpg 768w, https:\/\/www.usborkeychain.com\/wp-content\/uploads\/\u200bGreenSpinBiodegradable-USB-Drive\u200b--12x12.jpg 12w, https:\/\/www.usborkeychain.com\/wp-content\/uploads\/\u200bGreenSpinBiodegradable-USB-Drive\u200b--600x600.jpg 600w, https:\/\/www.usborkeychain.com\/wp-content\/uploads\/\u200bGreenSpinBiodegradable-USB-Drive\u200b--100x100.jpg 100w\" sizes=\"(max-width: 800px) 100vw, 800px\" \/><\/figure>\n<\/div>\n<\/div>\n\n\n\n<h3 class=\"wp-block-heading\">Quais s\u00e3o os par\u00e2metros da unidade flash USB rotativa degrad\u00e1vel?<\/h3>\n\n\n\n<figure class=\"wp-block-table\"><table class=\"has-fixed-layout\"><thead><tr><th>Tipo de par\u00e2metro<\/th><th>Par\u00e2metros espec\u00edficos<\/th><\/tr><\/thead><tbody><tr><td>Tipo de interface<\/td><td>USB2.0 (compat\u00edvel com USB1.1), USB3.0 (compat\u00edvel com USB2.0)<\/td><\/tr><tr><td>Capacidade de armazenamento<\/td><td>1GB\/2GB\/4GB\/8GB\/16GB\/32GB\/64GB\/128GB\/256GB\/512GB\/1TB<\/td><\/tr><tr><td>Velocidade de leitura\/grava\u00e7\u00e3o<\/td><td>USB2.0: Leitura de 15 MB\/s, grava\u00e7\u00e3o de 8 MB\/s; USB3.0: Leitura de 60 MB\/s, grava\u00e7\u00e3o de 30 MB\/s<\/td><\/tr><tr><td>Temperatura operacional<\/td><td>-10\u2103-55\u2103<\/td><\/tr><tr><td>Temperatura de armazenamento<\/td><td>-20\u2103-85\u2103<\/td><\/tr><tr><td>Dimens\u00f5es do produto<\/td><td>5,8 cm (C) \u00d7 1,8 cm (L) \u00d7 0,9 cm (A)<\/td><\/tr><tr><td>Peso do produto<\/td><td>Aproximadamente 8,5 g (incluindo o clipe)<\/td><\/tr><tr><td>Vida \u00fatil da rota\u00e7\u00e3o<\/td><td>\u226510.000 testes de rota\u00e7\u00e3o sem falhas<\/td><\/tr><tr><td>Personaliza\u00e7\u00e3o do logotipo<\/td><td>Tela de seda, impress\u00e3o colorida<\/td><\/tr><\/tbody><\/table><\/figure>\n\n\n\n<h3 class=\"wp-block-heading\">A unidade flash USB rotativa degrad\u00e1vel pode ser personalizada com um logotipo?<\/h3>\n\n\n\n<p>Sim, ele suporta dois processos principais: impress\u00e3o em serigrafia (precis\u00e3o de 120 linhas) e impress\u00e3o colorida (CMYK em quatro cores). A quantidade m\u00ednima do pedido \u00e9 de 50 pe\u00e7as para serigrafia e 100 pe\u00e7as para impress\u00e3o colorida. Os fabricantes fornecem caixas de embalagem de palha de trigo correspondentes (dimens\u00f5es: 11cm\u00d77cm\u00d72cm, peso: 15g). Tanto o drive USB quanto a caixa podem ser personalizados na mesma cor. Os logotipos podem ser personalizados na parte da frente do pen drive, na lateral do clipe e na tampa da caixa de embalagem, o que o torna perfeito para brindes corporativos e vendas no atacado.<\/p>\n\n\n\n<div class=\"wp-block-columns is-layout-flex wp-container-core-columns-is-layout-28f84493 wp-block-columns-is-layout-flex\">\n<div class=\"wp-block-column is-layout-flow wp-block-column-is-layout-flow\">\n<figure class=\"wp-block-image size-full\"><img alt=\"\" loading=\"lazy\" decoding=\"async\" width=\"800\" height=\"600\" src=\"https:\/\/www.usborkeychain.com\/wp-content\/uploads\/\u200bSustainable-Rotating-Flash-Drive-Biodegradable\u200b.jpg\" class=\"wp-image-2572\" srcset=\"https:\/\/www.usborkeychain.com\/wp-content\/uploads\/\u200bSustainable-Rotating-Flash-Drive-Biodegradable\u200b.jpg 800w, https:\/\/www.usborkeychain.com\/wp-content\/uploads\/\u200bSustainable-Rotating-Flash-Drive-Biodegradable\u200b-300x225.jpg 300w, https:\/\/www.usborkeychain.com\/wp-content\/uploads\/\u200bSustainable-Rotating-Flash-Drive-Biodegradable\u200b-768x576.jpg 768w, https:\/\/www.usborkeychain.com\/wp-content\/uploads\/\u200bSustainable-Rotating-Flash-Drive-Biodegradable\u200b-16x12.jpg 16w, https:\/\/www.usborkeychain.com\/wp-content\/uploads\/\u200bSustainable-Rotating-Flash-Drive-Biodegradable\u200b-600x450.jpg 600w\" sizes=\"(max-width: 800px) 100vw, 800px\" \/><\/figure>\n<\/div>\n\n\n\n<div class=\"wp-block-column is-layout-flow wp-block-column-is-layout-flow\">\n<figure class=\"wp-block-image size-full\"><img alt=\"\" loading=\"lazy\" decoding=\"async\" width=\"800\" height=\"600\" src=\"https:\/\/www.usborkeychain.com\/wp-content\/uploads\/\u200bBiodegradable-Rotating-USB.jpg\" class=\"wp-image-2563\" srcset=\"https:\/\/www.usborkeychain.com\/wp-content\/uploads\/\u200bBiodegradable-Rotating-USB.jpg 800w, https:\/\/www.usborkeychain.com\/wp-content\/uploads\/\u200bBiodegradable-Rotating-USB-300x225.jpg 300w, https:\/\/www.usborkeychain.com\/wp-content\/uploads\/\u200bBiodegradable-Rotating-USB-768x576.jpg 768w, https:\/\/www.usborkeychain.com\/wp-content\/uploads\/\u200bBiodegradable-Rotating-USB-16x12.jpg 16w, https:\/\/www.usborkeychain.com\/wp-content\/uploads\/\u200bBiodegradable-Rotating-USB-600x450.jpg 600w\" sizes=\"(max-width: 800px) 100vw, 800px\" \/><\/figure>\n<\/div>\n\n\n\n<div class=\"wp-block-column is-layout-flow wp-block-column-is-layout-flow\">\n<figure class=\"wp-block-image size-full\"><img alt=\"\" loading=\"lazy\" decoding=\"async\" width=\"800\" height=\"600\" src=\"https:\/\/www.usborkeychain.com\/wp-content\/uploads\/\u200bEarth-Conscious-360\u00b0-Rotatable-USB\u200b-.jpg\" class=\"wp-image-2566\" srcset=\"https:\/\/www.usborkeychain.com\/wp-content\/uploads\/\u200bEarth-Conscious-360\u00b0-Rotatable-USB\u200b-.jpg 800w, https:\/\/www.usborkeychain.com\/wp-content\/uploads\/\u200bEarth-Conscious-360\u00b0-Rotatable-USB\u200b--300x225.jpg 300w, https:\/\/www.usborkeychain.com\/wp-content\/uploads\/\u200bEarth-Conscious-360\u00b0-Rotatable-USB\u200b--768x576.jpg 768w, https:\/\/www.usborkeychain.com\/wp-content\/uploads\/\u200bEarth-Conscious-360\u00b0-Rotatable-USB\u200b--16x12.jpg 16w, https:\/\/www.usborkeychain.com\/wp-content\/uploads\/\u200bEarth-Conscious-360\u00b0-Rotatable-USB\u200b--600x450.jpg 600w\" sizes=\"(max-width: 800px) 100vw, 800px\" \/><\/figure>\n<\/div>\n<\/div>\n\n\n\n<p>Fabricado por fornecedores poderosos, o pen drive USB rotativo degrad\u00e1vel integra v\u00e1rias capacidades, materiais degrad\u00e1veis e resist\u00eancia a quedas. Com suporte para personaliza\u00e7\u00e3o de serigrafia\/impress\u00e3o em cores e embalagem ecol\u00f3gica correspondente, ele \u00e9 a melhor op\u00e7\u00e3o para presentes digitais ecol\u00f3gicos no atacado no mercado atual.<\/p>\n\n\n\n<p><\/p>","protected":false},"excerpt":{"rendered":"<ul>\n<li>Fibras naturais de palha de trigo<\/li>\n<li>Design com rota\u00e7\u00e3o de 360<\/li>\n<li>Pode personalizar o logotipo<\/li>\n<li>Rosa, branco, preto, amarelo, azul<\/li>\n<li>MOQ:100pcs<\/li>\n<\/ul>","protected":false},"featured_media":2573,"comment_status":"open","ping_status":"closed","template":"","meta":{"_seopress_robots_primary_cat":"","_seopress_titles_title":"","_seopress_titles_desc":"","_seopress_robots_index":"","site-sidebar-layout":"default","site-content-layout":"","ast-site-content-layout":"","site-content-style":"default","site-sidebar-style":"default","ast-global-header-display":"","ast-banner-title-visibility":"","ast-main-header-display":"","ast-hfb-above-header-display":"","ast-hfb-below-header-display":"","ast-hfb-mobile-header-display":"","site-post-title":"","ast-breadcrumbs-content":"","ast-featured-img":"","footer-sml-layout":"","theme-transparent-header-meta":"","adv-header-id-meta":"","stick-header-meta":"","header-above-stick-meta":"","header-main-stick-meta":"","header-below-stick-meta":"","astra-migrate-meta-layouts":"default","ast-page-background-enabled":"default","ast-page-background-meta":{"desktop":{"background-color":"var(--ast-global-color-5)","background-image":"","background-repeat":"repeat","background-position":"center center","background-size":"auto","background-attachment":"scroll","background-type":"","background-media":"","overlay-type":"","overlay-color":"","overlay-opacity":"","overlay-gradient":""},"tablet":{"background-color":"","background-image":"","background-repeat":"repeat","background-position":"center center","background-size":"auto","background-attachment":"scroll","background-type":"","background-media":"","overlay-type":"","overlay-color":"","overlay-opacity":"","overlay-gradient":""},"mobile":{"background-color":"","background-image":"","background-repeat":"repeat","background-position":"center center","background-size":"auto","background-attachment":"scroll","background-type":"","background-media":"","overlay-type":"","overlay-color":"","overlay-opacity":"","overlay-gradient":""}},"ast-content-background-meta":{"desktop":{"background-color":"var(--ast-global-color-4)","background-image":"","background-repeat":"repeat","background-position":"center center","background-size":"auto","background-attachment":"scroll","background-type":"","background-media":"","overlay-type":"","overlay-color":"","overlay-opacity":"","overlay-gradient":""},"tablet":{"background-color":"var(--ast-global-color-4)","background-image":"","background-repeat":"repeat","background-position":"center center","background-size":"auto","background-attachment":"scroll","background-type":"","background-media":"","overlay-type":"","overlay-color":"","overlay-opacity":"","overlay-gradient":""},"mobile":{"background-color":"var(--ast-global-color-4)","background-image":"","background-repeat":"repeat","background-position":"center center","background-size":"auto","background-attachment":"scroll","background-type":"","background-media":"","overlay-type":"","overlay-color":"","overlay-opacity":"","overlay-gradient":""}}},"product_brand":[],"product_cat":[170,106],"product_tag":[404],"class_list":{"0":"post-2560","1":"product","2":"type-product","3":"status-publish","4":"has-post-thumbnail","6":"product_cat-biodegradable-usb-pendrive-2","7":"product_cat-rotating-usb-pendrive","8":"product_tag-wooden-rotating-usb-drive","9":"desktop-align-left","10":"tablet-align-left","11":"mobile-align-left","13":"first","14":"instock","15":"shipping-taxable","16":"product-type-simple"},"_links":{"self":[{"href":"https:\/\/www.usborkeychain.com\/pt\/wp-json\/wp\/v2\/product\/2560","targetHints":{"allow":["GET"]}}],"collection":[{"href":"https:\/\/www.usborkeychain.com\/pt\/wp-json\/wp\/v2\/product"}],"about":[{"href":"https:\/\/www.usborkeychain.com\/pt\/wp-json\/wp\/v2\/types\/product"}],"replies":[{"embeddable":true,"href":"https:\/\/www.usborkeychain.com\/pt\/wp-json\/wp\/v2\/comments?post=2560"}],"wp:featuredmedia":[{"embeddable":true,"href":"https:\/\/www.usborkeychain.com\/pt\/wp-json\/wp\/v2\/media\/2573"}],"wp:attachment":[{"href":"https:\/\/www.usborkeychain.com\/pt\/wp-json\/wp\/v2\/media?parent=2560"}],"wp:term":[{"taxonomy":"product_brand","embeddable":true,"href":"https:\/\/www.usborkeychain.com\/pt\/wp-json\/wp\/v2\/product_brand?post=2560"},{"taxonomy":"product_cat","embeddable":true,"href":"https:\/\/www.usborkeychain.com\/pt\/wp-json\/wp\/v2\/product_cat?post=2560"},{"taxonomy":"product_tag","embeddable":true,"href":"https:\/\/www.usborkeychain.com\/pt\/wp-json\/wp\/v2\/product_tag?post=2560"}],"curies":[{"name":"wp","href":"https:\/\/api.w.org\/{rel}","templated":true}]}}