{"id":2577,"date":"2025-06-22T03:32:32","date_gmt":"2025-06-22T03:32:32","guid":{"rendered":"https:\/\/www.usborkeychain.com\/?post_type=product&#038;p=2577"},"modified":"2025-07-22T14:20:53","modified_gmt":"2025-07-22T14:20:53","slug":"custom-metal-flip-usb-flash-drive","status":"publish","type":"product","link":"https:\/\/www.usborkeychain.com\/pt\/produto\/custom-metal-flip-usb-flash-drive\/","title":{"rendered":"Unidade flash USB flip de metal personalizada"},"content":{"rendered":"<p>A s\u00e9rie de unidades USB metal flip \u00e9 uma linha de unidades USB de armazenamento que combina est\u00e9tica e praticidade. H\u00e1 tr\u00eas especifica\u00e7\u00f5es diferentes no total. Elas compartilham um estilo unificado, mas diferem em apar\u00eancia e tamanho, atendendo a usu\u00e1rios com necessidades diferentes. \u00c9 altamente adequado tanto para uso pessoal quanto para atacado ou personaliza\u00e7\u00e3o por fabricantes e f\u00e1bricas.<\/p>\n\n\n\n<h2 class=\"wp-block-heading\">Unidade USB cl\u00e1ssica com flip de metal<\/h2>\n\n\n\n<p>Voc\u00ea est\u00e1 procurando uma unidade USB que equilibre design cl\u00e1ssico e praticidade? Esse pen drive cl\u00e1ssico com design flip, feito de material totalmente met\u00e1lico, apresenta uma interface USB que pode girar 360 graus para uma opera\u00e7\u00e3o extremamente conveniente. Com linhas de apar\u00eancia suave e sedosa, seu design geral \u00e9 simples e elegante, servindo como um excelente auxiliar para o armazenamento di\u00e1rio de dados.<\/p>\n\n\n\n<div class=\"wp-block-columns is-layout-flex wp-container-core-columns-is-layout-28f84493 wp-block-columns-is-layout-flex\">\n<div class=\"wp-block-column is-layout-flow wp-block-column-is-layout-flow\">\n<figure class=\"wp-block-image size-full\"><img alt=\"\" fetchpriority=\"high\" decoding=\"async\" width=\"800\" height=\"800\" src=\"https:\/\/www.usborkeychain.com\/wp-content\/uploads\/china-metal-flip-usb-flash-drive-manufacturer.jpg\" class=\"wp-image-2581\" srcset=\"https:\/\/www.usborkeychain.com\/wp-content\/uploads\/china-metal-flip-usb-flash-drive-manufacturer.jpg 800w, https:\/\/www.usborkeychain.com\/wp-content\/uploads\/china-metal-flip-usb-flash-drive-manufacturer-300x300.jpg 300w, https:\/\/www.usborkeychain.com\/wp-content\/uploads\/china-metal-flip-usb-flash-drive-manufacturer-150x150.jpg 150w, https:\/\/www.usborkeychain.com\/wp-content\/uploads\/china-metal-flip-usb-flash-drive-manufacturer-768x768.jpg 768w, https:\/\/www.usborkeychain.com\/wp-content\/uploads\/china-metal-flip-usb-flash-drive-manufacturer-12x12.jpg 12w, https:\/\/www.usborkeychain.com\/wp-content\/uploads\/china-metal-flip-usb-flash-drive-manufacturer-600x600.jpg 600w, https:\/\/www.usborkeychain.com\/wp-content\/uploads\/china-metal-flip-usb-flash-drive-manufacturer-100x100.jpg 100w\" sizes=\"(max-width: 800px) 100vw, 800px\" \/><\/figure>\n<\/div>\n\n\n\n<div class=\"wp-block-column is-layout-flow wp-block-column-is-layout-flow\">\n<figure class=\"wp-block-image size-full\"><img alt=\"\" decoding=\"async\" width=\"800\" height=\"800\" src=\"https:\/\/www.usborkeychain.com\/wp-content\/uploads\/china-metal-flip-usb-flash-drive-factory.jpg\" class=\"wp-image-2580\" srcset=\"https:\/\/www.usborkeychain.com\/wp-content\/uploads\/china-metal-flip-usb-flash-drive-factory.jpg 800w, https:\/\/www.usborkeychain.com\/wp-content\/uploads\/china-metal-flip-usb-flash-drive-factory-300x300.jpg 300w, https:\/\/www.usborkeychain.com\/wp-content\/uploads\/china-metal-flip-usb-flash-drive-factory-150x150.jpg 150w, https:\/\/www.usborkeychain.com\/wp-content\/uploads\/china-metal-flip-usb-flash-drive-factory-768x768.jpg 768w, https:\/\/www.usborkeychain.com\/wp-content\/uploads\/china-metal-flip-usb-flash-drive-factory-12x12.jpg 12w, https:\/\/www.usborkeychain.com\/wp-content\/uploads\/china-metal-flip-usb-flash-drive-factory-600x600.jpg 600w, https:\/\/www.usborkeychain.com\/wp-content\/uploads\/china-metal-flip-usb-flash-drive-factory-100x100.jpg 100w\" sizes=\"(max-width: 800px) 100vw, 800px\" \/><\/figure>\n<\/div>\n\n\n\n<div class=\"wp-block-column is-layout-flow wp-block-column-is-layout-flow\">\n<figure class=\"wp-block-image size-full\"><img alt=\"\" decoding=\"async\" width=\"800\" height=\"800\" src=\"https:\/\/www.usborkeychain.com\/wp-content\/uploads\/metal-flip-usb-flash-drive-supplier.jpg\" class=\"wp-image-2584\" srcset=\"https:\/\/www.usborkeychain.com\/wp-content\/uploads\/metal-flip-usb-flash-drive-supplier.jpg 800w, https:\/\/www.usborkeychain.com\/wp-content\/uploads\/metal-flip-usb-flash-drive-supplier-300x300.jpg 300w, https:\/\/www.usborkeychain.com\/wp-content\/uploads\/metal-flip-usb-flash-drive-supplier-150x150.jpg 150w, https:\/\/www.usborkeychain.com\/wp-content\/uploads\/metal-flip-usb-flash-drive-supplier-768x768.jpg 768w, https:\/\/www.usborkeychain.com\/wp-content\/uploads\/metal-flip-usb-flash-drive-supplier-12x12.jpg 12w, https:\/\/www.usborkeychain.com\/wp-content\/uploads\/metal-flip-usb-flash-drive-supplier-600x600.jpg 600w, https:\/\/www.usborkeychain.com\/wp-content\/uploads\/metal-flip-usb-flash-drive-supplier-100x100.jpg 100w\" sizes=\"(max-width: 800px) 100vw, 800px\" \/><\/figure>\n<\/div>\n<\/div>\n\n\n\n<h2 class=\"wp-block-heading\">Unidade USB flip met\u00e1lica grande<\/h2>\n\n\n\n<p>Ele pode atender \u00e0s suas expectativas em rela\u00e7\u00e3o a uma unidade USB de alta qualidade? Como uma vers\u00e3o atualizada do modelo cl\u00e1ssico, seu tamanho total \u00e9 quase metade maior do que o cl\u00e1ssico. Ele oferece duas op\u00e7\u00f5es de interface, USB2.0 e USB3.0, para atender a diferentes necessidades de transmiss\u00e3o de dados. O estilo de design atmosf\u00e9rico faz com que ele pare\u00e7a sofisticado e texturizado, o que o torna muito adequado para uso pessoal e como presente.<\/p>\n\n\n\n<div class=\"wp-block-columns is-layout-flex wp-container-core-columns-is-layout-28f84493 wp-block-columns-is-layout-flex\">\n<div class=\"wp-block-column is-layout-flow wp-block-column-is-layout-flow\">\n<figure class=\"wp-block-image size-full\"><img alt=\"\" loading=\"lazy\" decoding=\"async\" width=\"800\" height=\"800\" src=\"https:\/\/www.usborkeychain.com\/wp-content\/uploads\/custom-metal-flip-usb-flash-drive.jpg\" class=\"wp-image-2586\" srcset=\"https:\/\/www.usborkeychain.com\/wp-content\/uploads\/custom-metal-flip-usb-flash-drive.jpg 800w, https:\/\/www.usborkeychain.com\/wp-content\/uploads\/custom-metal-flip-usb-flash-drive-300x300.jpg 300w, https:\/\/www.usborkeychain.com\/wp-content\/uploads\/custom-metal-flip-usb-flash-drive-150x150.jpg 150w, https:\/\/www.usborkeychain.com\/wp-content\/uploads\/custom-metal-flip-usb-flash-drive-768x768.jpg 768w, https:\/\/www.usborkeychain.com\/wp-content\/uploads\/custom-metal-flip-usb-flash-drive-12x12.jpg 12w, https:\/\/www.usborkeychain.com\/wp-content\/uploads\/custom-metal-flip-usb-flash-drive-600x600.jpg 600w, https:\/\/www.usborkeychain.com\/wp-content\/uploads\/custom-metal-flip-usb-flash-drive-100x100.jpg 100w\" sizes=\"(max-width: 800px) 100vw, 800px\" \/><\/figure>\n<\/div>\n\n\n\n<div class=\"wp-block-column is-layout-flow wp-block-column-is-layout-flow\">\n<figure class=\"wp-block-image size-full\"><img alt=\"\" loading=\"lazy\" decoding=\"async\" width=\"800\" height=\"800\" src=\"https:\/\/www.usborkeychain.com\/wp-content\/uploads\/custom-metal-flip-usb-flash-disk-1.jpg\" class=\"wp-image-2589\" srcset=\"https:\/\/www.usborkeychain.com\/wp-content\/uploads\/custom-metal-flip-usb-flash-disk-1.jpg 800w, https:\/\/www.usborkeychain.com\/wp-content\/uploads\/custom-metal-flip-usb-flash-disk-1-300x300.jpg 300w, https:\/\/www.usborkeychain.com\/wp-content\/uploads\/custom-metal-flip-usb-flash-disk-1-150x150.jpg 150w, https:\/\/www.usborkeychain.com\/wp-content\/uploads\/custom-metal-flip-usb-flash-disk-1-768x768.jpg 768w, https:\/\/www.usborkeychain.com\/wp-content\/uploads\/custom-metal-flip-usb-flash-disk-1-12x12.jpg 12w, https:\/\/www.usborkeychain.com\/wp-content\/uploads\/custom-metal-flip-usb-flash-disk-1-600x600.jpg 600w, https:\/\/www.usborkeychain.com\/wp-content\/uploads\/custom-metal-flip-usb-flash-disk-1-100x100.jpg 100w\" sizes=\"(max-width: 800px) 100vw, 800px\" \/><\/figure>\n<\/div>\n\n\n\n<div class=\"wp-block-column is-layout-flow wp-block-column-is-layout-flow\">\n<figure class=\"wp-block-image size-full\"><img alt=\"\" loading=\"lazy\" decoding=\"async\" width=\"800\" height=\"800\" src=\"https:\/\/www.usborkeychain.com\/wp-content\/uploads\/custom-metal-flip-usb-flash.jpg\" class=\"wp-image-2588\" srcset=\"https:\/\/www.usborkeychain.com\/wp-content\/uploads\/custom-metal-flip-usb-flash.jpg 800w, https:\/\/www.usborkeychain.com\/wp-content\/uploads\/custom-metal-flip-usb-flash-300x300.jpg 300w, https:\/\/www.usborkeychain.com\/wp-content\/uploads\/custom-metal-flip-usb-flash-150x150.jpg 150w, https:\/\/www.usborkeychain.com\/wp-content\/uploads\/custom-metal-flip-usb-flash-768x768.jpg 768w, https:\/\/www.usborkeychain.com\/wp-content\/uploads\/custom-metal-flip-usb-flash-12x12.jpg 12w, https:\/\/www.usborkeychain.com\/wp-content\/uploads\/custom-metal-flip-usb-flash-600x600.jpg 600w, https:\/\/www.usborkeychain.com\/wp-content\/uploads\/custom-metal-flip-usb-flash-100x100.jpg 100w\" sizes=\"(max-width: 800px) 100vw, 800px\" \/><\/figure>\n<\/div>\n<\/div>\n\n\n\n<h2 class=\"wp-block-heading\">Mini unidade USB flip de metal<\/h2>\n\n\n\n<p>Voc\u00ea est\u00e1 procurando um dispositivo de armazenamento compacto e port\u00e1til? Essa mini unidade USB ultrafina ser\u00e1 sua primeira op\u00e7\u00e3o. Com uma espessura total de apenas 3 mm, ele tem a metade do tamanho de uma unidade USB flip grande, o que o torna extremamente f\u00e1cil de transportar. Apesar de seu tamanho pequeno, suas fun\u00e7\u00f5es n\u00e3o s\u00e3o comprometidas.<\/p>\n\n\n\n<div class=\"wp-block-columns is-layout-flex wp-container-core-columns-is-layout-28f84493 wp-block-columns-is-layout-flex\">\n<div class=\"wp-block-column is-layout-flow wp-block-column-is-layout-flow\">\n<figure class=\"wp-block-image size-full\"><img alt=\"\" loading=\"lazy\" decoding=\"async\" width=\"800\" height=\"800\" src=\"https:\/\/www.usborkeychain.com\/wp-content\/uploads\/metal-flip-usb-flash-drive-customized.jpg\" class=\"wp-image-2593\" srcset=\"https:\/\/www.usborkeychain.com\/wp-content\/uploads\/metal-flip-usb-flash-drive-customized.jpg 800w, https:\/\/www.usborkeychain.com\/wp-content\/uploads\/metal-flip-usb-flash-drive-customized-300x300.jpg 300w, https:\/\/www.usborkeychain.com\/wp-content\/uploads\/metal-flip-usb-flash-drive-customized-150x150.jpg 150w, https:\/\/www.usborkeychain.com\/wp-content\/uploads\/metal-flip-usb-flash-drive-customized-768x768.jpg 768w, https:\/\/www.usborkeychain.com\/wp-content\/uploads\/metal-flip-usb-flash-drive-customized-12x12.jpg 12w, https:\/\/www.usborkeychain.com\/wp-content\/uploads\/metal-flip-usb-flash-drive-customized-600x600.jpg 600w, https:\/\/www.usborkeychain.com\/wp-content\/uploads\/metal-flip-usb-flash-drive-customized-100x100.jpg 100w\" sizes=\"(max-width: 800px) 100vw, 800px\" \/><\/figure>\n<\/div>\n\n\n\n<div class=\"wp-block-column is-layout-flow wp-block-column-is-layout-flow\">\n<figure class=\"wp-block-image size-full\"><img alt=\"\" loading=\"lazy\" decoding=\"async\" width=\"800\" height=\"800\" src=\"https:\/\/www.usborkeychain.com\/wp-content\/uploads\/wholesale-metal-flip-usb-flash-drive.jpg\" class=\"wp-image-2596\" srcset=\"https:\/\/www.usborkeychain.com\/wp-content\/uploads\/wholesale-metal-flip-usb-flash-drive.jpg 800w, https:\/\/www.usborkeychain.com\/wp-content\/uploads\/wholesale-metal-flip-usb-flash-drive-300x300.jpg 300w, https:\/\/www.usborkeychain.com\/wp-content\/uploads\/wholesale-metal-flip-usb-flash-drive-150x150.jpg 150w, https:\/\/www.usborkeychain.com\/wp-content\/uploads\/wholesale-metal-flip-usb-flash-drive-768x768.jpg 768w, https:\/\/www.usborkeychain.com\/wp-content\/uploads\/wholesale-metal-flip-usb-flash-drive-12x12.jpg 12w, https:\/\/www.usborkeychain.com\/wp-content\/uploads\/wholesale-metal-flip-usb-flash-drive-600x600.jpg 600w, https:\/\/www.usborkeychain.com\/wp-content\/uploads\/wholesale-metal-flip-usb-flash-drive-100x100.jpg 100w\" sizes=\"(max-width: 800px) 100vw, 800px\" \/><\/figure>\n<\/div>\n\n\n\n<div class=\"wp-block-column is-layout-flow wp-block-column-is-layout-flow\">\n<figure class=\"wp-block-image size-full\"><img alt=\"\" loading=\"lazy\" decoding=\"async\" width=\"800\" height=\"800\" src=\"https:\/\/www.usborkeychain.com\/wp-content\/uploads\/odm-metal-flip-usb-flash-drive-china-customized.jpg\" class=\"wp-image-2594\" srcset=\"https:\/\/www.usborkeychain.com\/wp-content\/uploads\/odm-metal-flip-usb-flash-drive-china-customized.jpg 800w, https:\/\/www.usborkeychain.com\/wp-content\/uploads\/odm-metal-flip-usb-flash-drive-china-customized-300x300.jpg 300w, https:\/\/www.usborkeychain.com\/wp-content\/uploads\/odm-metal-flip-usb-flash-drive-china-customized-150x150.jpg 150w, https:\/\/www.usborkeychain.com\/wp-content\/uploads\/odm-metal-flip-usb-flash-drive-china-customized-768x768.jpg 768w, https:\/\/www.usborkeychain.com\/wp-content\/uploads\/odm-metal-flip-usb-flash-drive-china-customized-12x12.jpg 12w, https:\/\/www.usborkeychain.com\/wp-content\/uploads\/odm-metal-flip-usb-flash-drive-china-customized-600x600.jpg 600w, https:\/\/www.usborkeychain.com\/wp-content\/uploads\/odm-metal-flip-usb-flash-drive-china-customized-100x100.jpg 100w\" sizes=\"(max-width: 800px) 100vw, 800px\" \/><\/figure>\n<\/div>\n<\/div>\n\n\n\n<p>As tr\u00eas unidades USB apresentam um design altamente arredondado com bordas curvas, proporcionando uma excelente sensa\u00e7\u00e3o ao toque. Eles podem ser personalizados com logotipos gravados a laser ou logotipos coloridos impressos em seda. Seja em termos de design ou fun\u00e7\u00e3o, a s\u00e9rie de unidades USB com flip de metal tem um desempenho excepcional e \u00e9 uma solu\u00e7\u00e3o de armazenamento que vale a pena considerar. Seja para personaliza\u00e7\u00e3o pelos fabricantes ou para venda a granel no atacado, essas unidades USB podem atender \u00e0s suas necessidades.<\/p>","protected":false},"excerpt":{"rendered":"<ul>\n<li>Design flip<\/li>\n<li>Carca\u00e7a de material totalmente met\u00e1lico<\/li>\n<li>Tr\u00eas estilos: cl\u00e1ssico, mini e grande<\/li>\n<li>\u00c9 poss\u00edvel escolher entre USB2.0 e USB3.0<\/li>\n<li>Girar 360 graus<\/li>\n<\/ul>","protected":false},"featured_media":2589,"comment_status":"open","ping_status":"closed","template":"","meta":{"_seopress_robots_primary_cat":"none","_seopress_titles_title":"","_seopress_titles_desc":"","_seopress_robots_index":"","site-sidebar-layout":"default","site-content-layout":"","ast-site-content-layout":"","site-content-style":"default","site-sidebar-style":"default","ast-global-header-display":"","ast-banner-title-visibility":"","ast-main-header-display":"","ast-hfb-above-header-display":"","ast-hfb-below-header-display":"","ast-hfb-mobile-header-display":"","site-post-title":"","ast-breadcrumbs-content":"","ast-featured-img":"","footer-sml-layout":"","theme-transparent-header-meta":"","adv-header-id-meta":"","stick-header-meta":"","header-above-stick-meta":"","header-main-stick-meta":"","header-below-stick-meta":"","astra-migrate-meta-layouts":"default","ast-page-background-enabled":"default","ast-page-background-meta":{"desktop":{"background-color":"var(--ast-global-color-5)","background-image":"","background-repeat":"repeat","background-position":"center center","background-size":"auto","background-attachment":"scroll","background-type":"","background-media":"","overlay-type":"","overlay-color":"","overlay-opacity":"","overlay-gradient":""},"tablet":{"background-color":"","background-image":"","background-repeat":"repeat","background-position":"center center","background-size":"auto","background-attachment":"scroll","background-type":"","background-media":"","overlay-type":"","overlay-color":"","overlay-opacity":"","overlay-gradient":""},"mobile":{"background-color":"","background-image":"","background-repeat":"repeat","background-position":"center center","background-size":"auto","background-attachment":"scroll","background-type":"","background-media":"","overlay-type":"","overlay-color":"","overlay-opacity":"","overlay-gradient":""}},"ast-content-background-meta":{"desktop":{"background-color":"var(--ast-global-color-4)","background-image":"","background-repeat":"repeat","background-position":"center center","background-size":"auto","background-attachment":"scroll","background-type":"","background-media":"","overlay-type":"","overlay-color":"","overlay-opacity":"","overlay-gradient":""},"tablet":{"background-color":"var(--ast-global-color-4)","background-image":"","background-repeat":"repeat","background-position":"center center","background-size":"auto","background-attachment":"scroll","background-type":"","background-media":"","overlay-type":"","overlay-color":"","overlay-opacity":"","overlay-gradient":""},"mobile":{"background-color":"var(--ast-global-color-4)","background-image":"","background-repeat":"repeat","background-position":"center center","background-size":"auto","background-attachment":"scroll","background-type":"","background-media":"","overlay-type":"","overlay-color":"","overlay-opacity":"","overlay-gradient":""}}},"product_brand":[],"product_cat":[89,101],"product_tag":[171],"class_list":{"0":"post-2577","1":"product","2":"type-product","3":"status-publish","4":"has-post-thumbnail","6":"product_cat-metal-usb-pendrive","7":"product_cat-usb-pendrive-with-keychain","8":"product_tag-flip-usb-flash-drive","9":"desktop-align-left","10":"tablet-align-left","11":"mobile-align-left","13":"first","14":"instock","15":"shipping-taxable","16":"product-type-simple"},"_links":{"self":[{"href":"https:\/\/www.usborkeychain.com\/pt\/wp-json\/wp\/v2\/product\/2577","targetHints":{"allow":["GET"]}}],"collection":[{"href":"https:\/\/www.usborkeychain.com\/pt\/wp-json\/wp\/v2\/product"}],"about":[{"href":"https:\/\/www.usborkeychain.com\/pt\/wp-json\/wp\/v2\/types\/product"}],"replies":[{"embeddable":true,"href":"https:\/\/www.usborkeychain.com\/pt\/wp-json\/wp\/v2\/comments?post=2577"}],"wp:featuredmedia":[{"embeddable":true,"href":"https:\/\/www.usborkeychain.com\/pt\/wp-json\/wp\/v2\/media\/2589"}],"wp:attachment":[{"href":"https:\/\/www.usborkeychain.com\/pt\/wp-json\/wp\/v2\/media?parent=2577"}],"wp:term":[{"taxonomy":"product_brand","embeddable":true,"href":"https:\/\/www.usborkeychain.com\/pt\/wp-json\/wp\/v2\/product_brand?post=2577"},{"taxonomy":"product_cat","embeddable":true,"href":"https:\/\/www.usborkeychain.com\/pt\/wp-json\/wp\/v2\/product_cat?post=2577"},{"taxonomy":"product_tag","embeddable":true,"href":"https:\/\/www.usborkeychain.com\/pt\/wp-json\/wp\/v2\/product_tag?post=2577"}],"curies":[{"name":"wp","href":"https:\/\/api.w.org\/{rel}","templated":true}]}}