{"id":2597,"date":"2025-06-22T04:37:16","date_gmt":"2025-06-22T04:37:16","guid":{"rendered":"https:\/\/www.usborkeychain.com\/?post_type=product&#038;p=2597"},"modified":"2025-06-23T06:12:33","modified_gmt":"2025-06-23T06:12:33","slug":"tractor-shaped-usb-flash-drives","status":"publish","type":"product","link":"https:\/\/www.usborkeychain.com\/pt\/produto\/tractor-shaped-usb-flash-drives\/","title":{"rendered":"Unidades flash USB com formato de trator"},"content":{"rendered":"<div class=\"wp-block-columns is-layout-flex wp-container-core-columns-is-layout-28f84493 wp-block-columns-is-layout-flex\">\n<div class=\"wp-block-column is-layout-flow wp-block-column-is-layout-flow\">\n<figure class=\"wp-block-image size-full\"><img alt=\"\" fetchpriority=\"high\" decoding=\"async\" width=\"800\" height=\"800\" src=\"https:\/\/www.usborkeychain.com\/wp-content\/uploads\/Green-drag-flash-drive-for-company-giveaway.jpg\" class=\"wp-image-2600\" srcset=\"https:\/\/www.usborkeychain.com\/wp-content\/uploads\/Green-drag-flash-drive-for-company-giveaway.jpg 800w, https:\/\/www.usborkeychain.com\/wp-content\/uploads\/Green-drag-flash-drive-for-company-giveaway-300x300.jpg 300w, https:\/\/www.usborkeychain.com\/wp-content\/uploads\/Green-drag-flash-drive-for-company-giveaway-150x150.jpg 150w, https:\/\/www.usborkeychain.com\/wp-content\/uploads\/Green-drag-flash-drive-for-company-giveaway-768x768.jpg 768w, https:\/\/www.usborkeychain.com\/wp-content\/uploads\/Green-drag-flash-drive-for-company-giveaway-12x12.jpg 12w, https:\/\/www.usborkeychain.com\/wp-content\/uploads\/Green-drag-flash-drive-for-company-giveaway-600x600.jpg 600w, https:\/\/www.usborkeychain.com\/wp-content\/uploads\/Green-drag-flash-drive-for-company-giveaway-100x100.jpg 100w\" sizes=\"(max-width: 800px) 100vw, 800px\" \/><\/figure>\n<\/div>\n\n\n\n<div class=\"wp-block-column is-vertically-aligned-center is-layout-flow wp-block-column-is-layout-flow\">\n<p>Quando se trata de escolher presentes comerciais, eles devem n\u00e3o apenas refletir as caracter\u00edsticas da empresa, mas tamb\u00e9m ser pr\u00e1ticos, de modo a deixar uma impress\u00e3o profunda. <\/p>\n\n\n\n<p>Uma f\u00e1brica de tratores escolheu uma unidade flash USB exclusiva em formato de trator ao procurar brindes personalizados. Esse produto criativo n\u00e3o \u00e9 apenas distinto na apar\u00eancia, mas tamb\u00e9m n\u00e3o \u00e9 inferior na fun\u00e7\u00e3o.<\/p>\n<\/div>\n<\/div>\n\n\n\n<p><br>Essa f\u00e1brica de tratores est\u00e1 comprometida com a produ\u00e7\u00e3o de m\u00e1quinas agr\u00edcolas h\u00e1 muito tempo, e seus produtos s\u00e3o amplamente utilizados no campo agr\u00edcola. Para encontrar um presente que pudesse representar a imagem corporativa, a f\u00e1brica finalmente decidiu personalizar unidades flash USB em formato de trator depois de muita considera\u00e7\u00e3o. Essa criatividade vem do pr\u00f3prio produto da f\u00e1brica: tratores. A cria\u00e7\u00e3o de unidades flash USB de uso di\u00e1rio com a apar\u00eancia de tratores n\u00e3o s\u00f3 se encaixa no neg\u00f3cio principal da empresa, mas tamb\u00e9m mostra o amor e o foco da empresa em maquin\u00e1rio agr\u00edcola.<\/p>\n\n\n\n<p><br>O design dessa unidade flash USB \u00e9 muito delicado. A apar\u00eancia geral imita completamente um trator real, com um corpo verde e cubos amarelos, com cores brilhantes e representativas. Cada detalhe \u00e9 tratado adequadamente, desde as janelas da cabine at\u00e9 as texturas das rodas, todas com apar\u00eancia v\u00edvida. Em termos de tamanho, ele \u00e9 pequeno e port\u00e1til. A interface da unidade flash USB est\u00e1 habilmente oculta na parte inferior do trator, o que n\u00e3o afeta a beleza geral nem garante a conveni\u00eancia do uso.<\/p>\n\n\n\n<div class=\"wp-block-columns is-layout-flex wp-container-core-columns-is-layout-28f84493 wp-block-columns-is-layout-flex\">\n<div class=\"wp-block-column is-layout-flow wp-block-column-is-layout-flow\">\n<figure class=\"wp-block-image size-full\"><img alt=\"\" decoding=\"async\" width=\"800\" height=\"800\" src=\"https:\/\/www.usborkeychain.com\/wp-content\/uploads\/Green-drag-shaped-flash-drive-for-company-giveaway.jpg\" class=\"wp-image-2601\" srcset=\"https:\/\/www.usborkeychain.com\/wp-content\/uploads\/Green-drag-shaped-flash-drive-for-company-giveaway.jpg 800w, https:\/\/www.usborkeychain.com\/wp-content\/uploads\/Green-drag-shaped-flash-drive-for-company-giveaway-300x300.jpg 300w, https:\/\/www.usborkeychain.com\/wp-content\/uploads\/Green-drag-shaped-flash-drive-for-company-giveaway-150x150.jpg 150w, https:\/\/www.usborkeychain.com\/wp-content\/uploads\/Green-drag-shaped-flash-drive-for-company-giveaway-768x768.jpg 768w, https:\/\/www.usborkeychain.com\/wp-content\/uploads\/Green-drag-shaped-flash-drive-for-company-giveaway-12x12.jpg 12w, https:\/\/www.usborkeychain.com\/wp-content\/uploads\/Green-drag-shaped-flash-drive-for-company-giveaway-600x600.jpg 600w, https:\/\/www.usborkeychain.com\/wp-content\/uploads\/Green-drag-shaped-flash-drive-for-company-giveaway-100x100.jpg 100w\" sizes=\"(max-width: 800px) 100vw, 800px\" \/><\/figure>\n<\/div>\n\n\n\n<div class=\"wp-block-column is-layout-flow wp-block-column-is-layout-flow\">\n<figure class=\"wp-block-image size-full\"><img alt=\"\" decoding=\"async\" width=\"800\" height=\"800\" src=\"https:\/\/www.usborkeychain.com\/wp-content\/uploads\/Memoria-USB-Green-Drag-para-regalo-de-empresa.jpg\" class=\"wp-image-2602\" srcset=\"https:\/\/www.usborkeychain.com\/wp-content\/uploads\/Memoria-USB-Green-Drag-para-regalo-de-empresa.jpg 800w, https:\/\/www.usborkeychain.com\/wp-content\/uploads\/Memoria-USB-Green-Drag-para-regalo-de-empresa-300x300.jpg 300w, https:\/\/www.usborkeychain.com\/wp-content\/uploads\/Memoria-USB-Green-Drag-para-regalo-de-empresa-150x150.jpg 150w, https:\/\/www.usborkeychain.com\/wp-content\/uploads\/Memoria-USB-Green-Drag-para-regalo-de-empresa-768x768.jpg 768w, https:\/\/www.usborkeychain.com\/wp-content\/uploads\/Memoria-USB-Green-Drag-para-regalo-de-empresa-12x12.jpg 12w, https:\/\/www.usborkeychain.com\/wp-content\/uploads\/Memoria-USB-Green-Drag-para-regalo-de-empresa-600x600.jpg 600w, https:\/\/www.usborkeychain.com\/wp-content\/uploads\/Memoria-USB-Green-Drag-para-regalo-de-empresa-100x100.jpg 100w\" sizes=\"(max-width: 800px) 100vw, 800px\" \/><\/figure>\n<\/div>\n<\/div>\n\n\n\n<p><br>Embora essa unidade flash USB tenha uma apar\u00eancia exclusiva, sua praticidade n\u00e3o \u00e9 comprometida. Ele tem fun\u00e7\u00f5es de armazenamento padr\u00e3o e a capacidade pode ser personalizada de acordo com os requisitos do cliente, o que pode atender \u00e0s necessidades do trabalho di\u00e1rio de escrit\u00f3rio e do armazenamento de dados. Seja para armazenar documentos, fotos ou v\u00eddeos, ele pode lidar com eles com facilidade. Al\u00e9m disso, tem grande compatibilidade e pode ser usado em v\u00e1rios dispositivos eletr\u00f4nicos, como computadores e televisores, facilitando a transfer\u00eancia e a leitura de dados pelos usu\u00e1rios a qualquer hora e em qualquer lugar.<\/p>\n\n\n\n<div class=\"wp-block-columns is-layout-flex wp-container-core-columns-is-layout-28f84493 wp-block-columns-is-layout-flex\">\n<div class=\"wp-block-column is-layout-flow wp-block-column-is-layout-flow\">\n<figure class=\"wp-block-image size-full\"><img alt=\"\" loading=\"lazy\" decoding=\"async\" width=\"800\" height=\"800\" src=\"https:\/\/www.usborkeychain.com\/wp-content\/uploads\/Sirket-hediyesi-icin-yesil-suruklemeli-flash-surucu.jpg\" class=\"wp-image-2603\" srcset=\"https:\/\/www.usborkeychain.com\/wp-content\/uploads\/Sirket-hediyesi-icin-yesil-suruklemeli-flash-surucu.jpg 800w, https:\/\/www.usborkeychain.com\/wp-content\/uploads\/Sirket-hediyesi-icin-yesil-suruklemeli-flash-surucu-300x300.jpg 300w, https:\/\/www.usborkeychain.com\/wp-content\/uploads\/Sirket-hediyesi-icin-yesil-suruklemeli-flash-surucu-150x150.jpg 150w, https:\/\/www.usborkeychain.com\/wp-content\/uploads\/Sirket-hediyesi-icin-yesil-suruklemeli-flash-surucu-768x768.jpg 768w, https:\/\/www.usborkeychain.com\/wp-content\/uploads\/Sirket-hediyesi-icin-yesil-suruklemeli-flash-surucu-12x12.jpg 12w, https:\/\/www.usborkeychain.com\/wp-content\/uploads\/Sirket-hediyesi-icin-yesil-suruklemeli-flash-surucu-600x600.jpg 600w, https:\/\/www.usborkeychain.com\/wp-content\/uploads\/Sirket-hediyesi-icin-yesil-suruklemeli-flash-surucu-100x100.jpg 100w\" sizes=\"(max-width: 800px) 100vw, 800px\" \/><\/figure>\n<\/div>\n\n\n\n<div class=\"wp-block-column is-vertically-aligned-center is-layout-flow wp-block-column-is-layout-flow\">\n<p><br>Como brinde personalizado de uma f\u00e1brica de tratores, essa unidade flash USB em formato de trator tem um valor extremamente alto. Ele n\u00e3o \u00e9 apenas um material de escrit\u00f3rio pr\u00e1tico, mas tamb\u00e9m um representante da imagem corporativa. Quando a f\u00e1brica o oferece a clientes, parceiros ou funcion\u00e1rios, ele pode transmitir o profissionalismo e o foco da empresa em maquin\u00e1rio agr\u00edcola, al\u00e9m de fazer com que os destinat\u00e1rios sintam a dedica\u00e7\u00e3o e a criatividade da empresa. <\/p>\n\n\n\n<p>Esse presente exclusivo se destaca entre os muitos presentes comerciais, deixando uma impress\u00e3o profunda e boa e ajudando a fortalecer as rela\u00e7\u00f5es entre a empresa e todas as partes.<\/p>\n\n\n\n<p>Concluindo, esse pen drive em formato de trator \u00e9 a combina\u00e7\u00e3o perfeita de criatividade e praticidade, e \u00e9 uma excelente op\u00e7\u00e3o para brindes personalizados de f\u00e1bricas de tratores.<\/p>\n<\/div>\n<\/div>\n\n\n\n<p><\/p>","protected":false},"excerpt":{"rendered":"<ul>\n<li>Trator 3D - em forma<\/li>\n<li>Estilo de unidade USB em desenho animado<\/li>\n<li>USB3.0<\/li>\n<li>Capacidade de 64 GB<\/li>\n<li>Como um presente personalizado de uma f\u00e1brica de tratores,<\/li>\n<\/ul>","protected":false},"featured_media":2601,"comment_status":"open","ping_status":"closed","template":"","meta":{"_seopress_robots_primary_cat":"","_seopress_titles_title":"","_seopress_titles_desc":"","_seopress_robots_index":"","site-sidebar-layout":"default","site-content-layout":"","ast-site-content-layout":"","site-content-style":"default","site-sidebar-style":"default","ast-global-header-display":"","ast-banner-title-visibility":"","ast-main-header-display":"","ast-hfb-above-header-display":"","ast-hfb-below-header-display":"","ast-hfb-mobile-header-display":"","site-post-title":"","ast-breadcrumbs-content":"","ast-featured-img":"","footer-sml-layout":"","theme-transparent-header-meta":"","adv-header-id-meta":"","stick-header-meta":"","header-above-stick-meta":"","header-main-stick-meta":"","header-below-stick-meta":"","astra-migrate-meta-layouts":"default","ast-page-background-enabled":"default","ast-page-background-meta":{"desktop":{"background-color":"var(--ast-global-color-5)","background-image":"","background-repeat":"repeat","background-position":"center center","background-size":"auto","background-attachment":"scroll","background-type":"","background-media":"","overlay-type":"","overlay-color":"","overlay-opacity":"","overlay-gradient":""},"tablet":{"background-color":"","background-image":"","background-repeat":"repeat","background-position":"center center","background-size":"auto","background-attachment":"scroll","background-type":"","background-media":"","overlay-type":"","overlay-color":"","overlay-opacity":"","overlay-gradient":""},"mobile":{"background-color":"","background-image":"","background-repeat":"repeat","background-position":"center center","background-size":"auto","background-attachment":"scroll","background-type":"","background-media":"","overlay-type":"","overlay-color":"","overlay-opacity":"","overlay-gradient":""}},"ast-content-background-meta":{"desktop":{"background-color":"var(--ast-global-color-4)","background-image":"","background-repeat":"repeat","background-position":"center center","background-size":"auto","background-attachment":"scroll","background-type":"","background-media":"","overlay-type":"","overlay-color":"","overlay-opacity":"","overlay-gradient":""},"tablet":{"background-color":"var(--ast-global-color-4)","background-image":"","background-repeat":"repeat","background-position":"center center","background-size":"auto","background-attachment":"scroll","background-type":"","background-media":"","overlay-type":"","overlay-color":"","overlay-opacity":"","overlay-gradient":""},"mobile":{"background-color":"var(--ast-global-color-4)","background-image":"","background-repeat":"repeat","background-position":"center center","background-size":"auto","background-attachment":"scroll","background-type":"","background-media":"","overlay-type":"","overlay-color":"","overlay-opacity":"","overlay-gradient":""}}},"product_brand":[],"product_cat":[95],"product_tag":[172],"class_list":{"0":"post-2597","1":"product","2":"type-product","3":"status-publish","4":"has-post-thumbnail","6":"product_cat-promotional-usb-drive","7":"product_tag-green-usb-flash-drive","8":"desktop-align-left","9":"tablet-align-left","10":"mobile-align-left","12":"first","13":"instock","14":"shipping-taxable","15":"product-type-simple"},"_links":{"self":[{"href":"https:\/\/www.usborkeychain.com\/pt\/wp-json\/wp\/v2\/product\/2597","targetHints":{"allow":["GET"]}}],"collection":[{"href":"https:\/\/www.usborkeychain.com\/pt\/wp-json\/wp\/v2\/product"}],"about":[{"href":"https:\/\/www.usborkeychain.com\/pt\/wp-json\/wp\/v2\/types\/product"}],"replies":[{"embeddable":true,"href":"https:\/\/www.usborkeychain.com\/pt\/wp-json\/wp\/v2\/comments?post=2597"}],"wp:featuredmedia":[{"embeddable":true,"href":"https:\/\/www.usborkeychain.com\/pt\/wp-json\/wp\/v2\/media\/2601"}],"wp:attachment":[{"href":"https:\/\/www.usborkeychain.com\/pt\/wp-json\/wp\/v2\/media?parent=2597"}],"wp:term":[{"taxonomy":"product_brand","embeddable":true,"href":"https:\/\/www.usborkeychain.com\/pt\/wp-json\/wp\/v2\/product_brand?post=2597"},{"taxonomy":"product_cat","embeddable":true,"href":"https:\/\/www.usborkeychain.com\/pt\/wp-json\/wp\/v2\/product_cat?post=2597"},{"taxonomy":"product_tag","embeddable":true,"href":"https:\/\/www.usborkeychain.com\/pt\/wp-json\/wp\/v2\/product_tag?post=2597"}],"curies":[{"name":"wp","href":"https:\/\/api.w.org\/{rel}","templated":true}]}}