{"id":2664,"date":"2025-06-22T14:08:18","date_gmt":"2025-06-22T14:08:18","guid":{"rendered":"https:\/\/www.usborkeychain.com\/?post_type=product&#038;p=2664"},"modified":"2025-07-27T10:04:27","modified_gmt":"2025-07-27T10:04:27","slug":"classic-wristband-usb-drive","status":"publish","type":"product","link":"https:\/\/www.usborkeychain.com\/pt\/produto\/classic-wristband-usb-drive\/","title":{"rendered":"Unidade flash USB com pulseira de borracha cl\u00e1ssica"},"content":{"rendered":"<p>Uma unidade USB com pulseira \u00e9 um dispositivo de armazenamento altamente criativo que integra engenhosamente a fun\u00e7\u00e3o de uma unidade USB com o formato de uma pulseira. \u00c9 um estilo de unidade USB popular no setor de brindes promocionais. Essa unidade USB n\u00e3o \u00e9 apenas conveniente para carregar, mas tamb\u00e9m muito pr\u00e1tica, sendo muito apreciada pelos usu\u00e1rios.<\/p>\n\n\n\n<h2 class=\"wp-block-heading\">Por que a unidade USB com pulseira cl\u00e1ssica \u00e9 a mais popular?<\/h2>\n\n\n\n<p>Seu design exclusivo \u00e9 o segredo. De forma inteligente, ele coloca a interface USB em uma extremidade da pulseira, permitindo que os usu\u00e1rios a usem facilmente no pulso e a utilizem rapidamente como uma unidade USB quando necess\u00e1rio. Esse design \u00e9 elegante e pr\u00e1tico, trazendo grande conveni\u00eancia para os usu\u00e1rios tanto na vida cotidiana quanto no trabalho.<\/p>\n\n\n\n<div class=\"wp-block-columns is-layout-flex wp-container-core-columns-is-layout-28f84493 wp-block-columns-is-layout-flex\">\n<div class=\"wp-block-column is-layout-flow wp-block-column-is-layout-flow\">\n<figure class=\"wp-block-image size-full\"><img alt=\"\" fetchpriority=\"high\" decoding=\"async\" width=\"800\" height=\"800\" src=\"https:\/\/www.usborkeychain.com\/wp-content\/uploads\/Silicone-Bracelet-Wrist-Band-pendrive-USB-2.0-USB-Flash-Drive-Memory-Stick.jpg\" class=\"wp-image-2675\" srcset=\"https:\/\/www.usborkeychain.com\/wp-content\/uploads\/Silicone-Bracelet-Wrist-Band-pendrive-USB-2.0-USB-Flash-Drive-Memory-Stick.jpg 800w, https:\/\/www.usborkeychain.com\/wp-content\/uploads\/Silicone-Bracelet-Wrist-Band-pendrive-USB-2.0-USB-Flash-Drive-Memory-Stick-300x300.jpg 300w, https:\/\/www.usborkeychain.com\/wp-content\/uploads\/Silicone-Bracelet-Wrist-Band-pendrive-USB-2.0-USB-Flash-Drive-Memory-Stick-150x150.jpg 150w, https:\/\/www.usborkeychain.com\/wp-content\/uploads\/Silicone-Bracelet-Wrist-Band-pendrive-USB-2.0-USB-Flash-Drive-Memory-Stick-768x768.jpg 768w, https:\/\/www.usborkeychain.com\/wp-content\/uploads\/Silicone-Bracelet-Wrist-Band-pendrive-USB-2.0-USB-Flash-Drive-Memory-Stick-12x12.jpg 12w, https:\/\/www.usborkeychain.com\/wp-content\/uploads\/Silicone-Bracelet-Wrist-Band-pendrive-USB-2.0-USB-Flash-Drive-Memory-Stick-600x600.jpg 600w, https:\/\/www.usborkeychain.com\/wp-content\/uploads\/Silicone-Bracelet-Wrist-Band-pendrive-USB-2.0-USB-Flash-Drive-Memory-Stick-100x100.jpg 100w\" sizes=\"(max-width: 800px) 100vw, 800px\" \/><\/figure>\n<\/div>\n\n\n\n<div class=\"wp-block-column is-layout-flow wp-block-column-is-layout-flow\">\n<figure class=\"wp-block-image size-full\"><img alt=\"\" decoding=\"async\" width=\"800\" height=\"800\" src=\"https:\/\/www.usborkeychain.com\/wp-content\/uploads\/Wristband-USB-Flash-Drive-size.jpg\" class=\"wp-image-2677\" srcset=\"https:\/\/www.usborkeychain.com\/wp-content\/uploads\/Wristband-USB-Flash-Drive-size.jpg 800w, https:\/\/www.usborkeychain.com\/wp-content\/uploads\/Wristband-USB-Flash-Drive-size-300x300.jpg 300w, https:\/\/www.usborkeychain.com\/wp-content\/uploads\/Wristband-USB-Flash-Drive-size-150x150.jpg 150w, https:\/\/www.usborkeychain.com\/wp-content\/uploads\/Wristband-USB-Flash-Drive-size-768x768.jpg 768w, https:\/\/www.usborkeychain.com\/wp-content\/uploads\/Wristband-USB-Flash-Drive-size-12x12.jpg 12w, https:\/\/www.usborkeychain.com\/wp-content\/uploads\/Wristband-USB-Flash-Drive-size-600x600.jpg 600w, https:\/\/www.usborkeychain.com\/wp-content\/uploads\/Wristband-USB-Flash-Drive-size-100x100.jpg 100w\" sizes=\"(max-width: 800px) 100vw, 800px\" \/><\/figure>\n<\/div>\n\n\n\n<div class=\"wp-block-column is-layout-flow wp-block-column-is-layout-flow\">\n<figure class=\"wp-block-image size-full\"><img alt=\"\" decoding=\"async\" width=\"800\" height=\"800\" src=\"https:\/\/www.usborkeychain.com\/wp-content\/uploads\/Wristband-USB-Flash-Drive-use.jpg\" class=\"wp-image-2678\" srcset=\"https:\/\/www.usborkeychain.com\/wp-content\/uploads\/Wristband-USB-Flash-Drive-use.jpg 800w, https:\/\/www.usborkeychain.com\/wp-content\/uploads\/Wristband-USB-Flash-Drive-use-300x300.jpg 300w, https:\/\/www.usborkeychain.com\/wp-content\/uploads\/Wristband-USB-Flash-Drive-use-150x150.jpg 150w, https:\/\/www.usborkeychain.com\/wp-content\/uploads\/Wristband-USB-Flash-Drive-use-768x768.jpg 768w, https:\/\/www.usborkeychain.com\/wp-content\/uploads\/Wristband-USB-Flash-Drive-use-12x12.jpg 12w, https:\/\/www.usborkeychain.com\/wp-content\/uploads\/Wristband-USB-Flash-Drive-use-600x600.jpg 600w, https:\/\/www.usborkeychain.com\/wp-content\/uploads\/Wristband-USB-Flash-Drive-use-100x100.jpg 100w\" sizes=\"(max-width: 800px) 100vw, 800px\" \/><\/figure>\n<\/div>\n<\/div>\n\n\n\n<h2 class=\"wp-block-heading\">Quais s\u00e3o os materiais da unidade USB de pulseira?<\/h2>\n\n\n\n<p>A unidade USB de pulseira geralmente tem dois materiais. Um deles \u00e9 a borracha macia de PVC, preferida por cerca de 90% dos clientes devido ao seu baixo custo, textura macia e boa durabilidade. O outro \u00e9 o silicone, que, embora seja mais caro, tem maior flexibilidade e \u00e9 ecologicamente correto, o que o torna uma boa op\u00e7\u00e3o para clientes com necessidades espec\u00edficas. Quer os fabricantes produzam em massa ou os clientes personalizem, eles podem escolher os materiais adequados de acordo com suas pr\u00f3prias necessidades.<\/p>\n\n\n\n<div class=\"wp-block-columns is-layout-flex wp-container-core-columns-is-layout-28f84493 wp-block-columns-is-layout-flex\">\n<div class=\"wp-block-column is-layout-flow wp-block-column-is-layout-flow\">\n<figure class=\"wp-block-image size-full\"><img alt=\"\" loading=\"lazy\" decoding=\"async\" width=\"640\" height=\"640\" src=\"https:\/\/www.usborkeychain.com\/wp-content\/uploads\/yellow-wristband-flash-drive.jpg\" class=\"wp-image-2679\" srcset=\"https:\/\/www.usborkeychain.com\/wp-content\/uploads\/yellow-wristband-flash-drive.jpg 640w, https:\/\/www.usborkeychain.com\/wp-content\/uploads\/yellow-wristband-flash-drive-300x300.jpg 300w, https:\/\/www.usborkeychain.com\/wp-content\/uploads\/yellow-wristband-flash-drive-150x150.jpg 150w, https:\/\/www.usborkeychain.com\/wp-content\/uploads\/yellow-wristband-flash-drive-12x12.jpg 12w, https:\/\/www.usborkeychain.com\/wp-content\/uploads\/yellow-wristband-flash-drive-600x600.jpg 600w, https:\/\/www.usborkeychain.com\/wp-content\/uploads\/yellow-wristband-flash-drive-100x100.jpg 100w\" sizes=\"(max-width: 640px) 100vw, 640px\" \/><\/figure>\n<\/div>\n\n\n\n<div class=\"wp-block-column is-layout-flow wp-block-column-is-layout-flow\">\n<figure class=\"wp-block-image size-full\"><img alt=\"\" loading=\"lazy\" decoding=\"async\" width=\"640\" height=\"640\" src=\"https:\/\/www.usborkeychain.com\/wp-content\/uploads\/red-wristband-flash-drive.jpg\" class=\"wp-image-2674\" srcset=\"https:\/\/www.usborkeychain.com\/wp-content\/uploads\/red-wristband-flash-drive.jpg 640w, https:\/\/www.usborkeychain.com\/wp-content\/uploads\/red-wristband-flash-drive-300x300.jpg 300w, https:\/\/www.usborkeychain.com\/wp-content\/uploads\/red-wristband-flash-drive-150x150.jpg 150w, https:\/\/www.usborkeychain.com\/wp-content\/uploads\/red-wristband-flash-drive-12x12.jpg 12w, https:\/\/www.usborkeychain.com\/wp-content\/uploads\/red-wristband-flash-drive-600x600.jpg 600w, https:\/\/www.usborkeychain.com\/wp-content\/uploads\/red-wristband-flash-drive-100x100.jpg 100w\" sizes=\"(max-width: 640px) 100vw, 640px\" \/><\/figure>\n<\/div>\n\n\n\n<div class=\"wp-block-column is-layout-flow wp-block-column-is-layout-flow\">\n<figure class=\"wp-block-image size-full\"><img alt=\"\" loading=\"lazy\" decoding=\"async\" width=\"640\" height=\"640\" src=\"https:\/\/www.usborkeychain.com\/wp-content\/uploads\/purple-wristband-flash-drive.jpg\" class=\"wp-image-2673\" srcset=\"https:\/\/www.usborkeychain.com\/wp-content\/uploads\/purple-wristband-flash-drive.jpg 640w, https:\/\/www.usborkeychain.com\/wp-content\/uploads\/purple-wristband-flash-drive-300x300.jpg 300w, https:\/\/www.usborkeychain.com\/wp-content\/uploads\/purple-wristband-flash-drive-150x150.jpg 150w, https:\/\/www.usborkeychain.com\/wp-content\/uploads\/purple-wristband-flash-drive-12x12.jpg 12w, https:\/\/www.usborkeychain.com\/wp-content\/uploads\/purple-wristband-flash-drive-600x600.jpg 600w, https:\/\/www.usborkeychain.com\/wp-content\/uploads\/purple-wristband-flash-drive-100x100.jpg 100w\" sizes=\"(max-width: 640px) 100vw, 640px\" \/><\/figure>\n<\/div>\n\n\n\n<div class=\"wp-block-column is-layout-flow wp-block-column-is-layout-flow\">\n<figure class=\"wp-block-image size-full\"><img alt=\"\" loading=\"lazy\" decoding=\"async\" width=\"640\" height=\"640\" src=\"https:\/\/www.usborkeychain.com\/wp-content\/uploads\/blue-usb-drive-bracelet.jpg\" class=\"wp-image-2668\" srcset=\"https:\/\/www.usborkeychain.com\/wp-content\/uploads\/blue-usb-drive-bracelet.jpg 640w, https:\/\/www.usborkeychain.com\/wp-content\/uploads\/blue-usb-drive-bracelet-300x300.jpg 300w, https:\/\/www.usborkeychain.com\/wp-content\/uploads\/blue-usb-drive-bracelet-150x150.jpg 150w, https:\/\/www.usborkeychain.com\/wp-content\/uploads\/blue-usb-drive-bracelet-12x12.jpg 12w, https:\/\/www.usborkeychain.com\/wp-content\/uploads\/blue-usb-drive-bracelet-600x600.jpg 600w, https:\/\/www.usborkeychain.com\/wp-content\/uploads\/blue-usb-drive-bracelet-100x100.jpg 100w\" sizes=\"(max-width: 640px) 100vw, 640px\" \/><\/figure>\n<\/div>\n<\/div>\n\n\n\n<div class=\"wp-block-columns is-layout-flex wp-container-core-columns-is-layout-28f84493 wp-block-columns-is-layout-flex\">\n<div class=\"wp-block-column is-layout-flow wp-block-column-is-layout-flow\">\n<figure class=\"wp-block-image size-full\"><img alt=\"\" loading=\"lazy\" decoding=\"async\" width=\"640\" height=\"640\" src=\"https:\/\/www.usborkeychain.com\/wp-content\/uploads\/pink-wristband-flash-drive.jpg\" class=\"wp-image-2672\" srcset=\"https:\/\/www.usborkeychain.com\/wp-content\/uploads\/pink-wristband-flash-drive.jpg 640w, https:\/\/www.usborkeychain.com\/wp-content\/uploads\/pink-wristband-flash-drive-300x300.jpg 300w, https:\/\/www.usborkeychain.com\/wp-content\/uploads\/pink-wristband-flash-drive-150x150.jpg 150w, https:\/\/www.usborkeychain.com\/wp-content\/uploads\/pink-wristband-flash-drive-12x12.jpg 12w, https:\/\/www.usborkeychain.com\/wp-content\/uploads\/pink-wristband-flash-drive-600x600.jpg 600w, https:\/\/www.usborkeychain.com\/wp-content\/uploads\/pink-wristband-flash-drive-100x100.jpg 100w\" sizes=\"(max-width: 640px) 100vw, 640px\" \/><\/figure>\n<\/div>\n\n\n\n<div class=\"wp-block-column is-layout-flow wp-block-column-is-layout-flow\">\n<figure class=\"wp-block-image size-full\"><img alt=\"\" loading=\"lazy\" decoding=\"async\" width=\"640\" height=\"640\" src=\"https:\/\/www.usborkeychain.com\/wp-content\/uploads\/green-wristband-flash-drive.jpg\" class=\"wp-image-2671\" srcset=\"https:\/\/www.usborkeychain.com\/wp-content\/uploads\/green-wristband-flash-drive.jpg 640w, https:\/\/www.usborkeychain.com\/wp-content\/uploads\/green-wristband-flash-drive-300x300.jpg 300w, https:\/\/www.usborkeychain.com\/wp-content\/uploads\/green-wristband-flash-drive-150x150.jpg 150w, https:\/\/www.usborkeychain.com\/wp-content\/uploads\/green-wristband-flash-drive-12x12.jpg 12w, https:\/\/www.usborkeychain.com\/wp-content\/uploads\/green-wristband-flash-drive-600x600.jpg 600w, https:\/\/www.usborkeychain.com\/wp-content\/uploads\/green-wristband-flash-drive-100x100.jpg 100w\" sizes=\"(max-width: 640px) 100vw, 640px\" \/><\/figure>\n<\/div>\n\n\n\n<div class=\"wp-block-column is-layout-flow wp-block-column-is-layout-flow\">\n<figure class=\"wp-block-image size-full\"><img alt=\"\" loading=\"lazy\" decoding=\"async\" width=\"640\" height=\"640\" src=\"https:\/\/www.usborkeychain.com\/wp-content\/uploads\/dark-blue-wristband-flash-drive.jpg\" class=\"wp-image-2670\" srcset=\"https:\/\/www.usborkeychain.com\/wp-content\/uploads\/dark-blue-wristband-flash-drive.jpg 640w, https:\/\/www.usborkeychain.com\/wp-content\/uploads\/dark-blue-wristband-flash-drive-300x300.jpg 300w, https:\/\/www.usborkeychain.com\/wp-content\/uploads\/dark-blue-wristband-flash-drive-150x150.jpg 150w, https:\/\/www.usborkeychain.com\/wp-content\/uploads\/dark-blue-wristband-flash-drive-12x12.jpg 12w, https:\/\/www.usborkeychain.com\/wp-content\/uploads\/dark-blue-wristband-flash-drive-600x600.jpg 600w, https:\/\/www.usborkeychain.com\/wp-content\/uploads\/dark-blue-wristband-flash-drive-100x100.jpg 100w\" sizes=\"(max-width: 640px) 100vw, 640px\" \/><\/figure>\n<\/div>\n\n\n\n<div class=\"wp-block-column is-layout-flow wp-block-column-is-layout-flow\">\n<figure class=\"wp-block-image size-full\"><img alt=\"\" loading=\"lazy\" decoding=\"async\" width=\"640\" height=\"640\" src=\"https:\/\/www.usborkeychain.com\/wp-content\/uploads\/black-usb-wristband.jpg\" class=\"wp-image-2667\" srcset=\"https:\/\/www.usborkeychain.com\/wp-content\/uploads\/black-usb-wristband.jpg 640w, https:\/\/www.usborkeychain.com\/wp-content\/uploads\/black-usb-wristband-300x300.jpg 300w, https:\/\/www.usborkeychain.com\/wp-content\/uploads\/black-usb-wristband-150x150.jpg 150w, https:\/\/www.usborkeychain.com\/wp-content\/uploads\/black-usb-wristband-12x12.jpg 12w, https:\/\/www.usborkeychain.com\/wp-content\/uploads\/black-usb-wristband-600x600.jpg 600w, https:\/\/www.usborkeychain.com\/wp-content\/uploads\/black-usb-wristband-100x100.jpg 100w\" sizes=\"(max-width: 640px) 100vw, 640px\" \/><\/figure>\n<\/div>\n<\/div>\n\n\n\n<h2 class=\"wp-block-heading\">Par\u00e2metros da unidade USB de pulseira:<\/h2>\n\n\n\n<figure class=\"wp-block-table\"><table class=\"has-fixed-layout\"><thead><tr><th>Par\u00e2metro<\/th><th>Detalhes<\/th><\/tr><\/thead><tbody><tr><td>Capacidade de armazenamento<\/td><td>Os mais comuns s\u00e3o 4 GB, 8 GB, 16 GB, 32 GB, etc., e podem ser personalizados de acordo com as necessidades do cliente.<\/td><\/tr><tr><td>Velocidade de transfer\u00eancia de dados<\/td><td>A velocidade geral de leitura da interface USB2.0 \u00e9 de 15 MB\/s; a velocidade de leitura da interface USB3.0 pode chegar a 400 MB\/s.<\/td><\/tr><tr><td>Tamanho<\/td><td>O comprimento da pulseira \u00e9 geralmente entre 20 e 25 cm, a largura \u00e9 de 2 a 3 cm e a parte do drive USB tem de 3 a 5 cm de comprimento e de 1 a 2 cm de largura.<\/td><\/tr><tr><td>Peso<\/td><td>Cerca de 15 a 25g (variando de acordo com a capacidade e o material).<\/td><\/tr><\/tbody><\/table><\/figure>\n\n\n\n<h2 class=\"wp-block-heading\">A unidade USB de pulseira pode ser personalizada com um logotipo?<\/h2>\n\n\n\n<p>A resposta \u00e9 sim. Em termos de personaliza\u00e7\u00e3o da unidade USB de pulseira, h\u00e1 v\u00e1rias op\u00e7\u00f5es. Voc\u00ea pode optar por imprimir em cores o logotipo e os padr\u00f5es em toda a pulseira para criar uma apar\u00eancia altamente personalizada. Se quiser manter a pulseira simples, voc\u00ea tamb\u00e9m pode imprimir o logotipo apenas na posi\u00e7\u00e3o da interface da pulseira, o que \u00e9 discreto, mas pode refletir as caracter\u00edsticas da marca. Se as f\u00e1bricas personalizam em massa ou os indiv\u00edduos personalizam em pequenas quantidades, as necessidades podem ser atendidas.<\/p>\n\n\n\n<p>Concluindo, a cl\u00e1ssica unidade USB de pulseira, com seu design exclusivo, diversas op\u00e7\u00f5es de materiais, op\u00e7\u00f5es flex\u00edveis de personaliza\u00e7\u00e3o e configura\u00e7\u00f5es pr\u00e1ticas de par\u00e2metros, tornou-se um produto altamente competitivo no mercado de unidades USB e \u00e9 uma boa op\u00e7\u00e3o para atacado e personaliza\u00e7\u00e3o.<\/p>","protected":false},"excerpt":{"rendered":"<ul>\n<li>Material de PVC<\/li>\n<li>Pulseira<\/li>\n<li>Mais de 20 cores<\/li>\n<li>206 mm de comprimento<\/li>\n<li>\u00c9 poss\u00edvel colocar o logotipo da cuctom na pulseira<\/li>\n<\/ul>","protected":false},"featured_media":2675,"comment_status":"open","ping_status":"closed","template":"","meta":{"_seopress_robots_primary_cat":"","_seopress_titles_title":"","_seopress_titles_desc":"","_seopress_robots_index":"","site-sidebar-layout":"default","site-content-layout":"","ast-site-content-layout":"","site-content-style":"default","site-sidebar-style":"default","ast-global-header-display":"","ast-banner-title-visibility":"","ast-main-header-display":"","ast-hfb-above-header-display":"","ast-hfb-below-header-display":"","ast-hfb-mobile-header-display":"","site-post-title":"","ast-breadcrumbs-content":"","ast-featured-img":"","footer-sml-layout":"","theme-transparent-header-meta":"","adv-header-id-meta":"","stick-header-meta":"","header-above-stick-meta":"","header-main-stick-meta":"","header-below-stick-meta":"","astra-migrate-meta-layouts":"default","ast-page-background-enabled":"default","ast-page-background-meta":{"desktop":{"background-color":"var(--ast-global-color-5)","background-image":"","background-repeat":"repeat","background-position":"center center","background-size":"auto","background-attachment":"scroll","background-type":"","background-media":"","overlay-type":"","overlay-color":"","overlay-opacity":"","overlay-gradient":""},"tablet":{"background-color":"","background-image":"","background-repeat":"repeat","background-position":"center center","background-size":"auto","background-attachment":"scroll","background-type":"","background-media":"","overlay-type":"","overlay-color":"","overlay-opacity":"","overlay-gradient":""},"mobile":{"background-color":"","background-image":"","background-repeat":"repeat","background-position":"center center","background-size":"auto","background-attachment":"scroll","background-type":"","background-media":"","overlay-type":"","overlay-color":"","overlay-opacity":"","overlay-gradient":""}},"ast-content-background-meta":{"desktop":{"background-color":"var(--ast-global-color-4)","background-image":"","background-repeat":"repeat","background-position":"center center","background-size":"auto","background-attachment":"scroll","background-type":"","background-media":"","overlay-type":"","overlay-color":"","overlay-opacity":"","overlay-gradient":""},"tablet":{"background-color":"var(--ast-global-color-4)","background-image":"","background-repeat":"repeat","background-position":"center center","background-size":"auto","background-attachment":"scroll","background-type":"","background-media":"","overlay-type":"","overlay-color":"","overlay-opacity":"","overlay-gradient":""},"mobile":{"background-color":"var(--ast-global-color-4)","background-image":"","background-repeat":"repeat","background-position":"center center","background-size":"auto","background-attachment":"scroll","background-type":"","background-media":"","overlay-type":"","overlay-color":"","overlay-opacity":"","overlay-gradient":""}}},"product_brand":[],"product_cat":[97],"product_tag":[173],"class_list":{"0":"post-2664","1":"product","2":"type-product","3":"status-publish","4":"has-post-thumbnail","6":"product_cat-wristband-usb-drives","7":"product_tag-silicone-usb-flash-drive","8":"desktop-align-left","9":"tablet-align-left","10":"mobile-align-left","12":"first","13":"instock","14":"shipping-taxable","15":"product-type-simple"},"_links":{"self":[{"href":"https:\/\/www.usborkeychain.com\/pt\/wp-json\/wp\/v2\/product\/2664","targetHints":{"allow":["GET"]}}],"collection":[{"href":"https:\/\/www.usborkeychain.com\/pt\/wp-json\/wp\/v2\/product"}],"about":[{"href":"https:\/\/www.usborkeychain.com\/pt\/wp-json\/wp\/v2\/types\/product"}],"replies":[{"embeddable":true,"href":"https:\/\/www.usborkeychain.com\/pt\/wp-json\/wp\/v2\/comments?post=2664"}],"wp:featuredmedia":[{"embeddable":true,"href":"https:\/\/www.usborkeychain.com\/pt\/wp-json\/wp\/v2\/media\/2675"}],"wp:attachment":[{"href":"https:\/\/www.usborkeychain.com\/pt\/wp-json\/wp\/v2\/media?parent=2664"}],"wp:term":[{"taxonomy":"product_brand","embeddable":true,"href":"https:\/\/www.usborkeychain.com\/pt\/wp-json\/wp\/v2\/product_brand?post=2664"},{"taxonomy":"product_cat","embeddable":true,"href":"https:\/\/www.usborkeychain.com\/pt\/wp-json\/wp\/v2\/product_cat?post=2664"},{"taxonomy":"product_tag","embeddable":true,"href":"https:\/\/www.usborkeychain.com\/pt\/wp-json\/wp\/v2\/product_tag?post=2664"}],"curies":[{"name":"wp","href":"https:\/\/api.w.org\/{rel}","templated":true}]}}