{"id":2692,"date":"2025-06-23T02:58:01","date_gmt":"2025-06-23T02:58:01","guid":{"rendered":"https:\/\/www.usborkeychain.com\/?post_type=product&#038;p=2692"},"modified":"2025-06-23T03:04:03","modified_gmt":"2025-06-23T03:04:03","slug":"swarovski-crystal-flash-drive","status":"publish","type":"product","link":"https:\/\/www.usborkeychain.com\/pt\/produto\/swarovski-crystal-flash-drive\/","title":{"rendered":"Unidade flash com cristais Swarovski coloridos"},"content":{"rendered":"<h2 class=\"wp-block-heading\">Introdu\u00e7\u00e3o \u00e0 unidade USB Classic Swarovski Crystal<\/h2>\n\n\n\n<div class=\"wp-block-columns is-layout-flex wp-container-core-columns-is-layout-28f84493 wp-block-columns-is-layout-flex\">\n<div class=\"wp-block-column is-layout-flow wp-block-column-is-layout-flow\">\n<figure class=\"wp-block-image size-full\"><img alt=\"\" fetchpriority=\"high\" decoding=\"async\" width=\"696\" height=\"696\" src=\"https:\/\/www.usborkeychain.com\/wp-content\/uploads\/O1CN01r5ofeI2DMZ93FvEIH_984728595-0-cib.jpg_.webp.jpg\" class=\"wp-image-2700\" srcset=\"https:\/\/www.usborkeychain.com\/wp-content\/uploads\/O1CN01r5ofeI2DMZ93FvEIH_984728595-0-cib.jpg_.webp.jpg 696w, https:\/\/www.usborkeychain.com\/wp-content\/uploads\/O1CN01r5ofeI2DMZ93FvEIH_984728595-0-cib.jpg_.webp-300x300.jpg 300w, https:\/\/www.usborkeychain.com\/wp-content\/uploads\/O1CN01r5ofeI2DMZ93FvEIH_984728595-0-cib.jpg_.webp-150x150.jpg 150w, https:\/\/www.usborkeychain.com\/wp-content\/uploads\/O1CN01r5ofeI2DMZ93FvEIH_984728595-0-cib.jpg_.webp-12x12.jpg 12w, https:\/\/www.usborkeychain.com\/wp-content\/uploads\/O1CN01r5ofeI2DMZ93FvEIH_984728595-0-cib.jpg_.webp-600x600.jpg 600w, https:\/\/www.usborkeychain.com\/wp-content\/uploads\/O1CN01r5ofeI2DMZ93FvEIH_984728595-0-cib.jpg_.webp-100x100.jpg 100w\" sizes=\"(max-width: 696px) 100vw, 696px\" \/><\/figure>\n<\/div>\n\n\n\n<div class=\"wp-block-column is-vertically-aligned-center is-layout-flow wp-block-column-is-layout-flow\">\n<p>Como uma unidade USB cl\u00e1ssica de cristal Swarovski meticulosamente trabalhada pelo fabricante, ela \u00e9 um modelo altamente representativo da s\u00e9rie de unidades USB de cristal. Com seu design exclusivo e alta qualidade, ele se tornou um dos estilos de unidade USB mais preferidos no setor de brindes promocionais. <\/p>\n\n\n\n<p>Ele combina perfeitamente o brilho dos cristais Swarovski com a fun\u00e7\u00e3o pr\u00e1tica de uma unidade USB, demonstrando o gosto e o valor da moda de alta qualidade, seja para uso pessoal ou como presente.<\/p>\n<\/div>\n<\/div>\n\n\n\n<p><\/p>\n\n\n\n<h2 class=\"wp-block-heading\">Qual \u00e9 o material da unidade USB de cristal Swarovski?<\/h2>\n\n\n\n<p>O inv\u00f3lucro dessa unidade USB \u00e9 feito de material acr\u00edlico transparente de alta qualidade, com a f\u00e1brica controlando rigorosamente o processo de produ\u00e7\u00e3o para garantir a transpar\u00eancia e a durabilidade do material. Em seu interior, ele \u00e9 preenchido com cristais Swarovski de v\u00e1rias cores, que s\u00e3o cuidadosamente selecionados por seu brilho intenso e excelente textura. A interface \u00e9 feita de metal brilhante. As ricas op\u00e7\u00f5es de cores podem atender \u00e0s necessidades de diferentes clientes, seja para personaliza\u00e7\u00e3o de brindes promocionais corporativos ou para uso pessoal, permitindo que os usu\u00e1rios encontrem combina\u00e7\u00f5es de cores adequadas.<\/p>\n\n\n\n<div class=\"wp-block-columns is-layout-flex wp-container-core-columns-is-layout-28f84493 wp-block-columns-is-layout-flex\">\n<div class=\"wp-block-column is-layout-flow wp-block-column-is-layout-flow\">\n<figure class=\"wp-block-image size-full\"><img alt=\"\" decoding=\"async\" width=\"800\" height=\"800\" src=\"https:\/\/www.usborkeychain.com\/wp-content\/uploads\/swarovski-flash-disk.jpg\" class=\"wp-image-2706\" srcset=\"https:\/\/www.usborkeychain.com\/wp-content\/uploads\/swarovski-flash-disk.jpg 800w, https:\/\/www.usborkeychain.com\/wp-content\/uploads\/swarovski-flash-disk-300x300.jpg 300w, https:\/\/www.usborkeychain.com\/wp-content\/uploads\/swarovski-flash-disk-150x150.jpg 150w, https:\/\/www.usborkeychain.com\/wp-content\/uploads\/swarovski-flash-disk-768x768.jpg 768w, https:\/\/www.usborkeychain.com\/wp-content\/uploads\/swarovski-flash-disk-12x12.jpg 12w, https:\/\/www.usborkeychain.com\/wp-content\/uploads\/swarovski-flash-disk-600x600.jpg 600w, https:\/\/www.usborkeychain.com\/wp-content\/uploads\/swarovski-flash-disk-100x100.jpg 100w\" sizes=\"(max-width: 800px) 100vw, 800px\" \/><\/figure>\n<\/div>\n\n\n\n<div class=\"wp-block-column is-layout-flow wp-block-column-is-layout-flow\">\n<figure class=\"wp-block-image size-full\"><img alt=\"\" decoding=\"async\" width=\"1000\" height=\"1000\" src=\"https:\/\/www.usborkeychain.com\/wp-content\/uploads\/colorful-swarovski-crystal-flip-usb-pendrive.jpg\" class=\"wp-image-2696\" srcset=\"https:\/\/www.usborkeychain.com\/wp-content\/uploads\/colorful-swarovski-crystal-flip-usb-pendrive.jpg 1000w, https:\/\/www.usborkeychain.com\/wp-content\/uploads\/colorful-swarovski-crystal-flip-usb-pendrive-300x300.jpg 300w, https:\/\/www.usborkeychain.com\/wp-content\/uploads\/colorful-swarovski-crystal-flip-usb-pendrive-150x150.jpg 150w, https:\/\/www.usborkeychain.com\/wp-content\/uploads\/colorful-swarovski-crystal-flip-usb-pendrive-768x768.jpg 768w, https:\/\/www.usborkeychain.com\/wp-content\/uploads\/colorful-swarovski-crystal-flip-usb-pendrive-12x12.jpg 12w, https:\/\/www.usborkeychain.com\/wp-content\/uploads\/colorful-swarovski-crystal-flip-usb-pendrive-600x600.jpg 600w, https:\/\/www.usborkeychain.com\/wp-content\/uploads\/colorful-swarovski-crystal-flip-usb-pendrive-100x100.jpg 100w\" sizes=\"(max-width: 1000px) 100vw, 1000px\" \/><\/figure>\n<\/div>\n\n\n\n<div class=\"wp-block-column is-layout-flow wp-block-column-is-layout-flow\">\n<figure class=\"wp-block-image size-full\"><img alt=\"\" loading=\"lazy\" decoding=\"async\" width=\"1000\" height=\"1000\" src=\"https:\/\/www.usborkeychain.com\/wp-content\/uploads\/High-Speed-Crystal-Glass-U-Disk.jpg\" class=\"wp-image-2698\" srcset=\"https:\/\/www.usborkeychain.com\/wp-content\/uploads\/High-Speed-Crystal-Glass-U-Disk.jpg 1000w, https:\/\/www.usborkeychain.com\/wp-content\/uploads\/High-Speed-Crystal-Glass-U-Disk-300x300.jpg 300w, https:\/\/www.usborkeychain.com\/wp-content\/uploads\/High-Speed-Crystal-Glass-U-Disk-150x150.jpg 150w, https:\/\/www.usborkeychain.com\/wp-content\/uploads\/High-Speed-Crystal-Glass-U-Disk-768x768.jpg 768w, https:\/\/www.usborkeychain.com\/wp-content\/uploads\/High-Speed-Crystal-Glass-U-Disk-12x12.jpg 12w, https:\/\/www.usborkeychain.com\/wp-content\/uploads\/High-Speed-Crystal-Glass-U-Disk-600x600.jpg 600w, https:\/\/www.usborkeychain.com\/wp-content\/uploads\/High-Speed-Crystal-Glass-U-Disk-100x100.jpg 100w\" sizes=\"(max-width: 1000px) 100vw, 1000px\" \/><\/figure>\n<\/div>\n<\/div>\n\n\n\n<h2 class=\"wp-block-heading\">Quais s\u00e3o os par\u00e2metros da unidade USB de cristal Swarovski?<\/h2>\n\n\n\n<p>Veja a seguir os par\u00e2metros detalhados da unidade USB de cristal Swarovski. Como um produto lan\u00e7ado pelo fabricante, seu design de par\u00e2metros leva em conta tanto a praticidade quanto a est\u00e9tica:<\/p>\n\n\n\n<figure class=\"wp-block-table\"><table class=\"has-fixed-layout\"><thead><tr><th>Categoria de par\u00e2metro<\/th><th>Par\u00e2metros<\/th><\/tr><\/thead><tbody><tr><td>Capacidade de armazenamento<\/td><td>8 GB, 16 GB, 32 GB, 64 GB (capacidades maiores podem ser personalizadas de acordo com as necessidades do cliente)<\/td><\/tr><tr><td>Tipo de interface<\/td><td>USB 2.0\/USB 3.0 (opcional)<\/td><\/tr><tr><td>Velocidade de transfer\u00eancia<\/td><td>USB 2.0: Velocidade de leitura de aprox. 25 MB\/s, velocidade de grava\u00e7\u00e3o de aprox. 15 MB\/s; USB 3.0: Velocidade de leitura de aproximadamente 450 MB\/s<\/td><\/tr><tr><td>Material<\/td><td>Concha: material acr\u00edlico transparente; interior: incrustado com cristais Swarovski<\/td><\/tr><tr><td>Dimens\u00f5es<\/td><td>6,8 x 1,6 x 1 cm<\/td><\/tr><tr><td>Temperatura operacional<\/td><td>0\u2103 - 60\u2103<\/td><\/tr><tr><td>Temperatura de armazenamento<\/td><td>-20\u2103 - 85\u2103<\/td><\/tr><tr><td>Peso<\/td><td>Aproximadamente 15g<\/td><\/tr><\/tbody><\/table><\/figure>\n\n\n\n<h2 class=\"wp-block-heading\">Como criar um conjunto com a unidade USB de cristal Swarovski?<\/h2>\n\n\n\n<p>O fabricante oferece um conjunto de pen drive de cristal Swarovski, combinando o pen drive de cristal com uma caneta USB de cristal. Essa combina\u00e7\u00e3o se tornou uma escolha popular para eventos como casamentos, desfiles de moda e exposi\u00e7\u00f5es de joias. O conjunto tem um design requintado, apresentando qualidade de ponta e um estilo exclusivo, seja usado como presente de retorno para convidados em casamentos ou como brinde promocional para eventos de moda e exposi\u00e7\u00f5es de joias. A f\u00e1brica pode fornecer um design de embalagem personalizado para o conjunto de acordo com as exig\u00eancias do cliente, aumentando ainda mais o apelo do produto.<\/p>\n\n\n\n<div class=\"wp-block-columns is-layout-flex wp-container-core-columns-is-layout-28f84493 wp-block-columns-is-layout-flex\">\n<div class=\"wp-block-column is-layout-flow wp-block-column-is-layout-flow\">\n<figure class=\"wp-block-image size-full\"><img alt=\"\" loading=\"lazy\" decoding=\"async\" width=\"800\" height=\"800\" src=\"https:\/\/www.usborkeychain.com\/wp-content\/uploads\/purple-swarovski-crystal-flip-usb-pendrive.jpg\" class=\"wp-image-2703\" srcset=\"https:\/\/www.usborkeychain.com\/wp-content\/uploads\/purple-swarovski-crystal-flip-usb-pendrive.jpg 800w, https:\/\/www.usborkeychain.com\/wp-content\/uploads\/purple-swarovski-crystal-flip-usb-pendrive-300x300.jpg 300w, https:\/\/www.usborkeychain.com\/wp-content\/uploads\/purple-swarovski-crystal-flip-usb-pendrive-150x150.jpg 150w, https:\/\/www.usborkeychain.com\/wp-content\/uploads\/purple-swarovski-crystal-flip-usb-pendrive-768x768.jpg 768w, https:\/\/www.usborkeychain.com\/wp-content\/uploads\/purple-swarovski-crystal-flip-usb-pendrive-12x12.jpg 12w, https:\/\/www.usborkeychain.com\/wp-content\/uploads\/purple-swarovski-crystal-flip-usb-pendrive-600x600.jpg 600w, https:\/\/www.usborkeychain.com\/wp-content\/uploads\/purple-swarovski-crystal-flip-usb-pendrive-100x100.jpg 100w\" sizes=\"(max-width: 800px) 100vw, 800px\" \/><\/figure>\n<\/div>\n\n\n\n<div class=\"wp-block-column is-layout-flow wp-block-column-is-layout-flow\">\n<figure class=\"wp-block-image size-full\"><img alt=\"\" loading=\"lazy\" decoding=\"async\" width=\"800\" height=\"800\" src=\"https:\/\/www.usborkeychain.com\/wp-content\/uploads\/swhtiewarovski-crystal-flip-usb-pendrive.jpg\" class=\"wp-image-2707\" srcset=\"https:\/\/www.usborkeychain.com\/wp-content\/uploads\/swhtiewarovski-crystal-flip-usb-pendrive.jpg 800w, https:\/\/www.usborkeychain.com\/wp-content\/uploads\/swhtiewarovski-crystal-flip-usb-pendrive-300x300.jpg 300w, https:\/\/www.usborkeychain.com\/wp-content\/uploads\/swhtiewarovski-crystal-flip-usb-pendrive-150x150.jpg 150w, https:\/\/www.usborkeychain.com\/wp-content\/uploads\/swhtiewarovski-crystal-flip-usb-pendrive-768x768.jpg 768w, https:\/\/www.usborkeychain.com\/wp-content\/uploads\/swhtiewarovski-crystal-flip-usb-pendrive-12x12.jpg 12w, https:\/\/www.usborkeychain.com\/wp-content\/uploads\/swhtiewarovski-crystal-flip-usb-pendrive-600x600.jpg 600w, https:\/\/www.usborkeychain.com\/wp-content\/uploads\/swhtiewarovski-crystal-flip-usb-pendrive-100x100.jpg 100w\" sizes=\"(max-width: 800px) 100vw, 800px\" \/><\/figure>\n<\/div>\n\n\n\n<div class=\"wp-block-column is-layout-flow wp-block-column-is-layout-flow\">\n<figure class=\"wp-block-image size-full\"><img alt=\"\" loading=\"lazy\" decoding=\"async\" width=\"800\" height=\"800\" src=\"https:\/\/www.usborkeychain.com\/wp-content\/uploads\/pink-swarovski-crystal-flip-usb-pendrive.jpg\" class=\"wp-image-2702\" srcset=\"https:\/\/www.usborkeychain.com\/wp-content\/uploads\/pink-swarovski-crystal-flip-usb-pendrive.jpg 800w, https:\/\/www.usborkeychain.com\/wp-content\/uploads\/pink-swarovski-crystal-flip-usb-pendrive-300x300.jpg 300w, https:\/\/www.usborkeychain.com\/wp-content\/uploads\/pink-swarovski-crystal-flip-usb-pendrive-150x150.jpg 150w, https:\/\/www.usborkeychain.com\/wp-content\/uploads\/pink-swarovski-crystal-flip-usb-pendrive-768x768.jpg 768w, https:\/\/www.usborkeychain.com\/wp-content\/uploads\/pink-swarovski-crystal-flip-usb-pendrive-12x12.jpg 12w, https:\/\/www.usborkeychain.com\/wp-content\/uploads\/pink-swarovski-crystal-flip-usb-pendrive-600x600.jpg 600w, https:\/\/www.usborkeychain.com\/wp-content\/uploads\/pink-swarovski-crystal-flip-usb-pendrive-100x100.jpg 100w\" sizes=\"(max-width: 800px) 100vw, 800px\" \/><\/figure>\n<\/div>\n<\/div>\n\n\n\n<div class=\"wp-block-columns is-layout-flex wp-container-core-columns-is-layout-28f84493 wp-block-columns-is-layout-flex\">\n<div class=\"wp-block-column is-layout-flow wp-block-column-is-layout-flow\">\n<figure class=\"wp-block-image size-full\"><img alt=\"\" loading=\"lazy\" decoding=\"async\" width=\"800\" height=\"800\" src=\"https:\/\/www.usborkeychain.com\/wp-content\/uploads\/orange-swarovski-flash-drive.jpg\" class=\"wp-image-2701\" srcset=\"https:\/\/www.usborkeychain.com\/wp-content\/uploads\/orange-swarovski-flash-drive.jpg 800w, https:\/\/www.usborkeychain.com\/wp-content\/uploads\/orange-swarovski-flash-drive-300x300.jpg 300w, https:\/\/www.usborkeychain.com\/wp-content\/uploads\/orange-swarovski-flash-drive-150x150.jpg 150w, https:\/\/www.usborkeychain.com\/wp-content\/uploads\/orange-swarovski-flash-drive-768x768.jpg 768w, https:\/\/www.usborkeychain.com\/wp-content\/uploads\/orange-swarovski-flash-drive-12x12.jpg 12w, https:\/\/www.usborkeychain.com\/wp-content\/uploads\/orange-swarovski-flash-drive-600x600.jpg 600w, https:\/\/www.usborkeychain.com\/wp-content\/uploads\/orange-swarovski-flash-drive-100x100.jpg 100w\" sizes=\"(max-width: 800px) 100vw, 800px\" \/><\/figure>\n<\/div>\n\n\n\n<div class=\"wp-block-column is-layout-flow wp-block-column-is-layout-flow\">\n<figure class=\"wp-block-image size-full\"><img alt=\"\" loading=\"lazy\" decoding=\"async\" width=\"800\" height=\"800\" src=\"https:\/\/www.usborkeychain.com\/wp-content\/uploads\/light-blue-swarovski-crystal-flip-usb-pendrive.jpg\" class=\"wp-image-2699\" srcset=\"https:\/\/www.usborkeychain.com\/wp-content\/uploads\/light-blue-swarovski-crystal-flip-usb-pendrive.jpg 800w, https:\/\/www.usborkeychain.com\/wp-content\/uploads\/light-blue-swarovski-crystal-flip-usb-pendrive-300x300.jpg 300w, https:\/\/www.usborkeychain.com\/wp-content\/uploads\/light-blue-swarovski-crystal-flip-usb-pendrive-150x150.jpg 150w, https:\/\/www.usborkeychain.com\/wp-content\/uploads\/light-blue-swarovski-crystal-flip-usb-pendrive-768x768.jpg 768w, https:\/\/www.usborkeychain.com\/wp-content\/uploads\/light-blue-swarovski-crystal-flip-usb-pendrive-12x12.jpg 12w, https:\/\/www.usborkeychain.com\/wp-content\/uploads\/light-blue-swarovski-crystal-flip-usb-pendrive-600x600.jpg 600w, https:\/\/www.usborkeychain.com\/wp-content\/uploads\/light-blue-swarovski-crystal-flip-usb-pendrive-100x100.jpg 100w\" sizes=\"(max-width: 800px) 100vw, 800px\" \/><\/figure>\n<\/div>\n\n\n\n<div class=\"wp-block-column is-layout-flow wp-block-column-is-layout-flow\">\n<figure class=\"wp-block-image size-full\"><img alt=\"\" loading=\"lazy\" decoding=\"async\" width=\"800\" height=\"800\" src=\"https:\/\/www.usborkeychain.com\/wp-content\/uploads\/green-swarovski-crystal-flip-usb-pendrive.jpg\" class=\"wp-image-2697\" srcset=\"https:\/\/www.usborkeychain.com\/wp-content\/uploads\/green-swarovski-crystal-flip-usb-pendrive.jpg 800w, https:\/\/www.usborkeychain.com\/wp-content\/uploads\/green-swarovski-crystal-flip-usb-pendrive-300x300.jpg 300w, https:\/\/www.usborkeychain.com\/wp-content\/uploads\/green-swarovski-crystal-flip-usb-pendrive-150x150.jpg 150w, https:\/\/www.usborkeychain.com\/wp-content\/uploads\/green-swarovski-crystal-flip-usb-pendrive-768x768.jpg 768w, https:\/\/www.usborkeychain.com\/wp-content\/uploads\/green-swarovski-crystal-flip-usb-pendrive-12x12.jpg 12w, https:\/\/www.usborkeychain.com\/wp-content\/uploads\/green-swarovski-crystal-flip-usb-pendrive-600x600.jpg 600w, https:\/\/www.usborkeychain.com\/wp-content\/uploads\/green-swarovski-crystal-flip-usb-pendrive-100x100.jpg 100w\" sizes=\"(max-width: 800px) 100vw, 800px\" \/><\/figure>\n<\/div>\n<\/div>\n\n\n\n<h2 class=\"wp-block-heading\">A unidade USB de cristal Swarovski pode ser personalizada com um logotipo?<\/h2>\n\n\n\n<p>Para clientes com necessidades de personaliza\u00e7\u00e3o, o fabricante oferece servi\u00e7os profissionais de personaliza\u00e7\u00e3o, permitindo a grava\u00e7\u00e3o a laser de logotipos e padr\u00f5es nas pe\u00e7as de metal. Esse m\u00e9todo de personaliza\u00e7\u00e3o n\u00e3o apenas mostra a imagem da marca corporativa, mas tamb\u00e9m torna o drive USB um suporte promocional exclusivo. Seja para presentear empresas ou como lembran\u00e7a de eventos, o pen drive de cristal Swarovski com um logotipo personalizado pode deixar uma impress\u00e3o profunda. Enquanto isso, o fabricante tamb\u00e9m oferece suporte a compras no atacado, atendendo \u00e0s necessidades de grande volume de diferentes clientes e oferecendo a eles solu\u00e7\u00f5es mais econ\u00f4micas.<\/p>\n\n\n\n<p>O cl\u00e1ssico pen drive de cristal Swarovski, com seus materiais de alta qualidade, design requintado, ricas op\u00e7\u00f5es de personaliza\u00e7\u00e3o e os servi\u00e7os profissionais do fabricante, tornou-se a escolha ideal para clientes B2B em brindes promocionais, conjuntos para eventos etc. Seja para compras no atacado ou necessidades de personaliza\u00e7\u00e3o, o fabricante e a f\u00e1brica podem oferecer um forte suporte para ajudar os clientes a realizar v\u00e1rias atividades comerciais.<\/p>","protected":false},"excerpt":{"rendered":"<ul>\n<li>Swarovski moderno e na moda<\/li>\n<li>Design exclusivo<\/li>\n<li>O que o torna ideal para presentes<\/li>\n<li>Uso promocional<\/li>\n<li>Pode personalizar o logotipo<\/li>\n<\/ul>","protected":false},"featured_media":2704,"comment_status":"open","ping_status":"closed","template":"","meta":{"_seopress_robots_primary_cat":"","_seopress_titles_title":"","_seopress_titles_desc":"","_seopress_robots_index":"","site-sidebar-layout":"default","site-content-layout":"","ast-site-content-layout":"","site-content-style":"default","site-sidebar-style":"default","ast-global-header-display":"","ast-banner-title-visibility":"","ast-main-header-display":"","ast-hfb-above-header-display":"","ast-hfb-below-header-display":"","ast-hfb-mobile-header-display":"","site-post-title":"","ast-breadcrumbs-content":"","ast-featured-img":"","footer-sml-layout":"","theme-transparent-header-meta":"","adv-header-id-meta":"","stick-header-meta":"","header-above-stick-meta":"","header-main-stick-meta":"","header-below-stick-meta":"","astra-migrate-meta-layouts":"default","ast-page-background-enabled":"default","ast-page-background-meta":{"desktop":{"background-color":"var(--ast-global-color-5)","background-image":"","background-repeat":"repeat","background-position":"center center","background-size":"auto","background-attachment":"scroll","background-type":"","background-media":"","overlay-type":"","overlay-color":"","overlay-opacity":"","overlay-gradient":""},"tablet":{"background-color":"","background-image":"","background-repeat":"repeat","background-position":"center center","background-size":"auto","background-attachment":"scroll","background-type":"","background-media":"","overlay-type":"","overlay-color":"","overlay-opacity":"","overlay-gradient":""},"mobile":{"background-color":"","background-image":"","background-repeat":"repeat","background-position":"center center","background-size":"auto","background-attachment":"scroll","background-type":"","background-media":"","overlay-type":"","overlay-color":"","overlay-opacity":"","overlay-gradient":""}},"ast-content-background-meta":{"desktop":{"background-color":"var(--ast-global-color-4)","background-image":"","background-repeat":"repeat","background-position":"center center","background-size":"auto","background-attachment":"scroll","background-type":"","background-media":"","overlay-type":"","overlay-color":"","overlay-opacity":"","overlay-gradient":""},"tablet":{"background-color":"var(--ast-global-color-4)","background-image":"","background-repeat":"repeat","background-position":"center center","background-size":"auto","background-attachment":"scroll","background-type":"","background-media":"","overlay-type":"","overlay-color":"","overlay-opacity":"","overlay-gradient":""},"mobile":{"background-color":"var(--ast-global-color-4)","background-image":"","background-repeat":"repeat","background-position":"center center","background-size":"auto","background-attachment":"scroll","background-type":"","background-media":"","overlay-type":"","overlay-color":"","overlay-opacity":"","overlay-gradient":""}}},"product_brand":[],"product_cat":[91,174],"product_tag":[177,176],"class_list":{"0":"post-2692","1":"product","2":"type-product","3":"status-publish","4":"has-post-thumbnail","6":"product_cat-acrylic-usb-pendrive","7":"product_cat-crystal-usb-pendrive","8":"product_tag-crystal-flash-drive","9":"product_tag-swarovski-crystal-flash-drive","10":"desktop-align-left","11":"tablet-align-left","12":"mobile-align-left","14":"first","15":"instock","16":"shipping-taxable","17":"product-type-simple"},"_links":{"self":[{"href":"https:\/\/www.usborkeychain.com\/pt\/wp-json\/wp\/v2\/product\/2692","targetHints":{"allow":["GET"]}}],"collection":[{"href":"https:\/\/www.usborkeychain.com\/pt\/wp-json\/wp\/v2\/product"}],"about":[{"href":"https:\/\/www.usborkeychain.com\/pt\/wp-json\/wp\/v2\/types\/product"}],"replies":[{"embeddable":true,"href":"https:\/\/www.usborkeychain.com\/pt\/wp-json\/wp\/v2\/comments?post=2692"}],"wp:featuredmedia":[{"embeddable":true,"href":"https:\/\/www.usborkeychain.com\/pt\/wp-json\/wp\/v2\/media\/2704"}],"wp:attachment":[{"href":"https:\/\/www.usborkeychain.com\/pt\/wp-json\/wp\/v2\/media?parent=2692"}],"wp:term":[{"taxonomy":"product_brand","embeddable":true,"href":"https:\/\/www.usborkeychain.com\/pt\/wp-json\/wp\/v2\/product_brand?post=2692"},{"taxonomy":"product_cat","embeddable":true,"href":"https:\/\/www.usborkeychain.com\/pt\/wp-json\/wp\/v2\/product_cat?post=2692"},{"taxonomy":"product_tag","embeddable":true,"href":"https:\/\/www.usborkeychain.com\/pt\/wp-json\/wp\/v2\/product_tag?post=2692"}],"curies":[{"name":"wp","href":"https:\/\/api.w.org\/{rel}","templated":true}]}}