{"id":2708,"date":"2025-06-23T04:02:50","date_gmt":"2025-06-23T04:02:50","guid":{"rendered":"https:\/\/www.usborkeychain.com\/?post_type=product&#038;p=2708"},"modified":"2025-07-25T03:57:24","modified_gmt":"2025-07-25T03:57:24","slug":"plastic-lighter-usb-flash-drive%ef%bc%882-modles%ef%bc%89","status":"publish","type":"product","link":"https:\/\/www.usborkeychain.com\/pt\/produto\/plastic-lighter-usb-flash-drive%ef%bc%882-modles%ef%bc%89\/","title":{"rendered":"Isqueiro de pl\u00e1stico USB Flash Drive\uff082 modelos\uff09"},"content":{"rendered":"<h2 class=\"wp-block-heading\">Introdu\u00e7\u00e3o \u00e0 unidade USB Classic Plastic Lighter<\/h2>\n\n\n\n<p>A cl\u00e1ssica unidade USB com isqueiro de pl\u00e1stico, um nome especial dado pelos fabricantes de unidades USB, \u00e9 popular h\u00e1 mais de 20 anos. Com seu design pr\u00e1tico e ultrassimples, ele se tornou um dos modelos de unidade USB com o maior volume de exporta\u00e7\u00e3o. Ele apresenta dois modelos principais altamente reconhecidos no mercado - o modelo longo de primeira gera\u00e7\u00e3o e o modelo arredondado de segunda gera\u00e7\u00e3o, brilhando tanto no com\u00e9rcio exterior por atacado quanto na personaliza\u00e7\u00e3o corporativa, e servindo como uma constante em brindes promocionais e cen\u00e1rios de presentes comerciais.<\/p>\n\n\n\n<div class=\"wp-block-columns is-layout-flex wp-container-core-columns-is-layout-28f84493 wp-block-columns-is-layout-flex\">\n<div class=\"wp-block-column is-layout-flow wp-block-column-is-layout-flow\">\n<figure class=\"wp-block-image size-full\"><img alt=\"\" fetchpriority=\"high\" decoding=\"async\" width=\"800\" height=\"800\" src=\"https:\/\/www.usborkeychain.com\/wp-content\/uploads\/Classic-Plastic-Lighter-USB-Drive.jpg\" class=\"wp-image-2719\" srcset=\"https:\/\/www.usborkeychain.com\/wp-content\/uploads\/Classic-Plastic-Lighter-USB-Drive.jpg 800w, https:\/\/www.usborkeychain.com\/wp-content\/uploads\/Classic-Plastic-Lighter-USB-Drive-300x300.jpg 300w, https:\/\/www.usborkeychain.com\/wp-content\/uploads\/Classic-Plastic-Lighter-USB-Drive-150x150.jpg 150w, https:\/\/www.usborkeychain.com\/wp-content\/uploads\/Classic-Plastic-Lighter-USB-Drive-768x768.jpg 768w, https:\/\/www.usborkeychain.com\/wp-content\/uploads\/Classic-Plastic-Lighter-USB-Drive-12x12.jpg 12w, https:\/\/www.usborkeychain.com\/wp-content\/uploads\/Classic-Plastic-Lighter-USB-Drive-600x600.jpg 600w, https:\/\/www.usborkeychain.com\/wp-content\/uploads\/Classic-Plastic-Lighter-USB-Drive-100x100.jpg 100w\" sizes=\"(max-width: 800px) 100vw, 800px\" \/><\/figure>\n<\/div>\n\n\n\n<div class=\"wp-block-column is-layout-flow wp-block-column-is-layout-flow\">\n<figure class=\"wp-block-image size-full\"><img alt=\"\" decoding=\"async\" width=\"800\" height=\"800\" src=\"https:\/\/www.usborkeychain.com\/wp-content\/uploads\/bulk-plastic-usb-drive.jpg\" class=\"wp-image-2732\" srcset=\"https:\/\/www.usborkeychain.com\/wp-content\/uploads\/bulk-plastic-usb-drive.jpg 800w, https:\/\/www.usborkeychain.com\/wp-content\/uploads\/bulk-plastic-usb-drive-300x300.jpg 300w, https:\/\/www.usborkeychain.com\/wp-content\/uploads\/bulk-plastic-usb-drive-150x150.jpg 150w, https:\/\/www.usborkeychain.com\/wp-content\/uploads\/bulk-plastic-usb-drive-768x768.jpg 768w, https:\/\/www.usborkeychain.com\/wp-content\/uploads\/bulk-plastic-usb-drive-12x12.jpg 12w, https:\/\/www.usborkeychain.com\/wp-content\/uploads\/bulk-plastic-usb-drive-600x600.jpg 600w, https:\/\/www.usborkeychain.com\/wp-content\/uploads\/bulk-plastic-usb-drive-100x100.jpg 100w\" sizes=\"(max-width: 800px) 100vw, 800px\" \/><\/figure>\n<\/div>\n<\/div>\n\n\n\n<h2 class=\"wp-block-heading\">Qual \u00e9 o material da unidade USB mais leve?<\/h2>\n\n\n\n<p>O inv\u00f3lucro \u00e9 feito de material pl\u00e1stico ABS tradicional, formado integralmente pela f\u00e1brica por meio de moldagem por inje\u00e7\u00e3o, com propriedades de resist\u00eancia a quedas e ao desgaste. O material suporta tratamentos de superf\u00edcie diversificados: o estado da mat\u00e9ria-prima permite a impress\u00e3o direta do LOGOTIPO; o processo de pulveriza\u00e7\u00e3o de \u00f3leo faz com que o inv\u00f3lucro apresente uma textura espelhada lisa e totalmente colorida; o processo fosco d\u00e1 um toque granulado delicado, melhorando o desempenho antiderrapante e aprimorando a sensa\u00e7\u00e3o de alta qualidade. Todos os tr\u00eas processos permitem a personaliza\u00e7\u00e3o de lotes para atender \u00e0s necessidades visuais de diferentes marcas.<\/p>\n\n\n\n<h2 class=\"wp-block-heading\">Qual \u00e9 o design da unidade USB cl\u00e1ssica mais leve de primeira gera\u00e7\u00e3o?<\/h2>\n\n\n\n<p>Adota um formato de prancha longa e reta, com bordas arredondadas para uma pegada confort\u00e1vel na palma da m\u00e3o. O design de abertura e fechamento flip-top mant\u00e9m a l\u00f3gica cl\u00e1ssica de opera\u00e7\u00e3o dos isqueiros, e a estrutura de conector de metal integrada garante que a tampa n\u00e3o caia facilmente. H\u00e1 uma grande variedade de op\u00e7\u00f5es de cores, incluindo o cl\u00e1ssico preto\/branco, laranja vibrante, cinza comercial e outros sistemas b\u00e1sicos de cores. A f\u00e1brica pode personalizar cores exclusivas de acordo com a cartela de cores Pantone para se adaptar ao sistema VI da marca.<\/p>\n\n\n\n<div class=\"wp-block-columns is-layout-flex wp-container-core-columns-is-layout-28f84493 wp-block-columns-is-layout-flex\">\n<div class=\"wp-block-column is-layout-flow wp-block-column-is-layout-flow\">\n<figure class=\"wp-block-image size-full\"><img alt=\"\" decoding=\"async\" width=\"800\" height=\"800\" src=\"https:\/\/www.usborkeychain.com\/wp-content\/uploads\/white-all-plastic-usb-flash-drive-supplier.jpg\" class=\"wp-image-2725\" srcset=\"https:\/\/www.usborkeychain.com\/wp-content\/uploads\/white-all-plastic-usb-flash-drive-supplier.jpg 800w, https:\/\/www.usborkeychain.com\/wp-content\/uploads\/white-all-plastic-usb-flash-drive-supplier-300x300.jpg 300w, https:\/\/www.usborkeychain.com\/wp-content\/uploads\/white-all-plastic-usb-flash-drive-supplier-150x150.jpg 150w, https:\/\/www.usborkeychain.com\/wp-content\/uploads\/white-all-plastic-usb-flash-drive-supplier-768x768.jpg 768w, https:\/\/www.usborkeychain.com\/wp-content\/uploads\/white-all-plastic-usb-flash-drive-supplier-12x12.jpg 12w, https:\/\/www.usborkeychain.com\/wp-content\/uploads\/white-all-plastic-usb-flash-drive-supplier-600x600.jpg 600w, https:\/\/www.usborkeychain.com\/wp-content\/uploads\/white-all-plastic-usb-flash-drive-supplier-100x100.jpg 100w\" sizes=\"(max-width: 800px) 100vw, 800px\" \/><\/figure>\n<\/div>\n\n\n\n<div class=\"wp-block-column is-layout-flow wp-block-column-is-layout-flow\">\n<figure class=\"wp-block-image size-full\"><img alt=\"\" loading=\"lazy\" decoding=\"async\" width=\"1000\" height=\"1000\" src=\"https:\/\/www.usborkeychain.com\/wp-content\/uploads\/O1CN01ygXwHD1Eon2aagL8h_1008900399-0-cib.jpg\" class=\"wp-image-2723\" srcset=\"https:\/\/www.usborkeychain.com\/wp-content\/uploads\/O1CN01ygXwHD1Eon2aagL8h_1008900399-0-cib.jpg 1000w, https:\/\/www.usborkeychain.com\/wp-content\/uploads\/O1CN01ygXwHD1Eon2aagL8h_1008900399-0-cib-300x300.jpg 300w, https:\/\/www.usborkeychain.com\/wp-content\/uploads\/O1CN01ygXwHD1Eon2aagL8h_1008900399-0-cib-150x150.jpg 150w, https:\/\/www.usborkeychain.com\/wp-content\/uploads\/O1CN01ygXwHD1Eon2aagL8h_1008900399-0-cib-768x768.jpg 768w, https:\/\/www.usborkeychain.com\/wp-content\/uploads\/O1CN01ygXwHD1Eon2aagL8h_1008900399-0-cib-12x12.jpg 12w, https:\/\/www.usborkeychain.com\/wp-content\/uploads\/O1CN01ygXwHD1Eon2aagL8h_1008900399-0-cib-600x600.jpg 600w, https:\/\/www.usborkeychain.com\/wp-content\/uploads\/O1CN01ygXwHD1Eon2aagL8h_1008900399-0-cib-100x100.jpg 100w\" sizes=\"(max-width: 1000px) 100vw, 1000px\" \/><\/figure>\n<\/div>\n\n\n\n<div class=\"wp-block-column is-layout-flow wp-block-column-is-layout-flow\">\n<figure class=\"wp-block-image size-full\"><img alt=\"\" loading=\"lazy\" decoding=\"async\" width=\"1000\" height=\"1000\" src=\"https:\/\/www.usborkeychain.com\/wp-content\/uploads\/O1CN01eezEc21gJT18bKHrw_2215467894121-0-cib.jpg\" class=\"wp-image-2720\" srcset=\"https:\/\/www.usborkeychain.com\/wp-content\/uploads\/O1CN01eezEc21gJT18bKHrw_2215467894121-0-cib.jpg 1000w, https:\/\/www.usborkeychain.com\/wp-content\/uploads\/O1CN01eezEc21gJT18bKHrw_2215467894121-0-cib-300x300.jpg 300w, https:\/\/www.usborkeychain.com\/wp-content\/uploads\/O1CN01eezEc21gJT18bKHrw_2215467894121-0-cib-150x150.jpg 150w, https:\/\/www.usborkeychain.com\/wp-content\/uploads\/O1CN01eezEc21gJT18bKHrw_2215467894121-0-cib-768x768.jpg 768w, https:\/\/www.usborkeychain.com\/wp-content\/uploads\/O1CN01eezEc21gJT18bKHrw_2215467894121-0-cib-12x12.jpg 12w, https:\/\/www.usborkeychain.com\/wp-content\/uploads\/O1CN01eezEc21gJT18bKHrw_2215467894121-0-cib-600x600.jpg 600w, https:\/\/www.usborkeychain.com\/wp-content\/uploads\/O1CN01eezEc21gJT18bKHrw_2215467894121-0-cib-100x100.jpg 100w\" sizes=\"(max-width: 1000px) 100vw, 1000px\" \/><\/figure>\n<\/div>\n<\/div>\n\n\n\n<h2 class=\"wp-block-heading\">Quais s\u00e3o os par\u00e2metros da unidade USB cl\u00e1ssica mais leve de primeira gera\u00e7\u00e3o?<\/h2>\n\n\n\n<p>A seguir est\u00e3o os par\u00e2metros principais do produto de primeira gera\u00e7\u00e3o, desenvolvido pelo fabricante de acordo com os padr\u00f5es internacionais de exporta\u00e7\u00e3o, equilibrando desempenho e portabilidade:<\/p>\n\n\n\n<figure class=\"wp-block-table\"><table class=\"has-fixed-layout\"><thead><tr><th>Categoria de par\u00e2metro<\/th><th>Par\u00e2metros espec\u00edficos<\/th><\/tr><\/thead><tbody><tr><td>Capacidade de armazenamento<\/td><td>8GB\/16GB\/32GB\/64GB (suporta personaliza\u00e7\u00e3o de 128GB e acima de grande capacidade)<\/td><\/tr><tr><td>Tipo de interface<\/td><td>USB 2.0 (padr\u00e3o)\/USB 3.0 (opcional)<\/td><\/tr><tr><td>Velocidade de transfer\u00eancia<\/td><td>USB 2.0: Leitura de 25 MB\/s, grava\u00e7\u00e3o de 15 MB\/s; USB 3.0: Leitura de 450 MB\/s, grava\u00e7\u00e3o de 120 MB\/s<\/td><\/tr><tr><td>Material<\/td><td>Carca\u00e7a: Pl\u00e1stico ABS (processo de pulveriza\u00e7\u00e3o de \u00f3leo\/congelamento)<\/td><\/tr><tr><td>Dimens\u00f5es<\/td><td>723\u00d720\u00d73mm (comprimento\u00d7largura\u00d7espessura)<\/td><\/tr><tr><td>Temperatura operacional<\/td><td>0\u2103-60\u2103<\/td><\/tr><tr><td>Temperatura de armazenamento<\/td><td>-20\u2103-85\u2103<\/td><\/tr><tr><td>Fun\u00e7\u00f5es adicionais<\/td><td>Luz indicadora de LED embutida (pisca quando est\u00e1 conectado ou desconectado)<\/td><\/tr><\/tbody><\/table><\/figure>\n\n\n\n<div class=\"wp-block-columns is-layout-flex wp-container-core-columns-is-layout-28f84493 wp-block-columns-is-layout-flex\">\n<div class=\"wp-block-column is-layout-flow wp-block-column-is-layout-flow\">\n<figure class=\"wp-block-image size-full\"><img alt=\"\" loading=\"lazy\" decoding=\"async\" width=\"1000\" height=\"1000\" src=\"https:\/\/www.usborkeychain.com\/wp-content\/uploads\/Plastic-Lighter-USB-Flash-Drive.jpg\" class=\"wp-image-2738\" srcset=\"https:\/\/www.usborkeychain.com\/wp-content\/uploads\/Plastic-Lighter-USB-Flash-Drive.jpg 1000w, https:\/\/www.usborkeychain.com\/wp-content\/uploads\/Plastic-Lighter-USB-Flash-Drive-300x300.jpg 300w, https:\/\/www.usborkeychain.com\/wp-content\/uploads\/Plastic-Lighter-USB-Flash-Drive-150x150.jpg 150w, https:\/\/www.usborkeychain.com\/wp-content\/uploads\/Plastic-Lighter-USB-Flash-Drive-768x768.jpg 768w, https:\/\/www.usborkeychain.com\/wp-content\/uploads\/Plastic-Lighter-USB-Flash-Drive-12x12.jpg 12w, https:\/\/www.usborkeychain.com\/wp-content\/uploads\/Plastic-Lighter-USB-Flash-Drive-600x600.jpg 600w, https:\/\/www.usborkeychain.com\/wp-content\/uploads\/Plastic-Lighter-USB-Flash-Drive-100x100.jpg 100w\" sizes=\"(max-width: 1000px) 100vw, 1000px\" \/><\/figure>\n<\/div>\n\n\n\n<div class=\"wp-block-column is-layout-flow wp-block-column-is-layout-flow\">\n<figure class=\"wp-block-image size-full\"><img alt=\"\" loading=\"lazy\" decoding=\"async\" width=\"1024\" height=\"1024\" src=\"https:\/\/www.usborkeychain.com\/wp-content\/uploads\/plastic-case-for-usb-flash-drive.jpg\" class=\"wp-image-2724\" srcset=\"https:\/\/www.usborkeychain.com\/wp-content\/uploads\/plastic-case-for-usb-flash-drive.jpg 1024w, https:\/\/www.usborkeychain.com\/wp-content\/uploads\/plastic-case-for-usb-flash-drive-300x300.jpg 300w, https:\/\/www.usborkeychain.com\/wp-content\/uploads\/plastic-case-for-usb-flash-drive-150x150.jpg 150w, https:\/\/www.usborkeychain.com\/wp-content\/uploads\/plastic-case-for-usb-flash-drive-768x768.jpg 768w, https:\/\/www.usborkeychain.com\/wp-content\/uploads\/plastic-case-for-usb-flash-drive-12x12.jpg 12w, https:\/\/www.usborkeychain.com\/wp-content\/uploads\/plastic-case-for-usb-flash-drive-600x600.jpg 600w, https:\/\/www.usborkeychain.com\/wp-content\/uploads\/plastic-case-for-usb-flash-drive-100x100.jpg 100w\" sizes=\"(max-width: 1024px) 100vw, 1024px\" \/><\/figure>\n<\/div>\n\n\n\n<div class=\"wp-block-column is-layout-flow wp-block-column-is-layout-flow\">\n<figure class=\"wp-block-image size-full\"><img alt=\"\" loading=\"lazy\" decoding=\"async\" width=\"1000\" height=\"1000\" src=\"https:\/\/www.usborkeychain.com\/wp-content\/uploads\/O1CN01JmxRpW1Eon2XMct5t_1008900399-0-cib.jpg\" class=\"wp-image-2721\" srcset=\"https:\/\/www.usborkeychain.com\/wp-content\/uploads\/O1CN01JmxRpW1Eon2XMct5t_1008900399-0-cib.jpg 1000w, https:\/\/www.usborkeychain.com\/wp-content\/uploads\/O1CN01JmxRpW1Eon2XMct5t_1008900399-0-cib-300x300.jpg 300w, https:\/\/www.usborkeychain.com\/wp-content\/uploads\/O1CN01JmxRpW1Eon2XMct5t_1008900399-0-cib-150x150.jpg 150w, https:\/\/www.usborkeychain.com\/wp-content\/uploads\/O1CN01JmxRpW1Eon2XMct5t_1008900399-0-cib-768x768.jpg 768w, https:\/\/www.usborkeychain.com\/wp-content\/uploads\/O1CN01JmxRpW1Eon2XMct5t_1008900399-0-cib-12x12.jpg 12w, https:\/\/www.usborkeychain.com\/wp-content\/uploads\/O1CN01JmxRpW1Eon2XMct5t_1008900399-0-cib-600x600.jpg 600w, https:\/\/www.usborkeychain.com\/wp-content\/uploads\/O1CN01JmxRpW1Eon2XMct5t_1008900399-0-cib-100x100.jpg 100w\" sizes=\"(max-width: 1000px) 100vw, 1000px\" \/><\/figure>\n<\/div>\n<\/div>\n\n\n\n<h2 class=\"wp-block-heading\">Quais s\u00e3o as atualiza\u00e7\u00f5es da unidade USB cl\u00e1ssica mais leve de segunda gera\u00e7\u00e3o?<\/h2>\n\n\n\n<p>Com base no modelo longo de primeira gera\u00e7\u00e3o, a segunda gera\u00e7\u00e3o \u00e9 otimizada em um perfil retangular arredondado, com grandes designs de borda em arco na cabe\u00e7a e na cauda, tornando a vis\u00e3o mais arredondada e elegante. O tamanho total \u00e9 15% menor do que o da gera\u00e7\u00e3o anterior, com um volume medido de apenas 680\u00d718\u00d72,8 mm. A capacidade de carga por caixa durante a embalagem e o transporte \u00e9 aumentada em 20%, reduzindo efetivamente os custos de log\u00edstica de exporta\u00e7\u00e3o. A f\u00e1brica pode fornecer caixas brancas neutras ou embalagens coloridas personalizadas para se adaptar \u00e0s necessidades de aquisi\u00e7\u00e3o do com\u00e9rcio eletr\u00f4nico internacional.<\/p>\n\n\n\n<div class=\"wp-block-columns is-layout-flex wp-container-core-columns-is-layout-28f84493 wp-block-columns-is-layout-flex\">\n<div class=\"wp-block-column is-layout-flow wp-block-column-is-layout-flow\">\n<figure class=\"wp-block-image size-full\"><img alt=\"\" loading=\"lazy\" decoding=\"async\" width=\"790\" height=\"564\" src=\"https:\/\/www.usborkeychain.com\/wp-content\/uploads\/Plastic-Lighter-USB-Flash-Drive-paper.jpg\" class=\"wp-image-2734\" srcset=\"https:\/\/www.usborkeychain.com\/wp-content\/uploads\/Plastic-Lighter-USB-Flash-Drive-paper.jpg 790w, https:\/\/www.usborkeychain.com\/wp-content\/uploads\/Plastic-Lighter-USB-Flash-Drive-paper-300x214.jpg 300w, https:\/\/www.usborkeychain.com\/wp-content\/uploads\/Plastic-Lighter-USB-Flash-Drive-paper-768x548.jpg 768w, https:\/\/www.usborkeychain.com\/wp-content\/uploads\/Plastic-Lighter-USB-Flash-Drive-paper-18x12.jpg 18w, https:\/\/www.usborkeychain.com\/wp-content\/uploads\/Plastic-Lighter-USB-Flash-Drive-paper-600x428.jpg 600w\" sizes=\"(max-width: 790px) 100vw, 790px\" \/><\/figure>\n<\/div>\n\n\n\n<div class=\"wp-block-column is-layout-flow wp-block-column-is-layout-flow\">\n<figure class=\"wp-block-image size-full\"><img alt=\"\" loading=\"lazy\" decoding=\"async\" width=\"790\" height=\"564\" src=\"https:\/\/www.usborkeychain.com\/wp-content\/uploads\/Plastic-Lighter-USB-Flash-Drive-plastic-box.jpg\" class=\"wp-image-2735\" srcset=\"https:\/\/www.usborkeychain.com\/wp-content\/uploads\/Plastic-Lighter-USB-Flash-Drive-plastic-box.jpg 790w, https:\/\/www.usborkeychain.com\/wp-content\/uploads\/Plastic-Lighter-USB-Flash-Drive-plastic-box-300x214.jpg 300w, https:\/\/www.usborkeychain.com\/wp-content\/uploads\/Plastic-Lighter-USB-Flash-Drive-plastic-box-768x548.jpg 768w, https:\/\/www.usborkeychain.com\/wp-content\/uploads\/Plastic-Lighter-USB-Flash-Drive-plastic-box-18x12.jpg 18w, https:\/\/www.usborkeychain.com\/wp-content\/uploads\/Plastic-Lighter-USB-Flash-Drive-plastic-box-600x428.jpg 600w\" sizes=\"(max-width: 790px) 100vw, 790px\" \/><\/figure>\n<\/div>\n\n\n\n<div class=\"wp-block-column is-layout-flow wp-block-column-is-layout-flow\">\n<figure class=\"wp-block-image size-full\"><img alt=\"\" loading=\"lazy\" decoding=\"async\" width=\"790\" height=\"564\" src=\"https:\/\/www.usborkeychain.com\/wp-content\/uploads\/Plastic-Lighter-USB-Flash-Drive-gift-box.jpg\" class=\"wp-image-2733\" srcset=\"https:\/\/www.usborkeychain.com\/wp-content\/uploads\/Plastic-Lighter-USB-Flash-Drive-gift-box.jpg 790w, https:\/\/www.usborkeychain.com\/wp-content\/uploads\/Plastic-Lighter-USB-Flash-Drive-gift-box-300x214.jpg 300w, https:\/\/www.usborkeychain.com\/wp-content\/uploads\/Plastic-Lighter-USB-Flash-Drive-gift-box-768x548.jpg 768w, https:\/\/www.usborkeychain.com\/wp-content\/uploads\/Plastic-Lighter-USB-Flash-Drive-gift-box-18x12.jpg 18w, https:\/\/www.usborkeychain.com\/wp-content\/uploads\/Plastic-Lighter-USB-Flash-Drive-gift-box-600x428.jpg 600w\" sizes=\"(max-width: 790px) 100vw, 790px\" \/><\/figure>\n<\/div>\n\n\n\n<div class=\"wp-block-column is-layout-flow wp-block-column-is-layout-flow\">\n<figure class=\"wp-block-image size-full\"><img alt=\"\" loading=\"lazy\" decoding=\"async\" width=\"790\" height=\"564\" src=\"https:\/\/www.usborkeychain.com\/wp-content\/uploads\/Plastic-Lighter-USB-Flash-Drive-tin-box.jpg\" class=\"wp-image-2737\" srcset=\"https:\/\/www.usborkeychain.com\/wp-content\/uploads\/Plastic-Lighter-USB-Flash-Drive-tin-box.jpg 790w, https:\/\/www.usborkeychain.com\/wp-content\/uploads\/Plastic-Lighter-USB-Flash-Drive-tin-box-300x214.jpg 300w, https:\/\/www.usborkeychain.com\/wp-content\/uploads\/Plastic-Lighter-USB-Flash-Drive-tin-box-768x548.jpg 768w, https:\/\/www.usborkeychain.com\/wp-content\/uploads\/Plastic-Lighter-USB-Flash-Drive-tin-box-18x12.jpg 18w, https:\/\/www.usborkeychain.com\/wp-content\/uploads\/Plastic-Lighter-USB-Flash-Drive-tin-box-600x428.jpg 600w\" sizes=\"(max-width: 790px) 100vw, 790px\" \/><\/figure>\n<\/div>\n<\/div>\n\n\n\n<h2 class=\"wp-block-heading\">Os dois modelos de unidades USB mais leves podem ser personalizados com logotipos?<\/h2>\n\n\n\n<p>Eles suportam dois processos de personaliza\u00e7\u00e3o: serigrafia e tampografia, que podem apresentar LOGOTIPOS da marca, slogans de eventos e outros padr\u00f5es no inv\u00f3lucro pl\u00e1stico do corpo. A luz LED integrada piscar\u00e1 a luz colorida da marca (a cor pode ser personalizada) quando a unidade USB for inserida no computador, refor\u00e7ando o ponto de mem\u00f3ria da marca. O fabricante oferece servi\u00e7os de atacado com uma quantidade m\u00ednima de pedido de 100 pe\u00e7as, suportando lotes mistos das duas gera\u00e7\u00f5es de modelos. O estoque local suficiente o torna adequado para compras em massa por empresas de presentes e comerciantes de com\u00e9rcio exterior.<\/p>\n\n\n\n<p>O cl\u00e1ssico pen drive de pl\u00e1stico com isqueiro, com seus 20 anos de design maduro comprovado pelo mercado, combinado com o tratamento de processo diversificado do pl\u00e1stico ABS e as vantagens de personaliza\u00e7\u00e3o e atacado do fornecimento direto do fabricante, tornou-se uma op\u00e7\u00e3o econ\u00f4mica para clientes B2B em brindes promocionais e campos de exporta\u00e7\u00e3o internacionais.<\/p>","protected":false},"excerpt":{"rendered":"<p>Introduction to the Classic Plastic Lighter USB Drive The classic plastic lighter USB drive, a special name given by USB [&hellip;]<\/p>","protected":false},"featured_media":2736,"comment_status":"open","ping_status":"closed","template":"","meta":{"_seopress_robots_primary_cat":"none","_seopress_titles_title":"","_seopress_titles_desc":"","_seopress_robots_index":"","site-sidebar-layout":"default","site-content-layout":"","ast-site-content-layout":"","site-content-style":"default","site-sidebar-style":"default","ast-global-header-display":"","ast-banner-title-visibility":"","ast-main-header-display":"","ast-hfb-above-header-display":"","ast-hfb-below-header-display":"","ast-hfb-mobile-header-display":"","site-post-title":"","ast-breadcrumbs-content":"","ast-featured-img":"","footer-sml-layout":"","theme-transparent-header-meta":"","adv-header-id-meta":"","stick-header-meta":"","header-above-stick-meta":"","header-main-stick-meta":"","header-below-stick-meta":"","astra-migrate-meta-layouts":"default","ast-page-background-enabled":"default","ast-page-background-meta":{"desktop":{"background-color":"var(--ast-global-color-5)","background-image":"","background-repeat":"repeat","background-position":"center center","background-size":"auto","background-attachment":"scroll","background-type":"","background-media":"","overlay-type":"","overlay-color":"","overlay-opacity":"","overlay-gradient":""},"tablet":{"background-color":"","background-image":"","background-repeat":"repeat","background-position":"center center","background-size":"auto","background-attachment":"scroll","background-type":"","background-media":"","overlay-type":"","overlay-color":"","overlay-opacity":"","overlay-gradient":""},"mobile":{"background-color":"","background-image":"","background-repeat":"repeat","background-position":"center center","background-size":"auto","background-attachment":"scroll","background-type":"","background-media":"","overlay-type":"","overlay-color":"","overlay-opacity":"","overlay-gradient":""}},"ast-content-background-meta":{"desktop":{"background-color":"var(--ast-global-color-4)","background-image":"","background-repeat":"repeat","background-position":"center center","background-size":"auto","background-attachment":"scroll","background-type":"","background-media":"","overlay-type":"","overlay-color":"","overlay-opacity":"","overlay-gradient":""},"tablet":{"background-color":"var(--ast-global-color-4)","background-image":"","background-repeat":"repeat","background-position":"center center","background-size":"auto","background-attachment":"scroll","background-type":"","background-media":"","overlay-type":"","overlay-color":"","overlay-opacity":"","overlay-gradient":""},"mobile":{"background-color":"var(--ast-global-color-4)","background-image":"","background-repeat":"repeat","background-position":"center center","background-size":"auto","background-attachment":"scroll","background-type":"","background-media":"","overlay-type":"","overlay-color":"","overlay-opacity":"","overlay-gradient":""}}},"product_brand":[],"product_cat":[92],"product_tag":[178],"class_list":{"0":"post-2708","1":"product","2":"type-product","3":"status-publish","4":"has-post-thumbnail","6":"product_cat-plastic-usb-pendrive","7":"product_tag-lighter-usb-flash-drive","8":"desktop-align-left","9":"tablet-align-left","10":"mobile-align-left","12":"first","13":"instock","14":"shipping-taxable","15":"product-type-simple"},"_links":{"self":[{"href":"https:\/\/www.usborkeychain.com\/pt\/wp-json\/wp\/v2\/product\/2708","targetHints":{"allow":["GET"]}}],"collection":[{"href":"https:\/\/www.usborkeychain.com\/pt\/wp-json\/wp\/v2\/product"}],"about":[{"href":"https:\/\/www.usborkeychain.com\/pt\/wp-json\/wp\/v2\/types\/product"}],"replies":[{"embeddable":true,"href":"https:\/\/www.usborkeychain.com\/pt\/wp-json\/wp\/v2\/comments?post=2708"}],"wp:featuredmedia":[{"embeddable":true,"href":"https:\/\/www.usborkeychain.com\/pt\/wp-json\/wp\/v2\/media\/2736"}],"wp:attachment":[{"href":"https:\/\/www.usborkeychain.com\/pt\/wp-json\/wp\/v2\/media?parent=2708"}],"wp:term":[{"taxonomy":"product_brand","embeddable":true,"href":"https:\/\/www.usborkeychain.com\/pt\/wp-json\/wp\/v2\/product_brand?post=2708"},{"taxonomy":"product_cat","embeddable":true,"href":"https:\/\/www.usborkeychain.com\/pt\/wp-json\/wp\/v2\/product_cat?post=2708"},{"taxonomy":"product_tag","embeddable":true,"href":"https:\/\/www.usborkeychain.com\/pt\/wp-json\/wp\/v2\/product_tag?post=2708"}],"curies":[{"name":"wp","href":"https:\/\/api.w.org\/{rel}","templated":true}]}}