{"id":2741,"date":"2025-06-23T05:36:45","date_gmt":"2025-06-23T05:36:45","guid":{"rendered":"https:\/\/www.usborkeychain.com\/?post_type=product&#038;p=2741"},"modified":"2025-06-23T08:04:40","modified_gmt":"2025-06-23T08:04:40","slug":"retro-key-metal-usb-drive","status":"publish","type":"product","link":"https:\/\/www.usborkeychain.com\/pt\/produto\/retro-key-metal-usb-drive\/","title":{"rendered":"Unidade USB de metal com chave retr\u00f4"},"content":{"rendered":"<h2 class=\"wp-block-heading\"><strong>O que \u00e9 uma unidade USB Retro Key Metal? <\/strong><strong><\/strong><\/h2>\n\n\n\n<div class=\"wp-block-columns is-layout-flex wp-container-core-columns-is-layout-28f84493 wp-block-columns-is-layout-flex\">\n<div class=\"wp-block-column is-layout-flow wp-block-column-is-layout-flow\">\n<figure class=\"wp-block-image aligncenter size-full is-resized\"><img fetchpriority=\"high\" decoding=\"async\" width=\"800\" height=\"800\" src=\"https:\/\/www.usborkeychain.com\/wp-content\/uploads\/China-key-shape-metal-usb-flash-drive-supplier.jpg\" alt=\"China key shape metal usb flash drive supplier\" class=\"wp-image-2748\" style=\"width:450px\" srcset=\"https:\/\/www.usborkeychain.com\/wp-content\/uploads\/China-key-shape-metal-usb-flash-drive-supplier.jpg 800w, https:\/\/www.usborkeychain.com\/wp-content\/uploads\/China-key-shape-metal-usb-flash-drive-supplier-300x300.jpg 300w, https:\/\/www.usborkeychain.com\/wp-content\/uploads\/China-key-shape-metal-usb-flash-drive-supplier-150x150.jpg 150w, https:\/\/www.usborkeychain.com\/wp-content\/uploads\/China-key-shape-metal-usb-flash-drive-supplier-768x768.jpg 768w, https:\/\/www.usborkeychain.com\/wp-content\/uploads\/China-key-shape-metal-usb-flash-drive-supplier-12x12.jpg 12w, https:\/\/www.usborkeychain.com\/wp-content\/uploads\/China-key-shape-metal-usb-flash-drive-supplier-600x600.jpg 600w, https:\/\/www.usborkeychain.com\/wp-content\/uploads\/China-key-shape-metal-usb-flash-drive-supplier-100x100.jpg 100w\" sizes=\"(max-width: 800px) 100vw, 800px\" \/><\/figure>\n<\/div>\n\n\n\n<div class=\"wp-block-column is-vertically-aligned-center is-layout-flow wp-block-column-is-layout-flow\">\n<p>A unidade USB retro key metal \u00e9 um produto que integra perfeitamente as fun\u00e7\u00f5es pr\u00e1ticas de armazenamento com um design criativo em forma de chave. Feito de metal, ele apresenta uma apar\u00eancia realista de chave com um design oco em forma de cora\u00e7\u00e3o na al\u00e7a da chave, preservando a forma cl\u00e1ssica de uma chave e acrescentando um elemento rom\u00e2ntico exclusivo.<\/p>\n\n\n\n<p>O material met\u00e1lico lhe confere uma caracter\u00edstica dur\u00e1vel, tornando-o resistente a danos no uso di\u00e1rio. Enquanto isso, o formato de chave permite que ele seja facilmente pendurado em um chaveiro para um transporte conveniente, atendendo \u00e0s suas necessidades de armazenamento e transmiss\u00e3o de dados a qualquer hora e em qualquer lugar. \u00c9 um item digital que combina praticidade e decoratividade.<\/p>\n<\/div>\n<\/div>\n\n\n\n<h2 class=\"wp-block-heading\"><strong>Interface e <\/strong><strong>Capacidade<\/strong><strong>\u00a0da unidade USB Retro Key Metal <\/strong><\/h2>\n\n\n\n<p>A unidade USB Retro Key Metal \u00e9 equipada com uma interface USB3.0 de alta velocidade, com suporte a v\u00e1rias op\u00e7\u00f5es de capacidade, incluindo 8 GB, 16 GB, 32 GB, 64 GB e 128 GB, para atender com flexibilidade a diferentes necessidades de armazenamento.<\/p>\n\n\n\n<h2 class=\"wp-block-heading\"><strong>Cor da unidade USB Retro Key Metal <\/strong><strong><\/strong><\/h2>\n\n\n\n<p>Sua cor \u00e9 o dourado retr\u00f4. Esse dourado n\u00e3o \u00e9 uma cor mon\u00f3tona comum, mas carrega a textura fina exclusiva e o charme retr\u00f4 do metal. Sob a ilumina\u00e7\u00e3o da luz, ele apresenta um brilho met\u00e1lico em camadas, como uma chave antiga que passou pela precipita\u00e7\u00e3o do tempo, exalando delicadeza de maneira discreta.<\/p>\n\n\n\n<p>Seja brilhando ao sol ou emitindo um brilho quente na luz interna suave, ele pode se tornar uma presen\u00e7a atraente no chaveiro, acrescentando um toque de moda exclusiva e uma atmosfera retr\u00f4 \u00e0 sua conviv\u00eancia di\u00e1ria.<\/p>\n\n\n\n<div class=\"wp-block-columns is-layout-flex wp-container-core-columns-is-layout-28f84493 wp-block-columns-is-layout-flex\">\n<div class=\"wp-block-column is-layout-flow wp-block-column-is-layout-flow\">\n<figure class=\"wp-block-image aligncenter size-full is-resized\"><img decoding=\"async\" width=\"800\" height=\"800\" src=\"https:\/\/www.usborkeychain.com\/wp-content\/uploads\/bulk-key-shape-metal-usb-flash-drive.jpg\" alt=\"bulk key shape metal usb flash drive\" class=\"wp-image-2747\" style=\"width:450px\" srcset=\"https:\/\/www.usborkeychain.com\/wp-content\/uploads\/bulk-key-shape-metal-usb-flash-drive.jpg 800w, https:\/\/www.usborkeychain.com\/wp-content\/uploads\/bulk-key-shape-metal-usb-flash-drive-300x300.jpg 300w, https:\/\/www.usborkeychain.com\/wp-content\/uploads\/bulk-key-shape-metal-usb-flash-drive-150x150.jpg 150w, https:\/\/www.usborkeychain.com\/wp-content\/uploads\/bulk-key-shape-metal-usb-flash-drive-768x768.jpg 768w, https:\/\/www.usborkeychain.com\/wp-content\/uploads\/bulk-key-shape-metal-usb-flash-drive-12x12.jpg 12w, https:\/\/www.usborkeychain.com\/wp-content\/uploads\/bulk-key-shape-metal-usb-flash-drive-600x600.jpg 600w, https:\/\/www.usborkeychain.com\/wp-content\/uploads\/bulk-key-shape-metal-usb-flash-drive-100x100.jpg 100w\" sizes=\"(max-width: 800px) 100vw, 800px\" \/><\/figure>\n<\/div>\n\n\n\n<div class=\"wp-block-column is-layout-flow wp-block-column-is-layout-flow\">\n<figure class=\"wp-block-image aligncenter size-full is-resized\"><img decoding=\"async\" width=\"800\" height=\"800\" src=\"https:\/\/www.usborkeychain.com\/wp-content\/uploads\/key-shape-metal-usb-flash-drive.jpg\" alt=\"key shape metal usb flash drive\" class=\"wp-image-2749\" style=\"width:450px\" srcset=\"https:\/\/www.usborkeychain.com\/wp-content\/uploads\/key-shape-metal-usb-flash-drive.jpg 800w, https:\/\/www.usborkeychain.com\/wp-content\/uploads\/key-shape-metal-usb-flash-drive-300x300.jpg 300w, https:\/\/www.usborkeychain.com\/wp-content\/uploads\/key-shape-metal-usb-flash-drive-150x150.jpg 150w, https:\/\/www.usborkeychain.com\/wp-content\/uploads\/key-shape-metal-usb-flash-drive-768x768.jpg 768w, https:\/\/www.usborkeychain.com\/wp-content\/uploads\/key-shape-metal-usb-flash-drive-12x12.jpg 12w, https:\/\/www.usborkeychain.com\/wp-content\/uploads\/key-shape-metal-usb-flash-drive-600x600.jpg 600w, https:\/\/www.usborkeychain.com\/wp-content\/uploads\/key-shape-metal-usb-flash-drive-100x100.jpg 100w\" sizes=\"(max-width: 800px) 100vw, 800px\" \/><\/figure>\n<\/div>\n<\/div>\n\n\n\n<h2 class=\"wp-block-heading\"><strong>A unidade USB Retro Key Metal pode ser personalizada com um logotipo? <\/strong><strong><\/strong><\/h2>\n\n\n\n<div class=\"wp-block-columns is-layout-flex wp-container-core-columns-is-layout-28f84493 wp-block-columns-is-layout-flex\">\n<div class=\"wp-block-column is-layout-flow wp-block-column-is-layout-flow\">\n<figure class=\"wp-block-image aligncenter size-full is-resized\"><img loading=\"lazy\" decoding=\"async\" width=\"800\" height=\"800\" src=\"https:\/\/www.usborkeychain.com\/wp-content\/uploads\/Retro-Key-Metal-USB-Drive.jpg\" alt=\"Retro Key Metal USB Drive\" class=\"wp-image-2750\" style=\"width:450px\" srcset=\"https:\/\/www.usborkeychain.com\/wp-content\/uploads\/Retro-Key-Metal-USB-Drive.jpg 800w, https:\/\/www.usborkeychain.com\/wp-content\/uploads\/Retro-Key-Metal-USB-Drive-300x300.jpg 300w, https:\/\/www.usborkeychain.com\/wp-content\/uploads\/Retro-Key-Metal-USB-Drive-150x150.jpg 150w, https:\/\/www.usborkeychain.com\/wp-content\/uploads\/Retro-Key-Metal-USB-Drive-768x768.jpg 768w, https:\/\/www.usborkeychain.com\/wp-content\/uploads\/Retro-Key-Metal-USB-Drive-12x12.jpg 12w, https:\/\/www.usborkeychain.com\/wp-content\/uploads\/Retro-Key-Metal-USB-Drive-600x600.jpg 600w, https:\/\/www.usborkeychain.com\/wp-content\/uploads\/Retro-Key-Metal-USB-Drive-100x100.jpg 100w\" sizes=\"(max-width: 800px) 100vw, 800px\" \/><\/figure>\n<\/div>\n\n\n\n<div class=\"wp-block-column is-vertically-aligned-center is-layout-flow wp-block-column-is-layout-flow\">\n<p>Com certeza! Tanto a frente quanto o verso da unidade USB de metal com chave retr\u00f4 permitem a personaliza\u00e7\u00e3o do logotipo. Usando a avan\u00e7ada tecnologia de grava\u00e7\u00e3o a laser, \u00e9 poss\u00edvel gravar com precis\u00e3o seu logotipo, texto, padr\u00e3o etc. exclusivo na superf\u00edcie do pen drive.<\/p>\n\n\n\n<p>As vantagens da grava\u00e7\u00e3o a laser s\u00e3o \u00f3bvias: n\u00e3o s\u00f3 as linhas de grava\u00e7\u00e3o s\u00e3o finas e claras, fazendo com que o logotipo apresente uma textura de alta qualidade, mas tamb\u00e9m a combina\u00e7\u00e3o com o material met\u00e1lico \u00e9 firme, n\u00e3o \u00e9 f\u00e1cil de desgastar ou cair e pode manter o efeito personalizado por muito tempo.<\/p>\n\n\n\n<p>Seja personalizado por empresas como brindes comerciais com o logotipo da empresa para transmitir a imagem da marca ou personalizado por indiv\u00edduos com s\u00edmbolos exclusivos para criar um significado comemorativo \u00fanico, isso pode ser feito facilmente, tornando essa unidade USB mais valiosa com exclusividade.<\/p>\n<\/div>\n<\/div>\n\n\n\n<h2 class=\"wp-block-heading\"><strong>Resumo <\/strong><strong><\/strong><\/h2>\n\n\n\n<p>O pen drive retr\u00f4 key metal, com seu design criativo de formato de chave + material met\u00e1lico, combinado com uma interface USB3.0 de alta velocidade, tem excelente desempenho em par\u00e2metros como capacidade, dimens\u00f5es e velocidade de leitura\/grava\u00e7\u00e3o. Sua cor dourada retr\u00f4 \u00e9 visualmente atraente e tamb\u00e9m permite a personaliza\u00e7\u00e3o flex\u00edvel do logotipo.<\/p>\n\n\n\n<p>Seja voc\u00ea um usu\u00e1rio comum que armazena dados no dia a dia ou uma empresa\/indiv\u00edduo que personaliza presentes exclusivos, ele pode atender \u00e0s suas necessidades com suas fun\u00e7\u00f5es pr\u00e1ticas e apar\u00eancia exclusiva, tornando-se um auxiliar pr\u00e1tico e atraente na vida digital, digno de ser adquirido e experimentado.<\/p>","protected":false},"excerpt":{"rendered":"<ul>\n<li>Design de forma de chave<\/li>\n<li>Material met\u00e1lico<\/li>\n<li>\u00c0 prova d'\u00e1gua e dur\u00e1vel<\/li>\n<li>Velocidade mais r\u00e1pida e alta qualidade<\/li>\n<li>Confi\u00e1vel e seguro<\/li>\n<li>\u00d3timo para todas as finalidades<\/li>\n<\/ul>","protected":false},"featured_media":2747,"comment_status":"open","ping_status":"closed","template":"","meta":{"_seopress_robots_primary_cat":"","_seopress_titles_title":"","_seopress_titles_desc":"","_seopress_robots_index":"","site-sidebar-layout":"default","site-content-layout":"","ast-site-content-layout":"","site-content-style":"default","site-sidebar-style":"default","ast-global-header-display":"","ast-banner-title-visibility":"","ast-main-header-display":"","ast-hfb-above-header-display":"","ast-hfb-below-header-display":"","ast-hfb-mobile-header-display":"","site-post-title":"","ast-breadcrumbs-content":"","ast-featured-img":"","footer-sml-layout":"","theme-transparent-header-meta":"","adv-header-id-meta":"","stick-header-meta":"","header-above-stick-meta":"","header-main-stick-meta":"","header-below-stick-meta":"","astra-migrate-meta-layouts":"default","ast-page-background-enabled":"default","ast-page-background-meta":{"desktop":{"background-color":"var(--ast-global-color-5)","background-image":"","background-repeat":"repeat","background-position":"center center","background-size":"auto","background-attachment":"scroll","background-type":"","background-media":"","overlay-type":"","overlay-color":"","overlay-opacity":"","overlay-gradient":""},"tablet":{"background-color":"","background-image":"","background-repeat":"repeat","background-position":"center center","background-size":"auto","background-attachment":"scroll","background-type":"","background-media":"","overlay-type":"","overlay-color":"","overlay-opacity":"","overlay-gradient":""},"mobile":{"background-color":"","background-image":"","background-repeat":"repeat","background-position":"center center","background-size":"auto","background-attachment":"scroll","background-type":"","background-media":"","overlay-type":"","overlay-color":"","overlay-opacity":"","overlay-gradient":""}},"ast-content-background-meta":{"desktop":{"background-color":"var(--ast-global-color-4)","background-image":"","background-repeat":"repeat","background-position":"center center","background-size":"auto","background-attachment":"scroll","background-type":"","background-media":"","overlay-type":"","overlay-color":"","overlay-opacity":"","overlay-gradient":""},"tablet":{"background-color":"var(--ast-global-color-4)","background-image":"","background-repeat":"repeat","background-position":"center center","background-size":"auto","background-attachment":"scroll","background-type":"","background-media":"","overlay-type":"","overlay-color":"","overlay-opacity":"","overlay-gradient":""},"mobile":{"background-color":"var(--ast-global-color-4)","background-image":"","background-repeat":"repeat","background-position":"center center","background-size":"auto","background-attachment":"scroll","background-type":"","background-media":"","overlay-type":"","overlay-color":"","overlay-opacity":"","overlay-gradient":""}}},"product_brand":[],"product_cat":[108,103],"product_tag":[179],"class_list":{"0":"post-2741","1":"product","2":"type-product","3":"status-publish","4":"has-post-thumbnail","6":"product_cat-key-shaped-usb-pendrive","7":"product_cat-usb2-0-usb-pendrive","8":"product_tag-retro-key-metal-usb-drive","9":"desktop-align-left","10":"tablet-align-left","11":"mobile-align-left","13":"first","14":"instock","15":"shipping-taxable","16":"product-type-simple"},"_links":{"self":[{"href":"https:\/\/www.usborkeychain.com\/pt\/wp-json\/wp\/v2\/product\/2741","targetHints":{"allow":["GET"]}}],"collection":[{"href":"https:\/\/www.usborkeychain.com\/pt\/wp-json\/wp\/v2\/product"}],"about":[{"href":"https:\/\/www.usborkeychain.com\/pt\/wp-json\/wp\/v2\/types\/product"}],"replies":[{"embeddable":true,"href":"https:\/\/www.usborkeychain.com\/pt\/wp-json\/wp\/v2\/comments?post=2741"}],"wp:featuredmedia":[{"embeddable":true,"href":"https:\/\/www.usborkeychain.com\/pt\/wp-json\/wp\/v2\/media\/2747"}],"wp:attachment":[{"href":"https:\/\/www.usborkeychain.com\/pt\/wp-json\/wp\/v2\/media?parent=2741"}],"wp:term":[{"taxonomy":"product_brand","embeddable":true,"href":"https:\/\/www.usborkeychain.com\/pt\/wp-json\/wp\/v2\/product_brand?post=2741"},{"taxonomy":"product_cat","embeddable":true,"href":"https:\/\/www.usborkeychain.com\/pt\/wp-json\/wp\/v2\/product_cat?post=2741"},{"taxonomy":"product_tag","embeddable":true,"href":"https:\/\/www.usborkeychain.com\/pt\/wp-json\/wp\/v2\/product_tag?post=2741"}],"curies":[{"name":"wp","href":"https:\/\/api.w.org\/{rel}","templated":true}]}}