{"id":2751,"date":"2025-06-23T06:32:00","date_gmt":"2025-06-23T06:32:00","guid":{"rendered":"https:\/\/www.usborkeychain.com\/?post_type=product&#038;p=2751"},"modified":"2025-07-31T00:30:26","modified_gmt":"2025-07-31T00:30:26","slug":"metal-pen-usb-drive","status":"publish","type":"product","link":"https:\/\/www.usborkeychain.com\/pt\/produto\/metal-pen-usb-drive\/","title":{"rendered":"Unidade USB com caneta de metal"},"content":{"rendered":"<h2 class=\"wp-block-heading\"><strong>O que \u00e9 uma unidade USB Metal Pen? <\/strong><strong><\/strong><\/h2>\n\n\n\n<div class=\"wp-block-columns is-layout-flex wp-container-core-columns-is-layout-28f84493 wp-block-columns-is-layout-flex\">\n<div class=\"wp-block-column is-layout-flow wp-block-column-is-layout-flow\">\n<figure class=\"wp-block-image aligncenter size-full is-resized\"><img fetchpriority=\"high\" decoding=\"async\" width=\"800\" height=\"800\" src=\"https:\/\/www.usborkeychain.com\/wp-content\/uploads\/Metal-Pen-USB-Drive-supplier.jpg\" alt=\"Metal Pen USB Drive supplier\" class=\"wp-image-2756\" style=\"width:450px\" srcset=\"https:\/\/www.usborkeychain.com\/wp-content\/uploads\/Metal-Pen-USB-Drive-supplier.jpg 800w, https:\/\/www.usborkeychain.com\/wp-content\/uploads\/Metal-Pen-USB-Drive-supplier-300x300.jpg 300w, https:\/\/www.usborkeychain.com\/wp-content\/uploads\/Metal-Pen-USB-Drive-supplier-150x150.jpg 150w, https:\/\/www.usborkeychain.com\/wp-content\/uploads\/Metal-Pen-USB-Drive-supplier-768x768.jpg 768w, https:\/\/www.usborkeychain.com\/wp-content\/uploads\/Metal-Pen-USB-Drive-supplier-12x12.jpg 12w, https:\/\/www.usborkeychain.com\/wp-content\/uploads\/Metal-Pen-USB-Drive-supplier-600x600.jpg 600w, https:\/\/www.usborkeychain.com\/wp-content\/uploads\/Metal-Pen-USB-Drive-supplier-100x100.jpg 100w\" sizes=\"(max-width: 800px) 100vw, 800px\" \/><\/figure>\n<\/div>\n\n\n\n<div class=\"wp-block-column is-vertically-aligned-center is-layout-flow wp-block-column-is-layout-flow\">\n<p>O pen drive USB de metal \u00e9 um produto inovador que integra de forma inteligente as fun\u00e7\u00f5es de uma ferramenta de escrita e um dispositivo de armazenamento. Ele apresenta um formato cl\u00e1ssico de caneta, com o corpo feito de metal, combinando a textura e a durabilidade do metal.<\/p>\n\n\n\n<p>No uso di\u00e1rio, ela pode ser usada para escrever e gravar como uma caneta comum, enquanto a unidade USB oculta no corpo da caneta pode ser usada para armazenar e transferir arquivos a qualquer momento, permitindo equilibrar as necessidades de escrita e armazenamento de dados com uma \u00fanica caneta em cen\u00e1rios de escrit\u00f3rio e estudo, tornando-a pr\u00e1tica e conveniente.<\/p>\n<\/div>\n<\/div>\n\n\n\n<h2 class=\"wp-block-heading\"><strong>Interface e par\u00e2metros da unidade USB Metal Pen <\/strong><strong><\/strong><\/h2>\n\n\n\n<figure class=\"wp-block-table\"><table class=\"has-fixed-layout\"><tbody><tr><td>Categoria de par\u00e2metro<\/td><td>Detalhes espec\u00edficos<\/td><\/tr><tr><td>Capacidade<\/td><td>Oferece uma ampla sele\u00e7\u00e3o, abrangendo 8 GB, 16 GB, 32 GB, 64 GB, 128 GB, etc., e pode ser adquirido com flexibilidade de acordo com as necessidades.<\/td><\/tr><tr><td>Dimens\u00f5es<\/td><td>O corpo da caneta tem 135 mm de comprimento e 12 mm de di\u00e2metro, com um formato fino que se adapta ao h\u00e1bito de segurar a m\u00e3o e n\u00e3o ocupa espa\u00e7o quando inserida em uma bolsa ou bolso.<\/td><\/tr><tr><td>Peso<\/td><td>Apenas 22 g, leve e confort\u00e1vel na m\u00e3o, sem peso evidente ao escrever ou carregar por um longo per\u00edodo.<\/td><\/tr><\/tbody><\/table><\/figure>\n\n\n\n<h2 class=\"wp-block-heading\"><strong>\u4e09\u3001Quais s\u00e3o as cores do pen drive de metal? <\/strong><strong><\/strong><\/h2>\n\n\n\n<p>O pen drive de metal est\u00e1 dispon\u00edvel em uma variedade de cores charmosas, como prata, preto, vermelho, dourado etc.<\/p>\n\n\n\n<p>O prata frio \u00e9 t\u00e3o brilhante quanto um espelho de metal, cheio de textura; o preto cl\u00e1ssico exala um estilo calmo e digno; o vermelho brilhante \u00e9 como uma chama apaixonada, com grande impacto visual; o ouro luxuoso tem seu pr\u00f3prio brilho nobre; e o azul fresco traz uma experi\u00eancia visual refrescante.<\/p>\n\n\n\n<p>Com base no material met\u00e1lico, essas cores apresentam uma textura delicada e brilhante e, sob diferentes tipos de irradia\u00e7\u00e3o de luz, apresentam mudan\u00e7as exclusivas na cor do metal, tornando cada pen drive de metal pr\u00e1tico e bonito, adaptando-se facilmente a diferentes personalidades e necessidades.<\/p>\n\n\n\n<div class=\"wp-block-columns is-layout-flex wp-container-core-columns-is-layout-28f84493 wp-block-columns-is-layout-flex\">\n<div class=\"wp-block-column is-layout-flow wp-block-column-is-layout-flow\">\n<figure class=\"wp-block-image aligncenter size-full is-resized\"><img decoding=\"async\" width=\"800\" height=\"800\" src=\"https:\/\/www.usborkeychain.com\/wp-content\/uploads\/Metal-Pen-USB-Drive.jpg\" alt=\"Metal Pen USB Drive\" class=\"wp-image-2757\" style=\"width:450px\" srcset=\"https:\/\/www.usborkeychain.com\/wp-content\/uploads\/Metal-Pen-USB-Drive.jpg 800w, https:\/\/www.usborkeychain.com\/wp-content\/uploads\/Metal-Pen-USB-Drive-300x300.jpg 300w, https:\/\/www.usborkeychain.com\/wp-content\/uploads\/Metal-Pen-USB-Drive-150x150.jpg 150w, https:\/\/www.usborkeychain.com\/wp-content\/uploads\/Metal-Pen-USB-Drive-768x768.jpg 768w, https:\/\/www.usborkeychain.com\/wp-content\/uploads\/Metal-Pen-USB-Drive-12x12.jpg 12w, https:\/\/www.usborkeychain.com\/wp-content\/uploads\/Metal-Pen-USB-Drive-600x600.jpg 600w, https:\/\/www.usborkeychain.com\/wp-content\/uploads\/Metal-Pen-USB-Drive-100x100.jpg 100w\" sizes=\"(max-width: 800px) 100vw, 800px\" \/><\/figure>\n<\/div>\n\n\n\n<div class=\"wp-block-column is-layout-flow wp-block-column-is-layout-flow\">\n<figure class=\"wp-block-image aligncenter size-full is-resized\"><img decoding=\"async\" width=\"800\" height=\"800\" src=\"https:\/\/www.usborkeychain.com\/wp-content\/uploads\/Metal-Pen-USB-Drive-factory.jpg\" alt=\"Metal Pen USB Drive factory\" class=\"wp-image-2755\" style=\"width:450px\" srcset=\"https:\/\/www.usborkeychain.com\/wp-content\/uploads\/Metal-Pen-USB-Drive-factory.jpg 800w, https:\/\/www.usborkeychain.com\/wp-content\/uploads\/Metal-Pen-USB-Drive-factory-300x300.jpg 300w, https:\/\/www.usborkeychain.com\/wp-content\/uploads\/Metal-Pen-USB-Drive-factory-150x150.jpg 150w, https:\/\/www.usborkeychain.com\/wp-content\/uploads\/Metal-Pen-USB-Drive-factory-768x768.jpg 768w, https:\/\/www.usborkeychain.com\/wp-content\/uploads\/Metal-Pen-USB-Drive-factory-12x12.jpg 12w, https:\/\/www.usborkeychain.com\/wp-content\/uploads\/Metal-Pen-USB-Drive-factory-600x600.jpg 600w, https:\/\/www.usborkeychain.com\/wp-content\/uploads\/Metal-Pen-USB-Drive-factory-100x100.jpg 100w\" sizes=\"(max-width: 800px) 100vw, 800px\" \/><\/figure>\n<\/div>\n<\/div>\n\n\n\n<h2 class=\"wp-block-heading\"><strong>\u56db\u3001A unidade USB Metal Pen pode ser personalizada com um logotipo? <\/strong><strong><\/strong><\/h2>\n\n\n\n<p>A unidade USB com caneta de metal permite a personaliza\u00e7\u00e3o do logotipo na frente e no verso.<\/p>\n\n\n\n<p>Usando processos de impress\u00e3o colorida ou de tampografia, ela pode apresentar com precis\u00e3o logotipos exclusivos. O processo de impress\u00e3o em cores tem alta redu\u00e7\u00e3o de cores e pode apresentar claramente padr\u00f5es complexos e cores brilhantes; o processo de tampografia \u00e9 adequado para diferentes superf\u00edcies curvas, permitindo que o logotipo seja firmemente fixado ao corpo da caneta.<\/p>\n\n\n\n<p>Seja personalizado por empresas como brindes comerciais com o logotipo da marca para transmitir a imagem ou por indiv\u00edduos com s\u00edmbolos exclusivos para guardar lembran\u00e7as, ele pode ser realizado com perfei\u00e7\u00e3o, conferindo ao pen drive USB de metal um valor exclusivo.<\/p>\n\n\n\n<h2 class=\"wp-block-heading\"><strong>Resumo <\/strong><strong><\/strong><\/h2>\n\n\n\n<div class=\"wp-block-columns is-layout-flex wp-container-core-columns-is-layout-28f84493 wp-block-columns-is-layout-flex\">\n<div class=\"wp-block-column is-layout-flow wp-block-column-is-layout-flow\">\n<figure class=\"wp-block-image aligncenter size-full is-resized\"><img loading=\"lazy\" decoding=\"async\" width=\"800\" height=\"800\" src=\"https:\/\/www.usborkeychain.com\/wp-content\/uploads\/Metal-Pen-USB-Drive-bulk.jpg\" alt=\"Metal Pen USB Drive bulk\" class=\"wp-image-2754\" style=\"width:450px\" srcset=\"https:\/\/www.usborkeychain.com\/wp-content\/uploads\/Metal-Pen-USB-Drive-bulk.jpg 800w, https:\/\/www.usborkeychain.com\/wp-content\/uploads\/Metal-Pen-USB-Drive-bulk-300x300.jpg 300w, https:\/\/www.usborkeychain.com\/wp-content\/uploads\/Metal-Pen-USB-Drive-bulk-150x150.jpg 150w, https:\/\/www.usborkeychain.com\/wp-content\/uploads\/Metal-Pen-USB-Drive-bulk-768x768.jpg 768w, https:\/\/www.usborkeychain.com\/wp-content\/uploads\/Metal-Pen-USB-Drive-bulk-12x12.jpg 12w, https:\/\/www.usborkeychain.com\/wp-content\/uploads\/Metal-Pen-USB-Drive-bulk-600x600.jpg 600w, https:\/\/www.usborkeychain.com\/wp-content\/uploads\/Metal-Pen-USB-Drive-bulk-100x100.jpg 100w\" sizes=\"(max-width: 800px) 100vw, 800px\" \/><\/figure>\n<\/div>\n\n\n\n<div class=\"wp-block-column is-vertically-aligned-center is-layout-flow wp-block-column-is-layout-flow\">\n<p>O pen drive de metal combina as fun\u00e7\u00f5es de grava\u00e7\u00e3o e armazenamento em uma s\u00f3, com uma interface USB3.0 de alta velocidade para garantir uma transmiss\u00e3o eficiente. Sua grande capacidade, tamanho compacto e peso leve s\u00e3o adequados para v\u00e1rios cen\u00e1rios. Diversas cores com textura met\u00e1lica atendem \u00e0s prefer\u00eancias personalizadas e tamb\u00e9m permitem a personaliza\u00e7\u00e3o flex\u00edvel do logotipo.<\/p>\n\n\n\n<p>Seja para registros di\u00e1rios no escrit\u00f3rio, transmiss\u00e3o de arquivos ou como presentes corporativos e itens pessoais exclusivos, ele pode se tornar um assistente capaz e um item atraente com suas fun\u00e7\u00f5es pr\u00e1ticas e design exclusivo, digno de ser comprado e experimentado.<\/p>\n<\/div>\n<\/div>\n\n\n\n<p><\/p>","protected":false},"excerpt":{"rendered":"<ul>\n<li>Projeto funcional dois em um<\/li>\n<li>Transmiss\u00e3o de dados em alta velocidade<\/li>\n<li>Constru\u00e7\u00e3o met\u00e1lica dur\u00e1vel com est\u00e9tica elegante<\/li>\n<li>Design port\u00e1til e ergon\u00f4mico<\/li>\n<li>Logotipo personaliz\u00e1vel para personaliza\u00e7\u00e3o<\/li>\n<\/ul>","protected":false},"featured_media":2757,"comment_status":"open","ping_status":"closed","template":"","meta":{"_seopress_robots_primary_cat":"","_seopress_titles_title":"Metal Pen USB Drive","_seopress_titles_desc":"","_seopress_robots_index":"","site-sidebar-layout":"default","site-content-layout":"","ast-site-content-layout":"","site-content-style":"default","site-sidebar-style":"default","ast-global-header-display":"","ast-banner-title-visibility":"","ast-main-header-display":"","ast-hfb-above-header-display":"","ast-hfb-below-header-display":"","ast-hfb-mobile-header-display":"","site-post-title":"","ast-breadcrumbs-content":"","ast-featured-img":"","footer-sml-layout":"","theme-transparent-header-meta":"","adv-header-id-meta":"","stick-header-meta":"","header-above-stick-meta":"","header-main-stick-meta":"","header-below-stick-meta":"","astra-migrate-meta-layouts":"default","ast-page-background-enabled":"default","ast-page-background-meta":{"desktop":{"background-color":"var(--ast-global-color-5)","background-image":"","background-repeat":"repeat","background-position":"center center","background-size":"auto","background-attachment":"scroll","background-type":"","background-media":"","overlay-type":"","overlay-color":"","overlay-opacity":"","overlay-gradient":""},"tablet":{"background-color":"","background-image":"","background-repeat":"repeat","background-position":"center center","background-size":"auto","background-attachment":"scroll","background-type":"","background-media":"","overlay-type":"","overlay-color":"","overlay-opacity":"","overlay-gradient":""},"mobile":{"background-color":"","background-image":"","background-repeat":"repeat","background-position":"center center","background-size":"auto","background-attachment":"scroll","background-type":"","background-media":"","overlay-type":"","overlay-color":"","overlay-opacity":"","overlay-gradient":""}},"ast-content-background-meta":{"desktop":{"background-color":"var(--ast-global-color-4)","background-image":"","background-repeat":"repeat","background-position":"center center","background-size":"auto","background-attachment":"scroll","background-type":"","background-media":"","overlay-type":"","overlay-color":"","overlay-opacity":"","overlay-gradient":""},"tablet":{"background-color":"var(--ast-global-color-4)","background-image":"","background-repeat":"repeat","background-position":"center center","background-size":"auto","background-attachment":"scroll","background-type":"","background-media":"","overlay-type":"","overlay-color":"","overlay-opacity":"","overlay-gradient":""},"mobile":{"background-color":"var(--ast-global-color-4)","background-image":"","background-repeat":"repeat","background-position":"center center","background-size":"auto","background-attachment":"scroll","background-type":"","background-media":"","overlay-type":"","overlay-color":"","overlay-opacity":"","overlay-gradient":""}}},"product_brand":[],"product_cat":[100],"product_tag":[324,318],"class_list":{"0":"post-2751","1":"product","2":"type-product","3":"status-publish","4":"has-post-thumbnail","6":"product_cat-usb-drive-with-pen","7":"product_tag-ballpoint-usb-flash-drive-pen","8":"product_tag-colorful-pen-usb-flash","9":"desktop-align-left","10":"tablet-align-left","11":"mobile-align-left","13":"first","14":"instock","15":"shipping-taxable","16":"product-type-simple"},"_links":{"self":[{"href":"https:\/\/www.usborkeychain.com\/pt\/wp-json\/wp\/v2\/product\/2751","targetHints":{"allow":["GET"]}}],"collection":[{"href":"https:\/\/www.usborkeychain.com\/pt\/wp-json\/wp\/v2\/product"}],"about":[{"href":"https:\/\/www.usborkeychain.com\/pt\/wp-json\/wp\/v2\/types\/product"}],"replies":[{"embeddable":true,"href":"https:\/\/www.usborkeychain.com\/pt\/wp-json\/wp\/v2\/comments?post=2751"}],"wp:featuredmedia":[{"embeddable":true,"href":"https:\/\/www.usborkeychain.com\/pt\/wp-json\/wp\/v2\/media\/2757"}],"wp:attachment":[{"href":"https:\/\/www.usborkeychain.com\/pt\/wp-json\/wp\/v2\/media?parent=2751"}],"wp:term":[{"taxonomy":"product_brand","embeddable":true,"href":"https:\/\/www.usborkeychain.com\/pt\/wp-json\/wp\/v2\/product_brand?post=2751"},{"taxonomy":"product_cat","embeddable":true,"href":"https:\/\/www.usborkeychain.com\/pt\/wp-json\/wp\/v2\/product_cat?post=2751"},{"taxonomy":"product_tag","embeddable":true,"href":"https:\/\/www.usborkeychain.com\/pt\/wp-json\/wp\/v2\/product_tag?post=2751"}],"curies":[{"name":"wp","href":"https:\/\/api.w.org\/{rel}","templated":true}]}}