{"id":3271,"date":"2025-06-24T03:38:21","date_gmt":"2025-06-24T03:38:21","guid":{"rendered":"https:\/\/www.usborkeychain.com\/?post_type=product&#038;p=3271"},"modified":"2025-06-24T04:28:07","modified_gmt":"2025-06-24T04:28:07","slug":"metal-keychain-usb-flash-drive","status":"publish","type":"product","link":"https:\/\/www.usborkeychain.com\/pt\/produto\/metal-keychain-usb-flash-drive\/","title":{"rendered":"Unidade flash USB para chaveiro de metal"},"content":{"rendered":"<h2 class=\"wp-block-heading\"><strong>O que \u00e9 uma unidade flash USB de chaveiro de metal? <\/strong><strong><\/strong><\/h2>\n\n\n\n<div class=\"wp-block-columns is-layout-flex wp-container-core-columns-is-layout-28f84493 wp-block-columns-is-layout-flex\">\n<div class=\"wp-block-column is-layout-flow wp-block-column-is-layout-flow\">\n<figure class=\"wp-block-image aligncenter size-full is-resized\"><img fetchpriority=\"high\" decoding=\"async\" width=\"800\" height=\"800\" src=\"https:\/\/www.usborkeychain.com\/wp-content\/uploads\/Silver-Metal-Keychain-USB-Flash-Drive.jpg\" alt=\"Silver Metal Keychain USB Flash Drive\" class=\"wp-image-3277\" style=\"width:450px\" srcset=\"https:\/\/www.usborkeychain.com\/wp-content\/uploads\/Silver-Metal-Keychain-USB-Flash-Drive.jpg 800w, https:\/\/www.usborkeychain.com\/wp-content\/uploads\/Silver-Metal-Keychain-USB-Flash-Drive-300x300.jpg 300w, https:\/\/www.usborkeychain.com\/wp-content\/uploads\/Silver-Metal-Keychain-USB-Flash-Drive-150x150.jpg 150w, https:\/\/www.usborkeychain.com\/wp-content\/uploads\/Silver-Metal-Keychain-USB-Flash-Drive-768x768.jpg 768w, https:\/\/www.usborkeychain.com\/wp-content\/uploads\/Silver-Metal-Keychain-USB-Flash-Drive-12x12.jpg 12w, https:\/\/www.usborkeychain.com\/wp-content\/uploads\/Silver-Metal-Keychain-USB-Flash-Drive-600x600.jpg 600w, https:\/\/www.usborkeychain.com\/wp-content\/uploads\/Silver-Metal-Keychain-USB-Flash-Drive-100x100.jpg 100w\" sizes=\"(max-width: 800px) 100vw, 800px\" \/><\/figure>\n<\/div>\n\n\n\n<div class=\"wp-block-column is-vertically-aligned-center is-layout-flow wp-block-column-is-layout-flow\">\n<p>A unidade flash USB para chaveiro de metal \u00e9 um produto que integra fun\u00e7\u00f5es pr\u00e1ticas de armazenamento com um design de chaveiro port\u00e1til. Ele apresenta um formato alongado e elegante, semelhante a um ret\u00e2ngulo, feito de material met\u00e1lico para oferecer textura e durabilidade.<\/p>\n\n\n\n<p>Semelhante a um chaveiro, ele pode ser facilmente pendurado em um chaveiro para facilitar o transporte e, ao mesmo tempo, servir como uma unidade flash USB para armazenamento de dados, atendendo \u00e0s necessidades di\u00e1rias de transfer\u00eancia de arquivos e backup de dados. \u00c9 uma combina\u00e7\u00e3o de conveni\u00eancia e praticidade.<\/p>\n<\/div>\n<\/div>\n\n\n\n<h2 class=\"wp-block-heading\"><strong>Interfaces e par\u00e2metros da unidade flash USB do chaveiro de metal <\/strong><strong><\/strong><\/h2>\n\n\n\n<figure class=\"wp-block-table\"><table class=\"has-fixed-layout\"><tbody><tr><td>Categoria de par\u00e2metro<\/td><td>Detalhes<\/td><\/tr><tr><td>Capacidade<\/td><td>8 GB, 16 GB, 32 GB, 64 GB, 128 GB, etc.<\/td><\/tr><tr><td>Velocidade de leitura\/grava\u00e7\u00e3o<\/td><td>Velocidade de leitura de at\u00e9 aproximadamente 80-150 MB\/s, velocidade de grava\u00e7\u00e3o de aproximadamente 15-60 MB\/s<\/td><\/tr><tr><td>Dispositivos compat\u00edveis<\/td><td>Compat\u00edvel com os principais sistemas operacionais, como Windows, Mac OS e Linux; pode ser conectado a dispositivos como computadores, laptops e smart TVs para armazenamento estendido ou transmiss\u00e3o de dados<\/td><\/tr><\/tbody><\/table><\/figure>\n\n\n\n<h2 class=\"wp-block-heading\"><strong>Quais s\u00e3o as cores dispon\u00edveis para a unidade flash USB com chaveiro de metal? <\/strong><strong><\/strong><\/h2>\n\n\n\n<div class=\"wp-block-columns is-layout-flex wp-container-core-columns-is-layout-28f84493 wp-block-columns-is-layout-flex\">\n<div class=\"wp-block-column is-layout-flow wp-block-column-is-layout-flow\">\n<figure class=\"wp-block-image aligncenter size-full is-resized\"><img decoding=\"async\" width=\"800\" height=\"800\" src=\"https:\/\/www.usborkeychain.com\/wp-content\/uploads\/Metal-Keychain-USB-Flash-Drive.jpg\" alt=\"Metal Keychain USB Flash Drive\" class=\"wp-image-3276\" style=\"width:450px\" srcset=\"https:\/\/www.usborkeychain.com\/wp-content\/uploads\/Metal-Keychain-USB-Flash-Drive.jpg 800w, https:\/\/www.usborkeychain.com\/wp-content\/uploads\/Metal-Keychain-USB-Flash-Drive-300x300.jpg 300w, https:\/\/www.usborkeychain.com\/wp-content\/uploads\/Metal-Keychain-USB-Flash-Drive-150x150.jpg 150w, https:\/\/www.usborkeychain.com\/wp-content\/uploads\/Metal-Keychain-USB-Flash-Drive-768x768.jpg 768w, https:\/\/www.usborkeychain.com\/wp-content\/uploads\/Metal-Keychain-USB-Flash-Drive-12x12.jpg 12w, https:\/\/www.usborkeychain.com\/wp-content\/uploads\/Metal-Keychain-USB-Flash-Drive-600x600.jpg 600w, https:\/\/www.usborkeychain.com\/wp-content\/uploads\/Metal-Keychain-USB-Flash-Drive-100x100.jpg 100w\" sizes=\"(max-width: 800px) 100vw, 800px\" \/><\/figure>\n<\/div>\n\n\n\n<div class=\"wp-block-column is-vertically-aligned-center is-layout-flow wp-block-column-is-layout-flow\">\n<p>A unidade flash USB para chaveiro de metal est\u00e1 dispon\u00edvel em duas cores cl\u00e1ssicas.<\/p>\n\n\n\n<p>O modelo prateado brilha como um brilho prateado que se derrama suavemente, onde o material met\u00e1lico transmite um brilho frio e premium que flui com uma textura delicada sob a luz, combinando simplicidade com eleg\u00e2ncia para se adequar a v\u00e1rios cen\u00e1rios de uso.<\/p>\n\n\n\n<p>O modelo preto lembra a profundidade da noite, com a superf\u00edcie de metal tratada para apresentar um preto fosco calmo e sofisticado. Ele exala um refinamento sutil, demonstrando um gosto \u00fanico ao ser segurado. Ambas as cores aproveitam as propriedades do metal para serem resistentes ao desgaste e ao desbotamento, mantendo a beleza por um longo tempo.<\/p>\n<\/div>\n<\/div>\n\n\n\n<h2 class=\"wp-block-heading\"><strong>A unidade flash USB com chaveiro de metal pode ser personalizada com um logotipo? <\/strong><strong><\/strong><\/h2>\n\n\n\n<div class=\"wp-block-columns is-layout-flex wp-container-core-columns-is-layout-28f84493 wp-block-columns-is-layout-flex\">\n<div class=\"wp-block-column is-vertically-aligned-center is-layout-flow wp-block-column-is-layout-flow\">\n<p>A unidade flash USB para chaveiro de metal permite a personaliza\u00e7\u00e3o do logotipo. Tanto a frente quanto o verso podem ser personalizados por meio de tecnologia de grava\u00e7\u00e3o a laser.<\/p>\n\n\n\n<p>A grava\u00e7\u00e3o a laser apresenta com precis\u00e3o os detalhes do logotipo, integrando-se profundamente \u00e0 superf\u00edcie do metal para resistir ao descolamento e ao desgaste, garantindo a exibi\u00e7\u00e3o clara do logotipo da sua marca ou de padr\u00f5es exclusivos.<\/p>\n\n\n\n<p>Seja personalizada por empresas para presentes comerciais ou por indiv\u00edduos para lembran\u00e7as exclusivas, ela atende a necessidades personalizadas e confere um significado exclusivo \u00e0 unidade flash USB.<\/p>\n<\/div>\n\n\n\n<div class=\"wp-block-column is-layout-flow wp-block-column-is-layout-flow\">\n<figure class=\"wp-block-image aligncenter size-full is-resized\"><img decoding=\"async\" width=\"894\" height=\"894\" src=\"https:\/\/www.usborkeychain.com\/wp-content\/uploads\/Metal-Keychain-USB-Flash-Drive-with-Logo.jpg\" alt=\"Metal Keychain USB Flash Drive with Logo\" class=\"wp-image-3275\" style=\"width:448px\" srcset=\"https:\/\/www.usborkeychain.com\/wp-content\/uploads\/Metal-Keychain-USB-Flash-Drive-with-Logo.jpg 894w, https:\/\/www.usborkeychain.com\/wp-content\/uploads\/Metal-Keychain-USB-Flash-Drive-with-Logo-300x300.jpg 300w, https:\/\/www.usborkeychain.com\/wp-content\/uploads\/Metal-Keychain-USB-Flash-Drive-with-Logo-150x150.jpg 150w, https:\/\/www.usborkeychain.com\/wp-content\/uploads\/Metal-Keychain-USB-Flash-Drive-with-Logo-768x768.jpg 768w, https:\/\/www.usborkeychain.com\/wp-content\/uploads\/Metal-Keychain-USB-Flash-Drive-with-Logo-12x12.jpg 12w, https:\/\/www.usborkeychain.com\/wp-content\/uploads\/Metal-Keychain-USB-Flash-Drive-with-Logo-600x600.jpg 600w, https:\/\/www.usborkeychain.com\/wp-content\/uploads\/Metal-Keychain-USB-Flash-Drive-with-Logo-100x100.jpg 100w\" sizes=\"(max-width: 894px) 100vw, 894px\" \/><\/figure>\n<\/div>\n<\/div>\n\n\n\n<h2 class=\"wp-block-heading\"><strong>Resumo <\/strong><strong><\/strong><\/h2>\n\n\n\n<p>A unidade flash USB para chaveiro de metal integra um chaveiro port\u00e1til com fun\u00e7\u00f5es de armazenamento de alta velocidade. A interface USB 3.0 garante uma transmiss\u00e3o eficiente, diversas capacidades se adaptam a diferentes necessidades, as cores prata e preta equilibram a est\u00e9tica e a durabilidade, al\u00e9m de suportar a personaliza\u00e7\u00e3o do logotipo gravado a laser.<\/p>\n\n\n\n<p>Seja para armazenamento di\u00e1rio de arquivos, uso em escrit\u00f3rio comercial ou como presente personalizado, ele se torna uma excelente op\u00e7\u00e3o com seu desempenho pr\u00e1tico e vantagens personalizadas, resolvendo facilmente os desafios de armazenamento e transporte de dados e integrando dispositivos tecnol\u00f3gicos \u00e0 vida cotidiana.<\/p>","protected":false},"excerpt":{"rendered":"<ul>\n<li>Design de chaveiro<\/li>\n<li>Material met\u00e1lico<\/li>\n<li>\u00c0 prova d'\u00e1gua e dur\u00e1vel<\/li>\n<li>Velocidade mais r\u00e1pida e alta qualidade<\/li>\n<li>Confi\u00e1vel e seguro<\/li>\n<li>\u00d3timo para todas as finalidades<\/li>\n<\/ul>","protected":false},"featured_media":3276,"comment_status":"open","ping_status":"closed","template":"","meta":{"_seopress_robots_primary_cat":"none","_seopress_titles_title":"Metal Keychain USB Flash Drive","_seopress_titles_desc":"","_seopress_robots_index":"","site-sidebar-layout":"default","site-content-layout":"","ast-site-content-layout":"","site-content-style":"default","site-sidebar-style":"default","ast-global-header-display":"","ast-banner-title-visibility":"","ast-main-header-display":"","ast-hfb-above-header-display":"","ast-hfb-below-header-display":"","ast-hfb-mobile-header-display":"","site-post-title":"","ast-breadcrumbs-content":"","ast-featured-img":"","footer-sml-layout":"","theme-transparent-header-meta":"","adv-header-id-meta":"","stick-header-meta":"","header-above-stick-meta":"","header-main-stick-meta":"","header-below-stick-meta":"","astra-migrate-meta-layouts":"default","ast-page-background-enabled":"default","ast-page-background-meta":{"desktop":{"background-color":"var(--ast-global-color-5)","background-image":"","background-repeat":"repeat","background-position":"center center","background-size":"auto","background-attachment":"scroll","background-type":"","background-media":"","overlay-type":"","overlay-color":"","overlay-opacity":"","overlay-gradient":""},"tablet":{"background-color":"","background-image":"","background-repeat":"repeat","background-position":"center center","background-size":"auto","background-attachment":"scroll","background-type":"","background-media":"","overlay-type":"","overlay-color":"","overlay-opacity":"","overlay-gradient":""},"mobile":{"background-color":"","background-image":"","background-repeat":"repeat","background-position":"center center","background-size":"auto","background-attachment":"scroll","background-type":"","background-media":"","overlay-type":"","overlay-color":"","overlay-opacity":"","overlay-gradient":""}},"ast-content-background-meta":{"desktop":{"background-color":"var(--ast-global-color-4)","background-image":"","background-repeat":"repeat","background-position":"center center","background-size":"auto","background-attachment":"scroll","background-type":"","background-media":"","overlay-type":"","overlay-color":"","overlay-opacity":"","overlay-gradient":""},"tablet":{"background-color":"var(--ast-global-color-4)","background-image":"","background-repeat":"repeat","background-position":"center center","background-size":"auto","background-attachment":"scroll","background-type":"","background-media":"","overlay-type":"","overlay-color":"","overlay-opacity":"","overlay-gradient":""},"mobile":{"background-color":"var(--ast-global-color-4)","background-image":"","background-repeat":"repeat","background-position":"center center","background-size":"auto","background-attachment":"scroll","background-type":"","background-media":"","overlay-type":"","overlay-color":"","overlay-opacity":"","overlay-gradient":""}}},"product_brand":[],"product_cat":[101],"product_tag":[],"class_list":{"0":"post-3271","1":"product","2":"type-product","3":"status-publish","4":"has-post-thumbnail","6":"product_cat-usb-pendrive-with-keychain","7":"desktop-align-left","8":"tablet-align-left","9":"mobile-align-left","11":"first","12":"instock","13":"shipping-taxable","14":"product-type-simple"},"_links":{"self":[{"href":"https:\/\/www.usborkeychain.com\/pt\/wp-json\/wp\/v2\/product\/3271","targetHints":{"allow":["GET"]}}],"collection":[{"href":"https:\/\/www.usborkeychain.com\/pt\/wp-json\/wp\/v2\/product"}],"about":[{"href":"https:\/\/www.usborkeychain.com\/pt\/wp-json\/wp\/v2\/types\/product"}],"replies":[{"embeddable":true,"href":"https:\/\/www.usborkeychain.com\/pt\/wp-json\/wp\/v2\/comments?post=3271"}],"wp:featuredmedia":[{"embeddable":true,"href":"https:\/\/www.usborkeychain.com\/pt\/wp-json\/wp\/v2\/media\/3276"}],"wp:attachment":[{"href":"https:\/\/www.usborkeychain.com\/pt\/wp-json\/wp\/v2\/media?parent=3271"}],"wp:term":[{"taxonomy":"product_brand","embeddable":true,"href":"https:\/\/www.usborkeychain.com\/pt\/wp-json\/wp\/v2\/product_brand?post=3271"},{"taxonomy":"product_cat","embeddable":true,"href":"https:\/\/www.usborkeychain.com\/pt\/wp-json\/wp\/v2\/product_cat?post=3271"},{"taxonomy":"product_tag","embeddable":true,"href":"https:\/\/www.usborkeychain.com\/pt\/wp-json\/wp\/v2\/product_tag?post=3271"}],"curies":[{"name":"wp","href":"https:\/\/api.w.org\/{rel}","templated":true}]}}