{"id":3384,"date":"2025-06-25T03:50:45","date_gmt":"2025-06-25T03:50:45","guid":{"rendered":"https:\/\/www.usborkeychain.com\/?post_type=product&#038;p=3384"},"modified":"2025-06-25T07:34:00","modified_gmt":"2025-06-25T07:34:00","slug":"brightcolor-mobile-usb-flash-drive","status":"publish","type":"product","link":"https:\/\/www.usborkeychain.com\/pt\/produto\/brightcolor-mobile-usb-flash-drive\/","title":{"rendered":"Unidade flash USB C de alum\u00ednio BrightColor"},"content":{"rendered":"<div class=\"wp-block-columns is-layout-flex wp-container-core-columns-is-layout-28f84493 wp-block-columns-is-layout-flex\">\n<div class=\"wp-block-column is-layout-flow wp-block-column-is-layout-flow\">\n<figure class=\"wp-block-image size-full\"><img fetchpriority=\"high\" decoding=\"async\" width=\"750\" height=\"750\" src=\"https:\/\/www.usborkeychain.com\/wp-content\/uploads\/usb-c-256gb-flash-drive.jpg\" alt=\"usb c 256gb flash drive\" class=\"wp-image-3396\" srcset=\"https:\/\/www.usborkeychain.com\/wp-content\/uploads\/usb-c-256gb-flash-drive.jpg 750w, https:\/\/www.usborkeychain.com\/wp-content\/uploads\/usb-c-256gb-flash-drive-300x300.jpg 300w, https:\/\/www.usborkeychain.com\/wp-content\/uploads\/usb-c-256gb-flash-drive-150x150.jpg 150w, https:\/\/www.usborkeychain.com\/wp-content\/uploads\/usb-c-256gb-flash-drive-12x12.jpg 12w, https:\/\/www.usborkeychain.com\/wp-content\/uploads\/usb-c-256gb-flash-drive-600x600.jpg 600w, https:\/\/www.usborkeychain.com\/wp-content\/uploads\/usb-c-256gb-flash-drive-100x100.jpg 100w\" sizes=\"(max-width: 750px) 100vw, 750px\" \/><\/figure>\n<\/div>\n\n\n\n<div class=\"wp-block-column is-vertically-aligned-center is-layout-flow wp-block-column-is-layout-flow\">\n<p>A unidade flash USB m\u00f3vel BrightColor \u00e9 o primeiro modelo de USB m\u00f3vel lan\u00e7ado pela YOUSAN USB Factory. <\/p>\n\n\n\n<p>Com um design cl\u00e1ssico de barra longa e um inv\u00f3lucro de liga de alum\u00ednio, ele pode ser usado tanto em telefones celulares quanto em computadores.<\/p>\n\n\n\n<p> \u00c9 uma excelente op\u00e7\u00e3o para os fabricantes comprarem em grandes quantidades ou personalizarem como brindes, al\u00e9m de ser um dos modelos de USB com o maior volume de pedidos de unidades USB m\u00f3veis.<\/p>\n<\/div>\n<\/div>\n\n\n\n<div style=\"height:50px\" aria-hidden=\"true\" class=\"wp-block-spacer\"><\/div>\n\n\n\n<h4 class=\"wp-block-heading\">Qual \u00e9 o material da unidade flash USB m\u00f3vel BrightColor?<\/h4>\n\n\n\n<div class=\"wp-block-columns is-layout-flex wp-container-core-columns-is-layout-28f84493 wp-block-columns-is-layout-flex\">\n<div class=\"wp-block-column is-vertically-aligned-center is-layout-flow wp-block-column-is-layout-flow\">\n<p>A cl\u00e1ssica unidade flash USB m\u00f3vel BrightColor \u00e9 feita de liga de alum\u00ednio, que \u00e9 extremamente leve - todo o inv\u00f3lucro pesa apenas 8g. <\/p>\n\n\n\n<p>A superf\u00edcie do inv\u00f3lucro do USB \u00e9 tratada com um processo fosco, que n\u00e3o s\u00f3 \u00e9 antiderrapante e resistente ao desgaste, mas tamb\u00e9m proporciona uma sensa\u00e7\u00e3o delicada e confort\u00e1vel ao manuseio. <\/p>\n\n\n\n<p>Isso tamb\u00e9m evita deixar impress\u00f5es digitais na concha durante o uso. Por meio de uma avan\u00e7ada tecnologia de oxida\u00e7\u00e3o, a concha pode ser oxidada em v\u00e1rias cores, especialmente em tons vibrantes, para atender \u00e0s necessidades personalizadas de apar\u00eancia de diferentes clientes.<\/p>\n<\/div>\n\n\n\n<div class=\"wp-block-column is-layout-flow wp-block-column-is-layout-flow\">\n<figure class=\"wp-block-image size-full\"><img decoding=\"async\" width=\"805\" height=\"499\" src=\"https:\/\/www.usborkeychain.com\/wp-content\/uploads\/usb-c-storage-drive.jpg\" alt=\"usb c storage drive\" class=\"wp-image-3400\" srcset=\"https:\/\/www.usborkeychain.com\/wp-content\/uploads\/usb-c-storage-drive.jpg 805w, https:\/\/www.usborkeychain.com\/wp-content\/uploads\/usb-c-storage-drive-300x186.jpg 300w, https:\/\/www.usborkeychain.com\/wp-content\/uploads\/usb-c-storage-drive-768x476.jpg 768w, https:\/\/www.usborkeychain.com\/wp-content\/uploads\/usb-c-storage-drive-18x12.jpg 18w, https:\/\/www.usborkeychain.com\/wp-content\/uploads\/usb-c-storage-drive-600x372.jpg 600w\" sizes=\"(max-width: 805px) 100vw, 805px\" \/><\/figure>\n<\/div>\n<\/div>\n\n\n\n<h4 class=\"wp-block-heading\">Par\u00e2metros da unidade flash USB m\u00f3vel BrightColor<\/h4>\n\n\n\n<p>A unidade flash USB m\u00f3vel BrightColor suporta o uso duplo em computadores e telefones celulares. <\/p>\n\n\n\n<p>Uma extremidade \u00e9 uma interface USB padr\u00e3o, adequada para v\u00e1rios dispositivos de computador; a outra extremidade \u00e9 uma interface Android, que pode ser inserida diretamente em telefones Android para ler dados. Para telefones com interface Type-c, ele pode ser conectado com um adaptador e tamb\u00e9m suporta a personaliza\u00e7\u00e3o de modelos exclusivos de interface Type-c por meio da abertura do molde.<\/p>\n\n\n\n<div class=\"wp-block-columns is-layout-flex wp-container-core-columns-is-layout-28f84493 wp-block-columns-is-layout-flex\">\n<div class=\"wp-block-column is-layout-flow wp-block-column-is-layout-flow\">\n<figure class=\"wp-block-image size-full\"><img decoding=\"async\" width=\"800\" height=\"800\" src=\"https:\/\/www.usborkeychain.com\/wp-content\/uploads\/usb-c-storage-devices.jpg\" alt=\"usb c storage devices\" class=\"wp-image-3398\" srcset=\"https:\/\/www.usborkeychain.com\/wp-content\/uploads\/usb-c-storage-devices.jpg 800w, https:\/\/www.usborkeychain.com\/wp-content\/uploads\/usb-c-storage-devices-300x300.jpg 300w, https:\/\/www.usborkeychain.com\/wp-content\/uploads\/usb-c-storage-devices-150x150.jpg 150w, https:\/\/www.usborkeychain.com\/wp-content\/uploads\/usb-c-storage-devices-768x768.jpg 768w, https:\/\/www.usborkeychain.com\/wp-content\/uploads\/usb-c-storage-devices-12x12.jpg 12w, https:\/\/www.usborkeychain.com\/wp-content\/uploads\/usb-c-storage-devices-600x600.jpg 600w, https:\/\/www.usborkeychain.com\/wp-content\/uploads\/usb-c-storage-devices-100x100.jpg 100w\" sizes=\"(max-width: 800px) 100vw, 800px\" \/><\/figure>\n<\/div>\n\n\n\n<div class=\"wp-block-column is-layout-flow wp-block-column-is-layout-flow\">\n<figure class=\"wp-block-image size-full\"><img loading=\"lazy\" decoding=\"async\" width=\"800\" height=\"800\" src=\"https:\/\/www.usborkeychain.com\/wp-content\/uploads\/usb-type-c-storage-drive.jpg\" alt=\"usb type c storage drive\" class=\"wp-image-3401\" srcset=\"https:\/\/www.usborkeychain.com\/wp-content\/uploads\/usb-type-c-storage-drive.jpg 800w, https:\/\/www.usborkeychain.com\/wp-content\/uploads\/usb-type-c-storage-drive-300x300.jpg 300w, https:\/\/www.usborkeychain.com\/wp-content\/uploads\/usb-type-c-storage-drive-150x150.jpg 150w, https:\/\/www.usborkeychain.com\/wp-content\/uploads\/usb-type-c-storage-drive-768x768.jpg 768w, https:\/\/www.usborkeychain.com\/wp-content\/uploads\/usb-type-c-storage-drive-12x12.jpg 12w, https:\/\/www.usborkeychain.com\/wp-content\/uploads\/usb-type-c-storage-drive-600x600.jpg 600w, https:\/\/www.usborkeychain.com\/wp-content\/uploads\/usb-type-c-storage-drive-100x100.jpg 100w\" sizes=\"(max-width: 800px) 100vw, 800px\" \/><\/figure>\n<\/div>\n\n\n\n<div class=\"wp-block-column is-layout-flow wp-block-column-is-layout-flow\">\n<figure class=\"wp-block-image size-full\"><img loading=\"lazy\" decoding=\"async\" width=\"800\" height=\"800\" src=\"https:\/\/www.usborkeychain.com\/wp-content\/uploads\/pen-usb-type-c.jpg\" alt=\"pen usb type c\" class=\"wp-image-3392\" srcset=\"https:\/\/www.usborkeychain.com\/wp-content\/uploads\/pen-usb-type-c.jpg 800w, https:\/\/www.usborkeychain.com\/wp-content\/uploads\/pen-usb-type-c-300x300.jpg 300w, https:\/\/www.usborkeychain.com\/wp-content\/uploads\/pen-usb-type-c-150x150.jpg 150w, https:\/\/www.usborkeychain.com\/wp-content\/uploads\/pen-usb-type-c-768x768.jpg 768w, https:\/\/www.usborkeychain.com\/wp-content\/uploads\/pen-usb-type-c-12x12.jpg 12w, https:\/\/www.usborkeychain.com\/wp-content\/uploads\/pen-usb-type-c-600x600.jpg 600w, https:\/\/www.usborkeychain.com\/wp-content\/uploads\/pen-usb-type-c-100x100.jpg 100w\" sizes=\"(max-width: 800px) 100vw, 800px\" \/><\/figure>\n<\/div>\n<\/div>\n\n\n\n<p> Em termos de velocidade de transmiss\u00e3o, ele oferece duas op\u00e7\u00f5es de interface: USB2.0 e USB3.0 de alta velocidade, atendendo \u00e0s necessidades de transmiss\u00e3o de dados em diferentes cen\u00e1rios. Os par\u00e2metros espec\u00edficos s\u00e3o os seguintes:<\/p>\n\n\n\n<figure class=\"wp-block-table\"><table class=\"has-fixed-layout\"><thead><tr><th>Projeto<\/th><th>Detalhes do par\u00e2metro<\/th><\/tr><\/thead><tbody><tr><td>Tipo de interface<\/td><td>Uma extremidade USB, uma extremidade Android (h\u00e1 suporte para personaliza\u00e7\u00e3o do tipo c)<\/td><\/tr><tr><td>Padr\u00e3o de transmiss\u00e3o<\/td><td>USB2.0\/USB3.0 (opcional)<\/td><\/tr><tr><td>Material<\/td><td>Liga de alum\u00ednio<\/td><\/tr><tr><td>Faixa de capacidade<\/td><td>1 GB - 256 GB (personaliz\u00e1vel)<\/td><\/tr><tr><td>Temperatura operacional<\/td><td>-25\u2103 ~ 85\u2103<\/td><\/tr><tr><td>Temperatura de armazenamento<\/td><td>-40\u2103 ~ 95\u2103<\/td><\/tr><\/tbody><\/table><\/figure>\n\n\n\n<h4 class=\"wp-block-heading\">Como usar a unidade flash USB m\u00f3vel BrightColor?<\/h4>\n\n\n\n<div class=\"wp-block-columns is-layout-flex wp-container-core-columns-is-layout-28f84493 wp-block-columns-is-layout-flex\">\n<div class=\"wp-block-column is-layout-flow wp-block-column-is-layout-flow\">\n<figure class=\"wp-block-image size-full\"><img loading=\"lazy\" decoding=\"async\" width=\"800\" height=\"800\" src=\"https:\/\/www.usborkeychain.com\/wp-content\/uploads\/best-usb-c-flash-drive.jpg\" alt=\"best usb c flash drive\" class=\"wp-image-3387\" srcset=\"https:\/\/www.usborkeychain.com\/wp-content\/uploads\/best-usb-c-flash-drive.jpg 800w, https:\/\/www.usborkeychain.com\/wp-content\/uploads\/best-usb-c-flash-drive-300x300.jpg 300w, https:\/\/www.usborkeychain.com\/wp-content\/uploads\/best-usb-c-flash-drive-150x150.jpg 150w, https:\/\/www.usborkeychain.com\/wp-content\/uploads\/best-usb-c-flash-drive-768x768.jpg 768w, https:\/\/www.usborkeychain.com\/wp-content\/uploads\/best-usb-c-flash-drive-12x12.jpg 12w, https:\/\/www.usborkeychain.com\/wp-content\/uploads\/best-usb-c-flash-drive-600x600.jpg 600w, https:\/\/www.usborkeychain.com\/wp-content\/uploads\/best-usb-c-flash-drive-100x100.jpg 100w\" sizes=\"(max-width: 800px) 100vw, 800px\" \/><\/figure>\n<\/div>\n\n\n\n<div class=\"wp-block-column is-vertically-aligned-center is-layout-flow wp-block-column-is-layout-flow\">\n<ul class=\"wp-block-list\">\n<li><strong>Conectar o dispositivo<\/strong>: Insira diretamente a interface Android da unidade flash USB m\u00f3vel BrightColor na interface correspondente de um telefone Android. \u00c9 plug-and-play e n\u00e3o requer drivers adicionais.<\/li>\n\n\n\n<li><strong>Ler dados<\/strong>: Ap\u00f3s a conex\u00e3o bem-sucedida, localize o dispositivo USB no gerenciamento de arquivos do telefone para realizar opera\u00e7\u00f5es como armazenamento, leitura e exclus\u00e3o de arquivos.<\/li>\n\n\n\n<li><strong>Uso com iPhones<\/strong>Os usu\u00e1rios do iPhone precisam usar um adaptador dedicado para conectar a unidade USB ao telefone e contar com o aplicativo correspondente para realizar a transmiss\u00e3o e o gerenciamento de dados.<\/li>\n<\/ul>\n<\/div>\n<\/div>\n\n\n\n<h4 class=\"wp-block-heading\">A unidade flash USB m\u00f3vel BrightColor pode ser personalizada com um logotipo?<\/h4>\n\n\n\n<p>Como f\u00e1brica de produ\u00e7\u00e3o de USB, oferecemos dois processos principais de personaliza\u00e7\u00e3o para unidades flash USB m\u00f3veis BrightColor: grava\u00e7\u00e3o a laser e serigrafia. O processo de grava\u00e7\u00e3o a laser pode apresentar com precis\u00e3o os detalhes do logotipo, com resist\u00eancia ao desgaste e sem desbotamento da cor; o processo de serigrafia oferece cores vibrantes e padr\u00f5es n\u00edtidos. Ambos os processos s\u00e3o adequados para a personaliza\u00e7\u00e3o de brindes corporativos, atendendo \u00e0s necessidades de diferentes clientes, desde a produ\u00e7\u00e3o em massa at\u00e9 a personaliza\u00e7\u00e3o. De acordo com o feedback do mercado, a maioria dos clientes B2B prefere o processo de grava\u00e7\u00e3o a laser para a personaliza\u00e7\u00e3o do logotipo, a fim de aprimorar a textura do brinde e a imagem da marca.<\/p>\n\n\n\n<div class=\"wp-block-columns is-layout-flex wp-container-core-columns-is-layout-28f84493 wp-block-columns-is-layout-flex\">\n<div class=\"wp-block-column is-layout-flow wp-block-column-is-layout-flow\">\n<figure class=\"wp-block-image size-full\"><img loading=\"lazy\" decoding=\"async\" width=\"800\" height=\"800\" src=\"https:\/\/www.usborkeychain.com\/wp-content\/uploads\/c-thumb-drive.jpg\" alt=\"c thumb drive\" class=\"wp-image-3389\" srcset=\"https:\/\/www.usborkeychain.com\/wp-content\/uploads\/c-thumb-drive.jpg 800w, https:\/\/www.usborkeychain.com\/wp-content\/uploads\/c-thumb-drive-300x300.jpg 300w, https:\/\/www.usborkeychain.com\/wp-content\/uploads\/c-thumb-drive-150x150.jpg 150w, https:\/\/www.usborkeychain.com\/wp-content\/uploads\/c-thumb-drive-768x768.jpg 768w, https:\/\/www.usborkeychain.com\/wp-content\/uploads\/c-thumb-drive-12x12.jpg 12w, https:\/\/www.usborkeychain.com\/wp-content\/uploads\/c-thumb-drive-600x600.jpg 600w, https:\/\/www.usborkeychain.com\/wp-content\/uploads\/c-thumb-drive-100x100.jpg 100w\" sizes=\"(max-width: 800px) 100vw, 800px\" \/><\/figure>\n<\/div>\n\n\n\n<div class=\"wp-block-column is-layout-flow wp-block-column-is-layout-flow\">\n<figure class=\"wp-block-image size-full\"><img loading=\"lazy\" decoding=\"async\" width=\"800\" height=\"800\" src=\"https:\/\/www.usborkeychain.com\/wp-content\/uploads\/usb-3.1-usb-stick-custom-logo.jpg\" alt=\"usb 3.1 usb stick custom logo\" class=\"wp-image-3395\" srcset=\"https:\/\/www.usborkeychain.com\/wp-content\/uploads\/usb-3.1-usb-stick-custom-logo.jpg 800w, https:\/\/www.usborkeychain.com\/wp-content\/uploads\/usb-3.1-usb-stick-custom-logo-300x300.jpg 300w, https:\/\/www.usborkeychain.com\/wp-content\/uploads\/usb-3.1-usb-stick-custom-logo-150x150.jpg 150w, https:\/\/www.usborkeychain.com\/wp-content\/uploads\/usb-3.1-usb-stick-custom-logo-768x768.jpg 768w, https:\/\/www.usborkeychain.com\/wp-content\/uploads\/usb-3.1-usb-stick-custom-logo-12x12.jpg 12w, https:\/\/www.usborkeychain.com\/wp-content\/uploads\/usb-3.1-usb-stick-custom-logo-600x600.jpg 600w, https:\/\/www.usborkeychain.com\/wp-content\/uploads\/usb-3.1-usb-stick-custom-logo-100x100.jpg 100w\" sizes=\"(max-width: 800px) 100vw, 800px\" \/><\/figure>\n<\/div>\n<\/div>\n\n\n\n<p><strong>Conclus\u00e3o<\/strong>: Com seu design cl\u00e1ssico, material de alta qualidade, fun\u00e7\u00f5es pr\u00e1ticas e diversos processos de personaliza\u00e7\u00e3o, a unidade flash USB m\u00f3vel BrightColor tornou-se a escolha ideal para fabricantes e atacadistas comprarem dispositivos de armazenamento e personalizarem brindes comerciais.<\/p>\n\n\n\n<p><\/p>","protected":false},"excerpt":{"rendered":"<ul>\n<li>Estilo brilhante de USB C e USB A<\/li>\n<li>Design de tira longa<\/li>\n<li>Liga de alum\u00ednio Material da carca\u00e7a<\/li>\n<li>Adequado para presentes personalizados<\/li>\n<li>Aquisi\u00e7\u00e3o a granel de fabricantes<\/li>\n<\/ul>","protected":false},"featured_media":3389,"comment_status":"open","ping_status":"closed","template":"","meta":{"_seopress_robots_primary_cat":"none","_seopress_titles_title":"","_seopress_titles_desc":"","_seopress_robots_index":"","site-sidebar-layout":"default","site-content-layout":"","ast-site-content-layout":"","site-content-style":"default","site-sidebar-style":"default","ast-global-header-display":"","ast-banner-title-visibility":"","ast-main-header-display":"","ast-hfb-above-header-display":"","ast-hfb-below-header-display":"","ast-hfb-mobile-header-display":"","site-post-title":"","ast-breadcrumbs-content":"","ast-featured-img":"","footer-sml-layout":"","theme-transparent-header-meta":"","adv-header-id-meta":"","stick-header-meta":"","header-above-stick-meta":"","header-main-stick-meta":"","header-below-stick-meta":"","astra-migrate-meta-layouts":"default","ast-page-background-enabled":"default","ast-page-background-meta":{"desktop":{"background-color":"var(--ast-global-color-5)","background-image":"","background-repeat":"repeat","background-position":"center center","background-size":"auto","background-attachment":"scroll","background-type":"","background-media":"","overlay-type":"","overlay-color":"","overlay-opacity":"","overlay-gradient":""},"tablet":{"background-color":"","background-image":"","background-repeat":"repeat","background-position":"center center","background-size":"auto","background-attachment":"scroll","background-type":"","background-media":"","overlay-type":"","overlay-color":"","overlay-opacity":"","overlay-gradient":""},"mobile":{"background-color":"","background-image":"","background-repeat":"repeat","background-position":"center center","background-size":"auto","background-attachment":"scroll","background-type":"","background-media":"","overlay-type":"","overlay-color":"","overlay-opacity":"","overlay-gradient":""}},"ast-content-background-meta":{"desktop":{"background-color":"var(--ast-global-color-4)","background-image":"","background-repeat":"repeat","background-position":"center center","background-size":"auto","background-attachment":"scroll","background-type":"","background-media":"","overlay-type":"","overlay-color":"","overlay-opacity":"","overlay-gradient":""},"tablet":{"background-color":"var(--ast-global-color-4)","background-image":"","background-repeat":"repeat","background-position":"center center","background-size":"auto","background-attachment":"scroll","background-type":"","background-media":"","overlay-type":"","overlay-color":"","overlay-opacity":"","overlay-gradient":""},"mobile":{"background-color":"var(--ast-global-color-4)","background-image":"","background-repeat":"repeat","background-position":"center center","background-size":"auto","background-attachment":"scroll","background-type":"","background-media":"","overlay-type":"","overlay-color":"","overlay-opacity":"","overlay-gradient":""}}},"product_brand":[],"product_cat":[105],"product_tag":[185,180],"class_list":{"0":"post-3384","1":"product","2":"type-product","3":"status-publish","4":"has-post-thumbnail","6":"product_cat-usb-c-pendrive","7":"product_tag-aluminium-usb-flash-drive","8":"product_tag-usb-flash-drive-for-cell-phones","9":"desktop-align-left","10":"tablet-align-left","11":"mobile-align-left","13":"first","14":"instock","15":"shipping-taxable","16":"product-type-grouped"},"_links":{"self":[{"href":"https:\/\/www.usborkeychain.com\/pt\/wp-json\/wp\/v2\/product\/3384","targetHints":{"allow":["GET"]}}],"collection":[{"href":"https:\/\/www.usborkeychain.com\/pt\/wp-json\/wp\/v2\/product"}],"about":[{"href":"https:\/\/www.usborkeychain.com\/pt\/wp-json\/wp\/v2\/types\/product"}],"replies":[{"embeddable":true,"href":"https:\/\/www.usborkeychain.com\/pt\/wp-json\/wp\/v2\/comments?post=3384"}],"wp:featuredmedia":[{"embeddable":true,"href":"https:\/\/www.usborkeychain.com\/pt\/wp-json\/wp\/v2\/media\/3389"}],"wp:attachment":[{"href":"https:\/\/www.usborkeychain.com\/pt\/wp-json\/wp\/v2\/media?parent=3384"}],"wp:term":[{"taxonomy":"product_brand","embeddable":true,"href":"https:\/\/www.usborkeychain.com\/pt\/wp-json\/wp\/v2\/product_brand?post=3384"},{"taxonomy":"product_cat","embeddable":true,"href":"https:\/\/www.usborkeychain.com\/pt\/wp-json\/wp\/v2\/product_cat?post=3384"},{"taxonomy":"product_tag","embeddable":true,"href":"https:\/\/www.usborkeychain.com\/pt\/wp-json\/wp\/v2\/product_tag?post=3384"}],"curies":[{"name":"wp","href":"https:\/\/api.w.org\/{rel}","templated":true}]}}