{"id":3412,"date":"2025-06-25T06:44:47","date_gmt":"2025-06-25T06:44:47","guid":{"rendered":"https:\/\/www.usborkeychain.com\/?post_type=product&#038;p=3412"},"modified":"2025-06-25T10:39:15","modified_gmt":"2025-06-25T10:39:15","slug":"card-shaped-mobile-usb-flash-drive","status":"publish","type":"product","link":"https:\/\/www.usborkeychain.com\/pt\/produto\/card-shaped-mobile-usb-flash-drive\/","title":{"rendered":"Unidade flash USB C em formato de cart\u00e3o com OTG"},"content":{"rendered":"<div class=\"wp-block-columns is-layout-flex wp-container-core-columns-is-layout-28f84493 wp-block-columns-is-layout-flex\">\n<div class=\"wp-block-column is-layout-flow wp-block-column-is-layout-flow\">\n<figure class=\"wp-block-image size-large\"><img fetchpriority=\"high\" decoding=\"async\" width=\"1024\" height=\"1024\" src=\"https:\/\/www.usborkeychain.com\/wp-content\/uploads\/how-to-use-the-USB-Card-Flash-Drive-with-Type-C-1024x1024.jpg\" alt=\"how to use the USB Card Flash Drive with Type C\" class=\"wp-image-3417\" srcset=\"https:\/\/www.usborkeychain.com\/wp-content\/uploads\/how-to-use-the-USB-Card-Flash-Drive-with-Type-C-1024x1024.jpg 1024w, https:\/\/www.usborkeychain.com\/wp-content\/uploads\/how-to-use-the-USB-Card-Flash-Drive-with-Type-C-300x300.jpg 300w, https:\/\/www.usborkeychain.com\/wp-content\/uploads\/how-to-use-the-USB-Card-Flash-Drive-with-Type-C-150x150.jpg 150w, https:\/\/www.usborkeychain.com\/wp-content\/uploads\/how-to-use-the-USB-Card-Flash-Drive-with-Type-C-768x768.jpg 768w, https:\/\/www.usborkeychain.com\/wp-content\/uploads\/how-to-use-the-USB-Card-Flash-Drive-with-Type-C-12x12.jpg 12w, https:\/\/www.usborkeychain.com\/wp-content\/uploads\/how-to-use-the-USB-Card-Flash-Drive-with-Type-C-600x600.jpg 600w, https:\/\/www.usborkeychain.com\/wp-content\/uploads\/how-to-use-the-USB-Card-Flash-Drive-with-Type-C-100x100.jpg 100w, https:\/\/www.usborkeychain.com\/wp-content\/uploads\/how-to-use-the-USB-Card-Flash-Drive-with-Type-C.jpg 1080w\" sizes=\"(max-width: 1024px) 100vw, 1024px\" \/><\/figure>\n<\/div>\n\n\n\n<div class=\"wp-block-column is-vertically-aligned-center is-layout-flow wp-block-column-is-layout-flow\">\n<p>A unidade flash USB m\u00f3vel em forma de cart\u00e3o acrescenta uma nova fun\u00e7\u00e3o ao cl\u00e1ssico cart\u00e3o USB, permitindo a inser\u00e7\u00e3o direta em telefones celulares. <\/p>\n\n\n\n<p>Com um design cl\u00e1ssico em estilo de cart\u00e3o e material pl\u00e1stico de alta qualidade, ele suporta o uso duplo em telefones celulares e computadores. <\/p>\n\n\n\n<p>\u00c9 uma op\u00e7\u00e3o popular para brindes USB promocionais, muitas vezes escolhida pelos fabricantes de telefones celulares como brindes para os usu\u00e1rios.<\/p>\n<\/div>\n<\/div>\n\n\n\n<div style=\"height:50px\" aria-hidden=\"true\" class=\"wp-block-spacer\"><\/div>\n\n\n\n<h3 class=\"wp-block-heading\">Design da unidade flash USB m\u00f3vel cl\u00e1ssica em forma de cart\u00e3o<\/h3>\n\n\n\n<div class=\"wp-block-columns is-layout-flex wp-container-core-columns-is-layout-28f84493 wp-block-columns-is-layout-flex\">\n<div class=\"wp-block-column is-vertically-aligned-center is-layout-flow wp-block-column-is-layout-flow\">\n<p>A cl\u00e1ssica unidade flash USB m\u00f3vel em formato de cart\u00e3o apresenta um design exclusivo em estilo de cart\u00e3o, compat\u00edvel com o tamanho de cart\u00f5es de cr\u00e9dito e cart\u00f5es banc\u00e1rios: 85<em>55<\/em>2 mm, com uma espessura de apenas 2 mm, o que o torna um modelo ultrafino. <\/p>\n\n\n\n<p> Sua natureza leve e port\u00e1til permite que ele seja facilmente colocado em carteiras, porta-cart\u00f5es ou bolsos, sem qualquer \u00f4nus. <\/p>\n\n\n\n<p>Seja para profissionais de neg\u00f3cios que precisam carregar documentos importantes ou para usu\u00e1rios comuns que desejam fazer backup de dados, ele oferece grande conveni\u00eancia, tornando-o um modelo popular para produ\u00e7\u00e3o em massa em f\u00e1bricas.<\/p>\n<\/div>\n\n\n\n<div class=\"wp-block-column is-layout-flow wp-block-column-is-layout-flow\">\n<figure class=\"wp-block-image size-full\"><img decoding=\"async\" width=\"800\" height=\"800\" src=\"https:\/\/www.usborkeychain.com\/wp-content\/uploads\/Credit-Card-usb-c-USB-Pendrive.jpg\" alt=\"Credit Card usb c USB Pendrive\" class=\"wp-image-3416\" srcset=\"https:\/\/www.usborkeychain.com\/wp-content\/uploads\/Credit-Card-usb-c-USB-Pendrive.jpg 800w, https:\/\/www.usborkeychain.com\/wp-content\/uploads\/Credit-Card-usb-c-USB-Pendrive-300x300.jpg 300w, https:\/\/www.usborkeychain.com\/wp-content\/uploads\/Credit-Card-usb-c-USB-Pendrive-150x150.jpg 150w, https:\/\/www.usborkeychain.com\/wp-content\/uploads\/Credit-Card-usb-c-USB-Pendrive-768x768.jpg 768w, https:\/\/www.usborkeychain.com\/wp-content\/uploads\/Credit-Card-usb-c-USB-Pendrive-12x12.jpg 12w, https:\/\/www.usborkeychain.com\/wp-content\/uploads\/Credit-Card-usb-c-USB-Pendrive-600x600.jpg 600w, https:\/\/www.usborkeychain.com\/wp-content\/uploads\/Credit-Card-usb-c-USB-Pendrive-100x100.jpg 100w\" sizes=\"(max-width: 800px) 100vw, 800px\" \/><\/figure>\n<\/div>\n<\/div>\n\n\n\n<h3 class=\"wp-block-heading\">Quais s\u00e3o os par\u00e2metros da unidade flash USB m\u00f3vel em forma de cart\u00e3o?<\/h3>\n\n\n\n<div class=\"wp-block-columns is-layout-flex wp-container-core-columns-is-layout-28f84493 wp-block-columns-is-layout-flex\">\n<div class=\"wp-block-column is-layout-flow wp-block-column-is-layout-flow\">\n<figure class=\"wp-block-image size-full\"><img decoding=\"async\" width=\"600\" height=\"600\" src=\"https:\/\/www.usborkeychain.com\/wp-content\/uploads\/USB-Card-Flash-Drive-with-OTG.png\" alt=\"USB Card Flash Drive with OTG\" class=\"wp-image-3420\" srcset=\"https:\/\/www.usborkeychain.com\/wp-content\/uploads\/USB-Card-Flash-Drive-with-OTG.png 600w, https:\/\/www.usborkeychain.com\/wp-content\/uploads\/USB-Card-Flash-Drive-with-OTG-300x300.png 300w, https:\/\/www.usborkeychain.com\/wp-content\/uploads\/USB-Card-Flash-Drive-with-OTG-150x150.png 150w, https:\/\/www.usborkeychain.com\/wp-content\/uploads\/USB-Card-Flash-Drive-with-OTG-12x12.png 12w, https:\/\/www.usborkeychain.com\/wp-content\/uploads\/USB-Card-Flash-Drive-with-OTG-100x100.png 100w\" sizes=\"(max-width: 600px) 100vw, 600px\" \/><\/figure>\n<\/div>\n\n\n\n<div class=\"wp-block-column is-layout-flow wp-block-column-is-layout-flow\">\n<figure class=\"wp-block-image size-full\"><img loading=\"lazy\" decoding=\"async\" width=\"800\" height=\"800\" src=\"https:\/\/www.usborkeychain.com\/wp-content\/uploads\/Credit-Card-Shape-OTG-USB-Pendrive.jpg\" alt=\"Credit Card Shape OTG USB Pendrive\" class=\"wp-image-3415\" srcset=\"https:\/\/www.usborkeychain.com\/wp-content\/uploads\/Credit-Card-Shape-OTG-USB-Pendrive.jpg 800w, https:\/\/www.usborkeychain.com\/wp-content\/uploads\/Credit-Card-Shape-OTG-USB-Pendrive-300x300.jpg 300w, https:\/\/www.usborkeychain.com\/wp-content\/uploads\/Credit-Card-Shape-OTG-USB-Pendrive-150x150.jpg 150w, https:\/\/www.usborkeychain.com\/wp-content\/uploads\/Credit-Card-Shape-OTG-USB-Pendrive-768x768.jpg 768w, https:\/\/www.usborkeychain.com\/wp-content\/uploads\/Credit-Card-Shape-OTG-USB-Pendrive-12x12.jpg 12w, https:\/\/www.usborkeychain.com\/wp-content\/uploads\/Credit-Card-Shape-OTG-USB-Pendrive-600x600.jpg 600w, https:\/\/www.usborkeychain.com\/wp-content\/uploads\/Credit-Card-Shape-OTG-USB-Pendrive-100x100.jpg 100w\" sizes=\"(max-width: 800px) 100vw, 800px\" \/><\/figure>\n<\/div>\n\n\n\n<div class=\"wp-block-column is-vertically-aligned-center is-layout-flow wp-block-column-is-layout-flow\">\n<p>A unidade flash USB m\u00f3vel em forma de cart\u00e3o suporta o uso duplo em computadores e telefones celulares. <\/p>\n\n\n\n<p>Uma extremidade \u00e9 uma interface USB padr\u00e3o, compat\u00edvel com v\u00e1rios computadores; a extremidade do telefone celular oferece duas op\u00e7\u00f5es de interface: Type-c e Android. <\/p>\n\n\n\n<p>Os usu\u00e1rios devem esclarecer seus requisitos de interface ao comprar para evitar o problema de usar adaptadores posteriormente.<\/p>\n\n\n\n<p><\/p>\n\n\n\n<p><\/p>\n<\/div>\n<\/div>\n\n\n\n<p> Ele usa um chip UDP \u00e0 prova d'\u00e1gua para garantir a seguran\u00e7a dos dados. Os padr\u00f5es de transmiss\u00e3o da interface s\u00e3o opcionais entre USB2.0 e USB3.0 de alta velocidade, atendendo \u00e0s necessidades de transmiss\u00e3o de dados em diferentes cen\u00e1rios. Os par\u00e2metros espec\u00edficos s\u00e3o os seguintes:<\/p>\n\n\n\n<figure class=\"wp-block-table\"><table class=\"has-fixed-layout\"><thead><tr><th>Projeto<\/th><th>Detalhes do par\u00e2metro<\/th><\/tr><\/thead><tbody><tr><td>Dimens\u00f5es<\/td><td>85<em>55<\/em>2 mm<\/td><\/tr><tr><td>Tipo de interface<\/td><td>USB + Type-c \/ Android (escolha um)<\/td><\/tr><tr><td>Padr\u00e3o de transmiss\u00e3o<\/td><td>USB2.0\/USB3.0 (opcional)<\/td><\/tr><tr><td>Tipo de chip<\/td><td>UDP \u00e0 prova d'\u00e1gua<\/td><\/tr><tr><td>Material<\/td><td>Pl\u00e1stico de alta qualidade<\/td><\/tr><tr><td>Faixa de capacidade<\/td><td>8 GB - 256 GB (personaliz\u00e1vel)<\/td><\/tr><\/tbody><\/table><\/figure>\n\n\n\n<div style=\"height:50px\" aria-hidden=\"true\" class=\"wp-block-spacer\"><\/div>\n\n\n\n<h3 class=\"wp-block-heading\">Como usar a unidade flash USB m\u00f3vel em forma de cart\u00e3o?<\/h3>\n\n\n\n<div style=\"height:50px\" aria-hidden=\"true\" class=\"wp-block-spacer\"><\/div>\n\n\n\n<div class=\"wp-block-columns is-layout-flex wp-container-core-columns-is-layout-28f84493 wp-block-columns-is-layout-flex\">\n<div class=\"wp-block-column is-layout-flow wp-block-column-is-layout-flow\">\n<figure class=\"wp-block-image size-full\"><img loading=\"lazy\" decoding=\"async\" width=\"1000\" height=\"1000\" src=\"https:\/\/www.usborkeychain.com\/wp-content\/uploads\/type-c-card-shaped-usb-drive.jpg\" alt=\"type c card shaped usb drive\" class=\"wp-image-3419\" srcset=\"https:\/\/www.usborkeychain.com\/wp-content\/uploads\/type-c-card-shaped-usb-drive.jpg 1000w, https:\/\/www.usborkeychain.com\/wp-content\/uploads\/type-c-card-shaped-usb-drive-300x300.jpg 300w, https:\/\/www.usborkeychain.com\/wp-content\/uploads\/type-c-card-shaped-usb-drive-150x150.jpg 150w, https:\/\/www.usborkeychain.com\/wp-content\/uploads\/type-c-card-shaped-usb-drive-768x768.jpg 768w, https:\/\/www.usborkeychain.com\/wp-content\/uploads\/type-c-card-shaped-usb-drive-12x12.jpg 12w, https:\/\/www.usborkeychain.com\/wp-content\/uploads\/type-c-card-shaped-usb-drive-600x600.jpg 600w, https:\/\/www.usborkeychain.com\/wp-content\/uploads\/type-c-card-shaped-usb-drive-100x100.jpg 100w\" sizes=\"(max-width: 1000px) 100vw, 1000px\" \/><\/figure>\n<\/div>\n\n\n\n<div class=\"wp-block-column is-vertically-aligned-center is-layout-flow wp-block-column-is-layout-flow\">\n<ul class=\"wp-block-list\">\n<li>Prepara\u00e7\u00e3o da conex\u00e3o: Puxe com cuidado a interface da extremidade do telefone celular da unidade flash USB m\u00f3vel em forma de cart\u00e3o. A interface suporta rota\u00e7\u00e3o de 360 graus, facilitando o ajuste do \u00e2ngulo para inser\u00e7\u00e3o.<\/li>\n\n\n\n<li><\/li>\n\n\n\n<li>Conex\u00e3o do dispositivo: Insira diretamente a interface final do telefone celular na porta correspondente do telefone (Type-c ou Android). N\u00e3o \u00e9 necess\u00e1rio instalar nenhum aplicativo ou driver para concluir a conex\u00e3o.<\/li>\n\n\n\n<li><\/li>\n\n\n\n<li>Uso em v\u00e1rios dispositivos: Para iPhones com interfaces Lightning, \u00e9 necess\u00e1rio um adaptador dedicado; ao usar em um computador, basta inserir a interface USB no computador para realizar a transmiss\u00e3o de dados.<\/li>\n<\/ul>\n<\/div>\n<\/div>\n\n\n\n<div style=\"height:50px\" aria-hidden=\"true\" class=\"wp-block-spacer\"><\/div>\n\n\n\n<h3 class=\"wp-block-heading\">A unidade flash USB m\u00f3vel em forma de cart\u00e3o pode ser personalizada com um logotipo?<\/h3>\n\n\n\n<div style=\"height:50px\" aria-hidden=\"true\" class=\"wp-block-spacer\"><\/div>\n\n\n\n<div class=\"wp-block-columns is-layout-flex wp-container-core-columns-is-layout-28f84493 wp-block-columns-is-layout-flex\">\n<div class=\"wp-block-column is-vertically-aligned-center is-layout-flow wp-block-column-is-layout-flow\">\n<p>A unidade flash USB m\u00f3vel em forma de cart\u00e3o tem grandes \u00e1reas em branco na frente e no verso, proporcionando amplo espa\u00e7o para impress\u00e3o de logotipos e padr\u00f5es - especialmente adequado para personalizar imagens complexas, fotos, cart\u00f5es de visita e outros materiais. <\/p>\n\n\n\n<p>Adotamos a avan\u00e7ada tecnologia de impress\u00e3o colorida UV, que pode produzir renderiza\u00e7\u00f5es em 30 minutos e fornecer amostras em at\u00e9 1 hora. <\/p>\n\n\n\n<p>Se as empresas precisam personalizar brindes de promo\u00e7\u00e3o da marca ou se os atacadistas pretendem criar produtos exclusivos, ele atende com efici\u00eancia a v\u00e1rias necessidades.<\/p>\n<\/div>\n\n\n\n<div class=\"wp-block-column is-layout-flow wp-block-column-is-layout-flow\">\n<figure class=\"wp-block-image size-full\"><img loading=\"lazy\" decoding=\"async\" width=\"600\" height=\"600\" src=\"https:\/\/www.usborkeychain.com\/wp-content\/uploads\/otg-card-shaped-usb-drive.jpg\" alt=\"otg card shaped usb drive\" class=\"wp-image-3418\" srcset=\"https:\/\/www.usborkeychain.com\/wp-content\/uploads\/otg-card-shaped-usb-drive.jpg 600w, https:\/\/www.usborkeychain.com\/wp-content\/uploads\/otg-card-shaped-usb-drive-300x300.jpg 300w, https:\/\/www.usborkeychain.com\/wp-content\/uploads\/otg-card-shaped-usb-drive-150x150.jpg 150w, https:\/\/www.usborkeychain.com\/wp-content\/uploads\/otg-card-shaped-usb-drive-12x12.jpg 12w, https:\/\/www.usborkeychain.com\/wp-content\/uploads\/otg-card-shaped-usb-drive-100x100.jpg 100w\" sizes=\"(max-width: 600px) 100vw, 600px\" \/><\/figure>\n<\/div>\n\n\n\n<div class=\"wp-block-column is-layout-flow wp-block-column-is-layout-flow\">\n<figure class=\"wp-block-image size-full\"><img loading=\"lazy\" decoding=\"async\" width=\"700\" height=\"700\" src=\"https:\/\/www.usborkeychain.com\/wp-content\/uploads\/USB-Card-Flash-Drive-with-Type-C.webp\" alt=\"USB Card Flash Drive with Type C\" class=\"wp-image-3421\" srcset=\"https:\/\/www.usborkeychain.com\/wp-content\/uploads\/USB-Card-Flash-Drive-with-Type-C.webp 700w, https:\/\/www.usborkeychain.com\/wp-content\/uploads\/USB-Card-Flash-Drive-with-Type-C-300x300.webp 300w, https:\/\/www.usborkeychain.com\/wp-content\/uploads\/USB-Card-Flash-Drive-with-Type-C-150x150.webp 150w, https:\/\/www.usborkeychain.com\/wp-content\/uploads\/USB-Card-Flash-Drive-with-Type-C-12x12.webp 12w, https:\/\/www.usborkeychain.com\/wp-content\/uploads\/USB-Card-Flash-Drive-with-Type-C-600x600.webp 600w, https:\/\/www.usborkeychain.com\/wp-content\/uploads\/USB-Card-Flash-Drive-with-Type-C-100x100.webp 100w\" sizes=\"(max-width: 700px) 100vw, 700px\" \/><\/figure>\n<\/div>\n<\/div>\n\n\n\n<div style=\"height:50px\" aria-hidden=\"true\" class=\"wp-block-spacer\"><\/div>\n\n\n\n<p><strong>Conclus\u00e3o<\/strong>: Com seu design exclusivo de cart\u00e3o, diversas op\u00e7\u00f5es de interface, forte desempenho \u00e0 prova d'\u00e1gua e servi\u00e7os de personaliza\u00e7\u00e3o eficientes, a unidade flash USB m\u00f3vel em forma de cart\u00e3o tornou-se uma excelente op\u00e7\u00e3o para fabricantes e atacadistas para compras em massa e personaliza\u00e7\u00e3o.<\/p>\n\n\n\n<p><\/p>","protected":false},"excerpt":{"rendered":"<ul>\n<li>Cart\u00e3o cl\u00e1ssico Telefone celular U-Disk<\/li>\n<li>Interface Type-C e interface Android<\/li>\n<li>Capacidade: 8 GB - 256 GB<\/li>\n<li>O U-Disk para celular com cart\u00e3o pode ser personalizado com o logotipo<\/li>\n<\/ul>","protected":false},"featured_media":3418,"comment_status":"open","ping_status":"closed","template":"","meta":{"_seopress_robots_primary_cat":"","_seopress_titles_title":"","_seopress_titles_desc":"","_seopress_robots_index":"","site-sidebar-layout":"default","site-content-layout":"","ast-site-content-layout":"","site-content-style":"default","site-sidebar-style":"default","ast-global-header-display":"","ast-banner-title-visibility":"","ast-main-header-display":"","ast-hfb-above-header-display":"","ast-hfb-below-header-display":"","ast-hfb-mobile-header-display":"","site-post-title":"","ast-breadcrumbs-content":"","ast-featured-img":"","footer-sml-layout":"","theme-transparent-header-meta":"","adv-header-id-meta":"","stick-header-meta":"","header-above-stick-meta":"","header-main-stick-meta":"","header-below-stick-meta":"","astra-migrate-meta-layouts":"default","ast-page-background-enabled":"default","ast-page-background-meta":{"desktop":{"background-color":"var(--ast-global-color-5)","background-image":"","background-repeat":"repeat","background-position":"center center","background-size":"auto","background-attachment":"scroll","background-type":"","background-media":"","overlay-type":"","overlay-color":"","overlay-opacity":"","overlay-gradient":""},"tablet":{"background-color":"","background-image":"","background-repeat":"repeat","background-position":"center center","background-size":"auto","background-attachment":"scroll","background-type":"","background-media":"","overlay-type":"","overlay-color":"","overlay-opacity":"","overlay-gradient":""},"mobile":{"background-color":"","background-image":"","background-repeat":"repeat","background-position":"center center","background-size":"auto","background-attachment":"scroll","background-type":"","background-media":"","overlay-type":"","overlay-color":"","overlay-opacity":"","overlay-gradient":""}},"ast-content-background-meta":{"desktop":{"background-color":"var(--ast-global-color-4)","background-image":"","background-repeat":"repeat","background-position":"center center","background-size":"auto","background-attachment":"scroll","background-type":"","background-media":"","overlay-type":"","overlay-color":"","overlay-opacity":"","overlay-gradient":""},"tablet":{"background-color":"var(--ast-global-color-4)","background-image":"","background-repeat":"repeat","background-position":"center center","background-size":"auto","background-attachment":"scroll","background-type":"","background-media":"","overlay-type":"","overlay-color":"","overlay-opacity":"","overlay-gradient":""},"mobile":{"background-color":"var(--ast-global-color-4)","background-image":"","background-repeat":"repeat","background-position":"center center","background-size":"auto","background-attachment":"scroll","background-type":"","background-media":"","overlay-type":"","overlay-color":"","overlay-opacity":"","overlay-gradient":""}}},"product_brand":[],"product_cat":[96,105],"product_tag":[184],"class_list":{"0":"post-3412","1":"product","2":"type-product","3":"status-publish","4":"has-post-thumbnail","6":"product_cat-card-usb-pendrive","7":"product_cat-usb-c-pendrive","8":"product_tag-card-shaepd-usb-flash-drive","9":"desktop-align-left","10":"tablet-align-left","11":"mobile-align-left","13":"first","14":"instock","15":"shipping-taxable","16":"product-type-simple"},"_links":{"self":[{"href":"https:\/\/www.usborkeychain.com\/pt\/wp-json\/wp\/v2\/product\/3412","targetHints":{"allow":["GET"]}}],"collection":[{"href":"https:\/\/www.usborkeychain.com\/pt\/wp-json\/wp\/v2\/product"}],"about":[{"href":"https:\/\/www.usborkeychain.com\/pt\/wp-json\/wp\/v2\/types\/product"}],"replies":[{"embeddable":true,"href":"https:\/\/www.usborkeychain.com\/pt\/wp-json\/wp\/v2\/comments?post=3412"}],"wp:featuredmedia":[{"embeddable":true,"href":"https:\/\/www.usborkeychain.com\/pt\/wp-json\/wp\/v2\/media\/3418"}],"wp:attachment":[{"href":"https:\/\/www.usborkeychain.com\/pt\/wp-json\/wp\/v2\/media?parent=3412"}],"wp:term":[{"taxonomy":"product_brand","embeddable":true,"href":"https:\/\/www.usborkeychain.com\/pt\/wp-json\/wp\/v2\/product_brand?post=3412"},{"taxonomy":"product_cat","embeddable":true,"href":"https:\/\/www.usborkeychain.com\/pt\/wp-json\/wp\/v2\/product_cat?post=3412"},{"taxonomy":"product_tag","embeddable":true,"href":"https:\/\/www.usborkeychain.com\/pt\/wp-json\/wp\/v2\/product_tag?post=3412"}],"curies":[{"name":"wp","href":"https:\/\/api.w.org\/{rel}","templated":true}]}}