{"id":3432,"date":"2025-06-25T07:39:27","date_gmt":"2025-06-25T07:39:27","guid":{"rendered":"https:\/\/www.usborkeychain.com\/?post_type=product&#038;p=3432"},"modified":"2025-08-17T13:19:34","modified_gmt":"2025-08-17T13:19:34","slug":"iron-man-mobile-usb-flash-drive","status":"publish","type":"product","link":"https:\/\/www.usborkeychain.com\/pt\/produto\/iron-man-mobile-usb-flash-drive\/","title":{"rendered":"Unidade flash USB m\u00f3vel Iron Man"},"content":{"rendered":"<div class=\"wp-block-columns is-layout-flex wp-container-core-columns-is-layout-cc5f43ef wp-block-columns-is-layout-flex\" style=\"border-style:none;border-width:0px;padding-top:0;padding-bottom:0\">\n<div class=\"wp-block-column is-layout-flow wp-block-column-is-layout-flow\">\n<figure class=\"wp-block-image aligncenter size-full is-resized\"><img fetchpriority=\"high\" decoding=\"async\" width=\"800\" height=\"800\" src=\"https:\/\/www.usborkeychain.com\/wp-content\/uploads\/zinc-alloy-rotating-metal-usb-type-c-flash-drive-custom-logo.jpg\" alt=\"zinc alloy rotating metal usb type c flash drive-custom-logo\" class=\"wp-image-3438\" style=\"object-fit:cover;width:600px;height:600px\" srcset=\"https:\/\/www.usborkeychain.com\/wp-content\/uploads\/zinc-alloy-rotating-metal-usb-type-c-flash-drive-custom-logo.jpg 800w, https:\/\/www.usborkeychain.com\/wp-content\/uploads\/zinc-alloy-rotating-metal-usb-type-c-flash-drive-custom-logo-300x300.jpg 300w, https:\/\/www.usborkeychain.com\/wp-content\/uploads\/zinc-alloy-rotating-metal-usb-type-c-flash-drive-custom-logo-150x150.jpg 150w, https:\/\/www.usborkeychain.com\/wp-content\/uploads\/zinc-alloy-rotating-metal-usb-type-c-flash-drive-custom-logo-768x768.jpg 768w, https:\/\/www.usborkeychain.com\/wp-content\/uploads\/zinc-alloy-rotating-metal-usb-type-c-flash-drive-custom-logo-12x12.jpg 12w, https:\/\/www.usborkeychain.com\/wp-content\/uploads\/zinc-alloy-rotating-metal-usb-type-c-flash-drive-custom-logo-600x600.jpg 600w, https:\/\/www.usborkeychain.com\/wp-content\/uploads\/zinc-alloy-rotating-metal-usb-type-c-flash-drive-custom-logo-100x100.jpg 100w\" sizes=\"(max-width: 800px) 100vw, 800px\" \/><\/figure>\n<\/div>\n\n\n\n<div class=\"wp-block-column is-vertically-aligned-center is-layout-flow wp-block-column-is-layout-flow\">\n<p>A unidade flash USB m\u00f3vel Iron Man \u00e9 um novo modelo de USB m\u00f3vel lan\u00e7ado com um design girat\u00f3rio cl\u00e1ssico.<\/p>\n\n\n\n<p>Feito de liga de zinco de alta qualidade, ele integra profundamente os elementos do Iron Man e suporta o uso duplo em telefones celulares e computadores.<\/p>\n\n\n\n<p>Como fabricante profissional, esse \u00e9 um dos modelos criativos de USB m\u00f3vel personalizados por muitas empresas e atacadistas.<\/p>\n<\/div>\n<\/div>\n\n\n\n<div style=\"height:50px\" aria-hidden=\"true\" class=\"wp-block-spacer\"><\/div>\n\n\n\n<h3 class=\"wp-block-heading\">Qual \u00e9 o material da unidade flash USB m\u00f3vel Iron Man?<\/h3>\n\n\n\n<div style=\"height:30px\" aria-hidden=\"true\" class=\"wp-block-spacer\"><\/div>\n\n\n\n<p>A unidade flash USB m\u00f3vel Iron Man \u00e9 feita de liga de zinco de alta qualidade. Por meio de um trabalho artesanal preciso, ele cria um efeito tridimensional com texturas c\u00f4ncavas e convexas e, em seguida, usa elementos coloridos para um preenchimento preciso para restaurar perfeitamente a imagem do Iron Man. O produto apresenta um design girat\u00f3rio de 360 graus, eliminando a necessidade de remover a tampa durante o uso, o que efetivamente evita o problema de perda da tampa. Esse design garante tanto o apelo est\u00e9tico quanto a praticidade, tornando-o uma escolha popular para as f\u00e1bricas produzirem unidades USB diferenciadas.<\/p>\n\n\n\n<div style=\"height:49px\" aria-hidden=\"true\" class=\"wp-block-spacer\"><\/div>\n\n\n\n<h3 class=\"wp-block-heading\">Par\u00e2metros da unidade flash USB m\u00f3vel Iron Man<\/h3>\n\n\n\n<div class=\"wp-block-columns is-layout-flex wp-container-core-columns-is-layout-28f84493 wp-block-columns-is-layout-flex\">\n<div class=\"wp-block-column is-vertically-aligned-center is-layout-flow wp-block-column-is-layout-flow\">\n<p>A unidade flash USB Iron Man Mobile suporta o uso duplo para computadores e telefones celulares. <\/p>\n\n\n\n<p> Uma extremidade \u00e9 um conector USB padr\u00e3o e a outra extremidade \u00e9 um conector Tipo C para telefones celulares.<\/p>\n\n\n\n<p>Ele impulsiona (mant\u00e9m) o padr\u00e3o de transmiss\u00e3o USB3.0 de alta velocidade para velocidades de leitura e grava\u00e7\u00e3o mais r\u00e1pidas e tamb\u00e9m \u00e9 compat\u00edvel com o USB2.0 para acomodar mais dispositivos. Os par\u00e2metros espec\u00edficos s\u00e3o os seguintes<\/p>\n<\/div>\n\n\n\n<div class=\"wp-block-column is-layout-flow wp-block-column-is-layout-flow\">\n<figure class=\"wp-block-image aligncenter size-full is-resized\"><img decoding=\"async\" width=\"800\" height=\"800\" src=\"https:\/\/www.usborkeychain.com\/wp-content\/uploads\/zinc-alloy-rotating-metal-usb-type-c-flash-drive.jpg\" alt=\"zinc alloy rotating metal usb type c flash drive\" class=\"wp-image-3437\" style=\"object-fit:cover;width:600px;height:600px\" srcset=\"https:\/\/www.usborkeychain.com\/wp-content\/uploads\/zinc-alloy-rotating-metal-usb-type-c-flash-drive.jpg 800w, https:\/\/www.usborkeychain.com\/wp-content\/uploads\/zinc-alloy-rotating-metal-usb-type-c-flash-drive-300x300.jpg 300w, https:\/\/www.usborkeychain.com\/wp-content\/uploads\/zinc-alloy-rotating-metal-usb-type-c-flash-drive-150x150.jpg 150w, https:\/\/www.usborkeychain.com\/wp-content\/uploads\/zinc-alloy-rotating-metal-usb-type-c-flash-drive-768x768.jpg 768w, https:\/\/www.usborkeychain.com\/wp-content\/uploads\/zinc-alloy-rotating-metal-usb-type-c-flash-drive-12x12.jpg 12w, https:\/\/www.usborkeychain.com\/wp-content\/uploads\/zinc-alloy-rotating-metal-usb-type-c-flash-drive-600x600.jpg 600w, https:\/\/www.usborkeychain.com\/wp-content\/uploads\/zinc-alloy-rotating-metal-usb-type-c-flash-drive-100x100.jpg 100w\" sizes=\"(max-width: 800px) 100vw, 800px\" \/><\/figure>\n<\/div>\n<\/div>\n\n\n\n<figure class=\"wp-block-table\"><table class=\"has-fixed-layout\"><thead><tr><th>Projeto<\/th><th>Detalhes do par\u00e2metro<\/th><\/tr><\/thead><tbody><tr><td>Tipo de interface<\/td><td>USB + Tipo c<\/td><\/tr><tr><td>Padr\u00e3o de transmiss\u00e3o<\/td><td>USB3.0 (compat\u00edvel com USB2.0)<\/td><\/tr><tr><td>Material<\/td><td>Liga de zinco<\/td><\/tr><tr><td>Recursos de design<\/td><td>Rota\u00e7\u00e3o de 360 graus, modelagem tridimensional do Homem de Ferro<\/td><\/tr><tr><td>Cor<\/td><td>Esquema de cores vermelho-prateado (imitando a armadura do Homem de Ferro)<\/td><\/tr><tr><td>Faixa de capacidade<\/td><td>1 GB - 256 GB (personaliz\u00e1vel)<\/td><\/tr><\/tbody><\/table><\/figure>\n\n\n\n<div style=\"height:50px\" aria-hidden=\"true\" class=\"wp-block-spacer\"><\/div>\n\n\n\n<h3 class=\"wp-block-heading\">A unidade flash USB m\u00f3vel Iron Man pode ser personalizada com um logotipo?<\/h3>\n\n\n\n<div style=\"height:50px\" aria-hidden=\"true\" class=\"wp-block-spacer\"><\/div>\n\n\n\n<div class=\"wp-block-columns is-layout-flex wp-container-core-columns-is-layout-28f84493 wp-block-columns-is-layout-flex\">\n<div class=\"wp-block-column is-layout-flow wp-block-column-is-layout-flow\">\n<figure class=\"wp-block-image aligncenter size-full is-resized\"><img decoding=\"async\" width=\"800\" height=\"800\" src=\"https:\/\/www.usborkeychain.com\/wp-content\/uploads\/zinc-alloy-rotating-metal-usb-type-c-flash-drive-wholesale.jpg\" alt=\"zinc alloy rotating metal usb type c flash drive-wholesale\" class=\"wp-image-3439\" style=\"object-fit:cover;width:600px;height:600px\" srcset=\"https:\/\/www.usborkeychain.com\/wp-content\/uploads\/zinc-alloy-rotating-metal-usb-type-c-flash-drive-wholesale.jpg 800w, https:\/\/www.usborkeychain.com\/wp-content\/uploads\/zinc-alloy-rotating-metal-usb-type-c-flash-drive-wholesale-300x300.jpg 300w, https:\/\/www.usborkeychain.com\/wp-content\/uploads\/zinc-alloy-rotating-metal-usb-type-c-flash-drive-wholesale-150x150.jpg 150w, https:\/\/www.usborkeychain.com\/wp-content\/uploads\/zinc-alloy-rotating-metal-usb-type-c-flash-drive-wholesale-768x768.jpg 768w, https:\/\/www.usborkeychain.com\/wp-content\/uploads\/zinc-alloy-rotating-metal-usb-type-c-flash-drive-wholesale-12x12.jpg 12w, https:\/\/www.usborkeychain.com\/wp-content\/uploads\/zinc-alloy-rotating-metal-usb-type-c-flash-drive-wholesale-600x600.jpg 600w, https:\/\/www.usborkeychain.com\/wp-content\/uploads\/zinc-alloy-rotating-metal-usb-type-c-flash-drive-wholesale-100x100.jpg 100w\" sizes=\"(max-width: 800px) 100vw, 800px\" \/><\/figure>\n<\/div>\n\n\n\n<div class=\"wp-block-column is-vertically-aligned-center is-layout-flow wp-block-column-is-layout-flow\">\n<p>A unidade flash USB m\u00f3vel Iron Man oferece servi\u00e7os de personaliza\u00e7\u00e3o de logotipo. <\/p>\n\n\n\n<p>Em um plano do clipe girat\u00f3rio, o processo de grava\u00e7\u00e3o a laser pode apresentar logotipos finos, e o processo de serigrafia pode imprimir logotipos de linhas simples. <\/p>\n\n\n\n<p>Independentemente de as empresas personalizarem os logotipos das marcas ou de os atacadistas criarem produtos exclusivos, podemos responder rapidamente \u00e0s necessidades e oferecer servi\u00e7os completos, do design \u00e0 produ\u00e7\u00e3o, para apoiar a promo\u00e7\u00e3o da marca e a diferencia\u00e7\u00e3o do produto.<\/p>\n<\/div>\n<\/div>\n\n\n\n<div style=\"height:50px\" aria-hidden=\"true\" class=\"wp-block-spacer\"><\/div>\n\n\n\n<h3 class=\"wp-block-heading\">A unidade flash USB m\u00f3vel Iron Man vem com um chaveiro?<\/h3>\n\n\n\n<div style=\"height:30px\" aria-hidden=\"true\" class=\"wp-block-spacer\"><\/div>\n\n\n\n<p>Em termos de design, a unidade flash USB m\u00f3vel Iron Man tem um orif\u00edcio para chaveiro reservado na cabe\u00e7a girat\u00f3ria do clipe, permitindo que os usu\u00e1rios instalem facilmente um chaveiro de metal para um transporte conveniente. Seja pendurado em um chaveiro ou usado com uma mochila, ele pode atender facilmente \u00e0s necessidades de portabilidade e, ao mesmo tempo, aumentar a decoratividade e a praticidade do produto.<\/p>\n\n\n\n<div style=\"height:50px\" aria-hidden=\"true\" class=\"wp-block-spacer\"><\/div>\n\n\n\n<h3 class=\"wp-block-heading\">O padr\u00e3o do Iron Man na unidade flash USB m\u00f3vel pode ser alterado?<\/h3>\n\n\n\n<div class=\"wp-block-columns is-layout-flex wp-container-core-columns-is-layout-28f84493 wp-block-columns-is-layout-flex\">\n<div class=\"wp-block-column is-vertically-aligned-center is-layout-flow wp-block-column-is-layout-flow\">\n<p>O padr\u00e3o da unidade flash USB m\u00f3vel Iron Man \u00e9 formado por um processo de abertura de molde e atualmente n\u00e3o pode ser alterado diretamente.<\/p>\n\n\n\n<p>Se for necess\u00e1ria uma mudan\u00e7a de padr\u00e3o, ser\u00e1 preciso refazer o projeto e abrir o molde, o que \u00e9 considerado um novo modelo. <\/p>\n\n\n\n<p>Como fabricante, damos suporte aos requisitos de abertura de molde personalizados dos clientes, acompanhando todo o processo, desde os desenhos do projeto at\u00e9 a produ\u00e7\u00e3o de amostras, para atender \u00e0s necessidades de desenvolvimento de produtos personalizados.<\/p>\n<\/div>\n\n\n\n<div class=\"wp-block-column is-layout-flow wp-block-column-is-layout-flow\">\n<figure class=\"wp-block-image aligncenter size-full is-resized\"><img loading=\"lazy\" decoding=\"async\" width=\"800\" height=\"800\" src=\"https:\/\/www.usborkeychain.com\/wp-content\/uploads\/O1CN01WH7A4j1D0ZxGLPcta_2206735590154-0-cib.jpg_.webp.jpg\" alt=\"O1CN01WH7A4j1D0ZxGLPcta_!!2206735590154-0-cib.jpg_.webp\" class=\"wp-image-3436\" style=\"object-fit:cover;width:600px;height:600px\" srcset=\"https:\/\/www.usborkeychain.com\/wp-content\/uploads\/O1CN01WH7A4j1D0ZxGLPcta_2206735590154-0-cib.jpg_.webp.jpg 800w, https:\/\/www.usborkeychain.com\/wp-content\/uploads\/O1CN01WH7A4j1D0ZxGLPcta_2206735590154-0-cib.jpg_.webp-300x300.jpg 300w, https:\/\/www.usborkeychain.com\/wp-content\/uploads\/O1CN01WH7A4j1D0ZxGLPcta_2206735590154-0-cib.jpg_.webp-150x150.jpg 150w, https:\/\/www.usborkeychain.com\/wp-content\/uploads\/O1CN01WH7A4j1D0ZxGLPcta_2206735590154-0-cib.jpg_.webp-768x768.jpg 768w, https:\/\/www.usborkeychain.com\/wp-content\/uploads\/O1CN01WH7A4j1D0ZxGLPcta_2206735590154-0-cib.jpg_.webp-12x12.jpg 12w, https:\/\/www.usborkeychain.com\/wp-content\/uploads\/O1CN01WH7A4j1D0ZxGLPcta_2206735590154-0-cib.jpg_.webp-600x600.jpg 600w, https:\/\/www.usborkeychain.com\/wp-content\/uploads\/O1CN01WH7A4j1D0ZxGLPcta_2206735590154-0-cib.jpg_.webp-100x100.jpg 100w\" sizes=\"(max-width: 800px) 100vw, 800px\" \/><\/figure>\n<\/div>\n<\/div>\n\n\n\n<p>Resumo: com seu formato moderno, desempenho de transmiss\u00e3o de alta velocidade, servi\u00e7os de personaliza\u00e7\u00e3o diversificados e design conveniente, a unidade flash USB Iron Man tornou-se uma excelente op\u00e7\u00e3o para fabricantes e atacadistas criarem produtos mais vendidos e conquistarem participa\u00e7\u00e3o no mercado.<\/p>\n\n\n\n<p><\/p>","protected":false},"excerpt":{"rendered":"<ul>\n<li>U-Disk para celular do Homem de Ferro<\/li>\n<li>Interface: USB + Tipo C<\/li>\n<li>Capacidade: 8 GB - 256 GB<\/li>\n<li>U-Disk para celular Iron Man pode ser personalizado com um logotipo<\/li>\n<\/ul>","protected":false},"featured_media":3437,"comment_status":"open","ping_status":"closed","template":"","meta":{"_seopress_robots_primary_cat":"","_seopress_titles_title":"","_seopress_titles_desc":"","_seopress_robots_index":"","site-sidebar-layout":"default","site-content-layout":"","ast-site-content-layout":"","site-content-style":"default","site-sidebar-style":"default","ast-global-header-display":"","ast-banner-title-visibility":"","ast-main-header-display":"","ast-hfb-above-header-display":"","ast-hfb-below-header-display":"","ast-hfb-mobile-header-display":"","site-post-title":"","ast-breadcrumbs-content":"","ast-featured-img":"","footer-sml-layout":"","theme-transparent-header-meta":"","adv-header-id-meta":"","stick-header-meta":"","header-above-stick-meta":"","header-main-stick-meta":"","header-below-stick-meta":"","astra-migrate-meta-layouts":"default","ast-page-background-enabled":"default","ast-page-background-meta":{"desktop":{"background-color":"var(--ast-global-color-5)","background-image":"","background-repeat":"repeat","background-position":"center center","background-size":"auto","background-attachment":"scroll","background-type":"","background-media":"","overlay-type":"","overlay-color":"","overlay-opacity":"","overlay-gradient":""},"tablet":{"background-color":"","background-image":"","background-repeat":"repeat","background-position":"center center","background-size":"auto","background-attachment":"scroll","background-type":"","background-media":"","overlay-type":"","overlay-color":"","overlay-opacity":"","overlay-gradient":""},"mobile":{"background-color":"","background-image":"","background-repeat":"repeat","background-position":"center center","background-size":"auto","background-attachment":"scroll","background-type":"","background-media":"","overlay-type":"","overlay-color":"","overlay-opacity":"","overlay-gradient":""}},"ast-content-background-meta":{"desktop":{"background-color":"var(--ast-global-color-4)","background-image":"","background-repeat":"repeat","background-position":"center center","background-size":"auto","background-attachment":"scroll","background-type":"","background-media":"","overlay-type":"","overlay-color":"","overlay-opacity":"","overlay-gradient":""},"tablet":{"background-color":"var(--ast-global-color-4)","background-image":"","background-repeat":"repeat","background-position":"center center","background-size":"auto","background-attachment":"scroll","background-type":"","background-media":"","overlay-type":"","overlay-color":"","overlay-opacity":"","overlay-gradient":""},"mobile":{"background-color":"var(--ast-global-color-4)","background-image":"","background-repeat":"repeat","background-position":"center center","background-size":"auto","background-attachment":"scroll","background-type":"","background-media":"","overlay-type":"","overlay-color":"","overlay-opacity":"","overlay-gradient":""}}},"product_brand":[],"product_cat":[106,105],"product_tag":[406,187,397],"class_list":{"0":"post-3432","1":"product","2":"type-product","3":"status-publish","4":"has-post-thumbnail","6":"product_cat-rotating-usb-pendrive","7":"product_cat-usb-c-pendrive","8":"product_tag-metal-swivel-usb-drive","9":"product_tag-metal-usb-c-flash-drive","10":"product_tag-zinc-alloy-usb-pen-drive","11":"desktop-align-left","12":"tablet-align-left","13":"mobile-align-left","15":"first","16":"instock","17":"shipping-taxable","18":"product-type-simple"},"_links":{"self":[{"href":"https:\/\/www.usborkeychain.com\/pt\/wp-json\/wp\/v2\/product\/3432","targetHints":{"allow":["GET"]}}],"collection":[{"href":"https:\/\/www.usborkeychain.com\/pt\/wp-json\/wp\/v2\/product"}],"about":[{"href":"https:\/\/www.usborkeychain.com\/pt\/wp-json\/wp\/v2\/types\/product"}],"replies":[{"embeddable":true,"href":"https:\/\/www.usborkeychain.com\/pt\/wp-json\/wp\/v2\/comments?post=3432"}],"wp:featuredmedia":[{"embeddable":true,"href":"https:\/\/www.usborkeychain.com\/pt\/wp-json\/wp\/v2\/media\/3437"}],"wp:attachment":[{"href":"https:\/\/www.usborkeychain.com\/pt\/wp-json\/wp\/v2\/media?parent=3432"}],"wp:term":[{"taxonomy":"product_brand","embeddable":true,"href":"https:\/\/www.usborkeychain.com\/pt\/wp-json\/wp\/v2\/product_brand?post=3432"},{"taxonomy":"product_cat","embeddable":true,"href":"https:\/\/www.usborkeychain.com\/pt\/wp-json\/wp\/v2\/product_cat?post=3432"},{"taxonomy":"product_tag","embeddable":true,"href":"https:\/\/www.usborkeychain.com\/pt\/wp-json\/wp\/v2\/product_tag?post=3432"}],"curies":[{"name":"wp","href":"https:\/\/api.w.org\/{rel}","templated":true}]}}