{"id":3448,"date":"2025-06-25T08:58:40","date_gmt":"2025-06-25T08:58:40","guid":{"rendered":"https:\/\/www.usborkeychain.com\/?post_type=product&#038;p=3448"},"modified":"2025-08-17T13:18:30","modified_gmt":"2025-08-17T13:18:30","slug":"wheat-straw-rotating-mobile-usb-flash-drive","status":"publish","type":"product","link":"https:\/\/www.usborkeychain.com\/pt\/produto\/wheat-straw-rotating-mobile-usb-flash-drive\/","title":{"rendered":"Unidade flash USB tipo c girat\u00f3ria de palha de trigo"},"content":{"rendered":"<p><\/p>\n\n\n\n<div class=\"wp-block-columns is-layout-flex wp-container-core-columns-is-layout-28f84493 wp-block-columns-is-layout-flex\">\n<div class=\"wp-block-column is-layout-flow wp-block-column-is-layout-flow\">\n<figure class=\"wp-block-image size-full\"><img fetchpriority=\"high\" decoding=\"async\" width=\"800\" height=\"800\" src=\"https:\/\/www.usborkeychain.com\/wp-content\/uploads\/tiny-usb-c-flash-drive.jpg\" alt=\"tiny usb c flash drive\" class=\"wp-image-3463\" srcset=\"https:\/\/www.usborkeychain.com\/wp-content\/uploads\/tiny-usb-c-flash-drive.jpg 800w, https:\/\/www.usborkeychain.com\/wp-content\/uploads\/tiny-usb-c-flash-drive-300x300.jpg 300w, https:\/\/www.usborkeychain.com\/wp-content\/uploads\/tiny-usb-c-flash-drive-150x150.jpg 150w, https:\/\/www.usborkeychain.com\/wp-content\/uploads\/tiny-usb-c-flash-drive-768x768.jpg 768w, https:\/\/www.usborkeychain.com\/wp-content\/uploads\/tiny-usb-c-flash-drive-12x12.jpg 12w, https:\/\/www.usborkeychain.com\/wp-content\/uploads\/tiny-usb-c-flash-drive-600x600.jpg 600w, https:\/\/www.usborkeychain.com\/wp-content\/uploads\/tiny-usb-c-flash-drive-100x100.jpg 100w\" sizes=\"(max-width: 800px) 100vw, 800px\" \/><\/figure>\n<\/div>\n\n\n\n<div class=\"wp-block-column is-vertically-aligned-center is-layout-flow wp-block-column-is-layout-flow\">\n<p>A unidade flash USB tipo c girat\u00f3ria de palha de trigo \u00e9 um USB de armazenamento que integra profundamente conceitos ambientais com desempenho pr\u00e1tico. Com um design cl\u00e1ssico de clipe girat\u00f3rio e um inv\u00f3lucro de palha de trigo ecologicamente correto, ele suporta o uso duplo em telefones celulares e computadores.<\/p>\n\n\n\n<p> Como fabricante profissional de USB, fornecemos personaliza\u00e7\u00e3o em larga escala e servi\u00e7os de atacado, oferecendo solu\u00e7\u00f5es ideais para empresas que compram presentes ecol\u00f3gicos ou atacadistas que expandem linhas de produtos ecol\u00f3gicos.<\/p>\n<\/div>\n<\/div>\n\n\n\n<h3 class=\"wp-block-heading\">Material da unidade flash USB m\u00f3vel girat\u00f3ria de palha de trigo cl\u00e1ssica<\/h3>\n\n\n\n<p>A cl\u00e1ssica unidade flash USB m\u00f3vel girat\u00f3ria de palha de trigo usa palha de trigo ecol\u00f3gica como material principal. A palha de trigo \u00e9 um material degrad\u00e1vel que pode se decompor rapidamente em ambientes naturais sem poluir o solo ou os ecossistemas, atendendo plenamente \u00e0s rigorosas exig\u00eancias ambientais atuais. Em compara\u00e7\u00e3o com os materiais pl\u00e1sticos tradicionais, o uso da palha de trigo n\u00e3o apenas atende ao apelo global de desenvolvimento verde, mas tamb\u00e9m confere uma textura natural ao produto, o que o torna a escolha ideal para as f\u00e1bricas produzirem produtos ecol\u00f3gicos e ecologicamente corretos.<\/p>\n\n\n\n<div class=\"wp-block-columns alignfull is-layout-flex wp-container-core-columns-is-layout-28f84493 wp-block-columns-is-layout-flex\" style=\"border-style:none;border-width:0px;border-radius:0px\">\n<div class=\"wp-block-column is-layout-flow wp-block-column-is-layout-flow\">\n<figure class=\"wp-block-image alignfull size-full\"><img decoding=\"async\" width=\"800\" height=\"800\" src=\"https:\/\/www.usborkeychain.com\/wp-content\/uploads\/mini-usb-c-flash-drive-light-blue.jpg\" alt=\"mini usb c flash drive light blue\" class=\"wp-image-3461\" srcset=\"https:\/\/www.usborkeychain.com\/wp-content\/uploads\/mini-usb-c-flash-drive-light-blue.jpg 800w, https:\/\/www.usborkeychain.com\/wp-content\/uploads\/mini-usb-c-flash-drive-light-blue-300x300.jpg 300w, https:\/\/www.usborkeychain.com\/wp-content\/uploads\/mini-usb-c-flash-drive-light-blue-150x150.jpg 150w, https:\/\/www.usborkeychain.com\/wp-content\/uploads\/mini-usb-c-flash-drive-light-blue-768x768.jpg 768w, https:\/\/www.usborkeychain.com\/wp-content\/uploads\/mini-usb-c-flash-drive-light-blue-12x12.jpg 12w, https:\/\/www.usborkeychain.com\/wp-content\/uploads\/mini-usb-c-flash-drive-light-blue-600x600.jpg 600w, https:\/\/www.usborkeychain.com\/wp-content\/uploads\/mini-usb-c-flash-drive-light-blue-100x100.jpg 100w\" sizes=\"(max-width: 800px) 100vw, 800px\" \/><\/figure>\n<\/div>\n\n\n\n<div class=\"wp-block-column is-layout-flow wp-block-column-is-layout-flow\">\n<figure class=\"wp-block-image alignfull size-full\"><img decoding=\"async\" width=\"800\" height=\"800\" src=\"https:\/\/www.usborkeychain.com\/wp-content\/uploads\/flash-drive-for-phone-type-c.jpg\" alt=\"flash drive for phone type c\" class=\"wp-image-3458\" srcset=\"https:\/\/www.usborkeychain.com\/wp-content\/uploads\/flash-drive-for-phone-type-c.jpg 800w, https:\/\/www.usborkeychain.com\/wp-content\/uploads\/flash-drive-for-phone-type-c-300x300.jpg 300w, https:\/\/www.usborkeychain.com\/wp-content\/uploads\/flash-drive-for-phone-type-c-150x150.jpg 150w, https:\/\/www.usborkeychain.com\/wp-content\/uploads\/flash-drive-for-phone-type-c-768x768.jpg 768w, https:\/\/www.usborkeychain.com\/wp-content\/uploads\/flash-drive-for-phone-type-c-12x12.jpg 12w, https:\/\/www.usborkeychain.com\/wp-content\/uploads\/flash-drive-for-phone-type-c-600x600.jpg 600w, https:\/\/www.usborkeychain.com\/wp-content\/uploads\/flash-drive-for-phone-type-c-100x100.jpg 100w\" sizes=\"(max-width: 800px) 100vw, 800px\" \/><\/figure>\n<\/div>\n\n\n\n<div class=\"wp-block-column is-layout-flow wp-block-column-is-layout-flow\">\n<figure class=\"wp-block-image size-full\"><img loading=\"lazy\" decoding=\"async\" width=\"800\" height=\"800\" src=\"https:\/\/www.usborkeychain.com\/wp-content\/uploads\/fastest-usb-type-c-flash-drive-red.jpg\" alt=\"fastest usb type c flash drive red\" class=\"wp-image-3457\" srcset=\"https:\/\/www.usborkeychain.com\/wp-content\/uploads\/fastest-usb-type-c-flash-drive-red.jpg 800w, https:\/\/www.usborkeychain.com\/wp-content\/uploads\/fastest-usb-type-c-flash-drive-red-300x300.jpg 300w, https:\/\/www.usborkeychain.com\/wp-content\/uploads\/fastest-usb-type-c-flash-drive-red-150x150.jpg 150w, https:\/\/www.usborkeychain.com\/wp-content\/uploads\/fastest-usb-type-c-flash-drive-red-768x768.jpg 768w, https:\/\/www.usborkeychain.com\/wp-content\/uploads\/fastest-usb-type-c-flash-drive-red-12x12.jpg 12w, https:\/\/www.usborkeychain.com\/wp-content\/uploads\/fastest-usb-type-c-flash-drive-red-600x600.jpg 600w, https:\/\/www.usborkeychain.com\/wp-content\/uploads\/fastest-usb-type-c-flash-drive-red-100x100.jpg 100w\" sizes=\"(max-width: 800px) 100vw, 800px\" \/><\/figure>\n<\/div>\n\n\n\n<div class=\"wp-block-column is-layout-flow wp-block-column-is-layout-flow\">\n<figure class=\"wp-block-image size-full\"><img loading=\"lazy\" decoding=\"async\" width=\"800\" height=\"800\" src=\"https:\/\/www.usborkeychain.com\/wp-content\/uploads\/eco-friendly-usbc-thumb-drive.jpg\" alt=\"eco-friendly usbc thumb drive\" class=\"wp-image-3455\" srcset=\"https:\/\/www.usborkeychain.com\/wp-content\/uploads\/eco-friendly-usbc-thumb-drive.jpg 800w, https:\/\/www.usborkeychain.com\/wp-content\/uploads\/eco-friendly-usbc-thumb-drive-300x300.jpg 300w, https:\/\/www.usborkeychain.com\/wp-content\/uploads\/eco-friendly-usbc-thumb-drive-150x150.jpg 150w, https:\/\/www.usborkeychain.com\/wp-content\/uploads\/eco-friendly-usbc-thumb-drive-768x768.jpg 768w, https:\/\/www.usborkeychain.com\/wp-content\/uploads\/eco-friendly-usbc-thumb-drive-12x12.jpg 12w, https:\/\/www.usborkeychain.com\/wp-content\/uploads\/eco-friendly-usbc-thumb-drive-600x600.jpg 600w, https:\/\/www.usborkeychain.com\/wp-content\/uploads\/eco-friendly-usbc-thumb-drive-100x100.jpg 100w\" sizes=\"(max-width: 800px) 100vw, 800px\" \/><\/figure>\n<\/div>\n\n\n\n<div class=\"wp-block-column is-layout-flow wp-block-column-is-layout-flow\">\n<figure class=\"wp-block-image size-full\"><img loading=\"lazy\" decoding=\"async\" width=\"800\" height=\"800\" src=\"https:\/\/www.usborkeychain.com\/wp-content\/uploads\/white-pen-drive-with-type-c.jpg\" alt=\"white pen drive with type c\" class=\"wp-image-3469\" srcset=\"https:\/\/www.usborkeychain.com\/wp-content\/uploads\/white-pen-drive-with-type-c.jpg 800w, https:\/\/www.usborkeychain.com\/wp-content\/uploads\/white-pen-drive-with-type-c-300x300.jpg 300w, https:\/\/www.usborkeychain.com\/wp-content\/uploads\/white-pen-drive-with-type-c-150x150.jpg 150w, https:\/\/www.usborkeychain.com\/wp-content\/uploads\/white-pen-drive-with-type-c-768x768.jpg 768w, https:\/\/www.usborkeychain.com\/wp-content\/uploads\/white-pen-drive-with-type-c-12x12.jpg 12w, https:\/\/www.usborkeychain.com\/wp-content\/uploads\/white-pen-drive-with-type-c-600x600.jpg 600w, https:\/\/www.usborkeychain.com\/wp-content\/uploads\/white-pen-drive-with-type-c-100x100.jpg 100w\" sizes=\"(max-width: 800px) 100vw, 800px\" \/><\/figure>\n<\/div>\n<\/div>\n\n\n\n<h3 class=\"wp-block-heading\">Par\u00e2metros da unidade flash USB-c rotativa de palha de trigo<\/h3>\n\n\n\n<p><\/p>\n\n\n\n<div class=\"wp-block-columns is-layout-flex wp-container-core-columns-is-layout-28f84493 wp-block-columns-is-layout-flex\">\n<div class=\"wp-block-column is-layout-flow wp-block-column-is-layout-flow\">\n<figure class=\"wp-block-image size-full\"><img loading=\"lazy\" decoding=\"async\" width=\"800\" height=\"600\" src=\"https:\/\/www.usborkeychain.com\/wp-content\/uploads\/type-c-thumb-drive-size.jpg\" alt=\"type c thumb drive size\" class=\"wp-image-3464\" srcset=\"https:\/\/www.usborkeychain.com\/wp-content\/uploads\/type-c-thumb-drive-size.jpg 800w, https:\/\/www.usborkeychain.com\/wp-content\/uploads\/type-c-thumb-drive-size-300x225.jpg 300w, https:\/\/www.usborkeychain.com\/wp-content\/uploads\/type-c-thumb-drive-size-768x576.jpg 768w, https:\/\/www.usborkeychain.com\/wp-content\/uploads\/type-c-thumb-drive-size-16x12.jpg 16w, https:\/\/www.usborkeychain.com\/wp-content\/uploads\/type-c-thumb-drive-size-600x450.jpg 600w\" sizes=\"(max-width: 800px) 100vw, 800px\" \/><\/figure>\n<\/div>\n\n\n\n<div class=\"wp-block-column is-vertically-aligned-center is-layout-flow wp-block-column-is-layout-flow\">\n<p>A unidade flash USB m\u00f3vel girat\u00f3ria Wheat Straw suporta o uso duplo em computadores e telefones celulares. Uma extremidade \u00e9 uma interface USB padr\u00e3o, compat\u00edvel com v\u00e1rios dispositivos de computador; a outra extremidade \u00e9 uma interface Tipo C para telefones celulares. Ao comprar, os usu\u00e1rios devem esclarecer suas necessidades para evitar o uso de adaptadores posteriormente. <\/p>\n\n\n\n<p>Os padr\u00f5es de transmiss\u00e3o oferecem duas op\u00e7\u00f5es: USB2.0 e USB3.0 de alta velocidade, atendendo \u00e0s necessidades de efici\u00eancia na transmiss\u00e3o de dados em diferentes cen\u00e1rios. <\/p>\n<\/div>\n<\/div>\n\n\n\n<p>Enquanto isso, o produto est\u00e1 dispon\u00edvel em (esquemas de cores claras) como preto, branco, cor de palha de trigo, azul celeste e verde claro, atendendo a diversas prefer\u00eancias est\u00e9ticas. Os par\u00e2metros espec\u00edficos s\u00e3o os seguintes:<\/p>\n\n\n\n<figure class=\"wp-block-table\"><table class=\"has-fixed-layout\"><thead><tr><th>Projeto<\/th><th>Detalhes do par\u00e2metro<\/th><\/tr><\/thead><tbody><tr><td>Tipo de interface<\/td><td>USB + Tipo c<\/td><\/tr><tr><td>Padr\u00e3o de transmiss\u00e3o<\/td><td>USB2.0\/USB3.0 (opcional)<\/td><\/tr><tr><td>Material<\/td><td>Palha de trigo ecol\u00f3gica<\/td><\/tr><tr><td>Op\u00e7\u00f5es de cores<\/td><td>Preto, branco, cor de palha de trigo, azul celeste, verde claro<\/td><\/tr><tr><td>Design rotativo<\/td><td>Estrutura de rota\u00e7\u00e3o do clipe<\/td><\/tr><tr><td>Faixa de capacidade<\/td><td>8 GB - 256 GB (personaliz\u00e1vel)<\/td><\/tr><\/tbody><\/table><\/figure>\n\n\n\n<h3 class=\"wp-block-heading\">Embalagem da unidade flash USB m\u00f3vel rotativa de palha de trigo<\/h3>\n\n\n\n<p>O pen drive m\u00f3vel rotativo Wheat Straw pode ser combinado com uma caixa de embalagem do mesmo material, formando um conjunto elegante com um design unificado. A caixa de embalagem combina com a unidade USB em material e cor, oferecendo duas op\u00e7\u00f5es de processo: superf\u00edcie lisa e textura granulada fosca. A caixa de embalagem com textura fosca destaca a textura ecol\u00f3gica original, n\u00e3o apenas melhorando a qualidade do produto, mas tamb\u00e9m refor\u00e7ando ainda mais seus atributos ambientais. \u00c9 uma op\u00e7\u00e3o atraente tanto para empresas que personalizam brindes quanto para atacadistas que criam produtos diferenciados.<\/p>\n\n\n\n<div class=\"wp-block-columns is-layout-flex wp-container-core-columns-is-layout-28f84493 wp-block-columns-is-layout-flex\">\n<div class=\"wp-block-column is-layout-flow wp-block-column-is-layout-flow\">\n<figure class=\"wp-block-image size-full\"><img loading=\"lazy\" decoding=\"async\" width=\"800\" height=\"800\" src=\"https:\/\/www.usborkeychain.com\/wp-content\/uploads\/usb-c-thumb-drive-256gb-with-box.jpg\" alt=\"usb c thumb drive 256gb with box\" class=\"wp-image-3467\" srcset=\"https:\/\/www.usborkeychain.com\/wp-content\/uploads\/usb-c-thumb-drive-256gb-with-box.jpg 800w, https:\/\/www.usborkeychain.com\/wp-content\/uploads\/usb-c-thumb-drive-256gb-with-box-300x300.jpg 300w, https:\/\/www.usborkeychain.com\/wp-content\/uploads\/usb-c-thumb-drive-256gb-with-box-150x150.jpg 150w, https:\/\/www.usborkeychain.com\/wp-content\/uploads\/usb-c-thumb-drive-256gb-with-box-768x768.jpg 768w, https:\/\/www.usborkeychain.com\/wp-content\/uploads\/usb-c-thumb-drive-256gb-with-box-12x12.jpg 12w, https:\/\/www.usborkeychain.com\/wp-content\/uploads\/usb-c-thumb-drive-256gb-with-box-600x600.jpg 600w, https:\/\/www.usborkeychain.com\/wp-content\/uploads\/usb-c-thumb-drive-256gb-with-box-100x100.jpg 100w\" sizes=\"(max-width: 800px) 100vw, 800px\" \/><\/figure>\n<\/div>\n\n\n\n<div class=\"wp-block-column is-layout-flow wp-block-column-is-layout-flow\">\n<figure class=\"wp-block-image size-full\"><img loading=\"lazy\" decoding=\"async\" width=\"800\" height=\"800\" src=\"https:\/\/www.usborkeychain.com\/wp-content\/uploads\/pink-usbc-thumbdrive.jpg\" alt=\"pink usbc thumbdrive\" class=\"wp-image-3462\" srcset=\"https:\/\/www.usborkeychain.com\/wp-content\/uploads\/pink-usbc-thumbdrive.jpg 800w, https:\/\/www.usborkeychain.com\/wp-content\/uploads\/pink-usbc-thumbdrive-300x300.jpg 300w, https:\/\/www.usborkeychain.com\/wp-content\/uploads\/pink-usbc-thumbdrive-150x150.jpg 150w, https:\/\/www.usborkeychain.com\/wp-content\/uploads\/pink-usbc-thumbdrive-768x768.jpg 768w, https:\/\/www.usborkeychain.com\/wp-content\/uploads\/pink-usbc-thumbdrive-12x12.jpg 12w, https:\/\/www.usborkeychain.com\/wp-content\/uploads\/pink-usbc-thumbdrive-600x600.jpg 600w, https:\/\/www.usborkeychain.com\/wp-content\/uploads\/pink-usbc-thumbdrive-100x100.jpg 100w\" sizes=\"(max-width: 800px) 100vw, 800px\" \/><\/figure>\n<\/div>\n\n\n\n<div class=\"wp-block-column is-layout-flow wp-block-column-is-layout-flow\">\n<figure class=\"wp-block-image size-full\"><img loading=\"lazy\" decoding=\"async\" width=\"800\" height=\"800\" src=\"https:\/\/www.usborkeychain.com\/wp-content\/uploads\/fastest-usb-c-flash-drive.jpg\" alt=\"fastest usb c flash drive\" class=\"wp-image-3456\" srcset=\"https:\/\/www.usborkeychain.com\/wp-content\/uploads\/fastest-usb-c-flash-drive.jpg 800w, https:\/\/www.usborkeychain.com\/wp-content\/uploads\/fastest-usb-c-flash-drive-300x300.jpg 300w, https:\/\/www.usborkeychain.com\/wp-content\/uploads\/fastest-usb-c-flash-drive-150x150.jpg 150w, https:\/\/www.usborkeychain.com\/wp-content\/uploads\/fastest-usb-c-flash-drive-768x768.jpg 768w, https:\/\/www.usborkeychain.com\/wp-content\/uploads\/fastest-usb-c-flash-drive-12x12.jpg 12w, https:\/\/www.usborkeychain.com\/wp-content\/uploads\/fastest-usb-c-flash-drive-600x600.jpg 600w, https:\/\/www.usborkeychain.com\/wp-content\/uploads\/fastest-usb-c-flash-drive-100x100.jpg 100w\" sizes=\"(max-width: 800px) 100vw, 800px\" \/><\/figure>\n<\/div>\n\n\n\n<div class=\"wp-block-column is-layout-flow wp-block-column-is-layout-flow\">\n<figure class=\"wp-block-image size-full\"><img loading=\"lazy\" decoding=\"async\" width=\"800\" height=\"800\" src=\"https:\/\/www.usborkeychain.com\/wp-content\/uploads\/blue-type-c-memory.jpg\" alt=\"blue type c memory\" class=\"wp-image-3454\" srcset=\"https:\/\/www.usborkeychain.com\/wp-content\/uploads\/blue-type-c-memory.jpg 800w, https:\/\/www.usborkeychain.com\/wp-content\/uploads\/blue-type-c-memory-300x300.jpg 300w, https:\/\/www.usborkeychain.com\/wp-content\/uploads\/blue-type-c-memory-150x150.jpg 150w, https:\/\/www.usborkeychain.com\/wp-content\/uploads\/blue-type-c-memory-768x768.jpg 768w, https:\/\/www.usborkeychain.com\/wp-content\/uploads\/blue-type-c-memory-12x12.jpg 12w, https:\/\/www.usborkeychain.com\/wp-content\/uploads\/blue-type-c-memory-600x600.jpg 600w, https:\/\/www.usborkeychain.com\/wp-content\/uploads\/blue-type-c-memory-100x100.jpg 100w\" sizes=\"(max-width: 800px) 100vw, 800px\" \/><\/figure>\n<\/div>\n<\/div>\n\n\n\n<h3 class=\"wp-block-heading\">A unidade flash USB m\u00f3vel rotativa de palha de trigo pode ser personalizada com um logotipo?<\/h3>\n\n\n\n<p>A unidade flash USB m\u00f3vel girat\u00f3ria Wheat Straw suporta a personaliza\u00e7\u00e3o do logotipo em v\u00e1rios locais. Tanto no clipe girat\u00f3rio quanto na superf\u00edcie da caixa de embalagem, os logotipos coloridos ou monocrom\u00e1ticos podem ser apresentados por meio de serigrafia. Um logotipo branco serigrafado em um inv\u00f3lucro colorido cria um efeito visual simples e coordenado, aumentando efetivamente o reconhecimento da marca. Como fabricante, podemos responder rapidamente \u00e0s necessidades de personaliza\u00e7\u00e3o, fornecendo servi\u00e7os eficientes desde o design at\u00e9 a amostragem para atender \u00e0s exig\u00eancias de promo\u00e7\u00e3o da marca de empresas e atacadistas.<\/p>\n\n\n\n<div class=\"wp-block-columns is-layout-flex wp-container-core-columns-is-layout-28f84493 wp-block-columns-is-layout-flex\">\n<div class=\"wp-block-column is-layout-flow wp-block-column-is-layout-flow\">\n<figure class=\"wp-block-image size-full\"><img loading=\"lazy\" decoding=\"async\" width=\"800\" height=\"600\" src=\"https:\/\/www.usborkeychain.com\/wp-content\/uploads\/usb-c-flash-drive-128gb-with-logo.jpg\" alt=\"usb c flash drive 128gb with logo\" class=\"wp-image-3465\" srcset=\"https:\/\/www.usborkeychain.com\/wp-content\/uploads\/usb-c-flash-drive-128gb-with-logo.jpg 800w, https:\/\/www.usborkeychain.com\/wp-content\/uploads\/usb-c-flash-drive-128gb-with-logo-300x225.jpg 300w, https:\/\/www.usborkeychain.com\/wp-content\/uploads\/usb-c-flash-drive-128gb-with-logo-768x576.jpg 768w, https:\/\/www.usborkeychain.com\/wp-content\/uploads\/usb-c-flash-drive-128gb-with-logo-16x12.jpg 16w, https:\/\/www.usborkeychain.com\/wp-content\/uploads\/usb-c-flash-drive-128gb-with-logo-600x450.jpg 600w\" sizes=\"(max-width: 800px) 100vw, 800px\" \/><\/figure>\n<\/div>\n\n\n\n<div class=\"wp-block-column is-layout-flow wp-block-column-is-layout-flow\">\n<figure class=\"wp-block-image size-full\"><img loading=\"lazy\" decoding=\"async\" width=\"800\" height=\"600\" src=\"https:\/\/www.usborkeychain.com\/wp-content\/uploads\/usb-c-mini-flash-drive.jpg\" alt=\"usb c mini flash drive\" class=\"wp-image-3466\" srcset=\"https:\/\/www.usborkeychain.com\/wp-content\/uploads\/usb-c-mini-flash-drive.jpg 800w, https:\/\/www.usborkeychain.com\/wp-content\/uploads\/usb-c-mini-flash-drive-300x225.jpg 300w, https:\/\/www.usborkeychain.com\/wp-content\/uploads\/usb-c-mini-flash-drive-768x576.jpg 768w, https:\/\/www.usborkeychain.com\/wp-content\/uploads\/usb-c-mini-flash-drive-16x12.jpg 16w, https:\/\/www.usborkeychain.com\/wp-content\/uploads\/usb-c-mini-flash-drive-600x450.jpg 600w\" sizes=\"(max-width: 800px) 100vw, 800px\" \/><\/figure>\n<\/div>\n\n\n\n<div class=\"wp-block-column is-layout-flow wp-block-column-is-layout-flow\">\n<figure class=\"wp-block-image size-full\"><img loading=\"lazy\" decoding=\"async\" width=\"800\" height=\"600\" src=\"https:\/\/www.usborkeychain.com\/wp-content\/uploads\/low-profile-usb-c-flash-drive.jpg\" alt=\"low profile usb c flash drive\" class=\"wp-image-3460\" srcset=\"https:\/\/www.usborkeychain.com\/wp-content\/uploads\/low-profile-usb-c-flash-drive.jpg 800w, https:\/\/www.usborkeychain.com\/wp-content\/uploads\/low-profile-usb-c-flash-drive-300x225.jpg 300w, https:\/\/www.usborkeychain.com\/wp-content\/uploads\/low-profile-usb-c-flash-drive-768x576.jpg 768w, https:\/\/www.usborkeychain.com\/wp-content\/uploads\/low-profile-usb-c-flash-drive-16x12.jpg 16w, https:\/\/www.usborkeychain.com\/wp-content\/uploads\/low-profile-usb-c-flash-drive-600x450.jpg 600w\" sizes=\"(max-width: 800px) 100vw, 800px\" \/><\/figure>\n<\/div>\n\n\n\n<div class=\"wp-block-column is-layout-flow wp-block-column-is-layout-flow\">\n<figure class=\"wp-block-image size-full\"><img alt=\"\" loading=\"lazy\" decoding=\"async\" width=\"800\" height=\"600\" src=\"https:\/\/www.usborkeychain.com\/wp-content\/uploads\/an1.jpg\" class=\"wp-image-3452\" srcset=\"https:\/\/www.usborkeychain.com\/wp-content\/uploads\/an1.jpg 800w, https:\/\/www.usborkeychain.com\/wp-content\/uploads\/an1-300x225.jpg 300w, https:\/\/www.usborkeychain.com\/wp-content\/uploads\/an1-768x576.jpg 768w, https:\/\/www.usborkeychain.com\/wp-content\/uploads\/an1-16x12.jpg 16w, https:\/\/www.usborkeychain.com\/wp-content\/uploads\/an1-600x450.jpg 600w\" sizes=\"(max-width: 800px) 100vw, 800px\" \/><\/figure>\n<\/div>\n<\/div>\n\n\n\n<p><strong>Conclus\u00e3o<\/strong>: Com seu material ecologicamente correto, desempenho pr\u00e1tico, embalagem requintada e servi\u00e7os de personaliza\u00e7\u00e3o flex\u00edveis, a unidade flash USB m\u00f3vel girat\u00f3ria de palha de trigo tornou-se uma excelente op\u00e7\u00e3o para fabricantes e atacadistas aproveitarem o mercado verde e personalizarem os produtos em destaque.<\/p>","protected":false},"excerpt":{"rendered":"<ul>\n<li>USB A e tipo C<\/li>\n<li>Palha de trigo metarial<\/li>\n<li>Design rotativo<\/li>\n<li>\u00c9 poss\u00edvel escolher entre USB3.0 e USB2.0<\/li>\n<li>Logotipo personalizado no inv\u00f3lucro e na embalagem<\/li>\n<\/ul>","protected":false},"featured_media":3453,"comment_status":"open","ping_status":"closed","template":"","meta":{"_seopress_robots_primary_cat":"","_seopress_titles_title":"","_seopress_titles_desc":"","_seopress_robots_index":"","site-sidebar-layout":"default","site-content-layout":"","ast-site-content-layout":"","site-content-style":"default","site-sidebar-style":"default","ast-global-header-display":"","ast-banner-title-visibility":"","ast-main-header-display":"","ast-hfb-above-header-display":"","ast-hfb-below-header-display":"","ast-hfb-mobile-header-display":"","site-post-title":"","ast-breadcrumbs-content":"","ast-featured-img":"","footer-sml-layout":"","theme-transparent-header-meta":"","adv-header-id-meta":"","stick-header-meta":"","header-above-stick-meta":"","header-main-stick-meta":"","header-below-stick-meta":"","astra-migrate-meta-layouts":"default","ast-page-background-enabled":"default","ast-page-background-meta":{"desktop":{"background-color":"var(--ast-global-color-5)","background-image":"","background-repeat":"repeat","background-position":"center center","background-size":"auto","background-attachment":"scroll","background-type":"","background-media":"","overlay-type":"","overlay-color":"","overlay-opacity":"","overlay-gradient":""},"tablet":{"background-color":"","background-image":"","background-repeat":"repeat","background-position":"center center","background-size":"auto","background-attachment":"scroll","background-type":"","background-media":"","overlay-type":"","overlay-color":"","overlay-opacity":"","overlay-gradient":""},"mobile":{"background-color":"","background-image":"","background-repeat":"repeat","background-position":"center center","background-size":"auto","background-attachment":"scroll","background-type":"","background-media":"","overlay-type":"","overlay-color":"","overlay-opacity":"","overlay-gradient":""}},"ast-content-background-meta":{"desktop":{"background-color":"var(--ast-global-color-4)","background-image":"","background-repeat":"repeat","background-position":"center center","background-size":"auto","background-attachment":"scroll","background-type":"","background-media":"","overlay-type":"","overlay-color":"","overlay-opacity":"","overlay-gradient":""},"tablet":{"background-color":"var(--ast-global-color-4)","background-image":"","background-repeat":"repeat","background-position":"center center","background-size":"auto","background-attachment":"scroll","background-type":"","background-media":"","overlay-type":"","overlay-color":"","overlay-opacity":"","overlay-gradient":""},"mobile":{"background-color":"var(--ast-global-color-4)","background-image":"","background-repeat":"repeat","background-position":"center center","background-size":"auto","background-attachment":"scroll","background-type":"","background-media":"","overlay-type":"","overlay-color":"","overlay-opacity":"","overlay-gradient":""}}},"product_brand":[],"product_cat":[170,106,105],"product_tag":[188,404],"class_list":{"0":"post-3448","1":"product","2":"type-product","3":"status-publish","4":"has-post-thumbnail","6":"product_cat-biodegradable-usb-pendrive-2","7":"product_cat-rotating-usb-pendrive","8":"product_cat-usb-c-pendrive","9":"product_tag-straw-usb-flash-drive","10":"product_tag-wooden-rotating-usb-drive","11":"desktop-align-left","12":"tablet-align-left","13":"mobile-align-left","15":"first","16":"instock","17":"shipping-taxable","18":"product-type-simple"},"_links":{"self":[{"href":"https:\/\/www.usborkeychain.com\/pt\/wp-json\/wp\/v2\/product\/3448","targetHints":{"allow":["GET"]}}],"collection":[{"href":"https:\/\/www.usborkeychain.com\/pt\/wp-json\/wp\/v2\/product"}],"about":[{"href":"https:\/\/www.usborkeychain.com\/pt\/wp-json\/wp\/v2\/types\/product"}],"replies":[{"embeddable":true,"href":"https:\/\/www.usborkeychain.com\/pt\/wp-json\/wp\/v2\/comments?post=3448"}],"wp:featuredmedia":[{"embeddable":true,"href":"https:\/\/www.usborkeychain.com\/pt\/wp-json\/wp\/v2\/media\/3453"}],"wp:attachment":[{"href":"https:\/\/www.usborkeychain.com\/pt\/wp-json\/wp\/v2\/media?parent=3448"}],"wp:term":[{"taxonomy":"product_brand","embeddable":true,"href":"https:\/\/www.usborkeychain.com\/pt\/wp-json\/wp\/v2\/product_brand?post=3448"},{"taxonomy":"product_cat","embeddable":true,"href":"https:\/\/www.usborkeychain.com\/pt\/wp-json\/wp\/v2\/product_cat?post=3448"},{"taxonomy":"product_tag","embeddable":true,"href":"https:\/\/www.usborkeychain.com\/pt\/wp-json\/wp\/v2\/product_tag?post=3448"}],"curies":[{"name":"wp","href":"https:\/\/api.w.org\/{rel}","templated":true}]}}