{"id":3515,"date":"2025-06-26T02:20:23","date_gmt":"2025-06-26T02:20:23","guid":{"rendered":"https:\/\/www.usborkeychain.com\/?post_type=product&#038;p=3515"},"modified":"2025-08-19T03:37:10","modified_gmt":"2025-08-19T03:37:10","slug":"metal-rotate-usb-flash-drive-for-iphone","status":"publish","type":"product","link":"https:\/\/www.usborkeychain.com\/pt\/produto\/metal-rotate-usb-flash-drive-for-iphone\/","title":{"rendered":"Unidade flash USB girat\u00f3ria de metal para iPhone"},"content":{"rendered":"<div class=\"wp-block-columns is-layout-flex wp-container-core-columns-is-layout-28f84493 wp-block-columns-is-layout-flex\">\n<div class=\"wp-block-column is-layout-flow wp-block-column-is-layout-flow\">\n<figure class=\"wp-block-image aligncenter size-full is-resized\"><img fetchpriority=\"high\" decoding=\"async\" width=\"800\" height=\"800\" src=\"https:\/\/www.usborkeychain.com\/wp-content\/uploads\/New-rotating-USB-C-USB-flash-drive-for-pc.jpg\" alt=\"New rotating USB-C USB flash drive for pc\" class=\"wp-image-3519\" style=\"object-fit:cover;width:600px;height:600px\" srcset=\"https:\/\/www.usborkeychain.com\/wp-content\/uploads\/New-rotating-USB-C-USB-flash-drive-for-pc.jpg 800w, https:\/\/www.usborkeychain.com\/wp-content\/uploads\/New-rotating-USB-C-USB-flash-drive-for-pc-300x300.jpg 300w, https:\/\/www.usborkeychain.com\/wp-content\/uploads\/New-rotating-USB-C-USB-flash-drive-for-pc-150x150.jpg 150w, https:\/\/www.usborkeychain.com\/wp-content\/uploads\/New-rotating-USB-C-USB-flash-drive-for-pc-768x768.jpg 768w, https:\/\/www.usborkeychain.com\/wp-content\/uploads\/New-rotating-USB-C-USB-flash-drive-for-pc-12x12.jpg 12w, https:\/\/www.usborkeychain.com\/wp-content\/uploads\/New-rotating-USB-C-USB-flash-drive-for-pc-600x600.jpg 600w, https:\/\/www.usborkeychain.com\/wp-content\/uploads\/New-rotating-USB-C-USB-flash-drive-for-pc-100x100.jpg 100w\" sizes=\"(max-width: 800px) 100vw, 800px\" \/><\/figure>\n<\/div>\n\n\n\n<div class=\"wp-block-column is-vertically-aligned-center is-layout-flow wp-block-column-is-layout-flow\">\n<p>A unidade flash USB girat\u00f3ria de metal para iPhone \u00e9 um novo tipo de unidade flash USB m\u00f3vel lan\u00e7ada pelos fabricantes de USB em 2023. <\/p>\n\n\n\n<p>Ele apresenta um design girat\u00f3rio cl\u00e1ssico, e a caixa toda em metal n\u00e3o \u00e9 apenas robusta e dur\u00e1vel, mas tamb\u00e9m demonstra um senso de qualidade. <\/p>\n\n\n\n<p>O m\u00e9todo de abertura e fechamento com rota\u00e7\u00e3o de 360 graus resolve completamente o problema da tampa tradicional da unidade flash USB, que pode ser facilmente perdida. <\/p>\n\n\n\n<p>Com a configura\u00e7\u00e3o de interface dupla de Tipo C e USB, ele realiza a transfer\u00eancia de dados entre telefones celulares e computadores e pode se adaptar facilmente \u00e0s necessidades de aquisi\u00e7\u00e3o corporativa e de atacado e de personaliza\u00e7\u00e3o do cliente.<\/p>\n<\/div>\n<\/div>\n\n\n\n<h2 class=\"wp-block-heading\">Qual \u00e9 o material da unidade flash USB girat\u00f3ria cl\u00e1ssica de metal para iPhone?<\/h2>\n\n\n\n<div class=\"wp-block-columns is-layout-flex wp-container-core-columns-is-layout-28f84493 wp-block-columns-is-layout-flex\">\n<div class=\"wp-block-column is-vertically-aligned-center is-layout-flow wp-block-column-is-layout-flow\">\n<p>A parte central da unidade flash USB girat\u00f3ria de metal para iPhone tem longas listras verticais, formando uma textura antiderrapante exclusiva para uma ader\u00eancia mais est\u00e1vel. <\/p>\n\n\n\n<p>Os dois lados s\u00e3o tratados com um processo fosco, que resiste com efic\u00e1cia a res\u00edduos de impress\u00f5es digitais e os mant\u00e9m como novos por muito tempo. <\/p>\n\n\n\n<p>O design plano do chaveiro facilita pendur\u00e1-lo em chaveiros e mochilas. A estrutura girat\u00f3ria permite que a interface seja usada imediatamente quando girada, e os cen\u00e1rios de uso podem ser alternados \u00e0 vontade, o que a torna uma op\u00e7\u00e3o popular para personaliza\u00e7\u00e3o e venda no atacado.<\/p>\n<\/div>\n\n\n\n<div class=\"wp-block-column is-layout-flow wp-block-column-is-layout-flow\">\n<figure class=\"wp-block-image aligncenter size-full is-resized\"><img decoding=\"async\" width=\"800\" height=\"800\" src=\"https:\/\/www.usborkeychain.com\/wp-content\/uploads\/New-rotating-USB-C-USB-flash-drive-for-phone.jpg\" alt=\"New rotating USB-C USB flash drive for phone\" class=\"wp-image-3520\" style=\"object-fit:cover;width:600px;height:600px\" srcset=\"https:\/\/www.usborkeychain.com\/wp-content\/uploads\/New-rotating-USB-C-USB-flash-drive-for-phone.jpg 800w, https:\/\/www.usborkeychain.com\/wp-content\/uploads\/New-rotating-USB-C-USB-flash-drive-for-phone-300x300.jpg 300w, https:\/\/www.usborkeychain.com\/wp-content\/uploads\/New-rotating-USB-C-USB-flash-drive-for-phone-150x150.jpg 150w, https:\/\/www.usborkeychain.com\/wp-content\/uploads\/New-rotating-USB-C-USB-flash-drive-for-phone-768x768.jpg 768w, https:\/\/www.usborkeychain.com\/wp-content\/uploads\/New-rotating-USB-C-USB-flash-drive-for-phone-12x12.jpg 12w, https:\/\/www.usborkeychain.com\/wp-content\/uploads\/New-rotating-USB-C-USB-flash-drive-for-phone-600x600.jpg 600w, https:\/\/www.usborkeychain.com\/wp-content\/uploads\/New-rotating-USB-C-USB-flash-drive-for-phone-100x100.jpg 100w\" sizes=\"(max-width: 800px) 100vw, 800px\" \/><\/figure>\n<\/div>\n<\/div>\n\n\n\n<div style=\"height:20px\" aria-hidden=\"true\" class=\"wp-block-spacer\"><\/div>\n\n\n\n<h2 class=\"wp-block-heading\">Quais s\u00e3o os par\u00e2metros da unidade flash USB girat\u00f3ria de metal para iPhone?<\/h2>\n\n\n\n<div style=\"height:20px\" aria-hidden=\"true\" class=\"wp-block-spacer\"><\/div>\n\n\n\n<figure class=\"wp-block-table\"><table class=\"has-fixed-layout\"><thead><tr><th>Itens de par\u00e2metros<\/th><th>Par\u00e2metros espec\u00edficos<\/th><\/tr><\/thead><tbody><tr><td>Especifica\u00e7\u00f5es da interface<\/td><td>Interface tipo c, interface USB3.0 (compat\u00edvel com USB2.0)<\/td><\/tr><tr><td>Op\u00e7\u00f5es de capacidade<\/td><td>8GB\/16GB\/32GB\/64GB\/128GB\/256GB (suporta expans\u00e3o de capacidade personalizada)<\/td><\/tr><tr><td>Velocidade de transfer\u00eancia<\/td><td>USB3.0: Grava\u00e7\u00e3o 15 - 30MB\/s, Leitura 60 - 120MB\/s<br>USB2.0: Grava\u00e7\u00e3o 5 - 10MB\/s, Leitura 15 - 30MB\/s<\/td><\/tr><tr><td>Ambiente de trabalho<\/td><td>0\u2103 - 60\u2103 (trabalho); - 20\u2103 - 85\u2103 (armazenamento)<\/td><\/tr><tr><td>Tamanho do produto<\/td><td>65mm\u00d718mm\u00d78mm<\/td><\/tr><tr><td>Peso do produto<\/td><td>Cerca de 22g<\/td><\/tr><\/tbody><\/table><\/figure>\n\n\n\n<div style=\"height:20px\" aria-hidden=\"true\" class=\"wp-block-spacer\"><\/div>\n\n\n\n<h2 class=\"wp-block-heading\">A unidade flash USB girat\u00f3ria de metal para iPhone pode ser personalizada com um logotipo?<\/h2>\n\n\n\n<div style=\"height:20px\" aria-hidden=\"true\" class=\"wp-block-spacer\"><\/div>\n\n\n\n<div class=\"wp-block-columns is-layout-flex wp-container-core-columns-is-layout-28f84493 wp-block-columns-is-layout-flex\">\n<div class=\"wp-block-column is-layout-flow wp-block-column-is-layout-flow\">\n<figure class=\"wp-block-image aligncenter size-full is-resized\"><img decoding=\"async\" width=\"800\" height=\"800\" src=\"https:\/\/www.usborkeychain.com\/wp-content\/uploads\/silver-New-rotating-USB-C-USB-flash-drive-for-phone.jpg\" alt=\"silver-New rotating USB-C USB flash drive for phone\" class=\"wp-image-3521\" style=\"object-fit:cover;width:600px;height:600px\" srcset=\"https:\/\/www.usborkeychain.com\/wp-content\/uploads\/silver-New-rotating-USB-C-USB-flash-drive-for-phone.jpg 800w, https:\/\/www.usborkeychain.com\/wp-content\/uploads\/silver-New-rotating-USB-C-USB-flash-drive-for-phone-300x300.jpg 300w, https:\/\/www.usborkeychain.com\/wp-content\/uploads\/silver-New-rotating-USB-C-USB-flash-drive-for-phone-150x150.jpg 150w, https:\/\/www.usborkeychain.com\/wp-content\/uploads\/silver-New-rotating-USB-C-USB-flash-drive-for-phone-768x768.jpg 768w, https:\/\/www.usborkeychain.com\/wp-content\/uploads\/silver-New-rotating-USB-C-USB-flash-drive-for-phone-12x12.jpg 12w, https:\/\/www.usborkeychain.com\/wp-content\/uploads\/silver-New-rotating-USB-C-USB-flash-drive-for-phone-600x600.jpg 600w, https:\/\/www.usborkeychain.com\/wp-content\/uploads\/silver-New-rotating-USB-C-USB-flash-drive-for-phone-100x100.jpg 100w\" sizes=\"(max-width: 800px) 100vw, 800px\" \/><\/figure>\n<\/div>\n\n\n\n<div class=\"wp-block-column is-vertically-aligned-center is-layout-flow wp-block-column-is-layout-flow\">\n<p>Sim, \u00e9 poss\u00edvel! Os fabricantes de USB oferecem servi\u00e7os profissionais de personaliza\u00e7\u00e3o.<\/p>\n\n\n\n<p>O logotipo da marca pode ser adicionado \u00e0 parte traseira da unidade flash USB por meio de processos de grava\u00e7\u00e3o a laser ou impress\u00e3o em tela de seda. A grava\u00e7\u00e3o a laser apresenta um padr\u00e3o de logotipo claro e tridimensional, que \u00e9 resistente ao desgaste e n\u00e3o desbota. <\/p>\n\n\n\n<p>O processo de impress\u00e3o em tela de seda \u00e9 adequado para desenhos de linhas simples com cores brilhantes. Seja para a personaliza\u00e7\u00e3o de brindes corporativos ou para a produ\u00e7\u00e3o de lembran\u00e7as de eventos, ele pode ajudar a transmitir com precis\u00e3o a imagem da marca.<\/p>\n<\/div>\n<\/div>\n\n\n\n<h2 class=\"wp-block-heading\">Quais s\u00e3o as cores da unidade flash USB girat\u00f3ria de metal para iPhone?<\/h2>\n\n\n\n<div class=\"wp-block-columns is-layout-flex wp-container-core-columns-is-layout-28f84493 wp-block-columns-is-layout-flex\">\n<div class=\"wp-block-column is-vertically-aligned-center is-layout-flow wp-block-column-is-layout-flow\">\n<p>Atualmente, os modelos produzidos em massa t\u00eam principalmente duas cores cl\u00e1ssicas: prata e bronze. <\/p>\n\n\n\n<p>O modelo prata \u00e9 simples e moderno, adequado para v\u00e1rios cen\u00e1rios de neg\u00f3cios. <\/p>\n\n\n\n<p>O modelo gunmetal tem uma textura de alta qualidade, destacando um estilo personalizado, e h\u00e1 um n\u00famero suficiente de produtos especiais para atacado e compras. Se forem necess\u00e1rias outras cores, os fabricantes de USB oferecem suporte \u00e0 produ\u00e7\u00e3o de correspond\u00eancia de cores personalizada para atender a necessidades diferenciadas.<\/p>\n<\/div>\n\n\n\n<div class=\"wp-block-column is-layout-flow wp-block-column-is-layout-flow\">\n<figure class=\"wp-block-image aligncenter size-full is-resized\"><img loading=\"lazy\" decoding=\"async\" width=\"800\" height=\"800\" src=\"https:\/\/www.usborkeychain.com\/wp-content\/uploads\/gunmetal-New-rotating-USB-C-USB-flash-drive-for-phone.jpg\" alt=\"gunmetal-New rotating USB-C USB flash drive for phone\" class=\"wp-image-3518\" style=\"object-fit:cover;width:600px;height:600px\" srcset=\"https:\/\/www.usborkeychain.com\/wp-content\/uploads\/gunmetal-New-rotating-USB-C-USB-flash-drive-for-phone.jpg 800w, https:\/\/www.usborkeychain.com\/wp-content\/uploads\/gunmetal-New-rotating-USB-C-USB-flash-drive-for-phone-300x300.jpg 300w, https:\/\/www.usborkeychain.com\/wp-content\/uploads\/gunmetal-New-rotating-USB-C-USB-flash-drive-for-phone-150x150.jpg 150w, https:\/\/www.usborkeychain.com\/wp-content\/uploads\/gunmetal-New-rotating-USB-C-USB-flash-drive-for-phone-768x768.jpg 768w, https:\/\/www.usborkeychain.com\/wp-content\/uploads\/gunmetal-New-rotating-USB-C-USB-flash-drive-for-phone-12x12.jpg 12w, https:\/\/www.usborkeychain.com\/wp-content\/uploads\/gunmetal-New-rotating-USB-C-USB-flash-drive-for-phone-600x600.jpg 600w, https:\/\/www.usborkeychain.com\/wp-content\/uploads\/gunmetal-New-rotating-USB-C-USB-flash-drive-for-phone-100x100.jpg 100w\" sizes=\"(max-width: 800px) 100vw, 800px\" \/><\/figure>\n<\/div>\n<\/div>\n\n\n\n<p>Com seu design inovador, par\u00e2metros de alta qualidade e servi\u00e7os de personaliza\u00e7\u00e3o flex\u00edveis, a unidade flash USB girat\u00f3ria de metal para iPhone se tornou uma excelente op\u00e7\u00e3o para personaliza\u00e7\u00e3o de USB e neg\u00f3cios no atacado, al\u00e9m de ser um dispositivo de armazenamento que combina valor pr\u00e1tico e potencial comercial.<\/p>\n\n\n\n<p><\/p>","protected":false},"excerpt":{"rendered":"<p>1.Iphone metal rotating usb flash drive 2.Dual Interface Type-c USB3.0 3.Capacity:8GB\/16GB\/32GB\/64GB\/128GB\/256GB 4.Customized logo<\/p>","protected":false},"featured_media":3518,"comment_status":"open","ping_status":"closed","template":"","meta":{"_seopress_robots_primary_cat":"","_seopress_titles_title":"Metal rotating USB flash drive","_seopress_titles_desc":"","_seopress_robots_index":"","site-sidebar-layout":"default","site-content-layout":"","ast-site-content-layout":"","site-content-style":"default","site-sidebar-style":"default","ast-global-header-display":"","ast-banner-title-visibility":"","ast-main-header-display":"","ast-hfb-above-header-display":"","ast-hfb-below-header-display":"","ast-hfb-mobile-header-display":"","site-post-title":"","ast-breadcrumbs-content":"","ast-featured-img":"","footer-sml-layout":"","theme-transparent-header-meta":"","adv-header-id-meta":"","stick-header-meta":"","header-above-stick-meta":"","header-main-stick-meta":"","header-below-stick-meta":"","astra-migrate-meta-layouts":"default","ast-page-background-enabled":"default","ast-page-background-meta":{"desktop":{"background-color":"var(--ast-global-color-5)","background-image":"","background-repeat":"repeat","background-position":"center center","background-size":"auto","background-attachment":"scroll","background-type":"","background-media":"","overlay-type":"","overlay-color":"","overlay-opacity":"","overlay-gradient":""},"tablet":{"background-color":"","background-image":"","background-repeat":"repeat","background-position":"center center","background-size":"auto","background-attachment":"scroll","background-type":"","background-media":"","overlay-type":"","overlay-color":"","overlay-opacity":"","overlay-gradient":""},"mobile":{"background-color":"","background-image":"","background-repeat":"repeat","background-position":"center center","background-size":"auto","background-attachment":"scroll","background-type":"","background-media":"","overlay-type":"","overlay-color":"","overlay-opacity":"","overlay-gradient":""}},"ast-content-background-meta":{"desktop":{"background-color":"var(--ast-global-color-4)","background-image":"","background-repeat":"repeat","background-position":"center center","background-size":"auto","background-attachment":"scroll","background-type":"","background-media":"","overlay-type":"","overlay-color":"","overlay-opacity":"","overlay-gradient":""},"tablet":{"background-color":"var(--ast-global-color-4)","background-image":"","background-repeat":"repeat","background-position":"center center","background-size":"auto","background-attachment":"scroll","background-type":"","background-media":"","overlay-type":"","overlay-color":"","overlay-opacity":"","overlay-gradient":""},"mobile":{"background-color":"var(--ast-global-color-4)","background-image":"","background-repeat":"repeat","background-position":"center center","background-size":"auto","background-attachment":"scroll","background-type":"","background-media":"","overlay-type":"","overlay-color":"","overlay-opacity":"","overlay-gradient":""}}},"product_brand":[],"product_cat":[105,104],"product_tag":[189,406,187],"class_list":{"0":"post-3515","1":"product","2":"type-product","3":"status-publish","4":"has-post-thumbnail","6":"product_cat-usb-c-pendrive","7":"product_cat-usb3-0-usb-pendrive","8":"product_tag-metal-rotate-usb-flash-drive-for-iphone","9":"product_tag-metal-swivel-usb-drive","10":"product_tag-metal-usb-c-flash-drive","11":"desktop-align-left","12":"tablet-align-left","13":"mobile-align-left","15":"first","16":"instock","17":"shipping-taxable","18":"product-type-simple"},"_links":{"self":[{"href":"https:\/\/www.usborkeychain.com\/pt\/wp-json\/wp\/v2\/product\/3515","targetHints":{"allow":["GET"]}}],"collection":[{"href":"https:\/\/www.usborkeychain.com\/pt\/wp-json\/wp\/v2\/product"}],"about":[{"href":"https:\/\/www.usborkeychain.com\/pt\/wp-json\/wp\/v2\/types\/product"}],"replies":[{"embeddable":true,"href":"https:\/\/www.usborkeychain.com\/pt\/wp-json\/wp\/v2\/comments?post=3515"}],"wp:featuredmedia":[{"embeddable":true,"href":"https:\/\/www.usborkeychain.com\/pt\/wp-json\/wp\/v2\/media\/3518"}],"wp:attachment":[{"href":"https:\/\/www.usborkeychain.com\/pt\/wp-json\/wp\/v2\/media?parent=3515"}],"wp:term":[{"taxonomy":"product_brand","embeddable":true,"href":"https:\/\/www.usborkeychain.com\/pt\/wp-json\/wp\/v2\/product_brand?post=3515"},{"taxonomy":"product_cat","embeddable":true,"href":"https:\/\/www.usborkeychain.com\/pt\/wp-json\/wp\/v2\/product_cat?post=3515"},{"taxonomy":"product_tag","embeddable":true,"href":"https:\/\/www.usborkeychain.com\/pt\/wp-json\/wp\/v2\/product_tag?post=3515"}],"curies":[{"name":"wp","href":"https:\/\/api.w.org\/{rel}","templated":true}]}}