{"id":3532,"date":"2025-06-26T06:32:25","date_gmt":"2025-06-26T06:32:25","guid":{"rendered":"https:\/\/www.usborkeychain.com\/?post_type=product&#038;p=3532"},"modified":"2025-07-25T01:39:34","modified_gmt":"2025-07-25T01:39:34","slug":"pvc-caterpillar-mobile-usb-drive","status":"publish","type":"product","link":"https:\/\/www.usborkeychain.com\/pt\/produto\/pvc-caterpillar-mobile-usb-drive\/","title":{"rendered":"Unidade USB m\u00f3vel de PVC Caterpillar"},"content":{"rendered":"<div class=\"wp-block-columns is-layout-flex wp-container-core-columns-is-layout-28f84493 wp-block-columns-is-layout-flex\">\n<div class=\"wp-block-column is-layout-flow wp-block-column-is-layout-flow\">\n<figure class=\"wp-block-image aligncenter size-full is-resized\"><img fetchpriority=\"high\" decoding=\"async\" width=\"750\" height=\"750\" src=\"https:\/\/www.usborkeychain.com\/wp-content\/uploads\/9.jpg\" alt=\"pvc caterpillar cell phone usb flash drive\" class=\"wp-image-3538\" style=\"object-fit:cover;width:600px;height:600px\" srcset=\"https:\/\/www.usborkeychain.com\/wp-content\/uploads\/9.jpg 750w, https:\/\/www.usborkeychain.com\/wp-content\/uploads\/9-300x300.jpg 300w, https:\/\/www.usborkeychain.com\/wp-content\/uploads\/9-150x150.jpg 150w, https:\/\/www.usborkeychain.com\/wp-content\/uploads\/9-12x12.jpg 12w, https:\/\/www.usborkeychain.com\/wp-content\/uploads\/9-600x600.jpg 600w, https:\/\/www.usborkeychain.com\/wp-content\/uploads\/9-100x100.jpg 100w\" sizes=\"(max-width: 750px) 100vw, 750px\" \/><\/figure>\n<\/div>\n\n\n\n<div class=\"wp-block-column is-vertically-aligned-center is-layout-flow wp-block-column-is-layout-flow\">\n<p>No mercado de unidades USB m\u00f3veis, as unidades USB no estilo cartoon s\u00e3o raras, e a maioria \u00e9 feita de metal. A unidade USB m\u00f3vel PVC Caterpillar surge como uma inova\u00e7\u00e3o com seu desenho animado (design de desenho animado). <\/p>\n\n\n\n<p>Ele apresenta um design ador\u00e1vel e divertido em estilo de desenho animado, combinado com um material de borracha macia totalmente em PVC, que oferece um toque macio e, ao mesmo tempo, \u00e9 dur\u00e1vel e resistente a quedas. <\/p>\n\n\n\n<p>Como uma unidade USB para celular e computador de dupla finalidade, ela suporta a funcionalidade OTG, permitindo a f\u00e1cil transfer\u00eancia de dados entre celulares e computadores. <\/p>\n\n\n\n<p>Com sua apar\u00eancia exclusiva e desempenho pr\u00e1tico, esse pen drive se tornou um dos estilos mais populares de pen drive para presente, adequado tanto para uso pessoal quanto para presentear.<\/p>\n<\/div>\n<\/div>\n\n\n\n<div style=\"height:46px\" aria-hidden=\"true\" class=\"wp-block-spacer\"><\/div>\n\n\n\n<h2 class=\"wp-block-heading\"> Unidade USB m\u00f3vel de PVC Caterpillar<\/h2>\n\n\n\n<div class=\"wp-block-columns is-layout-flex wp-container-core-columns-is-layout-28f84493 wp-block-columns-is-layout-flex\">\n<div class=\"wp-block-column is-vertically-aligned-center is-layout-flow wp-block-column-is-layout-flow\">\n<p>A unidade USB m\u00f3vel Caterpillar de borracha macia de PVC adota um design bonito de desenho animado, apresentando vividamente a imagem cativante de uma lagarta. <\/p>\n\n\n\n<p>Cada detalhe, desde seu corpo redondo e tent\u00e1culos \u00e1geis at\u00e9 seus ador\u00e1veis olhos, exala um charme infantil. <\/p>\n\n\n\n<p>O material de borracha macia totalmente em PVC n\u00e3o apenas proporciona um toque macio e confort\u00e1vel, mas tamb\u00e9m oferece excelente resist\u00eancia \u00e0 queda e \u00e0 \u00e1gua. <\/p>\n\n\n\n<p>Mesmo que seja acidentalmente esbarrado ou exposto \u00e0 \u00e1gua durante o uso di\u00e1rio, n\u00e3o h\u00e1 necessidade de se preocupar com danos \u00e0 unidade USB, combinando perfeitamente beleza e durabilidade.<\/p>\n<\/div>\n\n\n\n<div class=\"wp-block-column is-layout-flow wp-block-column-is-layout-flow\">\n<figure class=\"wp-block-image aligncenter size-full is-resized\"><img decoding=\"async\" width=\"750\" height=\"750\" src=\"https:\/\/www.usborkeychain.com\/wp-content\/uploads\/8.jpg\" alt=\"pvc caterpillar shape cell phone usb flash drive\" class=\"wp-image-3537\" style=\"object-fit:cover;width:600px;height:600px\" srcset=\"https:\/\/www.usborkeychain.com\/wp-content\/uploads\/8.jpg 750w, https:\/\/www.usborkeychain.com\/wp-content\/uploads\/8-300x300.jpg 300w, https:\/\/www.usborkeychain.com\/wp-content\/uploads\/8-150x150.jpg 150w, https:\/\/www.usborkeychain.com\/wp-content\/uploads\/8-12x12.jpg 12w, https:\/\/www.usborkeychain.com\/wp-content\/uploads\/8-600x600.jpg 600w, https:\/\/www.usborkeychain.com\/wp-content\/uploads\/8-100x100.jpg 100w\" sizes=\"(max-width: 750px) 100vw, 750px\" \/><\/figure>\n<\/div>\n<\/div>\n\n\n\n<h2 class=\"wp-block-heading\">Par\u00e2metros da unidade USB m\u00f3vel PVC Caterpillar<\/h2>\n\n\n\n<figure class=\"wp-block-table\"><table class=\"has-fixed-layout\"><thead><tr><th>Projeto<\/th><th>Detalhes do par\u00e2metro<\/th><\/tr><\/thead><tbody><tr><td>Tamanho<\/td><td>56*2mm<\/td><\/tr><tr><td>Material<\/td><td>Borracha macia de PVC<\/td><\/tr><tr><td>Peso<\/td><td>15g<\/td><\/tr><tr><td>Tipo de interface<\/td><td>USB2.0\/3.0<\/td><\/tr><tr><td>Projeto<\/td><td>Detalhes do par\u00e2metro<\/td><\/tr><tr><td>Faixa de capacidade<\/td><td>8 GB - 256 GB (personaliz\u00e1vel)<\/td><\/tr><\/tbody><\/table><\/figure>\n\n\n\n<div class=\"wp-block-columns is-layout-flex wp-container-core-columns-is-layout-28f84493 wp-block-columns-is-layout-flex\">\n<div class=\"wp-block-column is-layout-flow wp-block-column-is-layout-flow\">\n<figure class=\"wp-block-image aligncenter size-full is-resized\"><img decoding=\"async\" width=\"750\" height=\"750\" src=\"https:\/\/www.usborkeychain.com\/wp-content\/uploads\/7.jpg\" alt=\"pvc caterpillar cell phone usb flash drive display\" class=\"wp-image-3536\" style=\"object-fit:cover;width:600px;height:600px\" srcset=\"https:\/\/www.usborkeychain.com\/wp-content\/uploads\/7.jpg 750w, https:\/\/www.usborkeychain.com\/wp-content\/uploads\/7-300x300.jpg 300w, https:\/\/www.usborkeychain.com\/wp-content\/uploads\/7-150x150.jpg 150w, https:\/\/www.usborkeychain.com\/wp-content\/uploads\/7-12x12.jpg 12w, https:\/\/www.usborkeychain.com\/wp-content\/uploads\/7-600x600.jpg 600w, https:\/\/www.usborkeychain.com\/wp-content\/uploads\/7-100x100.jpg 100w\" sizes=\"(max-width: 750px) 100vw, 750px\" \/><\/figure>\n<\/div>\n\n\n\n<div class=\"wp-block-column is-vertically-aligned-center is-layout-flow wp-block-column-is-layout-flow\">\n<p>Essa unidade USB m\u00f3vel da Caterpillar \u00e9 equipada com interface padr\u00e3o USB2.0 e interface de alta velocidade USB3.0 para atender \u00e0s necessidades de transmiss\u00e3o de diferentes usu\u00e1rios.<\/p>\n\n\n\n<p>A interface USB2.0 \u00e9 amplamente compat\u00edvel com v\u00e1rios dispositivos antigos e novos, como computadores, smart TVs, dispositivos automotivos, etc; <\/p>\n\n\n\n<p>A interface USB3.0 tem uma velocidade de transmiss\u00e3o te\u00f3rica de at\u00e9 450 Mbps, que \u00e9 muito mais eficiente para transfer\u00eancias de arquivos grandes em compara\u00e7\u00e3o com os 25 Mbps do USB2.0, e \u00e9 adequada para computadores, tablets e outros dispositivos convencionais. Os par\u00e2metros espec\u00edficos s\u00e3o os seguintes:<\/p>\n<\/div>\n<\/div>\n\n\n\n<div style=\"height:30px\" aria-hidden=\"true\" class=\"wp-block-spacer\"><\/div>\n\n\n\n<h2 class=\"wp-block-heading\">Cores da unidade USB m\u00f3vel Caterpillar em PVC<\/h2>\n\n\n\n<div style=\"height:30px\" aria-hidden=\"true\" class=\"wp-block-spacer\"><\/div>\n\n\n\n<p>Em termos de sele\u00e7\u00e3o de cores, a unidade USB m\u00f3vel PVC Caterpillar oferece dois estilos: verde fresco e roxo misterioso. Se os usu\u00e1rios preferem um estilo fresco e natural ou um tom misterioso e elegante, eles podem encontrar sua op\u00e7\u00e3o preferida. Cores personalizadas tamb\u00e9m est\u00e3o dispon\u00edveis, com uma quantidade m\u00ednima de pedido de 100 pe\u00e7as para um \u00fanico estilo.<\/p>\n\n\n\n<p>Em termos de capacidade, ele oferece v\u00e1rias op\u00e7\u00f5es: 16 GB, 32 GB, 64 GB, 128 GB, 256 GB e 512 GB, atendendo facilmente \u00e0s necessidades di\u00e1rias de armazenamento de documentos de trabalho, fotos de estilo de vida ou v\u00eddeos de alta defini\u00e7\u00e3o.<\/p>\n\n\n\n<div style=\"height:30px\" aria-hidden=\"true\" class=\"wp-block-spacer\"><\/div>\n\n\n\n<h2 class=\"wp-block-heading\">A unidade USB m\u00f3vel PVC Caterpillar pode ser personalizada com um logotipo?<\/h2>\n\n\n\n<div class=\"wp-block-columns is-layout-flex wp-container-core-columns-is-layout-28f84493 wp-block-columns-is-layout-flex\">\n<div class=\"wp-block-column is-vertically-aligned-center is-layout-flow wp-block-column-is-layout-flow\">\n<p>Com certeza! Se voc\u00ea quiser tornar esse lindo pen drive mais exclusivo, o pen drive m\u00f3vel Caterpillar em PVC permite a personaliza\u00e7\u00e3o do logotipo. <\/p>\n\n\n\n<p>O logotipo \u00e9 moldado diretamente durante o processo de fabrica\u00e7\u00e3o, adequado para logotipos simples, e pode criar um efeito t\u00e1til c\u00f4ncavo-convexo.<\/p>\n\n\n\n<p>Al\u00e9m disso, a embalagem tamb\u00e9m permite a personaliza\u00e7\u00e3o do logotipo. O saco PP padr\u00e3o \u00e9 simples e pr\u00e1tico, enquanto a embalagem em caixa de ferro \u00e9 requintada e sofisticada. <\/p>\n\n\n\n<p>Seja para uso pessoal para mostrar personalidade ou como presente para transmitir inten\u00e7\u00f5es, ele pode criar uma experi\u00eancia \u00fanica e exclusiva.<\/p>\n<\/div>\n\n\n\n<div class=\"wp-block-column is-layout-flow wp-block-column-is-layout-flow\">\n<figure class=\"wp-block-image aligncenter size-full is-resized\"><img loading=\"lazy\" decoding=\"async\" width=\"750\" height=\"750\" src=\"https:\/\/www.usborkeychain.com\/wp-content\/uploads\/6.jpg\" alt=\"pvc caterpillar cute shape cell phone usb flash drive\" class=\"wp-image-3535\" style=\"object-fit:cover;width:600px;height:600px\" srcset=\"https:\/\/www.usborkeychain.com\/wp-content\/uploads\/6.jpg 750w, https:\/\/www.usborkeychain.com\/wp-content\/uploads\/6-300x300.jpg 300w, https:\/\/www.usborkeychain.com\/wp-content\/uploads\/6-150x150.jpg 150w, https:\/\/www.usborkeychain.com\/wp-content\/uploads\/6-12x12.jpg 12w, https:\/\/www.usborkeychain.com\/wp-content\/uploads\/6-600x600.jpg 600w, https:\/\/www.usborkeychain.com\/wp-content\/uploads\/6-100x100.jpg 100w\" sizes=\"(max-width: 750px) 100vw, 750px\" \/><\/figure>\n<\/div>\n<\/div>\n\n\n\n<p>A unidade USB m\u00f3vel PVC Caterpillar se destaca entre as muitas unidades USB com seu design bonito de desenho animado, material de borracha macia de PVC dur\u00e1vel e de alta qualidade, design pr\u00e1tico de interface dupla, capacidade e op\u00e7\u00f5es de cores variadas e servi\u00e7os de personaliza\u00e7\u00e3o flex\u00edveis.<\/p>\n\n\n\n<p><\/p>","protected":false},"excerpt":{"rendered":"<ul>\n<li>Material de PVC<\/li>\n<li>Estilo rotativo<\/li>\n<li>USB2.0 USB3.0<\/li>\n<li>Logotipo personalizado<\/li>\n<li>MOQ: a quantidade m\u00ednima para pedidos \u00e9 de 100 pe\u00e7as<\/li>\n<li>Faixa de capacidade: 1GB - 1TB<\/li>\n<\/ul>","protected":false},"featured_media":3545,"comment_status":"open","ping_status":"closed","template":"","meta":{"_seopress_robots_primary_cat":"none","_seopress_titles_title":"PVC Cell Phone USB Stick","_seopress_titles_desc":"","_seopress_robots_index":"","site-sidebar-layout":"default","site-content-layout":"","ast-site-content-layout":"","site-content-style":"default","site-sidebar-style":"default","ast-global-header-display":"","ast-banner-title-visibility":"","ast-main-header-display":"","ast-hfb-above-header-display":"","ast-hfb-below-header-display":"","ast-hfb-mobile-header-display":"","site-post-title":"","ast-breadcrumbs-content":"","ast-featured-img":"","footer-sml-layout":"","theme-transparent-header-meta":"","adv-header-id-meta":"","stick-header-meta":"","header-above-stick-meta":"","header-main-stick-meta":"","header-below-stick-meta":"","astra-migrate-meta-layouts":"default","ast-page-background-enabled":"default","ast-page-background-meta":{"desktop":{"background-color":"var(--ast-global-color-5)","background-image":"","background-repeat":"repeat","background-position":"center center","background-size":"auto","background-attachment":"scroll","background-type":"","background-media":"","overlay-type":"","overlay-color":"","overlay-opacity":"","overlay-gradient":""},"tablet":{"background-color":"","background-image":"","background-repeat":"repeat","background-position":"center center","background-size":"auto","background-attachment":"scroll","background-type":"","background-media":"","overlay-type":"","overlay-color":"","overlay-opacity":"","overlay-gradient":""},"mobile":{"background-color":"","background-image":"","background-repeat":"repeat","background-position":"center center","background-size":"auto","background-attachment":"scroll","background-type":"","background-media":"","overlay-type":"","overlay-color":"","overlay-opacity":"","overlay-gradient":""}},"ast-content-background-meta":{"desktop":{"background-color":"var(--ast-global-color-4)","background-image":"","background-repeat":"repeat","background-position":"center center","background-size":"auto","background-attachment":"scroll","background-type":"","background-media":"","overlay-type":"","overlay-color":"","overlay-opacity":"","overlay-gradient":""},"tablet":{"background-color":"var(--ast-global-color-4)","background-image":"","background-repeat":"repeat","background-position":"center center","background-size":"auto","background-attachment":"scroll","background-type":"","background-media":"","overlay-type":"","overlay-color":"","overlay-opacity":"","overlay-gradient":""},"mobile":{"background-color":"var(--ast-global-color-4)","background-image":"","background-repeat":"repeat","background-position":"center center","background-size":"auto","background-attachment":"scroll","background-type":"","background-media":"","overlay-type":"","overlay-color":"","overlay-opacity":"","overlay-gradient":""}}},"product_brand":[],"product_cat":[112,94,105],"product_tag":[191,192],"class_list":{"0":"post-3532","1":"product","2":"type-product","3":"status-publish","4":"has-post-thumbnail","6":"product_cat-cartton-usb-pendrive","7":"product_cat-pvc-usb-pendrive","8":"product_cat-usb-c-pendrive","9":"product_tag-pvc-usb-stick","10":"product_tag-usb-flash-drive-for-iphone","11":"desktop-align-left","12":"tablet-align-left","13":"mobile-align-left","15":"first","16":"instock","17":"shipping-taxable","18":"product-type-simple"},"_links":{"self":[{"href":"https:\/\/www.usborkeychain.com\/pt\/wp-json\/wp\/v2\/product\/3532","targetHints":{"allow":["GET"]}}],"collection":[{"href":"https:\/\/www.usborkeychain.com\/pt\/wp-json\/wp\/v2\/product"}],"about":[{"href":"https:\/\/www.usborkeychain.com\/pt\/wp-json\/wp\/v2\/types\/product"}],"replies":[{"embeddable":true,"href":"https:\/\/www.usborkeychain.com\/pt\/wp-json\/wp\/v2\/comments?post=3532"}],"wp:featuredmedia":[{"embeddable":true,"href":"https:\/\/www.usborkeychain.com\/pt\/wp-json\/wp\/v2\/media\/3545"}],"wp:attachment":[{"href":"https:\/\/www.usborkeychain.com\/pt\/wp-json\/wp\/v2\/media?parent=3532"}],"wp:term":[{"taxonomy":"product_brand","embeddable":true,"href":"https:\/\/www.usborkeychain.com\/pt\/wp-json\/wp\/v2\/product_brand?post=3532"},{"taxonomy":"product_cat","embeddable":true,"href":"https:\/\/www.usborkeychain.com\/pt\/wp-json\/wp\/v2\/product_cat?post=3532"},{"taxonomy":"product_tag","embeddable":true,"href":"https:\/\/www.usborkeychain.com\/pt\/wp-json\/wp\/v2\/product_tag?post=3532"}],"curies":[{"name":"wp","href":"https:\/\/api.w.org\/{rel}","templated":true}]}}