{"id":3548,"date":"2025-06-27T02:39:22","date_gmt":"2025-06-27T02:39:22","guid":{"rendered":"https:\/\/www.usborkeychain.com\/?post_type=product&#038;p=3548"},"modified":"2025-07-08T01:53:19","modified_gmt":"2025-07-08T01:53:19","slug":"halloween-pvc-cartoon-usb-flash-drive","status":"publish","type":"product","link":"https:\/\/www.usborkeychain.com\/pt\/produto\/halloween-pvc-cartoon-usb-flash-drive\/","title":{"rendered":"Unidade flash USB em formato de c\u00e9rebro\/pulm\u00e3o\/rim"},"content":{"rendered":"<h2 class=\"wp-block-heading\">Unidade flash USB em formato de c\u00e9rebro<\/h2>\n\n\n\n<div class=\"wp-block-columns is-layout-flex wp-container-core-columns-is-layout-28f84493 wp-block-columns-is-layout-flex\">\n<div class=\"wp-block-column is-layout-flow wp-block-column-is-layout-flow\">\n<figure class=\"wp-block-image aligncenter size-full is-resized\"><img fetchpriority=\"high\" decoding=\"async\" width=\"800\" height=\"800\" src=\"https:\/\/www.usborkeychain.com\/wp-content\/uploads\/Brain-Shape-USB-Flash-Drive.jpg\" alt=\"Brain Shape USB Flash Drive\" class=\"wp-image-3552\" style=\"object-fit:cover;width:600px;height:600px\" srcset=\"https:\/\/www.usborkeychain.com\/wp-content\/uploads\/Brain-Shape-USB-Flash-Drive.jpg 800w, https:\/\/www.usborkeychain.com\/wp-content\/uploads\/Brain-Shape-USB-Flash-Drive-300x300.jpg 300w, https:\/\/www.usborkeychain.com\/wp-content\/uploads\/Brain-Shape-USB-Flash-Drive-150x150.jpg 150w, https:\/\/www.usborkeychain.com\/wp-content\/uploads\/Brain-Shape-USB-Flash-Drive-768x768.jpg 768w, https:\/\/www.usborkeychain.com\/wp-content\/uploads\/Brain-Shape-USB-Flash-Drive-12x12.jpg 12w, https:\/\/www.usborkeychain.com\/wp-content\/uploads\/Brain-Shape-USB-Flash-Drive-600x600.jpg 600w, https:\/\/www.usborkeychain.com\/wp-content\/uploads\/Brain-Shape-USB-Flash-Drive-100x100.jpg 100w\" sizes=\"(max-width: 800px) 100vw, 800px\" \/><\/figure>\n<\/div>\n\n\n\n<div class=\"wp-block-column is-vertically-aligned-center is-layout-flow wp-block-column-is-layout-flow\">\n<p>O pen drive em forma de c\u00e9rebro apresenta uma r\u00e9plica precisa do c\u00e9rebro humano, com padr\u00f5es claros de interse\u00e7\u00e3o de giros e sulcos em uma base branco-acinzentada, acentuada por estranhos vasos sangu\u00edneos roxos, como se contivesse um misterioso poder mental. <\/p>\n\n\n\n<p>A superf\u00edcie \u00e9 feita de material de PVC fosco, o que n\u00e3o apenas d\u00e1 uma sensa\u00e7\u00e3o de realismo, mas tamb\u00e9m evita efetivamente res\u00edduos de impress\u00f5es digitais. <\/p>\n\n\n\n<p>As institui\u00e7\u00f5es de treinamento educacional e as empresas de tecnologia costumam personaliz\u00e1-lo como brindes de eventos para alunos ou participantes, adequando-se \u00e0 atmosfera do Dia das Bruxas e, ao mesmo tempo, implicando a explora\u00e7\u00e3o e a busca da sabedoria, inspirando o desejo de conhecimento dos destinat\u00e1rios.<\/p>\n<\/div>\n<\/div>\n\n\n\n<div style=\"height:38px\" aria-hidden=\"true\" class=\"wp-block-spacer\"><\/div>\n\n\n\n<h2 class=\"wp-block-heading\">Unidade flash USB em formato de cora\u00e7\u00e3o<\/h2>\n\n\n\n<div class=\"wp-block-columns is-layout-flex wp-container-core-columns-is-layout-28f84493 wp-block-columns-is-layout-flex\">\n<div class=\"wp-block-column is-vertically-aligned-center is-layout-flow wp-block-column-is-layout-flow\">\n<p>Isso <a href=\"https:\/\/www.usborkeychain.com\/etiqueta-producto\/heart-shaped-usb-flash-drive\/\">Pen drive USB em formato de cora\u00e7\u00e3o<\/a> apresenta um tom principal vermelho vivo, restaurando de forma realista a estrutura tridimensional do cora\u00e7\u00e3o.<\/p>\n\n\n\n<p>A textura ondulante do mioc\u00e1rdio e a interse\u00e7\u00e3o dos vasos arteriais na superf\u00edcie parecem estar prestes a bater no segundo seguinte. <\/p>\n\n\n\n<p>O material de PVC macio lhe confere uma leve elasticidade, semelhante ao toque de um cora\u00e7\u00e3o de verdade. <\/p>\n\n\n\n<p>As empresas de planejamento de casamentos e as marcas de produtos de sa\u00fade est\u00e3o interessadas em personalizar esse pen drive para uso em atividades de Halloween ou promo\u00e7\u00e3o da marca, transmitindo a paix\u00e3o e a vitalidade da vida e implicando a preocupa\u00e7\u00e3o da marca com a sa\u00fade e a vida melhor dos usu\u00e1rios.<\/p>\n<\/div>\n\n\n\n<div class=\"wp-block-column is-layout-flow wp-block-column-is-layout-flow\">\n<figure class=\"wp-block-image aligncenter size-full is-resized\"><img decoding=\"async\" width=\"800\" height=\"800\" src=\"https:\/\/www.usborkeychain.com\/wp-content\/uploads\/Heart-Shape-USB-Flash-Drive.jpg\" alt=\"Heart Shape USB Flash Drive\" class=\"wp-image-3554\" style=\"object-fit:cover;width:600px;height:600px\" srcset=\"https:\/\/www.usborkeychain.com\/wp-content\/uploads\/Heart-Shape-USB-Flash-Drive.jpg 800w, https:\/\/www.usborkeychain.com\/wp-content\/uploads\/Heart-Shape-USB-Flash-Drive-300x300.jpg 300w, https:\/\/www.usborkeychain.com\/wp-content\/uploads\/Heart-Shape-USB-Flash-Drive-150x150.jpg 150w, https:\/\/www.usborkeychain.com\/wp-content\/uploads\/Heart-Shape-USB-Flash-Drive-768x768.jpg 768w, https:\/\/www.usborkeychain.com\/wp-content\/uploads\/Heart-Shape-USB-Flash-Drive-12x12.jpg 12w, https:\/\/www.usborkeychain.com\/wp-content\/uploads\/Heart-Shape-USB-Flash-Drive-600x600.jpg 600w, https:\/\/www.usborkeychain.com\/wp-content\/uploads\/Heart-Shape-USB-Flash-Drive-100x100.jpg 100w\" sizes=\"(max-width: 800px) 100vw, 800px\" \/><\/figure>\n<\/div>\n<\/div>\n\n\n\n<h2 class=\"wp-block-heading\">Unidade flash USB em formato de pulm\u00e3o<\/h2>\n\n\n\n<div class=\"wp-block-columns is-layout-flex wp-container-core-columns-is-layout-28f84493 wp-block-columns-is-layout-flex\">\n<div class=\"wp-block-column is-layout-flow wp-block-column-is-layout-flow\">\n<figure class=\"wp-block-image aligncenter size-full is-resized\"><img decoding=\"async\" width=\"800\" height=\"800\" src=\"https:\/\/www.usborkeychain.com\/wp-content\/uploads\/Lung-Shape-USB-Flash-Drive.jpg\" alt=\"Lung Shape USB Flash Drive\" class=\"wp-image-3557\" style=\"object-fit:cover;width:600px;height:600px\" srcset=\"https:\/\/www.usborkeychain.com\/wp-content\/uploads\/Lung-Shape-USB-Flash-Drive.jpg 800w, https:\/\/www.usborkeychain.com\/wp-content\/uploads\/Lung-Shape-USB-Flash-Drive-300x300.jpg 300w, https:\/\/www.usborkeychain.com\/wp-content\/uploads\/Lung-Shape-USB-Flash-Drive-150x150.jpg 150w, https:\/\/www.usborkeychain.com\/wp-content\/uploads\/Lung-Shape-USB-Flash-Drive-768x768.jpg 768w, https:\/\/www.usborkeychain.com\/wp-content\/uploads\/Lung-Shape-USB-Flash-Drive-12x12.jpg 12w, https:\/\/www.usborkeychain.com\/wp-content\/uploads\/Lung-Shape-USB-Flash-Drive-600x600.jpg 600w, https:\/\/www.usborkeychain.com\/wp-content\/uploads\/Lung-Shape-USB-Flash-Drive-100x100.jpg 100w\" sizes=\"(max-width: 800px) 100vw, 800px\" \/><\/figure>\n<\/div>\n\n\n\n<div class=\"wp-block-column is-vertically-aligned-center is-layout-flow wp-block-column-is-layout-flow\">\n<p>O <a href=\"https:\/\/www.usborkeychain.com\/etiqueta-producto\/lung-shape-usb-drive\/\">Unidade flash USB em forma de pulm\u00e3o<\/a> \u00e9 principalmente preto-acinzentado, imitando as dobras e a estrutura alveolar dos pulm\u00f5es.<\/p>\n\n\n\n<p>As sali\u00eancias irregulares e os pequenos orif\u00edcios na superf\u00edcie criam um efeito visual estranho e chocante. O material de PVC fosco faz com que o drive USB inteiro pare\u00e7a mais realista e cheio de mist\u00e9rio. <\/p>\n\n\n\n<p>As organiza\u00e7\u00f5es de bem-estar p\u00fablico de prote\u00e7\u00e3o ambiental e as institui\u00e7\u00f5es m\u00e9dicas respirat\u00f3rias o personalizar\u00e3o como brindes promocionais, distribu\u00eddos durante as atividades de Halloween, o que n\u00e3o apenas se encaixa no tema do festival, mas tamb\u00e9m atrai a aten\u00e7\u00e3o do p\u00fablico por meio do formato exclusivo para promover conceitos de prote\u00e7\u00e3o ambiental ou conhecimento sobre sa\u00fade respirat\u00f3ria.<\/p>\n<\/div>\n<\/div>\n\n\n\n<div style=\"height:43px\" aria-hidden=\"true\" class=\"wp-block-spacer\"><\/div>\n\n\n\n<h2 class=\"wp-block-heading\">Unidade flash USB em formato de rim<\/h2>\n\n\n\n<div class=\"wp-block-columns is-layout-flex wp-container-core-columns-is-layout-28f84493 wp-block-columns-is-layout-flex\">\n<div class=\"wp-block-column is-vertically-aligned-center is-layout-flow wp-block-column-is-layout-flow\">\n<p>O <a href=\"https:\/\/www.usborkeychain.com\/etiqueta-producto\/kidney-usb-drive\/\">Unidade flash USB em formato de rim<\/a> Quebra as conven\u00e7\u00f5es com um design de bloco de cores laranja-azul brilhante.<\/p>\n\n\n\n<p>O formato exclusivo com bordas arredondadas combina um senso de moda e divers\u00e3o. <\/p>\n\n\n\n<p>A superf\u00edcie brilhante do material de PVC faz com que a unidade USB brilhe sob a luz. <\/p>\n\n\n\n<p>As empresas de pesquisa e desenvolvimento do setor farmac\u00eautico e os clubes de sa\u00fade costumam personaliz\u00e1-lo como brindes para os clientes durante as atividades de Halloween, o que pode n\u00e3o apenas transmitir informa\u00e7\u00f5es sobre a marca, mas tamb\u00e9m atrair a aten\u00e7\u00e3o dos clientes com seu formato exclusivo, lembrando a todos que devem prestar aten\u00e7\u00e3o \u00e0 sa\u00fade dos rins, o que \u00e9 pr\u00e1tico e promocional.<\/p>\n<\/div>\n\n\n\n<div class=\"wp-block-column is-layout-flow wp-block-column-is-layout-flow\">\n<figure class=\"wp-block-image aligncenter size-full is-resized\"><img loading=\"lazy\" decoding=\"async\" width=\"800\" height=\"800\" src=\"https:\/\/www.usborkeychain.com\/wp-content\/uploads\/Kidney-Shape-USB-Flash-Drive-1.jpg\" alt=\"Kidney Shape USB Flash Drive\" class=\"wp-image-3560\" style=\"object-fit:cover;width:600px;height:600px\" srcset=\"https:\/\/www.usborkeychain.com\/wp-content\/uploads\/Kidney-Shape-USB-Flash-Drive-1.jpg 800w, https:\/\/www.usborkeychain.com\/wp-content\/uploads\/Kidney-Shape-USB-Flash-Drive-1-300x300.jpg 300w, https:\/\/www.usborkeychain.com\/wp-content\/uploads\/Kidney-Shape-USB-Flash-Drive-1-150x150.jpg 150w, https:\/\/www.usborkeychain.com\/wp-content\/uploads\/Kidney-Shape-USB-Flash-Drive-1-768x768.jpg 768w, https:\/\/www.usborkeychain.com\/wp-content\/uploads\/Kidney-Shape-USB-Flash-Drive-1-12x12.jpg 12w, https:\/\/www.usborkeychain.com\/wp-content\/uploads\/Kidney-Shape-USB-Flash-Drive-1-600x600.jpg 600w, https:\/\/www.usborkeychain.com\/wp-content\/uploads\/Kidney-Shape-USB-Flash-Drive-1-100x100.jpg 100w\" sizes=\"(max-width: 800px) 100vw, 800px\" \/><\/figure>\n<\/div>\n<\/div>\n\n\n\n<p>As empresas ou institui\u00e7\u00f5es de diversas \u00e1reas, como educa\u00e7\u00e3o, casamentos, prote\u00e7\u00e3o ambiental e medicina, podem atingir o duplo objetivo de promover a marca e presentear em atividades personalizando esse pen drive, acrescentando uma atmosfera festiva exclusiva ao evento e oferecendo aos usu\u00e1rios itens de armazenamento com criatividade e valor pr\u00e1tico.<\/p>\n\n\n\n<div class=\"wp-block-columns is-layout-flex wp-container-core-columns-is-layout-28f84493 wp-block-columns-is-layout-flex\">\n<div class=\"wp-block-column is-layout-flow wp-block-column-is-layout-flow\">\n<figure class=\"wp-block-image size-full\"><img loading=\"lazy\" decoding=\"async\" width=\"800\" height=\"800\" src=\"https:\/\/www.usborkeychain.com\/wp-content\/uploads\/brian-lung-shapd-usb-drive.jpg\" alt=\"brian-lung-shapd-usb-drive\" class=\"wp-image-3595\" srcset=\"https:\/\/www.usborkeychain.com\/wp-content\/uploads\/brian-lung-shapd-usb-drive.jpg 800w, https:\/\/www.usborkeychain.com\/wp-content\/uploads\/brian-lung-shapd-usb-drive-300x300.jpg 300w, https:\/\/www.usborkeychain.com\/wp-content\/uploads\/brian-lung-shapd-usb-drive-150x150.jpg 150w, https:\/\/www.usborkeychain.com\/wp-content\/uploads\/brian-lung-shapd-usb-drive-768x768.jpg 768w, https:\/\/www.usborkeychain.com\/wp-content\/uploads\/brian-lung-shapd-usb-drive-12x12.jpg 12w, https:\/\/www.usborkeychain.com\/wp-content\/uploads\/brian-lung-shapd-usb-drive-600x600.jpg 600w, https:\/\/www.usborkeychain.com\/wp-content\/uploads\/brian-lung-shapd-usb-drive-100x100.jpg 100w\" sizes=\"(max-width: 800px) 100vw, 800px\" \/><\/figure>\n<\/div>\n\n\n\n<div class=\"wp-block-column is-layout-flow wp-block-column-is-layout-flow\">\n<figure class=\"wp-block-image size-full\"><img loading=\"lazy\" decoding=\"async\" width=\"800\" height=\"800\" src=\"https:\/\/www.usborkeychain.com\/wp-content\/uploads\/O1CN01YJLqFT1vMsHYvIPLi_2216936226159-0-cib.jpg\" alt=\"pvc cartoon flash drive\" class=\"wp-image-3565\" srcset=\"https:\/\/www.usborkeychain.com\/wp-content\/uploads\/O1CN01YJLqFT1vMsHYvIPLi_2216936226159-0-cib.jpg 800w, https:\/\/www.usborkeychain.com\/wp-content\/uploads\/O1CN01YJLqFT1vMsHYvIPLi_2216936226159-0-cib-300x300.jpg 300w, https:\/\/www.usborkeychain.com\/wp-content\/uploads\/O1CN01YJLqFT1vMsHYvIPLi_2216936226159-0-cib-150x150.jpg 150w, https:\/\/www.usborkeychain.com\/wp-content\/uploads\/O1CN01YJLqFT1vMsHYvIPLi_2216936226159-0-cib-768x768.jpg 768w, https:\/\/www.usborkeychain.com\/wp-content\/uploads\/O1CN01YJLqFT1vMsHYvIPLi_2216936226159-0-cib-12x12.jpg 12w, https:\/\/www.usborkeychain.com\/wp-content\/uploads\/O1CN01YJLqFT1vMsHYvIPLi_2216936226159-0-cib-600x600.jpg 600w, https:\/\/www.usborkeychain.com\/wp-content\/uploads\/O1CN01YJLqFT1vMsHYvIPLi_2216936226159-0-cib-100x100.jpg 100w\" sizes=\"(max-width: 800px) 100vw, 800px\" \/><\/figure>\n<\/div>\n<\/div>\n\n\n\n<p>Com capacidades flex\u00edveis de 1 GB a 1 TB, esquemas de cores diversificados, moldagem de logotipo personalizado e embalagem para festivais, ele pode n\u00e3o apenas atender \u00e0 exibi\u00e7\u00e3o pessoal, mas tamb\u00e9m garantir o armazenamento seguro de dados.<\/p>","protected":false},"excerpt":{"rendered":"<ul>\n<li>Material de PVC<\/li>\n<li>Brian, pulm\u00e3o, rins, desenho de sheapd<\/li>\n<li>Amostra de taxa de molde $50<\/li>\n<li>Molde de PVC em 3 dias<\/li>\n<li>MOQ: 100 pe\u00e7as<\/li>\n<li>Faixa de capacidade: 1GB - 1TB<\/li>\n<\/ul>","protected":false},"featured_media":3595,"comment_status":"open","ping_status":"closed","template":"","meta":{"_seopress_robots_primary_cat":"none","_seopress_titles_title":"","_seopress_titles_desc":"","_seopress_robots_index":"","site-sidebar-layout":"default","site-content-layout":"","ast-site-content-layout":"","site-content-style":"default","site-sidebar-style":"default","ast-global-header-display":"","ast-banner-title-visibility":"","ast-main-header-display":"","ast-hfb-above-header-display":"","ast-hfb-below-header-display":"","ast-hfb-mobile-header-display":"","site-post-title":"","ast-breadcrumbs-content":"","ast-featured-img":"","footer-sml-layout":"","theme-transparent-header-meta":"","adv-header-id-meta":"","stick-header-meta":"","header-above-stick-meta":"","header-main-stick-meta":"","header-below-stick-meta":"","astra-migrate-meta-layouts":"default","ast-page-background-enabled":"default","ast-page-background-meta":{"desktop":{"background-color":"var(--ast-global-color-5)","background-image":"","background-repeat":"repeat","background-position":"center center","background-size":"auto","background-attachment":"scroll","background-type":"","background-media":"","overlay-type":"","overlay-color":"","overlay-opacity":"","overlay-gradient":""},"tablet":{"background-color":"","background-image":"","background-repeat":"repeat","background-position":"center center","background-size":"auto","background-attachment":"scroll","background-type":"","background-media":"","overlay-type":"","overlay-color":"","overlay-opacity":"","overlay-gradient":""},"mobile":{"background-color":"","background-image":"","background-repeat":"repeat","background-position":"center center","background-size":"auto","background-attachment":"scroll","background-type":"","background-media":"","overlay-type":"","overlay-color":"","overlay-opacity":"","overlay-gradient":""}},"ast-content-background-meta":{"desktop":{"background-color":"var(--ast-global-color-4)","background-image":"","background-repeat":"repeat","background-position":"center center","background-size":"auto","background-attachment":"scroll","background-type":"","background-media":"","overlay-type":"","overlay-color":"","overlay-opacity":"","overlay-gradient":""},"tablet":{"background-color":"var(--ast-global-color-4)","background-image":"","background-repeat":"repeat","background-position":"center center","background-size":"auto","background-attachment":"scroll","background-type":"","background-media":"","overlay-type":"","overlay-color":"","overlay-opacity":"","overlay-gradient":""},"mobile":{"background-color":"var(--ast-global-color-4)","background-image":"","background-repeat":"repeat","background-position":"center center","background-size":"auto","background-attachment":"scroll","background-type":"","background-media":"","overlay-type":"","overlay-color":"","overlay-opacity":"","overlay-gradient":""}}},"product_brand":[],"product_cat":[112,94],"product_tag":[197,196,195],"class_list":{"0":"post-3548","1":"product","2":"type-product","3":"status-publish","4":"has-post-thumbnail","6":"product_cat-cartton-usb-pendrive","7":"product_cat-pvc-usb-pendrive","8":"product_tag-heart-shaped-usb-flash-drive","9":"product_tag-kidney-usb-drive","10":"product_tag-lung-shape-usb-drive","11":"desktop-align-left","12":"tablet-align-left","13":"mobile-align-left","15":"first","16":"instock","17":"shipping-taxable","18":"product-type-simple"},"_links":{"self":[{"href":"https:\/\/www.usborkeychain.com\/pt\/wp-json\/wp\/v2\/product\/3548","targetHints":{"allow":["GET"]}}],"collection":[{"href":"https:\/\/www.usborkeychain.com\/pt\/wp-json\/wp\/v2\/product"}],"about":[{"href":"https:\/\/www.usborkeychain.com\/pt\/wp-json\/wp\/v2\/types\/product"}],"replies":[{"embeddable":true,"href":"https:\/\/www.usborkeychain.com\/pt\/wp-json\/wp\/v2\/comments?post=3548"}],"wp:featuredmedia":[{"embeddable":true,"href":"https:\/\/www.usborkeychain.com\/pt\/wp-json\/wp\/v2\/media\/3595"}],"wp:attachment":[{"href":"https:\/\/www.usborkeychain.com\/pt\/wp-json\/wp\/v2\/media?parent=3548"}],"wp:term":[{"taxonomy":"product_brand","embeddable":true,"href":"https:\/\/www.usborkeychain.com\/pt\/wp-json\/wp\/v2\/product_brand?post=3548"},{"taxonomy":"product_cat","embeddable":true,"href":"https:\/\/www.usborkeychain.com\/pt\/wp-json\/wp\/v2\/product_cat?post=3548"},{"taxonomy":"product_tag","embeddable":true,"href":"https:\/\/www.usborkeychain.com\/pt\/wp-json\/wp\/v2\/product_tag?post=3548"}],"curies":[{"name":"wp","href":"https:\/\/api.w.org\/{rel}","templated":true}]}}